{"id":98981,"date":"2020-12-17T23:00:24","date_gmt":"2020-12-18T07:00:24","guid":{"rendered":"https:\/\/www.mercadokeys.com\/product\/endzone-a-world-apart-steam-cd-key\/"},"modified":"2022-06-28T06:24:08","modified_gmt":"2022-06-28T13:24:08","slug":"endzone-a-world-apart-steam-cd-key","status":"publish","type":"product","link":"https:\/\/www.mercadokeys.com.mx\/eng\/product\/endzone-a-world-apart-steam-cd-key\/","title":{"rendered":"Endzone &#8211; A World Apart Steam CD Key"},"content":{"rendered":"<p><span style=\"vertical-align: inherit\"><span class=\"\" style=\"vertical-align: inherit\">Endzone es un constructor de ciudades de supervivencia postapocal\u00edptico, donde comienzas una nueva civilizaci\u00f3n con un grupo de personas despu\u00e9s de un desastre nuclear global. <\/span><span class=\"\" style=\"vertical-align: inherit\">Constr\u00fayelos un nuevo hogar y aseg\u00farate de que sobrevivan en un mundo destrozado. Amenazado por la radiaci\u00f3n constante, la lluvia t\u00f3xica, las tormentas de arena y las sequ\u00edas.<\/span><\/span><\/p>","protected":false},"excerpt":{"rendered":"<p>Endzone es un constructor de ciudades de supervivencia postapocal\u00edptico, donde comienzas una nueva civilizaci\u00f3n con un grupo de personas despu\u00e9s de un desastre nuclear global. Constr\u00fayelos un nuevo hogar y aseg\u00farate de que sobrevivan en un mundo destrozado. Amenazado por la radiaci\u00f3n constante, la lluvia t\u00f3xica, las tormentas de arena y las sequ\u00edas.<\/p>","protected":false},"featured_media":98991,"template":"","meta":{"_monsterinsights_skip_tracking":false,"_monsterinsights_sitenote_active":false,"_monsterinsights_sitenote_note":"","_monsterinsights_sitenote_category":0},"product_brand":[],"product_cat":[2981,1271,1283,1280,1273,1393,1423],"product_tag":[2203,2202,2201,1526],"class_list":{"0":"post-98981","1":"product","2":"type-product","3":"status-publish","4":"has-post-thumbnail","6":"product_cat-destacados","7":"product_cat-tienda-de-videojuegos-tijuana-mexico","8":"product_cat-tienda-de-videojuegos-plataformas-tijuana-mexico","9":"product_cat-tienda-de-videojuegos-pc-tijuana-mexico","10":"product_cat-tienda-de-videojuegos-steam-key-tijuana-mexico","11":"product_cat-tienda-de-videojuegos-indie-tijuana-mexico","12":"product_cat-tienda-de-videojuegos-nuevos-lanzamientos-tijuana-mexico","13":"product_tag-endzone","14":"product_tag-endzone-a-world-apart","15":"product_tag-endzone-a-world-apart-steam","16":"product_tag-steam","18":"first","19":"instock","20":"shipping-taxable","21":"purchasable","22":"product-type-simple"},"yoast_head":"<!-- This site is optimized with the Yoast SEO plugin v27.0 - https:\/\/yoast.com\/product\/yoast-seo-wordpress\/ -->\n<title>Endzone - A World Apart Steam CD Key - MERCADOKEYS<\/title>\n<meta name=\"description\" content=\"Endzone es un constructor de ciudades de supervivencia postapocal\u00edptico, donde comienzas una nueva civilizaci\u00f3n con un grupo de personas\" \/>\n<meta name=\"robots\" content=\"index, follow, max-snippet:-1, max-image-preview:large, max-video-preview:-1\" \/>\n<link rel=\"canonical\" href=\"https:\/\/www.mercadokeys.com\/product\/endzone-a-world-apart-steam-cd-key\/\" \/>\n<meta property=\"og:locale\" content=\"en_GB\" \/>\n<meta property=\"og:type\" content=\"article\" \/>\n<meta property=\"og:title\" content=\"Endzone - A World Apart Steam CD Key - MERCADOKEYS\" \/>\n<meta property=\"og:description\" content=\"Endzone es un constructor de ciudades de supervivencia postapocal\u00edptico, donde comienzas una nueva civilizaci\u00f3n con un grupo de personas\" \/>\n<meta property=\"og:url\" content=\"https:\/\/www.mercadokeys.com\/product\/endzone-a-world-apart-steam-cd-key\/\" \/>\n<meta property=\"og:site_name\" content=\"MERCADOKEYS\" \/>\n<meta property=\"article:modified_time\" content=\"2022-06-28T13:24:08+00:00\" \/>\n<meta property=\"og:image\" content=\"https:\/\/www.mercadokeys.com\/wp-content\/uploads\/2020\/12\/endzone-a-world-apart_cover_original.jpg\" \/>\n\t<meta property=\"og:image:width\" content=\"590\" \/>\n\t<meta property=\"og:image:height\" content=\"786\" \/>\n\t<meta property=\"og:image:type\" content=\"image\/jpeg\" \/>\n<meta name=\"twitter:card\" content=\"summary_large_image\" \/>\n<meta name=\"twitter:label1\" content=\"Estimated reading time\" \/>\n\t<meta name=\"twitter:data1\" content=\"1 minute\" \/>\n<script type=\"application\/ld+json\" class=\"yoast-schema-graph\">{\"@context\":\"https:\/\/schema.org\",\"@graph\":[{\"@type\":\"WebPage\",\"@id\":\"https:\/\/www.mercadokeys.com\/product\/endzone-a-world-apart-steam-cd-key\/\",\"url\":\"https:\/\/www.mercadokeys.com\/product\/endzone-a-world-apart-steam-cd-key\/\",\"name\":\"Endzone - A World Apart Steam CD Key - MERCADOKEYS\",\"isPartOf\":{\"@id\":\"https:\/\/www.mercadokeys.com\/eng\/#website\"},\"primaryImageOfPage\":{\"@id\":\"https:\/\/www.mercadokeys.com\/product\/endzone-a-world-apart-steam-cd-key\/#primaryimage\"},\"image\":{\"@id\":\"https:\/\/www.mercadokeys.com\/product\/endzone-a-world-apart-steam-cd-key\/#primaryimage\"},\"thumbnailUrl\":\"https:\/\/www.mercadokeys.com.mx\/wp-content\/uploads\/2020\/12\/endzone-a-world-apart_cover_original.jpg\",\"datePublished\":\"2020-12-18T07:00:24+00:00\",\"dateModified\":\"2022-06-28T13:24:08+00:00\",\"description\":\"Endzone es un constructor de ciudades de supervivencia postapocal\u00edptico, donde comienzas una nueva civilizaci\u00f3n con un grupo de personas\",\"breadcrumb\":{\"@id\":\"https:\/\/www.mercadokeys.com\/product\/endzone-a-world-apart-steam-cd-key\/#breadcrumb\"},\"inLanguage\":\"en-GB\",\"potentialAction\":[{\"@type\":\"ReadAction\",\"target\":[\"https:\/\/www.mercadokeys.com\/product\/endzone-a-world-apart-steam-cd-key\/\"]}]},{\"@type\":\"ImageObject\",\"inLanguage\":\"en-GB\",\"@id\":\"https:\/\/www.mercadokeys.com\/product\/endzone-a-world-apart-steam-cd-key\/#primaryimage\",\"url\":\"https:\/\/www.mercadokeys.com.mx\/wp-content\/uploads\/2020\/12\/endzone-a-world-apart_cover_original.jpg\",\"contentUrl\":\"https:\/\/www.mercadokeys.com.mx\/wp-content\/uploads\/2020\/12\/endzone-a-world-apart_cover_original.jpg\",\"width\":590,\"height\":786,\"caption\":\"Endzone es un constructor de ciudades de supervivencia postapocal\u00edptico, donde comienzas una nueva civilizaci\u00f3n con un grupo de personas\"},{\"@type\":\"BreadcrumbList\",\"@id\":\"https:\/\/www.mercadokeys.com\/product\/endzone-a-world-apart-steam-cd-key\/#breadcrumb\",\"itemListElement\":[{\"@type\":\"ListItem\",\"position\":1,\"name\":\"Inicio\",\"item\":\"https:\/\/www.mercadokeys.com.mx\/\"},{\"@type\":\"ListItem\",\"position\":2,\"name\":\"Tienda\",\"item\":\"https:\/\/www.mercadokeys.com\/shop\/\"},{\"@type\":\"ListItem\",\"position\":3,\"name\":\"Endzone &#8211; A World Apart Steam CD Key\"}]},{\"@type\":\"WebSite\",\"@id\":\"https:\/\/www.mercadokeys.com\/eng\/#website\",\"url\":\"https:\/\/www.mercadokeys.com\/eng\/\",\"name\":\"MERCADOKEYS\",\"description\":\"Tu Tienda de videojuegos digitales en Mexico!\",\"potentialAction\":[{\"@type\":\"SearchAction\",\"target\":{\"@type\":\"EntryPoint\",\"urlTemplate\":\"https:\/\/www.mercadokeys.com\/eng\/?s={search_term_string}\"},\"query-input\":{\"@type\":\"PropertyValueSpecification\",\"valueRequired\":true,\"valueName\":\"search_term_string\"}}],\"inLanguage\":\"en-GB\"}]}<\/script>\n<!-- \/ Yoast SEO plugin. -->","yoast_head_json":{"title":"Endzone - A World Apart Steam CD Key - MERCADOKEYS","description":"Endzone es un constructor de ciudades de supervivencia postapocal\u00edptico, donde comienzas una nueva civilizaci\u00f3n con un grupo de personas","robots":{"index":"index","follow":"follow","max-snippet":"max-snippet:-1","max-image-preview":"max-image-preview:large","max-video-preview":"max-video-preview:-1"},"canonical":"https:\/\/www.mercadokeys.com\/product\/endzone-a-world-apart-steam-cd-key\/","og_locale":"en_GB","og_type":"article","og_title":"Endzone - A World Apart Steam CD Key - MERCADOKEYS","og_description":"Endzone es un constructor de ciudades de supervivencia postapocal\u00edptico, donde comienzas una nueva civilizaci\u00f3n con un grupo de personas","og_url":"https:\/\/www.mercadokeys.com\/product\/endzone-a-world-apart-steam-cd-key\/","og_site_name":"MERCADOKEYS","article_modified_time":"2022-06-28T13:24:08+00:00","og_image":[{"width":590,"height":786,"url":"https:\/\/www.mercadokeys.com\/wp-content\/uploads\/2020\/12\/endzone-a-world-apart_cover_original.jpg","type":"image\/jpeg"}],"twitter_card":"summary_large_image","twitter_misc":{"Estimated reading time":"1 minute"},"schema":{"@context":"https:\/\/schema.org","@graph":[{"@type":"WebPage","@id":"https:\/\/www.mercadokeys.com\/product\/endzone-a-world-apart-steam-cd-key\/","url":"https:\/\/www.mercadokeys.com\/product\/endzone-a-world-apart-steam-cd-key\/","name":"Endzone - A World Apart Steam CD Key - MERCADOKEYS","isPartOf":{"@id":"https:\/\/www.mercadokeys.com\/eng\/#website"},"primaryImageOfPage":{"@id":"https:\/\/www.mercadokeys.com\/product\/endzone-a-world-apart-steam-cd-key\/#primaryimage"},"image":{"@id":"https:\/\/www.mercadokeys.com\/product\/endzone-a-world-apart-steam-cd-key\/#primaryimage"},"thumbnailUrl":"https:\/\/www.mercadokeys.com.mx\/wp-content\/uploads\/2020\/12\/endzone-a-world-apart_cover_original.jpg","datePublished":"2020-12-18T07:00:24+00:00","dateModified":"2022-06-28T13:24:08+00:00","description":"Endzone es un constructor de ciudades de supervivencia postapocal\u00edptico, donde comienzas una nueva civilizaci\u00f3n con un grupo de personas","breadcrumb":{"@id":"https:\/\/www.mercadokeys.com\/product\/endzone-a-world-apart-steam-cd-key\/#breadcrumb"},"inLanguage":"en-GB","potentialAction":[{"@type":"ReadAction","target":["https:\/\/www.mercadokeys.com\/product\/endzone-a-world-apart-steam-cd-key\/"]}]},{"@type":"ImageObject","inLanguage":"en-GB","@id":"https:\/\/www.mercadokeys.com\/product\/endzone-a-world-apart-steam-cd-key\/#primaryimage","url":"https:\/\/www.mercadokeys.com.mx\/wp-content\/uploads\/2020\/12\/endzone-a-world-apart_cover_original.jpg","contentUrl":"https:\/\/www.mercadokeys.com.mx\/wp-content\/uploads\/2020\/12\/endzone-a-world-apart_cover_original.jpg","width":590,"height":786,"caption":"Endzone es un constructor de ciudades de supervivencia postapocal\u00edptico, donde comienzas una nueva civilizaci\u00f3n con un grupo de personas"},{"@type":"BreadcrumbList","@id":"https:\/\/www.mercadokeys.com\/product\/endzone-a-world-apart-steam-cd-key\/#breadcrumb","itemListElement":[{"@type":"ListItem","position":1,"name":"Inicio","item":"https:\/\/www.mercadokeys.com.mx\/"},{"@type":"ListItem","position":2,"name":"Tienda","item":"https:\/\/www.mercadokeys.com\/shop\/"},{"@type":"ListItem","position":3,"name":"Endzone &#8211; A World Apart Steam CD Key"}]},{"@type":"WebSite","@id":"https:\/\/www.mercadokeys.com\/eng\/#website","url":"https:\/\/www.mercadokeys.com\/eng\/","name":"MERCADOKEYS","description":"Tu Tienda de videojuegos digitales en Mexico!","potentialAction":[{"@type":"SearchAction","target":{"@type":"EntryPoint","urlTemplate":"https:\/\/www.mercadokeys.com\/eng\/?s={search_term_string}"},"query-input":{"@type":"PropertyValueSpecification","valueRequired":true,"valueName":"search_term_string"}}],"inLanguage":"en-GB"}]}},"df_price":149.027251,"df_sale_price":149.027251,"df_regular_price":149.027251,"df_image_link":"https:\/\/www.mercadokeys.com.mx\/wp-content\/uploads\/2020\/12\/endzone-a-world-apart_cover_original-225x300.jpg","_links":{"self":[{"href":"https:\/\/www.mercadokeys.com.mx\/eng\/wp-json\/wp\/v2\/product\/98981","targetHints":{"allow":["GET"]}}],"collection":[{"href":"https:\/\/www.mercadokeys.com.mx\/eng\/wp-json\/wp\/v2\/product"}],"about":[{"href":"https:\/\/www.mercadokeys.com.mx\/eng\/wp-json\/wp\/v2\/types\/product"}],"wp:featuredmedia":[{"embeddable":true,"href":"https:\/\/www.mercadokeys.com.mx\/eng\/wp-json\/wp\/v2\/media\/98991"}],"wp:attachment":[{"href":"https:\/\/www.mercadokeys.com.mx\/eng\/wp-json\/wp\/v2\/media?parent=98981"}],"wp:term":[{"taxonomy":"product_brand","embeddable":true,"href":"https:\/\/www.mercadokeys.com.mx\/eng\/wp-json\/wp\/v2\/product_brand?post=98981"},{"taxonomy":"product_cat","embeddable":true,"href":"https:\/\/www.mercadokeys.com.mx\/eng\/wp-json\/wp\/v2\/product_cat?post=98981"},{"taxonomy":"product_tag","embeddable":true,"href":"https:\/\/www.mercadokeys.com.mx\/eng\/wp-json\/wp\/v2\/product_tag?post=98981"}],"curies":[{"name":"wp","href":"https:\/\/api.w.org\/{rel}","templated":true}]}}