{"id":98874,"date":"2020-12-17T22:55:35","date_gmt":"2020-12-18T06:55:35","guid":{"rendered":"https:\/\/www.mercadokeys.com\/product\/trials-of-mana-steam-cd-key\/"},"modified":"2022-06-28T06:23:58","modified_gmt":"2022-06-28T13:23:58","slug":"trials-of-mana-steam-cd-key","status":"publish","type":"product","link":"https:\/\/www.mercadokeys.com.mx\/eng\/product\/trials-of-mana-steam-cd-key\/","title":{"rendered":"Trials of Mana Steam CD Key"},"content":{"rendered":"<p><span style=\"vertical-align: inherit\">Trials of Mana es un remake en alta definici\u00f3n de la tercera entrada de la serie Mana. Lanzado anteriormente exclusivamente en Jap\u00f3n en 1995 como Seiken Densetsu 3. Trials of Mana cuenta la historia de seis h\u00e9roes mientras luchan contra los monstruos de destrucci\u00f3n que amenazan a un mundo donde Mana se ha debilitado. Del mismo modo, los jugadores pueden personalizar su propio grupo de tres. Est\u00e1n seleccionados entre seis personajes \u00fanicos. Para as\u00ed experimentar diferentes historias.<\/span><\/p>","protected":false},"excerpt":{"rendered":"<p>Trials of Mana es un remake en alta definici\u00f3n de la tercera entrada de la serie Mana. Lanzado anteriormente exclusivamente en Jap\u00f3n en 1995 como Seiken Densetsu 3. Trials of Mana cuenta la historia de seis h\u00e9roes mientras luchan contra los monstruos de destrucci\u00f3n que amenazan a un mundo donde Mana se ha debilitado. Del&#8230;<\/p>","protected":false},"featured_media":98883,"template":"","meta":{"_monsterinsights_skip_tracking":false,"_monsterinsights_sitenote_active":false,"_monsterinsights_sitenote_note":"","_monsterinsights_sitenote_category":0},"product_brand":[],"product_cat":[1501,2981,1271,1283,1280,1273,1405,1427,1423],"product_tag":[1526,2218,2217],"class_list":{"0":"post-98874","1":"product","2":"type-product","3":"status-publish","4":"has-post-thumbnail","6":"product_cat-tienda-de-videojuegos-ultimos-juegos-tijuana-mexico","7":"product_cat-destacados","8":"product_cat-tienda-de-videojuegos-tijuana-mexico","9":"product_cat-tienda-de-videojuegos-plataformas-tijuana-mexico","10":"product_cat-tienda-de-videojuegos-pc-tijuana-mexico","11":"product_cat-tienda-de-videojuegos-steam-key-tijuana-mexico","12":"product_cat-tienda-de-videojuegos-rpg-tijuana-mexico","13":"product_cat-tienda-de-videojuegos-juegos-para-mando-tijuana-mexico","14":"product_cat-tienda-de-videojuegos-nuevos-lanzamientos-tijuana-mexico","15":"product_tag-steam","16":"product_tag-trials-of-mana","17":"product_tag-trials-of-mana-steam","19":"first","20":"instock","21":"shipping-taxable","22":"purchasable","23":"product-type-simple"},"yoast_head":"<!-- This site is optimized with the Yoast SEO plugin v27.0 - https:\/\/yoast.com\/product\/yoast-seo-wordpress\/ -->\n<title>Trials of Mana Steam CD Key - MERCADOKEYS<\/title>\n<meta name=\"description\" content=\"Trials of Mana es un remake en alta definici\u00f3n de la tercera entrada de la serie Mana, lanzado anteriormente exclusivamente en Jap\u00f3n en 1995\" \/>\n<meta name=\"robots\" content=\"index, follow, max-snippet:-1, max-image-preview:large, max-video-preview:-1\" \/>\n<link rel=\"canonical\" href=\"https:\/\/www.mercadokeys.com\/product\/trials-of-mana-steam-cd-key\/\" \/>\n<meta property=\"og:locale\" content=\"en_GB\" \/>\n<meta property=\"og:type\" content=\"article\" \/>\n<meta property=\"og:title\" content=\"Trials of Mana Steam CD Key - MERCADOKEYS\" \/>\n<meta property=\"og:description\" content=\"Trials of Mana es un remake en alta definici\u00f3n de la tercera entrada de la serie Mana, lanzado anteriormente exclusivamente en Jap\u00f3n en 1995\" \/>\n<meta property=\"og:url\" content=\"https:\/\/www.mercadokeys.com\/product\/trials-of-mana-steam-cd-key\/\" \/>\n<meta property=\"og:site_name\" content=\"MERCADOKEYS\" \/>\n<meta property=\"article:modified_time\" content=\"2022-06-28T13:23:58+00:00\" \/>\n<meta property=\"og:image\" content=\"https:\/\/www.mercadokeys.com\/wp-content\/uploads\/2020\/12\/trials-of-mana_cover_original-scaled.jpg\" \/>\n\t<meta property=\"og:image:width\" content=\"1920\" \/>\n\t<meta property=\"og:image:height\" content=\"2560\" \/>\n\t<meta property=\"og:image:type\" content=\"image\/jpeg\" \/>\n<meta name=\"twitter:card\" content=\"summary_large_image\" \/>\n<meta name=\"twitter:label1\" content=\"Estimated reading time\" \/>\n\t<meta name=\"twitter:data1\" content=\"1 minute\" \/>\n<script type=\"application\/ld+json\" class=\"yoast-schema-graph\">{\"@context\":\"https:\/\/schema.org\",\"@graph\":[{\"@type\":\"WebPage\",\"@id\":\"https:\/\/www.mercadokeys.com\/product\/trials-of-mana-steam-cd-key\/\",\"url\":\"https:\/\/www.mercadokeys.com\/product\/trials-of-mana-steam-cd-key\/\",\"name\":\"Trials of Mana Steam CD Key - MERCADOKEYS\",\"isPartOf\":{\"@id\":\"https:\/\/www.mercadokeys.com\/eng\/#website\"},\"primaryImageOfPage\":{\"@id\":\"https:\/\/www.mercadokeys.com\/product\/trials-of-mana-steam-cd-key\/#primaryimage\"},\"image\":{\"@id\":\"https:\/\/www.mercadokeys.com\/product\/trials-of-mana-steam-cd-key\/#primaryimage\"},\"thumbnailUrl\":\"https:\/\/www.mercadokeys.com.mx\/wp-content\/uploads\/2020\/12\/trials-of-mana_cover_original-scaled.jpg\",\"datePublished\":\"2020-12-18T06:55:35+00:00\",\"dateModified\":\"2022-06-28T13:23:58+00:00\",\"description\":\"Trials of Mana es un remake en alta definici\u00f3n de la tercera entrada de la serie Mana, lanzado anteriormente exclusivamente en Jap\u00f3n en 1995\",\"breadcrumb\":{\"@id\":\"https:\/\/www.mercadokeys.com\/product\/trials-of-mana-steam-cd-key\/#breadcrumb\"},\"inLanguage\":\"en-GB\",\"potentialAction\":[{\"@type\":\"ReadAction\",\"target\":[\"https:\/\/www.mercadokeys.com\/product\/trials-of-mana-steam-cd-key\/\"]}]},{\"@type\":\"ImageObject\",\"inLanguage\":\"en-GB\",\"@id\":\"https:\/\/www.mercadokeys.com\/product\/trials-of-mana-steam-cd-key\/#primaryimage\",\"url\":\"https:\/\/www.mercadokeys.com.mx\/wp-content\/uploads\/2020\/12\/trials-of-mana_cover_original-scaled.jpg\",\"contentUrl\":\"https:\/\/www.mercadokeys.com.mx\/wp-content\/uploads\/2020\/12\/trials-of-mana_cover_original-scaled.jpg\",\"width\":1920,\"height\":2560,\"caption\":\"Trials of Mana es un remake en alta definici\u00f3n de la tercera entrada de la serie Mana, lanzado anteriormente exclusivamente en Jap\u00f3n en 1995\"},{\"@type\":\"BreadcrumbList\",\"@id\":\"https:\/\/www.mercadokeys.com\/product\/trials-of-mana-steam-cd-key\/#breadcrumb\",\"itemListElement\":[{\"@type\":\"ListItem\",\"position\":1,\"name\":\"Inicio\",\"item\":\"https:\/\/www.mercadokeys.com.mx\/\"},{\"@type\":\"ListItem\",\"position\":2,\"name\":\"Tienda\",\"item\":\"https:\/\/www.mercadokeys.com\/shop\/\"},{\"@type\":\"ListItem\",\"position\":3,\"name\":\"Trials of Mana Steam CD Key\"}]},{\"@type\":\"WebSite\",\"@id\":\"https:\/\/www.mercadokeys.com\/eng\/#website\",\"url\":\"https:\/\/www.mercadokeys.com\/eng\/\",\"name\":\"MERCADOKEYS\",\"description\":\"Tu Tienda de videojuegos digitales en Mexico!\",\"potentialAction\":[{\"@type\":\"SearchAction\",\"target\":{\"@type\":\"EntryPoint\",\"urlTemplate\":\"https:\/\/www.mercadokeys.com\/eng\/?s={search_term_string}\"},\"query-input\":{\"@type\":\"PropertyValueSpecification\",\"valueRequired\":true,\"valueName\":\"search_term_string\"}}],\"inLanguage\":\"en-GB\"}]}<\/script>\n<!-- \/ Yoast SEO plugin. -->","yoast_head_json":{"title":"Trials of Mana Steam CD Key - MERCADOKEYS","description":"Trials of Mana es un remake en alta definici\u00f3n de la tercera entrada de la serie Mana, lanzado anteriormente exclusivamente en Jap\u00f3n en 1995","robots":{"index":"index","follow":"follow","max-snippet":"max-snippet:-1","max-image-preview":"max-image-preview:large","max-video-preview":"max-video-preview:-1"},"canonical":"https:\/\/www.mercadokeys.com\/product\/trials-of-mana-steam-cd-key\/","og_locale":"en_GB","og_type":"article","og_title":"Trials of Mana Steam CD Key - MERCADOKEYS","og_description":"Trials of Mana es un remake en alta definici\u00f3n de la tercera entrada de la serie Mana, lanzado anteriormente exclusivamente en Jap\u00f3n en 1995","og_url":"https:\/\/www.mercadokeys.com\/product\/trials-of-mana-steam-cd-key\/","og_site_name":"MERCADOKEYS","article_modified_time":"2022-06-28T13:23:58+00:00","og_image":[{"width":1920,"height":2560,"url":"https:\/\/www.mercadokeys.com\/wp-content\/uploads\/2020\/12\/trials-of-mana_cover_original-scaled.jpg","type":"image\/jpeg"}],"twitter_card":"summary_large_image","twitter_misc":{"Estimated reading time":"1 minute"},"schema":{"@context":"https:\/\/schema.org","@graph":[{"@type":"WebPage","@id":"https:\/\/www.mercadokeys.com\/product\/trials-of-mana-steam-cd-key\/","url":"https:\/\/www.mercadokeys.com\/product\/trials-of-mana-steam-cd-key\/","name":"Trials of Mana Steam CD Key - MERCADOKEYS","isPartOf":{"@id":"https:\/\/www.mercadokeys.com\/eng\/#website"},"primaryImageOfPage":{"@id":"https:\/\/www.mercadokeys.com\/product\/trials-of-mana-steam-cd-key\/#primaryimage"},"image":{"@id":"https:\/\/www.mercadokeys.com\/product\/trials-of-mana-steam-cd-key\/#primaryimage"},"thumbnailUrl":"https:\/\/www.mercadokeys.com.mx\/wp-content\/uploads\/2020\/12\/trials-of-mana_cover_original-scaled.jpg","datePublished":"2020-12-18T06:55:35+00:00","dateModified":"2022-06-28T13:23:58+00:00","description":"Trials of Mana es un remake en alta definici\u00f3n de la tercera entrada de la serie Mana, lanzado anteriormente exclusivamente en Jap\u00f3n en 1995","breadcrumb":{"@id":"https:\/\/www.mercadokeys.com\/product\/trials-of-mana-steam-cd-key\/#breadcrumb"},"inLanguage":"en-GB","potentialAction":[{"@type":"ReadAction","target":["https:\/\/www.mercadokeys.com\/product\/trials-of-mana-steam-cd-key\/"]}]},{"@type":"ImageObject","inLanguage":"en-GB","@id":"https:\/\/www.mercadokeys.com\/product\/trials-of-mana-steam-cd-key\/#primaryimage","url":"https:\/\/www.mercadokeys.com.mx\/wp-content\/uploads\/2020\/12\/trials-of-mana_cover_original-scaled.jpg","contentUrl":"https:\/\/www.mercadokeys.com.mx\/wp-content\/uploads\/2020\/12\/trials-of-mana_cover_original-scaled.jpg","width":1920,"height":2560,"caption":"Trials of Mana es un remake en alta definici\u00f3n de la tercera entrada de la serie Mana, lanzado anteriormente exclusivamente en Jap\u00f3n en 1995"},{"@type":"BreadcrumbList","@id":"https:\/\/www.mercadokeys.com\/product\/trials-of-mana-steam-cd-key\/#breadcrumb","itemListElement":[{"@type":"ListItem","position":1,"name":"Inicio","item":"https:\/\/www.mercadokeys.com.mx\/"},{"@type":"ListItem","position":2,"name":"Tienda","item":"https:\/\/www.mercadokeys.com\/shop\/"},{"@type":"ListItem","position":3,"name":"Trials of Mana Steam CD Key"}]},{"@type":"WebSite","@id":"https:\/\/www.mercadokeys.com\/eng\/#website","url":"https:\/\/www.mercadokeys.com\/eng\/","name":"MERCADOKEYS","description":"Tu Tienda de videojuegos digitales en Mexico!","potentialAction":[{"@type":"SearchAction","target":{"@type":"EntryPoint","urlTemplate":"https:\/\/www.mercadokeys.com\/eng\/?s={search_term_string}"},"query-input":{"@type":"PropertyValueSpecification","valueRequired":true,"valueName":"search_term_string"}}],"inLanguage":"en-GB"}]}},"df_price":1402.10753,"df_sale_price":1402.10753,"df_regular_price":1402.10753,"df_image_link":"https:\/\/www.mercadokeys.com.mx\/wp-content\/uploads\/2020\/12\/trials-of-mana_cover_original-225x300.jpg","_links":{"self":[{"href":"https:\/\/www.mercadokeys.com.mx\/eng\/wp-json\/wp\/v2\/product\/98874","targetHints":{"allow":["GET"]}}],"collection":[{"href":"https:\/\/www.mercadokeys.com.mx\/eng\/wp-json\/wp\/v2\/product"}],"about":[{"href":"https:\/\/www.mercadokeys.com.mx\/eng\/wp-json\/wp\/v2\/types\/product"}],"wp:featuredmedia":[{"embeddable":true,"href":"https:\/\/www.mercadokeys.com.mx\/eng\/wp-json\/wp\/v2\/media\/98883"}],"wp:attachment":[{"href":"https:\/\/www.mercadokeys.com.mx\/eng\/wp-json\/wp\/v2\/media?parent=98874"}],"wp:term":[{"taxonomy":"product_brand","embeddable":true,"href":"https:\/\/www.mercadokeys.com.mx\/eng\/wp-json\/wp\/v2\/product_brand?post=98874"},{"taxonomy":"product_cat","embeddable":true,"href":"https:\/\/www.mercadokeys.com.mx\/eng\/wp-json\/wp\/v2\/product_cat?post=98874"},{"taxonomy":"product_tag","embeddable":true,"href":"https:\/\/www.mercadokeys.com.mx\/eng\/wp-json\/wp\/v2\/product_tag?post=98874"}],"curies":[{"name":"wp","href":"https:\/\/api.w.org\/{rel}","templated":true}]}}