{"id":98745,"date":"2020-12-17T22:49:38","date_gmt":"2020-12-18T06:49:38","guid":{"rendered":"https:\/\/www.mercadokeys.com\/product\/one-piece-pirate-warriors-4-steam-cd-key\/"},"modified":"2022-06-28T06:23:38","modified_gmt":"2022-06-28T13:23:38","slug":"one-piece-pirate-warriors-4-steam-cd-key","status":"publish","type":"product","link":"https:\/\/www.mercadokeys.com.mx\/eng\/product\/one-piece-pirate-warriors-4-steam-cd-key\/","title":{"rendered":"One Piece Pirate Warriors 4 Steam CD Key"},"content":{"rendered":"<p><span style=\"vertical-align: inherit\">Los Pirate Warriors est\u00e1n de regreso y traen consigo una historia m\u00e1s explosiva, m\u00e1s entornos y ataques a\u00fan m\u00e1s locos en ONE PIECE PIRATE WARRIORS 4. Sigue a Luffy y los Sombrero de Paja desde el principio mientras hacen su viaje a trav\u00e9s de diferentes islas y en adelante con la esperanza de encontrar el tesoro ilustre: el One Piece. Juega a trav\u00e9s de algunas de las islas y entornos m\u00e1s extraordinarios de la historia de ONE PIECE y enfr\u00e9ntate a enemigos memorables.<\/span><\/p>","protected":false},"excerpt":{"rendered":"<p>Los Pirate Warriors est\u00e1n de regreso y traen consigo una historia m\u00e1s explosiva, m\u00e1s entornos y ataques a\u00fan m\u00e1s locos en ONE PIECE PIRATE WARRIORS 4. Sigue a Luffy y los Sombrero de Paja desde el principio mientras hacen su viaje a trav\u00e9s de diferentes islas y en adelante con la esperanza de encontrar el&#8230;<\/p>","protected":false},"featured_media":98757,"template":"","meta":{"_monsterinsights_skip_tracking":false,"_monsterinsights_sitenote_active":false,"_monsterinsights_sitenote_note":"","_monsterinsights_sitenote_category":0},"product_brand":[],"product_cat":[1501,2981,1271,1283,1280,1273,1392,1427,1423],"product_tag":[2199,2200,2198,1526],"class_list":{"0":"post-98745","1":"product","2":"type-product","3":"status-publish","4":"has-post-thumbnail","6":"product_cat-tienda-de-videojuegos-ultimos-juegos-tijuana-mexico","7":"product_cat-destacados","8":"product_cat-tienda-de-videojuegos-tijuana-mexico","9":"product_cat-tienda-de-videojuegos-plataformas-tijuana-mexico","10":"product_cat-tienda-de-videojuegos-pc-tijuana-mexico","11":"product_cat-tienda-de-videojuegos-steam-key-tijuana-mexico","12":"product_cat-tienda-de-videojuegos-accion-tijuana-mexico","13":"product_cat-tienda-de-videojuegos-juegos-para-mando-tijuana-mexico","14":"product_cat-tienda-de-videojuegos-nuevos-lanzamientos-tijuana-mexico","15":"product_tag-one-piece-pirate-warriors","16":"product_tag-one-piece-pirate-warriors-4","17":"product_tag-one-piece-pirate-warriors-4-steam","18":"product_tag-steam","20":"first","21":"instock","22":"shipping-taxable","23":"purchasable","24":"product-type-simple"},"yoast_head":"<!-- This site is optimized with the Yoast SEO plugin v27.0 - https:\/\/yoast.com\/product\/yoast-seo-wordpress\/ -->\n<title>One Piece Pirate Warriors 4 Steam CD Key - MERCADOKEYS<\/title>\n<meta name=\"description\" content=\"Los Pirate Warriors est\u00e1n de regreso y traen consigo una historia m\u00e1s explosiva, m\u00e1s entornos y ataques a\u00fan m\u00e1s locos en ONE PIECE PIRATE WARRIORS 4\" \/>\n<meta name=\"robots\" content=\"index, follow, max-snippet:-1, max-image-preview:large, max-video-preview:-1\" \/>\n<link rel=\"canonical\" href=\"https:\/\/www.mercadokeys.com\/product\/one-piece-pirate-warriors-4-steam-cd-key\/\" \/>\n<meta property=\"og:locale\" content=\"en_GB\" \/>\n<meta property=\"og:type\" content=\"article\" \/>\n<meta property=\"og:title\" content=\"One Piece Pirate Warriors 4 Steam CD Key - MERCADOKEYS\" \/>\n<meta property=\"og:description\" content=\"Los Pirate Warriors est\u00e1n de regreso y traen consigo una historia m\u00e1s explosiva, m\u00e1s entornos y ataques a\u00fan m\u00e1s locos en ONE PIECE PIRATE WARRIORS 4\" \/>\n<meta property=\"og:url\" content=\"https:\/\/www.mercadokeys.com\/product\/one-piece-pirate-warriors-4-steam-cd-key\/\" \/>\n<meta property=\"og:site_name\" content=\"MERCADOKEYS\" \/>\n<meta property=\"article:modified_time\" content=\"2022-06-28T13:23:38+00:00\" \/>\n<meta property=\"og:image\" content=\"https:\/\/www.mercadokeys.com\/wp-content\/uploads\/2020\/12\/one-piece-pirate-warriors-4_cover_original-5.jpg\" \/>\n\t<meta property=\"og:image:width\" content=\"500\" \/>\n\t<meta property=\"og:image:height\" content=\"667\" \/>\n\t<meta property=\"og:image:type\" content=\"image\/jpeg\" \/>\n<meta name=\"twitter:card\" content=\"summary_large_image\" \/>\n<meta name=\"twitter:label1\" content=\"Estimated reading time\" \/>\n\t<meta name=\"twitter:data1\" content=\"1 minute\" \/>\n<script type=\"application\/ld+json\" class=\"yoast-schema-graph\">{\"@context\":\"https:\/\/schema.org\",\"@graph\":[{\"@type\":\"WebPage\",\"@id\":\"https:\/\/www.mercadokeys.com\/product\/one-piece-pirate-warriors-4-steam-cd-key\/\",\"url\":\"https:\/\/www.mercadokeys.com\/product\/one-piece-pirate-warriors-4-steam-cd-key\/\",\"name\":\"One Piece Pirate Warriors 4 Steam CD Key - MERCADOKEYS\",\"isPartOf\":{\"@id\":\"https:\/\/www.mercadokeys.com\/eng\/#website\"},\"primaryImageOfPage\":{\"@id\":\"https:\/\/www.mercadokeys.com\/product\/one-piece-pirate-warriors-4-steam-cd-key\/#primaryimage\"},\"image\":{\"@id\":\"https:\/\/www.mercadokeys.com\/product\/one-piece-pirate-warriors-4-steam-cd-key\/#primaryimage\"},\"thumbnailUrl\":\"https:\/\/www.mercadokeys.com.mx\/wp-content\/uploads\/2020\/12\/one-piece-pirate-warriors-4_cover_original-5.jpg\",\"datePublished\":\"2020-12-18T06:49:38+00:00\",\"dateModified\":\"2022-06-28T13:23:38+00:00\",\"description\":\"Los Pirate Warriors est\u00e1n de regreso y traen consigo una historia m\u00e1s explosiva, m\u00e1s entornos y ataques a\u00fan m\u00e1s locos en ONE PIECE PIRATE WARRIORS 4\",\"breadcrumb\":{\"@id\":\"https:\/\/www.mercadokeys.com\/product\/one-piece-pirate-warriors-4-steam-cd-key\/#breadcrumb\"},\"inLanguage\":\"en-GB\",\"potentialAction\":[{\"@type\":\"ReadAction\",\"target\":[\"https:\/\/www.mercadokeys.com\/product\/one-piece-pirate-warriors-4-steam-cd-key\/\"]}]},{\"@type\":\"ImageObject\",\"inLanguage\":\"en-GB\",\"@id\":\"https:\/\/www.mercadokeys.com\/product\/one-piece-pirate-warriors-4-steam-cd-key\/#primaryimage\",\"url\":\"https:\/\/www.mercadokeys.com.mx\/wp-content\/uploads\/2020\/12\/one-piece-pirate-warriors-4_cover_original-5.jpg\",\"contentUrl\":\"https:\/\/www.mercadokeys.com.mx\/wp-content\/uploads\/2020\/12\/one-piece-pirate-warriors-4_cover_original-5.jpg\",\"width\":500,\"height\":667,\"caption\":\"Los Pirate Warriors est\u00e1n de regreso y traen consigo una historia m\u00e1s explosiva, m\u00e1s entornos y ataques a\u00fan m\u00e1s locos en ONE PIECE: PIRATE WARRIORS 4\"},{\"@type\":\"BreadcrumbList\",\"@id\":\"https:\/\/www.mercadokeys.com\/product\/one-piece-pirate-warriors-4-steam-cd-key\/#breadcrumb\",\"itemListElement\":[{\"@type\":\"ListItem\",\"position\":1,\"name\":\"Inicio\",\"item\":\"https:\/\/www.mercadokeys.com.mx\/\"},{\"@type\":\"ListItem\",\"position\":2,\"name\":\"Tienda\",\"item\":\"https:\/\/www.mercadokeys.com\/shop\/\"},{\"@type\":\"ListItem\",\"position\":3,\"name\":\"One Piece Pirate Warriors 4 Steam CD Key\"}]},{\"@type\":\"WebSite\",\"@id\":\"https:\/\/www.mercadokeys.com\/eng\/#website\",\"url\":\"https:\/\/www.mercadokeys.com\/eng\/\",\"name\":\"MERCADOKEYS\",\"description\":\"Tu Tienda de videojuegos digitales en Mexico!\",\"potentialAction\":[{\"@type\":\"SearchAction\",\"target\":{\"@type\":\"EntryPoint\",\"urlTemplate\":\"https:\/\/www.mercadokeys.com\/eng\/?s={search_term_string}\"},\"query-input\":{\"@type\":\"PropertyValueSpecification\",\"valueRequired\":true,\"valueName\":\"search_term_string\"}}],\"inLanguage\":\"en-GB\"}]}<\/script>\n<!-- \/ Yoast SEO plugin. -->","yoast_head_json":{"title":"One Piece Pirate Warriors 4 Steam CD Key - MERCADOKEYS","description":"Los Pirate Warriors est\u00e1n de regreso y traen consigo una historia m\u00e1s explosiva, m\u00e1s entornos y ataques a\u00fan m\u00e1s locos en ONE PIECE PIRATE WARRIORS 4","robots":{"index":"index","follow":"follow","max-snippet":"max-snippet:-1","max-image-preview":"max-image-preview:large","max-video-preview":"max-video-preview:-1"},"canonical":"https:\/\/www.mercadokeys.com\/product\/one-piece-pirate-warriors-4-steam-cd-key\/","og_locale":"en_GB","og_type":"article","og_title":"One Piece Pirate Warriors 4 Steam CD Key - MERCADOKEYS","og_description":"Los Pirate Warriors est\u00e1n de regreso y traen consigo una historia m\u00e1s explosiva, m\u00e1s entornos y ataques a\u00fan m\u00e1s locos en ONE PIECE PIRATE WARRIORS 4","og_url":"https:\/\/www.mercadokeys.com\/product\/one-piece-pirate-warriors-4-steam-cd-key\/","og_site_name":"MERCADOKEYS","article_modified_time":"2022-06-28T13:23:38+00:00","og_image":[{"width":500,"height":667,"url":"https:\/\/www.mercadokeys.com\/wp-content\/uploads\/2020\/12\/one-piece-pirate-warriors-4_cover_original-5.jpg","type":"image\/jpeg"}],"twitter_card":"summary_large_image","twitter_misc":{"Estimated reading time":"1 minute"},"schema":{"@context":"https:\/\/schema.org","@graph":[{"@type":"WebPage","@id":"https:\/\/www.mercadokeys.com\/product\/one-piece-pirate-warriors-4-steam-cd-key\/","url":"https:\/\/www.mercadokeys.com\/product\/one-piece-pirate-warriors-4-steam-cd-key\/","name":"One Piece Pirate Warriors 4 Steam CD Key - MERCADOKEYS","isPartOf":{"@id":"https:\/\/www.mercadokeys.com\/eng\/#website"},"primaryImageOfPage":{"@id":"https:\/\/www.mercadokeys.com\/product\/one-piece-pirate-warriors-4-steam-cd-key\/#primaryimage"},"image":{"@id":"https:\/\/www.mercadokeys.com\/product\/one-piece-pirate-warriors-4-steam-cd-key\/#primaryimage"},"thumbnailUrl":"https:\/\/www.mercadokeys.com.mx\/wp-content\/uploads\/2020\/12\/one-piece-pirate-warriors-4_cover_original-5.jpg","datePublished":"2020-12-18T06:49:38+00:00","dateModified":"2022-06-28T13:23:38+00:00","description":"Los Pirate Warriors est\u00e1n de regreso y traen consigo una historia m\u00e1s explosiva, m\u00e1s entornos y ataques a\u00fan m\u00e1s locos en ONE PIECE PIRATE WARRIORS 4","breadcrumb":{"@id":"https:\/\/www.mercadokeys.com\/product\/one-piece-pirate-warriors-4-steam-cd-key\/#breadcrumb"},"inLanguage":"en-GB","potentialAction":[{"@type":"ReadAction","target":["https:\/\/www.mercadokeys.com\/product\/one-piece-pirate-warriors-4-steam-cd-key\/"]}]},{"@type":"ImageObject","inLanguage":"en-GB","@id":"https:\/\/www.mercadokeys.com\/product\/one-piece-pirate-warriors-4-steam-cd-key\/#primaryimage","url":"https:\/\/www.mercadokeys.com.mx\/wp-content\/uploads\/2020\/12\/one-piece-pirate-warriors-4_cover_original-5.jpg","contentUrl":"https:\/\/www.mercadokeys.com.mx\/wp-content\/uploads\/2020\/12\/one-piece-pirate-warriors-4_cover_original-5.jpg","width":500,"height":667,"caption":"Los Pirate Warriors est\u00e1n de regreso y traen consigo una historia m\u00e1s explosiva, m\u00e1s entornos y ataques a\u00fan m\u00e1s locos en ONE PIECE: PIRATE WARRIORS 4"},{"@type":"BreadcrumbList","@id":"https:\/\/www.mercadokeys.com\/product\/one-piece-pirate-warriors-4-steam-cd-key\/#breadcrumb","itemListElement":[{"@type":"ListItem","position":1,"name":"Inicio","item":"https:\/\/www.mercadokeys.com.mx\/"},{"@type":"ListItem","position":2,"name":"Tienda","item":"https:\/\/www.mercadokeys.com\/shop\/"},{"@type":"ListItem","position":3,"name":"One Piece Pirate Warriors 4 Steam CD Key"}]},{"@type":"WebSite","@id":"https:\/\/www.mercadokeys.com\/eng\/#website","url":"https:\/\/www.mercadokeys.com\/eng\/","name":"MERCADOKEYS","description":"Tu Tienda de videojuegos digitales en Mexico!","potentialAction":[{"@type":"SearchAction","target":{"@type":"EntryPoint","urlTemplate":"https:\/\/www.mercadokeys.com\/eng\/?s={search_term_string}"},"query-input":{"@type":"PropertyValueSpecification","valueRequired":true,"valueName":"search_term_string"}}],"inLanguage":"en-GB"}]}},"df_price":289.238004,"df_sale_price":289.238004,"df_regular_price":289.238004,"df_image_link":"https:\/\/www.mercadokeys.com.mx\/wp-content\/uploads\/2020\/12\/one-piece-pirate-warriors-4_cover_original-5-225x300.jpg","_links":{"self":[{"href":"https:\/\/www.mercadokeys.com.mx\/eng\/wp-json\/wp\/v2\/product\/98745","targetHints":{"allow":["GET"]}}],"collection":[{"href":"https:\/\/www.mercadokeys.com.mx\/eng\/wp-json\/wp\/v2\/product"}],"about":[{"href":"https:\/\/www.mercadokeys.com.mx\/eng\/wp-json\/wp\/v2\/types\/product"}],"wp:featuredmedia":[{"embeddable":true,"href":"https:\/\/www.mercadokeys.com.mx\/eng\/wp-json\/wp\/v2\/media\/98757"}],"wp:attachment":[{"href":"https:\/\/www.mercadokeys.com.mx\/eng\/wp-json\/wp\/v2\/media?parent=98745"}],"wp:term":[{"taxonomy":"product_brand","embeddable":true,"href":"https:\/\/www.mercadokeys.com.mx\/eng\/wp-json\/wp\/v2\/product_brand?post=98745"},{"taxonomy":"product_cat","embeddable":true,"href":"https:\/\/www.mercadokeys.com.mx\/eng\/wp-json\/wp\/v2\/product_cat?post=98745"},{"taxonomy":"product_tag","embeddable":true,"href":"https:\/\/www.mercadokeys.com.mx\/eng\/wp-json\/wp\/v2\/product_tag?post=98745"}],"curies":[{"name":"wp","href":"https:\/\/api.w.org\/{rel}","templated":true}]}}