{"id":92822,"date":"2020-12-17T17:24:40","date_gmt":"2020-12-18T01:24:40","guid":{"rendered":"https:\/\/www.mercadokeys.com\/product\/f1-2019-steam-cd-key\/"},"modified":"2022-06-28T06:28:34","modified_gmt":"2022-06-28T13:28:34","slug":"f1-2019-steam-cd-key","status":"publish","type":"product","link":"https:\/\/www.mercadokeys.com.mx\/eng\/product\/f1-2019-steam-cd-key\/","title":{"rendered":"F1 2019 Steam CD Key"},"content":{"rendered":"<p><span style=\"vertical-align: inherit\">Trabajando en asociaci\u00f3n con la F1, por primera vez, los jugadores podr\u00e1n ponerse al volante de un autom\u00f3vil reglamentario de 2019 dise\u00f1ado espec\u00edficamente en colaboraci\u00f3n con el equipo t\u00e9cnico de la F1. Encabezado por Ross Brawn y Pat Symonds. El autom\u00f3vil, que estar\u00e1 disponible en modo multijugador. Asimismo, cumple con las regulaciones de 2019 y viene con una variedad de dise\u00f1os de librea que ofrecen a los jugadores un nuevo nivel de personalizaci\u00f3n. Por su parte, las libreas del equipo F1 2019 tambi\u00e9n aparecer\u00e1n en el auto en los materiales de marketing iniciales. Sin embargo, ser\u00e1n reemplazadas por los autos del equipo final antes del lanzamiento del juego. Todo esto en F1 2019<\/span><\/p>","protected":false},"excerpt":{"rendered":"<p>Trabajando en asociaci\u00f3n con la F1, por primera vez, los jugadores podr\u00e1n ponerse al volante de un autom\u00f3vil reglamentario de 2019 dise\u00f1ado espec\u00edficamente en colaboraci\u00f3n con el equipo t\u00e9cnico de la F1. Encabezado por Ross Brawn y Pat Symonds. El autom\u00f3vil, que estar\u00e1 disponible en modo multijugador. Asimismo, cumple con las regulaciones de 2019 y&#8230;<\/p>","protected":false},"featured_media":92831,"template":"","meta":{"_monsterinsights_skip_tracking":false,"_monsterinsights_sitenote_active":false,"_monsterinsights_sitenote_note":"","_monsterinsights_sitenote_category":0},"product_brand":[],"product_cat":[1501,2981,3596,1271,3164,1283,1280,1273,1396,1427],"product_tag":[2469,2468,2470,1526],"class_list":{"0":"post-92822","1":"product","2":"type-product","3":"status-publish","4":"has-post-thumbnail","6":"product_cat-tienda-de-videojuegos-ultimos-juegos-tijuana-mexico","7":"product_cat-destacados","8":"product_cat-tienda-de-videojuegos-steam-recomendados-en-tijuana-mexico","9":"product_cat-tienda-de-videojuegos-tijuana-mexico","10":"product_cat-tienda-de-videojuegos-baratos-economicos-tijuana-mexico","11":"product_cat-tienda-de-videojuegos-plataformas-tijuana-mexico","12":"product_cat-tienda-de-videojuegos-pc-tijuana-mexico","13":"product_cat-tienda-de-videojuegos-steam-key-tijuana-mexico","14":"product_cat-tienda-de-videojuegos-simulacion-tijuana-mexico","15":"product_cat-tienda-de-videojuegos-juegos-para-mando-tijuana-mexico","16":"product_tag-f1","17":"product_tag-f1-2019","18":"product_tag-f1-2019-steam","19":"product_tag-steam","21":"first","22":"instock","23":"shipping-taxable","24":"purchasable","25":"product-type-simple"},"yoast_head":"<!-- This site is optimized with the Yoast SEO plugin v27.0 - https:\/\/yoast.com\/product\/yoast-seo-wordpress\/ -->\n<title>F1 2019 Steam CD Key - MERCADOKEYS<\/title>\n<meta name=\"description\" content=\"Las libreas del equipo F1 2019 tambi\u00e9n aparecer\u00e1n en el auto en los materiales de marketing iniciales pero ser\u00e1n reemplazadas por el equipo final\" \/>\n<meta name=\"robots\" content=\"index, follow, max-snippet:-1, max-image-preview:large, max-video-preview:-1\" \/>\n<link rel=\"canonical\" href=\"https:\/\/www.mercadokeys.com\/product\/f1-2019-steam-cd-key\/\" \/>\n<meta property=\"og:locale\" content=\"en_GB\" \/>\n<meta property=\"og:type\" content=\"article\" \/>\n<meta property=\"og:title\" content=\"F1 2019 Steam CD Key - MERCADOKEYS\" \/>\n<meta property=\"og:description\" content=\"Las libreas del equipo F1 2019 tambi\u00e9n aparecer\u00e1n en el auto en los materiales de marketing iniciales pero ser\u00e1n reemplazadas por el equipo final\" \/>\n<meta property=\"og:url\" content=\"https:\/\/www.mercadokeys.com\/product\/f1-2019-steam-cd-key\/\" \/>\n<meta property=\"og:site_name\" content=\"MERCADOKEYS\" \/>\n<meta property=\"article:modified_time\" content=\"2022-06-28T13:28:34+00:00\" \/>\n<meta property=\"og:image\" content=\"https:\/\/www.mercadokeys.com\/wp-content\/uploads\/2020\/12\/f1-2019_cover_original.jpg\" \/>\n\t<meta property=\"og:image:width\" content=\"600\" \/>\n\t<meta property=\"og:image:height\" content=\"800\" \/>\n\t<meta property=\"og:image:type\" content=\"image\/jpeg\" \/>\n<meta name=\"twitter:card\" content=\"summary_large_image\" \/>\n<meta name=\"twitter:label1\" content=\"Estimated reading time\" \/>\n\t<meta name=\"twitter:data1\" content=\"1 minute\" \/>\n<script type=\"application\/ld+json\" class=\"yoast-schema-graph\">{\"@context\":\"https:\/\/schema.org\",\"@graph\":[{\"@type\":\"WebPage\",\"@id\":\"https:\/\/www.mercadokeys.com\/product\/f1-2019-steam-cd-key\/\",\"url\":\"https:\/\/www.mercadokeys.com\/product\/f1-2019-steam-cd-key\/\",\"name\":\"F1 2019 Steam CD Key - MERCADOKEYS\",\"isPartOf\":{\"@id\":\"https:\/\/www.mercadokeys.com\/eng\/#website\"},\"primaryImageOfPage\":{\"@id\":\"https:\/\/www.mercadokeys.com\/product\/f1-2019-steam-cd-key\/#primaryimage\"},\"image\":{\"@id\":\"https:\/\/www.mercadokeys.com\/product\/f1-2019-steam-cd-key\/#primaryimage\"},\"thumbnailUrl\":\"https:\/\/www.mercadokeys.com.mx\/wp-content\/uploads\/2020\/12\/f1-2019_cover_original.jpg\",\"datePublished\":\"2020-12-18T01:24:40+00:00\",\"dateModified\":\"2022-06-28T13:28:34+00:00\",\"description\":\"Las libreas del equipo F1 2019 tambi\u00e9n aparecer\u00e1n en el auto en los materiales de marketing iniciales pero ser\u00e1n reemplazadas por el equipo final\",\"breadcrumb\":{\"@id\":\"https:\/\/www.mercadokeys.com\/product\/f1-2019-steam-cd-key\/#breadcrumb\"},\"inLanguage\":\"en-GB\",\"potentialAction\":[{\"@type\":\"ReadAction\",\"target\":[\"https:\/\/www.mercadokeys.com\/product\/f1-2019-steam-cd-key\/\"]}]},{\"@type\":\"ImageObject\",\"inLanguage\":\"en-GB\",\"@id\":\"https:\/\/www.mercadokeys.com\/product\/f1-2019-steam-cd-key\/#primaryimage\",\"url\":\"https:\/\/www.mercadokeys.com.mx\/wp-content\/uploads\/2020\/12\/f1-2019_cover_original.jpg\",\"contentUrl\":\"https:\/\/www.mercadokeys.com.mx\/wp-content\/uploads\/2020\/12\/f1-2019_cover_original.jpg\",\"width\":600,\"height\":800,\"caption\":\"Las libreas del equipo F1 2019 tambi\u00e9n aparecer\u00e1n en el auto en los materiales de marketing iniciales pero ser\u00e1n reemplazadas por el equipo final\"},{\"@type\":\"BreadcrumbList\",\"@id\":\"https:\/\/www.mercadokeys.com\/product\/f1-2019-steam-cd-key\/#breadcrumb\",\"itemListElement\":[{\"@type\":\"ListItem\",\"position\":1,\"name\":\"Inicio\",\"item\":\"https:\/\/www.mercadokeys.com.mx\/\"},{\"@type\":\"ListItem\",\"position\":2,\"name\":\"Tienda\",\"item\":\"https:\/\/www.mercadokeys.com\/shop\/\"},{\"@type\":\"ListItem\",\"position\":3,\"name\":\"F1 2019 Steam CD Key\"}]},{\"@type\":\"WebSite\",\"@id\":\"https:\/\/www.mercadokeys.com\/eng\/#website\",\"url\":\"https:\/\/www.mercadokeys.com\/eng\/\",\"name\":\"MERCADOKEYS\",\"description\":\"Tu Tienda de videojuegos digitales en Mexico!\",\"potentialAction\":[{\"@type\":\"SearchAction\",\"target\":{\"@type\":\"EntryPoint\",\"urlTemplate\":\"https:\/\/www.mercadokeys.com\/eng\/?s={search_term_string}\"},\"query-input\":{\"@type\":\"PropertyValueSpecification\",\"valueRequired\":true,\"valueName\":\"search_term_string\"}}],\"inLanguage\":\"en-GB\"}]}<\/script>\n<!-- \/ Yoast SEO plugin. -->","yoast_head_json":{"title":"F1 2019 Steam CD Key - MERCADOKEYS","description":"Las libreas del equipo F1 2019 tambi\u00e9n aparecer\u00e1n en el auto en los materiales de marketing iniciales pero ser\u00e1n reemplazadas por el equipo final","robots":{"index":"index","follow":"follow","max-snippet":"max-snippet:-1","max-image-preview":"max-image-preview:large","max-video-preview":"max-video-preview:-1"},"canonical":"https:\/\/www.mercadokeys.com\/product\/f1-2019-steam-cd-key\/","og_locale":"en_GB","og_type":"article","og_title":"F1 2019 Steam CD Key - MERCADOKEYS","og_description":"Las libreas del equipo F1 2019 tambi\u00e9n aparecer\u00e1n en el auto en los materiales de marketing iniciales pero ser\u00e1n reemplazadas por el equipo final","og_url":"https:\/\/www.mercadokeys.com\/product\/f1-2019-steam-cd-key\/","og_site_name":"MERCADOKEYS","article_modified_time":"2022-06-28T13:28:34+00:00","og_image":[{"width":600,"height":800,"url":"https:\/\/www.mercadokeys.com\/wp-content\/uploads\/2020\/12\/f1-2019_cover_original.jpg","type":"image\/jpeg"}],"twitter_card":"summary_large_image","twitter_misc":{"Estimated reading time":"1 minute"},"schema":{"@context":"https:\/\/schema.org","@graph":[{"@type":"WebPage","@id":"https:\/\/www.mercadokeys.com\/product\/f1-2019-steam-cd-key\/","url":"https:\/\/www.mercadokeys.com\/product\/f1-2019-steam-cd-key\/","name":"F1 2019 Steam CD Key - MERCADOKEYS","isPartOf":{"@id":"https:\/\/www.mercadokeys.com\/eng\/#website"},"primaryImageOfPage":{"@id":"https:\/\/www.mercadokeys.com\/product\/f1-2019-steam-cd-key\/#primaryimage"},"image":{"@id":"https:\/\/www.mercadokeys.com\/product\/f1-2019-steam-cd-key\/#primaryimage"},"thumbnailUrl":"https:\/\/www.mercadokeys.com.mx\/wp-content\/uploads\/2020\/12\/f1-2019_cover_original.jpg","datePublished":"2020-12-18T01:24:40+00:00","dateModified":"2022-06-28T13:28:34+00:00","description":"Las libreas del equipo F1 2019 tambi\u00e9n aparecer\u00e1n en el auto en los materiales de marketing iniciales pero ser\u00e1n reemplazadas por el equipo final","breadcrumb":{"@id":"https:\/\/www.mercadokeys.com\/product\/f1-2019-steam-cd-key\/#breadcrumb"},"inLanguage":"en-GB","potentialAction":[{"@type":"ReadAction","target":["https:\/\/www.mercadokeys.com\/product\/f1-2019-steam-cd-key\/"]}]},{"@type":"ImageObject","inLanguage":"en-GB","@id":"https:\/\/www.mercadokeys.com\/product\/f1-2019-steam-cd-key\/#primaryimage","url":"https:\/\/www.mercadokeys.com.mx\/wp-content\/uploads\/2020\/12\/f1-2019_cover_original.jpg","contentUrl":"https:\/\/www.mercadokeys.com.mx\/wp-content\/uploads\/2020\/12\/f1-2019_cover_original.jpg","width":600,"height":800,"caption":"Las libreas del equipo F1 2019 tambi\u00e9n aparecer\u00e1n en el auto en los materiales de marketing iniciales pero ser\u00e1n reemplazadas por el equipo final"},{"@type":"BreadcrumbList","@id":"https:\/\/www.mercadokeys.com\/product\/f1-2019-steam-cd-key\/#breadcrumb","itemListElement":[{"@type":"ListItem","position":1,"name":"Inicio","item":"https:\/\/www.mercadokeys.com.mx\/"},{"@type":"ListItem","position":2,"name":"Tienda","item":"https:\/\/www.mercadokeys.com\/shop\/"},{"@type":"ListItem","position":3,"name":"F1 2019 Steam CD Key"}]},{"@type":"WebSite","@id":"https:\/\/www.mercadokeys.com\/eng\/#website","url":"https:\/\/www.mercadokeys.com\/eng\/","name":"MERCADOKEYS","description":"Tu Tienda de videojuegos digitales en Mexico!","potentialAction":[{"@type":"SearchAction","target":{"@type":"EntryPoint","urlTemplate":"https:\/\/www.mercadokeys.com\/eng\/?s={search_term_string}"},"query-input":{"@type":"PropertyValueSpecification","valueRequired":true,"valueName":"search_term_string"}}],"inLanguage":"en-GB"}]}},"df_price":632.228202,"df_sale_price":632.228202,"df_regular_price":632.228202,"df_image_link":"https:\/\/www.mercadokeys.com.mx\/wp-content\/uploads\/2020\/12\/f1-2019_cover_original-225x300.jpg","_links":{"self":[{"href":"https:\/\/www.mercadokeys.com.mx\/eng\/wp-json\/wp\/v2\/product\/92822","targetHints":{"allow":["GET"]}}],"collection":[{"href":"https:\/\/www.mercadokeys.com.mx\/eng\/wp-json\/wp\/v2\/product"}],"about":[{"href":"https:\/\/www.mercadokeys.com.mx\/eng\/wp-json\/wp\/v2\/types\/product"}],"wp:featuredmedia":[{"embeddable":true,"href":"https:\/\/www.mercadokeys.com.mx\/eng\/wp-json\/wp\/v2\/media\/92831"}],"wp:attachment":[{"href":"https:\/\/www.mercadokeys.com.mx\/eng\/wp-json\/wp\/v2\/media?parent=92822"}],"wp:term":[{"taxonomy":"product_brand","embeddable":true,"href":"https:\/\/www.mercadokeys.com.mx\/eng\/wp-json\/wp\/v2\/product_brand?post=92822"},{"taxonomy":"product_cat","embeddable":true,"href":"https:\/\/www.mercadokeys.com.mx\/eng\/wp-json\/wp\/v2\/product_cat?post=92822"},{"taxonomy":"product_tag","embeddable":true,"href":"https:\/\/www.mercadokeys.com.mx\/eng\/wp-json\/wp\/v2\/product_tag?post=92822"}],"curies":[{"name":"wp","href":"https:\/\/api.w.org\/{rel}","templated":true}]}}