{"id":91517,"date":"2020-12-17T16:11:50","date_gmt":"2020-12-18T00:11:50","guid":{"rendered":"https:\/\/www.mercadokeys.com\/product\/total-war-three-kingdoms-steam-cd-key\/"},"modified":"2022-06-28T06:29:33","modified_gmt":"2022-06-28T13:29:33","slug":"total-war-three-kingdoms-steam-cd-key","status":"publish","type":"product","link":"https:\/\/www.mercadokeys.com.mx\/eng\/product\/total-war-three-kingdoms-steam-cd-key\/","title":{"rendered":"Total War: THREE KINGDOMS Steam CD Key"},"content":{"rendered":"<p><span style=\"vertical-align: inherit;\">En Total War: THREE KINGDOMS\u00a0 es el a\u00f1o es 190 EC. China est\u00e1 en crisis. La dinast\u00eda Han se derrumba ante el ni\u00f1o emperador. No es m\u00e1s que una figura decorativa; una mera marioneta para el tirano se\u00f1or de la guerra Dong Zhuo. Es un r\u00e9gimen brutal y opresivo, y a medida que crece el poder de Dong Zhuo, el imperio se desliza m\u00e1s hacia el caldero de la anarqu\u00eda. Pero la esperanza a\u00fan florece. Tres h\u00e9roes, que han jurado hermandad frente a la tiran\u00eda, re\u00fanen apoyo para las pruebas que se avecinan. Olfateando la oportunidad, los se\u00f1ores de la guerra de las grandes familias de China siguen su ejemplo, formando una fr\u00e1gil coalici\u00f3n en un intento por desafiar el despiadado gobierno de Dong Zhuo. \u00bfTriunfar\u00e1n contra el tirano, o la ambici\u00f3n personal har\u00e1 a\u00f1icos su alianza ya desmoronada y los llevar\u00e1 a la supremac\u00eda? El crisol burbujea. Las lealtades cambian. Los fuegos del conflicto avivan las oportunidades. Solo una cosa es segura: el futuro de China lo moldear\u00e1n sus campeones. Todo esto en En Total War: THREE KINGDOMS.<\/span><\/p>","protected":false},"excerpt":{"rendered":"<p>En Total War: THREE KINGDOMS\u00a0 es el a\u00f1o es 190 EC. China est\u00e1 en crisis. La dinast\u00eda Han se derrumba ante el ni\u00f1o emperador. No es m\u00e1s que una figura decorativa; una mera marioneta para el tirano se\u00f1or de la guerra Dong Zhuo. Es un r\u00e9gimen brutal y opresivo, y a medida que crece el&#8230;<\/p>","protected":false},"featured_media":91527,"template":"","meta":{"_monsterinsights_skip_tracking":false,"_monsterinsights_sitenote_active":false,"_monsterinsights_sitenote_note":"","_monsterinsights_sitenote_category":0},"product_brand":[],"product_cat":[1501,2981,1271,1283,1280,1273,1401,1424],"product_tag":[1526,2283,2303,2302],"class_list":{"0":"post-91517","1":"product","2":"type-product","3":"status-publish","4":"has-post-thumbnail","6":"product_cat-tienda-de-videojuegos-ultimos-juegos-tijuana-mexico","7":"product_cat-destacados","8":"product_cat-tienda-de-videojuegos-tijuana-mexico","9":"product_cat-tienda-de-videojuegos-plataformas-tijuana-mexico","10":"product_cat-tienda-de-videojuegos-pc-tijuana-mexico","11":"product_cat-tienda-de-videojuegos-steam-key-tijuana-mexico","12":"product_cat-tienda-de-videojuegos-estrategia-tijuana-mexico","13":"product_cat-tienda-de-videojuegos-lo-mas-jugados-tijuana-mexico","14":"product_tag-steam","15":"product_tag-total-war","16":"product_tag-total-war-three-kingdoms","17":"product_tag-total-war-three-kingdoms-steam","19":"first","20":"instock","21":"shipping-taxable","22":"purchasable","23":"product-type-simple"},"yoast_head":"<!-- This site is optimized with the Yoast SEO plugin v27.0 - https:\/\/yoast.com\/product\/yoast-seo-wordpress\/ -->\n<title>Total War: THREE KINGDOMS Steam CD Key - MERCADOKEYS<\/title>\n<meta name=\"description\" content=\"En Total War: THREE KINGDOMS\u00a0 es el a\u00f1o es 190 EC. China est\u00e1 en crisis. La dinast\u00eda Han se derrumba ante el ni\u00f1o emperador.\" \/>\n<meta name=\"robots\" content=\"index, follow, max-snippet:-1, max-image-preview:large, max-video-preview:-1\" \/>\n<link rel=\"canonical\" href=\"https:\/\/www.mercadokeys.com\/product\/total-war-three-kingdoms-steam-cd-key\/\" \/>\n<meta property=\"og:locale\" content=\"en_GB\" \/>\n<meta property=\"og:type\" content=\"article\" \/>\n<meta property=\"og:title\" content=\"Total War: THREE KINGDOMS Steam CD Key - MERCADOKEYS\" \/>\n<meta property=\"og:description\" content=\"En Total War: THREE KINGDOMS\u00a0 es el a\u00f1o es 190 EC. China est\u00e1 en crisis. La dinast\u00eda Han se derrumba ante el ni\u00f1o emperador.\" \/>\n<meta property=\"og:url\" content=\"https:\/\/www.mercadokeys.com\/product\/total-war-three-kingdoms-steam-cd-key\/\" \/>\n<meta property=\"og:site_name\" content=\"MERCADOKEYS\" \/>\n<meta property=\"article:modified_time\" content=\"2022-06-28T13:29:33+00:00\" \/>\n<meta property=\"og:image\" content=\"https:\/\/www.mercadokeys.com\/wp-content\/uploads\/2020\/12\/total-war-three-kingdoms_cover_original-4.png\" \/>\n\t<meta property=\"og:image:width\" content=\"756\" \/>\n\t<meta property=\"og:image:height\" content=\"1080\" \/>\n\t<meta property=\"og:image:type\" content=\"image\/png\" \/>\n<meta name=\"twitter:card\" content=\"summary_large_image\" \/>\n<meta name=\"twitter:label1\" content=\"Estimated reading time\" \/>\n\t<meta name=\"twitter:data1\" content=\"1 minute\" \/>\n<script type=\"application\/ld+json\" class=\"yoast-schema-graph\">{\"@context\":\"https:\/\/schema.org\",\"@graph\":[{\"@type\":\"WebPage\",\"@id\":\"https:\/\/www.mercadokeys.com\/product\/total-war-three-kingdoms-steam-cd-key\/\",\"url\":\"https:\/\/www.mercadokeys.com\/product\/total-war-three-kingdoms-steam-cd-key\/\",\"name\":\"Total War: THREE KINGDOMS Steam CD Key - MERCADOKEYS\",\"isPartOf\":{\"@id\":\"https:\/\/www.mercadokeys.com\/eng\/#website\"},\"primaryImageOfPage\":{\"@id\":\"https:\/\/www.mercadokeys.com\/product\/total-war-three-kingdoms-steam-cd-key\/#primaryimage\"},\"image\":{\"@id\":\"https:\/\/www.mercadokeys.com\/product\/total-war-three-kingdoms-steam-cd-key\/#primaryimage\"},\"thumbnailUrl\":\"https:\/\/www.mercadokeys.com.mx\/wp-content\/uploads\/2020\/12\/total-war-three-kingdoms_cover_original-4.png\",\"datePublished\":\"2020-12-18T00:11:50+00:00\",\"dateModified\":\"2022-06-28T13:29:33+00:00\",\"description\":\"En Total War: THREE KINGDOMS\u00a0 es el a\u00f1o es 190 EC. China est\u00e1 en crisis. La dinast\u00eda Han se derrumba ante el ni\u00f1o emperador.\",\"breadcrumb\":{\"@id\":\"https:\/\/www.mercadokeys.com\/product\/total-war-three-kingdoms-steam-cd-key\/#breadcrumb\"},\"inLanguage\":\"en-GB\",\"potentialAction\":[{\"@type\":\"ReadAction\",\"target\":[\"https:\/\/www.mercadokeys.com\/product\/total-war-three-kingdoms-steam-cd-key\/\"]}]},{\"@type\":\"ImageObject\",\"inLanguage\":\"en-GB\",\"@id\":\"https:\/\/www.mercadokeys.com\/product\/total-war-three-kingdoms-steam-cd-key\/#primaryimage\",\"url\":\"https:\/\/www.mercadokeys.com.mx\/wp-content\/uploads\/2020\/12\/total-war-three-kingdoms_cover_original-4.png\",\"contentUrl\":\"https:\/\/www.mercadokeys.com.mx\/wp-content\/uploads\/2020\/12\/total-war-three-kingdoms_cover_original-4.png\",\"width\":756,\"height\":1080,\"caption\":\"En Total War: THREE KINGDOMS\u00a0 es el a\u00f1o es 190 EC. China est\u00e1 en crisis. La dinast\u00eda Han se derrumba ante el ni\u00f1o emperador.\"},{\"@type\":\"BreadcrumbList\",\"@id\":\"https:\/\/www.mercadokeys.com\/product\/total-war-three-kingdoms-steam-cd-key\/#breadcrumb\",\"itemListElement\":[{\"@type\":\"ListItem\",\"position\":1,\"name\":\"Inicio\",\"item\":\"https:\/\/www.mercadokeys.com.mx\/\"},{\"@type\":\"ListItem\",\"position\":2,\"name\":\"Tienda\",\"item\":\"https:\/\/www.mercadokeys.com\/shop\/\"},{\"@type\":\"ListItem\",\"position\":3,\"name\":\"Total War: THREE KINGDOMS Steam CD Key\"}]},{\"@type\":\"WebSite\",\"@id\":\"https:\/\/www.mercadokeys.com\/eng\/#website\",\"url\":\"https:\/\/www.mercadokeys.com\/eng\/\",\"name\":\"MERCADOKEYS\",\"description\":\"Tu Tienda de videojuegos digitales en Mexico!\",\"potentialAction\":[{\"@type\":\"SearchAction\",\"target\":{\"@type\":\"EntryPoint\",\"urlTemplate\":\"https:\/\/www.mercadokeys.com\/eng\/?s={search_term_string}\"},\"query-input\":{\"@type\":\"PropertyValueSpecification\",\"valueRequired\":true,\"valueName\":\"search_term_string\"}}],\"inLanguage\":\"en-GB\"}]}<\/script>\n<!-- \/ Yoast SEO plugin. -->","yoast_head_json":{"title":"Total War: THREE KINGDOMS Steam CD Key - MERCADOKEYS","description":"En Total War: THREE KINGDOMS\u00a0 es el a\u00f1o es 190 EC. China est\u00e1 en crisis. La dinast\u00eda Han se derrumba ante el ni\u00f1o emperador.","robots":{"index":"index","follow":"follow","max-snippet":"max-snippet:-1","max-image-preview":"max-image-preview:large","max-video-preview":"max-video-preview:-1"},"canonical":"https:\/\/www.mercadokeys.com\/product\/total-war-three-kingdoms-steam-cd-key\/","og_locale":"en_GB","og_type":"article","og_title":"Total War: THREE KINGDOMS Steam CD Key - MERCADOKEYS","og_description":"En Total War: THREE KINGDOMS\u00a0 es el a\u00f1o es 190 EC. China est\u00e1 en crisis. La dinast\u00eda Han se derrumba ante el ni\u00f1o emperador.","og_url":"https:\/\/www.mercadokeys.com\/product\/total-war-three-kingdoms-steam-cd-key\/","og_site_name":"MERCADOKEYS","article_modified_time":"2022-06-28T13:29:33+00:00","og_image":[{"width":756,"height":1080,"url":"https:\/\/www.mercadokeys.com\/wp-content\/uploads\/2020\/12\/total-war-three-kingdoms_cover_original-4.png","type":"image\/png"}],"twitter_card":"summary_large_image","twitter_misc":{"Estimated reading time":"1 minute"},"schema":{"@context":"https:\/\/schema.org","@graph":[{"@type":"WebPage","@id":"https:\/\/www.mercadokeys.com\/product\/total-war-three-kingdoms-steam-cd-key\/","url":"https:\/\/www.mercadokeys.com\/product\/total-war-three-kingdoms-steam-cd-key\/","name":"Total War: THREE KINGDOMS Steam CD Key - MERCADOKEYS","isPartOf":{"@id":"https:\/\/www.mercadokeys.com\/eng\/#website"},"primaryImageOfPage":{"@id":"https:\/\/www.mercadokeys.com\/product\/total-war-three-kingdoms-steam-cd-key\/#primaryimage"},"image":{"@id":"https:\/\/www.mercadokeys.com\/product\/total-war-three-kingdoms-steam-cd-key\/#primaryimage"},"thumbnailUrl":"https:\/\/www.mercadokeys.com.mx\/wp-content\/uploads\/2020\/12\/total-war-three-kingdoms_cover_original-4.png","datePublished":"2020-12-18T00:11:50+00:00","dateModified":"2022-06-28T13:29:33+00:00","description":"En Total War: THREE KINGDOMS\u00a0 es el a\u00f1o es 190 EC. China est\u00e1 en crisis. La dinast\u00eda Han se derrumba ante el ni\u00f1o emperador.","breadcrumb":{"@id":"https:\/\/www.mercadokeys.com\/product\/total-war-three-kingdoms-steam-cd-key\/#breadcrumb"},"inLanguage":"en-GB","potentialAction":[{"@type":"ReadAction","target":["https:\/\/www.mercadokeys.com\/product\/total-war-three-kingdoms-steam-cd-key\/"]}]},{"@type":"ImageObject","inLanguage":"en-GB","@id":"https:\/\/www.mercadokeys.com\/product\/total-war-three-kingdoms-steam-cd-key\/#primaryimage","url":"https:\/\/www.mercadokeys.com.mx\/wp-content\/uploads\/2020\/12\/total-war-three-kingdoms_cover_original-4.png","contentUrl":"https:\/\/www.mercadokeys.com.mx\/wp-content\/uploads\/2020\/12\/total-war-three-kingdoms_cover_original-4.png","width":756,"height":1080,"caption":"En Total War: THREE KINGDOMS\u00a0 es el a\u00f1o es 190 EC. China est\u00e1 en crisis. La dinast\u00eda Han se derrumba ante el ni\u00f1o emperador."},{"@type":"BreadcrumbList","@id":"https:\/\/www.mercadokeys.com\/product\/total-war-three-kingdoms-steam-cd-key\/#breadcrumb","itemListElement":[{"@type":"ListItem","position":1,"name":"Inicio","item":"https:\/\/www.mercadokeys.com.mx\/"},{"@type":"ListItem","position":2,"name":"Tienda","item":"https:\/\/www.mercadokeys.com\/shop\/"},{"@type":"ListItem","position":3,"name":"Total War: THREE KINGDOMS Steam CD Key"}]},{"@type":"WebSite","@id":"https:\/\/www.mercadokeys.com\/eng\/#website","url":"https:\/\/www.mercadokeys.com\/eng\/","name":"MERCADOKEYS","description":"Tu Tienda de videojuegos digitales en Mexico!","potentialAction":[{"@type":"SearchAction","target":{"@type":"EntryPoint","urlTemplate":"https:\/\/www.mercadokeys.com\/eng\/?s={search_term_string}"},"query-input":{"@type":"PropertyValueSpecification","valueRequired":true,"valueName":"search_term_string"}}],"inLanguage":"en-GB"}]}},"df_price":477.228486,"df_sale_price":477.228486,"df_regular_price":477.228486,"df_image_link":"https:\/\/www.mercadokeys.com.mx\/wp-content\/uploads\/2020\/12\/total-war-three-kingdoms_cover_original-4-210x300.png","_links":{"self":[{"href":"https:\/\/www.mercadokeys.com.mx\/eng\/wp-json\/wp\/v2\/product\/91517","targetHints":{"allow":["GET"]}}],"collection":[{"href":"https:\/\/www.mercadokeys.com.mx\/eng\/wp-json\/wp\/v2\/product"}],"about":[{"href":"https:\/\/www.mercadokeys.com.mx\/eng\/wp-json\/wp\/v2\/types\/product"}],"wp:featuredmedia":[{"embeddable":true,"href":"https:\/\/www.mercadokeys.com.mx\/eng\/wp-json\/wp\/v2\/media\/91527"}],"wp:attachment":[{"href":"https:\/\/www.mercadokeys.com.mx\/eng\/wp-json\/wp\/v2\/media?parent=91517"}],"wp:term":[{"taxonomy":"product_brand","embeddable":true,"href":"https:\/\/www.mercadokeys.com.mx\/eng\/wp-json\/wp\/v2\/product_brand?post=91517"},{"taxonomy":"product_cat","embeddable":true,"href":"https:\/\/www.mercadokeys.com.mx\/eng\/wp-json\/wp\/v2\/product_cat?post=91517"},{"taxonomy":"product_tag","embeddable":true,"href":"https:\/\/www.mercadokeys.com.mx\/eng\/wp-json\/wp\/v2\/product_tag?post=91517"}],"curies":[{"name":"wp","href":"https:\/\/api.w.org\/{rel}","templated":true}]}}