{"id":89592,"date":"2020-12-17T14:27:00","date_gmt":"2020-12-17T22:27:00","guid":{"rendered":"https:\/\/www.mercadokeys.com\/product\/commandos-3-destination-berlin-steam-cd-key\/"},"modified":"2022-06-28T06:31:27","modified_gmt":"2022-06-28T13:31:27","slug":"commandos-3-destination-berlin-steam-cd-key","status":"publish","type":"product","link":"https:\/\/www.mercadokeys.com.mx\/eng\/product\/commandos-3-destination-berlin-steam-cd-key\/","title":{"rendered":"Commandos 3: Destination Berlin Steam CD Key"},"content":{"rendered":"<p><span style=\"vertical-align: inherit\">En Commandos 3: Destination Berlin prep\u00e1rate para llevar a los comandos a su misi\u00f3n m\u00e1s mort\u00edfera mientras te adentras en territorio enemigo a lo largo de tres extensas campa\u00f1as. Desde las ruinas de Stalingrado hasta la Europa central ocupada por los nazis y hasta las playas de Normand\u00eda. Tus hombres deben usar sus habilidades para confundir al enemigo. Los comandos son los mejores que tienen los aliados, \u00bfest\u00e1s en condiciones de liderarlos?<\/span><\/p>","protected":false},"excerpt":{"rendered":"<p>En Commandos 3: Destination Berlin prep\u00e1rate para llevar a los comandos a su misi\u00f3n m\u00e1s mort\u00edfera mientras te adentras en territorio enemigo a lo largo de tres extensas campa\u00f1as. Desde las ruinas de Stalingrado hasta la Europa central ocupada por los nazis y hasta las playas de Normand\u00eda. Tus hombres deben usar sus habilidades para&#8230;<\/p>","protected":false},"featured_media":89600,"template":"","meta":{"_monsterinsights_skip_tracking":false,"_monsterinsights_sitenote_active":false,"_monsterinsights_sitenote_note":"","_monsterinsights_sitenote_category":0},"product_brand":[],"product_cat":[1501,2981,3596,1271,3164,1420,1283,1280,1273,1401,1428],"product_tag":[1642,1643,1526],"class_list":{"0":"post-89592","1":"product","2":"type-product","3":"status-publish","4":"has-post-thumbnail","6":"product_cat-tienda-de-videojuegos-ultimos-juegos-tijuana-mexico","7":"product_cat-destacados","8":"product_cat-tienda-de-videojuegos-steam-recomendados-en-tijuana-mexico","9":"product_cat-tienda-de-videojuegos-tijuana-mexico","10":"product_cat-tienda-de-videojuegos-baratos-economicos-tijuana-mexico","11":"product_cat-tienda-de-videojuegos-populares-tijuana-mexico","12":"product_cat-tienda-de-videojuegos-plataformas-tijuana-mexico","13":"product_cat-tienda-de-videojuegos-pc-tijuana-mexico","14":"product_cat-tienda-de-videojuegos-steam-key-tijuana-mexico","15":"product_cat-tienda-de-videojuegos-estrategia-tijuana-mexico","16":"product_cat-tienda-de-videojuegos-cooperativos-tijuana-mexico","17":"product_tag-commandos-3-destination-berlin","18":"product_tag-commandos-3-destination-berlin-steam","19":"product_tag-steam","21":"first","22":"instock","23":"shipping-taxable","24":"purchasable","25":"product-type-simple"},"yoast_head":"<!-- This site is optimized with the Yoast SEO plugin v27.0 - https:\/\/yoast.com\/product\/yoast-seo-wordpress\/ -->\n<title>Commandos 3: Destination Berlin Steam CD Key - MERCADOKEYS<\/title>\n<meta name=\"description\" content=\"En Commandos 3: Destination Berlin prep\u00e1rate para llevar a los comandos a su misi\u00f3n m\u00e1s mort\u00edfera mientras te adentras en territorio enemigo\" \/>\n<meta name=\"robots\" content=\"index, follow, max-snippet:-1, max-image-preview:large, max-video-preview:-1\" \/>\n<link rel=\"canonical\" href=\"https:\/\/www.mercadokeys.com\/product\/commandos-3-destination-berlin-steam-cd-key\/\" \/>\n<meta property=\"og:locale\" content=\"en_GB\" \/>\n<meta property=\"og:type\" content=\"article\" \/>\n<meta property=\"og:title\" content=\"Commandos 3: Destination Berlin Steam CD Key - MERCADOKEYS\" \/>\n<meta property=\"og:description\" content=\"En Commandos 3: Destination Berlin prep\u00e1rate para llevar a los comandos a su misi\u00f3n m\u00e1s mort\u00edfera mientras te adentras en territorio enemigo\" \/>\n<meta property=\"og:url\" content=\"https:\/\/www.mercadokeys.com\/product\/commandos-3-destination-berlin-steam-cd-key\/\" \/>\n<meta property=\"og:site_name\" content=\"MERCADOKEYS\" \/>\n<meta property=\"article:modified_time\" content=\"2022-06-28T13:31:27+00:00\" \/>\n<meta property=\"og:image\" content=\"https:\/\/www.mercadokeys.com\/wp-content\/uploads\/2020\/12\/commandos-3-destination-berlin_cover_original-1.jpg\" \/>\n\t<meta property=\"og:image:width\" content=\"640\" \/>\n\t<meta property=\"og:image:height\" content=\"908\" \/>\n\t<meta property=\"og:image:type\" content=\"image\/jpeg\" \/>\n<meta name=\"twitter:card\" content=\"summary_large_image\" \/>\n<meta name=\"twitter:label1\" content=\"Estimated reading time\" \/>\n\t<meta name=\"twitter:data1\" content=\"1 minute\" \/>\n<script type=\"application\/ld+json\" class=\"yoast-schema-graph\">{\"@context\":\"https:\/\/schema.org\",\"@graph\":[{\"@type\":\"WebPage\",\"@id\":\"https:\/\/www.mercadokeys.com\/product\/commandos-3-destination-berlin-steam-cd-key\/\",\"url\":\"https:\/\/www.mercadokeys.com\/product\/commandos-3-destination-berlin-steam-cd-key\/\",\"name\":\"Commandos 3: Destination Berlin Steam CD Key - MERCADOKEYS\",\"isPartOf\":{\"@id\":\"https:\/\/www.mercadokeys.com\/eng\/#website\"},\"primaryImageOfPage\":{\"@id\":\"https:\/\/www.mercadokeys.com\/product\/commandos-3-destination-berlin-steam-cd-key\/#primaryimage\"},\"image\":{\"@id\":\"https:\/\/www.mercadokeys.com\/product\/commandos-3-destination-berlin-steam-cd-key\/#primaryimage\"},\"thumbnailUrl\":\"https:\/\/www.mercadokeys.com.mx\/wp-content\/uploads\/2020\/12\/commandos-3-destination-berlin_cover_original-1.jpg\",\"datePublished\":\"2020-12-17T22:27:00+00:00\",\"dateModified\":\"2022-06-28T13:31:27+00:00\",\"description\":\"En Commandos 3: Destination Berlin prep\u00e1rate para llevar a los comandos a su misi\u00f3n m\u00e1s mort\u00edfera mientras te adentras en territorio enemigo\",\"breadcrumb\":{\"@id\":\"https:\/\/www.mercadokeys.com\/product\/commandos-3-destination-berlin-steam-cd-key\/#breadcrumb\"},\"inLanguage\":\"en-GB\",\"potentialAction\":[{\"@type\":\"ReadAction\",\"target\":[\"https:\/\/www.mercadokeys.com\/product\/commandos-3-destination-berlin-steam-cd-key\/\"]}]},{\"@type\":\"ImageObject\",\"inLanguage\":\"en-GB\",\"@id\":\"https:\/\/www.mercadokeys.com\/product\/commandos-3-destination-berlin-steam-cd-key\/#primaryimage\",\"url\":\"https:\/\/www.mercadokeys.com.mx\/wp-content\/uploads\/2020\/12\/commandos-3-destination-berlin_cover_original-1.jpg\",\"contentUrl\":\"https:\/\/www.mercadokeys.com.mx\/wp-content\/uploads\/2020\/12\/commandos-3-destination-berlin_cover_original-1.jpg\",\"width\":640,\"height\":908,\"caption\":\"En Commandos 3: Destination Berlin prep\u00e1rate para llevar a los comandos a su misi\u00f3n m\u00e1s mort\u00edfera mientras te adentras en territorio enemigo\"},{\"@type\":\"BreadcrumbList\",\"@id\":\"https:\/\/www.mercadokeys.com\/product\/commandos-3-destination-berlin-steam-cd-key\/#breadcrumb\",\"itemListElement\":[{\"@type\":\"ListItem\",\"position\":1,\"name\":\"Inicio\",\"item\":\"https:\/\/www.mercadokeys.com.mx\/\"},{\"@type\":\"ListItem\",\"position\":2,\"name\":\"Tienda\",\"item\":\"https:\/\/www.mercadokeys.com\/shop\/\"},{\"@type\":\"ListItem\",\"position\":3,\"name\":\"Commandos 3: Destination Berlin Steam CD Key\"}]},{\"@type\":\"WebSite\",\"@id\":\"https:\/\/www.mercadokeys.com\/eng\/#website\",\"url\":\"https:\/\/www.mercadokeys.com\/eng\/\",\"name\":\"MERCADOKEYS\",\"description\":\"Tu Tienda de videojuegos digitales en Mexico!\",\"potentialAction\":[{\"@type\":\"SearchAction\",\"target\":{\"@type\":\"EntryPoint\",\"urlTemplate\":\"https:\/\/www.mercadokeys.com\/eng\/?s={search_term_string}\"},\"query-input\":{\"@type\":\"PropertyValueSpecification\",\"valueRequired\":true,\"valueName\":\"search_term_string\"}}],\"inLanguage\":\"en-GB\"}]}<\/script>\n<!-- \/ Yoast SEO plugin. -->","yoast_head_json":{"title":"Commandos 3: Destination Berlin Steam CD Key - MERCADOKEYS","description":"En Commandos 3: Destination Berlin prep\u00e1rate para llevar a los comandos a su misi\u00f3n m\u00e1s mort\u00edfera mientras te adentras en territorio enemigo","robots":{"index":"index","follow":"follow","max-snippet":"max-snippet:-1","max-image-preview":"max-image-preview:large","max-video-preview":"max-video-preview:-1"},"canonical":"https:\/\/www.mercadokeys.com\/product\/commandos-3-destination-berlin-steam-cd-key\/","og_locale":"en_GB","og_type":"article","og_title":"Commandos 3: Destination Berlin Steam CD Key - MERCADOKEYS","og_description":"En Commandos 3: Destination Berlin prep\u00e1rate para llevar a los comandos a su misi\u00f3n m\u00e1s mort\u00edfera mientras te adentras en territorio enemigo","og_url":"https:\/\/www.mercadokeys.com\/product\/commandos-3-destination-berlin-steam-cd-key\/","og_site_name":"MERCADOKEYS","article_modified_time":"2022-06-28T13:31:27+00:00","og_image":[{"width":640,"height":908,"url":"https:\/\/www.mercadokeys.com\/wp-content\/uploads\/2020\/12\/commandos-3-destination-berlin_cover_original-1.jpg","type":"image\/jpeg"}],"twitter_card":"summary_large_image","twitter_misc":{"Estimated reading time":"1 minute"},"schema":{"@context":"https:\/\/schema.org","@graph":[{"@type":"WebPage","@id":"https:\/\/www.mercadokeys.com\/product\/commandos-3-destination-berlin-steam-cd-key\/","url":"https:\/\/www.mercadokeys.com\/product\/commandos-3-destination-berlin-steam-cd-key\/","name":"Commandos 3: Destination Berlin Steam CD Key - MERCADOKEYS","isPartOf":{"@id":"https:\/\/www.mercadokeys.com\/eng\/#website"},"primaryImageOfPage":{"@id":"https:\/\/www.mercadokeys.com\/product\/commandos-3-destination-berlin-steam-cd-key\/#primaryimage"},"image":{"@id":"https:\/\/www.mercadokeys.com\/product\/commandos-3-destination-berlin-steam-cd-key\/#primaryimage"},"thumbnailUrl":"https:\/\/www.mercadokeys.com.mx\/wp-content\/uploads\/2020\/12\/commandos-3-destination-berlin_cover_original-1.jpg","datePublished":"2020-12-17T22:27:00+00:00","dateModified":"2022-06-28T13:31:27+00:00","description":"En Commandos 3: Destination Berlin prep\u00e1rate para llevar a los comandos a su misi\u00f3n m\u00e1s mort\u00edfera mientras te adentras en territorio enemigo","breadcrumb":{"@id":"https:\/\/www.mercadokeys.com\/product\/commandos-3-destination-berlin-steam-cd-key\/#breadcrumb"},"inLanguage":"en-GB","potentialAction":[{"@type":"ReadAction","target":["https:\/\/www.mercadokeys.com\/product\/commandos-3-destination-berlin-steam-cd-key\/"]}]},{"@type":"ImageObject","inLanguage":"en-GB","@id":"https:\/\/www.mercadokeys.com\/product\/commandos-3-destination-berlin-steam-cd-key\/#primaryimage","url":"https:\/\/www.mercadokeys.com.mx\/wp-content\/uploads\/2020\/12\/commandos-3-destination-berlin_cover_original-1.jpg","contentUrl":"https:\/\/www.mercadokeys.com.mx\/wp-content\/uploads\/2020\/12\/commandos-3-destination-berlin_cover_original-1.jpg","width":640,"height":908,"caption":"En Commandos 3: Destination Berlin prep\u00e1rate para llevar a los comandos a su misi\u00f3n m\u00e1s mort\u00edfera mientras te adentras en territorio enemigo"},{"@type":"BreadcrumbList","@id":"https:\/\/www.mercadokeys.com\/product\/commandos-3-destination-berlin-steam-cd-key\/#breadcrumb","itemListElement":[{"@type":"ListItem","position":1,"name":"Inicio","item":"https:\/\/www.mercadokeys.com.mx\/"},{"@type":"ListItem","position":2,"name":"Tienda","item":"https:\/\/www.mercadokeys.com\/shop\/"},{"@type":"ListItem","position":3,"name":"Commandos 3: Destination Berlin Steam CD Key"}]},{"@type":"WebSite","@id":"https:\/\/www.mercadokeys.com\/eng\/#website","url":"https:\/\/www.mercadokeys.com\/eng\/","name":"MERCADOKEYS","description":"Tu Tienda de videojuegos digitales en Mexico!","potentialAction":[{"@type":"SearchAction","target":{"@type":"EntryPoint","urlTemplate":"https:\/\/www.mercadokeys.com\/eng\/?s={search_term_string}"},"query-input":{"@type":"PropertyValueSpecification","valueRequired":true,"valueName":"search_term_string"}}],"inLanguage":"en-GB"}]}},"df_price":34.739318,"df_sale_price":34.739318,"df_regular_price":34.739318,"df_image_link":"https:\/\/www.mercadokeys.com.mx\/wp-content\/uploads\/2020\/12\/commandos-3-destination-berlin_cover_original-1-211x300.jpg","_links":{"self":[{"href":"https:\/\/www.mercadokeys.com.mx\/eng\/wp-json\/wp\/v2\/product\/89592","targetHints":{"allow":["GET"]}}],"collection":[{"href":"https:\/\/www.mercadokeys.com.mx\/eng\/wp-json\/wp\/v2\/product"}],"about":[{"href":"https:\/\/www.mercadokeys.com.mx\/eng\/wp-json\/wp\/v2\/types\/product"}],"wp:featuredmedia":[{"embeddable":true,"href":"https:\/\/www.mercadokeys.com.mx\/eng\/wp-json\/wp\/v2\/media\/89600"}],"wp:attachment":[{"href":"https:\/\/www.mercadokeys.com.mx\/eng\/wp-json\/wp\/v2\/media?parent=89592"}],"wp:term":[{"taxonomy":"product_brand","embeddable":true,"href":"https:\/\/www.mercadokeys.com.mx\/eng\/wp-json\/wp\/v2\/product_brand?post=89592"},{"taxonomy":"product_cat","embeddable":true,"href":"https:\/\/www.mercadokeys.com.mx\/eng\/wp-json\/wp\/v2\/product_cat?post=89592"},{"taxonomy":"product_tag","embeddable":true,"href":"https:\/\/www.mercadokeys.com.mx\/eng\/wp-json\/wp\/v2\/product_tag?post=89592"}],"curies":[{"name":"wp","href":"https:\/\/api.w.org\/{rel}","templated":true}]}}