{"id":87240,"date":"2020-12-17T11:47:29","date_gmt":"2020-12-17T19:47:29","guid":{"rendered":"https:\/\/www.mercadokeys.com\/product\/lego-the-lord-of-the-rings-steam-cd-key\/"},"modified":"2022-06-28T06:34:54","modified_gmt":"2022-06-28T13:34:54","slug":"lego-the-lord-of-the-rings-steam-cd-key","status":"publish","type":"product","link":"https:\/\/www.mercadokeys.com.mx\/eng\/product\/lego-the-lord-of-the-rings-steam-cd-key\/","title":{"rendered":"LEGO The Lord of the Rings Steam CD Key"},"content":{"rendered":"<p><span style=\"vertical-align: inherit;\">LEGO The Lord of the Rings est\u00e1 basado en la trilog\u00eda cinematogr\u00e1fica El se\u00f1or de los anillos, LEGO The Lord of the Rings sigue las historias originales de El se\u00f1or de los anillos: La comunidad del anillo, El se\u00f1or de los anillos: Las dos torres y El se\u00f1or de los anillos: The Return of the King; que lleva a los jugadores a trav\u00e9s de la historia \u00e9pica reinventada con el humor y la infinita variedad de juegos de LEGO. Confiado con la peligrosa tarea de destruir un antiguo anillo m\u00e1gico que amenaza todo lo bueno; Frodo se ve obligado a abandonar su apacible hogar. <\/span><\/p>\n<p><span style=\"vertical-align: inherit;\">Adem\u00e1s, el anillo quiere ser encontrado y el camino hacia Mount Doom; el \u00fanico lugar donde puede ser destruido. Sin embargo, ser\u00e1 peligroso y estar\u00e1 plagado de Orcos y cosas m\u00e1s inmundas. Por su parte, para ayudar a Frodo, se forma una Comunidad: Aragorn el Ranger, Gandalf el Mago, Legolas el Elfo, Gimli el Enano, Boromir un Hombre de Gondor y los amigos Hobbit de Frodo, Sam, Merry y Pippin.<\/span><\/p>","protected":false},"excerpt":{"rendered":"<p>LEGO The Lord of the Rings est\u00e1 basado en la trilog\u00eda cinematogr\u00e1fica El se\u00f1or de los anillos, LEGO The Lord of the Rings sigue las historias originales de El se\u00f1or de los anillos: La comunidad del anillo, El se\u00f1or de los anillos: Las dos torres y El se\u00f1or de los anillos: The Return of the&#8230;<\/p>","protected":false},"featured_media":87251,"template":"","meta":{"_monsterinsights_skip_tracking":false,"_monsterinsights_sitenote_active":false,"_monsterinsights_sitenote_note":"","_monsterinsights_sitenote_category":0},"product_brand":[],"product_cat":[1501,2981,3596,1271,3164,1420,1283,1280,1273,1394,1378,1428],"product_tag":[1685,1686,1526],"class_list":{"0":"post-87240","1":"product","2":"type-product","3":"status-publish","4":"has-post-thumbnail","6":"product_cat-tienda-de-videojuegos-ultimos-juegos-tijuana-mexico","7":"product_cat-destacados","8":"product_cat-tienda-de-videojuegos-steam-recomendados-en-tijuana-mexico","9":"product_cat-tienda-de-videojuegos-tijuana-mexico","10":"product_cat-tienda-de-videojuegos-baratos-economicos-tijuana-mexico","11":"product_cat-tienda-de-videojuegos-populares-tijuana-mexico","12":"product_cat-tienda-de-videojuegos-plataformas-tijuana-mexico","13":"product_cat-tienda-de-videojuegos-pc-tijuana-mexico","14":"product_cat-tienda-de-videojuegos-steam-key-tijuana-mexico","15":"product_cat-tienda-de-videojuegos-aventura-tijuana-mexico","16":"product_cat-tienda-de-videojuegos-mas-vendidos-tijuana-mexico","17":"product_cat-tienda-de-videojuegos-cooperativos-tijuana-mexico","18":"product_tag-lego-the-lord-of-the-rings","19":"product_tag-lego-the-lord-of-the-rings-steam","20":"product_tag-steam","22":"first","23":"instock","24":"shipping-taxable","25":"purchasable","26":"product-type-simple"},"yoast_head":"<!-- This site is optimized with the Yoast SEO plugin v27.0 - https:\/\/yoast.com\/product\/yoast-seo-wordpress\/ -->\n<title>LEGO The Lord of the Rings Steam CD Key - MERCADOKEYS<\/title>\n<meta name=\"description\" content=\"LEGO The Lord of the Rings sigue las historias originales de El se\u00f1or de los anillos: La comunidad del anillo, Las dos torres y The Return of the King\" \/>\n<meta name=\"robots\" content=\"index, follow, max-snippet:-1, max-image-preview:large, max-video-preview:-1\" \/>\n<link rel=\"canonical\" href=\"https:\/\/www.mercadokeys.com\/product\/lego-the-lord-of-the-rings-steam-cd-key\/\" \/>\n<meta property=\"og:locale\" content=\"en_GB\" \/>\n<meta property=\"og:type\" content=\"article\" \/>\n<meta property=\"og:title\" content=\"LEGO The Lord of the Rings Steam CD Key - MERCADOKEYS\" \/>\n<meta property=\"og:description\" content=\"LEGO The Lord of the Rings sigue las historias originales de El se\u00f1or de los anillos: La comunidad del anillo, Las dos torres y The Return of the King\" \/>\n<meta property=\"og:url\" content=\"https:\/\/www.mercadokeys.com\/product\/lego-the-lord-of-the-rings-steam-cd-key\/\" \/>\n<meta property=\"og:site_name\" content=\"MERCADOKEYS\" \/>\n<meta property=\"article:modified_time\" content=\"2022-06-28T13:34:54+00:00\" \/>\n<meta property=\"og:image\" content=\"https:\/\/www.mercadokeys.com\/wp-content\/uploads\/2020\/12\/lego-the-lord-of-the-rings_cover_original-2-717x1024.png\" \/>\n\t<meta property=\"og:image:width\" content=\"717\" \/>\n\t<meta property=\"og:image:height\" content=\"1024\" \/>\n\t<meta property=\"og:image:type\" content=\"image\/png\" \/>\n<meta name=\"twitter:card\" content=\"summary_large_image\" \/>\n<meta name=\"twitter:label1\" content=\"Estimated reading time\" \/>\n\t<meta name=\"twitter:data1\" content=\"1 minute\" \/>\n<script type=\"application\/ld+json\" class=\"yoast-schema-graph\">{\"@context\":\"https:\/\/schema.org\",\"@graph\":[{\"@type\":\"WebPage\",\"@id\":\"https:\/\/www.mercadokeys.com\/product\/lego-the-lord-of-the-rings-steam-cd-key\/\",\"url\":\"https:\/\/www.mercadokeys.com\/product\/lego-the-lord-of-the-rings-steam-cd-key\/\",\"name\":\"LEGO The Lord of the Rings Steam CD Key - MERCADOKEYS\",\"isPartOf\":{\"@id\":\"https:\/\/www.mercadokeys.com\/eng\/#website\"},\"primaryImageOfPage\":{\"@id\":\"https:\/\/www.mercadokeys.com\/product\/lego-the-lord-of-the-rings-steam-cd-key\/#primaryimage\"},\"image\":{\"@id\":\"https:\/\/www.mercadokeys.com\/product\/lego-the-lord-of-the-rings-steam-cd-key\/#primaryimage\"},\"thumbnailUrl\":\"https:\/\/www.mercadokeys.com.mx\/wp-content\/uploads\/2020\/12\/lego-the-lord-of-the-rings_cover_original-2.png\",\"datePublished\":\"2020-12-17T19:47:29+00:00\",\"dateModified\":\"2022-06-28T13:34:54+00:00\",\"description\":\"LEGO The Lord of the Rings sigue las historias originales de El se\u00f1or de los anillos: La comunidad del anillo, Las dos torres y The Return of the King\",\"breadcrumb\":{\"@id\":\"https:\/\/www.mercadokeys.com\/product\/lego-the-lord-of-the-rings-steam-cd-key\/#breadcrumb\"},\"inLanguage\":\"en-GB\",\"potentialAction\":[{\"@type\":\"ReadAction\",\"target\":[\"https:\/\/www.mercadokeys.com\/product\/lego-the-lord-of-the-rings-steam-cd-key\/\"]}]},{\"@type\":\"ImageObject\",\"inLanguage\":\"en-GB\",\"@id\":\"https:\/\/www.mercadokeys.com\/product\/lego-the-lord-of-the-rings-steam-cd-key\/#primaryimage\",\"url\":\"https:\/\/www.mercadokeys.com.mx\/wp-content\/uploads\/2020\/12\/lego-the-lord-of-the-rings_cover_original-2.png\",\"contentUrl\":\"https:\/\/www.mercadokeys.com.mx\/wp-content\/uploads\/2020\/12\/lego-the-lord-of-the-rings_cover_original-2.png\",\"width\":1506,\"height\":2150,\"caption\":\"LEGO The Lord of the Rings sigue las historias originales de El se\u00f1or de los anillos: La comunidad del anillo, Las dos torres y The Return of the King\"},{\"@type\":\"BreadcrumbList\",\"@id\":\"https:\/\/www.mercadokeys.com\/product\/lego-the-lord-of-the-rings-steam-cd-key\/#breadcrumb\",\"itemListElement\":[{\"@type\":\"ListItem\",\"position\":1,\"name\":\"Inicio\",\"item\":\"https:\/\/www.mercadokeys.com.mx\/\"},{\"@type\":\"ListItem\",\"position\":2,\"name\":\"Tienda\",\"item\":\"https:\/\/www.mercadokeys.com\/shop\/\"},{\"@type\":\"ListItem\",\"position\":3,\"name\":\"LEGO The Lord of the Rings Steam CD Key\"}]},{\"@type\":\"WebSite\",\"@id\":\"https:\/\/www.mercadokeys.com\/eng\/#website\",\"url\":\"https:\/\/www.mercadokeys.com\/eng\/\",\"name\":\"MERCADOKEYS\",\"description\":\"Tu Tienda de videojuegos digitales en Mexico!\",\"potentialAction\":[{\"@type\":\"SearchAction\",\"target\":{\"@type\":\"EntryPoint\",\"urlTemplate\":\"https:\/\/www.mercadokeys.com\/eng\/?s={search_term_string}\"},\"query-input\":{\"@type\":\"PropertyValueSpecification\",\"valueRequired\":true,\"valueName\":\"search_term_string\"}}],\"inLanguage\":\"en-GB\"}]}<\/script>\n<!-- \/ Yoast SEO plugin. -->","yoast_head_json":{"title":"LEGO The Lord of the Rings Steam CD Key - MERCADOKEYS","description":"LEGO The Lord of the Rings sigue las historias originales de El se\u00f1or de los anillos: La comunidad del anillo, Las dos torres y The Return of the King","robots":{"index":"index","follow":"follow","max-snippet":"max-snippet:-1","max-image-preview":"max-image-preview:large","max-video-preview":"max-video-preview:-1"},"canonical":"https:\/\/www.mercadokeys.com\/product\/lego-the-lord-of-the-rings-steam-cd-key\/","og_locale":"en_GB","og_type":"article","og_title":"LEGO The Lord of the Rings Steam CD Key - MERCADOKEYS","og_description":"LEGO The Lord of the Rings sigue las historias originales de El se\u00f1or de los anillos: La comunidad del anillo, Las dos torres y The Return of the King","og_url":"https:\/\/www.mercadokeys.com\/product\/lego-the-lord-of-the-rings-steam-cd-key\/","og_site_name":"MERCADOKEYS","article_modified_time":"2022-06-28T13:34:54+00:00","og_image":[{"width":717,"height":1024,"url":"https:\/\/www.mercadokeys.com\/wp-content\/uploads\/2020\/12\/lego-the-lord-of-the-rings_cover_original-2-717x1024.png","type":"image\/png"}],"twitter_card":"summary_large_image","twitter_misc":{"Estimated reading time":"1 minute"},"schema":{"@context":"https:\/\/schema.org","@graph":[{"@type":"WebPage","@id":"https:\/\/www.mercadokeys.com\/product\/lego-the-lord-of-the-rings-steam-cd-key\/","url":"https:\/\/www.mercadokeys.com\/product\/lego-the-lord-of-the-rings-steam-cd-key\/","name":"LEGO The Lord of the Rings Steam CD Key - MERCADOKEYS","isPartOf":{"@id":"https:\/\/www.mercadokeys.com\/eng\/#website"},"primaryImageOfPage":{"@id":"https:\/\/www.mercadokeys.com\/product\/lego-the-lord-of-the-rings-steam-cd-key\/#primaryimage"},"image":{"@id":"https:\/\/www.mercadokeys.com\/product\/lego-the-lord-of-the-rings-steam-cd-key\/#primaryimage"},"thumbnailUrl":"https:\/\/www.mercadokeys.com.mx\/wp-content\/uploads\/2020\/12\/lego-the-lord-of-the-rings_cover_original-2.png","datePublished":"2020-12-17T19:47:29+00:00","dateModified":"2022-06-28T13:34:54+00:00","description":"LEGO The Lord of the Rings sigue las historias originales de El se\u00f1or de los anillos: La comunidad del anillo, Las dos torres y The Return of the King","breadcrumb":{"@id":"https:\/\/www.mercadokeys.com\/product\/lego-the-lord-of-the-rings-steam-cd-key\/#breadcrumb"},"inLanguage":"en-GB","potentialAction":[{"@type":"ReadAction","target":["https:\/\/www.mercadokeys.com\/product\/lego-the-lord-of-the-rings-steam-cd-key\/"]}]},{"@type":"ImageObject","inLanguage":"en-GB","@id":"https:\/\/www.mercadokeys.com\/product\/lego-the-lord-of-the-rings-steam-cd-key\/#primaryimage","url":"https:\/\/www.mercadokeys.com.mx\/wp-content\/uploads\/2020\/12\/lego-the-lord-of-the-rings_cover_original-2.png","contentUrl":"https:\/\/www.mercadokeys.com.mx\/wp-content\/uploads\/2020\/12\/lego-the-lord-of-the-rings_cover_original-2.png","width":1506,"height":2150,"caption":"LEGO The Lord of the Rings sigue las historias originales de El se\u00f1or de los anillos: La comunidad del anillo, Las dos torres y The Return of the King"},{"@type":"BreadcrumbList","@id":"https:\/\/www.mercadokeys.com\/product\/lego-the-lord-of-the-rings-steam-cd-key\/#breadcrumb","itemListElement":[{"@type":"ListItem","position":1,"name":"Inicio","item":"https:\/\/www.mercadokeys.com.mx\/"},{"@type":"ListItem","position":2,"name":"Tienda","item":"https:\/\/www.mercadokeys.com\/shop\/"},{"@type":"ListItem","position":3,"name":"LEGO The Lord of the Rings Steam CD Key"}]},{"@type":"WebSite","@id":"https:\/\/www.mercadokeys.com\/eng\/#website","url":"https:\/\/www.mercadokeys.com\/eng\/","name":"MERCADOKEYS","description":"Tu Tienda de videojuegos digitales en Mexico!","potentialAction":[{"@type":"SearchAction","target":{"@type":"EntryPoint","urlTemplate":"https:\/\/www.mercadokeys.com\/eng\/?s={search_term_string}"},"query-input":{"@type":"PropertyValueSpecification","valueRequired":true,"valueName":"search_term_string"}}],"inLanguage":"en-GB"}]}},"df_price":90.724605,"df_sale_price":90.724605,"df_regular_price":90.724605,"df_image_link":"https:\/\/www.mercadokeys.com.mx\/wp-content\/uploads\/2020\/12\/lego-the-lord-of-the-rings_cover_original-2-210x300.png","_links":{"self":[{"href":"https:\/\/www.mercadokeys.com.mx\/eng\/wp-json\/wp\/v2\/product\/87240","targetHints":{"allow":["GET"]}}],"collection":[{"href":"https:\/\/www.mercadokeys.com.mx\/eng\/wp-json\/wp\/v2\/product"}],"about":[{"href":"https:\/\/www.mercadokeys.com.mx\/eng\/wp-json\/wp\/v2\/types\/product"}],"wp:featuredmedia":[{"embeddable":true,"href":"https:\/\/www.mercadokeys.com.mx\/eng\/wp-json\/wp\/v2\/media\/87251"}],"wp:attachment":[{"href":"https:\/\/www.mercadokeys.com.mx\/eng\/wp-json\/wp\/v2\/media?parent=87240"}],"wp:term":[{"taxonomy":"product_brand","embeddable":true,"href":"https:\/\/www.mercadokeys.com.mx\/eng\/wp-json\/wp\/v2\/product_brand?post=87240"},{"taxonomy":"product_cat","embeddable":true,"href":"https:\/\/www.mercadokeys.com.mx\/eng\/wp-json\/wp\/v2\/product_cat?post=87240"},{"taxonomy":"product_tag","embeddable":true,"href":"https:\/\/www.mercadokeys.com.mx\/eng\/wp-json\/wp\/v2\/product_tag?post=87240"}],"curies":[{"name":"wp","href":"https:\/\/api.w.org\/{rel}","templated":true}]}}