{"id":85238,"date":"2020-12-17T09:46:24","date_gmt":"2020-12-17T17:46:24","guid":{"rendered":"https:\/\/www.mercadokeys.com\/product\/creed-rise-to-glory-steam-cd-key\/"},"modified":"2022-06-27T06:35:02","modified_gmt":"2022-06-27T13:35:02","slug":"creed-rise-to-glory-steam-cd-key","status":"publish","type":"product","link":"https:\/\/www.mercadokeys.com.mx\/eng\/product\/creed-rise-to-glory-steam-cd-key\/","title":{"rendered":"Creed: Rise to Glory Steam CD Key"},"content":{"rendered":"<p><span style=\"vertical-align: inherit\">\u00bfTienes lo que se necesita para convertirte en campe\u00f3n? Sigue el ascenso del boxeador Adonis Creed mientras te enfrentas cara a cara con los mejores oponentes del mundo en esta intensa experiencia de boxeo cinematogr\u00e1fico. En Creed: Rise to Glory con la nueva tecnolog\u00eda Phantom Melee para un impactante combate cuerpo a cuerpo en realidad virtual, entrenar\u00e1s, luchar\u00e1s y ganar\u00e1s como un Credo. Todo esto en En Creed: Rise to Glory\u00a0<\/span><\/p>","protected":false},"excerpt":{"rendered":"<p>\u00bfTienes lo que se necesita para convertirte en campe\u00f3n? Sigue el ascenso del boxeador Adonis Creed mientras te enfrentas cara a cara con los mejores oponentes del mundo en esta intensa experiencia de boxeo cinematogr\u00e1fico. En Creed: Rise to Glory con la nueva tecnolog\u00eda Phantom Melee para un impactante combate cuerpo a cuerpo en realidad&#8230;<\/p>","protected":false},"featured_media":85248,"template":"","meta":{"_monsterinsights_skip_tracking":false,"_monsterinsights_sitenote_active":false,"_monsterinsights_sitenote_note":"","_monsterinsights_sitenote_category":0},"product_brand":[],"product_cat":[1501,2981,1271,1283,1280,1273,1396,1426],"product_tag":[2437,2436,1526],"class_list":{"0":"post-85238","1":"product","2":"type-product","3":"status-publish","4":"has-post-thumbnail","6":"product_cat-tienda-de-videojuegos-ultimos-juegos-tijuana-mexico","7":"product_cat-destacados","8":"product_cat-tienda-de-videojuegos-tijuana-mexico","9":"product_cat-tienda-de-videojuegos-plataformas-tijuana-mexico","10":"product_cat-tienda-de-videojuegos-pc-tijuana-mexico","11":"product_cat-tienda-de-videojuegos-steam-key-tijuana-mexico","12":"product_cat-tienda-de-videojuegos-simulacion-tijuana-mexico","13":"product_cat-tienda-de-videojuegos-lo-mejor-del-vr-tijuana-mexico","14":"product_tag-creed-rise-to-glory","15":"product_tag-creed-rise-to-glory-steam","16":"product_tag-steam","18":"first","19":"instock","20":"shipping-taxable","21":"purchasable","22":"product-type-simple"},"yoast_head":"<!-- This site is optimized with the Yoast SEO plugin v27.0 - https:\/\/yoast.com\/product\/yoast-seo-wordpress\/ -->\n<title>Creed: Rise to Glory Steam CD Key - MERCADOKEYS<\/title>\n<meta name=\"description\" content=\"En Creed: Rise to Glory con la nueva tecnolog\u00eda Phantom Melee para un impactante combate cuerpo a cuerpo en realidad virtual, entrenar\u00e1s, luchar\u00e1s y ganar\u00e1s\" \/>\n<meta name=\"robots\" content=\"index, follow, max-snippet:-1, max-image-preview:large, max-video-preview:-1\" \/>\n<link rel=\"canonical\" href=\"https:\/\/www.mercadokeys.com\/product\/creed-rise-to-glory-steam-cd-key\/\" \/>\n<meta property=\"og:locale\" content=\"en_GB\" \/>\n<meta property=\"og:type\" content=\"article\" \/>\n<meta property=\"og:title\" content=\"Creed: Rise to Glory Steam CD Key - MERCADOKEYS\" \/>\n<meta property=\"og:description\" content=\"En Creed: Rise to Glory con la nueva tecnolog\u00eda Phantom Melee para un impactante combate cuerpo a cuerpo en realidad virtual, entrenar\u00e1s, luchar\u00e1s y ganar\u00e1s\" \/>\n<meta property=\"og:url\" content=\"https:\/\/www.mercadokeys.com\/product\/creed-rise-to-glory-steam-cd-key\/\" \/>\n<meta property=\"og:site_name\" content=\"MERCADOKEYS\" \/>\n<meta property=\"article:modified_time\" content=\"2022-06-27T13:35:02+00:00\" \/>\n<meta property=\"og:image\" content=\"https:\/\/www.mercadokeys.com\/wp-content\/uploads\/2020\/12\/creed-rise-to-glory_cover_original.png\" \/>\n\t<meta property=\"og:image:width\" content=\"537\" \/>\n\t<meta property=\"og:image:height\" content=\"325\" \/>\n\t<meta property=\"og:image:type\" content=\"image\/png\" \/>\n<meta name=\"twitter:card\" content=\"summary_large_image\" \/>\n<meta name=\"twitter:label1\" content=\"Estimated reading time\" \/>\n\t<meta name=\"twitter:data1\" content=\"1 minute\" \/>\n<script type=\"application\/ld+json\" class=\"yoast-schema-graph\">{\"@context\":\"https:\/\/schema.org\",\"@graph\":[{\"@type\":\"WebPage\",\"@id\":\"https:\/\/www.mercadokeys.com\/product\/creed-rise-to-glory-steam-cd-key\/\",\"url\":\"https:\/\/www.mercadokeys.com\/product\/creed-rise-to-glory-steam-cd-key\/\",\"name\":\"Creed: Rise to Glory Steam CD Key - MERCADOKEYS\",\"isPartOf\":{\"@id\":\"https:\/\/www.mercadokeys.com\/eng\/#website\"},\"primaryImageOfPage\":{\"@id\":\"https:\/\/www.mercadokeys.com\/product\/creed-rise-to-glory-steam-cd-key\/#primaryimage\"},\"image\":{\"@id\":\"https:\/\/www.mercadokeys.com\/product\/creed-rise-to-glory-steam-cd-key\/#primaryimage\"},\"thumbnailUrl\":\"https:\/\/www.mercadokeys.com.mx\/wp-content\/uploads\/2020\/12\/creed-rise-to-glory_cover_original.png\",\"datePublished\":\"2020-12-17T17:46:24+00:00\",\"dateModified\":\"2022-06-27T13:35:02+00:00\",\"description\":\"En Creed: Rise to Glory con la nueva tecnolog\u00eda Phantom Melee para un impactante combate cuerpo a cuerpo en realidad virtual, entrenar\u00e1s, luchar\u00e1s y ganar\u00e1s\",\"breadcrumb\":{\"@id\":\"https:\/\/www.mercadokeys.com\/product\/creed-rise-to-glory-steam-cd-key\/#breadcrumb\"},\"inLanguage\":\"en-GB\",\"potentialAction\":[{\"@type\":\"ReadAction\",\"target\":[\"https:\/\/www.mercadokeys.com\/product\/creed-rise-to-glory-steam-cd-key\/\"]}]},{\"@type\":\"ImageObject\",\"inLanguage\":\"en-GB\",\"@id\":\"https:\/\/www.mercadokeys.com\/product\/creed-rise-to-glory-steam-cd-key\/#primaryimage\",\"url\":\"https:\/\/www.mercadokeys.com.mx\/wp-content\/uploads\/2020\/12\/creed-rise-to-glory_cover_original.png\",\"contentUrl\":\"https:\/\/www.mercadokeys.com.mx\/wp-content\/uploads\/2020\/12\/creed-rise-to-glory_cover_original.png\",\"width\":537,\"height\":325,\"caption\":\"En Creed: Rise to Glory con la nueva tecnolog\u00eda Phantom Melee para un impactante combate cuerpo a cuerpo en realidad virtual, entrenar\u00e1s, luchar\u00e1s y ganar\u00e1s\"},{\"@type\":\"BreadcrumbList\",\"@id\":\"https:\/\/www.mercadokeys.com\/product\/creed-rise-to-glory-steam-cd-key\/#breadcrumb\",\"itemListElement\":[{\"@type\":\"ListItem\",\"position\":1,\"name\":\"Inicio\",\"item\":\"https:\/\/www.mercadokeys.com.mx\/\"},{\"@type\":\"ListItem\",\"position\":2,\"name\":\"Tienda\",\"item\":\"https:\/\/www.mercadokeys.com\/shop\/\"},{\"@type\":\"ListItem\",\"position\":3,\"name\":\"Creed: Rise to Glory Steam CD Key\"}]},{\"@type\":\"WebSite\",\"@id\":\"https:\/\/www.mercadokeys.com\/eng\/#website\",\"url\":\"https:\/\/www.mercadokeys.com\/eng\/\",\"name\":\"MERCADOKEYS\",\"description\":\"Tu Tienda de videojuegos digitales en Mexico!\",\"potentialAction\":[{\"@type\":\"SearchAction\",\"target\":{\"@type\":\"EntryPoint\",\"urlTemplate\":\"https:\/\/www.mercadokeys.com\/eng\/?s={search_term_string}\"},\"query-input\":{\"@type\":\"PropertyValueSpecification\",\"valueRequired\":true,\"valueName\":\"search_term_string\"}}],\"inLanguage\":\"en-GB\"}]}<\/script>\n<!-- \/ Yoast SEO plugin. -->","yoast_head_json":{"title":"Creed: Rise to Glory Steam CD Key - MERCADOKEYS","description":"En Creed: Rise to Glory con la nueva tecnolog\u00eda Phantom Melee para un impactante combate cuerpo a cuerpo en realidad virtual, entrenar\u00e1s, luchar\u00e1s y ganar\u00e1s","robots":{"index":"index","follow":"follow","max-snippet":"max-snippet:-1","max-image-preview":"max-image-preview:large","max-video-preview":"max-video-preview:-1"},"canonical":"https:\/\/www.mercadokeys.com\/product\/creed-rise-to-glory-steam-cd-key\/","og_locale":"en_GB","og_type":"article","og_title":"Creed: Rise to Glory Steam CD Key - MERCADOKEYS","og_description":"En Creed: Rise to Glory con la nueva tecnolog\u00eda Phantom Melee para un impactante combate cuerpo a cuerpo en realidad virtual, entrenar\u00e1s, luchar\u00e1s y ganar\u00e1s","og_url":"https:\/\/www.mercadokeys.com\/product\/creed-rise-to-glory-steam-cd-key\/","og_site_name":"MERCADOKEYS","article_modified_time":"2022-06-27T13:35:02+00:00","og_image":[{"width":537,"height":325,"url":"https:\/\/www.mercadokeys.com\/wp-content\/uploads\/2020\/12\/creed-rise-to-glory_cover_original.png","type":"image\/png"}],"twitter_card":"summary_large_image","twitter_misc":{"Estimated reading time":"1 minute"},"schema":{"@context":"https:\/\/schema.org","@graph":[{"@type":"WebPage","@id":"https:\/\/www.mercadokeys.com\/product\/creed-rise-to-glory-steam-cd-key\/","url":"https:\/\/www.mercadokeys.com\/product\/creed-rise-to-glory-steam-cd-key\/","name":"Creed: Rise to Glory Steam CD Key - MERCADOKEYS","isPartOf":{"@id":"https:\/\/www.mercadokeys.com\/eng\/#website"},"primaryImageOfPage":{"@id":"https:\/\/www.mercadokeys.com\/product\/creed-rise-to-glory-steam-cd-key\/#primaryimage"},"image":{"@id":"https:\/\/www.mercadokeys.com\/product\/creed-rise-to-glory-steam-cd-key\/#primaryimage"},"thumbnailUrl":"https:\/\/www.mercadokeys.com.mx\/wp-content\/uploads\/2020\/12\/creed-rise-to-glory_cover_original.png","datePublished":"2020-12-17T17:46:24+00:00","dateModified":"2022-06-27T13:35:02+00:00","description":"En Creed: Rise to Glory con la nueva tecnolog\u00eda Phantom Melee para un impactante combate cuerpo a cuerpo en realidad virtual, entrenar\u00e1s, luchar\u00e1s y ganar\u00e1s","breadcrumb":{"@id":"https:\/\/www.mercadokeys.com\/product\/creed-rise-to-glory-steam-cd-key\/#breadcrumb"},"inLanguage":"en-GB","potentialAction":[{"@type":"ReadAction","target":["https:\/\/www.mercadokeys.com\/product\/creed-rise-to-glory-steam-cd-key\/"]}]},{"@type":"ImageObject","inLanguage":"en-GB","@id":"https:\/\/www.mercadokeys.com\/product\/creed-rise-to-glory-steam-cd-key\/#primaryimage","url":"https:\/\/www.mercadokeys.com.mx\/wp-content\/uploads\/2020\/12\/creed-rise-to-glory_cover_original.png","contentUrl":"https:\/\/www.mercadokeys.com.mx\/wp-content\/uploads\/2020\/12\/creed-rise-to-glory_cover_original.png","width":537,"height":325,"caption":"En Creed: Rise to Glory con la nueva tecnolog\u00eda Phantom Melee para un impactante combate cuerpo a cuerpo en realidad virtual, entrenar\u00e1s, luchar\u00e1s y ganar\u00e1s"},{"@type":"BreadcrumbList","@id":"https:\/\/www.mercadokeys.com\/product\/creed-rise-to-glory-steam-cd-key\/#breadcrumb","itemListElement":[{"@type":"ListItem","position":1,"name":"Inicio","item":"https:\/\/www.mercadokeys.com.mx\/"},{"@type":"ListItem","position":2,"name":"Tienda","item":"https:\/\/www.mercadokeys.com\/shop\/"},{"@type":"ListItem","position":3,"name":"Creed: Rise to Glory Steam CD Key"}]},{"@type":"WebSite","@id":"https:\/\/www.mercadokeys.com\/eng\/#website","url":"https:\/\/www.mercadokeys.com\/eng\/","name":"MERCADOKEYS","description":"Tu Tienda de videojuegos digitales en Mexico!","potentialAction":[{"@type":"SearchAction","target":{"@type":"EntryPoint","urlTemplate":"https:\/\/www.mercadokeys.com\/eng\/?s={search_term_string}"},"query-input":{"@type":"PropertyValueSpecification","valueRequired":true,"valueName":"search_term_string"}}],"inLanguage":"en-GB"}]}},"df_price":297.541919,"df_sale_price":297.541919,"df_regular_price":297.541919,"df_image_link":"https:\/\/www.mercadokeys.com.mx\/wp-content\/uploads\/2020\/12\/creed-rise-to-glory_cover_original-300x182.png","_links":{"self":[{"href":"https:\/\/www.mercadokeys.com.mx\/eng\/wp-json\/wp\/v2\/product\/85238","targetHints":{"allow":["GET"]}}],"collection":[{"href":"https:\/\/www.mercadokeys.com.mx\/eng\/wp-json\/wp\/v2\/product"}],"about":[{"href":"https:\/\/www.mercadokeys.com.mx\/eng\/wp-json\/wp\/v2\/types\/product"}],"wp:featuredmedia":[{"embeddable":true,"href":"https:\/\/www.mercadokeys.com.mx\/eng\/wp-json\/wp\/v2\/media\/85248"}],"wp:attachment":[{"href":"https:\/\/www.mercadokeys.com.mx\/eng\/wp-json\/wp\/v2\/media?parent=85238"}],"wp:term":[{"taxonomy":"product_brand","embeddable":true,"href":"https:\/\/www.mercadokeys.com.mx\/eng\/wp-json\/wp\/v2\/product_brand?post=85238"},{"taxonomy":"product_cat","embeddable":true,"href":"https:\/\/www.mercadokeys.com.mx\/eng\/wp-json\/wp\/v2\/product_cat?post=85238"},{"taxonomy":"product_tag","embeddable":true,"href":"https:\/\/www.mercadokeys.com.mx\/eng\/wp-json\/wp\/v2\/product_tag?post=85238"}],"curies":[{"name":"wp","href":"https:\/\/api.w.org\/{rel}","templated":true}]}}