{"id":83995,"date":"2020-12-17T08:20:03","date_gmt":"2020-12-17T16:20:03","guid":{"rendered":"https:\/\/www.mercadokeys.com\/product\/yakuza-0-steam-cd-key\/"},"modified":"2022-06-27T06:36:52","modified_gmt":"2022-06-27T13:36:52","slug":"yakuza-0-steam-cd-key","status":"publish","type":"product","link":"https:\/\/www.mercadokeys.com.mx\/eng\/product\/yakuza-0-steam-cd-key\/","title":{"rendered":"Yakuza 0 Steam CD Key"},"content":{"rendered":"<p><span style=\"vertical-align: inherit;\">Justo cuando Kazuma, una ex estrella en ascenso de la Yakuza, sale de la prisi\u00f3n despu\u00e9s de un encubrimiento de un asesinato, 10 mil millones de yenes desaparecen de la b\u00f3veda de la Yakuza, lo que lo obliga una vez m\u00e1s a su mundo brutal y sin ley. Una joven misteriosa llevar\u00e1 a Kazuma a las respuestas si puede mantenerla con vida.<\/span><\/p>","protected":false},"excerpt":{"rendered":"<p>Justo cuando Kazuma, una ex estrella en ascenso de la Yakuza, sale de la prisi\u00f3n despu\u00e9s de un encubrimiento de un asesinato, 10 mil millones de yenes desaparecen de la b\u00f3veda de la Yakuza, lo que lo obliga una vez m\u00e1s a su mundo brutal y sin ley. Una joven misteriosa llevar\u00e1 a Kazuma a&#8230;<\/p>","protected":false},"featured_media":84009,"template":"","meta":{"_monsterinsights_skip_tracking":false,"_monsterinsights_sitenote_active":false,"_monsterinsights_sitenote_note":"","_monsterinsights_sitenote_category":0},"product_brand":[],"product_cat":[1501,2981,1271,1283,1280,1273,1405,1427],"product_tag":[1526,2488,2487,2486],"class_list":{"0":"post-83995","1":"product","2":"type-product","3":"status-publish","4":"has-post-thumbnail","6":"product_cat-tienda-de-videojuegos-ultimos-juegos-tijuana-mexico","7":"product_cat-destacados","8":"product_cat-tienda-de-videojuegos-tijuana-mexico","9":"product_cat-tienda-de-videojuegos-plataformas-tijuana-mexico","10":"product_cat-tienda-de-videojuegos-pc-tijuana-mexico","11":"product_cat-tienda-de-videojuegos-steam-key-tijuana-mexico","12":"product_cat-tienda-de-videojuegos-rpg-tijuana-mexico","13":"product_cat-tienda-de-videojuegos-juegos-para-mando-tijuana-mexico","14":"product_tag-steam","15":"product_tag-yakuza","16":"product_tag-yakuza-0","17":"product_tag-yakuza-0-steam","19":"first","20":"instock","21":"shipping-taxable","22":"purchasable","23":"product-type-simple"},"yoast_head":"<!-- This site is optimized with the Yoast SEO plugin v27.0 - https:\/\/yoast.com\/product\/yoast-seo-wordpress\/ -->\n<title>Yakuza 0 Steam CD Key - MERCADOKEYS<\/title>\n<meta name=\"description\" content=\"Justo cuando Kazuma, una ex estrella en ascenso de la Yakuza, sale de la prisi\u00f3n despu\u00e9s de un encubrimiento de un asesinato...\" \/>\n<meta name=\"robots\" content=\"index, follow, max-snippet:-1, max-image-preview:large, max-video-preview:-1\" \/>\n<link rel=\"canonical\" href=\"https:\/\/www.mercadokeys.com\/product\/yakuza-0-steam-cd-key\/\" \/>\n<meta property=\"og:locale\" content=\"en_GB\" \/>\n<meta property=\"og:type\" content=\"article\" \/>\n<meta property=\"og:title\" content=\"Yakuza 0 Steam CD Key - MERCADOKEYS\" \/>\n<meta property=\"og:description\" content=\"Justo cuando Kazuma, una ex estrella en ascenso de la Yakuza, sale de la prisi\u00f3n despu\u00e9s de un encubrimiento de un asesinato...\" \/>\n<meta property=\"og:url\" content=\"https:\/\/www.mercadokeys.com\/product\/yakuza-0-steam-cd-key\/\" \/>\n<meta property=\"og:site_name\" content=\"MERCADOKEYS\" \/>\n<meta property=\"article:modified_time\" content=\"2022-06-27T13:36:52+00:00\" \/>\n<meta property=\"og:image\" content=\"https:\/\/www.mercadokeys.com\/wp-content\/uploads\/2020\/12\/yakuza_cover_original.jpg\" \/>\n\t<meta property=\"og:image:width\" content=\"640\" \/>\n\t<meta property=\"og:image:height\" content=\"815\" \/>\n\t<meta property=\"og:image:type\" content=\"image\/jpeg\" \/>\n<meta name=\"twitter:card\" content=\"summary_large_image\" \/>\n<meta name=\"twitter:label1\" content=\"Estimated reading time\" \/>\n\t<meta name=\"twitter:data1\" content=\"1 minute\" \/>\n<script type=\"application\/ld+json\" class=\"yoast-schema-graph\">{\"@context\":\"https:\/\/schema.org\",\"@graph\":[{\"@type\":\"WebPage\",\"@id\":\"https:\/\/www.mercadokeys.com\/product\/yakuza-0-steam-cd-key\/\",\"url\":\"https:\/\/www.mercadokeys.com\/product\/yakuza-0-steam-cd-key\/\",\"name\":\"Yakuza 0 Steam CD Key - MERCADOKEYS\",\"isPartOf\":{\"@id\":\"https:\/\/www.mercadokeys.com\/eng\/#website\"},\"primaryImageOfPage\":{\"@id\":\"https:\/\/www.mercadokeys.com\/product\/yakuza-0-steam-cd-key\/#primaryimage\"},\"image\":{\"@id\":\"https:\/\/www.mercadokeys.com\/product\/yakuza-0-steam-cd-key\/#primaryimage\"},\"thumbnailUrl\":\"https:\/\/www.mercadokeys.com.mx\/wp-content\/uploads\/2020\/12\/yakuza_cover_original.jpg\",\"datePublished\":\"2020-12-17T16:20:03+00:00\",\"dateModified\":\"2022-06-27T13:36:52+00:00\",\"description\":\"Justo cuando Kazuma, una ex estrella en ascenso de la Yakuza, sale de la prisi\u00f3n despu\u00e9s de un encubrimiento de un asesinato...\",\"breadcrumb\":{\"@id\":\"https:\/\/www.mercadokeys.com\/product\/yakuza-0-steam-cd-key\/#breadcrumb\"},\"inLanguage\":\"en-GB\",\"potentialAction\":[{\"@type\":\"ReadAction\",\"target\":[\"https:\/\/www.mercadokeys.com\/product\/yakuza-0-steam-cd-key\/\"]}]},{\"@type\":\"ImageObject\",\"inLanguage\":\"en-GB\",\"@id\":\"https:\/\/www.mercadokeys.com\/product\/yakuza-0-steam-cd-key\/#primaryimage\",\"url\":\"https:\/\/www.mercadokeys.com.mx\/wp-content\/uploads\/2020\/12\/yakuza_cover_original.jpg\",\"contentUrl\":\"https:\/\/www.mercadokeys.com.mx\/wp-content\/uploads\/2020\/12\/yakuza_cover_original.jpg\",\"width\":640,\"height\":815,\"caption\":\"Justo cuando Kazuma, una ex estrella en ascenso de la Yakuza, sale de la prisi\u00f3n despu\u00e9s de un encubrimiento de un asesinato...\"},{\"@type\":\"BreadcrumbList\",\"@id\":\"https:\/\/www.mercadokeys.com\/product\/yakuza-0-steam-cd-key\/#breadcrumb\",\"itemListElement\":[{\"@type\":\"ListItem\",\"position\":1,\"name\":\"Inicio\",\"item\":\"https:\/\/www.mercadokeys.com.mx\/\"},{\"@type\":\"ListItem\",\"position\":2,\"name\":\"Tienda\",\"item\":\"https:\/\/www.mercadokeys.com\/shop\/\"},{\"@type\":\"ListItem\",\"position\":3,\"name\":\"Yakuza 0 Steam CD Key\"}]},{\"@type\":\"WebSite\",\"@id\":\"https:\/\/www.mercadokeys.com\/eng\/#website\",\"url\":\"https:\/\/www.mercadokeys.com\/eng\/\",\"name\":\"MERCADOKEYS\",\"description\":\"Tu Tienda de videojuegos digitales en Mexico!\",\"potentialAction\":[{\"@type\":\"SearchAction\",\"target\":{\"@type\":\"EntryPoint\",\"urlTemplate\":\"https:\/\/www.mercadokeys.com\/eng\/?s={search_term_string}\"},\"query-input\":{\"@type\":\"PropertyValueSpecification\",\"valueRequired\":true,\"valueName\":\"search_term_string\"}}],\"inLanguage\":\"en-GB\"}]}<\/script>\n<!-- \/ Yoast SEO plugin. -->","yoast_head_json":{"title":"Yakuza 0 Steam CD Key - MERCADOKEYS","description":"Justo cuando Kazuma, una ex estrella en ascenso de la Yakuza, sale de la prisi\u00f3n despu\u00e9s de un encubrimiento de un asesinato...","robots":{"index":"index","follow":"follow","max-snippet":"max-snippet:-1","max-image-preview":"max-image-preview:large","max-video-preview":"max-video-preview:-1"},"canonical":"https:\/\/www.mercadokeys.com\/product\/yakuza-0-steam-cd-key\/","og_locale":"en_GB","og_type":"article","og_title":"Yakuza 0 Steam CD Key - MERCADOKEYS","og_description":"Justo cuando Kazuma, una ex estrella en ascenso de la Yakuza, sale de la prisi\u00f3n despu\u00e9s de un encubrimiento de un asesinato...","og_url":"https:\/\/www.mercadokeys.com\/product\/yakuza-0-steam-cd-key\/","og_site_name":"MERCADOKEYS","article_modified_time":"2022-06-27T13:36:52+00:00","og_image":[{"width":640,"height":815,"url":"https:\/\/www.mercadokeys.com\/wp-content\/uploads\/2020\/12\/yakuza_cover_original.jpg","type":"image\/jpeg"}],"twitter_card":"summary_large_image","twitter_misc":{"Estimated reading time":"1 minute"},"schema":{"@context":"https:\/\/schema.org","@graph":[{"@type":"WebPage","@id":"https:\/\/www.mercadokeys.com\/product\/yakuza-0-steam-cd-key\/","url":"https:\/\/www.mercadokeys.com\/product\/yakuza-0-steam-cd-key\/","name":"Yakuza 0 Steam CD Key - MERCADOKEYS","isPartOf":{"@id":"https:\/\/www.mercadokeys.com\/eng\/#website"},"primaryImageOfPage":{"@id":"https:\/\/www.mercadokeys.com\/product\/yakuza-0-steam-cd-key\/#primaryimage"},"image":{"@id":"https:\/\/www.mercadokeys.com\/product\/yakuza-0-steam-cd-key\/#primaryimage"},"thumbnailUrl":"https:\/\/www.mercadokeys.com.mx\/wp-content\/uploads\/2020\/12\/yakuza_cover_original.jpg","datePublished":"2020-12-17T16:20:03+00:00","dateModified":"2022-06-27T13:36:52+00:00","description":"Justo cuando Kazuma, una ex estrella en ascenso de la Yakuza, sale de la prisi\u00f3n despu\u00e9s de un encubrimiento de un asesinato...","breadcrumb":{"@id":"https:\/\/www.mercadokeys.com\/product\/yakuza-0-steam-cd-key\/#breadcrumb"},"inLanguage":"en-GB","potentialAction":[{"@type":"ReadAction","target":["https:\/\/www.mercadokeys.com\/product\/yakuza-0-steam-cd-key\/"]}]},{"@type":"ImageObject","inLanguage":"en-GB","@id":"https:\/\/www.mercadokeys.com\/product\/yakuza-0-steam-cd-key\/#primaryimage","url":"https:\/\/www.mercadokeys.com.mx\/wp-content\/uploads\/2020\/12\/yakuza_cover_original.jpg","contentUrl":"https:\/\/www.mercadokeys.com.mx\/wp-content\/uploads\/2020\/12\/yakuza_cover_original.jpg","width":640,"height":815,"caption":"Justo cuando Kazuma, una ex estrella en ascenso de la Yakuza, sale de la prisi\u00f3n despu\u00e9s de un encubrimiento de un asesinato..."},{"@type":"BreadcrumbList","@id":"https:\/\/www.mercadokeys.com\/product\/yakuza-0-steam-cd-key\/#breadcrumb","itemListElement":[{"@type":"ListItem","position":1,"name":"Inicio","item":"https:\/\/www.mercadokeys.com.mx\/"},{"@type":"ListItem","position":2,"name":"Tienda","item":"https:\/\/www.mercadokeys.com\/shop\/"},{"@type":"ListItem","position":3,"name":"Yakuza 0 Steam CD Key"}]},{"@type":"WebSite","@id":"https:\/\/www.mercadokeys.com\/eng\/#website","url":"https:\/\/www.mercadokeys.com\/eng\/","name":"MERCADOKEYS","description":"Tu Tienda de videojuegos digitales en Mexico!","potentialAction":[{"@type":"SearchAction","target":{"@type":"EntryPoint","urlTemplate":"https:\/\/www.mercadokeys.com\/eng\/?s={search_term_string}"},"query-input":{"@type":"PropertyValueSpecification","valueRequired":true,"valueName":"search_term_string"}}],"inLanguage":"en-GB"}]}},"df_price":198.455917,"df_sale_price":198.455917,"df_regular_price":198.455917,"df_image_link":"https:\/\/www.mercadokeys.com.mx\/wp-content\/uploads\/2020\/12\/yakuza_cover_original-236x300.jpg","_links":{"self":[{"href":"https:\/\/www.mercadokeys.com.mx\/eng\/wp-json\/wp\/v2\/product\/83995","targetHints":{"allow":["GET"]}}],"collection":[{"href":"https:\/\/www.mercadokeys.com.mx\/eng\/wp-json\/wp\/v2\/product"}],"about":[{"href":"https:\/\/www.mercadokeys.com.mx\/eng\/wp-json\/wp\/v2\/types\/product"}],"wp:featuredmedia":[{"embeddable":true,"href":"https:\/\/www.mercadokeys.com.mx\/eng\/wp-json\/wp\/v2\/media\/84009"}],"wp:attachment":[{"href":"https:\/\/www.mercadokeys.com.mx\/eng\/wp-json\/wp\/v2\/media?parent=83995"}],"wp:term":[{"taxonomy":"product_brand","embeddable":true,"href":"https:\/\/www.mercadokeys.com.mx\/eng\/wp-json\/wp\/v2\/product_brand?post=83995"},{"taxonomy":"product_cat","embeddable":true,"href":"https:\/\/www.mercadokeys.com.mx\/eng\/wp-json\/wp\/v2\/product_cat?post=83995"},{"taxonomy":"product_tag","embeddable":true,"href":"https:\/\/www.mercadokeys.com.mx\/eng\/wp-json\/wp\/v2\/product_tag?post=83995"}],"curies":[{"name":"wp","href":"https:\/\/api.w.org\/{rel}","templated":true}]}}