{"id":83748,"date":"2020-12-17T08:01:58","date_gmt":"2020-12-17T16:01:58","guid":{"rendered":"https:\/\/www.mercadokeys.com\/product\/take-on-helicopters-steam-cd-key\/"},"modified":"2022-06-29T06:15:03","modified_gmt":"2022-06-29T13:15:03","slug":"take-on-helicopters-steam-cd-key","status":"publish","type":"product","link":"https:\/\/www.mercadokeys.com.mx\/eng\/product\/take-on-helicopters-steam-cd-key\/","title":{"rendered":"Take On Helicopters Steam CD Key"},"content":{"rendered":"<p><span style=\"vertical-align: inherit\">En Take On Helicopters e l jugador asume el papel de un piloto de helic\u00f3ptero civil. El negocio de la aviaci\u00f3n de Harry Larkin ha atravesado tiempos dif\u00edciles. Construido durante d\u00e9cadas, ahora solo faltan unos d\u00edas para el cierre. Sus hijos enfrentan un futuro incierto, luchando por salvar la empresa que su padre pas\u00f3 toda su vida construyendo. Juntos, deben asumir contratos y competidores; juntos, toman helic\u00f3pteros. D\u00e9 sus primeros pasos para dominar el vuelo con alas de rotor a trav\u00e9s de una amplia gama de desaf\u00edos divertidos, o cree sus propias misiones con el poderoso editor de misiones f\u00e1cil de usar. En Take On Helicopters vuele por encima de dos entornos maravillosamente ricos y expansivos, basados \u200b\u200ben datos del terreno del mundo real de Am\u00e9rica del Norte y del Sur de Asia.<\/span><\/p>","protected":false},"excerpt":{"rendered":"<p>En Take On Helicopters e l jugador asume el papel de un piloto de helic\u00f3ptero civil. El negocio de la aviaci\u00f3n de Harry Larkin ha atravesado tiempos dif\u00edciles. Construido durante d\u00e9cadas, ahora solo faltan unos d\u00edas para el cierre. Sus hijos enfrentan un futuro incierto, luchando por salvar la empresa que su padre pas\u00f3 toda&#8230;<\/p>","protected":false},"featured_media":83756,"template":"","meta":{"_monsterinsights_skip_tracking":false,"_monsterinsights_sitenote_active":false,"_monsterinsights_sitenote_note":"","_monsterinsights_sitenote_category":0},"product_brand":[],"product_cat":[1501,2981,3596,1271,3164,1420,1283,1280,1273,1396,1428],"product_tag":[1526,1662,1663],"class_list":{"0":"post-83748","1":"product","2":"type-product","3":"status-publish","4":"has-post-thumbnail","6":"product_cat-tienda-de-videojuegos-ultimos-juegos-tijuana-mexico","7":"product_cat-destacados","8":"product_cat-tienda-de-videojuegos-steam-recomendados-en-tijuana-mexico","9":"product_cat-tienda-de-videojuegos-tijuana-mexico","10":"product_cat-tienda-de-videojuegos-baratos-economicos-tijuana-mexico","11":"product_cat-tienda-de-videojuegos-populares-tijuana-mexico","12":"product_cat-tienda-de-videojuegos-plataformas-tijuana-mexico","13":"product_cat-tienda-de-videojuegos-pc-tijuana-mexico","14":"product_cat-tienda-de-videojuegos-steam-key-tijuana-mexico","15":"product_cat-tienda-de-videojuegos-simulacion-tijuana-mexico","16":"product_cat-tienda-de-videojuegos-cooperativos-tijuana-mexico","17":"product_tag-steam","18":"product_tag-take-on-helicopters","19":"product_tag-take-on-helicopters-steam","21":"first","22":"instock","23":"shipping-taxable","24":"purchasable","25":"product-type-simple"},"yoast_head":"<!-- This site is optimized with the Yoast SEO plugin v27.0 - https:\/\/yoast.com\/product\/yoast-seo-wordpress\/ -->\n<title>Take On Helicopters Steam CD Key - MERCADOKEYS<\/title>\n<meta name=\"description\" content=\"En Take On Helicopters e l jugador asume el papel de un piloto de helic\u00f3ptero civil. El negocio de la aviaci\u00f3n de Harry Larkin ha atravesado tiempos dif\u00edciles.\" \/>\n<meta name=\"robots\" content=\"index, follow, max-snippet:-1, max-image-preview:large, max-video-preview:-1\" \/>\n<link rel=\"canonical\" href=\"https:\/\/www.mercadokeys.com\/product\/take-on-helicopters-steam-cd-key\/\" \/>\n<meta property=\"og:locale\" content=\"en_GB\" \/>\n<meta property=\"og:type\" content=\"article\" \/>\n<meta property=\"og:title\" content=\"Take On Helicopters Steam CD Key - MERCADOKEYS\" \/>\n<meta property=\"og:description\" content=\"En Take On Helicopters e l jugador asume el papel de un piloto de helic\u00f3ptero civil. El negocio de la aviaci\u00f3n de Harry Larkin ha atravesado tiempos dif\u00edciles.\" \/>\n<meta property=\"og:url\" content=\"https:\/\/www.mercadokeys.com\/product\/take-on-helicopters-steam-cd-key\/\" \/>\n<meta property=\"og:site_name\" content=\"MERCADOKEYS\" \/>\n<meta property=\"article:modified_time\" content=\"2022-06-29T13:15:03+00:00\" \/>\n<meta property=\"og:image\" content=\"https:\/\/www.mercadokeys.com\/wp-content\/uploads\/2020\/12\/take-on-helicopters_cover_original.jpg\" \/>\n\t<meta property=\"og:image:width\" content=\"350\" \/>\n\t<meta property=\"og:image:height\" content=\"495\" \/>\n\t<meta property=\"og:image:type\" content=\"image\/jpeg\" \/>\n<meta name=\"twitter:card\" content=\"summary_large_image\" \/>\n<meta name=\"twitter:label1\" content=\"Estimated reading time\" \/>\n\t<meta name=\"twitter:data1\" content=\"1 minute\" \/>\n<script type=\"application\/ld+json\" class=\"yoast-schema-graph\">{\"@context\":\"https:\/\/schema.org\",\"@graph\":[{\"@type\":\"WebPage\",\"@id\":\"https:\/\/www.mercadokeys.com\/product\/take-on-helicopters-steam-cd-key\/\",\"url\":\"https:\/\/www.mercadokeys.com\/product\/take-on-helicopters-steam-cd-key\/\",\"name\":\"Take On Helicopters Steam CD Key - MERCADOKEYS\",\"isPartOf\":{\"@id\":\"https:\/\/www.mercadokeys.com\/eng\/#website\"},\"primaryImageOfPage\":{\"@id\":\"https:\/\/www.mercadokeys.com\/product\/take-on-helicopters-steam-cd-key\/#primaryimage\"},\"image\":{\"@id\":\"https:\/\/www.mercadokeys.com\/product\/take-on-helicopters-steam-cd-key\/#primaryimage\"},\"thumbnailUrl\":\"https:\/\/www.mercadokeys.com.mx\/wp-content\/uploads\/2020\/12\/take-on-helicopters_cover_original.jpg\",\"datePublished\":\"2020-12-17T16:01:58+00:00\",\"dateModified\":\"2022-06-29T13:15:03+00:00\",\"description\":\"En Take On Helicopters e l jugador asume el papel de un piloto de helic\u00f3ptero civil. El negocio de la aviaci\u00f3n de Harry Larkin ha atravesado tiempos dif\u00edciles.\",\"breadcrumb\":{\"@id\":\"https:\/\/www.mercadokeys.com\/product\/take-on-helicopters-steam-cd-key\/#breadcrumb\"},\"inLanguage\":\"en-GB\",\"potentialAction\":[{\"@type\":\"ReadAction\",\"target\":[\"https:\/\/www.mercadokeys.com\/product\/take-on-helicopters-steam-cd-key\/\"]}]},{\"@type\":\"ImageObject\",\"inLanguage\":\"en-GB\",\"@id\":\"https:\/\/www.mercadokeys.com\/product\/take-on-helicopters-steam-cd-key\/#primaryimage\",\"url\":\"https:\/\/www.mercadokeys.com.mx\/wp-content\/uploads\/2020\/12\/take-on-helicopters_cover_original.jpg\",\"contentUrl\":\"https:\/\/www.mercadokeys.com.mx\/wp-content\/uploads\/2020\/12\/take-on-helicopters_cover_original.jpg\",\"width\":350,\"height\":495,\"caption\":\"En Take On Helicopters e l jugador asume el papel de un piloto de helic\u00f3ptero civil. El negocio de la aviaci\u00f3n de Harry Larkin ha atravesado tiempos dif\u00edciles.\"},{\"@type\":\"BreadcrumbList\",\"@id\":\"https:\/\/www.mercadokeys.com\/product\/take-on-helicopters-steam-cd-key\/#breadcrumb\",\"itemListElement\":[{\"@type\":\"ListItem\",\"position\":1,\"name\":\"Inicio\",\"item\":\"https:\/\/www.mercadokeys.com.mx\/\"},{\"@type\":\"ListItem\",\"position\":2,\"name\":\"Tienda\",\"item\":\"https:\/\/www.mercadokeys.com\/shop\/\"},{\"@type\":\"ListItem\",\"position\":3,\"name\":\"Take On Helicopters Steam CD Key\"}]},{\"@type\":\"WebSite\",\"@id\":\"https:\/\/www.mercadokeys.com\/eng\/#website\",\"url\":\"https:\/\/www.mercadokeys.com\/eng\/\",\"name\":\"MERCADOKEYS\",\"description\":\"Tu Tienda de videojuegos digitales en Mexico!\",\"potentialAction\":[{\"@type\":\"SearchAction\",\"target\":{\"@type\":\"EntryPoint\",\"urlTemplate\":\"https:\/\/www.mercadokeys.com\/eng\/?s={search_term_string}\"},\"query-input\":{\"@type\":\"PropertyValueSpecification\",\"valueRequired\":true,\"valueName\":\"search_term_string\"}}],\"inLanguage\":\"en-GB\"}]}<\/script>\n<!-- \/ Yoast SEO plugin. -->","yoast_head_json":{"title":"Take On Helicopters Steam CD Key - MERCADOKEYS","description":"En Take On Helicopters e l jugador asume el papel de un piloto de helic\u00f3ptero civil. El negocio de la aviaci\u00f3n de Harry Larkin ha atravesado tiempos dif\u00edciles.","robots":{"index":"index","follow":"follow","max-snippet":"max-snippet:-1","max-image-preview":"max-image-preview:large","max-video-preview":"max-video-preview:-1"},"canonical":"https:\/\/www.mercadokeys.com\/product\/take-on-helicopters-steam-cd-key\/","og_locale":"en_GB","og_type":"article","og_title":"Take On Helicopters Steam CD Key - MERCADOKEYS","og_description":"En Take On Helicopters e l jugador asume el papel de un piloto de helic\u00f3ptero civil. El negocio de la aviaci\u00f3n de Harry Larkin ha atravesado tiempos dif\u00edciles.","og_url":"https:\/\/www.mercadokeys.com\/product\/take-on-helicopters-steam-cd-key\/","og_site_name":"MERCADOKEYS","article_modified_time":"2022-06-29T13:15:03+00:00","og_image":[{"width":350,"height":495,"url":"https:\/\/www.mercadokeys.com\/wp-content\/uploads\/2020\/12\/take-on-helicopters_cover_original.jpg","type":"image\/jpeg"}],"twitter_card":"summary_large_image","twitter_misc":{"Estimated reading time":"1 minute"},"schema":{"@context":"https:\/\/schema.org","@graph":[{"@type":"WebPage","@id":"https:\/\/www.mercadokeys.com\/product\/take-on-helicopters-steam-cd-key\/","url":"https:\/\/www.mercadokeys.com\/product\/take-on-helicopters-steam-cd-key\/","name":"Take On Helicopters Steam CD Key - MERCADOKEYS","isPartOf":{"@id":"https:\/\/www.mercadokeys.com\/eng\/#website"},"primaryImageOfPage":{"@id":"https:\/\/www.mercadokeys.com\/product\/take-on-helicopters-steam-cd-key\/#primaryimage"},"image":{"@id":"https:\/\/www.mercadokeys.com\/product\/take-on-helicopters-steam-cd-key\/#primaryimage"},"thumbnailUrl":"https:\/\/www.mercadokeys.com.mx\/wp-content\/uploads\/2020\/12\/take-on-helicopters_cover_original.jpg","datePublished":"2020-12-17T16:01:58+00:00","dateModified":"2022-06-29T13:15:03+00:00","description":"En Take On Helicopters e l jugador asume el papel de un piloto de helic\u00f3ptero civil. El negocio de la aviaci\u00f3n de Harry Larkin ha atravesado tiempos dif\u00edciles.","breadcrumb":{"@id":"https:\/\/www.mercadokeys.com\/product\/take-on-helicopters-steam-cd-key\/#breadcrumb"},"inLanguage":"en-GB","potentialAction":[{"@type":"ReadAction","target":["https:\/\/www.mercadokeys.com\/product\/take-on-helicopters-steam-cd-key\/"]}]},{"@type":"ImageObject","inLanguage":"en-GB","@id":"https:\/\/www.mercadokeys.com\/product\/take-on-helicopters-steam-cd-key\/#primaryimage","url":"https:\/\/www.mercadokeys.com.mx\/wp-content\/uploads\/2020\/12\/take-on-helicopters_cover_original.jpg","contentUrl":"https:\/\/www.mercadokeys.com.mx\/wp-content\/uploads\/2020\/12\/take-on-helicopters_cover_original.jpg","width":350,"height":495,"caption":"En Take On Helicopters e l jugador asume el papel de un piloto de helic\u00f3ptero civil. El negocio de la aviaci\u00f3n de Harry Larkin ha atravesado tiempos dif\u00edciles."},{"@type":"BreadcrumbList","@id":"https:\/\/www.mercadokeys.com\/product\/take-on-helicopters-steam-cd-key\/#breadcrumb","itemListElement":[{"@type":"ListItem","position":1,"name":"Inicio","item":"https:\/\/www.mercadokeys.com.mx\/"},{"@type":"ListItem","position":2,"name":"Tienda","item":"https:\/\/www.mercadokeys.com\/shop\/"},{"@type":"ListItem","position":3,"name":"Take On Helicopters Steam CD Key"}]},{"@type":"WebSite","@id":"https:\/\/www.mercadokeys.com\/eng\/#website","url":"https:\/\/www.mercadokeys.com\/eng\/","name":"MERCADOKEYS","description":"Tu Tienda de videojuegos digitales en Mexico!","potentialAction":[{"@type":"SearchAction","target":{"@type":"EntryPoint","urlTemplate":"https:\/\/www.mercadokeys.com\/eng\/?s={search_term_string}"},"query-input":{"@type":"PropertyValueSpecification","valueRequired":true,"valueName":"search_term_string"}}],"inLanguage":"en-GB"}]}},"df_price":13.681117,"df_sale_price":13.681117,"df_regular_price":13.681117,"df_image_link":"https:\/\/www.mercadokeys.com.mx\/wp-content\/uploads\/2020\/12\/take-on-helicopters_cover_original-212x300.jpg","_links":{"self":[{"href":"https:\/\/www.mercadokeys.com.mx\/eng\/wp-json\/wp\/v2\/product\/83748","targetHints":{"allow":["GET"]}}],"collection":[{"href":"https:\/\/www.mercadokeys.com.mx\/eng\/wp-json\/wp\/v2\/product"}],"about":[{"href":"https:\/\/www.mercadokeys.com.mx\/eng\/wp-json\/wp\/v2\/types\/product"}],"wp:featuredmedia":[{"embeddable":true,"href":"https:\/\/www.mercadokeys.com.mx\/eng\/wp-json\/wp\/v2\/media\/83756"}],"wp:attachment":[{"href":"https:\/\/www.mercadokeys.com.mx\/eng\/wp-json\/wp\/v2\/media?parent=83748"}],"wp:term":[{"taxonomy":"product_brand","embeddable":true,"href":"https:\/\/www.mercadokeys.com.mx\/eng\/wp-json\/wp\/v2\/product_brand?post=83748"},{"taxonomy":"product_cat","embeddable":true,"href":"https:\/\/www.mercadokeys.com.mx\/eng\/wp-json\/wp\/v2\/product_cat?post=83748"},{"taxonomy":"product_tag","embeddable":true,"href":"https:\/\/www.mercadokeys.com.mx\/eng\/wp-json\/wp\/v2\/product_tag?post=83748"}],"curies":[{"name":"wp","href":"https:\/\/api.w.org\/{rel}","templated":true}]}}