{"id":82746,"date":"2020-12-17T07:18:54","date_gmt":"2020-12-17T15:18:54","guid":{"rendered":"https:\/\/www.mercadokeys.com\/product\/vampyr-steam-cd-key\/"},"modified":"2023-10-15T05:35:07","modified_gmt":"2023-10-15T12:35:07","slug":"vampyr-steam-cd-key","status":"publish","type":"product","link":"https:\/\/www.mercadokeys.com.mx\/eng\/product\/vampyr-steam-cd-key\/","title":{"rendered":"Vampyr Steam CD Key"},"content":{"rendered":"<p>Vampyr est\u00e1 ambientado en la Gran Breta\u00f1a de principios del siglo XX, cuando el pa\u00eds se ve afectado por la letal gripe espa\u00f1ola y las calles de Londres est\u00e1n paralizadas por la enfermedad, la violencia y el miedo. En una ciudad desorganizada y fantasmal, los tontos, los desesperados o los desafortunados que caminan por las calles son presa de los depredadores m\u00e1s escurridizos de Gran Breta\u00f1a: los vampiros. Emergiendo del caos, una figura atormentada despierta. Eres Jonathan E. Reid, un cirujano militar de alto rango transformado en vampiro cuando regresa a casa desde el frente. Explore las calles de ambiente oscuro de Londres de principios del siglo XX e interact\u00fae con una multitud de personajes con sus propias identidades e importancia. Acepta y cumple las misiones que te den, pero no olvides: tarde o temprano tendr\u00e1s que alimentarte y tomar una dif\u00edcil decisi\u00f3n&#8230; \u00bfqui\u00e9n ser\u00e1 tu presa? Absolutamente todos los personajes del juego son v\u00edctimas potenciales de tu lujuria vamp\u00edrica.<\/p>","protected":false},"excerpt":{"rendered":"<p>Vampyr est\u00e1 ambientado en la Gran Breta\u00f1a de principios del siglo XX, cuando el pa\u00eds se ve afectado por la letal gripe espa\u00f1ola y las calles de Londres est\u00e1n paralizadas por la enfermedad, la violencia y el miedo. En una ciudad desorganizada y fantasmal, los tontos, los desesperados o los desafortunados que caminan por las&#8230;<\/p>","protected":false},"featured_media":121354,"template":"","meta":{"_monsterinsights_skip_tracking":false,"_monsterinsights_sitenote_active":false,"_monsterinsights_sitenote_note":"","_monsterinsights_sitenote_category":0},"product_brand":[],"product_cat":[2981,1271,1283,1280,1273,1405],"product_tag":[],"class_list":{"0":"post-82746","1":"product","2":"type-product","3":"status-publish","4":"has-post-thumbnail","6":"product_cat-destacados","7":"product_cat-tienda-de-videojuegos-tijuana-mexico","8":"product_cat-tienda-de-videojuegos-plataformas-tijuana-mexico","9":"product_cat-tienda-de-videojuegos-pc-tijuana-mexico","10":"product_cat-tienda-de-videojuegos-steam-key-tijuana-mexico","11":"product_cat-tienda-de-videojuegos-rpg-tijuana-mexico","13":"first","14":"instock","15":"shipping-taxable","16":"purchasable","17":"product-type-simple"},"yoast_head":"<!-- This site is optimized with the Yoast SEO plugin v27.0 - https:\/\/yoast.com\/product\/yoast-seo-wordpress\/ -->\n<title>Vampyr Steam CD Key - MERCADOKEYS<\/title>\n<meta name=\"robots\" content=\"index, follow, max-snippet:-1, max-image-preview:large, max-video-preview:-1\" \/>\n<link rel=\"canonical\" href=\"https:\/\/www.mercadokeys.com\/product\/vampyr-steam-cd-key\/\" \/>\n<meta property=\"og:locale\" content=\"en_GB\" \/>\n<meta property=\"og:type\" content=\"article\" \/>\n<meta property=\"og:title\" content=\"Vampyr Steam CD Key - MERCADOKEYS\" \/>\n<meta property=\"og:description\" content=\"Vampyr est\u00e1 ambientado en la Gran Breta\u00f1a de principios del siglo XX, cuando el pa\u00eds se ve afectado por la letal gripe espa\u00f1ola y las calles de Londres est\u00e1n paralizadas por la enfermedad, la violencia y el miedo. En una ciudad desorganizada y fantasmal, los tontos, los desesperados o los desafortunados que caminan por las...\" \/>\n<meta property=\"og:url\" content=\"https:\/\/www.mercadokeys.com\/product\/vampyr-steam-cd-key\/\" \/>\n<meta property=\"og:site_name\" content=\"MERCADOKEYS\" \/>\n<meta property=\"article:modified_time\" content=\"2023-10-15T12:35:07+00:00\" \/>\n<meta property=\"og:image\" content=\"https:\/\/www.mercadokeys.com\/wp-content\/uploads\/2020\/12\/Vampyr-Steam-CD-Key.jpg\" \/>\n\t<meta property=\"og:image:width\" content=\"460\" \/>\n\t<meta property=\"og:image:height\" content=\"672\" \/>\n\t<meta property=\"og:image:type\" content=\"image\/jpeg\" \/>\n<meta name=\"twitter:card\" content=\"summary_large_image\" \/>\n<meta name=\"twitter:label1\" content=\"Estimated reading time\" \/>\n\t<meta name=\"twitter:data1\" content=\"1 minute\" \/>\n<script type=\"application\/ld+json\" class=\"yoast-schema-graph\">{\"@context\":\"https:\/\/schema.org\",\"@graph\":[{\"@type\":\"WebPage\",\"@id\":\"https:\/\/www.mercadokeys.com\/product\/vampyr-steam-cd-key\/\",\"url\":\"https:\/\/www.mercadokeys.com\/product\/vampyr-steam-cd-key\/\",\"name\":\"Vampyr Steam CD Key - MERCADOKEYS\",\"isPartOf\":{\"@id\":\"https:\/\/www.mercadokeys.com\/eng\/#website\"},\"primaryImageOfPage\":{\"@id\":\"https:\/\/www.mercadokeys.com\/product\/vampyr-steam-cd-key\/#primaryimage\"},\"image\":{\"@id\":\"https:\/\/www.mercadokeys.com\/product\/vampyr-steam-cd-key\/#primaryimage\"},\"thumbnailUrl\":\"https:\/\/www.mercadokeys.com.mx\/wp-content\/uploads\/2020\/12\/Vampyr-Steam-CD-Key.jpg\",\"datePublished\":\"2020-12-17T15:18:54+00:00\",\"dateModified\":\"2023-10-15T12:35:07+00:00\",\"breadcrumb\":{\"@id\":\"https:\/\/www.mercadokeys.com\/product\/vampyr-steam-cd-key\/#breadcrumb\"},\"inLanguage\":\"en-GB\",\"potentialAction\":[{\"@type\":\"ReadAction\",\"target\":[\"https:\/\/www.mercadokeys.com\/product\/vampyr-steam-cd-key\/\"]}]},{\"@type\":\"ImageObject\",\"inLanguage\":\"en-GB\",\"@id\":\"https:\/\/www.mercadokeys.com\/product\/vampyr-steam-cd-key\/#primaryimage\",\"url\":\"https:\/\/www.mercadokeys.com.mx\/wp-content\/uploads\/2020\/12\/Vampyr-Steam-CD-Key.jpg\",\"contentUrl\":\"https:\/\/www.mercadokeys.com.mx\/wp-content\/uploads\/2020\/12\/Vampyr-Steam-CD-Key.jpg\",\"width\":460,\"height\":672,\"caption\":\"Vampyr Steam CD Key\"},{\"@type\":\"BreadcrumbList\",\"@id\":\"https:\/\/www.mercadokeys.com\/product\/vampyr-steam-cd-key\/#breadcrumb\",\"itemListElement\":[{\"@type\":\"ListItem\",\"position\":1,\"name\":\"Inicio\",\"item\":\"https:\/\/www.mercadokeys.com.mx\/\"},{\"@type\":\"ListItem\",\"position\":2,\"name\":\"Tienda\",\"item\":\"https:\/\/www.mercadokeys.com\/shop\/\"},{\"@type\":\"ListItem\",\"position\":3,\"name\":\"Vampyr Steam CD Key\"}]},{\"@type\":\"WebSite\",\"@id\":\"https:\/\/www.mercadokeys.com\/eng\/#website\",\"url\":\"https:\/\/www.mercadokeys.com\/eng\/\",\"name\":\"MERCADOKEYS\",\"description\":\"Tu Tienda de videojuegos digitales en Mexico!\",\"potentialAction\":[{\"@type\":\"SearchAction\",\"target\":{\"@type\":\"EntryPoint\",\"urlTemplate\":\"https:\/\/www.mercadokeys.com\/eng\/?s={search_term_string}\"},\"query-input\":{\"@type\":\"PropertyValueSpecification\",\"valueRequired\":true,\"valueName\":\"search_term_string\"}}],\"inLanguage\":\"en-GB\"}]}<\/script>\n<!-- \/ Yoast SEO plugin. -->","yoast_head_json":{"title":"Vampyr Steam CD Key - MERCADOKEYS","robots":{"index":"index","follow":"follow","max-snippet":"max-snippet:-1","max-image-preview":"max-image-preview:large","max-video-preview":"max-video-preview:-1"},"canonical":"https:\/\/www.mercadokeys.com\/product\/vampyr-steam-cd-key\/","og_locale":"en_GB","og_type":"article","og_title":"Vampyr Steam CD Key - MERCADOKEYS","og_description":"Vampyr est\u00e1 ambientado en la Gran Breta\u00f1a de principios del siglo XX, cuando el pa\u00eds se ve afectado por la letal gripe espa\u00f1ola y las calles de Londres est\u00e1n paralizadas por la enfermedad, la violencia y el miedo. En una ciudad desorganizada y fantasmal, los tontos, los desesperados o los desafortunados que caminan por las...","og_url":"https:\/\/www.mercadokeys.com\/product\/vampyr-steam-cd-key\/","og_site_name":"MERCADOKEYS","article_modified_time":"2023-10-15T12:35:07+00:00","og_image":[{"width":460,"height":672,"url":"https:\/\/www.mercadokeys.com\/wp-content\/uploads\/2020\/12\/Vampyr-Steam-CD-Key.jpg","type":"image\/jpeg"}],"twitter_card":"summary_large_image","twitter_misc":{"Estimated reading time":"1 minute"},"schema":{"@context":"https:\/\/schema.org","@graph":[{"@type":"WebPage","@id":"https:\/\/www.mercadokeys.com\/product\/vampyr-steam-cd-key\/","url":"https:\/\/www.mercadokeys.com\/product\/vampyr-steam-cd-key\/","name":"Vampyr Steam CD Key - MERCADOKEYS","isPartOf":{"@id":"https:\/\/www.mercadokeys.com\/eng\/#website"},"primaryImageOfPage":{"@id":"https:\/\/www.mercadokeys.com\/product\/vampyr-steam-cd-key\/#primaryimage"},"image":{"@id":"https:\/\/www.mercadokeys.com\/product\/vampyr-steam-cd-key\/#primaryimage"},"thumbnailUrl":"https:\/\/www.mercadokeys.com.mx\/wp-content\/uploads\/2020\/12\/Vampyr-Steam-CD-Key.jpg","datePublished":"2020-12-17T15:18:54+00:00","dateModified":"2023-10-15T12:35:07+00:00","breadcrumb":{"@id":"https:\/\/www.mercadokeys.com\/product\/vampyr-steam-cd-key\/#breadcrumb"},"inLanguage":"en-GB","potentialAction":[{"@type":"ReadAction","target":["https:\/\/www.mercadokeys.com\/product\/vampyr-steam-cd-key\/"]}]},{"@type":"ImageObject","inLanguage":"en-GB","@id":"https:\/\/www.mercadokeys.com\/product\/vampyr-steam-cd-key\/#primaryimage","url":"https:\/\/www.mercadokeys.com.mx\/wp-content\/uploads\/2020\/12\/Vampyr-Steam-CD-Key.jpg","contentUrl":"https:\/\/www.mercadokeys.com.mx\/wp-content\/uploads\/2020\/12\/Vampyr-Steam-CD-Key.jpg","width":460,"height":672,"caption":"Vampyr Steam CD Key"},{"@type":"BreadcrumbList","@id":"https:\/\/www.mercadokeys.com\/product\/vampyr-steam-cd-key\/#breadcrumb","itemListElement":[{"@type":"ListItem","position":1,"name":"Inicio","item":"https:\/\/www.mercadokeys.com.mx\/"},{"@type":"ListItem","position":2,"name":"Tienda","item":"https:\/\/www.mercadokeys.com\/shop\/"},{"@type":"ListItem","position":3,"name":"Vampyr Steam CD Key"}]},{"@type":"WebSite","@id":"https:\/\/www.mercadokeys.com\/eng\/#website","url":"https:\/\/www.mercadokeys.com\/eng\/","name":"MERCADOKEYS","description":"Tu Tienda de videojuegos digitales en Mexico!","potentialAction":[{"@type":"SearchAction","target":{"@type":"EntryPoint","urlTemplate":"https:\/\/www.mercadokeys.com\/eng\/?s={search_term_string}"},"query-input":{"@type":"PropertyValueSpecification","valueRequired":true,"valueName":"search_term_string"}}],"inLanguage":"en-GB"}]}},"df_price":473.752447,"df_sale_price":473.752447,"df_regular_price":473.752447,"df_image_link":"https:\/\/www.mercadokeys.com.mx\/wp-content\/uploads\/2020\/12\/Vampyr-Steam-CD-Key-205x300.jpg","_links":{"self":[{"href":"https:\/\/www.mercadokeys.com.mx\/eng\/wp-json\/wp\/v2\/product\/82746","targetHints":{"allow":["GET"]}}],"collection":[{"href":"https:\/\/www.mercadokeys.com.mx\/eng\/wp-json\/wp\/v2\/product"}],"about":[{"href":"https:\/\/www.mercadokeys.com.mx\/eng\/wp-json\/wp\/v2\/types\/product"}],"wp:featuredmedia":[{"embeddable":true,"href":"https:\/\/www.mercadokeys.com.mx\/eng\/wp-json\/wp\/v2\/media\/121354"}],"wp:attachment":[{"href":"https:\/\/www.mercadokeys.com.mx\/eng\/wp-json\/wp\/v2\/media?parent=82746"}],"wp:term":[{"taxonomy":"product_brand","embeddable":true,"href":"https:\/\/www.mercadokeys.com.mx\/eng\/wp-json\/wp\/v2\/product_brand?post=82746"},{"taxonomy":"product_cat","embeddable":true,"href":"https:\/\/www.mercadokeys.com.mx\/eng\/wp-json\/wp\/v2\/product_cat?post=82746"},{"taxonomy":"product_tag","embeddable":true,"href":"https:\/\/www.mercadokeys.com.mx\/eng\/wp-json\/wp\/v2\/product_tag?post=82746"}],"curies":[{"name":"wp","href":"https:\/\/api.w.org\/{rel}","templated":true}]}}