{"id":80387,"date":"2020-12-17T04:55:14","date_gmt":"2020-12-17T12:55:14","guid":{"rendered":"https:\/\/www.mercadokeys.com\/product\/cortex-command-steam-cd-key\/"},"modified":"2022-06-27T06:43:47","modified_gmt":"2022-06-27T13:43:47","slug":"cortex-command-steam-cd-key","status":"publish","type":"product","link":"https:\/\/www.mercadokeys.com.mx\/eng\/product\/cortex-command-steam-cd-key\/","title":{"rendered":"Cortex Command Steam CD Key"},"content":{"rendered":"<p><span style=\"vertical-align: inherit\">En el mundo de Cortex Command, muchos humanos han optado por amputar todo su cuerpo natural para prolongar sus vidas y permitir los viajes espaciales interestelares. Sin embargo, sus cerebros incorp\u00f3reos no est\u00e1n indefensos; ya que pueden controlar de forma remota todo tipo de m\u00e1quinas y embarcaciones a trav\u00e9s de interfaces artificiales. Jugando como uno de los cerebros de estas personas, puede cambiar r\u00e1pidamente el control entre muchos cuerpos prescindibles diferentes para completar tareas que de otro modo ser\u00edan peligrosas. todo desde la seguridad f\u00edsica de su b\u00fanker de mando. <\/span><\/p>\n<p><span style=\"vertical-align: inherit\">En Cortex Command; \u00a1Usa estos poderes tecnol\u00f3gicos de la telepat\u00eda para recolectar oro del terreno completamente destructible, luego compra a\u00fan m\u00e1s cuerpos y material con esos fondos reci\u00e9n adquiridos! Incluso puedes programar las toscas IA de tu ej\u00e9rcito t\u00edtere para completar tareas simples (patrullar, excavar, etc. . ). Mientras que su atenci\u00f3n y control directo est\u00e1 en otra parte. \u00a1Usa tus fuerzas acumuladas para proteger tu cerebro, explorar el mundo y derrotar a tu competencia!<\/span><\/p>","protected":false},"excerpt":{"rendered":"<p>En el mundo de Cortex Command, muchos humanos han optado por amputar todo su cuerpo natural para prolongar sus vidas y permitir los viajes espaciales interestelares. Sin embargo, sus cerebros incorp\u00f3reos no est\u00e1n indefensos; ya que pueden controlar de forma remota todo tipo de m\u00e1quinas y embarcaciones a trav\u00e9s de interfaces artificiales. Jugando como uno&#8230;<\/p>","protected":false},"featured_media":80397,"template":"","meta":{"_monsterinsights_skip_tracking":false,"_monsterinsights_sitenote_active":false,"_monsterinsights_sitenote_note":"","_monsterinsights_sitenote_category":0},"product_brand":[],"product_cat":[1501,2981,3596,1271,3164,1420,1283,1280,1273,1393,1428],"product_tag":[1760,1761,1526],"class_list":{"0":"post-80387","1":"product","2":"type-product","3":"status-publish","4":"has-post-thumbnail","6":"product_cat-tienda-de-videojuegos-ultimos-juegos-tijuana-mexico","7":"product_cat-destacados","8":"product_cat-tienda-de-videojuegos-steam-recomendados-en-tijuana-mexico","9":"product_cat-tienda-de-videojuegos-tijuana-mexico","10":"product_cat-tienda-de-videojuegos-baratos-economicos-tijuana-mexico","11":"product_cat-tienda-de-videojuegos-populares-tijuana-mexico","12":"product_cat-tienda-de-videojuegos-plataformas-tijuana-mexico","13":"product_cat-tienda-de-videojuegos-pc-tijuana-mexico","14":"product_cat-tienda-de-videojuegos-steam-key-tijuana-mexico","15":"product_cat-tienda-de-videojuegos-indie-tijuana-mexico","16":"product_cat-tienda-de-videojuegos-cooperativos-tijuana-mexico","17":"product_tag-cortex-command","18":"product_tag-cortex-command-steam","19":"product_tag-steam","21":"first","22":"instock","23":"shipping-taxable","24":"purchasable","25":"product-type-simple"},"yoast_head":"<!-- This site is optimized with the Yoast SEO plugin v27.0 - https:\/\/yoast.com\/product\/yoast-seo-wordpress\/ -->\n<title>Cortex Command Steam CD Key - MERCADOKEYS<\/title>\n<meta name=\"description\" content=\"En el mundo de Cortex Command, muchos humanos han optado por amputar todo su cuerpo natural para prolongar sus vidas y permitir los viajes espaciales\" \/>\n<meta name=\"robots\" content=\"index, follow, max-snippet:-1, max-image-preview:large, max-video-preview:-1\" \/>\n<link rel=\"canonical\" href=\"https:\/\/www.mercadokeys.com\/product\/cortex-command-steam-cd-key\/\" \/>\n<meta property=\"og:locale\" content=\"en_GB\" \/>\n<meta property=\"og:type\" content=\"article\" \/>\n<meta property=\"og:title\" content=\"Cortex Command Steam CD Key - MERCADOKEYS\" \/>\n<meta property=\"og:description\" content=\"En el mundo de Cortex Command, muchos humanos han optado por amputar todo su cuerpo natural para prolongar sus vidas y permitir los viajes espaciales\" \/>\n<meta property=\"og:url\" content=\"https:\/\/www.mercadokeys.com\/product\/cortex-command-steam-cd-key\/\" \/>\n<meta property=\"og:site_name\" content=\"MERCADOKEYS\" \/>\n<meta property=\"article:modified_time\" content=\"2022-06-27T13:43:47+00:00\" \/>\n<meta property=\"og:image\" content=\"https:\/\/www.mercadokeys.com\/wp-content\/uploads\/2020\/12\/cortex-command_cover_original.jpg\" \/>\n\t<meta property=\"og:image:width\" content=\"478\" \/>\n\t<meta property=\"og:image:height\" content=\"288\" \/>\n\t<meta property=\"og:image:type\" content=\"image\/jpeg\" \/>\n<meta name=\"twitter:card\" content=\"summary_large_image\" \/>\n<meta name=\"twitter:label1\" content=\"Estimated reading time\" \/>\n\t<meta name=\"twitter:data1\" content=\"1 minute\" \/>\n<script type=\"application\/ld+json\" class=\"yoast-schema-graph\">{\"@context\":\"https:\/\/schema.org\",\"@graph\":[{\"@type\":\"WebPage\",\"@id\":\"https:\/\/www.mercadokeys.com\/product\/cortex-command-steam-cd-key\/\",\"url\":\"https:\/\/www.mercadokeys.com\/product\/cortex-command-steam-cd-key\/\",\"name\":\"Cortex Command Steam CD Key - MERCADOKEYS\",\"isPartOf\":{\"@id\":\"https:\/\/www.mercadokeys.com\/eng\/#website\"},\"primaryImageOfPage\":{\"@id\":\"https:\/\/www.mercadokeys.com\/product\/cortex-command-steam-cd-key\/#primaryimage\"},\"image\":{\"@id\":\"https:\/\/www.mercadokeys.com\/product\/cortex-command-steam-cd-key\/#primaryimage\"},\"thumbnailUrl\":\"https:\/\/www.mercadokeys.com.mx\/wp-content\/uploads\/2020\/12\/cortex-command_cover_original.jpg\",\"datePublished\":\"2020-12-17T12:55:14+00:00\",\"dateModified\":\"2022-06-27T13:43:47+00:00\",\"description\":\"En el mundo de Cortex Command, muchos humanos han optado por amputar todo su cuerpo natural para prolongar sus vidas y permitir los viajes espaciales\",\"breadcrumb\":{\"@id\":\"https:\/\/www.mercadokeys.com\/product\/cortex-command-steam-cd-key\/#breadcrumb\"},\"inLanguage\":\"en-GB\",\"potentialAction\":[{\"@type\":\"ReadAction\",\"target\":[\"https:\/\/www.mercadokeys.com\/product\/cortex-command-steam-cd-key\/\"]}]},{\"@type\":\"ImageObject\",\"inLanguage\":\"en-GB\",\"@id\":\"https:\/\/www.mercadokeys.com\/product\/cortex-command-steam-cd-key\/#primaryimage\",\"url\":\"https:\/\/www.mercadokeys.com.mx\/wp-content\/uploads\/2020\/12\/cortex-command_cover_original.jpg\",\"contentUrl\":\"https:\/\/www.mercadokeys.com.mx\/wp-content\/uploads\/2020\/12\/cortex-command_cover_original.jpg\",\"width\":478,\"height\":288,\"caption\":\"En el mundo de Cortex Command, muchos humanos han optado por amputar todo su cuerpo natural para prolongar sus vidas y permitir los viajes espaciales\"},{\"@type\":\"BreadcrumbList\",\"@id\":\"https:\/\/www.mercadokeys.com\/product\/cortex-command-steam-cd-key\/#breadcrumb\",\"itemListElement\":[{\"@type\":\"ListItem\",\"position\":1,\"name\":\"Inicio\",\"item\":\"https:\/\/www.mercadokeys.com.mx\/\"},{\"@type\":\"ListItem\",\"position\":2,\"name\":\"Tienda\",\"item\":\"https:\/\/www.mercadokeys.com\/shop\/\"},{\"@type\":\"ListItem\",\"position\":3,\"name\":\"Cortex Command Steam CD Key\"}]},{\"@type\":\"WebSite\",\"@id\":\"https:\/\/www.mercadokeys.com\/eng\/#website\",\"url\":\"https:\/\/www.mercadokeys.com\/eng\/\",\"name\":\"MERCADOKEYS\",\"description\":\"Tu Tienda de videojuegos digitales en Mexico!\",\"potentialAction\":[{\"@type\":\"SearchAction\",\"target\":{\"@type\":\"EntryPoint\",\"urlTemplate\":\"https:\/\/www.mercadokeys.com\/eng\/?s={search_term_string}\"},\"query-input\":{\"@type\":\"PropertyValueSpecification\",\"valueRequired\":true,\"valueName\":\"search_term_string\"}}],\"inLanguage\":\"en-GB\"}]}<\/script>\n<!-- \/ Yoast SEO plugin. -->","yoast_head_json":{"title":"Cortex Command Steam CD Key - MERCADOKEYS","description":"En el mundo de Cortex Command, muchos humanos han optado por amputar todo su cuerpo natural para prolongar sus vidas y permitir los viajes espaciales","robots":{"index":"index","follow":"follow","max-snippet":"max-snippet:-1","max-image-preview":"max-image-preview:large","max-video-preview":"max-video-preview:-1"},"canonical":"https:\/\/www.mercadokeys.com\/product\/cortex-command-steam-cd-key\/","og_locale":"en_GB","og_type":"article","og_title":"Cortex Command Steam CD Key - MERCADOKEYS","og_description":"En el mundo de Cortex Command, muchos humanos han optado por amputar todo su cuerpo natural para prolongar sus vidas y permitir los viajes espaciales","og_url":"https:\/\/www.mercadokeys.com\/product\/cortex-command-steam-cd-key\/","og_site_name":"MERCADOKEYS","article_modified_time":"2022-06-27T13:43:47+00:00","og_image":[{"width":478,"height":288,"url":"https:\/\/www.mercadokeys.com\/wp-content\/uploads\/2020\/12\/cortex-command_cover_original.jpg","type":"image\/jpeg"}],"twitter_card":"summary_large_image","twitter_misc":{"Estimated reading time":"1 minute"},"schema":{"@context":"https:\/\/schema.org","@graph":[{"@type":"WebPage","@id":"https:\/\/www.mercadokeys.com\/product\/cortex-command-steam-cd-key\/","url":"https:\/\/www.mercadokeys.com\/product\/cortex-command-steam-cd-key\/","name":"Cortex Command Steam CD Key - MERCADOKEYS","isPartOf":{"@id":"https:\/\/www.mercadokeys.com\/eng\/#website"},"primaryImageOfPage":{"@id":"https:\/\/www.mercadokeys.com\/product\/cortex-command-steam-cd-key\/#primaryimage"},"image":{"@id":"https:\/\/www.mercadokeys.com\/product\/cortex-command-steam-cd-key\/#primaryimage"},"thumbnailUrl":"https:\/\/www.mercadokeys.com.mx\/wp-content\/uploads\/2020\/12\/cortex-command_cover_original.jpg","datePublished":"2020-12-17T12:55:14+00:00","dateModified":"2022-06-27T13:43:47+00:00","description":"En el mundo de Cortex Command, muchos humanos han optado por amputar todo su cuerpo natural para prolongar sus vidas y permitir los viajes espaciales","breadcrumb":{"@id":"https:\/\/www.mercadokeys.com\/product\/cortex-command-steam-cd-key\/#breadcrumb"},"inLanguage":"en-GB","potentialAction":[{"@type":"ReadAction","target":["https:\/\/www.mercadokeys.com\/product\/cortex-command-steam-cd-key\/"]}]},{"@type":"ImageObject","inLanguage":"en-GB","@id":"https:\/\/www.mercadokeys.com\/product\/cortex-command-steam-cd-key\/#primaryimage","url":"https:\/\/www.mercadokeys.com.mx\/wp-content\/uploads\/2020\/12\/cortex-command_cover_original.jpg","contentUrl":"https:\/\/www.mercadokeys.com.mx\/wp-content\/uploads\/2020\/12\/cortex-command_cover_original.jpg","width":478,"height":288,"caption":"En el mundo de Cortex Command, muchos humanos han optado por amputar todo su cuerpo natural para prolongar sus vidas y permitir los viajes espaciales"},{"@type":"BreadcrumbList","@id":"https:\/\/www.mercadokeys.com\/product\/cortex-command-steam-cd-key\/#breadcrumb","itemListElement":[{"@type":"ListItem","position":1,"name":"Inicio","item":"https:\/\/www.mercadokeys.com.mx\/"},{"@type":"ListItem","position":2,"name":"Tienda","item":"https:\/\/www.mercadokeys.com\/shop\/"},{"@type":"ListItem","position":3,"name":"Cortex Command Steam CD Key"}]},{"@type":"WebSite","@id":"https:\/\/www.mercadokeys.com\/eng\/#website","url":"https:\/\/www.mercadokeys.com\/eng\/","name":"MERCADOKEYS","description":"Tu Tienda de videojuegos digitales en Mexico!","potentialAction":[{"@type":"SearchAction","target":{"@type":"EntryPoint","urlTemplate":"https:\/\/www.mercadokeys.com\/eng\/?s={search_term_string}"},"query-input":{"@type":"PropertyValueSpecification","valueRequired":true,"valueName":"search_term_string"}}],"inLanguage":"en-GB"}]}},"df_price":24.668976,"df_sale_price":24.668976,"df_regular_price":24.668976,"df_image_link":"https:\/\/www.mercadokeys.com.mx\/wp-content\/uploads\/2020\/12\/cortex-command_cover_original-300x181.jpg","_links":{"self":[{"href":"https:\/\/www.mercadokeys.com.mx\/eng\/wp-json\/wp\/v2\/product\/80387","targetHints":{"allow":["GET"]}}],"collection":[{"href":"https:\/\/www.mercadokeys.com.mx\/eng\/wp-json\/wp\/v2\/product"}],"about":[{"href":"https:\/\/www.mercadokeys.com.mx\/eng\/wp-json\/wp\/v2\/types\/product"}],"wp:featuredmedia":[{"embeddable":true,"href":"https:\/\/www.mercadokeys.com.mx\/eng\/wp-json\/wp\/v2\/media\/80397"}],"wp:attachment":[{"href":"https:\/\/www.mercadokeys.com.mx\/eng\/wp-json\/wp\/v2\/media?parent=80387"}],"wp:term":[{"taxonomy":"product_brand","embeddable":true,"href":"https:\/\/www.mercadokeys.com.mx\/eng\/wp-json\/wp\/v2\/product_brand?post=80387"},{"taxonomy":"product_cat","embeddable":true,"href":"https:\/\/www.mercadokeys.com.mx\/eng\/wp-json\/wp\/v2\/product_cat?post=80387"},{"taxonomy":"product_tag","embeddable":true,"href":"https:\/\/www.mercadokeys.com.mx\/eng\/wp-json\/wp\/v2\/product_tag?post=80387"}],"curies":[{"name":"wp","href":"https:\/\/api.w.org\/{rel}","templated":true}]}}