{"id":79026,"date":"2020-12-17T03:39:01","date_gmt":"2020-12-17T11:39:01","guid":{"rendered":"https:\/\/www.mercadokeys.com\/product\/streets-of-rogue-steam-cd-key\/"},"modified":"2022-06-16T06:16:13","modified_gmt":"2022-06-16T13:16:13","slug":"streets-of-rogue-steam-cd-key","status":"publish","type":"product","link":"https:\/\/www.mercadokeys.com.mx\/eng\/product\/streets-of-rogue-steam-cd-key\/","title":{"rendered":"Streets of Rogue Steam CD Key"},"content":{"rendered":"<p><span style=\"vertical-align: inherit\">Streets of Rogue es un p\u00edcaro lite de arriba hacia abajo con \u00e9nfasis en la libertad y la agencia del jugador. Combina elementos de disparos, sigilo y juegos de rol en una ciudad generada por procedimientos. En lugar de tener lugar en una mazmorra, el juego se desarrolla en una ciudad funcional generada por procedimientos; donde la IA compleja informa a los habitantes de todos los \u00e1mbitos de la vida, que solo est\u00e1n tratando de sobrevivir en sus actividades diarias. Para progresar en Streets of Rogue el jugador deber\u00e1 lograr objetivos espec\u00edficos de la misi\u00f3n de la forma que considere adecuada mediante el uso de sus rasgos de car\u00e1cter especiales, elementos y el entorno.<\/span><\/p>","protected":false},"excerpt":{"rendered":"<p>Streets of Rogue es un p\u00edcaro lite de arriba hacia abajo con \u00e9nfasis en la libertad y la agencia del jugador. Combina elementos de disparos, sigilo y juegos de rol en una ciudad generada por procedimientos. En lugar de tener lugar en una mazmorra, el juego se desarrolla en una ciudad funcional generada por procedimientos;&#8230;<\/p>","protected":false},"featured_media":79036,"template":"","meta":{"_monsterinsights_skip_tracking":false,"_monsterinsights_sitenote_active":false,"_monsterinsights_sitenote_note":"","_monsterinsights_sitenote_category":0},"product_brand":[],"product_cat":[1501,2981,3596,1271,3164,1420,1283,1280,1273,1393,1428],"product_tag":[1526,1772,1773],"class_list":{"0":"post-79026","1":"product","2":"type-product","3":"status-publish","4":"has-post-thumbnail","6":"product_cat-tienda-de-videojuegos-ultimos-juegos-tijuana-mexico","7":"product_cat-destacados","8":"product_cat-tienda-de-videojuegos-steam-recomendados-en-tijuana-mexico","9":"product_cat-tienda-de-videojuegos-tijuana-mexico","10":"product_cat-tienda-de-videojuegos-baratos-economicos-tijuana-mexico","11":"product_cat-tienda-de-videojuegos-populares-tijuana-mexico","12":"product_cat-tienda-de-videojuegos-plataformas-tijuana-mexico","13":"product_cat-tienda-de-videojuegos-pc-tijuana-mexico","14":"product_cat-tienda-de-videojuegos-steam-key-tijuana-mexico","15":"product_cat-tienda-de-videojuegos-indie-tijuana-mexico","16":"product_cat-tienda-de-videojuegos-cooperativos-tijuana-mexico","17":"product_tag-steam","18":"product_tag-streets-of-rogue","19":"product_tag-streets-of-rogue-steam","21":"first","22":"instock","23":"shipping-taxable","24":"purchasable","25":"product-type-simple"},"yoast_head":"<!-- This site is optimized with the Yoast SEO plugin v27.0 - https:\/\/yoast.com\/product\/yoast-seo-wordpress\/ -->\n<title>Streets of Rogue Steam CD Key - MERCADOKEYS<\/title>\n<meta name=\"description\" content=\"Streets of Rogue es un p\u00edcaro lite de arriba hacia abajo con \u00e9nfasis en la libertad y la agencia del jugador. Combina elementos de disparos, sigilo y de rol\" \/>\n<meta name=\"robots\" content=\"index, follow, max-snippet:-1, max-image-preview:large, max-video-preview:-1\" \/>\n<link rel=\"canonical\" href=\"https:\/\/www.mercadokeys.com\/product\/streets-of-rogue-steam-cd-key\/\" \/>\n<meta property=\"og:locale\" content=\"en_GB\" \/>\n<meta property=\"og:type\" content=\"article\" \/>\n<meta property=\"og:title\" content=\"Streets of Rogue Steam CD Key - MERCADOKEYS\" \/>\n<meta property=\"og:description\" content=\"Streets of Rogue es un p\u00edcaro lite de arriba hacia abajo con \u00e9nfasis en la libertad y la agencia del jugador. Combina elementos de disparos, sigilo y de rol\" \/>\n<meta property=\"og:url\" content=\"https:\/\/www.mercadokeys.com\/product\/streets-of-rogue-steam-cd-key\/\" \/>\n<meta property=\"og:site_name\" content=\"MERCADOKEYS\" \/>\n<meta property=\"article:modified_time\" content=\"2022-06-16T13:16:13+00:00\" \/>\n<meta property=\"og:image\" content=\"https:\/\/www.mercadokeys.com\/wp-content\/uploads\/2020\/12\/streets-of-rogue_cover_original.png\" \/>\n\t<meta property=\"og:image:width\" content=\"792\" \/>\n\t<meta property=\"og:image:height\" content=\"600\" \/>\n\t<meta property=\"og:image:type\" content=\"image\/png\" \/>\n<meta name=\"twitter:card\" content=\"summary_large_image\" \/>\n<meta name=\"twitter:label1\" content=\"Estimated reading time\" \/>\n\t<meta name=\"twitter:data1\" content=\"1 minute\" \/>\n<script type=\"application\/ld+json\" class=\"yoast-schema-graph\">{\"@context\":\"https:\/\/schema.org\",\"@graph\":[{\"@type\":\"WebPage\",\"@id\":\"https:\/\/www.mercadokeys.com\/product\/streets-of-rogue-steam-cd-key\/\",\"url\":\"https:\/\/www.mercadokeys.com\/product\/streets-of-rogue-steam-cd-key\/\",\"name\":\"Streets of Rogue Steam CD Key - MERCADOKEYS\",\"isPartOf\":{\"@id\":\"https:\/\/www.mercadokeys.com\/eng\/#website\"},\"primaryImageOfPage\":{\"@id\":\"https:\/\/www.mercadokeys.com\/product\/streets-of-rogue-steam-cd-key\/#primaryimage\"},\"image\":{\"@id\":\"https:\/\/www.mercadokeys.com\/product\/streets-of-rogue-steam-cd-key\/#primaryimage\"},\"thumbnailUrl\":\"https:\/\/www.mercadokeys.com.mx\/wp-content\/uploads\/2020\/12\/streets-of-rogue_cover_original.png\",\"datePublished\":\"2020-12-17T11:39:01+00:00\",\"dateModified\":\"2022-06-16T13:16:13+00:00\",\"description\":\"Streets of Rogue es un p\u00edcaro lite de arriba hacia abajo con \u00e9nfasis en la libertad y la agencia del jugador. Combina elementos de disparos, sigilo y de rol\",\"breadcrumb\":{\"@id\":\"https:\/\/www.mercadokeys.com\/product\/streets-of-rogue-steam-cd-key\/#breadcrumb\"},\"inLanguage\":\"en-GB\",\"potentialAction\":[{\"@type\":\"ReadAction\",\"target\":[\"https:\/\/www.mercadokeys.com\/product\/streets-of-rogue-steam-cd-key\/\"]}]},{\"@type\":\"ImageObject\",\"inLanguage\":\"en-GB\",\"@id\":\"https:\/\/www.mercadokeys.com\/product\/streets-of-rogue-steam-cd-key\/#primaryimage\",\"url\":\"https:\/\/www.mercadokeys.com.mx\/wp-content\/uploads\/2020\/12\/streets-of-rogue_cover_original.png\",\"contentUrl\":\"https:\/\/www.mercadokeys.com.mx\/wp-content\/uploads\/2020\/12\/streets-of-rogue_cover_original.png\",\"width\":792,\"height\":600,\"caption\":\"Streets of Rogue es un p\u00edcaro lite de arriba hacia abajo con \u00e9nfasis en la libertad y la agencia del jugador. Combina elementos de disparos, sigilo y juegos de rol\"},{\"@type\":\"BreadcrumbList\",\"@id\":\"https:\/\/www.mercadokeys.com\/product\/streets-of-rogue-steam-cd-key\/#breadcrumb\",\"itemListElement\":[{\"@type\":\"ListItem\",\"position\":1,\"name\":\"Inicio\",\"item\":\"https:\/\/www.mercadokeys.com.mx\/\"},{\"@type\":\"ListItem\",\"position\":2,\"name\":\"Tienda\",\"item\":\"https:\/\/www.mercadokeys.com\/shop\/\"},{\"@type\":\"ListItem\",\"position\":3,\"name\":\"Streets of Rogue Steam CD Key\"}]},{\"@type\":\"WebSite\",\"@id\":\"https:\/\/www.mercadokeys.com\/eng\/#website\",\"url\":\"https:\/\/www.mercadokeys.com\/eng\/\",\"name\":\"MERCADOKEYS\",\"description\":\"Tu Tienda de videojuegos digitales en Mexico!\",\"potentialAction\":[{\"@type\":\"SearchAction\",\"target\":{\"@type\":\"EntryPoint\",\"urlTemplate\":\"https:\/\/www.mercadokeys.com\/eng\/?s={search_term_string}\"},\"query-input\":{\"@type\":\"PropertyValueSpecification\",\"valueRequired\":true,\"valueName\":\"search_term_string\"}}],\"inLanguage\":\"en-GB\"}]}<\/script>\n<!-- \/ Yoast SEO plugin. -->","yoast_head_json":{"title":"Streets of Rogue Steam CD Key - MERCADOKEYS","description":"Streets of Rogue es un p\u00edcaro lite de arriba hacia abajo con \u00e9nfasis en la libertad y la agencia del jugador. Combina elementos de disparos, sigilo y de rol","robots":{"index":"index","follow":"follow","max-snippet":"max-snippet:-1","max-image-preview":"max-image-preview:large","max-video-preview":"max-video-preview:-1"},"canonical":"https:\/\/www.mercadokeys.com\/product\/streets-of-rogue-steam-cd-key\/","og_locale":"en_GB","og_type":"article","og_title":"Streets of Rogue Steam CD Key - MERCADOKEYS","og_description":"Streets of Rogue es un p\u00edcaro lite de arriba hacia abajo con \u00e9nfasis en la libertad y la agencia del jugador. Combina elementos de disparos, sigilo y de rol","og_url":"https:\/\/www.mercadokeys.com\/product\/streets-of-rogue-steam-cd-key\/","og_site_name":"MERCADOKEYS","article_modified_time":"2022-06-16T13:16:13+00:00","og_image":[{"width":792,"height":600,"url":"https:\/\/www.mercadokeys.com\/wp-content\/uploads\/2020\/12\/streets-of-rogue_cover_original.png","type":"image\/png"}],"twitter_card":"summary_large_image","twitter_misc":{"Estimated reading time":"1 minute"},"schema":{"@context":"https:\/\/schema.org","@graph":[{"@type":"WebPage","@id":"https:\/\/www.mercadokeys.com\/product\/streets-of-rogue-steam-cd-key\/","url":"https:\/\/www.mercadokeys.com\/product\/streets-of-rogue-steam-cd-key\/","name":"Streets of Rogue Steam CD Key - MERCADOKEYS","isPartOf":{"@id":"https:\/\/www.mercadokeys.com\/eng\/#website"},"primaryImageOfPage":{"@id":"https:\/\/www.mercadokeys.com\/product\/streets-of-rogue-steam-cd-key\/#primaryimage"},"image":{"@id":"https:\/\/www.mercadokeys.com\/product\/streets-of-rogue-steam-cd-key\/#primaryimage"},"thumbnailUrl":"https:\/\/www.mercadokeys.com.mx\/wp-content\/uploads\/2020\/12\/streets-of-rogue_cover_original.png","datePublished":"2020-12-17T11:39:01+00:00","dateModified":"2022-06-16T13:16:13+00:00","description":"Streets of Rogue es un p\u00edcaro lite de arriba hacia abajo con \u00e9nfasis en la libertad y la agencia del jugador. Combina elementos de disparos, sigilo y de rol","breadcrumb":{"@id":"https:\/\/www.mercadokeys.com\/product\/streets-of-rogue-steam-cd-key\/#breadcrumb"},"inLanguage":"en-GB","potentialAction":[{"@type":"ReadAction","target":["https:\/\/www.mercadokeys.com\/product\/streets-of-rogue-steam-cd-key\/"]}]},{"@type":"ImageObject","inLanguage":"en-GB","@id":"https:\/\/www.mercadokeys.com\/product\/streets-of-rogue-steam-cd-key\/#primaryimage","url":"https:\/\/www.mercadokeys.com.mx\/wp-content\/uploads\/2020\/12\/streets-of-rogue_cover_original.png","contentUrl":"https:\/\/www.mercadokeys.com.mx\/wp-content\/uploads\/2020\/12\/streets-of-rogue_cover_original.png","width":792,"height":600,"caption":"Streets of Rogue es un p\u00edcaro lite de arriba hacia abajo con \u00e9nfasis en la libertad y la agencia del jugador. Combina elementos de disparos, sigilo y juegos de rol"},{"@type":"BreadcrumbList","@id":"https:\/\/www.mercadokeys.com\/product\/streets-of-rogue-steam-cd-key\/#breadcrumb","itemListElement":[{"@type":"ListItem","position":1,"name":"Inicio","item":"https:\/\/www.mercadokeys.com.mx\/"},{"@type":"ListItem","position":2,"name":"Tienda","item":"https:\/\/www.mercadokeys.com\/shop\/"},{"@type":"ListItem","position":3,"name":"Streets of Rogue Steam CD Key"}]},{"@type":"WebSite","@id":"https:\/\/www.mercadokeys.com\/eng\/#website","url":"https:\/\/www.mercadokeys.com\/eng\/","name":"MERCADOKEYS","description":"Tu Tienda de videojuegos digitales en Mexico!","potentialAction":[{"@type":"SearchAction","target":{"@type":"EntryPoint","urlTemplate":"https:\/\/www.mercadokeys.com\/eng\/?s={search_term_string}"},"query-input":{"@type":"PropertyValueSpecification","valueRequired":true,"valueName":"search_term_string"}}],"inLanguage":"en-GB"}]}},"df_price":208.080182,"df_sale_price":208.080182,"df_regular_price":208.080182,"df_image_link":"https:\/\/www.mercadokeys.com.mx\/wp-content\/uploads\/2020\/12\/streets-of-rogue_cover_original-300x227.png","_links":{"self":[{"href":"https:\/\/www.mercadokeys.com.mx\/eng\/wp-json\/wp\/v2\/product\/79026","targetHints":{"allow":["GET"]}}],"collection":[{"href":"https:\/\/www.mercadokeys.com.mx\/eng\/wp-json\/wp\/v2\/product"}],"about":[{"href":"https:\/\/www.mercadokeys.com.mx\/eng\/wp-json\/wp\/v2\/types\/product"}],"wp:featuredmedia":[{"embeddable":true,"href":"https:\/\/www.mercadokeys.com.mx\/eng\/wp-json\/wp\/v2\/media\/79036"}],"wp:attachment":[{"href":"https:\/\/www.mercadokeys.com.mx\/eng\/wp-json\/wp\/v2\/media?parent=79026"}],"wp:term":[{"taxonomy":"product_brand","embeddable":true,"href":"https:\/\/www.mercadokeys.com.mx\/eng\/wp-json\/wp\/v2\/product_brand?post=79026"},{"taxonomy":"product_cat","embeddable":true,"href":"https:\/\/www.mercadokeys.com.mx\/eng\/wp-json\/wp\/v2\/product_cat?post=79026"},{"taxonomy":"product_tag","embeddable":true,"href":"https:\/\/www.mercadokeys.com.mx\/eng\/wp-json\/wp\/v2\/product_tag?post=79026"}],"curies":[{"name":"wp","href":"https:\/\/api.w.org\/{rel}","templated":true}]}}