{"id":78570,"date":"2020-12-17T03:14:24","date_gmt":"2020-12-17T11:14:24","guid":{"rendered":"https:\/\/www.mercadokeys.com\/product\/viscera-cleanup-detail-santas-rampage-steam-cd-key\/"},"modified":"2022-06-27T06:46:15","modified_gmt":"2022-06-27T13:46:15","slug":"viscera-cleanup-detail-santas-rampage-steam-cd-key","status":"publish","type":"product","link":"https:\/\/www.mercadokeys.com.mx\/eng\/product\/viscera-cleanup-detail-santas-rampage-steam-cd-key\/","title":{"rendered":"Viscera Cleanup Detail: Santa&#8217;s Rampage Steam CD Key"},"content":{"rendered":"<p><span style=\"vertical-align: inherit\">\u00a1Tragedia! Papa Noel; el h\u00e9roe popular que regala juguetes y el proveedor de finos art\u00edculos navide\u00f1os ha tenido suficiente. \u00a1Solicitudes interminables de ni\u00f1os codiciosos que desean m\u00e1s y m\u00e1s cada a\u00f1o, aumentos de impuestos, presi\u00f3n de los sindicatos de elfos, facturas, renos! Es su deber, como empleado de Polar Sanitation Inc, limpiar las secuelas del sangriento alboroto de Santa. Elfos, renos y mamposter\u00eda en ruinas de la breve aver\u00eda de Santa est\u00e1n esparcidos por su famoso taller, as\u00ed que ponte tu gorra, toma tu trapeador y arregla este lugar para que la compa\u00f1\u00eda pueda conseguir un reemplazo aqu\u00ed lo antes posible y restaurar la Navidad para otra generaci\u00f3n. Caracter\u00edsticas clave Viscera Cleanup Detail: Santa&#8217;s Rampage: p\u00f3ngase en las botas de un t\u00e9cnico de saneamiento de una estaci\u00f3n espacial (o en este caso, del polo norte) y experimente los altibajos del trabajo. Taller de Santa: <\/span><\/p>\n<p><span style=\"vertical-align: inherit\">En Viscera Cleanup Detail explore Santa &#8216; s infame taller y descubre la historia que condujo a los tr\u00e1gicos eventos que est\u00e1s aqu\u00ed para limpiar. Limpiar &#8211; \u00a1Es tu trabajo limpiar el desorden, as\u00ed que limpiarlo lo har\u00e1s! \u00a1Utilice su fiel trapeador, guantes, m\u00e1quinas dispensadoras y herramienta de rastreo para ayudarlo a sacar toda esa sangre del piso! Incluso puedes intentar salir si crees que has hecho tu trabajo. Juego de Sandbox: \u00bfNo quieres limpiar? \u00bfSolo quieres hacer m\u00e1s l\u00edo y jugar con la f\u00edsica? \u00a1Adelante! Multijugador: incluso puedes reclutar a algunos amigos \/ compa\u00f1eros de trabajo para que te ayuden a limpiar (o ensuciar a\u00fan m\u00e1s). \u00a1La cooperativa de pantalla dividida tambi\u00e9n est\u00e1 disponible!.<\/span><\/p>","protected":false},"excerpt":{"rendered":"<p>\u00a1Tragedia! Papa Noel; el h\u00e9roe popular que regala juguetes y el proveedor de finos art\u00edculos navide\u00f1os ha tenido suficiente. \u00a1Solicitudes interminables de ni\u00f1os codiciosos que desean m\u00e1s y m\u00e1s cada a\u00f1o, aumentos de impuestos, presi\u00f3n de los sindicatos de elfos, facturas, renos! Es su deber, como empleado de Polar Sanitation Inc, limpiar las secuelas del&#8230;<\/p>","protected":false},"featured_media":78582,"template":"","meta":{"_monsterinsights_skip_tracking":false,"_monsterinsights_sitenote_active":false,"_monsterinsights_sitenote_note":"","_monsterinsights_sitenote_category":0},"product_brand":[],"product_cat":[1501,2981,3596,1271,3164,1420,1283,1280,1273,1393,1428],"product_tag":[1526,1777,1778,1779],"class_list":{"0":"post-78570","1":"product","2":"type-product","3":"status-publish","4":"has-post-thumbnail","6":"product_cat-tienda-de-videojuegos-ultimos-juegos-tijuana-mexico","7":"product_cat-destacados","8":"product_cat-tienda-de-videojuegos-steam-recomendados-en-tijuana-mexico","9":"product_cat-tienda-de-videojuegos-tijuana-mexico","10":"product_cat-tienda-de-videojuegos-baratos-economicos-tijuana-mexico","11":"product_cat-tienda-de-videojuegos-populares-tijuana-mexico","12":"product_cat-tienda-de-videojuegos-plataformas-tijuana-mexico","13":"product_cat-tienda-de-videojuegos-pc-tijuana-mexico","14":"product_cat-tienda-de-videojuegos-steam-key-tijuana-mexico","15":"product_cat-tienda-de-videojuegos-indie-tijuana-mexico","16":"product_cat-tienda-de-videojuegos-cooperativos-tijuana-mexico","17":"product_tag-steam","18":"product_tag-viscera-cleanup-detail","19":"product_tag-viscera-cleanup-detail-santas-rampage","20":"product_tag-viscera-cleanup-detail-santas-rampage-steam","22":"first","23":"instock","24":"shipping-taxable","25":"purchasable","26":"product-type-simple"},"yoast_head":"<!-- This site is optimized with the Yoast SEO plugin v27.0 - https:\/\/yoast.com\/product\/yoast-seo-wordpress\/ -->\n<title>Viscera Cleanup Detail: Santa&#039;s Rampage Steam CD Key - MERCADOKEYS<\/title>\n<meta name=\"description\" content=\"Viscera Cleanup Detail: Santa&#039;s Rampage: p\u00f3ngase en las botas de un t\u00e9cnico de saneamiento de una estaci\u00f3n espacial (o en este caso, del polo norte)\" \/>\n<meta name=\"robots\" content=\"index, follow, max-snippet:-1, max-image-preview:large, max-video-preview:-1\" \/>\n<link rel=\"canonical\" href=\"https:\/\/www.mercadokeys.com\/product\/viscera-cleanup-detail-santas-rampage-steam-cd-key\/\" \/>\n<meta property=\"og:locale\" content=\"en_GB\" \/>\n<meta property=\"og:type\" content=\"article\" \/>\n<meta property=\"og:title\" content=\"Viscera Cleanup Detail: Santa&#039;s Rampage Steam CD Key - MERCADOKEYS\" \/>\n<meta property=\"og:description\" content=\"Viscera Cleanup Detail: Santa&#039;s Rampage: p\u00f3ngase en las botas de un t\u00e9cnico de saneamiento de una estaci\u00f3n espacial (o en este caso, del polo norte)\" \/>\n<meta property=\"og:url\" content=\"https:\/\/www.mercadokeys.com\/product\/viscera-cleanup-detail-santas-rampage-steam-cd-key\/\" \/>\n<meta property=\"og:site_name\" content=\"MERCADOKEYS\" \/>\n<meta property=\"article:modified_time\" content=\"2022-06-27T13:46:15+00:00\" \/>\n<meta property=\"og:image\" content=\"https:\/\/www.mercadokeys.com\/wp-content\/uploads\/2020\/12\/viscera-cleanup-detail-santa-s-rampage_cover_original.jpg\" \/>\n\t<meta property=\"og:image:width\" content=\"460\" \/>\n\t<meta property=\"og:image:height\" content=\"215\" \/>\n\t<meta property=\"og:image:type\" content=\"image\/jpeg\" \/>\n<meta name=\"twitter:card\" content=\"summary_large_image\" \/>\n<meta name=\"twitter:label1\" content=\"Estimated reading time\" \/>\n\t<meta name=\"twitter:data1\" content=\"2 minutes\" \/>\n<script type=\"application\/ld+json\" class=\"yoast-schema-graph\">{\"@context\":\"https:\/\/schema.org\",\"@graph\":[{\"@type\":\"WebPage\",\"@id\":\"https:\/\/www.mercadokeys.com\/product\/viscera-cleanup-detail-santas-rampage-steam-cd-key\/\",\"url\":\"https:\/\/www.mercadokeys.com\/product\/viscera-cleanup-detail-santas-rampage-steam-cd-key\/\",\"name\":\"Viscera Cleanup Detail: Santa's Rampage Steam CD Key - MERCADOKEYS\",\"isPartOf\":{\"@id\":\"https:\/\/www.mercadokeys.com\/eng\/#website\"},\"primaryImageOfPage\":{\"@id\":\"https:\/\/www.mercadokeys.com\/product\/viscera-cleanup-detail-santas-rampage-steam-cd-key\/#primaryimage\"},\"image\":{\"@id\":\"https:\/\/www.mercadokeys.com\/product\/viscera-cleanup-detail-santas-rampage-steam-cd-key\/#primaryimage\"},\"thumbnailUrl\":\"https:\/\/www.mercadokeys.com.mx\/wp-content\/uploads\/2020\/12\/viscera-cleanup-detail-santa-s-rampage_cover_original.jpg\",\"datePublished\":\"2020-12-17T11:14:24+00:00\",\"dateModified\":\"2022-06-27T13:46:15+00:00\",\"description\":\"Viscera Cleanup Detail: Santa's Rampage: p\u00f3ngase en las botas de un t\u00e9cnico de saneamiento de una estaci\u00f3n espacial (o en este caso, del polo norte)\",\"breadcrumb\":{\"@id\":\"https:\/\/www.mercadokeys.com\/product\/viscera-cleanup-detail-santas-rampage-steam-cd-key\/#breadcrumb\"},\"inLanguage\":\"en-GB\",\"potentialAction\":[{\"@type\":\"ReadAction\",\"target\":[\"https:\/\/www.mercadokeys.com\/product\/viscera-cleanup-detail-santas-rampage-steam-cd-key\/\"]}]},{\"@type\":\"ImageObject\",\"inLanguage\":\"en-GB\",\"@id\":\"https:\/\/www.mercadokeys.com\/product\/viscera-cleanup-detail-santas-rampage-steam-cd-key\/#primaryimage\",\"url\":\"https:\/\/www.mercadokeys.com.mx\/wp-content\/uploads\/2020\/12\/viscera-cleanup-detail-santa-s-rampage_cover_original.jpg\",\"contentUrl\":\"https:\/\/www.mercadokeys.com.mx\/wp-content\/uploads\/2020\/12\/viscera-cleanup-detail-santa-s-rampage_cover_original.jpg\",\"width\":460,\"height\":215,\"caption\":\"Viscera Cleanup Detail: Santa's Rampage: p\u00f3ngase en las botas de un t\u00e9cnico de saneamiento de una estaci\u00f3n espacial (o en este caso, del polo norte)\"},{\"@type\":\"BreadcrumbList\",\"@id\":\"https:\/\/www.mercadokeys.com\/product\/viscera-cleanup-detail-santas-rampage-steam-cd-key\/#breadcrumb\",\"itemListElement\":[{\"@type\":\"ListItem\",\"position\":1,\"name\":\"Inicio\",\"item\":\"https:\/\/www.mercadokeys.com.mx\/\"},{\"@type\":\"ListItem\",\"position\":2,\"name\":\"Tienda\",\"item\":\"https:\/\/www.mercadokeys.com\/shop\/\"},{\"@type\":\"ListItem\",\"position\":3,\"name\":\"Viscera Cleanup Detail: Santa&#8217;s Rampage Steam CD Key\"}]},{\"@type\":\"WebSite\",\"@id\":\"https:\/\/www.mercadokeys.com\/eng\/#website\",\"url\":\"https:\/\/www.mercadokeys.com\/eng\/\",\"name\":\"MERCADOKEYS\",\"description\":\"Tu Tienda de videojuegos digitales en Mexico!\",\"potentialAction\":[{\"@type\":\"SearchAction\",\"target\":{\"@type\":\"EntryPoint\",\"urlTemplate\":\"https:\/\/www.mercadokeys.com\/eng\/?s={search_term_string}\"},\"query-input\":{\"@type\":\"PropertyValueSpecification\",\"valueRequired\":true,\"valueName\":\"search_term_string\"}}],\"inLanguage\":\"en-GB\"}]}<\/script>\n<!-- \/ Yoast SEO plugin. -->","yoast_head_json":{"title":"Viscera Cleanup Detail: Santa's Rampage Steam CD Key - MERCADOKEYS","description":"Viscera Cleanup Detail: Santa's Rampage: p\u00f3ngase en las botas de un t\u00e9cnico de saneamiento de una estaci\u00f3n espacial (o en este caso, del polo norte)","robots":{"index":"index","follow":"follow","max-snippet":"max-snippet:-1","max-image-preview":"max-image-preview:large","max-video-preview":"max-video-preview:-1"},"canonical":"https:\/\/www.mercadokeys.com\/product\/viscera-cleanup-detail-santas-rampage-steam-cd-key\/","og_locale":"en_GB","og_type":"article","og_title":"Viscera Cleanup Detail: Santa's Rampage Steam CD Key - MERCADOKEYS","og_description":"Viscera Cleanup Detail: Santa's Rampage: p\u00f3ngase en las botas de un t\u00e9cnico de saneamiento de una estaci\u00f3n espacial (o en este caso, del polo norte)","og_url":"https:\/\/www.mercadokeys.com\/product\/viscera-cleanup-detail-santas-rampage-steam-cd-key\/","og_site_name":"MERCADOKEYS","article_modified_time":"2022-06-27T13:46:15+00:00","og_image":[{"width":460,"height":215,"url":"https:\/\/www.mercadokeys.com\/wp-content\/uploads\/2020\/12\/viscera-cleanup-detail-santa-s-rampage_cover_original.jpg","type":"image\/jpeg"}],"twitter_card":"summary_large_image","twitter_misc":{"Estimated reading time":"2 minutes"},"schema":{"@context":"https:\/\/schema.org","@graph":[{"@type":"WebPage","@id":"https:\/\/www.mercadokeys.com\/product\/viscera-cleanup-detail-santas-rampage-steam-cd-key\/","url":"https:\/\/www.mercadokeys.com\/product\/viscera-cleanup-detail-santas-rampage-steam-cd-key\/","name":"Viscera Cleanup Detail: Santa's Rampage Steam CD Key - MERCADOKEYS","isPartOf":{"@id":"https:\/\/www.mercadokeys.com\/eng\/#website"},"primaryImageOfPage":{"@id":"https:\/\/www.mercadokeys.com\/product\/viscera-cleanup-detail-santas-rampage-steam-cd-key\/#primaryimage"},"image":{"@id":"https:\/\/www.mercadokeys.com\/product\/viscera-cleanup-detail-santas-rampage-steam-cd-key\/#primaryimage"},"thumbnailUrl":"https:\/\/www.mercadokeys.com.mx\/wp-content\/uploads\/2020\/12\/viscera-cleanup-detail-santa-s-rampage_cover_original.jpg","datePublished":"2020-12-17T11:14:24+00:00","dateModified":"2022-06-27T13:46:15+00:00","description":"Viscera Cleanup Detail: Santa's Rampage: p\u00f3ngase en las botas de un t\u00e9cnico de saneamiento de una estaci\u00f3n espacial (o en este caso, del polo norte)","breadcrumb":{"@id":"https:\/\/www.mercadokeys.com\/product\/viscera-cleanup-detail-santas-rampage-steam-cd-key\/#breadcrumb"},"inLanguage":"en-GB","potentialAction":[{"@type":"ReadAction","target":["https:\/\/www.mercadokeys.com\/product\/viscera-cleanup-detail-santas-rampage-steam-cd-key\/"]}]},{"@type":"ImageObject","inLanguage":"en-GB","@id":"https:\/\/www.mercadokeys.com\/product\/viscera-cleanup-detail-santas-rampage-steam-cd-key\/#primaryimage","url":"https:\/\/www.mercadokeys.com.mx\/wp-content\/uploads\/2020\/12\/viscera-cleanup-detail-santa-s-rampage_cover_original.jpg","contentUrl":"https:\/\/www.mercadokeys.com.mx\/wp-content\/uploads\/2020\/12\/viscera-cleanup-detail-santa-s-rampage_cover_original.jpg","width":460,"height":215,"caption":"Viscera Cleanup Detail: Santa's Rampage: p\u00f3ngase en las botas de un t\u00e9cnico de saneamiento de una estaci\u00f3n espacial (o en este caso, del polo norte)"},{"@type":"BreadcrumbList","@id":"https:\/\/www.mercadokeys.com\/product\/viscera-cleanup-detail-santas-rampage-steam-cd-key\/#breadcrumb","itemListElement":[{"@type":"ListItem","position":1,"name":"Inicio","item":"https:\/\/www.mercadokeys.com.mx\/"},{"@type":"ListItem","position":2,"name":"Tienda","item":"https:\/\/www.mercadokeys.com\/shop\/"},{"@type":"ListItem","position":3,"name":"Viscera Cleanup Detail: Santa&#8217;s Rampage Steam CD Key"}]},{"@type":"WebSite","@id":"https:\/\/www.mercadokeys.com\/eng\/#website","url":"https:\/\/www.mercadokeys.com\/eng\/","name":"MERCADOKEYS","description":"Tu Tienda de videojuegos digitales en Mexico!","potentialAction":[{"@type":"SearchAction","target":{"@type":"EntryPoint","urlTemplate":"https:\/\/www.mercadokeys.com\/eng\/?s={search_term_string}"},"query-input":{"@type":"PropertyValueSpecification","valueRequired":true,"valueName":"search_term_string"}}],"inLanguage":"en-GB"}]}},"df_price":52.555644,"df_sale_price":52.555644,"df_regular_price":52.555644,"df_image_link":"https:\/\/www.mercadokeys.com.mx\/wp-content\/uploads\/2020\/12\/viscera-cleanup-detail-santa-s-rampage_cover_original-300x140.jpg","_links":{"self":[{"href":"https:\/\/www.mercadokeys.com.mx\/eng\/wp-json\/wp\/v2\/product\/78570","targetHints":{"allow":["GET"]}}],"collection":[{"href":"https:\/\/www.mercadokeys.com.mx\/eng\/wp-json\/wp\/v2\/product"}],"about":[{"href":"https:\/\/www.mercadokeys.com.mx\/eng\/wp-json\/wp\/v2\/types\/product"}],"wp:featuredmedia":[{"embeddable":true,"href":"https:\/\/www.mercadokeys.com.mx\/eng\/wp-json\/wp\/v2\/media\/78582"}],"wp:attachment":[{"href":"https:\/\/www.mercadokeys.com.mx\/eng\/wp-json\/wp\/v2\/media?parent=78570"}],"wp:term":[{"taxonomy":"product_brand","embeddable":true,"href":"https:\/\/www.mercadokeys.com.mx\/eng\/wp-json\/wp\/v2\/product_brand?post=78570"},{"taxonomy":"product_cat","embeddable":true,"href":"https:\/\/www.mercadokeys.com.mx\/eng\/wp-json\/wp\/v2\/product_cat?post=78570"},{"taxonomy":"product_tag","embeddable":true,"href":"https:\/\/www.mercadokeys.com.mx\/eng\/wp-json\/wp\/v2\/product_tag?post=78570"}],"curies":[{"name":"wp","href":"https:\/\/api.w.org\/{rel}","templated":true}]}}