{"id":78058,"date":"2020-12-17T02:35:05","date_gmt":"2020-12-17T10:35:05","guid":{"rendered":"https:\/\/www.mercadokeys.com\/product\/need-for-speed-payback-origin-cd-key\/"},"modified":"2023-10-15T05:34:39","modified_gmt":"2023-10-15T12:34:39","slug":"need-for-speed-payback-origin-cd-key","status":"publish","type":"product","link":"https:\/\/www.mercadokeys.com.mx\/eng\/product\/need-for-speed-payback-origin-cd-key\/","title":{"rendered":"Need for Speed: Payback Origin CD Key"},"content":{"rendered":"<p><span style=\"vertical-align: inherit;\">Need for Speed: Payback cuenta con la personalizaci\u00f3n m\u00e1s profunda de la serie, los jugadores pueden realmente crear un viaje personalizado y \u00fanico. Tambi\u00e9n pueden pasar horas buscando y sintonizando un abandonado abandonado en un superdeportivo. Luego pueden llevar sus autos al l\u00edmite y aumentar las apuestas apostando por su propio desempe\u00f1o; donde pueden multiplicar sus ganancias o arriesgarse a perderlo todo &#8220;.<\/span><\/p>","protected":false},"excerpt":{"rendered":"<p>Need for Speed: Payback cuenta con la personalizaci\u00f3n m\u00e1s profunda de la serie, los jugadores pueden realmente crear un viaje personalizado y \u00fanico. Tambi\u00e9n pueden pasar horas buscando y sintonizando un abandonado abandonado en un superdeportivo. Luego pueden llevar sus autos al l\u00edmite y aumentar las apuestas apostando por su propio desempe\u00f1o; donde pueden multiplicar&#8230;<\/p>","protected":false},"featured_media":78068,"template":"","meta":{"_monsterinsights_skip_tracking":false,"_monsterinsights_sitenote_active":false,"_monsterinsights_sitenote_note":"","_monsterinsights_sitenote_category":0},"product_brand":[],"product_cat":[1501,2981,1271,1420,1283,1281,1274,1406,1428],"product_tag":[1787,1786,1632],"class_list":{"0":"post-78058","1":"product","2":"type-product","3":"status-publish","4":"has-post-thumbnail","6":"product_cat-tienda-de-videojuegos-ultimos-juegos-tijuana-mexico","7":"product_cat-destacados","8":"product_cat-tienda-de-videojuegos-tijuana-mexico","9":"product_cat-tienda-de-videojuegos-populares-tijuana-mexico","10":"product_cat-tienda-de-videojuegos-plataformas-tijuana-mexico","11":"product_cat-tienda-de-videojuegos-consolas-tijuana-mexico","12":"product_cat-tienda-de-videojuegos-xbox-tijuana-mexico","13":"product_cat-tienda-de-videojuegos-racing-tijuana-mexico","14":"product_cat-tienda-de-videojuegos-cooperativos-tijuana-mexico","15":"product_tag-need-for-speed-payback","16":"product_tag-need-for-speed-payback-origin","17":"product_tag-origin","19":"first","20":"instock","21":"shipping-taxable","22":"purchasable","23":"product-type-simple"},"yoast_head":"<!-- This site is optimized with the Yoast SEO plugin v27.0 - https:\/\/yoast.com\/product\/yoast-seo-wordpress\/ -->\n<title>Need for Speed: Payback Origin CD Key - MERCADOKEYS<\/title>\n<meta name=\"description\" content=\"Need for Speed: Payback cuenta con la personalizaci\u00f3n m\u00e1s profunda de la serie, los jugadores pueden realmente crear un viaje personalizado y \u00fanico\" \/>\n<meta name=\"robots\" content=\"index, follow, max-snippet:-1, max-image-preview:large, max-video-preview:-1\" \/>\n<link rel=\"canonical\" href=\"https:\/\/www.mercadokeys.com\/product\/need-for-speed-payback-origin-cd-key\/\" \/>\n<meta property=\"og:locale\" content=\"en_GB\" \/>\n<meta property=\"og:type\" content=\"article\" \/>\n<meta property=\"og:title\" content=\"Need for Speed: Payback Origin CD Key - MERCADOKEYS\" \/>\n<meta property=\"og:description\" content=\"Need for Speed: Payback cuenta con la personalizaci\u00f3n m\u00e1s profunda de la serie, los jugadores pueden realmente crear un viaje personalizado y \u00fanico\" \/>\n<meta property=\"og:url\" content=\"https:\/\/www.mercadokeys.com\/product\/need-for-speed-payback-origin-cd-key\/\" \/>\n<meta property=\"og:site_name\" content=\"MERCADOKEYS\" \/>\n<meta property=\"article:modified_time\" content=\"2023-10-15T12:34:39+00:00\" \/>\n<meta property=\"og:image\" content=\"https:\/\/www.mercadokeys.com\/wp-content\/uploads\/2020\/12\/need-for-speed-payback_cover_original.png\" \/>\n\t<meta property=\"og:image:width\" content=\"720\" \/>\n\t<meta property=\"og:image:height\" content=\"1080\" \/>\n\t<meta property=\"og:image:type\" content=\"image\/png\" \/>\n<meta name=\"twitter:card\" content=\"summary_large_image\" \/>\n<meta name=\"twitter:label1\" content=\"Estimated reading time\" \/>\n\t<meta name=\"twitter:data1\" content=\"1 minute\" \/>\n<script type=\"application\/ld+json\" class=\"yoast-schema-graph\">{\"@context\":\"https:\/\/schema.org\",\"@graph\":[{\"@type\":\"WebPage\",\"@id\":\"https:\/\/www.mercadokeys.com\/product\/need-for-speed-payback-origin-cd-key\/\",\"url\":\"https:\/\/www.mercadokeys.com\/product\/need-for-speed-payback-origin-cd-key\/\",\"name\":\"Need for Speed: Payback Origin CD Key - MERCADOKEYS\",\"isPartOf\":{\"@id\":\"https:\/\/www.mercadokeys.com\/eng\/#website\"},\"primaryImageOfPage\":{\"@id\":\"https:\/\/www.mercadokeys.com\/product\/need-for-speed-payback-origin-cd-key\/#primaryimage\"},\"image\":{\"@id\":\"https:\/\/www.mercadokeys.com\/product\/need-for-speed-payback-origin-cd-key\/#primaryimage\"},\"thumbnailUrl\":\"https:\/\/www.mercadokeys.com.mx\/wp-content\/uploads\/2020\/12\/need-for-speed-payback_cover_original.png\",\"datePublished\":\"2020-12-17T10:35:05+00:00\",\"dateModified\":\"2023-10-15T12:34:39+00:00\",\"description\":\"Need for Speed: Payback cuenta con la personalizaci\u00f3n m\u00e1s profunda de la serie, los jugadores pueden realmente crear un viaje personalizado y \u00fanico\",\"breadcrumb\":{\"@id\":\"https:\/\/www.mercadokeys.com\/product\/need-for-speed-payback-origin-cd-key\/#breadcrumb\"},\"inLanguage\":\"en-GB\",\"potentialAction\":[{\"@type\":\"ReadAction\",\"target\":[\"https:\/\/www.mercadokeys.com\/product\/need-for-speed-payback-origin-cd-key\/\"]}]},{\"@type\":\"ImageObject\",\"inLanguage\":\"en-GB\",\"@id\":\"https:\/\/www.mercadokeys.com\/product\/need-for-speed-payback-origin-cd-key\/#primaryimage\",\"url\":\"https:\/\/www.mercadokeys.com.mx\/wp-content\/uploads\/2020\/12\/need-for-speed-payback_cover_original.png\",\"contentUrl\":\"https:\/\/www.mercadokeys.com.mx\/wp-content\/uploads\/2020\/12\/need-for-speed-payback_cover_original.png\",\"width\":720,\"height\":1080,\"caption\":\"Need for Speed: Payback cuenta con la personalizaci\u00f3n m\u00e1s profunda de la serie, los jugadores pueden realmente crear un viaje personalizado y \u00fanico\"},{\"@type\":\"BreadcrumbList\",\"@id\":\"https:\/\/www.mercadokeys.com\/product\/need-for-speed-payback-origin-cd-key\/#breadcrumb\",\"itemListElement\":[{\"@type\":\"ListItem\",\"position\":1,\"name\":\"Inicio\",\"item\":\"https:\/\/www.mercadokeys.com.mx\/\"},{\"@type\":\"ListItem\",\"position\":2,\"name\":\"Tienda\",\"item\":\"https:\/\/www.mercadokeys.com\/shop\/\"},{\"@type\":\"ListItem\",\"position\":3,\"name\":\"Need for Speed: Payback Origin CD Key\"}]},{\"@type\":\"WebSite\",\"@id\":\"https:\/\/www.mercadokeys.com\/eng\/#website\",\"url\":\"https:\/\/www.mercadokeys.com\/eng\/\",\"name\":\"MERCADOKEYS\",\"description\":\"Tu Tienda de videojuegos digitales en Mexico!\",\"potentialAction\":[{\"@type\":\"SearchAction\",\"target\":{\"@type\":\"EntryPoint\",\"urlTemplate\":\"https:\/\/www.mercadokeys.com\/eng\/?s={search_term_string}\"},\"query-input\":{\"@type\":\"PropertyValueSpecification\",\"valueRequired\":true,\"valueName\":\"search_term_string\"}}],\"inLanguage\":\"en-GB\"}]}<\/script>\n<!-- \/ Yoast SEO plugin. -->","yoast_head_json":{"title":"Need for Speed: Payback Origin CD Key - MERCADOKEYS","description":"Need for Speed: Payback cuenta con la personalizaci\u00f3n m\u00e1s profunda de la serie, los jugadores pueden realmente crear un viaje personalizado y \u00fanico","robots":{"index":"index","follow":"follow","max-snippet":"max-snippet:-1","max-image-preview":"max-image-preview:large","max-video-preview":"max-video-preview:-1"},"canonical":"https:\/\/www.mercadokeys.com\/product\/need-for-speed-payback-origin-cd-key\/","og_locale":"en_GB","og_type":"article","og_title":"Need for Speed: Payback Origin CD Key - MERCADOKEYS","og_description":"Need for Speed: Payback cuenta con la personalizaci\u00f3n m\u00e1s profunda de la serie, los jugadores pueden realmente crear un viaje personalizado y \u00fanico","og_url":"https:\/\/www.mercadokeys.com\/product\/need-for-speed-payback-origin-cd-key\/","og_site_name":"MERCADOKEYS","article_modified_time":"2023-10-15T12:34:39+00:00","og_image":[{"width":720,"height":1080,"url":"https:\/\/www.mercadokeys.com\/wp-content\/uploads\/2020\/12\/need-for-speed-payback_cover_original.png","type":"image\/png"}],"twitter_card":"summary_large_image","twitter_misc":{"Estimated reading time":"1 minute"},"schema":{"@context":"https:\/\/schema.org","@graph":[{"@type":"WebPage","@id":"https:\/\/www.mercadokeys.com\/product\/need-for-speed-payback-origin-cd-key\/","url":"https:\/\/www.mercadokeys.com\/product\/need-for-speed-payback-origin-cd-key\/","name":"Need for Speed: Payback Origin CD Key - MERCADOKEYS","isPartOf":{"@id":"https:\/\/www.mercadokeys.com\/eng\/#website"},"primaryImageOfPage":{"@id":"https:\/\/www.mercadokeys.com\/product\/need-for-speed-payback-origin-cd-key\/#primaryimage"},"image":{"@id":"https:\/\/www.mercadokeys.com\/product\/need-for-speed-payback-origin-cd-key\/#primaryimage"},"thumbnailUrl":"https:\/\/www.mercadokeys.com.mx\/wp-content\/uploads\/2020\/12\/need-for-speed-payback_cover_original.png","datePublished":"2020-12-17T10:35:05+00:00","dateModified":"2023-10-15T12:34:39+00:00","description":"Need for Speed: Payback cuenta con la personalizaci\u00f3n m\u00e1s profunda de la serie, los jugadores pueden realmente crear un viaje personalizado y \u00fanico","breadcrumb":{"@id":"https:\/\/www.mercadokeys.com\/product\/need-for-speed-payback-origin-cd-key\/#breadcrumb"},"inLanguage":"en-GB","potentialAction":[{"@type":"ReadAction","target":["https:\/\/www.mercadokeys.com\/product\/need-for-speed-payback-origin-cd-key\/"]}]},{"@type":"ImageObject","inLanguage":"en-GB","@id":"https:\/\/www.mercadokeys.com\/product\/need-for-speed-payback-origin-cd-key\/#primaryimage","url":"https:\/\/www.mercadokeys.com.mx\/wp-content\/uploads\/2020\/12\/need-for-speed-payback_cover_original.png","contentUrl":"https:\/\/www.mercadokeys.com.mx\/wp-content\/uploads\/2020\/12\/need-for-speed-payback_cover_original.png","width":720,"height":1080,"caption":"Need for Speed: Payback cuenta con la personalizaci\u00f3n m\u00e1s profunda de la serie, los jugadores pueden realmente crear un viaje personalizado y \u00fanico"},{"@type":"BreadcrumbList","@id":"https:\/\/www.mercadokeys.com\/product\/need-for-speed-payback-origin-cd-key\/#breadcrumb","itemListElement":[{"@type":"ListItem","position":1,"name":"Inicio","item":"https:\/\/www.mercadokeys.com.mx\/"},{"@type":"ListItem","position":2,"name":"Tienda","item":"https:\/\/www.mercadokeys.com\/shop\/"},{"@type":"ListItem","position":3,"name":"Need for Speed: Payback Origin CD Key"}]},{"@type":"WebSite","@id":"https:\/\/www.mercadokeys.com\/eng\/#website","url":"https:\/\/www.mercadokeys.com\/eng\/","name":"MERCADOKEYS","description":"Tu Tienda de videojuegos digitales en Mexico!","potentialAction":[{"@type":"SearchAction","target":{"@type":"EntryPoint","urlTemplate":"https:\/\/www.mercadokeys.com\/eng\/?s={search_term_string}"},"query-input":{"@type":"PropertyValueSpecification","valueRequired":true,"valueName":"search_term_string"}}],"inLanguage":"en-GB"}]}},"df_price":261.958026,"df_sale_price":261.958026,"df_regular_price":261.958026,"df_image_link":"https:\/\/www.mercadokeys.com.mx\/wp-content\/uploads\/2020\/12\/need-for-speed-payback_cover_original-200x300.png","_links":{"self":[{"href":"https:\/\/www.mercadokeys.com.mx\/eng\/wp-json\/wp\/v2\/product\/78058","targetHints":{"allow":["GET"]}}],"collection":[{"href":"https:\/\/www.mercadokeys.com.mx\/eng\/wp-json\/wp\/v2\/product"}],"about":[{"href":"https:\/\/www.mercadokeys.com.mx\/eng\/wp-json\/wp\/v2\/types\/product"}],"wp:featuredmedia":[{"embeddable":true,"href":"https:\/\/www.mercadokeys.com.mx\/eng\/wp-json\/wp\/v2\/media\/78068"}],"wp:attachment":[{"href":"https:\/\/www.mercadokeys.com.mx\/eng\/wp-json\/wp\/v2\/media?parent=78058"}],"wp:term":[{"taxonomy":"product_brand","embeddable":true,"href":"https:\/\/www.mercadokeys.com.mx\/eng\/wp-json\/wp\/v2\/product_brand?post=78058"},{"taxonomy":"product_cat","embeddable":true,"href":"https:\/\/www.mercadokeys.com.mx\/eng\/wp-json\/wp\/v2\/product_cat?post=78058"},{"taxonomy":"product_tag","embeddable":true,"href":"https:\/\/www.mercadokeys.com.mx\/eng\/wp-json\/wp\/v2\/product_tag?post=78058"}],"curies":[{"name":"wp","href":"https:\/\/api.w.org\/{rel}","templated":true}]}}