{"id":75426,"date":"2020-12-17T00:13:42","date_gmt":"2020-12-17T08:13:42","guid":{"rendered":"https:\/\/www.mercadokeys.com\/product\/worms-clan-wars-steam-cd-key\/"},"modified":"2022-06-27T06:52:01","modified_gmt":"2022-06-27T13:52:01","slug":"worms-clan-wars-steam-cd-key","status":"publish","type":"product","link":"https:\/\/www.mercadokeys.com.mx\/eng\/product\/worms-clan-wars-steam-cd-key\/","title":{"rendered":"Worms Clan Wars Steam CD Key"},"content":{"rendered":"<p><span style=\"vertical-align: inherit;\">Worms Clan Wars es un juego de estrategia de artiller\u00eda desarrollado por Team17. Actualmente, es el juego de PC m\u00e1s reciente de la serie Worms. Muchas caracter\u00edsticas de juego de los juegos anteriores de Worms regresan, como la mec\u00e1nica del agua y los objetos f\u00edsicos. El sistema de clases que se introdujo en Worms Revolution tambi\u00e9n regres\u00f3. Tambi\u00e9n se introdujo un sistema de d\u00eda y noche. La personalizaci\u00f3n tiene un papel importante. Los jugadores pueden crear emblemas, banderas de equipo y paisajes con el editor de paisajes. Con Steam Workshop Integration, los jugadores pueden crear contenido personalizado para sus gusanos. Muchas armas como Concrete Donkey, Holy Hand Grenade y Bovine Blitz (de Worms 4 y Worms: Ultimate Mayhem) regresan.<\/span><\/p>\n<p><span style=\"vertical-align: inherit;\"> Las nuevas armas incluyen Mega Mortar, Gravedigger y The Equalizer. Worms Clan Wars presenta WormNET que sirve como un sistema de lobby y chat que permite a los jugadores mantenerse en contacto. Los sistemas de clanes jugar\u00e1n un papel importante durante el modo multijugador. Una aplicaci\u00f3n complementaria, as\u00ed como un portal web, permite a los jugadores realizar un seguimiento de sus estad\u00edsticas multijugador cuando est\u00e1n fuera de l\u00ednea o en movimiento.<\/span><\/p>","protected":false},"excerpt":{"rendered":"<p>Worms Clan Wars es un juego de estrategia de artiller\u00eda desarrollado por Team17. Actualmente, es el juego de PC m\u00e1s reciente de la serie Worms. Muchas caracter\u00edsticas de juego de los juegos anteriores de Worms regresan, como la mec\u00e1nica del agua y los objetos f\u00edsicos. El sistema de clases que se introdujo en Worms Revolution&#8230;<\/p>","protected":false},"featured_media":75439,"template":"","meta":{"_monsterinsights_skip_tracking":false,"_monsterinsights_sitenote_active":false,"_monsterinsights_sitenote_note":"","_monsterinsights_sitenote_category":0},"product_brand":[],"product_cat":[1501,2981,3596,1271,3164,1420,1283,1280,1273,1401,1428],"product_tag":[1526,1795,1794],"class_list":{"0":"post-75426","1":"product","2":"type-product","3":"status-publish","4":"has-post-thumbnail","6":"product_cat-tienda-de-videojuegos-ultimos-juegos-tijuana-mexico","7":"product_cat-destacados","8":"product_cat-tienda-de-videojuegos-steam-recomendados-en-tijuana-mexico","9":"product_cat-tienda-de-videojuegos-tijuana-mexico","10":"product_cat-tienda-de-videojuegos-baratos-economicos-tijuana-mexico","11":"product_cat-tienda-de-videojuegos-populares-tijuana-mexico","12":"product_cat-tienda-de-videojuegos-plataformas-tijuana-mexico","13":"product_cat-tienda-de-videojuegos-pc-tijuana-mexico","14":"product_cat-tienda-de-videojuegos-steam-key-tijuana-mexico","15":"product_cat-tienda-de-videojuegos-estrategia-tijuana-mexico","16":"product_cat-tienda-de-videojuegos-cooperativos-tijuana-mexico","17":"product_tag-steam","18":"product_tag-worms-clan-wars","19":"product_tag-worms-clan-wars-steam","21":"first","22":"instock","23":"shipping-taxable","24":"purchasable","25":"product-type-simple"},"yoast_head":"<!-- This site is optimized with the Yoast SEO plugin v27.0 - https:\/\/yoast.com\/product\/yoast-seo-wordpress\/ -->\n<title>Worms Clan Wars Steam CD Key - MERCADOKEYS<\/title>\n<meta name=\"description\" content=\"Worms Clan Wars es un juego de estrategia de artiller\u00eda desarrollado por Team17. Actualmente, es el juego de PC m\u00e1s reciente de la serie Worms.\" \/>\n<meta name=\"robots\" content=\"index, follow, max-snippet:-1, max-image-preview:large, max-video-preview:-1\" \/>\n<link rel=\"canonical\" href=\"https:\/\/www.mercadokeys.com\/product\/worms-clan-wars-steam-cd-key\/\" \/>\n<meta property=\"og:locale\" content=\"en_GB\" \/>\n<meta property=\"og:type\" content=\"article\" \/>\n<meta property=\"og:title\" content=\"Worms Clan Wars Steam CD Key - MERCADOKEYS\" \/>\n<meta property=\"og:description\" content=\"Worms Clan Wars es un juego de estrategia de artiller\u00eda desarrollado por Team17. Actualmente, es el juego de PC m\u00e1s reciente de la serie Worms.\" \/>\n<meta property=\"og:url\" content=\"https:\/\/www.mercadokeys.com\/product\/worms-clan-wars-steam-cd-key\/\" \/>\n<meta property=\"og:site_name\" content=\"MERCADOKEYS\" \/>\n<meta property=\"article:modified_time\" content=\"2022-06-27T13:52:01+00:00\" \/>\n<meta property=\"og:image\" content=\"https:\/\/www.mercadokeys.com\/wp-content\/uploads\/2020\/12\/worms-clan-wars_cover_original-2.png\" \/>\n\t<meta property=\"og:image:width\" content=\"468\" \/>\n\t<meta property=\"og:image:height\" content=\"640\" \/>\n\t<meta property=\"og:image:type\" content=\"image\/png\" \/>\n<meta name=\"twitter:card\" content=\"summary_large_image\" \/>\n<meta name=\"twitter:label1\" content=\"Estimated reading time\" \/>\n\t<meta name=\"twitter:data1\" content=\"1 minute\" \/>\n<script type=\"application\/ld+json\" class=\"yoast-schema-graph\">{\"@context\":\"https:\/\/schema.org\",\"@graph\":[{\"@type\":\"WebPage\",\"@id\":\"https:\/\/www.mercadokeys.com\/product\/worms-clan-wars-steam-cd-key\/\",\"url\":\"https:\/\/www.mercadokeys.com\/product\/worms-clan-wars-steam-cd-key\/\",\"name\":\"Worms Clan Wars Steam CD Key - MERCADOKEYS\",\"isPartOf\":{\"@id\":\"https:\/\/www.mercadokeys.com\/eng\/#website\"},\"primaryImageOfPage\":{\"@id\":\"https:\/\/www.mercadokeys.com\/product\/worms-clan-wars-steam-cd-key\/#primaryimage\"},\"image\":{\"@id\":\"https:\/\/www.mercadokeys.com\/product\/worms-clan-wars-steam-cd-key\/#primaryimage\"},\"thumbnailUrl\":\"https:\/\/www.mercadokeys.com.mx\/wp-content\/uploads\/2020\/12\/worms-clan-wars_cover_original-2.png\",\"datePublished\":\"2020-12-17T08:13:42+00:00\",\"dateModified\":\"2022-06-27T13:52:01+00:00\",\"description\":\"Worms Clan Wars es un juego de estrategia de artiller\u00eda desarrollado por Team17. Actualmente, es el juego de PC m\u00e1s reciente de la serie Worms.\",\"breadcrumb\":{\"@id\":\"https:\/\/www.mercadokeys.com\/product\/worms-clan-wars-steam-cd-key\/#breadcrumb\"},\"inLanguage\":\"en-GB\",\"potentialAction\":[{\"@type\":\"ReadAction\",\"target\":[\"https:\/\/www.mercadokeys.com\/product\/worms-clan-wars-steam-cd-key\/\"]}]},{\"@type\":\"ImageObject\",\"inLanguage\":\"en-GB\",\"@id\":\"https:\/\/www.mercadokeys.com\/product\/worms-clan-wars-steam-cd-key\/#primaryimage\",\"url\":\"https:\/\/www.mercadokeys.com.mx\/wp-content\/uploads\/2020\/12\/worms-clan-wars_cover_original-2.png\",\"contentUrl\":\"https:\/\/www.mercadokeys.com.mx\/wp-content\/uploads\/2020\/12\/worms-clan-wars_cover_original-2.png\",\"width\":468,\"height\":640,\"caption\":\"Worms Clan Wars es un juego de estrategia de artiller\u00eda desarrollado por Team17. Actualmente, es el juego de PC m\u00e1s reciente de la serie Worms.\"},{\"@type\":\"BreadcrumbList\",\"@id\":\"https:\/\/www.mercadokeys.com\/product\/worms-clan-wars-steam-cd-key\/#breadcrumb\",\"itemListElement\":[{\"@type\":\"ListItem\",\"position\":1,\"name\":\"Inicio\",\"item\":\"https:\/\/www.mercadokeys.com.mx\/\"},{\"@type\":\"ListItem\",\"position\":2,\"name\":\"Tienda\",\"item\":\"https:\/\/www.mercadokeys.com\/shop\/\"},{\"@type\":\"ListItem\",\"position\":3,\"name\":\"Worms Clan Wars Steam CD Key\"}]},{\"@type\":\"WebSite\",\"@id\":\"https:\/\/www.mercadokeys.com\/eng\/#website\",\"url\":\"https:\/\/www.mercadokeys.com\/eng\/\",\"name\":\"MERCADOKEYS\",\"description\":\"Tu Tienda de videojuegos digitales en Mexico!\",\"potentialAction\":[{\"@type\":\"SearchAction\",\"target\":{\"@type\":\"EntryPoint\",\"urlTemplate\":\"https:\/\/www.mercadokeys.com\/eng\/?s={search_term_string}\"},\"query-input\":{\"@type\":\"PropertyValueSpecification\",\"valueRequired\":true,\"valueName\":\"search_term_string\"}}],\"inLanguage\":\"en-GB\"}]}<\/script>\n<!-- \/ Yoast SEO plugin. -->","yoast_head_json":{"title":"Worms Clan Wars Steam CD Key - MERCADOKEYS","description":"Worms Clan Wars es un juego de estrategia de artiller\u00eda desarrollado por Team17. Actualmente, es el juego de PC m\u00e1s reciente de la serie Worms.","robots":{"index":"index","follow":"follow","max-snippet":"max-snippet:-1","max-image-preview":"max-image-preview:large","max-video-preview":"max-video-preview:-1"},"canonical":"https:\/\/www.mercadokeys.com\/product\/worms-clan-wars-steam-cd-key\/","og_locale":"en_GB","og_type":"article","og_title":"Worms Clan Wars Steam CD Key - MERCADOKEYS","og_description":"Worms Clan Wars es un juego de estrategia de artiller\u00eda desarrollado por Team17. Actualmente, es el juego de PC m\u00e1s reciente de la serie Worms.","og_url":"https:\/\/www.mercadokeys.com\/product\/worms-clan-wars-steam-cd-key\/","og_site_name":"MERCADOKEYS","article_modified_time":"2022-06-27T13:52:01+00:00","og_image":[{"width":468,"height":640,"url":"https:\/\/www.mercadokeys.com\/wp-content\/uploads\/2020\/12\/worms-clan-wars_cover_original-2.png","type":"image\/png"}],"twitter_card":"summary_large_image","twitter_misc":{"Estimated reading time":"1 minute"},"schema":{"@context":"https:\/\/schema.org","@graph":[{"@type":"WebPage","@id":"https:\/\/www.mercadokeys.com\/product\/worms-clan-wars-steam-cd-key\/","url":"https:\/\/www.mercadokeys.com\/product\/worms-clan-wars-steam-cd-key\/","name":"Worms Clan Wars Steam CD Key - MERCADOKEYS","isPartOf":{"@id":"https:\/\/www.mercadokeys.com\/eng\/#website"},"primaryImageOfPage":{"@id":"https:\/\/www.mercadokeys.com\/product\/worms-clan-wars-steam-cd-key\/#primaryimage"},"image":{"@id":"https:\/\/www.mercadokeys.com\/product\/worms-clan-wars-steam-cd-key\/#primaryimage"},"thumbnailUrl":"https:\/\/www.mercadokeys.com.mx\/wp-content\/uploads\/2020\/12\/worms-clan-wars_cover_original-2.png","datePublished":"2020-12-17T08:13:42+00:00","dateModified":"2022-06-27T13:52:01+00:00","description":"Worms Clan Wars es un juego de estrategia de artiller\u00eda desarrollado por Team17. Actualmente, es el juego de PC m\u00e1s reciente de la serie Worms.","breadcrumb":{"@id":"https:\/\/www.mercadokeys.com\/product\/worms-clan-wars-steam-cd-key\/#breadcrumb"},"inLanguage":"en-GB","potentialAction":[{"@type":"ReadAction","target":["https:\/\/www.mercadokeys.com\/product\/worms-clan-wars-steam-cd-key\/"]}]},{"@type":"ImageObject","inLanguage":"en-GB","@id":"https:\/\/www.mercadokeys.com\/product\/worms-clan-wars-steam-cd-key\/#primaryimage","url":"https:\/\/www.mercadokeys.com.mx\/wp-content\/uploads\/2020\/12\/worms-clan-wars_cover_original-2.png","contentUrl":"https:\/\/www.mercadokeys.com.mx\/wp-content\/uploads\/2020\/12\/worms-clan-wars_cover_original-2.png","width":468,"height":640,"caption":"Worms Clan Wars es un juego de estrategia de artiller\u00eda desarrollado por Team17. Actualmente, es el juego de PC m\u00e1s reciente de la serie Worms."},{"@type":"BreadcrumbList","@id":"https:\/\/www.mercadokeys.com\/product\/worms-clan-wars-steam-cd-key\/#breadcrumb","itemListElement":[{"@type":"ListItem","position":1,"name":"Inicio","item":"https:\/\/www.mercadokeys.com.mx\/"},{"@type":"ListItem","position":2,"name":"Tienda","item":"https:\/\/www.mercadokeys.com\/shop\/"},{"@type":"ListItem","position":3,"name":"Worms Clan Wars Steam CD Key"}]},{"@type":"WebSite","@id":"https:\/\/www.mercadokeys.com\/eng\/#website","url":"https:\/\/www.mercadokeys.com\/eng\/","name":"MERCADOKEYS","description":"Tu Tienda de videojuegos digitales en Mexico!","potentialAction":[{"@type":"SearchAction","target":{"@type":"EntryPoint","urlTemplate":"https:\/\/www.mercadokeys.com\/eng\/?s={search_term_string}"},"query-input":{"@type":"PropertyValueSpecification","valueRequired":true,"valueName":"search_term_string"}}],"inLanguage":"en-GB"}]}},"df_price":50.768037,"df_sale_price":50.768037,"df_regular_price":50.768037,"df_image_link":"https:\/\/www.mercadokeys.com.mx\/wp-content\/uploads\/2020\/12\/worms-clan-wars_cover_original-2-219x300.png","_links":{"self":[{"href":"https:\/\/www.mercadokeys.com.mx\/eng\/wp-json\/wp\/v2\/product\/75426","targetHints":{"allow":["GET"]}}],"collection":[{"href":"https:\/\/www.mercadokeys.com.mx\/eng\/wp-json\/wp\/v2\/product"}],"about":[{"href":"https:\/\/www.mercadokeys.com.mx\/eng\/wp-json\/wp\/v2\/types\/product"}],"wp:featuredmedia":[{"embeddable":true,"href":"https:\/\/www.mercadokeys.com.mx\/eng\/wp-json\/wp\/v2\/media\/75439"}],"wp:attachment":[{"href":"https:\/\/www.mercadokeys.com.mx\/eng\/wp-json\/wp\/v2\/media?parent=75426"}],"wp:term":[{"taxonomy":"product_brand","embeddable":true,"href":"https:\/\/www.mercadokeys.com.mx\/eng\/wp-json\/wp\/v2\/product_brand?post=75426"},{"taxonomy":"product_cat","embeddable":true,"href":"https:\/\/www.mercadokeys.com.mx\/eng\/wp-json\/wp\/v2\/product_cat?post=75426"},{"taxonomy":"product_tag","embeddable":true,"href":"https:\/\/www.mercadokeys.com.mx\/eng\/wp-json\/wp\/v2\/product_tag?post=75426"}],"curies":[{"name":"wp","href":"https:\/\/api.w.org\/{rel}","templated":true}]}}