{"id":75424,"date":"2020-12-17T00:13:42","date_gmt":"2020-12-17T08:13:42","guid":{"rendered":"https:\/\/www.mercadokeys.com\/product\/saints-row-2-steam-cd-key\/"},"modified":"2022-06-27T06:51:46","modified_gmt":"2022-06-27T13:51:46","slug":"saints-row-2-steam-cd-key","status":"publish","type":"product","link":"https:\/\/www.mercadokeys.com.mx\/eng\/product\/saints-row-2-steam-cd-key\/","title":{"rendered":"Saints Row 2 Steam CD Key"},"content":{"rendered":"<p><span style=\"vertical-align: inherit\">Despu\u00e9s de los eventos del primer juego, el protagonista despierta de un coma y descubre que los Third Street Saints casi han desaparecido. Por su parte, en Saints Row 2 al igual que Saints Row, est\u00e1s encargado de recuperar la ciudad de tres bandas rivales, solo que esta vez como l\u00edder de los santos. Mientras luchan contra los Hijos de Samedi, The Brotherhood y The Ronin, los Saints tambi\u00e9n se enfrentan a Ultor Corporation, que busca erradicar la violencia de las pandillas en Stilwater de una vez por todas.<\/span><\/p>","protected":false},"excerpt":{"rendered":"<p>Despu\u00e9s de los eventos del primer juego, el protagonista despierta de un coma y descubre que los Third Street Saints casi han desaparecido. Por su parte, en Saints Row 2 al igual que Saints Row, est\u00e1s encargado de recuperar la ciudad de tres bandas rivales, solo que esta vez como l\u00edder de los santos. Mientras&#8230;<\/p>","protected":false},"featured_media":75435,"template":"","meta":{"_monsterinsights_skip_tracking":false,"_monsterinsights_sitenote_active":false,"_monsterinsights_sitenote_note":"","_monsterinsights_sitenote_category":0},"product_brand":[],"product_cat":[1501,2981,3596,1271,3164,1420,1283,1280,1273,1394,1428],"product_tag":[1851,1850,1526],"class_list":{"0":"post-75424","1":"product","2":"type-product","3":"status-publish","4":"has-post-thumbnail","6":"product_cat-tienda-de-videojuegos-ultimos-juegos-tijuana-mexico","7":"product_cat-destacados","8":"product_cat-tienda-de-videojuegos-steam-recomendados-en-tijuana-mexico","9":"product_cat-tienda-de-videojuegos-tijuana-mexico","10":"product_cat-tienda-de-videojuegos-baratos-economicos-tijuana-mexico","11":"product_cat-tienda-de-videojuegos-populares-tijuana-mexico","12":"product_cat-tienda-de-videojuegos-plataformas-tijuana-mexico","13":"product_cat-tienda-de-videojuegos-pc-tijuana-mexico","14":"product_cat-tienda-de-videojuegos-steam-key-tijuana-mexico","15":"product_cat-tienda-de-videojuegos-aventura-tijuana-mexico","16":"product_cat-tienda-de-videojuegos-cooperativos-tijuana-mexico","17":"product_tag-saints-row-2","18":"product_tag-saints-row-2-steam","19":"product_tag-steam","21":"first","22":"instock","23":"shipping-taxable","24":"purchasable","25":"product-type-simple"},"yoast_head":"<!-- This site is optimized with the Yoast SEO plugin v27.0 - https:\/\/yoast.com\/product\/yoast-seo-wordpress\/ -->\n<title>Saints Row 2 Steam CD Key - MERCADOKEYS<\/title>\n<meta name=\"description\" content=\"En Saints Row 2 al igual que Saints Row, est\u00e1s encargado de recuperar la ciudad de tres bandas rivales, solo que esta vez como l\u00edder de los santos\" \/>\n<meta name=\"robots\" content=\"index, follow, max-snippet:-1, max-image-preview:large, max-video-preview:-1\" \/>\n<link rel=\"canonical\" href=\"https:\/\/www.mercadokeys.com\/product\/saints-row-2-steam-cd-key\/\" \/>\n<meta property=\"og:locale\" content=\"en_GB\" \/>\n<meta property=\"og:type\" content=\"article\" \/>\n<meta property=\"og:title\" content=\"Saints Row 2 Steam CD Key - MERCADOKEYS\" \/>\n<meta property=\"og:description\" content=\"En Saints Row 2 al igual que Saints Row, est\u00e1s encargado de recuperar la ciudad de tres bandas rivales, solo que esta vez como l\u00edder de los santos\" \/>\n<meta property=\"og:url\" content=\"https:\/\/www.mercadokeys.com\/product\/saints-row-2-steam-cd-key\/\" \/>\n<meta property=\"og:site_name\" content=\"MERCADOKEYS\" \/>\n<meta property=\"article:modified_time\" content=\"2022-06-27T13:51:46+00:00\" \/>\n<meta property=\"og:image\" content=\"https:\/\/www.mercadokeys.com\/wp-content\/uploads\/2020\/12\/saints-row-2_cover_original-1.jpg\" \/>\n\t<meta property=\"og:image:width\" content=\"640\" \/>\n\t<meta property=\"og:image:height\" content=\"787\" \/>\n\t<meta property=\"og:image:type\" content=\"image\/jpeg\" \/>\n<meta name=\"twitter:card\" content=\"summary_large_image\" \/>\n<meta name=\"twitter:label1\" content=\"Estimated reading time\" \/>\n\t<meta name=\"twitter:data1\" content=\"1 minute\" \/>\n<script type=\"application\/ld+json\" class=\"yoast-schema-graph\">{\"@context\":\"https:\/\/schema.org\",\"@graph\":[{\"@type\":\"WebPage\",\"@id\":\"https:\/\/www.mercadokeys.com\/product\/saints-row-2-steam-cd-key\/\",\"url\":\"https:\/\/www.mercadokeys.com\/product\/saints-row-2-steam-cd-key\/\",\"name\":\"Saints Row 2 Steam CD Key - MERCADOKEYS\",\"isPartOf\":{\"@id\":\"https:\/\/www.mercadokeys.com\/eng\/#website\"},\"primaryImageOfPage\":{\"@id\":\"https:\/\/www.mercadokeys.com\/product\/saints-row-2-steam-cd-key\/#primaryimage\"},\"image\":{\"@id\":\"https:\/\/www.mercadokeys.com\/product\/saints-row-2-steam-cd-key\/#primaryimage\"},\"thumbnailUrl\":\"https:\/\/www.mercadokeys.com.mx\/wp-content\/uploads\/2020\/12\/saints-row-2_cover_original-1.jpg\",\"datePublished\":\"2020-12-17T08:13:42+00:00\",\"dateModified\":\"2022-06-27T13:51:46+00:00\",\"description\":\"En Saints Row 2 al igual que Saints Row, est\u00e1s encargado de recuperar la ciudad de tres bandas rivales, solo que esta vez como l\u00edder de los santos\",\"breadcrumb\":{\"@id\":\"https:\/\/www.mercadokeys.com\/product\/saints-row-2-steam-cd-key\/#breadcrumb\"},\"inLanguage\":\"en-GB\",\"potentialAction\":[{\"@type\":\"ReadAction\",\"target\":[\"https:\/\/www.mercadokeys.com\/product\/saints-row-2-steam-cd-key\/\"]}]},{\"@type\":\"ImageObject\",\"inLanguage\":\"en-GB\",\"@id\":\"https:\/\/www.mercadokeys.com\/product\/saints-row-2-steam-cd-key\/#primaryimage\",\"url\":\"https:\/\/www.mercadokeys.com.mx\/wp-content\/uploads\/2020\/12\/saints-row-2_cover_original-1.jpg\",\"contentUrl\":\"https:\/\/www.mercadokeys.com.mx\/wp-content\/uploads\/2020\/12\/saints-row-2_cover_original-1.jpg\",\"width\":640,\"height\":787,\"caption\":\"Por su parte, en Saints Row 2 al igual que Saints Row, est\u00e1s encargado de recuperar la ciudad de tres bandas rivales, solo que esta vez como l\u00edder de los santos\"},{\"@type\":\"BreadcrumbList\",\"@id\":\"https:\/\/www.mercadokeys.com\/product\/saints-row-2-steam-cd-key\/#breadcrumb\",\"itemListElement\":[{\"@type\":\"ListItem\",\"position\":1,\"name\":\"Inicio\",\"item\":\"https:\/\/www.mercadokeys.com.mx\/\"},{\"@type\":\"ListItem\",\"position\":2,\"name\":\"Tienda\",\"item\":\"https:\/\/www.mercadokeys.com\/shop\/\"},{\"@type\":\"ListItem\",\"position\":3,\"name\":\"Saints Row 2 Steam CD Key\"}]},{\"@type\":\"WebSite\",\"@id\":\"https:\/\/www.mercadokeys.com\/eng\/#website\",\"url\":\"https:\/\/www.mercadokeys.com\/eng\/\",\"name\":\"MERCADOKEYS\",\"description\":\"Tu Tienda de videojuegos digitales en Mexico!\",\"potentialAction\":[{\"@type\":\"SearchAction\",\"target\":{\"@type\":\"EntryPoint\",\"urlTemplate\":\"https:\/\/www.mercadokeys.com\/eng\/?s={search_term_string}\"},\"query-input\":{\"@type\":\"PropertyValueSpecification\",\"valueRequired\":true,\"valueName\":\"search_term_string\"}}],\"inLanguage\":\"en-GB\"}]}<\/script>\n<!-- \/ Yoast SEO plugin. -->","yoast_head_json":{"title":"Saints Row 2 Steam CD Key - MERCADOKEYS","description":"En Saints Row 2 al igual que Saints Row, est\u00e1s encargado de recuperar la ciudad de tres bandas rivales, solo que esta vez como l\u00edder de los santos","robots":{"index":"index","follow":"follow","max-snippet":"max-snippet:-1","max-image-preview":"max-image-preview:large","max-video-preview":"max-video-preview:-1"},"canonical":"https:\/\/www.mercadokeys.com\/product\/saints-row-2-steam-cd-key\/","og_locale":"en_GB","og_type":"article","og_title":"Saints Row 2 Steam CD Key - MERCADOKEYS","og_description":"En Saints Row 2 al igual que Saints Row, est\u00e1s encargado de recuperar la ciudad de tres bandas rivales, solo que esta vez como l\u00edder de los santos","og_url":"https:\/\/www.mercadokeys.com\/product\/saints-row-2-steam-cd-key\/","og_site_name":"MERCADOKEYS","article_modified_time":"2022-06-27T13:51:46+00:00","og_image":[{"width":640,"height":787,"url":"https:\/\/www.mercadokeys.com\/wp-content\/uploads\/2020\/12\/saints-row-2_cover_original-1.jpg","type":"image\/jpeg"}],"twitter_card":"summary_large_image","twitter_misc":{"Estimated reading time":"1 minute"},"schema":{"@context":"https:\/\/schema.org","@graph":[{"@type":"WebPage","@id":"https:\/\/www.mercadokeys.com\/product\/saints-row-2-steam-cd-key\/","url":"https:\/\/www.mercadokeys.com\/product\/saints-row-2-steam-cd-key\/","name":"Saints Row 2 Steam CD Key - MERCADOKEYS","isPartOf":{"@id":"https:\/\/www.mercadokeys.com\/eng\/#website"},"primaryImageOfPage":{"@id":"https:\/\/www.mercadokeys.com\/product\/saints-row-2-steam-cd-key\/#primaryimage"},"image":{"@id":"https:\/\/www.mercadokeys.com\/product\/saints-row-2-steam-cd-key\/#primaryimage"},"thumbnailUrl":"https:\/\/www.mercadokeys.com.mx\/wp-content\/uploads\/2020\/12\/saints-row-2_cover_original-1.jpg","datePublished":"2020-12-17T08:13:42+00:00","dateModified":"2022-06-27T13:51:46+00:00","description":"En Saints Row 2 al igual que Saints Row, est\u00e1s encargado de recuperar la ciudad de tres bandas rivales, solo que esta vez como l\u00edder de los santos","breadcrumb":{"@id":"https:\/\/www.mercadokeys.com\/product\/saints-row-2-steam-cd-key\/#breadcrumb"},"inLanguage":"en-GB","potentialAction":[{"@type":"ReadAction","target":["https:\/\/www.mercadokeys.com\/product\/saints-row-2-steam-cd-key\/"]}]},{"@type":"ImageObject","inLanguage":"en-GB","@id":"https:\/\/www.mercadokeys.com\/product\/saints-row-2-steam-cd-key\/#primaryimage","url":"https:\/\/www.mercadokeys.com.mx\/wp-content\/uploads\/2020\/12\/saints-row-2_cover_original-1.jpg","contentUrl":"https:\/\/www.mercadokeys.com.mx\/wp-content\/uploads\/2020\/12\/saints-row-2_cover_original-1.jpg","width":640,"height":787,"caption":"Por su parte, en Saints Row 2 al igual que Saints Row, est\u00e1s encargado de recuperar la ciudad de tres bandas rivales, solo que esta vez como l\u00edder de los santos"},{"@type":"BreadcrumbList","@id":"https:\/\/www.mercadokeys.com\/product\/saints-row-2-steam-cd-key\/#breadcrumb","itemListElement":[{"@type":"ListItem","position":1,"name":"Inicio","item":"https:\/\/www.mercadokeys.com.mx\/"},{"@type":"ListItem","position":2,"name":"Tienda","item":"https:\/\/www.mercadokeys.com\/shop\/"},{"@type":"ListItem","position":3,"name":"Saints Row 2 Steam CD Key"}]},{"@type":"WebSite","@id":"https:\/\/www.mercadokeys.com\/eng\/#website","url":"https:\/\/www.mercadokeys.com\/eng\/","name":"MERCADOKEYS","description":"Tu Tienda de videojuegos digitales en Mexico!","potentialAction":[{"@type":"SearchAction","target":{"@type":"EntryPoint","urlTemplate":"https:\/\/www.mercadokeys.com\/eng\/?s={search_term_string}"},"query-input":{"@type":"PropertyValueSpecification","valueRequired":true,"valueName":"search_term_string"}}],"inLanguage":"en-GB"}]}},"df_price":63.596746,"df_sale_price":63.596746,"df_regular_price":63.596746,"df_image_link":"https:\/\/www.mercadokeys.com.mx\/wp-content\/uploads\/2020\/12\/saints-row-2_cover_original-1-244x300.jpg","_links":{"self":[{"href":"https:\/\/www.mercadokeys.com.mx\/eng\/wp-json\/wp\/v2\/product\/75424","targetHints":{"allow":["GET"]}}],"collection":[{"href":"https:\/\/www.mercadokeys.com.mx\/eng\/wp-json\/wp\/v2\/product"}],"about":[{"href":"https:\/\/www.mercadokeys.com.mx\/eng\/wp-json\/wp\/v2\/types\/product"}],"wp:featuredmedia":[{"embeddable":true,"href":"https:\/\/www.mercadokeys.com.mx\/eng\/wp-json\/wp\/v2\/media\/75435"}],"wp:attachment":[{"href":"https:\/\/www.mercadokeys.com.mx\/eng\/wp-json\/wp\/v2\/media?parent=75424"}],"wp:term":[{"taxonomy":"product_brand","embeddable":true,"href":"https:\/\/www.mercadokeys.com.mx\/eng\/wp-json\/wp\/v2\/product_brand?post=75424"},{"taxonomy":"product_cat","embeddable":true,"href":"https:\/\/www.mercadokeys.com.mx\/eng\/wp-json\/wp\/v2\/product_cat?post=75424"},{"taxonomy":"product_tag","embeddable":true,"href":"https:\/\/www.mercadokeys.com.mx\/eng\/wp-json\/wp\/v2\/product_tag?post=75424"}],"curies":[{"name":"wp","href":"https:\/\/api.w.org\/{rel}","templated":true}]}}