{"id":75353,"date":"2020-12-17T00:11:46","date_gmt":"2020-12-17T08:11:46","guid":{"rendered":"https:\/\/www.mercadokeys.com\/product\/brothers-in-arms-earned-in-blood-uplay-cd-key\/"},"modified":"2022-06-27T06:50:07","modified_gmt":"2022-06-27T13:50:07","slug":"brothers-in-arms-earned-in-blood-uplay-cd-key","status":"publish","type":"product","link":"https:\/\/www.mercadokeys.com.mx\/eng\/product\/brothers-in-arms-earned-in-blood-uplay-cd-key\/","title":{"rendered":"Brothers in Arms: Earned in Blood Uplay CD Key"},"content":{"rendered":"<p><span style=\"vertical-align: inherit\">Brothers in Arms Earned in Blood agrega nuevas funciones y modos de juego y se basa en los elementos que hicieron de Brothers in Arms Road to Hill 30 un \u00e9xito rotundo. Con una nueva narrativa para un jugador, nuevas misiones multijugador. Adem\u00e1s de un modo de juego de estilo cooperativo completamente nuevo y nuevas armas y veh\u00edculos.<\/span><\/p>","protected":false},"excerpt":{"rendered":"<p>Brothers in Arms Earned in Blood agrega nuevas funciones y modos de juego y se basa en los elementos que hicieron de Brothers in Arms Road to Hill 30 un \u00e9xito rotundo. Con una nueva narrativa para un jugador, nuevas misiones multijugador. Adem\u00e1s de un modo de juego de estilo cooperativo completamente nuevo y nuevas&#8230;<\/p>","protected":false},"featured_media":75367,"template":"","meta":{"_monsterinsights_skip_tracking":false,"_monsterinsights_sitenote_active":false,"_monsterinsights_sitenote_note":"","_monsterinsights_sitenote_category":0},"product_brand":[],"product_cat":[1501,2981,3596,1271,3164,1420,1283,1280,1278,1392,1428],"product_tag":[1854,1852,1853,1746],"class_list":{"0":"post-75353","1":"product","2":"type-product","3":"status-publish","4":"has-post-thumbnail","6":"product_cat-tienda-de-videojuegos-ultimos-juegos-tijuana-mexico","7":"product_cat-destacados","8":"product_cat-tienda-de-videojuegos-steam-recomendados-en-tijuana-mexico","9":"product_cat-tienda-de-videojuegos-tijuana-mexico","10":"product_cat-tienda-de-videojuegos-baratos-economicos-tijuana-mexico","11":"product_cat-tienda-de-videojuegos-populares-tijuana-mexico","12":"product_cat-tienda-de-videojuegos-plataformas-tijuana-mexico","13":"product_cat-tienda-de-videojuegos-pc-tijuana-mexico","14":"product_cat-tienda-de-videojuegos-uplay-tijuana-mexico","15":"product_cat-tienda-de-videojuegos-accion-tijuana-mexico","16":"product_cat-tienda-de-videojuegos-cooperativos-tijuana-mexico","17":"product_tag-brothers-in-arms","18":"product_tag-brothers-in-arms-earned-in-blood","19":"product_tag-brothers-in-arms-earned-in-blood-uplay","20":"product_tag-uplay","22":"first","23":"instock","24":"shipping-taxable","25":"purchasable","26":"product-type-simple"},"yoast_head":"<!-- This site is optimized with the Yoast SEO plugin v27.0 - https:\/\/yoast.com\/product\/yoast-seo-wordpress\/ -->\n<title>Brothers in Arms: Earned in Blood Uplay CD Key - MERCADOKEYS<\/title>\n<meta name=\"description\" content=\"Brothers in Arms Earned in Blood agrega nuevas funciones y modos de juego y se basa en los elementos que hicieron de Brothers in Arms Road to Hill 30\" \/>\n<meta name=\"robots\" content=\"index, follow, max-snippet:-1, max-image-preview:large, max-video-preview:-1\" \/>\n<link rel=\"canonical\" href=\"https:\/\/www.mercadokeys.com\/product\/brothers-in-arms-earned-in-blood-uplay-cd-key\/\" \/>\n<meta property=\"og:locale\" content=\"en_GB\" \/>\n<meta property=\"og:type\" content=\"article\" \/>\n<meta property=\"og:title\" content=\"Brothers in Arms: Earned in Blood Uplay CD Key - MERCADOKEYS\" \/>\n<meta property=\"og:description\" content=\"Brothers in Arms Earned in Blood agrega nuevas funciones y modos de juego y se basa en los elementos que hicieron de Brothers in Arms Road to Hill 30\" \/>\n<meta property=\"og:url\" content=\"https:\/\/www.mercadokeys.com\/product\/brothers-in-arms-earned-in-blood-uplay-cd-key\/\" \/>\n<meta property=\"og:site_name\" content=\"MERCADOKEYS\" \/>\n<meta property=\"article:modified_time\" content=\"2022-06-27T13:50:07+00:00\" \/>\n<meta property=\"og:image\" content=\"https:\/\/www.mercadokeys.com\/wp-content\/uploads\/2020\/12\/brothers-in-arms-earned-in-blood_cover_original.jpg\" \/>\n\t<meta property=\"og:image:width\" content=\"480\" \/>\n\t<meta property=\"og:image:height\" content=\"678\" \/>\n\t<meta property=\"og:image:type\" content=\"image\/jpeg\" \/>\n<meta name=\"twitter:card\" content=\"summary_large_image\" \/>\n<meta name=\"twitter:label1\" content=\"Estimated reading time\" \/>\n\t<meta name=\"twitter:data1\" content=\"1 minute\" \/>\n<script type=\"application\/ld+json\" class=\"yoast-schema-graph\">{\"@context\":\"https:\/\/schema.org\",\"@graph\":[{\"@type\":\"WebPage\",\"@id\":\"https:\/\/www.mercadokeys.com\/product\/brothers-in-arms-earned-in-blood-uplay-cd-key\/\",\"url\":\"https:\/\/www.mercadokeys.com\/product\/brothers-in-arms-earned-in-blood-uplay-cd-key\/\",\"name\":\"Brothers in Arms: Earned in Blood Uplay CD Key - MERCADOKEYS\",\"isPartOf\":{\"@id\":\"https:\/\/www.mercadokeys.com\/eng\/#website\"},\"primaryImageOfPage\":{\"@id\":\"https:\/\/www.mercadokeys.com\/product\/brothers-in-arms-earned-in-blood-uplay-cd-key\/#primaryimage\"},\"image\":{\"@id\":\"https:\/\/www.mercadokeys.com\/product\/brothers-in-arms-earned-in-blood-uplay-cd-key\/#primaryimage\"},\"thumbnailUrl\":\"https:\/\/www.mercadokeys.com.mx\/wp-content\/uploads\/2020\/12\/brothers-in-arms-earned-in-blood_cover_original.jpg\",\"datePublished\":\"2020-12-17T08:11:46+00:00\",\"dateModified\":\"2022-06-27T13:50:07+00:00\",\"description\":\"Brothers in Arms Earned in Blood agrega nuevas funciones y modos de juego y se basa en los elementos que hicieron de Brothers in Arms Road to Hill 30\",\"breadcrumb\":{\"@id\":\"https:\/\/www.mercadokeys.com\/product\/brothers-in-arms-earned-in-blood-uplay-cd-key\/#breadcrumb\"},\"inLanguage\":\"en-GB\",\"potentialAction\":[{\"@type\":\"ReadAction\",\"target\":[\"https:\/\/www.mercadokeys.com\/product\/brothers-in-arms-earned-in-blood-uplay-cd-key\/\"]}]},{\"@type\":\"ImageObject\",\"inLanguage\":\"en-GB\",\"@id\":\"https:\/\/www.mercadokeys.com\/product\/brothers-in-arms-earned-in-blood-uplay-cd-key\/#primaryimage\",\"url\":\"https:\/\/www.mercadokeys.com.mx\/wp-content\/uploads\/2020\/12\/brothers-in-arms-earned-in-blood_cover_original.jpg\",\"contentUrl\":\"https:\/\/www.mercadokeys.com.mx\/wp-content\/uploads\/2020\/12\/brothers-in-arms-earned-in-blood_cover_original.jpg\",\"width\":480,\"height\":678,\"caption\":\"Brothers in Arms Earned in Blood agrega nuevas funciones y modos de juego y se basa en los elementos que hicieron de Brothers in Arms Road to Hill 30\"},{\"@type\":\"BreadcrumbList\",\"@id\":\"https:\/\/www.mercadokeys.com\/product\/brothers-in-arms-earned-in-blood-uplay-cd-key\/#breadcrumb\",\"itemListElement\":[{\"@type\":\"ListItem\",\"position\":1,\"name\":\"Inicio\",\"item\":\"https:\/\/www.mercadokeys.com.mx\/\"},{\"@type\":\"ListItem\",\"position\":2,\"name\":\"Tienda\",\"item\":\"https:\/\/www.mercadokeys.com\/shop\/\"},{\"@type\":\"ListItem\",\"position\":3,\"name\":\"Brothers in Arms: Earned in Blood Uplay CD Key\"}]},{\"@type\":\"WebSite\",\"@id\":\"https:\/\/www.mercadokeys.com\/eng\/#website\",\"url\":\"https:\/\/www.mercadokeys.com\/eng\/\",\"name\":\"MERCADOKEYS\",\"description\":\"Tu Tienda de videojuegos digitales en Mexico!\",\"potentialAction\":[{\"@type\":\"SearchAction\",\"target\":{\"@type\":\"EntryPoint\",\"urlTemplate\":\"https:\/\/www.mercadokeys.com\/eng\/?s={search_term_string}\"},\"query-input\":{\"@type\":\"PropertyValueSpecification\",\"valueRequired\":true,\"valueName\":\"search_term_string\"}}],\"inLanguage\":\"en-GB\"}]}<\/script>\n<!-- \/ Yoast SEO plugin. -->","yoast_head_json":{"title":"Brothers in Arms: Earned in Blood Uplay CD Key - MERCADOKEYS","description":"Brothers in Arms Earned in Blood agrega nuevas funciones y modos de juego y se basa en los elementos que hicieron de Brothers in Arms Road to Hill 30","robots":{"index":"index","follow":"follow","max-snippet":"max-snippet:-1","max-image-preview":"max-image-preview:large","max-video-preview":"max-video-preview:-1"},"canonical":"https:\/\/www.mercadokeys.com\/product\/brothers-in-arms-earned-in-blood-uplay-cd-key\/","og_locale":"en_GB","og_type":"article","og_title":"Brothers in Arms: Earned in Blood Uplay CD Key - MERCADOKEYS","og_description":"Brothers in Arms Earned in Blood agrega nuevas funciones y modos de juego y se basa en los elementos que hicieron de Brothers in Arms Road to Hill 30","og_url":"https:\/\/www.mercadokeys.com\/product\/brothers-in-arms-earned-in-blood-uplay-cd-key\/","og_site_name":"MERCADOKEYS","article_modified_time":"2022-06-27T13:50:07+00:00","og_image":[{"width":480,"height":678,"url":"https:\/\/www.mercadokeys.com\/wp-content\/uploads\/2020\/12\/brothers-in-arms-earned-in-blood_cover_original.jpg","type":"image\/jpeg"}],"twitter_card":"summary_large_image","twitter_misc":{"Estimated reading time":"1 minute"},"schema":{"@context":"https:\/\/schema.org","@graph":[{"@type":"WebPage","@id":"https:\/\/www.mercadokeys.com\/product\/brothers-in-arms-earned-in-blood-uplay-cd-key\/","url":"https:\/\/www.mercadokeys.com\/product\/brothers-in-arms-earned-in-blood-uplay-cd-key\/","name":"Brothers in Arms: Earned in Blood Uplay CD Key - MERCADOKEYS","isPartOf":{"@id":"https:\/\/www.mercadokeys.com\/eng\/#website"},"primaryImageOfPage":{"@id":"https:\/\/www.mercadokeys.com\/product\/brothers-in-arms-earned-in-blood-uplay-cd-key\/#primaryimage"},"image":{"@id":"https:\/\/www.mercadokeys.com\/product\/brothers-in-arms-earned-in-blood-uplay-cd-key\/#primaryimage"},"thumbnailUrl":"https:\/\/www.mercadokeys.com.mx\/wp-content\/uploads\/2020\/12\/brothers-in-arms-earned-in-blood_cover_original.jpg","datePublished":"2020-12-17T08:11:46+00:00","dateModified":"2022-06-27T13:50:07+00:00","description":"Brothers in Arms Earned in Blood agrega nuevas funciones y modos de juego y se basa en los elementos que hicieron de Brothers in Arms Road to Hill 30","breadcrumb":{"@id":"https:\/\/www.mercadokeys.com\/product\/brothers-in-arms-earned-in-blood-uplay-cd-key\/#breadcrumb"},"inLanguage":"en-GB","potentialAction":[{"@type":"ReadAction","target":["https:\/\/www.mercadokeys.com\/product\/brothers-in-arms-earned-in-blood-uplay-cd-key\/"]}]},{"@type":"ImageObject","inLanguage":"en-GB","@id":"https:\/\/www.mercadokeys.com\/product\/brothers-in-arms-earned-in-blood-uplay-cd-key\/#primaryimage","url":"https:\/\/www.mercadokeys.com.mx\/wp-content\/uploads\/2020\/12\/brothers-in-arms-earned-in-blood_cover_original.jpg","contentUrl":"https:\/\/www.mercadokeys.com.mx\/wp-content\/uploads\/2020\/12\/brothers-in-arms-earned-in-blood_cover_original.jpg","width":480,"height":678,"caption":"Brothers in Arms Earned in Blood agrega nuevas funciones y modos de juego y se basa en los elementos que hicieron de Brothers in Arms Road to Hill 30"},{"@type":"BreadcrumbList","@id":"https:\/\/www.mercadokeys.com\/product\/brothers-in-arms-earned-in-blood-uplay-cd-key\/#breadcrumb","itemListElement":[{"@type":"ListItem","position":1,"name":"Inicio","item":"https:\/\/www.mercadokeys.com.mx\/"},{"@type":"ListItem","position":2,"name":"Tienda","item":"https:\/\/www.mercadokeys.com\/shop\/"},{"@type":"ListItem","position":3,"name":"Brothers in Arms: Earned in Blood Uplay CD Key"}]},{"@type":"WebSite","@id":"https:\/\/www.mercadokeys.com\/eng\/#website","url":"https:\/\/www.mercadokeys.com\/eng\/","name":"MERCADOKEYS","description":"Tu Tienda de videojuegos digitales en Mexico!","potentialAction":[{"@type":"SearchAction","target":{"@type":"EntryPoint","urlTemplate":"https:\/\/www.mercadokeys.com\/eng\/?s={search_term_string}"},"query-input":{"@type":"PropertyValueSpecification","valueRequired":true,"valueName":"search_term_string"}}],"inLanguage":"en-GB"}]}},"df_price":113.281704,"df_sale_price":113.281704,"df_regular_price":113.281704,"df_image_link":"https:\/\/www.mercadokeys.com.mx\/wp-content\/uploads\/2020\/12\/brothers-in-arms-earned-in-blood_cover_original-212x300.jpg","_links":{"self":[{"href":"https:\/\/www.mercadokeys.com.mx\/eng\/wp-json\/wp\/v2\/product\/75353","targetHints":{"allow":["GET"]}}],"collection":[{"href":"https:\/\/www.mercadokeys.com.mx\/eng\/wp-json\/wp\/v2\/product"}],"about":[{"href":"https:\/\/www.mercadokeys.com.mx\/eng\/wp-json\/wp\/v2\/types\/product"}],"wp:featuredmedia":[{"embeddable":true,"href":"https:\/\/www.mercadokeys.com.mx\/eng\/wp-json\/wp\/v2\/media\/75367"}],"wp:attachment":[{"href":"https:\/\/www.mercadokeys.com.mx\/eng\/wp-json\/wp\/v2\/media?parent=75353"}],"wp:term":[{"taxonomy":"product_brand","embeddable":true,"href":"https:\/\/www.mercadokeys.com.mx\/eng\/wp-json\/wp\/v2\/product_brand?post=75353"},{"taxonomy":"product_cat","embeddable":true,"href":"https:\/\/www.mercadokeys.com.mx\/eng\/wp-json\/wp\/v2\/product_cat?post=75353"},{"taxonomy":"product_tag","embeddable":true,"href":"https:\/\/www.mercadokeys.com.mx\/eng\/wp-json\/wp\/v2\/product_tag?post=75353"}],"curies":[{"name":"wp","href":"https:\/\/api.w.org\/{rel}","templated":true}]}}