{"id":74345,"date":"2020-12-16T23:24:51","date_gmt":"2020-12-17T07:24:51","guid":{"rendered":"https:\/\/www.mercadokeys.com\/product\/batman-arkham-vr-steam-cd-key\/"},"modified":"2022-06-28T06:50:26","modified_gmt":"2022-06-28T13:50:26","slug":"batman-arkham-vr-steam-cd-key","status":"publish","type":"product","link":"https:\/\/www.mercadokeys.com.mx\/eng\/product\/batman-arkham-vr-steam-cd-key\/","title":{"rendered":"Batman: Arkham VR Steam CD Key"},"content":{"rendered":"<p><span style=\"vertical-align: inherit\">Tu b\u00fasqueda para limpiar Gotham acaba de comenzar, y ahora es a\u00fan m\u00e1s aterradora que nunca. Exclusivo para PlayStation VR. Batman: Arkham VR te permite convertirte en el Caballero de la Noche en una recreaci\u00f3n en realidad virtual de las ubicaciones m\u00e1s ic\u00f3nicas del h\u00e9roe de DC. Convi\u00e9rtete en el mejor detective del mundo y explora lugares como Wayne Manor y Batcave. Todo mientras luchas en una historia nueva y personal ambientada en el universo cl\u00e1sico de Arkham de Rocksteady.<\/span><\/p>","protected":false},"excerpt":{"rendered":"<p>Tu b\u00fasqueda para limpiar Gotham acaba de comenzar, y ahora es a\u00fan m\u00e1s aterradora que nunca. Exclusivo para PlayStation VR. Batman: Arkham VR te permite convertirte en el Caballero de la Noche en una recreaci\u00f3n en realidad virtual de las ubicaciones m\u00e1s ic\u00f3nicas del h\u00e9roe de DC. Convi\u00e9rtete en el mejor detective del mundo y&#8230;<\/p>","protected":false},"featured_media":74352,"template":"","meta":{"_monsterinsights_skip_tracking":false,"_monsterinsights_sitenote_active":false,"_monsterinsights_sitenote_note":"","_monsterinsights_sitenote_category":0},"product_brand":[],"product_cat":[1501,2981,1271,1283,1280,1273,1394,1426],"product_tag":[2419,2418,2417,2416,1526],"class_list":{"0":"post-74345","1":"product","2":"type-product","3":"status-publish","4":"has-post-thumbnail","6":"product_cat-tienda-de-videojuegos-ultimos-juegos-tijuana-mexico","7":"product_cat-destacados","8":"product_cat-tienda-de-videojuegos-tijuana-mexico","9":"product_cat-tienda-de-videojuegos-plataformas-tijuana-mexico","10":"product_cat-tienda-de-videojuegos-pc-tijuana-mexico","11":"product_cat-tienda-de-videojuegos-steam-key-tijuana-mexico","12":"product_cat-tienda-de-videojuegos-aventura-tijuana-mexico","13":"product_cat-tienda-de-videojuegos-lo-mejor-del-vr-tijuana-mexico","14":"product_tag-batman","15":"product_tag-batman-arkham","16":"product_tag-batman-arkham-vr","17":"product_tag-batman-arkham-vr-steam","18":"product_tag-steam","20":"first","21":"instock","22":"shipping-taxable","23":"purchasable","24":"product-type-simple"},"yoast_head":"<!-- This site is optimized with the Yoast SEO plugin v27.0 - https:\/\/yoast.com\/product\/yoast-seo-wordpress\/ -->\n<title>Batman: Arkham VR Steam CD Key - MERCADOKEYS<\/title>\n<meta name=\"description\" content=\"Batman: Arkham VR te permite convertirte en el Caballero de la Noche en una recreaci\u00f3n en realidad virtual de las ubicaciones m\u00e1s ic\u00f3nicas\" \/>\n<meta name=\"robots\" content=\"index, follow, max-snippet:-1, max-image-preview:large, max-video-preview:-1\" \/>\n<link rel=\"canonical\" href=\"https:\/\/www.mercadokeys.com\/product\/batman-arkham-vr-steam-cd-key\/\" \/>\n<meta property=\"og:locale\" content=\"en_GB\" \/>\n<meta property=\"og:type\" content=\"article\" \/>\n<meta property=\"og:title\" content=\"Batman: Arkham VR Steam CD Key - MERCADOKEYS\" \/>\n<meta property=\"og:description\" content=\"Batman: Arkham VR te permite convertirte en el Caballero de la Noche en una recreaci\u00f3n en realidad virtual de las ubicaciones m\u00e1s ic\u00f3nicas\" \/>\n<meta property=\"og:url\" content=\"https:\/\/www.mercadokeys.com\/product\/batman-arkham-vr-steam-cd-key\/\" \/>\n<meta property=\"og:site_name\" content=\"MERCADOKEYS\" \/>\n<meta property=\"article:modified_time\" content=\"2022-06-28T13:50:26+00:00\" \/>\n<meta property=\"og:image\" content=\"https:\/\/www.mercadokeys.com\/wp-content\/uploads\/2020\/12\/batman-arkham-vr_cover_original.png\" \/>\n\t<meta property=\"og:image:width\" content=\"756\" \/>\n\t<meta property=\"og:image:height\" content=\"1080\" \/>\n\t<meta property=\"og:image:type\" content=\"image\/png\" \/>\n<meta name=\"twitter:card\" content=\"summary_large_image\" \/>\n<meta name=\"twitter:label1\" content=\"Estimated reading time\" \/>\n\t<meta name=\"twitter:data1\" content=\"1 minute\" \/>\n<script type=\"application\/ld+json\" class=\"yoast-schema-graph\">{\"@context\":\"https:\/\/schema.org\",\"@graph\":[{\"@type\":\"WebPage\",\"@id\":\"https:\/\/www.mercadokeys.com\/product\/batman-arkham-vr-steam-cd-key\/\",\"url\":\"https:\/\/www.mercadokeys.com\/product\/batman-arkham-vr-steam-cd-key\/\",\"name\":\"Batman: Arkham VR Steam CD Key - MERCADOKEYS\",\"isPartOf\":{\"@id\":\"https:\/\/www.mercadokeys.com\/eng\/#website\"},\"primaryImageOfPage\":{\"@id\":\"https:\/\/www.mercadokeys.com\/product\/batman-arkham-vr-steam-cd-key\/#primaryimage\"},\"image\":{\"@id\":\"https:\/\/www.mercadokeys.com\/product\/batman-arkham-vr-steam-cd-key\/#primaryimage\"},\"thumbnailUrl\":\"https:\/\/www.mercadokeys.com.mx\/wp-content\/uploads\/2020\/12\/batman-arkham-vr_cover_original.png\",\"datePublished\":\"2020-12-17T07:24:51+00:00\",\"dateModified\":\"2022-06-28T13:50:26+00:00\",\"description\":\"Batman: Arkham VR te permite convertirte en el Caballero de la Noche en una recreaci\u00f3n en realidad virtual de las ubicaciones m\u00e1s ic\u00f3nicas\",\"breadcrumb\":{\"@id\":\"https:\/\/www.mercadokeys.com\/product\/batman-arkham-vr-steam-cd-key\/#breadcrumb\"},\"inLanguage\":\"en-GB\",\"potentialAction\":[{\"@type\":\"ReadAction\",\"target\":[\"https:\/\/www.mercadokeys.com\/product\/batman-arkham-vr-steam-cd-key\/\"]}]},{\"@type\":\"ImageObject\",\"inLanguage\":\"en-GB\",\"@id\":\"https:\/\/www.mercadokeys.com\/product\/batman-arkham-vr-steam-cd-key\/#primaryimage\",\"url\":\"https:\/\/www.mercadokeys.com.mx\/wp-content\/uploads\/2020\/12\/batman-arkham-vr_cover_original.png\",\"contentUrl\":\"https:\/\/www.mercadokeys.com.mx\/wp-content\/uploads\/2020\/12\/batman-arkham-vr_cover_original.png\",\"width\":756,\"height\":1080,\"caption\":\"Batman: Arkham VR te permite convertirte en el Caballero de la Noche en una recreaci\u00f3n en realidad virtual de las ubicaciones m\u00e1s ic\u00f3nicas\"},{\"@type\":\"BreadcrumbList\",\"@id\":\"https:\/\/www.mercadokeys.com\/product\/batman-arkham-vr-steam-cd-key\/#breadcrumb\",\"itemListElement\":[{\"@type\":\"ListItem\",\"position\":1,\"name\":\"Inicio\",\"item\":\"https:\/\/www.mercadokeys.com.mx\/\"},{\"@type\":\"ListItem\",\"position\":2,\"name\":\"Tienda\",\"item\":\"https:\/\/www.mercadokeys.com\/shop\/\"},{\"@type\":\"ListItem\",\"position\":3,\"name\":\"Batman: Arkham VR Steam CD Key\"}]},{\"@type\":\"WebSite\",\"@id\":\"https:\/\/www.mercadokeys.com\/eng\/#website\",\"url\":\"https:\/\/www.mercadokeys.com\/eng\/\",\"name\":\"MERCADOKEYS\",\"description\":\"Tu Tienda de videojuegos digitales en Mexico!\",\"potentialAction\":[{\"@type\":\"SearchAction\",\"target\":{\"@type\":\"EntryPoint\",\"urlTemplate\":\"https:\/\/www.mercadokeys.com\/eng\/?s={search_term_string}\"},\"query-input\":{\"@type\":\"PropertyValueSpecification\",\"valueRequired\":true,\"valueName\":\"search_term_string\"}}],\"inLanguage\":\"en-GB\"}]}<\/script>\n<!-- \/ Yoast SEO plugin. -->","yoast_head_json":{"title":"Batman: Arkham VR Steam CD Key - MERCADOKEYS","description":"Batman: Arkham VR te permite convertirte en el Caballero de la Noche en una recreaci\u00f3n en realidad virtual de las ubicaciones m\u00e1s ic\u00f3nicas","robots":{"index":"index","follow":"follow","max-snippet":"max-snippet:-1","max-image-preview":"max-image-preview:large","max-video-preview":"max-video-preview:-1"},"canonical":"https:\/\/www.mercadokeys.com\/product\/batman-arkham-vr-steam-cd-key\/","og_locale":"en_GB","og_type":"article","og_title":"Batman: Arkham VR Steam CD Key - MERCADOKEYS","og_description":"Batman: Arkham VR te permite convertirte en el Caballero de la Noche en una recreaci\u00f3n en realidad virtual de las ubicaciones m\u00e1s ic\u00f3nicas","og_url":"https:\/\/www.mercadokeys.com\/product\/batman-arkham-vr-steam-cd-key\/","og_site_name":"MERCADOKEYS","article_modified_time":"2022-06-28T13:50:26+00:00","og_image":[{"width":756,"height":1080,"url":"https:\/\/www.mercadokeys.com\/wp-content\/uploads\/2020\/12\/batman-arkham-vr_cover_original.png","type":"image\/png"}],"twitter_card":"summary_large_image","twitter_misc":{"Estimated reading time":"1 minute"},"schema":{"@context":"https:\/\/schema.org","@graph":[{"@type":"WebPage","@id":"https:\/\/www.mercadokeys.com\/product\/batman-arkham-vr-steam-cd-key\/","url":"https:\/\/www.mercadokeys.com\/product\/batman-arkham-vr-steam-cd-key\/","name":"Batman: Arkham VR Steam CD Key - MERCADOKEYS","isPartOf":{"@id":"https:\/\/www.mercadokeys.com\/eng\/#website"},"primaryImageOfPage":{"@id":"https:\/\/www.mercadokeys.com\/product\/batman-arkham-vr-steam-cd-key\/#primaryimage"},"image":{"@id":"https:\/\/www.mercadokeys.com\/product\/batman-arkham-vr-steam-cd-key\/#primaryimage"},"thumbnailUrl":"https:\/\/www.mercadokeys.com.mx\/wp-content\/uploads\/2020\/12\/batman-arkham-vr_cover_original.png","datePublished":"2020-12-17T07:24:51+00:00","dateModified":"2022-06-28T13:50:26+00:00","description":"Batman: Arkham VR te permite convertirte en el Caballero de la Noche en una recreaci\u00f3n en realidad virtual de las ubicaciones m\u00e1s ic\u00f3nicas","breadcrumb":{"@id":"https:\/\/www.mercadokeys.com\/product\/batman-arkham-vr-steam-cd-key\/#breadcrumb"},"inLanguage":"en-GB","potentialAction":[{"@type":"ReadAction","target":["https:\/\/www.mercadokeys.com\/product\/batman-arkham-vr-steam-cd-key\/"]}]},{"@type":"ImageObject","inLanguage":"en-GB","@id":"https:\/\/www.mercadokeys.com\/product\/batman-arkham-vr-steam-cd-key\/#primaryimage","url":"https:\/\/www.mercadokeys.com.mx\/wp-content\/uploads\/2020\/12\/batman-arkham-vr_cover_original.png","contentUrl":"https:\/\/www.mercadokeys.com.mx\/wp-content\/uploads\/2020\/12\/batman-arkham-vr_cover_original.png","width":756,"height":1080,"caption":"Batman: Arkham VR te permite convertirte en el Caballero de la Noche en una recreaci\u00f3n en realidad virtual de las ubicaciones m\u00e1s ic\u00f3nicas"},{"@type":"BreadcrumbList","@id":"https:\/\/www.mercadokeys.com\/product\/batman-arkham-vr-steam-cd-key\/#breadcrumb","itemListElement":[{"@type":"ListItem","position":1,"name":"Inicio","item":"https:\/\/www.mercadokeys.com.mx\/"},{"@type":"ListItem","position":2,"name":"Tienda","item":"https:\/\/www.mercadokeys.com\/shop\/"},{"@type":"ListItem","position":3,"name":"Batman: Arkham VR Steam CD Key"}]},{"@type":"WebSite","@id":"https:\/\/www.mercadokeys.com\/eng\/#website","url":"https:\/\/www.mercadokeys.com\/eng\/","name":"MERCADOKEYS","description":"Tu Tienda de videojuegos digitales en Mexico!","potentialAction":[{"@type":"SearchAction","target":{"@type":"EntryPoint","urlTemplate":"https:\/\/www.mercadokeys.com\/eng\/?s={search_term_string}"},"query-input":{"@type":"PropertyValueSpecification","valueRequired":true,"valueName":"search_term_string"}}],"inLanguage":"en-GB"}]}},"df_price":108.3576,"df_sale_price":108.3576,"df_regular_price":108.3576,"df_image_link":"https:\/\/www.mercadokeys.com.mx\/wp-content\/uploads\/2020\/12\/batman-arkham-vr_cover_original-210x300.png","_links":{"self":[{"href":"https:\/\/www.mercadokeys.com.mx\/eng\/wp-json\/wp\/v2\/product\/74345","targetHints":{"allow":["GET"]}}],"collection":[{"href":"https:\/\/www.mercadokeys.com.mx\/eng\/wp-json\/wp\/v2\/product"}],"about":[{"href":"https:\/\/www.mercadokeys.com.mx\/eng\/wp-json\/wp\/v2\/types\/product"}],"wp:featuredmedia":[{"embeddable":true,"href":"https:\/\/www.mercadokeys.com.mx\/eng\/wp-json\/wp\/v2\/media\/74352"}],"wp:attachment":[{"href":"https:\/\/www.mercadokeys.com.mx\/eng\/wp-json\/wp\/v2\/media?parent=74345"}],"wp:term":[{"taxonomy":"product_brand","embeddable":true,"href":"https:\/\/www.mercadokeys.com.mx\/eng\/wp-json\/wp\/v2\/product_brand?post=74345"},{"taxonomy":"product_cat","embeddable":true,"href":"https:\/\/www.mercadokeys.com.mx\/eng\/wp-json\/wp\/v2\/product_cat?post=74345"},{"taxonomy":"product_tag","embeddable":true,"href":"https:\/\/www.mercadokeys.com.mx\/eng\/wp-json\/wp\/v2\/product_tag?post=74345"}],"curies":[{"name":"wp","href":"https:\/\/api.w.org\/{rel}","templated":true}]}}