{"id":72154,"date":"2020-12-16T21:24:51","date_gmt":"2020-12-17T05:24:51","guid":{"rendered":"https:\/\/www.mercadokeys.com\/product\/sairento-vr-steam-cd-key\/"},"modified":"2022-06-27T06:57:00","modified_gmt":"2022-06-27T13:57:00","slug":"sairento-vr-steam-cd-key","status":"publish","type":"product","link":"https:\/\/www.mercadokeys.com.mx\/eng\/product\/sairento-vr-steam-cd-key\/","title":{"rendered":"Sairento VR Steam CD Key"},"content":{"rendered":"<p><span style=\"vertical-align: inherit\">Sairento VR es uno de los juegos de acci\u00f3n VR m\u00e1s populares del mundo y el \u00fanico en el que puedes jugar a un ninja cibern\u00e9tico. Realiza saltos triples, carreras de pared, deslizamientos de energ\u00eda, volteretas hacia atr\u00e1s y ralentiza el tiempo mientras disparas a un enemigo antes de aterrizar para asestar un golpe letal a otro. Equ\u00edpate con katanas, armas de fuego, arcos, lanzando gujas y reliquias legendarias. Experimente las ic\u00f3nicas escenas de &#8220;tiempo de bala&#8221; de The Matrix, mezcladas con el caos en c\u00e1mara lenta de la serie de juegos de Max Payne, todo mientras se ve y se siente tan rudo como la novia de Kill Bill.<\/span><\/p>","protected":false},"excerpt":{"rendered":"<p>Sairento VR es uno de los juegos de acci\u00f3n VR m\u00e1s populares del mundo y el \u00fanico en el que puedes jugar a un ninja cibern\u00e9tico. Realiza saltos triples, carreras de pared, deslizamientos de energ\u00eda, volteretas hacia atr\u00e1s y ralentiza el tiempo mientras disparas a un enemigo antes de aterrizar para asestar un golpe letal&#8230;<\/p>","protected":false},"featured_media":72162,"template":"","meta":{"_monsterinsights_skip_tracking":false,"_monsterinsights_sitenote_active":false,"_monsterinsights_sitenote_note":"","_monsterinsights_sitenote_category":0},"product_brand":[],"product_cat":[1501,2981,3596,1271,3164,1283,1280,1273,1395,1426],"product_tag":[2415,2414,1526],"class_list":{"0":"post-72154","1":"product","2":"type-product","3":"status-publish","4":"has-post-thumbnail","6":"product_cat-tienda-de-videojuegos-ultimos-juegos-tijuana-mexico","7":"product_cat-destacados","8":"product_cat-tienda-de-videojuegos-steam-recomendados-en-tijuana-mexico","9":"product_cat-tienda-de-videojuegos-tijuana-mexico","10":"product_cat-tienda-de-videojuegos-baratos-economicos-tijuana-mexico","11":"product_cat-tienda-de-videojuegos-plataformas-tijuana-mexico","12":"product_cat-tienda-de-videojuegos-pc-tijuana-mexico","13":"product_cat-tienda-de-videojuegos-steam-key-tijuana-mexico","14":"product_cat-tienda-de-videojuegos-casual-tijuana-mexico","15":"product_cat-tienda-de-videojuegos-lo-mejor-del-vr-tijuana-mexico","16":"product_tag-sairento-vr","17":"product_tag-sairento-vr-steam","18":"product_tag-steam","20":"first","21":"instock","22":"shipping-taxable","23":"purchasable","24":"product-type-simple"},"yoast_head":"<!-- This site is optimized with the Yoast SEO plugin v27.0 - https:\/\/yoast.com\/product\/yoast-seo-wordpress\/ -->\n<title>Sairento VR Steam CD Key - MERCADOKEYS<\/title>\n<meta name=\"description\" content=\"Sairento VR es uno de los juegos de acci\u00f3n VR m\u00e1s populares del mundo y el \u00fanico en el que puedes jugar a un ninja cibern\u00e9tico.\" \/>\n<meta name=\"robots\" content=\"index, follow, max-snippet:-1, max-image-preview:large, max-video-preview:-1\" \/>\n<link rel=\"canonical\" href=\"https:\/\/www.mercadokeys.com\/product\/sairento-vr-steam-cd-key\/\" \/>\n<meta property=\"og:locale\" content=\"en_GB\" \/>\n<meta property=\"og:type\" content=\"article\" \/>\n<meta property=\"og:title\" content=\"Sairento VR Steam CD Key - MERCADOKEYS\" \/>\n<meta property=\"og:description\" content=\"Sairento VR es uno de los juegos de acci\u00f3n VR m\u00e1s populares del mundo y el \u00fanico en el que puedes jugar a un ninja cibern\u00e9tico.\" \/>\n<meta property=\"og:url\" content=\"https:\/\/www.mercadokeys.com\/product\/sairento-vr-steam-cd-key\/\" \/>\n<meta property=\"og:site_name\" content=\"MERCADOKEYS\" \/>\n<meta property=\"article:modified_time\" content=\"2022-06-27T13:57:00+00:00\" \/>\n<meta property=\"og:image\" content=\"https:\/\/www.mercadokeys.com\/wp-content\/uploads\/2020\/12\/sairento-vr_cover_original.jpg\" \/>\n\t<meta property=\"og:image:width\" content=\"600\" \/>\n\t<meta property=\"og:image:height\" content=\"800\" \/>\n\t<meta property=\"og:image:type\" content=\"image\/jpeg\" \/>\n<meta name=\"twitter:card\" content=\"summary_large_image\" \/>\n<meta name=\"twitter:label1\" content=\"Estimated reading time\" \/>\n\t<meta name=\"twitter:data1\" content=\"1 minute\" \/>\n<script type=\"application\/ld+json\" class=\"yoast-schema-graph\">{\"@context\":\"https:\/\/schema.org\",\"@graph\":[{\"@type\":\"WebPage\",\"@id\":\"https:\/\/www.mercadokeys.com\/product\/sairento-vr-steam-cd-key\/\",\"url\":\"https:\/\/www.mercadokeys.com\/product\/sairento-vr-steam-cd-key\/\",\"name\":\"Sairento VR Steam CD Key - MERCADOKEYS\",\"isPartOf\":{\"@id\":\"https:\/\/www.mercadokeys.com\/eng\/#website\"},\"primaryImageOfPage\":{\"@id\":\"https:\/\/www.mercadokeys.com\/product\/sairento-vr-steam-cd-key\/#primaryimage\"},\"image\":{\"@id\":\"https:\/\/www.mercadokeys.com\/product\/sairento-vr-steam-cd-key\/#primaryimage\"},\"thumbnailUrl\":\"https:\/\/www.mercadokeys.com.mx\/wp-content\/uploads\/2020\/12\/sairento-vr_cover_original.jpg\",\"datePublished\":\"2020-12-17T05:24:51+00:00\",\"dateModified\":\"2022-06-27T13:57:00+00:00\",\"description\":\"Sairento VR es uno de los juegos de acci\u00f3n VR m\u00e1s populares del mundo y el \u00fanico en el que puedes jugar a un ninja cibern\u00e9tico.\",\"breadcrumb\":{\"@id\":\"https:\/\/www.mercadokeys.com\/product\/sairento-vr-steam-cd-key\/#breadcrumb\"},\"inLanguage\":\"en-GB\",\"potentialAction\":[{\"@type\":\"ReadAction\",\"target\":[\"https:\/\/www.mercadokeys.com\/product\/sairento-vr-steam-cd-key\/\"]}]},{\"@type\":\"ImageObject\",\"inLanguage\":\"en-GB\",\"@id\":\"https:\/\/www.mercadokeys.com\/product\/sairento-vr-steam-cd-key\/#primaryimage\",\"url\":\"https:\/\/www.mercadokeys.com.mx\/wp-content\/uploads\/2020\/12\/sairento-vr_cover_original.jpg\",\"contentUrl\":\"https:\/\/www.mercadokeys.com.mx\/wp-content\/uploads\/2020\/12\/sairento-vr_cover_original.jpg\",\"width\":600,\"height\":800,\"caption\":\"Sairento VR es uno de los juegos de acci\u00f3n VR m\u00e1s populares del mundo y el \u00fanico en el que puedes jugar a un ninja cibern\u00e9tico.\"},{\"@type\":\"BreadcrumbList\",\"@id\":\"https:\/\/www.mercadokeys.com\/product\/sairento-vr-steam-cd-key\/#breadcrumb\",\"itemListElement\":[{\"@type\":\"ListItem\",\"position\":1,\"name\":\"Inicio\",\"item\":\"https:\/\/www.mercadokeys.com.mx\/\"},{\"@type\":\"ListItem\",\"position\":2,\"name\":\"Tienda\",\"item\":\"https:\/\/www.mercadokeys.com\/shop\/\"},{\"@type\":\"ListItem\",\"position\":3,\"name\":\"Sairento VR Steam CD Key\"}]},{\"@type\":\"WebSite\",\"@id\":\"https:\/\/www.mercadokeys.com\/eng\/#website\",\"url\":\"https:\/\/www.mercadokeys.com\/eng\/\",\"name\":\"MERCADOKEYS\",\"description\":\"Tu Tienda de videojuegos digitales en Mexico!\",\"potentialAction\":[{\"@type\":\"SearchAction\",\"target\":{\"@type\":\"EntryPoint\",\"urlTemplate\":\"https:\/\/www.mercadokeys.com\/eng\/?s={search_term_string}\"},\"query-input\":{\"@type\":\"PropertyValueSpecification\",\"valueRequired\":true,\"valueName\":\"search_term_string\"}}],\"inLanguage\":\"en-GB\"}]}<\/script>\n<!-- \/ Yoast SEO plugin. -->","yoast_head_json":{"title":"Sairento VR Steam CD Key - MERCADOKEYS","description":"Sairento VR es uno de los juegos de acci\u00f3n VR m\u00e1s populares del mundo y el \u00fanico en el que puedes jugar a un ninja cibern\u00e9tico.","robots":{"index":"index","follow":"follow","max-snippet":"max-snippet:-1","max-image-preview":"max-image-preview:large","max-video-preview":"max-video-preview:-1"},"canonical":"https:\/\/www.mercadokeys.com\/product\/sairento-vr-steam-cd-key\/","og_locale":"en_GB","og_type":"article","og_title":"Sairento VR Steam CD Key - MERCADOKEYS","og_description":"Sairento VR es uno de los juegos de acci\u00f3n VR m\u00e1s populares del mundo y el \u00fanico en el que puedes jugar a un ninja cibern\u00e9tico.","og_url":"https:\/\/www.mercadokeys.com\/product\/sairento-vr-steam-cd-key\/","og_site_name":"MERCADOKEYS","article_modified_time":"2022-06-27T13:57:00+00:00","og_image":[{"width":600,"height":800,"url":"https:\/\/www.mercadokeys.com\/wp-content\/uploads\/2020\/12\/sairento-vr_cover_original.jpg","type":"image\/jpeg"}],"twitter_card":"summary_large_image","twitter_misc":{"Estimated reading time":"1 minute"},"schema":{"@context":"https:\/\/schema.org","@graph":[{"@type":"WebPage","@id":"https:\/\/www.mercadokeys.com\/product\/sairento-vr-steam-cd-key\/","url":"https:\/\/www.mercadokeys.com\/product\/sairento-vr-steam-cd-key\/","name":"Sairento VR Steam CD Key - MERCADOKEYS","isPartOf":{"@id":"https:\/\/www.mercadokeys.com\/eng\/#website"},"primaryImageOfPage":{"@id":"https:\/\/www.mercadokeys.com\/product\/sairento-vr-steam-cd-key\/#primaryimage"},"image":{"@id":"https:\/\/www.mercadokeys.com\/product\/sairento-vr-steam-cd-key\/#primaryimage"},"thumbnailUrl":"https:\/\/www.mercadokeys.com.mx\/wp-content\/uploads\/2020\/12\/sairento-vr_cover_original.jpg","datePublished":"2020-12-17T05:24:51+00:00","dateModified":"2022-06-27T13:57:00+00:00","description":"Sairento VR es uno de los juegos de acci\u00f3n VR m\u00e1s populares del mundo y el \u00fanico en el que puedes jugar a un ninja cibern\u00e9tico.","breadcrumb":{"@id":"https:\/\/www.mercadokeys.com\/product\/sairento-vr-steam-cd-key\/#breadcrumb"},"inLanguage":"en-GB","potentialAction":[{"@type":"ReadAction","target":["https:\/\/www.mercadokeys.com\/product\/sairento-vr-steam-cd-key\/"]}]},{"@type":"ImageObject","inLanguage":"en-GB","@id":"https:\/\/www.mercadokeys.com\/product\/sairento-vr-steam-cd-key\/#primaryimage","url":"https:\/\/www.mercadokeys.com.mx\/wp-content\/uploads\/2020\/12\/sairento-vr_cover_original.jpg","contentUrl":"https:\/\/www.mercadokeys.com.mx\/wp-content\/uploads\/2020\/12\/sairento-vr_cover_original.jpg","width":600,"height":800,"caption":"Sairento VR es uno de los juegos de acci\u00f3n VR m\u00e1s populares del mundo y el \u00fanico en el que puedes jugar a un ninja cibern\u00e9tico."},{"@type":"BreadcrumbList","@id":"https:\/\/www.mercadokeys.com\/product\/sairento-vr-steam-cd-key\/#breadcrumb","itemListElement":[{"@type":"ListItem","position":1,"name":"Inicio","item":"https:\/\/www.mercadokeys.com.mx\/"},{"@type":"ListItem","position":2,"name":"Tienda","item":"https:\/\/www.mercadokeys.com\/shop\/"},{"@type":"ListItem","position":3,"name":"Sairento VR Steam CD Key"}]},{"@type":"WebSite","@id":"https:\/\/www.mercadokeys.com\/eng\/#website","url":"https:\/\/www.mercadokeys.com\/eng\/","name":"MERCADOKEYS","description":"Tu Tienda de videojuegos digitales en Mexico!","potentialAction":[{"@type":"SearchAction","target":{"@type":"EntryPoint","urlTemplate":"https:\/\/www.mercadokeys.com\/eng\/?s={search_term_string}"},"query-input":{"@type":"PropertyValueSpecification","valueRequired":true,"valueName":"search_term_string"}}],"inLanguage":"en-GB"}]}},"df_price":76.529505,"df_sale_price":76.529505,"df_regular_price":76.529505,"df_image_link":"https:\/\/www.mercadokeys.com.mx\/wp-content\/uploads\/2020\/12\/sairento-vr_cover_original-225x300.jpg","_links":{"self":[{"href":"https:\/\/www.mercadokeys.com.mx\/eng\/wp-json\/wp\/v2\/product\/72154","targetHints":{"allow":["GET"]}}],"collection":[{"href":"https:\/\/www.mercadokeys.com.mx\/eng\/wp-json\/wp\/v2\/product"}],"about":[{"href":"https:\/\/www.mercadokeys.com.mx\/eng\/wp-json\/wp\/v2\/types\/product"}],"wp:featuredmedia":[{"embeddable":true,"href":"https:\/\/www.mercadokeys.com.mx\/eng\/wp-json\/wp\/v2\/media\/72162"}],"wp:attachment":[{"href":"https:\/\/www.mercadokeys.com.mx\/eng\/wp-json\/wp\/v2\/media?parent=72154"}],"wp:term":[{"taxonomy":"product_brand","embeddable":true,"href":"https:\/\/www.mercadokeys.com.mx\/eng\/wp-json\/wp\/v2\/product_brand?post=72154"},{"taxonomy":"product_cat","embeddable":true,"href":"https:\/\/www.mercadokeys.com.mx\/eng\/wp-json\/wp\/v2\/product_cat?post=72154"},{"taxonomy":"product_tag","embeddable":true,"href":"https:\/\/www.mercadokeys.com.mx\/eng\/wp-json\/wp\/v2\/product_tag?post=72154"}],"curies":[{"name":"wp","href":"https:\/\/api.w.org\/{rel}","templated":true}]}}