{"id":71873,"date":"2020-12-16T21:03:21","date_gmt":"2020-12-17T05:03:21","guid":{"rendered":"https:\/\/www.mercadokeys.com\/product\/arizona-sunshine-steam-cd-key\/"},"modified":"2022-06-29T06:32:50","modified_gmt":"2022-06-29T13:32:50","slug":"arizona-sunshine-steam-cd-key","status":"publish","type":"product","link":"https:\/\/www.mercadokeys.com.mx\/eng\/product\/arizona-sunshine-steam-cd-key\/","title":{"rendered":"Arizona Sunshine Steam CD Key"},"content":{"rendered":"<p><span style=\"vertical-align: inherit\">El videojuego fue lanzado en 2016 por el estudio Vertigo Games.\u00a0<\/span><strong><span style=\"vertical-align: inherit\">Arizona Sunshine<\/span><\/strong><span style=\"vertical-align: inherit\"> es compatible con\u00a0 <\/span><b><span style=\"vertical-align: inherit\">Oculus Rift, HTC Vive, auriculares PlayStation VR<\/span><\/b><span style=\"vertical-align: inherit\">. Ofrece los mejores gr\u00e1ficos y la experiencia de realidad de realidad virtual cuando se conecta al procesador Intel Core i7 o similar.<\/span><\/p>\n<h3><span style=\"vertical-align: inherit\">\u00bfSobrevivir\u00e1s a los zombis en realidad virtual?<\/span><\/h3>\n<p><span style=\"vertical-align: inherit\">El sudoeste de Estados Unidos se apoder\u00f3 de los zombis cuando lleg\u00f3 el apocalipsis. El lugar ya no es amigable para los humanos. Tu personaje se despierta en medio del valle del r\u00edo Arizona, en una cueva, solo y sin darse cuenta de la realidad. Descubre que podr\u00eda haber humanos sobreviviendo all\u00ed al escuchar voces en la radio que se encuentran en la cueva. Sale de la cueva y encuentra otra radio cuya se\u00f1al sugiere que proviene de una refiner\u00eda.<\/span><\/p>\n<p><span style=\"vertical-align: inherit\">Sin embargo, cuando logra llegar all\u00ed, ve que los zombis tambi\u00e9n se apoderaron de \u00e9l. El protagonista del jugador mata zombies y descubre que la se\u00f1al de radio, de hecho, proviene de un pueblo llamado Sunshine, Arizona. Tu protagonista se pone en marcha con algunas armas e intenta llegar hasta all\u00ed, mientras tanto lucha contra los zombis.<\/span><\/p>\n<p><span style=\"vertical-align: inherit\">Como jugador, manejas pistolas y otras armas con movimientos en la vida real como en el <\/span><b><span style=\"vertical-align: inherit\">videojuego de realidad virtual<\/span><\/b><span style=\"vertical-align: inherit\"> . Los controladores te ayudan a navegar y manejar m\u00e1s de 25 armas administrando municiones, apuntando y anticipando ataques. Puedes tener dos armas a la vez en tus manos. Eres libre de explorar el mundo del juego movi\u00e9ndote.<\/span><\/p>\n<p><span style=\"vertical-align: inherit\">Puede pasear por Arizona, explorar el \u00e1rea y encontrar ca\u00f1ones o minas, que pueden ser traicioneros y resultar peligrosos. Una configuraci\u00f3n de escala de habitaci\u00f3n funciona mejor con este juego de realidad virtual. Tambi\u00e9n existe la opci\u00f3n de utilizar la locomoci\u00f3n artificial para viajar entre lugares.<\/span><\/p>\n<h3><span style=\"vertical-align: inherit\">Modos de campa\u00f1a y juegos en Arizona Sunshine<\/span><\/h3>\n<p><span style=\"vertical-align: inherit\">El videojuego tiene varias campa\u00f1as y modos disponibles para jugar. El jugador puede iniciar una campa\u00f1a de tama\u00f1o completo, que tiene la trama m\u00e1s larga. Existe la opci\u00f3n de unirse a la diversi\u00f3n para una sesi\u00f3n corta o hacer la narraci\u00f3n completa.<\/span><\/p>\n<p><b><span style=\"vertical-align: inherit\">La campa\u00f1a de tama\u00f1o completo<\/span><\/b><span style=\"vertical-align: inherit\"> ofrece muchas peleas de zombis, ya que el personaje todo el tiempo se encuentra con zombis que vienen en peque\u00f1os grupos. Estos ataques son relativamente f\u00e1ciles de resistir, sin embargo, tambi\u00e9n pueden aparecer grandes hordas de zombis. El jugador los activa cuando toma decisiones para hacer avanzar la trama, por ejemplo, recogiendo objetos. Luchar con hordas de zombis requiere acciones m\u00e1s elaboradas, utilizando diferentes armas y aprovechando el entorno.<\/span><\/p>\n<p><b><span style=\"vertical-align: inherit\">El segundo modo es el modo horda<\/span><\/b><span style=\"vertical-align: inherit\"> , donde lo \u00fanico que importa es la supervivencia. El personaje del jugador permanece en una base peque\u00f1a y lucha contra hordas de zombies. Sus ataques vienen en oleadas, cada uno de los cuales es m\u00e1s elaborado y dif\u00edcil de combatir. Ambas campa\u00f1as se pueden disfrutar tanto en modo para un jugador como en modo multijugador.<\/span><\/p>\n<h3><span style=\"vertical-align: inherit\">Opini\u00f3n y premios de los jugadores<\/span><\/h3>\n<p style=\"text-align: left\"><span style=\"vertical-align: inherit\">El juego recibi\u00f3 opiniones positivas en el mundo de los jugadores y buenas cr\u00edticas de la industria del juego. El juego tambi\u00e9n gan\u00f3 el premio al <\/span><b><span style=\"vertical-align: inherit\">Mejor juego de realidad virtual del a\u00f1o<\/span><\/b><span style=\"vertical-align: inherit\"> 2016 <b>. <\/b>.<\/span><\/p>","protected":false},"excerpt":{"rendered":"<p>El videojuego fue lanzado en 2016 por el estudio Vertigo Games.\u00a0Arizona Sunshine es compatible con\u00a0 Oculus Rift, HTC Vive, auriculares PlayStation VR. Ofrece los mejores gr\u00e1ficos y la experiencia de realidad de realidad virtual cuando se conecta al procesador Intel Core i7 o similar. \u00bfSobrevivir\u00e1s a los zombis en realidad virtual? El sudoeste de Estados&#8230;<\/p>","protected":false},"featured_media":71886,"template":"","meta":{"_monsterinsights_skip_tracking":false,"_monsterinsights_sitenote_active":false,"_monsterinsights_sitenote_note":"","_monsterinsights_sitenote_category":0},"product_brand":[],"product_cat":[1501,2981,1271,1283,1280,1273,1394,1426],"product_tag":[2387,2384,2386,2385,1526],"class_list":{"0":"post-71873","1":"product","2":"type-product","3":"status-publish","4":"has-post-thumbnail","6":"product_cat-tienda-de-videojuegos-ultimos-juegos-tijuana-mexico","7":"product_cat-destacados","8":"product_cat-tienda-de-videojuegos-tijuana-mexico","9":"product_cat-tienda-de-videojuegos-plataformas-tijuana-mexico","10":"product_cat-tienda-de-videojuegos-pc-tijuana-mexico","11":"product_cat-tienda-de-videojuegos-steam-key-tijuana-mexico","12":"product_cat-tienda-de-videojuegos-aventura-tijuana-mexico","13":"product_cat-tienda-de-videojuegos-lo-mejor-del-vr-tijuana-mexico","14":"product_tag-arizona","15":"product_tag-arizona-sunshine","16":"product_tag-arizona-sunshine-vr","17":"product_tag-arizona-sunshine-vr-steam","18":"product_tag-steam","20":"first","21":"instock","22":"shipping-taxable","23":"purchasable","24":"product-type-simple"},"yoast_head":"<!-- This site is optimized with the Yoast SEO plugin v27.0 - https:\/\/yoast.com\/product\/yoast-seo-wordpress\/ -->\n<title>Arizona Sunshine Steam CD Key - MERCADOKEYS<\/title>\n<meta name=\"description\" content=\"El videojuego fue lanzado en 2016 por el estudio Vertigo Games.\u00a0Arizona Sunshine es compatible con\u00a0 Oculus Rift, HTC Vive, auriculares PlayStation VR\" \/>\n<meta name=\"robots\" content=\"index, follow, max-snippet:-1, max-image-preview:large, max-video-preview:-1\" \/>\n<link rel=\"canonical\" href=\"https:\/\/www.mercadokeys.com\/product\/arizona-sunshine-steam-cd-key\/\" \/>\n<meta property=\"og:locale\" content=\"en_GB\" \/>\n<meta property=\"og:type\" content=\"article\" \/>\n<meta property=\"og:title\" content=\"Arizona Sunshine Steam CD Key - MERCADOKEYS\" \/>\n<meta property=\"og:description\" content=\"El videojuego fue lanzado en 2016 por el estudio Vertigo Games.\u00a0Arizona Sunshine es compatible con\u00a0 Oculus Rift, HTC Vive, auriculares PlayStation VR\" \/>\n<meta property=\"og:url\" content=\"https:\/\/www.mercadokeys.com\/product\/arizona-sunshine-steam-cd-key\/\" \/>\n<meta property=\"og:site_name\" content=\"MERCADOKEYS\" \/>\n<meta property=\"article:modified_time\" content=\"2022-06-29T13:32:50+00:00\" \/>\n<meta property=\"og:image\" content=\"https:\/\/www.mercadokeys.com\/wp-content\/uploads\/2020\/12\/arizona-sunshine_cover_original.jpg\" \/>\n\t<meta property=\"og:image:width\" content=\"460\" \/>\n\t<meta property=\"og:image:height\" content=\"215\" \/>\n\t<meta property=\"og:image:type\" content=\"image\/jpeg\" \/>\n<meta name=\"twitter:card\" content=\"summary_large_image\" \/>\n<meta name=\"twitter:label1\" content=\"Estimated reading time\" \/>\n\t<meta name=\"twitter:data1\" content=\"3 minutes\" \/>\n<script type=\"application\/ld+json\" class=\"yoast-schema-graph\">{\"@context\":\"https:\/\/schema.org\",\"@graph\":[{\"@type\":\"WebPage\",\"@id\":\"https:\/\/www.mercadokeys.com\/product\/arizona-sunshine-steam-cd-key\/\",\"url\":\"https:\/\/www.mercadokeys.com\/product\/arizona-sunshine-steam-cd-key\/\",\"name\":\"Arizona Sunshine Steam CD Key - MERCADOKEYS\",\"isPartOf\":{\"@id\":\"https:\/\/www.mercadokeys.com\/eng\/#website\"},\"primaryImageOfPage\":{\"@id\":\"https:\/\/www.mercadokeys.com\/product\/arizona-sunshine-steam-cd-key\/#primaryimage\"},\"image\":{\"@id\":\"https:\/\/www.mercadokeys.com\/product\/arizona-sunshine-steam-cd-key\/#primaryimage\"},\"thumbnailUrl\":\"https:\/\/www.mercadokeys.com.mx\/wp-content\/uploads\/2020\/12\/arizona-sunshine_cover_original.jpg\",\"datePublished\":\"2020-12-17T05:03:21+00:00\",\"dateModified\":\"2022-06-29T13:32:50+00:00\",\"description\":\"El videojuego fue lanzado en 2016 por el estudio Vertigo Games.\u00a0Arizona Sunshine es compatible con\u00a0 Oculus Rift, HTC Vive, auriculares PlayStation VR\",\"breadcrumb\":{\"@id\":\"https:\/\/www.mercadokeys.com\/product\/arizona-sunshine-steam-cd-key\/#breadcrumb\"},\"inLanguage\":\"en-GB\",\"potentialAction\":[{\"@type\":\"ReadAction\",\"target\":[\"https:\/\/www.mercadokeys.com\/product\/arizona-sunshine-steam-cd-key\/\"]}]},{\"@type\":\"ImageObject\",\"inLanguage\":\"en-GB\",\"@id\":\"https:\/\/www.mercadokeys.com\/product\/arizona-sunshine-steam-cd-key\/#primaryimage\",\"url\":\"https:\/\/www.mercadokeys.com.mx\/wp-content\/uploads\/2020\/12\/arizona-sunshine_cover_original.jpg\",\"contentUrl\":\"https:\/\/www.mercadokeys.com.mx\/wp-content\/uploads\/2020\/12\/arizona-sunshine_cover_original.jpg\",\"width\":460,\"height\":215},{\"@type\":\"BreadcrumbList\",\"@id\":\"https:\/\/www.mercadokeys.com\/product\/arizona-sunshine-steam-cd-key\/#breadcrumb\",\"itemListElement\":[{\"@type\":\"ListItem\",\"position\":1,\"name\":\"Inicio\",\"item\":\"https:\/\/www.mercadokeys.com.mx\/\"},{\"@type\":\"ListItem\",\"position\":2,\"name\":\"Tienda\",\"item\":\"https:\/\/www.mercadokeys.com\/shop\/\"},{\"@type\":\"ListItem\",\"position\":3,\"name\":\"Arizona Sunshine Steam CD Key\"}]},{\"@type\":\"WebSite\",\"@id\":\"https:\/\/www.mercadokeys.com\/eng\/#website\",\"url\":\"https:\/\/www.mercadokeys.com\/eng\/\",\"name\":\"MERCADOKEYS\",\"description\":\"Tu Tienda de videojuegos digitales en Mexico!\",\"potentialAction\":[{\"@type\":\"SearchAction\",\"target\":{\"@type\":\"EntryPoint\",\"urlTemplate\":\"https:\/\/www.mercadokeys.com\/eng\/?s={search_term_string}\"},\"query-input\":{\"@type\":\"PropertyValueSpecification\",\"valueRequired\":true,\"valueName\":\"search_term_string\"}}],\"inLanguage\":\"en-GB\"}]}<\/script>\n<!-- \/ Yoast SEO plugin. -->","yoast_head_json":{"title":"Arizona Sunshine Steam CD Key - MERCADOKEYS","description":"El videojuego fue lanzado en 2016 por el estudio Vertigo Games.\u00a0Arizona Sunshine es compatible con\u00a0 Oculus Rift, HTC Vive, auriculares PlayStation VR","robots":{"index":"index","follow":"follow","max-snippet":"max-snippet:-1","max-image-preview":"max-image-preview:large","max-video-preview":"max-video-preview:-1"},"canonical":"https:\/\/www.mercadokeys.com\/product\/arizona-sunshine-steam-cd-key\/","og_locale":"en_GB","og_type":"article","og_title":"Arizona Sunshine Steam CD Key - MERCADOKEYS","og_description":"El videojuego fue lanzado en 2016 por el estudio Vertigo Games.\u00a0Arizona Sunshine es compatible con\u00a0 Oculus Rift, HTC Vive, auriculares PlayStation VR","og_url":"https:\/\/www.mercadokeys.com\/product\/arizona-sunshine-steam-cd-key\/","og_site_name":"MERCADOKEYS","article_modified_time":"2022-06-29T13:32:50+00:00","og_image":[{"width":460,"height":215,"url":"https:\/\/www.mercadokeys.com\/wp-content\/uploads\/2020\/12\/arizona-sunshine_cover_original.jpg","type":"image\/jpeg"}],"twitter_card":"summary_large_image","twitter_misc":{"Estimated reading time":"3 minutes"},"schema":{"@context":"https:\/\/schema.org","@graph":[{"@type":"WebPage","@id":"https:\/\/www.mercadokeys.com\/product\/arizona-sunshine-steam-cd-key\/","url":"https:\/\/www.mercadokeys.com\/product\/arizona-sunshine-steam-cd-key\/","name":"Arizona Sunshine Steam CD Key - MERCADOKEYS","isPartOf":{"@id":"https:\/\/www.mercadokeys.com\/eng\/#website"},"primaryImageOfPage":{"@id":"https:\/\/www.mercadokeys.com\/product\/arizona-sunshine-steam-cd-key\/#primaryimage"},"image":{"@id":"https:\/\/www.mercadokeys.com\/product\/arizona-sunshine-steam-cd-key\/#primaryimage"},"thumbnailUrl":"https:\/\/www.mercadokeys.com.mx\/wp-content\/uploads\/2020\/12\/arizona-sunshine_cover_original.jpg","datePublished":"2020-12-17T05:03:21+00:00","dateModified":"2022-06-29T13:32:50+00:00","description":"El videojuego fue lanzado en 2016 por el estudio Vertigo Games.\u00a0Arizona Sunshine es compatible con\u00a0 Oculus Rift, HTC Vive, auriculares PlayStation VR","breadcrumb":{"@id":"https:\/\/www.mercadokeys.com\/product\/arizona-sunshine-steam-cd-key\/#breadcrumb"},"inLanguage":"en-GB","potentialAction":[{"@type":"ReadAction","target":["https:\/\/www.mercadokeys.com\/product\/arizona-sunshine-steam-cd-key\/"]}]},{"@type":"ImageObject","inLanguage":"en-GB","@id":"https:\/\/www.mercadokeys.com\/product\/arizona-sunshine-steam-cd-key\/#primaryimage","url":"https:\/\/www.mercadokeys.com.mx\/wp-content\/uploads\/2020\/12\/arizona-sunshine_cover_original.jpg","contentUrl":"https:\/\/www.mercadokeys.com.mx\/wp-content\/uploads\/2020\/12\/arizona-sunshine_cover_original.jpg","width":460,"height":215},{"@type":"BreadcrumbList","@id":"https:\/\/www.mercadokeys.com\/product\/arizona-sunshine-steam-cd-key\/#breadcrumb","itemListElement":[{"@type":"ListItem","position":1,"name":"Inicio","item":"https:\/\/www.mercadokeys.com.mx\/"},{"@type":"ListItem","position":2,"name":"Tienda","item":"https:\/\/www.mercadokeys.com\/shop\/"},{"@type":"ListItem","position":3,"name":"Arizona Sunshine Steam CD Key"}]},{"@type":"WebSite","@id":"https:\/\/www.mercadokeys.com\/eng\/#website","url":"https:\/\/www.mercadokeys.com\/eng\/","name":"MERCADOKEYS","description":"Tu Tienda de videojuegos digitales en Mexico!","potentialAction":[{"@type":"SearchAction","target":{"@type":"EntryPoint","urlTemplate":"https:\/\/www.mercadokeys.com\/eng\/?s={search_term_string}"},"query-input":{"@type":"PropertyValueSpecification","valueRequired":true,"valueName":"search_term_string"}}],"inLanguage":"en-GB"}]}},"df_price":235.014485,"df_sale_price":235.014485,"df_regular_price":235.014485,"df_image_link":"https:\/\/www.mercadokeys.com.mx\/wp-content\/uploads\/2020\/12\/arizona-sunshine_cover_original-300x140.jpg","_links":{"self":[{"href":"https:\/\/www.mercadokeys.com.mx\/eng\/wp-json\/wp\/v2\/product\/71873","targetHints":{"allow":["GET"]}}],"collection":[{"href":"https:\/\/www.mercadokeys.com.mx\/eng\/wp-json\/wp\/v2\/product"}],"about":[{"href":"https:\/\/www.mercadokeys.com.mx\/eng\/wp-json\/wp\/v2\/types\/product"}],"wp:featuredmedia":[{"embeddable":true,"href":"https:\/\/www.mercadokeys.com.mx\/eng\/wp-json\/wp\/v2\/media\/71886"}],"wp:attachment":[{"href":"https:\/\/www.mercadokeys.com.mx\/eng\/wp-json\/wp\/v2\/media?parent=71873"}],"wp:term":[{"taxonomy":"product_brand","embeddable":true,"href":"https:\/\/www.mercadokeys.com.mx\/eng\/wp-json\/wp\/v2\/product_brand?post=71873"},{"taxonomy":"product_cat","embeddable":true,"href":"https:\/\/www.mercadokeys.com.mx\/eng\/wp-json\/wp\/v2\/product_cat?post=71873"},{"taxonomy":"product_tag","embeddable":true,"href":"https:\/\/www.mercadokeys.com.mx\/eng\/wp-json\/wp\/v2\/product_tag?post=71873"}],"curies":[{"name":"wp","href":"https:\/\/api.w.org\/{rel}","templated":true}]}}