{"id":68395,"date":"2020-12-16T16:46:52","date_gmt":"2020-12-17T00:46:52","guid":{"rendered":"https:\/\/www.mercadokeys.com\/product\/postal-redux-steam-cd-key\/"},"modified":"2022-06-27T07:03:22","modified_gmt":"2022-06-27T14:03:22","slug":"postal-redux-steam-cd-key","status":"publish","type":"product","link":"https:\/\/www.mercadokeys.com.mx\/eng\/product\/postal-redux-steam-cd-key\/","title":{"rendered":"POSTAL Redux Steam CD Key"},"content":{"rendered":"<p><span style=\"vertical-align: inherit\">\u00a1El cl\u00e1sico juego de disparos isom\u00e9trico de doble palanca, oscuro y surrealista, regresa con una venganza! POSTAL Redux es un remake en alta definici\u00f3n de la infame primera incursi\u00f3n de The Postal Dude en el mundo. Prep\u00e1rese para experimentar su viaje psicol\u00f3gico con im\u00e1genes de alta resoluci\u00f3n fielmente recreadas, m\u00fasica, sonidos y di\u00e1logos remasterizados, y una jugabilidad renovada y modernizada. En cada esquina te esperan pistoleros enloquecidos por tu sangre. La \u00fanica opci\u00f3n es clara: cons\u00edgalas antes de que te atrapen a ti. En POSTAL Redux contraataca con un arsenal devastador mientras te abres camino a trav\u00e9s de una ciudad asolada por la violencia. \u00a1Es hora de revivir la locura de GOING POSTAL!<\/span><\/p>","protected":false},"excerpt":{"rendered":"<p>\u00a1El cl\u00e1sico juego de disparos isom\u00e9trico de doble palanca, oscuro y surrealista, regresa con una venganza! POSTAL Redux es un remake en alta definici\u00f3n de la infame primera incursi\u00f3n de The Postal Dude en el mundo. Prep\u00e1rese para experimentar su viaje psicol\u00f3gico con im\u00e1genes de alta resoluci\u00f3n fielmente recreadas, m\u00fasica, sonidos y di\u00e1logos remasterizados, y&#8230;<\/p>","protected":false},"featured_media":68405,"template":"","meta":{"_monsterinsights_skip_tracking":false,"_monsterinsights_sitenote_active":false,"_monsterinsights_sitenote_note":"","_monsterinsights_sitenote_category":0},"product_brand":[],"product_cat":[1501,2981,3596,1271,3164,1420,1283,1280,1273,1393,1428],"product_tag":[1953,1952,1526],"class_list":{"0":"post-68395","1":"product","2":"type-product","3":"status-publish","4":"has-post-thumbnail","6":"product_cat-tienda-de-videojuegos-ultimos-juegos-tijuana-mexico","7":"product_cat-destacados","8":"product_cat-tienda-de-videojuegos-steam-recomendados-en-tijuana-mexico","9":"product_cat-tienda-de-videojuegos-tijuana-mexico","10":"product_cat-tienda-de-videojuegos-baratos-economicos-tijuana-mexico","11":"product_cat-tienda-de-videojuegos-populares-tijuana-mexico","12":"product_cat-tienda-de-videojuegos-plataformas-tijuana-mexico","13":"product_cat-tienda-de-videojuegos-pc-tijuana-mexico","14":"product_cat-tienda-de-videojuegos-steam-key-tijuana-mexico","15":"product_cat-tienda-de-videojuegos-indie-tijuana-mexico","16":"product_cat-tienda-de-videojuegos-cooperativos-tijuana-mexico","17":"product_tag-postal-redux","18":"product_tag-postal-redux-steam","19":"product_tag-steam","21":"first","22":"instock","23":"shipping-taxable","24":"purchasable","25":"product-type-simple"},"yoast_head":"<!-- This site is optimized with the Yoast SEO plugin v27.0 - https:\/\/yoast.com\/product\/yoast-seo-wordpress\/ -->\n<title>POSTAL Redux Steam CD Key - MERCADOKEYS<\/title>\n<meta name=\"description\" content=\"POSTAL Redux es un remake en alta definici\u00f3n de la infame primera incursi\u00f3n de The Postal Dude en el mundo. Prep\u00e1rese para experimentar su viaje psicol\u00f3gico\" \/>\n<meta name=\"robots\" content=\"index, follow, max-snippet:-1, max-image-preview:large, max-video-preview:-1\" \/>\n<link rel=\"canonical\" href=\"https:\/\/www.mercadokeys.com\/product\/postal-redux-steam-cd-key\/\" \/>\n<meta property=\"og:locale\" content=\"en_GB\" \/>\n<meta property=\"og:type\" content=\"article\" \/>\n<meta property=\"og:title\" content=\"POSTAL Redux Steam CD Key - MERCADOKEYS\" \/>\n<meta property=\"og:description\" content=\"POSTAL Redux es un remake en alta definici\u00f3n de la infame primera incursi\u00f3n de The Postal Dude en el mundo. Prep\u00e1rese para experimentar su viaje psicol\u00f3gico\" \/>\n<meta property=\"og:url\" content=\"https:\/\/www.mercadokeys.com\/product\/postal-redux-steam-cd-key\/\" \/>\n<meta property=\"og:site_name\" content=\"MERCADOKEYS\" \/>\n<meta property=\"article:modified_time\" content=\"2022-06-27T14:03:22+00:00\" \/>\n<meta property=\"og:image\" content=\"https:\/\/www.mercadokeys.com\/wp-content\/uploads\/2020\/12\/postal-redux_cover_original.jpg\" \/>\n\t<meta property=\"og:image:width\" content=\"292\" \/>\n\t<meta property=\"og:image:height\" content=\"336\" \/>\n\t<meta property=\"og:image:type\" content=\"image\/jpeg\" \/>\n<meta name=\"twitter:card\" content=\"summary_large_image\" \/>\n<meta name=\"twitter:label1\" content=\"Estimated reading time\" \/>\n\t<meta name=\"twitter:data1\" content=\"1 minute\" \/>\n<script type=\"application\/ld+json\" class=\"yoast-schema-graph\">{\"@context\":\"https:\/\/schema.org\",\"@graph\":[{\"@type\":\"WebPage\",\"@id\":\"https:\/\/www.mercadokeys.com\/product\/postal-redux-steam-cd-key\/\",\"url\":\"https:\/\/www.mercadokeys.com\/product\/postal-redux-steam-cd-key\/\",\"name\":\"POSTAL Redux Steam CD Key - MERCADOKEYS\",\"isPartOf\":{\"@id\":\"https:\/\/www.mercadokeys.com\/eng\/#website\"},\"primaryImageOfPage\":{\"@id\":\"https:\/\/www.mercadokeys.com\/product\/postal-redux-steam-cd-key\/#primaryimage\"},\"image\":{\"@id\":\"https:\/\/www.mercadokeys.com\/product\/postal-redux-steam-cd-key\/#primaryimage\"},\"thumbnailUrl\":\"https:\/\/www.mercadokeys.com.mx\/wp-content\/uploads\/2020\/12\/postal-redux_cover_original.jpg\",\"datePublished\":\"2020-12-17T00:46:52+00:00\",\"dateModified\":\"2022-06-27T14:03:22+00:00\",\"description\":\"POSTAL Redux es un remake en alta definici\u00f3n de la infame primera incursi\u00f3n de The Postal Dude en el mundo. Prep\u00e1rese para experimentar su viaje psicol\u00f3gico\",\"breadcrumb\":{\"@id\":\"https:\/\/www.mercadokeys.com\/product\/postal-redux-steam-cd-key\/#breadcrumb\"},\"inLanguage\":\"en-GB\",\"potentialAction\":[{\"@type\":\"ReadAction\",\"target\":[\"https:\/\/www.mercadokeys.com\/product\/postal-redux-steam-cd-key\/\"]}]},{\"@type\":\"ImageObject\",\"inLanguage\":\"en-GB\",\"@id\":\"https:\/\/www.mercadokeys.com\/product\/postal-redux-steam-cd-key\/#primaryimage\",\"url\":\"https:\/\/www.mercadokeys.com.mx\/wp-content\/uploads\/2020\/12\/postal-redux_cover_original.jpg\",\"contentUrl\":\"https:\/\/www.mercadokeys.com.mx\/wp-content\/uploads\/2020\/12\/postal-redux_cover_original.jpg\",\"width\":292,\"height\":336,\"caption\":\"POSTAL Redux es un remake en alta definici\u00f3n de la infame primera incursi\u00f3n de The Postal Dude en el mundo. Prep\u00e1rese para experimentar su viaje psicol\u00f3gico\"},{\"@type\":\"BreadcrumbList\",\"@id\":\"https:\/\/www.mercadokeys.com\/product\/postal-redux-steam-cd-key\/#breadcrumb\",\"itemListElement\":[{\"@type\":\"ListItem\",\"position\":1,\"name\":\"Inicio\",\"item\":\"https:\/\/www.mercadokeys.com.mx\/\"},{\"@type\":\"ListItem\",\"position\":2,\"name\":\"Tienda\",\"item\":\"https:\/\/www.mercadokeys.com\/shop\/\"},{\"@type\":\"ListItem\",\"position\":3,\"name\":\"POSTAL Redux Steam CD Key\"}]},{\"@type\":\"WebSite\",\"@id\":\"https:\/\/www.mercadokeys.com\/eng\/#website\",\"url\":\"https:\/\/www.mercadokeys.com\/eng\/\",\"name\":\"MERCADOKEYS\",\"description\":\"Tu Tienda de videojuegos digitales en Mexico!\",\"potentialAction\":[{\"@type\":\"SearchAction\",\"target\":{\"@type\":\"EntryPoint\",\"urlTemplate\":\"https:\/\/www.mercadokeys.com\/eng\/?s={search_term_string}\"},\"query-input\":{\"@type\":\"PropertyValueSpecification\",\"valueRequired\":true,\"valueName\":\"search_term_string\"}}],\"inLanguage\":\"en-GB\"}]}<\/script>\n<!-- \/ Yoast SEO plugin. -->","yoast_head_json":{"title":"POSTAL Redux Steam CD Key - MERCADOKEYS","description":"POSTAL Redux es un remake en alta definici\u00f3n de la infame primera incursi\u00f3n de The Postal Dude en el mundo. Prep\u00e1rese para experimentar su viaje psicol\u00f3gico","robots":{"index":"index","follow":"follow","max-snippet":"max-snippet:-1","max-image-preview":"max-image-preview:large","max-video-preview":"max-video-preview:-1"},"canonical":"https:\/\/www.mercadokeys.com\/product\/postal-redux-steam-cd-key\/","og_locale":"en_GB","og_type":"article","og_title":"POSTAL Redux Steam CD Key - MERCADOKEYS","og_description":"POSTAL Redux es un remake en alta definici\u00f3n de la infame primera incursi\u00f3n de The Postal Dude en el mundo. Prep\u00e1rese para experimentar su viaje psicol\u00f3gico","og_url":"https:\/\/www.mercadokeys.com\/product\/postal-redux-steam-cd-key\/","og_site_name":"MERCADOKEYS","article_modified_time":"2022-06-27T14:03:22+00:00","og_image":[{"width":292,"height":336,"url":"https:\/\/www.mercadokeys.com\/wp-content\/uploads\/2020\/12\/postal-redux_cover_original.jpg","type":"image\/jpeg"}],"twitter_card":"summary_large_image","twitter_misc":{"Estimated reading time":"1 minute"},"schema":{"@context":"https:\/\/schema.org","@graph":[{"@type":"WebPage","@id":"https:\/\/www.mercadokeys.com\/product\/postal-redux-steam-cd-key\/","url":"https:\/\/www.mercadokeys.com\/product\/postal-redux-steam-cd-key\/","name":"POSTAL Redux Steam CD Key - MERCADOKEYS","isPartOf":{"@id":"https:\/\/www.mercadokeys.com\/eng\/#website"},"primaryImageOfPage":{"@id":"https:\/\/www.mercadokeys.com\/product\/postal-redux-steam-cd-key\/#primaryimage"},"image":{"@id":"https:\/\/www.mercadokeys.com\/product\/postal-redux-steam-cd-key\/#primaryimage"},"thumbnailUrl":"https:\/\/www.mercadokeys.com.mx\/wp-content\/uploads\/2020\/12\/postal-redux_cover_original.jpg","datePublished":"2020-12-17T00:46:52+00:00","dateModified":"2022-06-27T14:03:22+00:00","description":"POSTAL Redux es un remake en alta definici\u00f3n de la infame primera incursi\u00f3n de The Postal Dude en el mundo. Prep\u00e1rese para experimentar su viaje psicol\u00f3gico","breadcrumb":{"@id":"https:\/\/www.mercadokeys.com\/product\/postal-redux-steam-cd-key\/#breadcrumb"},"inLanguage":"en-GB","potentialAction":[{"@type":"ReadAction","target":["https:\/\/www.mercadokeys.com\/product\/postal-redux-steam-cd-key\/"]}]},{"@type":"ImageObject","inLanguage":"en-GB","@id":"https:\/\/www.mercadokeys.com\/product\/postal-redux-steam-cd-key\/#primaryimage","url":"https:\/\/www.mercadokeys.com.mx\/wp-content\/uploads\/2020\/12\/postal-redux_cover_original.jpg","contentUrl":"https:\/\/www.mercadokeys.com.mx\/wp-content\/uploads\/2020\/12\/postal-redux_cover_original.jpg","width":292,"height":336,"caption":"POSTAL Redux es un remake en alta definici\u00f3n de la infame primera incursi\u00f3n de The Postal Dude en el mundo. Prep\u00e1rese para experimentar su viaje psicol\u00f3gico"},{"@type":"BreadcrumbList","@id":"https:\/\/www.mercadokeys.com\/product\/postal-redux-steam-cd-key\/#breadcrumb","itemListElement":[{"@type":"ListItem","position":1,"name":"Inicio","item":"https:\/\/www.mercadokeys.com.mx\/"},{"@type":"ListItem","position":2,"name":"Tienda","item":"https:\/\/www.mercadokeys.com\/shop\/"},{"@type":"ListItem","position":3,"name":"POSTAL Redux Steam CD Key"}]},{"@type":"WebSite","@id":"https:\/\/www.mercadokeys.com\/eng\/#website","url":"https:\/\/www.mercadokeys.com\/eng\/","name":"MERCADOKEYS","description":"Tu Tienda de videojuegos digitales en Mexico!","potentialAction":[{"@type":"SearchAction","target":{"@type":"EntryPoint","urlTemplate":"https:\/\/www.mercadokeys.com\/eng\/?s={search_term_string}"},"query-input":{"@type":"PropertyValueSpecification","valueRequired":true,"valueName":"search_term_string"}}],"inLanguage":"en-GB"}]}},"df_price":44.781825,"df_sale_price":44.781825,"df_regular_price":44.781825,"df_image_link":"https:\/\/www.mercadokeys.com.mx\/wp-content\/uploads\/2020\/12\/postal-redux_cover_original-261x300.jpg","_links":{"self":[{"href":"https:\/\/www.mercadokeys.com.mx\/eng\/wp-json\/wp\/v2\/product\/68395","targetHints":{"allow":["GET"]}}],"collection":[{"href":"https:\/\/www.mercadokeys.com.mx\/eng\/wp-json\/wp\/v2\/product"}],"about":[{"href":"https:\/\/www.mercadokeys.com.mx\/eng\/wp-json\/wp\/v2\/types\/product"}],"wp:featuredmedia":[{"embeddable":true,"href":"https:\/\/www.mercadokeys.com.mx\/eng\/wp-json\/wp\/v2\/media\/68405"}],"wp:attachment":[{"href":"https:\/\/www.mercadokeys.com.mx\/eng\/wp-json\/wp\/v2\/media?parent=68395"}],"wp:term":[{"taxonomy":"product_brand","embeddable":true,"href":"https:\/\/www.mercadokeys.com.mx\/eng\/wp-json\/wp\/v2\/product_brand?post=68395"},{"taxonomy":"product_cat","embeddable":true,"href":"https:\/\/www.mercadokeys.com.mx\/eng\/wp-json\/wp\/v2\/product_cat?post=68395"},{"taxonomy":"product_tag","embeddable":true,"href":"https:\/\/www.mercadokeys.com.mx\/eng\/wp-json\/wp\/v2\/product_tag?post=68395"}],"curies":[{"name":"wp","href":"https:\/\/api.w.org\/{rel}","templated":true}]}}