{"id":68139,"date":"2020-12-16T16:35:21","date_gmt":"2020-12-17T00:35:21","guid":{"rendered":"https:\/\/www.mercadokeys.com\/product\/stellaris-steam-cd-key\/"},"modified":"2022-06-28T07:03:39","modified_gmt":"2022-06-28T14:03:39","slug":"stellaris-steam-cd-key","status":"publish","type":"product","link":"https:\/\/www.mercadokeys.com.mx\/eng\/product\/stellaris-steam-cd-key\/","title":{"rendered":"Stellaris Steam CD Key"},"content":{"rendered":"<p><span style=\"vertical-align: inherit;\">\u00a1En Stellaris explora una vasta galaxia llena de maravillas! Paradox Development Studio, creadores de las series Crusader Kings y Europa Universalis, presenta Stellaris. El juego es una evoluci\u00f3n del gran g\u00e9nero de estrategia con la exploraci\u00f3n espacial en su n\u00facleo. Con una jugabilidad estrat\u00e9gica profunda, una enorme selecci\u00f3n de razas alien\u00edgenas y una narraci\u00f3n emergente, Stellaris tiene un sistema profundamente desafiante que recompensa la exploraci\u00f3n interestelar a medida que atraviesa, descubre, interact\u00faa y aprende m\u00e1s sobre la multitud de especies que encontrar\u00e1 durante sus viajes. Del mismo modo, grabe su nombre en el cosmos descubriendo puestos de avanzada celestiales remotos y civilizaciones enteras. \u00bfSe expandir\u00e1 a trav\u00e9s de la guerra o caminar\u00e1 por el camino de la diplomacia para lograr sus objetivos?<\/span><\/p>","protected":false},"excerpt":{"rendered":"<p>\u00a1En Stellaris explora una vasta galaxia llena de maravillas! Paradox Development Studio, creadores de las series Crusader Kings y Europa Universalis, presenta Stellaris. El juego es una evoluci\u00f3n del gran g\u00e9nero de estrategia con la exploraci\u00f3n espacial en su n\u00facleo. Con una jugabilidad estrat\u00e9gica profunda, una enorme selecci\u00f3n de razas alien\u00edgenas y una narraci\u00f3n emergente,&#8230;<\/p>","protected":false},"featured_media":68149,"template":"","meta":{"_monsterinsights_skip_tracking":false,"_monsterinsights_sitenote_active":false,"_monsterinsights_sitenote_note":"","_monsterinsights_sitenote_category":0},"product_brand":[],"product_cat":[1501,2981,3596,1271,3164,1283,1280,1273,1396,1378,1424],"product_tag":[1526,2343,2342],"class_list":{"0":"post-68139","1":"product","2":"type-product","3":"status-publish","4":"has-post-thumbnail","6":"product_cat-tienda-de-videojuegos-ultimos-juegos-tijuana-mexico","7":"product_cat-destacados","8":"product_cat-tienda-de-videojuegos-steam-recomendados-en-tijuana-mexico","9":"product_cat-tienda-de-videojuegos-tijuana-mexico","10":"product_cat-tienda-de-videojuegos-baratos-economicos-tijuana-mexico","11":"product_cat-tienda-de-videojuegos-plataformas-tijuana-mexico","12":"product_cat-tienda-de-videojuegos-pc-tijuana-mexico","13":"product_cat-tienda-de-videojuegos-steam-key-tijuana-mexico","14":"product_cat-tienda-de-videojuegos-simulacion-tijuana-mexico","15":"product_cat-tienda-de-videojuegos-mas-vendidos-tijuana-mexico","16":"product_cat-tienda-de-videojuegos-lo-mas-jugados-tijuana-mexico","17":"product_tag-steam","18":"product_tag-stellaris","19":"product_tag-stellaris-steam","21":"first","22":"instock","23":"shipping-taxable","24":"purchasable","25":"product-type-simple"},"yoast_head":"<!-- This site is optimized with the Yoast SEO plugin v27.0 - https:\/\/yoast.com\/product\/yoast-seo-wordpress\/ -->\n<title>Stellaris Steam CD Key - MERCADOKEYS<\/title>\n<meta name=\"description\" content=\"\u00a1En Stellaris explora una vasta galaxia llena de maravillas! Paradox Development Studio, creadores de las series Crusader Kings y Europa Universalis\" \/>\n<meta name=\"robots\" content=\"index, follow, max-snippet:-1, max-image-preview:large, max-video-preview:-1\" \/>\n<link rel=\"canonical\" href=\"https:\/\/www.mercadokeys.com\/product\/stellaris-steam-cd-key\/\" \/>\n<meta property=\"og:locale\" content=\"en_GB\" \/>\n<meta property=\"og:type\" content=\"article\" \/>\n<meta property=\"og:title\" content=\"Stellaris Steam CD Key - MERCADOKEYS\" \/>\n<meta property=\"og:description\" content=\"\u00a1En Stellaris explora una vasta galaxia llena de maravillas! Paradox Development Studio, creadores de las series Crusader Kings y Europa Universalis\" \/>\n<meta property=\"og:url\" content=\"https:\/\/www.mercadokeys.com\/product\/stellaris-steam-cd-key\/\" \/>\n<meta property=\"og:site_name\" content=\"MERCADOKEYS\" \/>\n<meta property=\"article:modified_time\" content=\"2022-06-28T14:03:39+00:00\" \/>\n<meta property=\"og:image\" content=\"https:\/\/www.mercadokeys.com\/wp-content\/uploads\/2020\/12\/stellaris_cover_original.jpg\" \/>\n\t<meta property=\"og:image:width\" content=\"600\" \/>\n\t<meta property=\"og:image:height\" content=\"800\" \/>\n\t<meta property=\"og:image:type\" content=\"image\/jpeg\" \/>\n<meta name=\"twitter:card\" content=\"summary_large_image\" \/>\n<meta name=\"twitter:label1\" content=\"Estimated reading time\" \/>\n\t<meta name=\"twitter:data1\" content=\"1 minute\" \/>\n<script type=\"application\/ld+json\" class=\"yoast-schema-graph\">{\"@context\":\"https:\/\/schema.org\",\"@graph\":[{\"@type\":\"WebPage\",\"@id\":\"https:\/\/www.mercadokeys.com\/product\/stellaris-steam-cd-key\/\",\"url\":\"https:\/\/www.mercadokeys.com\/product\/stellaris-steam-cd-key\/\",\"name\":\"Stellaris Steam CD Key - MERCADOKEYS\",\"isPartOf\":{\"@id\":\"https:\/\/www.mercadokeys.com\/eng\/#website\"},\"primaryImageOfPage\":{\"@id\":\"https:\/\/www.mercadokeys.com\/product\/stellaris-steam-cd-key\/#primaryimage\"},\"image\":{\"@id\":\"https:\/\/www.mercadokeys.com\/product\/stellaris-steam-cd-key\/#primaryimage\"},\"thumbnailUrl\":\"https:\/\/www.mercadokeys.com.mx\/wp-content\/uploads\/2020\/12\/stellaris_cover_original.jpg\",\"datePublished\":\"2020-12-17T00:35:21+00:00\",\"dateModified\":\"2022-06-28T14:03:39+00:00\",\"description\":\"\u00a1En Stellaris explora una vasta galaxia llena de maravillas! Paradox Development Studio, creadores de las series Crusader Kings y Europa Universalis\",\"breadcrumb\":{\"@id\":\"https:\/\/www.mercadokeys.com\/product\/stellaris-steam-cd-key\/#breadcrumb\"},\"inLanguage\":\"en-GB\",\"potentialAction\":[{\"@type\":\"ReadAction\",\"target\":[\"https:\/\/www.mercadokeys.com\/product\/stellaris-steam-cd-key\/\"]}]},{\"@type\":\"ImageObject\",\"inLanguage\":\"en-GB\",\"@id\":\"https:\/\/www.mercadokeys.com\/product\/stellaris-steam-cd-key\/#primaryimage\",\"url\":\"https:\/\/www.mercadokeys.com.mx\/wp-content\/uploads\/2020\/12\/stellaris_cover_original.jpg\",\"contentUrl\":\"https:\/\/www.mercadokeys.com.mx\/wp-content\/uploads\/2020\/12\/stellaris_cover_original.jpg\",\"width\":600,\"height\":800,\"caption\":\"\u00a1En Stellaris explora una vasta galaxia llena de maravillas! Paradox Development Studio, creadores de las series Crusader Kings y Europa Universalis\"},{\"@type\":\"BreadcrumbList\",\"@id\":\"https:\/\/www.mercadokeys.com\/product\/stellaris-steam-cd-key\/#breadcrumb\",\"itemListElement\":[{\"@type\":\"ListItem\",\"position\":1,\"name\":\"Inicio\",\"item\":\"https:\/\/www.mercadokeys.com.mx\/\"},{\"@type\":\"ListItem\",\"position\":2,\"name\":\"Tienda\",\"item\":\"https:\/\/www.mercadokeys.com\/shop\/\"},{\"@type\":\"ListItem\",\"position\":3,\"name\":\"Stellaris Steam CD Key\"}]},{\"@type\":\"WebSite\",\"@id\":\"https:\/\/www.mercadokeys.com\/eng\/#website\",\"url\":\"https:\/\/www.mercadokeys.com\/eng\/\",\"name\":\"MERCADOKEYS\",\"description\":\"Tu Tienda de videojuegos digitales en Mexico!\",\"potentialAction\":[{\"@type\":\"SearchAction\",\"target\":{\"@type\":\"EntryPoint\",\"urlTemplate\":\"https:\/\/www.mercadokeys.com\/eng\/?s={search_term_string}\"},\"query-input\":{\"@type\":\"PropertyValueSpecification\",\"valueRequired\":true,\"valueName\":\"search_term_string\"}}],\"inLanguage\":\"en-GB\"}]}<\/script>\n<!-- \/ Yoast SEO plugin. -->","yoast_head_json":{"title":"Stellaris Steam CD Key - MERCADOKEYS","description":"\u00a1En Stellaris explora una vasta galaxia llena de maravillas! Paradox Development Studio, creadores de las series Crusader Kings y Europa Universalis","robots":{"index":"index","follow":"follow","max-snippet":"max-snippet:-1","max-image-preview":"max-image-preview:large","max-video-preview":"max-video-preview:-1"},"canonical":"https:\/\/www.mercadokeys.com\/product\/stellaris-steam-cd-key\/","og_locale":"en_GB","og_type":"article","og_title":"Stellaris Steam CD Key - MERCADOKEYS","og_description":"\u00a1En Stellaris explora una vasta galaxia llena de maravillas! Paradox Development Studio, creadores de las series Crusader Kings y Europa Universalis","og_url":"https:\/\/www.mercadokeys.com\/product\/stellaris-steam-cd-key\/","og_site_name":"MERCADOKEYS","article_modified_time":"2022-06-28T14:03:39+00:00","og_image":[{"width":600,"height":800,"url":"https:\/\/www.mercadokeys.com\/wp-content\/uploads\/2020\/12\/stellaris_cover_original.jpg","type":"image\/jpeg"}],"twitter_card":"summary_large_image","twitter_misc":{"Estimated reading time":"1 minute"},"schema":{"@context":"https:\/\/schema.org","@graph":[{"@type":"WebPage","@id":"https:\/\/www.mercadokeys.com\/product\/stellaris-steam-cd-key\/","url":"https:\/\/www.mercadokeys.com\/product\/stellaris-steam-cd-key\/","name":"Stellaris Steam CD Key - MERCADOKEYS","isPartOf":{"@id":"https:\/\/www.mercadokeys.com\/eng\/#website"},"primaryImageOfPage":{"@id":"https:\/\/www.mercadokeys.com\/product\/stellaris-steam-cd-key\/#primaryimage"},"image":{"@id":"https:\/\/www.mercadokeys.com\/product\/stellaris-steam-cd-key\/#primaryimage"},"thumbnailUrl":"https:\/\/www.mercadokeys.com.mx\/wp-content\/uploads\/2020\/12\/stellaris_cover_original.jpg","datePublished":"2020-12-17T00:35:21+00:00","dateModified":"2022-06-28T14:03:39+00:00","description":"\u00a1En Stellaris explora una vasta galaxia llena de maravillas! Paradox Development Studio, creadores de las series Crusader Kings y Europa Universalis","breadcrumb":{"@id":"https:\/\/www.mercadokeys.com\/product\/stellaris-steam-cd-key\/#breadcrumb"},"inLanguage":"en-GB","potentialAction":[{"@type":"ReadAction","target":["https:\/\/www.mercadokeys.com\/product\/stellaris-steam-cd-key\/"]}]},{"@type":"ImageObject","inLanguage":"en-GB","@id":"https:\/\/www.mercadokeys.com\/product\/stellaris-steam-cd-key\/#primaryimage","url":"https:\/\/www.mercadokeys.com.mx\/wp-content\/uploads\/2020\/12\/stellaris_cover_original.jpg","contentUrl":"https:\/\/www.mercadokeys.com.mx\/wp-content\/uploads\/2020\/12\/stellaris_cover_original.jpg","width":600,"height":800,"caption":"\u00a1En Stellaris explora una vasta galaxia llena de maravillas! Paradox Development Studio, creadores de las series Crusader Kings y Europa Universalis"},{"@type":"BreadcrumbList","@id":"https:\/\/www.mercadokeys.com\/product\/stellaris-steam-cd-key\/#breadcrumb","itemListElement":[{"@type":"ListItem","position":1,"name":"Inicio","item":"https:\/\/www.mercadokeys.com.mx\/"},{"@type":"ListItem","position":2,"name":"Tienda","item":"https:\/\/www.mercadokeys.com\/shop\/"},{"@type":"ListItem","position":3,"name":"Stellaris Steam CD Key"}]},{"@type":"WebSite","@id":"https:\/\/www.mercadokeys.com\/eng\/#website","url":"https:\/\/www.mercadokeys.com\/eng\/","name":"MERCADOKEYS","description":"Tu Tienda de videojuegos digitales en Mexico!","potentialAction":[{"@type":"SearchAction","target":{"@type":"EntryPoint","urlTemplate":"https:\/\/www.mercadokeys.com\/eng\/?s={search_term_string}"},"query-input":{"@type":"PropertyValueSpecification","valueRequired":true,"valueName":"search_term_string"}}],"inLanguage":"en-GB"}]}},"df_price":121.624589,"df_sale_price":121.624589,"df_regular_price":121.624589,"df_image_link":"https:\/\/www.mercadokeys.com.mx\/wp-content\/uploads\/2020\/12\/stellaris_cover_original-225x300.jpg","_links":{"self":[{"href":"https:\/\/www.mercadokeys.com.mx\/eng\/wp-json\/wp\/v2\/product\/68139","targetHints":{"allow":["GET"]}}],"collection":[{"href":"https:\/\/www.mercadokeys.com.mx\/eng\/wp-json\/wp\/v2\/product"}],"about":[{"href":"https:\/\/www.mercadokeys.com.mx\/eng\/wp-json\/wp\/v2\/types\/product"}],"wp:featuredmedia":[{"embeddable":true,"href":"https:\/\/www.mercadokeys.com.mx\/eng\/wp-json\/wp\/v2\/media\/68149"}],"wp:attachment":[{"href":"https:\/\/www.mercadokeys.com.mx\/eng\/wp-json\/wp\/v2\/media?parent=68139"}],"wp:term":[{"taxonomy":"product_brand","embeddable":true,"href":"https:\/\/www.mercadokeys.com.mx\/eng\/wp-json\/wp\/v2\/product_brand?post=68139"},{"taxonomy":"product_cat","embeddable":true,"href":"https:\/\/www.mercadokeys.com.mx\/eng\/wp-json\/wp\/v2\/product_cat?post=68139"},{"taxonomy":"product_tag","embeddable":true,"href":"https:\/\/www.mercadokeys.com.mx\/eng\/wp-json\/wp\/v2\/product_tag?post=68139"}],"curies":[{"name":"wp","href":"https:\/\/api.w.org\/{rel}","templated":true}]}}