{"id":67661,"date":"2020-12-16T16:13:48","date_gmt":"2020-12-17T00:13:48","guid":{"rendered":"https:\/\/www.mercadokeys.com\/product\/arma-3-steam-cd-key\/"},"modified":"2022-06-22T06:18:33","modified_gmt":"2022-06-22T13:18:33","slug":"arma-3-steam-cd-key","status":"publish","type":"product","link":"https:\/\/www.mercadokeys.com.mx\/eng\/product\/arma-3-steam-cd-key\/","title":{"rendered":"Arma 3 Steam CD Key"},"content":{"rendered":"<p><span style=\"vertical-align: inherit\">Arma 3 es un juego sandbox de simulaci\u00f3n militar verdaderamente masivo. Ofrece una amplia variedad de situaciones de combate real \/ de ciencia ficci\u00f3n tanto en modo para un jugador como en modo multijugador. Por su parte, tambi\u00e9n viene listo para usar con un editor muy poderoso que permite a los jugadores crear sus propios escenarios. Adem\u00e1s de c campa\u00f1as y modos de mapa tanto para uso individual como multijugador.<\/span><\/p>","protected":false},"excerpt":{"rendered":"<p>Arma 3 es un juego sandbox de simulaci\u00f3n militar verdaderamente masivo. Ofrece una amplia variedad de situaciones de combate real \/ de ciencia ficci\u00f3n tanto en modo para un jugador como en modo multijugador. Por su parte, tambi\u00e9n viene listo para usar con un editor muy poderoso que permite a los jugadores crear sus propios&#8230;<\/p>","protected":false},"featured_media":67670,"template":"","meta":{"_monsterinsights_skip_tracking":false,"_monsterinsights_sitenote_active":false,"_monsterinsights_sitenote_note":"","_monsterinsights_sitenote_category":0},"product_brand":[],"product_cat":[1501,2981,1271,1283,1280,1273,1396,1424],"product_tag":[2346,2345,2344,1526],"class_list":{"0":"post-67661","1":"product","2":"type-product","3":"status-publish","4":"has-post-thumbnail","6":"product_cat-tienda-de-videojuegos-ultimos-juegos-tijuana-mexico","7":"product_cat-destacados","8":"product_cat-tienda-de-videojuegos-tijuana-mexico","9":"product_cat-tienda-de-videojuegos-plataformas-tijuana-mexico","10":"product_cat-tienda-de-videojuegos-pc-tijuana-mexico","11":"product_cat-tienda-de-videojuegos-steam-key-tijuana-mexico","12":"product_cat-tienda-de-videojuegos-simulacion-tijuana-mexico","13":"product_cat-tienda-de-videojuegos-lo-mas-jugados-tijuana-mexico","14":"product_tag-arma","15":"product_tag-arma-3","16":"product_tag-arma-3-steam","17":"product_tag-steam","19":"first","20":"instock","21":"shipping-taxable","22":"purchasable","23":"product-type-simple"},"yoast_head":"<!-- This site is optimized with the Yoast SEO plugin v27.0 - https:\/\/yoast.com\/product\/yoast-seo-wordpress\/ -->\n<title>Arma 3 Steam CD Key - MERCADOKEYS<\/title>\n<meta name=\"description\" content=\"Arma 3 es un juego sandbox de simulaci\u00f3n militar verdaderamente masivo. Ofrece una amplia variedad de situaciones de combate real\" \/>\n<meta name=\"robots\" content=\"index, follow, max-snippet:-1, max-image-preview:large, max-video-preview:-1\" \/>\n<link rel=\"canonical\" href=\"https:\/\/www.mercadokeys.com\/product\/arma-3-steam-cd-key\/\" \/>\n<meta property=\"og:locale\" content=\"en_GB\" \/>\n<meta property=\"og:type\" content=\"article\" \/>\n<meta property=\"og:title\" content=\"Arma 3 Steam CD Key - MERCADOKEYS\" \/>\n<meta property=\"og:description\" content=\"Arma 3 es un juego sandbox de simulaci\u00f3n militar verdaderamente masivo. Ofrece una amplia variedad de situaciones de combate real\" \/>\n<meta property=\"og:url\" content=\"https:\/\/www.mercadokeys.com\/product\/arma-3-steam-cd-key\/\" \/>\n<meta property=\"og:site_name\" content=\"MERCADOKEYS\" \/>\n<meta property=\"article:modified_time\" content=\"2022-06-22T13:18:33+00:00\" \/>\n<meta property=\"og:image\" content=\"https:\/\/www.mercadokeys.com\/wp-content\/uploads\/2020\/12\/arma-3_cover_original-3.jpg\" \/>\n\t<meta property=\"og:image:width\" content=\"848\" \/>\n\t<meta property=\"og:image:height\" content=\"1200\" \/>\n\t<meta property=\"og:image:type\" content=\"image\/jpeg\" \/>\n<meta name=\"twitter:card\" content=\"summary_large_image\" \/>\n<meta name=\"twitter:label1\" content=\"Estimated reading time\" \/>\n\t<meta name=\"twitter:data1\" content=\"1 minute\" \/>\n<script type=\"application\/ld+json\" class=\"yoast-schema-graph\">{\"@context\":\"https:\/\/schema.org\",\"@graph\":[{\"@type\":\"WebPage\",\"@id\":\"https:\/\/www.mercadokeys.com\/product\/arma-3-steam-cd-key\/\",\"url\":\"https:\/\/www.mercadokeys.com\/product\/arma-3-steam-cd-key\/\",\"name\":\"Arma 3 Steam CD Key - MERCADOKEYS\",\"isPartOf\":{\"@id\":\"https:\/\/www.mercadokeys.com\/eng\/#website\"},\"primaryImageOfPage\":{\"@id\":\"https:\/\/www.mercadokeys.com\/product\/arma-3-steam-cd-key\/#primaryimage\"},\"image\":{\"@id\":\"https:\/\/www.mercadokeys.com\/product\/arma-3-steam-cd-key\/#primaryimage\"},\"thumbnailUrl\":\"https:\/\/www.mercadokeys.com.mx\/wp-content\/uploads\/2020\/12\/arma-3_cover_original-3.jpg\",\"datePublished\":\"2020-12-17T00:13:48+00:00\",\"dateModified\":\"2022-06-22T13:18:33+00:00\",\"description\":\"Arma 3 es un juego sandbox de simulaci\u00f3n militar verdaderamente masivo. Ofrece una amplia variedad de situaciones de combate real\",\"breadcrumb\":{\"@id\":\"https:\/\/www.mercadokeys.com\/product\/arma-3-steam-cd-key\/#breadcrumb\"},\"inLanguage\":\"en-GB\",\"potentialAction\":[{\"@type\":\"ReadAction\",\"target\":[\"https:\/\/www.mercadokeys.com\/product\/arma-3-steam-cd-key\/\"]}]},{\"@type\":\"ImageObject\",\"inLanguage\":\"en-GB\",\"@id\":\"https:\/\/www.mercadokeys.com\/product\/arma-3-steam-cd-key\/#primaryimage\",\"url\":\"https:\/\/www.mercadokeys.com.mx\/wp-content\/uploads\/2020\/12\/arma-3_cover_original-3.jpg\",\"contentUrl\":\"https:\/\/www.mercadokeys.com.mx\/wp-content\/uploads\/2020\/12\/arma-3_cover_original-3.jpg\",\"width\":848,\"height\":1200,\"caption\":\"Arma 3 es un juego sandbox de simulaci\u00f3n militar verdaderamente masivo. Ofrece una amplia variedad de situaciones de combate real\"},{\"@type\":\"BreadcrumbList\",\"@id\":\"https:\/\/www.mercadokeys.com\/product\/arma-3-steam-cd-key\/#breadcrumb\",\"itemListElement\":[{\"@type\":\"ListItem\",\"position\":1,\"name\":\"Inicio\",\"item\":\"https:\/\/www.mercadokeys.com.mx\/\"},{\"@type\":\"ListItem\",\"position\":2,\"name\":\"Tienda\",\"item\":\"https:\/\/www.mercadokeys.com\/shop\/\"},{\"@type\":\"ListItem\",\"position\":3,\"name\":\"Arma 3 Steam CD Key\"}]},{\"@type\":\"WebSite\",\"@id\":\"https:\/\/www.mercadokeys.com\/eng\/#website\",\"url\":\"https:\/\/www.mercadokeys.com\/eng\/\",\"name\":\"MERCADOKEYS\",\"description\":\"Tu Tienda de videojuegos digitales en Mexico!\",\"potentialAction\":[{\"@type\":\"SearchAction\",\"target\":{\"@type\":\"EntryPoint\",\"urlTemplate\":\"https:\/\/www.mercadokeys.com\/eng\/?s={search_term_string}\"},\"query-input\":{\"@type\":\"PropertyValueSpecification\",\"valueRequired\":true,\"valueName\":\"search_term_string\"}}],\"inLanguage\":\"en-GB\"}]}<\/script>\n<!-- \/ Yoast SEO plugin. -->","yoast_head_json":{"title":"Arma 3 Steam CD Key - MERCADOKEYS","description":"Arma 3 es un juego sandbox de simulaci\u00f3n militar verdaderamente masivo. Ofrece una amplia variedad de situaciones de combate real","robots":{"index":"index","follow":"follow","max-snippet":"max-snippet:-1","max-image-preview":"max-image-preview:large","max-video-preview":"max-video-preview:-1"},"canonical":"https:\/\/www.mercadokeys.com\/product\/arma-3-steam-cd-key\/","og_locale":"en_GB","og_type":"article","og_title":"Arma 3 Steam CD Key - MERCADOKEYS","og_description":"Arma 3 es un juego sandbox de simulaci\u00f3n militar verdaderamente masivo. Ofrece una amplia variedad de situaciones de combate real","og_url":"https:\/\/www.mercadokeys.com\/product\/arma-3-steam-cd-key\/","og_site_name":"MERCADOKEYS","article_modified_time":"2022-06-22T13:18:33+00:00","og_image":[{"width":848,"height":1200,"url":"https:\/\/www.mercadokeys.com\/wp-content\/uploads\/2020\/12\/arma-3_cover_original-3.jpg","type":"image\/jpeg"}],"twitter_card":"summary_large_image","twitter_misc":{"Estimated reading time":"1 minute"},"schema":{"@context":"https:\/\/schema.org","@graph":[{"@type":"WebPage","@id":"https:\/\/www.mercadokeys.com\/product\/arma-3-steam-cd-key\/","url":"https:\/\/www.mercadokeys.com\/product\/arma-3-steam-cd-key\/","name":"Arma 3 Steam CD Key - MERCADOKEYS","isPartOf":{"@id":"https:\/\/www.mercadokeys.com\/eng\/#website"},"primaryImageOfPage":{"@id":"https:\/\/www.mercadokeys.com\/product\/arma-3-steam-cd-key\/#primaryimage"},"image":{"@id":"https:\/\/www.mercadokeys.com\/product\/arma-3-steam-cd-key\/#primaryimage"},"thumbnailUrl":"https:\/\/www.mercadokeys.com.mx\/wp-content\/uploads\/2020\/12\/arma-3_cover_original-3.jpg","datePublished":"2020-12-17T00:13:48+00:00","dateModified":"2022-06-22T13:18:33+00:00","description":"Arma 3 es un juego sandbox de simulaci\u00f3n militar verdaderamente masivo. Ofrece una amplia variedad de situaciones de combate real","breadcrumb":{"@id":"https:\/\/www.mercadokeys.com\/product\/arma-3-steam-cd-key\/#breadcrumb"},"inLanguage":"en-GB","potentialAction":[{"@type":"ReadAction","target":["https:\/\/www.mercadokeys.com\/product\/arma-3-steam-cd-key\/"]}]},{"@type":"ImageObject","inLanguage":"en-GB","@id":"https:\/\/www.mercadokeys.com\/product\/arma-3-steam-cd-key\/#primaryimage","url":"https:\/\/www.mercadokeys.com.mx\/wp-content\/uploads\/2020\/12\/arma-3_cover_original-3.jpg","contentUrl":"https:\/\/www.mercadokeys.com.mx\/wp-content\/uploads\/2020\/12\/arma-3_cover_original-3.jpg","width":848,"height":1200,"caption":"Arma 3 es un juego sandbox de simulaci\u00f3n militar verdaderamente masivo. Ofrece una amplia variedad de situaciones de combate real"},{"@type":"BreadcrumbList","@id":"https:\/\/www.mercadokeys.com\/product\/arma-3-steam-cd-key\/#breadcrumb","itemListElement":[{"@type":"ListItem","position":1,"name":"Inicio","item":"https:\/\/www.mercadokeys.com.mx\/"},{"@type":"ListItem","position":2,"name":"Tienda","item":"https:\/\/www.mercadokeys.com\/shop\/"},{"@type":"ListItem","position":3,"name":"Arma 3 Steam CD Key"}]},{"@type":"WebSite","@id":"https:\/\/www.mercadokeys.com\/eng\/#website","url":"https:\/\/www.mercadokeys.com\/eng\/","name":"MERCADOKEYS","description":"Tu Tienda de videojuegos digitales en Mexico!","potentialAction":[{"@type":"SearchAction","target":{"@type":"EntryPoint","urlTemplate":"https:\/\/www.mercadokeys.com\/eng\/?s={search_term_string}"},"query-input":{"@type":"PropertyValueSpecification","valueRequired":true,"valueName":"search_term_string"}}],"inLanguage":"en-GB"}]}},"df_price":981.295776,"df_sale_price":981.295776,"df_regular_price":981.295776,"df_image_link":"https:\/\/www.mercadokeys.com.mx\/wp-content\/uploads\/2020\/12\/arma-3_cover_original-3-212x300.jpg","_links":{"self":[{"href":"https:\/\/www.mercadokeys.com.mx\/eng\/wp-json\/wp\/v2\/product\/67661","targetHints":{"allow":["GET"]}}],"collection":[{"href":"https:\/\/www.mercadokeys.com.mx\/eng\/wp-json\/wp\/v2\/product"}],"about":[{"href":"https:\/\/www.mercadokeys.com.mx\/eng\/wp-json\/wp\/v2\/types\/product"}],"wp:featuredmedia":[{"embeddable":true,"href":"https:\/\/www.mercadokeys.com.mx\/eng\/wp-json\/wp\/v2\/media\/67670"}],"wp:attachment":[{"href":"https:\/\/www.mercadokeys.com.mx\/eng\/wp-json\/wp\/v2\/media?parent=67661"}],"wp:term":[{"taxonomy":"product_brand","embeddable":true,"href":"https:\/\/www.mercadokeys.com.mx\/eng\/wp-json\/wp\/v2\/product_brand?post=67661"},{"taxonomy":"product_cat","embeddable":true,"href":"https:\/\/www.mercadokeys.com.mx\/eng\/wp-json\/wp\/v2\/product_cat?post=67661"},{"taxonomy":"product_tag","embeddable":true,"href":"https:\/\/www.mercadokeys.com.mx\/eng\/wp-json\/wp\/v2\/product_tag?post=67661"}],"curies":[{"name":"wp","href":"https:\/\/api.w.org\/{rel}","templated":true}]}}