{"id":67577,"date":"2020-12-16T16:09:41","date_gmt":"2020-12-17T00:09:41","guid":{"rendered":"https:\/\/www.mercadokeys.com\/product\/until-i-have-you-steam-cd-key\/"},"modified":"2022-06-22T06:16:20","modified_gmt":"2022-06-22T13:16:20","slug":"until-i-have-you-steam-cd-key","status":"publish","type":"product","link":"https:\/\/www.mercadokeys.com.mx\/eng\/product\/until-i-have-you-steam-cd-key\/","title":{"rendered":"Until I Have You Steam CD Key"},"content":{"rendered":"<p><span style=\"vertical-align: inherit\">Hasta que te tengo es un videojuego de plataformas de acci\u00f3n de desplazamiento lateral en 2D que tiene 12 cap\u00edtulos con 4 etapas y un jefe \u00fanico cada uno, que tiene lugar en un entorno diferente. El objetivo de cada etapa es llegar al final de la etapa lo m\u00e1s r\u00e1pido posible sin caerse, morir o agotar su cordura. Central a Until I Have You es el traje de exoesqueleto.<\/span><\/p>\n<p><span style=\"vertical-align: inherit\"> El traje le da al jugador habilidades especiales a costa de la cordura del jugador. El exoesqueleto viene con la capacidad de ralentizar el tiempo, como Max Payne y rebobinar el tiempo. Sin embargo, el uso excesivo de estas habilidades har\u00e1 que la barra de cordura se agote haciendo que tu personaje pierda contacto con la realidad. Cuando la barra de cordura se agota, tu personaje comienza a alucinar, alterando la mec\u00e1nica del juego y el dise\u00f1o de niveles. el jugador navega de izquierda a derecha a trav\u00e9s de secciones de plataformas, trampas mortales y enemigos.<\/span><\/p>\n<h3>Objetivo de Until I Have You<\/h3>\n<p><span style=\"vertical-align: inherit\"> Por su parte, en Until I Have You el objetivo es hacer esto lo m\u00e1s r\u00e1pido posible con la menor cantidad de muertes. El ritmo r\u00e1pido del juego puede dificultar la planificaci\u00f3n de un enfoque perfecto. Para compensar esto, el juego permite al jugador reiniciar cada etapa en el momento en que mueren, lo que les permite ajustar r\u00e1pidamente su enfoque en varios intentos. Al final de cada cap\u00edtulo, el jugador tambi\u00e9n debe derrotar a un jefe \u00fanico. A lo largo del camino, el jugador adquiere una serie de armas y mejoras que puede recorrer, todas las cuales tienen un uso espec\u00edfico.El juego califica el rendimiento del jugador al final de cada etapa en funci\u00f3n de una serie de factores y se le da un porcentaje de raras. de 100. Las cosas por las que te juzgan incluyen el m\u00e9todo de muerte,<\/span><\/p>","protected":false},"excerpt":{"rendered":"<p>Hasta que te tengo es un videojuego de plataformas de acci\u00f3n de desplazamiento lateral en 2D que tiene 12 cap\u00edtulos con 4 etapas y un jefe \u00fanico cada uno, que tiene lugar en un entorno diferente. El objetivo de cada etapa es llegar al final de la etapa lo m\u00e1s r\u00e1pido posible sin caerse, morir&#8230;<\/p>","protected":false},"featured_media":67585,"template":"","meta":{"_monsterinsights_skip_tracking":false,"_monsterinsights_sitenote_active":false,"_monsterinsights_sitenote_note":"","_monsterinsights_sitenote_category":0},"product_brand":[],"product_cat":[1501,2981,1271,3164,1283,1280,1273,1393,1425],"product_tag":[1526,2374,2373],"class_list":{"0":"post-67577","1":"product","2":"type-product","3":"status-publish","4":"has-post-thumbnail","6":"product_cat-tienda-de-videojuegos-ultimos-juegos-tijuana-mexico","7":"product_cat-destacados","8":"product_cat-tienda-de-videojuegos-tijuana-mexico","9":"product_cat-tienda-de-videojuegos-baratos-economicos-tijuana-mexico","10":"product_cat-tienda-de-videojuegos-plataformas-tijuana-mexico","11":"product_cat-tienda-de-videojuegos-pc-tijuana-mexico","12":"product_cat-tienda-de-videojuegos-steam-key-tijuana-mexico","13":"product_cat-tienda-de-videojuegos-indie-tijuana-mexico","14":"product_cat-tienda-de-videojuegos-acceso-anticipado-tijuana-mexico","15":"product_tag-steam","16":"product_tag-until-i-have-you","17":"product_tag-until-i-have-you-steam","19":"first","20":"instock","21":"shipping-taxable","22":"purchasable","23":"product-type-simple"},"yoast_head":"<!-- This site is optimized with the Yoast SEO plugin v27.0 - https:\/\/yoast.com\/product\/yoast-seo-wordpress\/ -->\n<title>Until I Have You Steam CD Key - MERCADOKEYS<\/title>\n<meta name=\"description\" content=\"El objetivo de cada etapa es llegar al final de la etapa lo m\u00e1s r\u00e1pido posible sin caerse, morir o agotar su cordura. Central a Until I Have You es el traje de exoesqueleto.\" \/>\n<meta name=\"robots\" content=\"index, follow, max-snippet:-1, max-image-preview:large, max-video-preview:-1\" \/>\n<link rel=\"canonical\" href=\"https:\/\/www.mercadokeys.com\/product\/until-i-have-you-steam-cd-key\/\" \/>\n<meta property=\"og:locale\" content=\"en_GB\" \/>\n<meta property=\"og:type\" content=\"article\" \/>\n<meta property=\"og:title\" content=\"Until I Have You Steam CD Key - MERCADOKEYS\" \/>\n<meta property=\"og:description\" content=\"El objetivo de cada etapa es llegar al final de la etapa lo m\u00e1s r\u00e1pido posible sin caerse, morir o agotar su cordura. Central a Until I Have You es el traje de exoesqueleto.\" \/>\n<meta property=\"og:url\" content=\"https:\/\/www.mercadokeys.com\/product\/until-i-have-you-steam-cd-key\/\" \/>\n<meta property=\"og:site_name\" content=\"MERCADOKEYS\" \/>\n<meta property=\"article:modified_time\" content=\"2022-06-22T13:16:20+00:00\" \/>\n<meta property=\"og:image\" content=\"https:\/\/www.mercadokeys.com\/wp-content\/uploads\/2020\/12\/until-i-have-you_cover_original.png\" \/>\n\t<meta property=\"og:image:width\" content=\"616\" \/>\n\t<meta property=\"og:image:height\" content=\"353\" \/>\n\t<meta property=\"og:image:type\" content=\"image\/png\" \/>\n<meta name=\"twitter:card\" content=\"summary_large_image\" \/>\n<meta name=\"twitter:label1\" content=\"Estimated reading time\" \/>\n\t<meta name=\"twitter:data1\" content=\"2 minutes\" \/>\n<script type=\"application\/ld+json\" class=\"yoast-schema-graph\">{\"@context\":\"https:\/\/schema.org\",\"@graph\":[{\"@type\":\"WebPage\",\"@id\":\"https:\/\/www.mercadokeys.com\/product\/until-i-have-you-steam-cd-key\/\",\"url\":\"https:\/\/www.mercadokeys.com\/product\/until-i-have-you-steam-cd-key\/\",\"name\":\"Until I Have You Steam CD Key - MERCADOKEYS\",\"isPartOf\":{\"@id\":\"https:\/\/www.mercadokeys.com\/eng\/#website\"},\"primaryImageOfPage\":{\"@id\":\"https:\/\/www.mercadokeys.com\/product\/until-i-have-you-steam-cd-key\/#primaryimage\"},\"image\":{\"@id\":\"https:\/\/www.mercadokeys.com\/product\/until-i-have-you-steam-cd-key\/#primaryimage\"},\"thumbnailUrl\":\"https:\/\/www.mercadokeys.com.mx\/wp-content\/uploads\/2020\/12\/until-i-have-you_cover_original.png\",\"datePublished\":\"2020-12-17T00:09:41+00:00\",\"dateModified\":\"2022-06-22T13:16:20+00:00\",\"description\":\"El objetivo de cada etapa es llegar al final de la etapa lo m\u00e1s r\u00e1pido posible sin caerse, morir o agotar su cordura. Central a Until I Have You es el traje de exoesqueleto.\",\"breadcrumb\":{\"@id\":\"https:\/\/www.mercadokeys.com\/product\/until-i-have-you-steam-cd-key\/#breadcrumb\"},\"inLanguage\":\"en-GB\",\"potentialAction\":[{\"@type\":\"ReadAction\",\"target\":[\"https:\/\/www.mercadokeys.com\/product\/until-i-have-you-steam-cd-key\/\"]}]},{\"@type\":\"ImageObject\",\"inLanguage\":\"en-GB\",\"@id\":\"https:\/\/www.mercadokeys.com\/product\/until-i-have-you-steam-cd-key\/#primaryimage\",\"url\":\"https:\/\/www.mercadokeys.com.mx\/wp-content\/uploads\/2020\/12\/until-i-have-you_cover_original.png\",\"contentUrl\":\"https:\/\/www.mercadokeys.com.mx\/wp-content\/uploads\/2020\/12\/until-i-have-you_cover_original.png\",\"width\":616,\"height\":353,\"caption\":\"El objetivo de cada etapa es llegar al final de la etapa lo m\u00e1s r\u00e1pido posible sin caerse, morir o agotar su cordura. Central a Until I Have You es el traje de exoesqueleto.\"},{\"@type\":\"BreadcrumbList\",\"@id\":\"https:\/\/www.mercadokeys.com\/product\/until-i-have-you-steam-cd-key\/#breadcrumb\",\"itemListElement\":[{\"@type\":\"ListItem\",\"position\":1,\"name\":\"Inicio\",\"item\":\"https:\/\/www.mercadokeys.com.mx\/\"},{\"@type\":\"ListItem\",\"position\":2,\"name\":\"Tienda\",\"item\":\"https:\/\/www.mercadokeys.com\/shop\/\"},{\"@type\":\"ListItem\",\"position\":3,\"name\":\"Until I Have You Steam CD Key\"}]},{\"@type\":\"WebSite\",\"@id\":\"https:\/\/www.mercadokeys.com\/eng\/#website\",\"url\":\"https:\/\/www.mercadokeys.com\/eng\/\",\"name\":\"MERCADOKEYS\",\"description\":\"Tu Tienda de videojuegos digitales en Mexico!\",\"potentialAction\":[{\"@type\":\"SearchAction\",\"target\":{\"@type\":\"EntryPoint\",\"urlTemplate\":\"https:\/\/www.mercadokeys.com\/eng\/?s={search_term_string}\"},\"query-input\":{\"@type\":\"PropertyValueSpecification\",\"valueRequired\":true,\"valueName\":\"search_term_string\"}}],\"inLanguage\":\"en-GB\"}]}<\/script>\n<!-- \/ Yoast SEO plugin. -->","yoast_head_json":{"title":"Until I Have You Steam CD Key - MERCADOKEYS","description":"El objetivo de cada etapa es llegar al final de la etapa lo m\u00e1s r\u00e1pido posible sin caerse, morir o agotar su cordura. Central a Until I Have You es el traje de exoesqueleto.","robots":{"index":"index","follow":"follow","max-snippet":"max-snippet:-1","max-image-preview":"max-image-preview:large","max-video-preview":"max-video-preview:-1"},"canonical":"https:\/\/www.mercadokeys.com\/product\/until-i-have-you-steam-cd-key\/","og_locale":"en_GB","og_type":"article","og_title":"Until I Have You Steam CD Key - MERCADOKEYS","og_description":"El objetivo de cada etapa es llegar al final de la etapa lo m\u00e1s r\u00e1pido posible sin caerse, morir o agotar su cordura. Central a Until I Have You es el traje de exoesqueleto.","og_url":"https:\/\/www.mercadokeys.com\/product\/until-i-have-you-steam-cd-key\/","og_site_name":"MERCADOKEYS","article_modified_time":"2022-06-22T13:16:20+00:00","og_image":[{"width":616,"height":353,"url":"https:\/\/www.mercadokeys.com\/wp-content\/uploads\/2020\/12\/until-i-have-you_cover_original.png","type":"image\/png"}],"twitter_card":"summary_large_image","twitter_misc":{"Estimated reading time":"2 minutes"},"schema":{"@context":"https:\/\/schema.org","@graph":[{"@type":"WebPage","@id":"https:\/\/www.mercadokeys.com\/product\/until-i-have-you-steam-cd-key\/","url":"https:\/\/www.mercadokeys.com\/product\/until-i-have-you-steam-cd-key\/","name":"Until I Have You Steam CD Key - MERCADOKEYS","isPartOf":{"@id":"https:\/\/www.mercadokeys.com\/eng\/#website"},"primaryImageOfPage":{"@id":"https:\/\/www.mercadokeys.com\/product\/until-i-have-you-steam-cd-key\/#primaryimage"},"image":{"@id":"https:\/\/www.mercadokeys.com\/product\/until-i-have-you-steam-cd-key\/#primaryimage"},"thumbnailUrl":"https:\/\/www.mercadokeys.com.mx\/wp-content\/uploads\/2020\/12\/until-i-have-you_cover_original.png","datePublished":"2020-12-17T00:09:41+00:00","dateModified":"2022-06-22T13:16:20+00:00","description":"El objetivo de cada etapa es llegar al final de la etapa lo m\u00e1s r\u00e1pido posible sin caerse, morir o agotar su cordura. Central a Until I Have You es el traje de exoesqueleto.","breadcrumb":{"@id":"https:\/\/www.mercadokeys.com\/product\/until-i-have-you-steam-cd-key\/#breadcrumb"},"inLanguage":"en-GB","potentialAction":[{"@type":"ReadAction","target":["https:\/\/www.mercadokeys.com\/product\/until-i-have-you-steam-cd-key\/"]}]},{"@type":"ImageObject","inLanguage":"en-GB","@id":"https:\/\/www.mercadokeys.com\/product\/until-i-have-you-steam-cd-key\/#primaryimage","url":"https:\/\/www.mercadokeys.com.mx\/wp-content\/uploads\/2020\/12\/until-i-have-you_cover_original.png","contentUrl":"https:\/\/www.mercadokeys.com.mx\/wp-content\/uploads\/2020\/12\/until-i-have-you_cover_original.png","width":616,"height":353,"caption":"El objetivo de cada etapa es llegar al final de la etapa lo m\u00e1s r\u00e1pido posible sin caerse, morir o agotar su cordura. Central a Until I Have You es el traje de exoesqueleto."},{"@type":"BreadcrumbList","@id":"https:\/\/www.mercadokeys.com\/product\/until-i-have-you-steam-cd-key\/#breadcrumb","itemListElement":[{"@type":"ListItem","position":1,"name":"Inicio","item":"https:\/\/www.mercadokeys.com.mx\/"},{"@type":"ListItem","position":2,"name":"Tienda","item":"https:\/\/www.mercadokeys.com\/shop\/"},{"@type":"ListItem","position":3,"name":"Until I Have You Steam CD Key"}]},{"@type":"WebSite","@id":"https:\/\/www.mercadokeys.com\/eng\/#website","url":"https:\/\/www.mercadokeys.com\/eng\/","name":"MERCADOKEYS","description":"Tu Tienda de videojuegos digitales en Mexico!","potentialAction":[{"@type":"SearchAction","target":{"@type":"EntryPoint","urlTemplate":"https:\/\/www.mercadokeys.com\/eng\/?s={search_term_string}"},"query-input":{"@type":"PropertyValueSpecification","valueRequired":true,"valueName":"search_term_string"}}],"inLanguage":"en-GB"}]}},"df_price":81.584474,"df_sale_price":81.584474,"df_regular_price":81.584474,"df_image_link":"https:\/\/www.mercadokeys.com.mx\/wp-content\/uploads\/2020\/12\/until-i-have-you_cover_original-300x172.png","_links":{"self":[{"href":"https:\/\/www.mercadokeys.com.mx\/eng\/wp-json\/wp\/v2\/product\/67577","targetHints":{"allow":["GET"]}}],"collection":[{"href":"https:\/\/www.mercadokeys.com.mx\/eng\/wp-json\/wp\/v2\/product"}],"about":[{"href":"https:\/\/www.mercadokeys.com.mx\/eng\/wp-json\/wp\/v2\/types\/product"}],"wp:featuredmedia":[{"embeddable":true,"href":"https:\/\/www.mercadokeys.com.mx\/eng\/wp-json\/wp\/v2\/media\/67585"}],"wp:attachment":[{"href":"https:\/\/www.mercadokeys.com.mx\/eng\/wp-json\/wp\/v2\/media?parent=67577"}],"wp:term":[{"taxonomy":"product_brand","embeddable":true,"href":"https:\/\/www.mercadokeys.com.mx\/eng\/wp-json\/wp\/v2\/product_brand?post=67577"},{"taxonomy":"product_cat","embeddable":true,"href":"https:\/\/www.mercadokeys.com.mx\/eng\/wp-json\/wp\/v2\/product_cat?post=67577"},{"taxonomy":"product_tag","embeddable":true,"href":"https:\/\/www.mercadokeys.com.mx\/eng\/wp-json\/wp\/v2\/product_tag?post=67577"}],"curies":[{"name":"wp","href":"https:\/\/api.w.org\/{rel}","templated":true}]}}