{"id":67260,"date":"2020-12-16T15:49:47","date_gmt":"2020-12-16T23:49:47","guid":{"rendered":"https:\/\/www.mercadokeys.com\/product\/saints-row-iv-steam-cd-key\/"},"modified":"2022-06-29T06:29:53","modified_gmt":"2022-06-29T13:29:53","slug":"saints-row-iv-steam-cd-key","status":"publish","type":"product","link":"https:\/\/www.mercadokeys.com.mx\/eng\/product\/saints-row-iv-steam-cd-key\/","title":{"rendered":"Saints Row IV Steam CD Key"},"content":{"rendered":"<p><span style=\"vertical-align: inherit;\">A diferencia de los primeros tres juegos de la franquicia, Saints Row IV no se centra en que el personaje principal derrote a tres bandas rivales para apoderarse de una ciudad. Los santos ahora se han convertido en un nombre familiar y su l\u00edder se ha convertido en el presidente de los Estados Unidos. Los antagonistas de Saints Row IV son una raza alien\u00edgena invasora conocida como Zin. La mayor parte del juego tiene lugar dentro de una simulaci\u00f3n por computadora de la ciudad de Steelport controlada por los Zin, donde el protagonista intenta liberarse a s\u00ed mismo y a sus compa\u00f1eros.<\/span><\/p>","protected":false},"excerpt":{"rendered":"<p>A diferencia de los primeros tres juegos de la franquicia, Saints Row IV no se centra en que el personaje principal derrote a tres bandas rivales para apoderarse de una ciudad. Los santos ahora se han convertido en un nombre familiar y su l\u00edder se ha convertido en el presidente de los Estados Unidos. Los&#8230;<\/p>","protected":false},"featured_media":67273,"template":"","meta":{"_monsterinsights_skip_tracking":false,"_monsterinsights_sitenote_active":false,"_monsterinsights_sitenote_note":"","_monsterinsights_sitenote_category":0},"product_brand":[],"product_cat":[1501,2981,1271,3164,1420,1283,1280,1273,1394,1428],"product_tag":[1966,1965,1526],"class_list":{"0":"post-67260","1":"product","2":"type-product","3":"status-publish","4":"has-post-thumbnail","6":"product_cat-tienda-de-videojuegos-ultimos-juegos-tijuana-mexico","7":"product_cat-destacados","8":"product_cat-tienda-de-videojuegos-tijuana-mexico","9":"product_cat-tienda-de-videojuegos-baratos-economicos-tijuana-mexico","10":"product_cat-tienda-de-videojuegos-populares-tijuana-mexico","11":"product_cat-tienda-de-videojuegos-plataformas-tijuana-mexico","12":"product_cat-tienda-de-videojuegos-pc-tijuana-mexico","13":"product_cat-tienda-de-videojuegos-steam-key-tijuana-mexico","14":"product_cat-tienda-de-videojuegos-aventura-tijuana-mexico","15":"product_cat-tienda-de-videojuegos-cooperativos-tijuana-mexico","16":"product_tag-saints-row-iv","17":"product_tag-saints-row-iv-steam","18":"product_tag-steam","20":"first","21":"instock","22":"shipping-taxable","23":"purchasable","24":"product-type-simple"},"yoast_head":"<!-- This site is optimized with the Yoast SEO plugin v27.0 - https:\/\/yoast.com\/product\/yoast-seo-wordpress\/ -->\n<title>Saints Row IV Steam CD Key - MERCADOKEYS<\/title>\n<meta name=\"description\" content=\"Los antagonistas de Saints Row IV son una raza alien\u00edgena invasora conocida como Zin. La mayor parte del juego tiene lugar dentro de una simulaci\u00f3n\" \/>\n<meta name=\"robots\" content=\"index, follow, max-snippet:-1, max-image-preview:large, max-video-preview:-1\" \/>\n<link rel=\"canonical\" href=\"https:\/\/www.mercadokeys.com\/product\/saints-row-iv-steam-cd-key\/\" \/>\n<meta property=\"og:locale\" content=\"en_GB\" \/>\n<meta property=\"og:type\" content=\"article\" \/>\n<meta property=\"og:title\" content=\"Saints Row IV Steam CD Key - MERCADOKEYS\" \/>\n<meta property=\"og:description\" content=\"Los antagonistas de Saints Row IV son una raza alien\u00edgena invasora conocida como Zin. La mayor parte del juego tiene lugar dentro de una simulaci\u00f3n\" \/>\n<meta property=\"og:url\" content=\"https:\/\/www.mercadokeys.com\/product\/saints-row-iv-steam-cd-key\/\" \/>\n<meta property=\"og:site_name\" content=\"MERCADOKEYS\" \/>\n<meta property=\"article:modified_time\" content=\"2022-06-29T13:29:53+00:00\" \/>\n<meta property=\"og:image\" content=\"https:\/\/www.mercadokeys.com\/wp-content\/uploads\/2020\/12\/saints-row-iv_cover_original-3.jpg\" \/>\n\t<meta property=\"og:image:width\" content=\"1024\" \/>\n\t<meta property=\"og:image:height\" content=\"1269\" \/>\n\t<meta property=\"og:image:type\" content=\"image\/jpeg\" \/>\n<meta name=\"twitter:card\" content=\"summary_large_image\" \/>\n<meta name=\"twitter:label1\" content=\"Estimated reading time\" \/>\n\t<meta name=\"twitter:data1\" content=\"1 minute\" \/>\n<script type=\"application\/ld+json\" class=\"yoast-schema-graph\">{\"@context\":\"https:\/\/schema.org\",\"@graph\":[{\"@type\":\"WebPage\",\"@id\":\"https:\/\/www.mercadokeys.com\/product\/saints-row-iv-steam-cd-key\/\",\"url\":\"https:\/\/www.mercadokeys.com\/product\/saints-row-iv-steam-cd-key\/\",\"name\":\"Saints Row IV Steam CD Key - MERCADOKEYS\",\"isPartOf\":{\"@id\":\"https:\/\/www.mercadokeys.com\/eng\/#website\"},\"primaryImageOfPage\":{\"@id\":\"https:\/\/www.mercadokeys.com\/product\/saints-row-iv-steam-cd-key\/#primaryimage\"},\"image\":{\"@id\":\"https:\/\/www.mercadokeys.com\/product\/saints-row-iv-steam-cd-key\/#primaryimage\"},\"thumbnailUrl\":\"https:\/\/www.mercadokeys.com.mx\/wp-content\/uploads\/2020\/12\/saints-row-iv_cover_original-3.jpg\",\"datePublished\":\"2020-12-16T23:49:47+00:00\",\"dateModified\":\"2022-06-29T13:29:53+00:00\",\"description\":\"Los antagonistas de Saints Row IV son una raza alien\u00edgena invasora conocida como Zin. La mayor parte del juego tiene lugar dentro de una simulaci\u00f3n\",\"breadcrumb\":{\"@id\":\"https:\/\/www.mercadokeys.com\/product\/saints-row-iv-steam-cd-key\/#breadcrumb\"},\"inLanguage\":\"en-GB\",\"potentialAction\":[{\"@type\":\"ReadAction\",\"target\":[\"https:\/\/www.mercadokeys.com\/product\/saints-row-iv-steam-cd-key\/\"]}]},{\"@type\":\"ImageObject\",\"inLanguage\":\"en-GB\",\"@id\":\"https:\/\/www.mercadokeys.com\/product\/saints-row-iv-steam-cd-key\/#primaryimage\",\"url\":\"https:\/\/www.mercadokeys.com.mx\/wp-content\/uploads\/2020\/12\/saints-row-iv_cover_original-3.jpg\",\"contentUrl\":\"https:\/\/www.mercadokeys.com.mx\/wp-content\/uploads\/2020\/12\/saints-row-iv_cover_original-3.jpg\",\"width\":1024,\"height\":1269,\"caption\":\"Los antagonistas de Saints Row IV son una raza alien\u00edgena invasora conocida como Zin. La mayor parte del juego tiene lugar dentro de una simulaci\u00f3n\"},{\"@type\":\"BreadcrumbList\",\"@id\":\"https:\/\/www.mercadokeys.com\/product\/saints-row-iv-steam-cd-key\/#breadcrumb\",\"itemListElement\":[{\"@type\":\"ListItem\",\"position\":1,\"name\":\"Inicio\",\"item\":\"https:\/\/www.mercadokeys.com.mx\/\"},{\"@type\":\"ListItem\",\"position\":2,\"name\":\"Tienda\",\"item\":\"https:\/\/www.mercadokeys.com\/shop\/\"},{\"@type\":\"ListItem\",\"position\":3,\"name\":\"Saints Row IV Steam CD Key\"}]},{\"@type\":\"WebSite\",\"@id\":\"https:\/\/www.mercadokeys.com\/eng\/#website\",\"url\":\"https:\/\/www.mercadokeys.com\/eng\/\",\"name\":\"MERCADOKEYS\",\"description\":\"Tu Tienda de videojuegos digitales en Mexico!\",\"potentialAction\":[{\"@type\":\"SearchAction\",\"target\":{\"@type\":\"EntryPoint\",\"urlTemplate\":\"https:\/\/www.mercadokeys.com\/eng\/?s={search_term_string}\"},\"query-input\":{\"@type\":\"PropertyValueSpecification\",\"valueRequired\":true,\"valueName\":\"search_term_string\"}}],\"inLanguage\":\"en-GB\"}]}<\/script>\n<!-- \/ Yoast SEO plugin. -->","yoast_head_json":{"title":"Saints Row IV Steam CD Key - MERCADOKEYS","description":"Los antagonistas de Saints Row IV son una raza alien\u00edgena invasora conocida como Zin. La mayor parte del juego tiene lugar dentro de una simulaci\u00f3n","robots":{"index":"index","follow":"follow","max-snippet":"max-snippet:-1","max-image-preview":"max-image-preview:large","max-video-preview":"max-video-preview:-1"},"canonical":"https:\/\/www.mercadokeys.com\/product\/saints-row-iv-steam-cd-key\/","og_locale":"en_GB","og_type":"article","og_title":"Saints Row IV Steam CD Key - MERCADOKEYS","og_description":"Los antagonistas de Saints Row IV son una raza alien\u00edgena invasora conocida como Zin. La mayor parte del juego tiene lugar dentro de una simulaci\u00f3n","og_url":"https:\/\/www.mercadokeys.com\/product\/saints-row-iv-steam-cd-key\/","og_site_name":"MERCADOKEYS","article_modified_time":"2022-06-29T13:29:53+00:00","og_image":[{"width":1024,"height":1269,"url":"https:\/\/www.mercadokeys.com\/wp-content\/uploads\/2020\/12\/saints-row-iv_cover_original-3.jpg","type":"image\/jpeg"}],"twitter_card":"summary_large_image","twitter_misc":{"Estimated reading time":"1 minute"},"schema":{"@context":"https:\/\/schema.org","@graph":[{"@type":"WebPage","@id":"https:\/\/www.mercadokeys.com\/product\/saints-row-iv-steam-cd-key\/","url":"https:\/\/www.mercadokeys.com\/product\/saints-row-iv-steam-cd-key\/","name":"Saints Row IV Steam CD Key - MERCADOKEYS","isPartOf":{"@id":"https:\/\/www.mercadokeys.com\/eng\/#website"},"primaryImageOfPage":{"@id":"https:\/\/www.mercadokeys.com\/product\/saints-row-iv-steam-cd-key\/#primaryimage"},"image":{"@id":"https:\/\/www.mercadokeys.com\/product\/saints-row-iv-steam-cd-key\/#primaryimage"},"thumbnailUrl":"https:\/\/www.mercadokeys.com.mx\/wp-content\/uploads\/2020\/12\/saints-row-iv_cover_original-3.jpg","datePublished":"2020-12-16T23:49:47+00:00","dateModified":"2022-06-29T13:29:53+00:00","description":"Los antagonistas de Saints Row IV son una raza alien\u00edgena invasora conocida como Zin. La mayor parte del juego tiene lugar dentro de una simulaci\u00f3n","breadcrumb":{"@id":"https:\/\/www.mercadokeys.com\/product\/saints-row-iv-steam-cd-key\/#breadcrumb"},"inLanguage":"en-GB","potentialAction":[{"@type":"ReadAction","target":["https:\/\/www.mercadokeys.com\/product\/saints-row-iv-steam-cd-key\/"]}]},{"@type":"ImageObject","inLanguage":"en-GB","@id":"https:\/\/www.mercadokeys.com\/product\/saints-row-iv-steam-cd-key\/#primaryimage","url":"https:\/\/www.mercadokeys.com.mx\/wp-content\/uploads\/2020\/12\/saints-row-iv_cover_original-3.jpg","contentUrl":"https:\/\/www.mercadokeys.com.mx\/wp-content\/uploads\/2020\/12\/saints-row-iv_cover_original-3.jpg","width":1024,"height":1269,"caption":"Los antagonistas de Saints Row IV son una raza alien\u00edgena invasora conocida como Zin. La mayor parte del juego tiene lugar dentro de una simulaci\u00f3n"},{"@type":"BreadcrumbList","@id":"https:\/\/www.mercadokeys.com\/product\/saints-row-iv-steam-cd-key\/#breadcrumb","itemListElement":[{"@type":"ListItem","position":1,"name":"Inicio","item":"https:\/\/www.mercadokeys.com.mx\/"},{"@type":"ListItem","position":2,"name":"Tienda","item":"https:\/\/www.mercadokeys.com\/shop\/"},{"@type":"ListItem","position":3,"name":"Saints Row IV Steam CD Key"}]},{"@type":"WebSite","@id":"https:\/\/www.mercadokeys.com\/eng\/#website","url":"https:\/\/www.mercadokeys.com\/eng\/","name":"MERCADOKEYS","description":"Tu Tienda de videojuegos digitales en Mexico!","potentialAction":[{"@type":"SearchAction","target":{"@type":"EntryPoint","urlTemplate":"https:\/\/www.mercadokeys.com\/eng\/?s={search_term_string}"},"query-input":{"@type":"PropertyValueSpecification","valueRequired":true,"valueName":"search_term_string"}}],"inLanguage":"en-GB"}]}},"df_price":84.342182,"df_sale_price":84.342182,"df_regular_price":84.342182,"df_image_link":"https:\/\/www.mercadokeys.com.mx\/wp-content\/uploads\/2020\/12\/saints-row-iv_cover_original-3-242x300.jpg","_links":{"self":[{"href":"https:\/\/www.mercadokeys.com.mx\/eng\/wp-json\/wp\/v2\/product\/67260","targetHints":{"allow":["GET"]}}],"collection":[{"href":"https:\/\/www.mercadokeys.com.mx\/eng\/wp-json\/wp\/v2\/product"}],"about":[{"href":"https:\/\/www.mercadokeys.com.mx\/eng\/wp-json\/wp\/v2\/types\/product"}],"wp:featuredmedia":[{"embeddable":true,"href":"https:\/\/www.mercadokeys.com.mx\/eng\/wp-json\/wp\/v2\/media\/67273"}],"wp:attachment":[{"href":"https:\/\/www.mercadokeys.com.mx\/eng\/wp-json\/wp\/v2\/media?parent=67260"}],"wp:term":[{"taxonomy":"product_brand","embeddable":true,"href":"https:\/\/www.mercadokeys.com.mx\/eng\/wp-json\/wp\/v2\/product_brand?post=67260"},{"taxonomy":"product_cat","embeddable":true,"href":"https:\/\/www.mercadokeys.com.mx\/eng\/wp-json\/wp\/v2\/product_cat?post=67260"},{"taxonomy":"product_tag","embeddable":true,"href":"https:\/\/www.mercadokeys.com.mx\/eng\/wp-json\/wp\/v2\/product_tag?post=67260"}],"curies":[{"name":"wp","href":"https:\/\/api.w.org\/{rel}","templated":true}]}}