{"id":66550,"date":"2020-12-16T15:07:02","date_gmt":"2020-12-16T23:07:02","guid":{"rendered":"https:\/\/www.mercadokeys.com\/product\/naruto-shippuden-ultimate-ninja-storm-4-steam-cd-key\/"},"modified":"2022-06-28T07:07:07","modified_gmt":"2022-06-28T14:07:07","slug":"naruto-shippuden-ultimate-ninja-storm-4-steam-cd-key","status":"publish","type":"product","link":"https:\/\/www.mercadokeys.com.mx\/eng\/product\/naruto-shippuden-ultimate-ninja-storm-4-steam-cd-key\/","title":{"rendered":"NARUTO SHIPPUDEN: Ultimate Ninja STORM 4 Steam CD Key"},"content":{"rendered":"<p><span style=\"vertical-align: inherit;\">Experimenta la emocionante aventura completa Naruto Shippuden y sigue a Naruto Uzumaki en todas sus peleas. Con m\u00e1s de 12 millones de juegos de Naruto Shippuden Ultimate Ninja STORM vendidos en todo el mundo, esta serie se estableci\u00f3 entre el pin\u00e1culo de las adaptaciones de Anime y Manga en videojuegos. \u00a1A medida que toda buena historia llega a su fin, Naruto Shippuden: Ultimate Ninja Storm 4 ser\u00e1 el mejor juego de STORM! Por primera vez, un juego de Naruto \/ Naruto Shippuden aprovechar\u00e1 la potencia gr\u00e1fica de la nueva generaci\u00f3n de consolas.<\/span><\/p>","protected":false},"excerpt":{"rendered":"<p>Experimenta la emocionante aventura completa Naruto Shippuden y sigue a Naruto Uzumaki en todas sus peleas. Con m\u00e1s de 12 millones de juegos de Naruto Shippuden Ultimate Ninja STORM vendidos en todo el mundo, esta serie se estableci\u00f3 entre el pin\u00e1culo de las adaptaciones de Anime y Manga en videojuegos. \u00a1A medida que toda buena&#8230;<\/p>","protected":false},"featured_media":66561,"template":"","meta":{"_monsterinsights_skip_tracking":false,"_monsterinsights_sitenote_active":false,"_monsterinsights_sitenote_note":"","_monsterinsights_sitenote_category":0},"product_brand":[],"product_cat":[1501,2981,1271,1283,1280,1273,1394,1427],"product_tag":[1530,1529,2473,1526],"class_list":{"0":"post-66550","1":"product","2":"type-product","3":"status-publish","4":"has-post-thumbnail","6":"product_cat-tienda-de-videojuegos-ultimos-juegos-tijuana-mexico","7":"product_cat-destacados","8":"product_cat-tienda-de-videojuegos-tijuana-mexico","9":"product_cat-tienda-de-videojuegos-plataformas-tijuana-mexico","10":"product_cat-tienda-de-videojuegos-pc-tijuana-mexico","11":"product_cat-tienda-de-videojuegos-steam-key-tijuana-mexico","12":"product_cat-tienda-de-videojuegos-aventura-tijuana-mexico","13":"product_cat-tienda-de-videojuegos-juegos-para-mando-tijuana-mexico","14":"product_tag-naruto-shippuden","15":"product_tag-naruto-shippuden-ultimate-ninja-storm","16":"product_tag-naruto-shippuden-ultimate-ninja-storm-4","17":"product_tag-steam","19":"first","20":"instock","21":"shipping-taxable","22":"purchasable","23":"product-type-simple"},"yoast_head":"<!-- This site is optimized with the Yoast SEO plugin v27.0 - https:\/\/yoast.com\/product\/yoast-seo-wordpress\/ -->\n<title>NARUTO SHIPPUDEN: Ultimate Ninja STORM 4 Steam CD Key - MERCADOKEYS<\/title>\n<meta name=\"description\" content=\"Experimenta la emocionante aventura completa Naruto Shippuden y sigue a Naruto Uzumaki en todas sus peleas. Con m\u00e1s de 12 millones de ventas\" \/>\n<meta name=\"robots\" content=\"index, follow, max-snippet:-1, max-image-preview:large, max-video-preview:-1\" \/>\n<link rel=\"canonical\" href=\"https:\/\/www.mercadokeys.com\/product\/naruto-shippuden-ultimate-ninja-storm-4-steam-cd-key\/\" \/>\n<meta property=\"og:locale\" content=\"en_GB\" \/>\n<meta property=\"og:type\" content=\"article\" \/>\n<meta property=\"og:title\" content=\"NARUTO SHIPPUDEN: Ultimate Ninja STORM 4 Steam CD Key - MERCADOKEYS\" \/>\n<meta property=\"og:description\" content=\"Experimenta la emocionante aventura completa Naruto Shippuden y sigue a Naruto Uzumaki en todas sus peleas. Con m\u00e1s de 12 millones de ventas\" \/>\n<meta property=\"og:url\" content=\"https:\/\/www.mercadokeys.com\/product\/naruto-shippuden-ultimate-ninja-storm-4-steam-cd-key\/\" \/>\n<meta property=\"og:site_name\" content=\"MERCADOKEYS\" \/>\n<meta property=\"article:modified_time\" content=\"2022-06-28T14:07:07+00:00\" \/>\n<meta property=\"og:image\" content=\"https:\/\/www.mercadokeys.com\/wp-content\/uploads\/2020\/12\/naruto-shippuden-ultimate-ninja-storm-4_cover_original.png\" \/>\n\t<meta property=\"og:image:width\" content=\"350\" \/>\n\t<meta property=\"og:image:height\" content=\"385\" \/>\n\t<meta property=\"og:image:type\" content=\"image\/png\" \/>\n<meta name=\"twitter:card\" content=\"summary_large_image\" \/>\n<meta name=\"twitter:label1\" content=\"Estimated reading time\" \/>\n\t<meta name=\"twitter:data1\" content=\"1 minute\" \/>\n<script type=\"application\/ld+json\" class=\"yoast-schema-graph\">{\"@context\":\"https:\/\/schema.org\",\"@graph\":[{\"@type\":\"WebPage\",\"@id\":\"https:\/\/www.mercadokeys.com\/product\/naruto-shippuden-ultimate-ninja-storm-4-steam-cd-key\/\",\"url\":\"https:\/\/www.mercadokeys.com\/product\/naruto-shippuden-ultimate-ninja-storm-4-steam-cd-key\/\",\"name\":\"NARUTO SHIPPUDEN: Ultimate Ninja STORM 4 Steam CD Key - MERCADOKEYS\",\"isPartOf\":{\"@id\":\"https:\/\/www.mercadokeys.com\/eng\/#website\"},\"primaryImageOfPage\":{\"@id\":\"https:\/\/www.mercadokeys.com\/product\/naruto-shippuden-ultimate-ninja-storm-4-steam-cd-key\/#primaryimage\"},\"image\":{\"@id\":\"https:\/\/www.mercadokeys.com\/product\/naruto-shippuden-ultimate-ninja-storm-4-steam-cd-key\/#primaryimage\"},\"thumbnailUrl\":\"https:\/\/www.mercadokeys.com.mx\/wp-content\/uploads\/2020\/12\/naruto-shippuden-ultimate-ninja-storm-4_cover_original.png\",\"datePublished\":\"2020-12-16T23:07:02+00:00\",\"dateModified\":\"2022-06-28T14:07:07+00:00\",\"description\":\"Experimenta la emocionante aventura completa Naruto Shippuden y sigue a Naruto Uzumaki en todas sus peleas. Con m\u00e1s de 12 millones de ventas\",\"breadcrumb\":{\"@id\":\"https:\/\/www.mercadokeys.com\/product\/naruto-shippuden-ultimate-ninja-storm-4-steam-cd-key\/#breadcrumb\"},\"inLanguage\":\"en-GB\",\"potentialAction\":[{\"@type\":\"ReadAction\",\"target\":[\"https:\/\/www.mercadokeys.com\/product\/naruto-shippuden-ultimate-ninja-storm-4-steam-cd-key\/\"]}]},{\"@type\":\"ImageObject\",\"inLanguage\":\"en-GB\",\"@id\":\"https:\/\/www.mercadokeys.com\/product\/naruto-shippuden-ultimate-ninja-storm-4-steam-cd-key\/#primaryimage\",\"url\":\"https:\/\/www.mercadokeys.com.mx\/wp-content\/uploads\/2020\/12\/naruto-shippuden-ultimate-ninja-storm-4_cover_original.png\",\"contentUrl\":\"https:\/\/www.mercadokeys.com.mx\/wp-content\/uploads\/2020\/12\/naruto-shippuden-ultimate-ninja-storm-4_cover_original.png\",\"width\":350,\"height\":385,\"caption\":\"Experimenta la emocionante aventura completa Naruto Shippuden y sigue a Naruto Uzumaki en todas sus peleas. Con m\u00e1s de 12 millones de ventas\"},{\"@type\":\"BreadcrumbList\",\"@id\":\"https:\/\/www.mercadokeys.com\/product\/naruto-shippuden-ultimate-ninja-storm-4-steam-cd-key\/#breadcrumb\",\"itemListElement\":[{\"@type\":\"ListItem\",\"position\":1,\"name\":\"Inicio\",\"item\":\"https:\/\/www.mercadokeys.com.mx\/\"},{\"@type\":\"ListItem\",\"position\":2,\"name\":\"Tienda\",\"item\":\"https:\/\/www.mercadokeys.com\/shop\/\"},{\"@type\":\"ListItem\",\"position\":3,\"name\":\"NARUTO SHIPPUDEN: Ultimate Ninja STORM 4 Steam CD Key\"}]},{\"@type\":\"WebSite\",\"@id\":\"https:\/\/www.mercadokeys.com\/eng\/#website\",\"url\":\"https:\/\/www.mercadokeys.com\/eng\/\",\"name\":\"MERCADOKEYS\",\"description\":\"Tu Tienda de videojuegos digitales en Mexico!\",\"potentialAction\":[{\"@type\":\"SearchAction\",\"target\":{\"@type\":\"EntryPoint\",\"urlTemplate\":\"https:\/\/www.mercadokeys.com\/eng\/?s={search_term_string}\"},\"query-input\":{\"@type\":\"PropertyValueSpecification\",\"valueRequired\":true,\"valueName\":\"search_term_string\"}}],\"inLanguage\":\"en-GB\"}]}<\/script>\n<!-- \/ Yoast SEO plugin. -->","yoast_head_json":{"title":"NARUTO SHIPPUDEN: Ultimate Ninja STORM 4 Steam CD Key - MERCADOKEYS","description":"Experimenta la emocionante aventura completa Naruto Shippuden y sigue a Naruto Uzumaki en todas sus peleas. Con m\u00e1s de 12 millones de ventas","robots":{"index":"index","follow":"follow","max-snippet":"max-snippet:-1","max-image-preview":"max-image-preview:large","max-video-preview":"max-video-preview:-1"},"canonical":"https:\/\/www.mercadokeys.com\/product\/naruto-shippuden-ultimate-ninja-storm-4-steam-cd-key\/","og_locale":"en_GB","og_type":"article","og_title":"NARUTO SHIPPUDEN: Ultimate Ninja STORM 4 Steam CD Key - MERCADOKEYS","og_description":"Experimenta la emocionante aventura completa Naruto Shippuden y sigue a Naruto Uzumaki en todas sus peleas. Con m\u00e1s de 12 millones de ventas","og_url":"https:\/\/www.mercadokeys.com\/product\/naruto-shippuden-ultimate-ninja-storm-4-steam-cd-key\/","og_site_name":"MERCADOKEYS","article_modified_time":"2022-06-28T14:07:07+00:00","og_image":[{"width":350,"height":385,"url":"https:\/\/www.mercadokeys.com\/wp-content\/uploads\/2020\/12\/naruto-shippuden-ultimate-ninja-storm-4_cover_original.png","type":"image\/png"}],"twitter_card":"summary_large_image","twitter_misc":{"Estimated reading time":"1 minute"},"schema":{"@context":"https:\/\/schema.org","@graph":[{"@type":"WebPage","@id":"https:\/\/www.mercadokeys.com\/product\/naruto-shippuden-ultimate-ninja-storm-4-steam-cd-key\/","url":"https:\/\/www.mercadokeys.com\/product\/naruto-shippuden-ultimate-ninja-storm-4-steam-cd-key\/","name":"NARUTO SHIPPUDEN: Ultimate Ninja STORM 4 Steam CD Key - MERCADOKEYS","isPartOf":{"@id":"https:\/\/www.mercadokeys.com\/eng\/#website"},"primaryImageOfPage":{"@id":"https:\/\/www.mercadokeys.com\/product\/naruto-shippuden-ultimate-ninja-storm-4-steam-cd-key\/#primaryimage"},"image":{"@id":"https:\/\/www.mercadokeys.com\/product\/naruto-shippuden-ultimate-ninja-storm-4-steam-cd-key\/#primaryimage"},"thumbnailUrl":"https:\/\/www.mercadokeys.com.mx\/wp-content\/uploads\/2020\/12\/naruto-shippuden-ultimate-ninja-storm-4_cover_original.png","datePublished":"2020-12-16T23:07:02+00:00","dateModified":"2022-06-28T14:07:07+00:00","description":"Experimenta la emocionante aventura completa Naruto Shippuden y sigue a Naruto Uzumaki en todas sus peleas. Con m\u00e1s de 12 millones de ventas","breadcrumb":{"@id":"https:\/\/www.mercadokeys.com\/product\/naruto-shippuden-ultimate-ninja-storm-4-steam-cd-key\/#breadcrumb"},"inLanguage":"en-GB","potentialAction":[{"@type":"ReadAction","target":["https:\/\/www.mercadokeys.com\/product\/naruto-shippuden-ultimate-ninja-storm-4-steam-cd-key\/"]}]},{"@type":"ImageObject","inLanguage":"en-GB","@id":"https:\/\/www.mercadokeys.com\/product\/naruto-shippuden-ultimate-ninja-storm-4-steam-cd-key\/#primaryimage","url":"https:\/\/www.mercadokeys.com.mx\/wp-content\/uploads\/2020\/12\/naruto-shippuden-ultimate-ninja-storm-4_cover_original.png","contentUrl":"https:\/\/www.mercadokeys.com.mx\/wp-content\/uploads\/2020\/12\/naruto-shippuden-ultimate-ninja-storm-4_cover_original.png","width":350,"height":385,"caption":"Experimenta la emocionante aventura completa Naruto Shippuden y sigue a Naruto Uzumaki en todas sus peleas. Con m\u00e1s de 12 millones de ventas"},{"@type":"BreadcrumbList","@id":"https:\/\/www.mercadokeys.com\/product\/naruto-shippuden-ultimate-ninja-storm-4-steam-cd-key\/#breadcrumb","itemListElement":[{"@type":"ListItem","position":1,"name":"Inicio","item":"https:\/\/www.mercadokeys.com.mx\/"},{"@type":"ListItem","position":2,"name":"Tienda","item":"https:\/\/www.mercadokeys.com\/shop\/"},{"@type":"ListItem","position":3,"name":"NARUTO SHIPPUDEN: Ultimate Ninja STORM 4 Steam CD Key"}]},{"@type":"WebSite","@id":"https:\/\/www.mercadokeys.com\/eng\/#website","url":"https:\/\/www.mercadokeys.com\/eng\/","name":"MERCADOKEYS","description":"Tu Tienda de videojuegos digitales en Mexico!","potentialAction":[{"@type":"SearchAction","target":{"@type":"EntryPoint","urlTemplate":"https:\/\/www.mercadokeys.com\/eng\/?s={search_term_string}"},"query-input":{"@type":"PropertyValueSpecification","valueRequired":true,"valueName":"search_term_string"}}],"inLanguage":"en-GB"}]}},"df_price":160.555824,"df_sale_price":160.555824,"df_regular_price":160.555824,"df_image_link":"https:\/\/www.mercadokeys.com.mx\/wp-content\/uploads\/2020\/12\/naruto-shippuden-ultimate-ninja-storm-4_cover_original-273x300.png","_links":{"self":[{"href":"https:\/\/www.mercadokeys.com.mx\/eng\/wp-json\/wp\/v2\/product\/66550","targetHints":{"allow":["GET"]}}],"collection":[{"href":"https:\/\/www.mercadokeys.com.mx\/eng\/wp-json\/wp\/v2\/product"}],"about":[{"href":"https:\/\/www.mercadokeys.com.mx\/eng\/wp-json\/wp\/v2\/types\/product"}],"wp:featuredmedia":[{"embeddable":true,"href":"https:\/\/www.mercadokeys.com.mx\/eng\/wp-json\/wp\/v2\/media\/66561"}],"wp:attachment":[{"href":"https:\/\/www.mercadokeys.com.mx\/eng\/wp-json\/wp\/v2\/media?parent=66550"}],"wp:term":[{"taxonomy":"product_brand","embeddable":true,"href":"https:\/\/www.mercadokeys.com.mx\/eng\/wp-json\/wp\/v2\/product_brand?post=66550"},{"taxonomy":"product_cat","embeddable":true,"href":"https:\/\/www.mercadokeys.com.mx\/eng\/wp-json\/wp\/v2\/product_cat?post=66550"},{"taxonomy":"product_tag","embeddable":true,"href":"https:\/\/www.mercadokeys.com.mx\/eng\/wp-json\/wp\/v2\/product_tag?post=66550"}],"curies":[{"name":"wp","href":"https:\/\/api.w.org\/{rel}","templated":true}]}}