{"id":64972,"date":"2020-12-16T13:36:50","date_gmt":"2020-12-16T21:36:50","guid":{"rendered":"https:\/\/www.mercadokeys.com\/product\/red-faction-armageddon-steam-cd-key\/"},"modified":"2022-06-29T06:22:12","modified_gmt":"2022-06-29T13:22:12","slug":"red-faction-armageddon-steam-cd-key","status":"publish","type":"product","link":"https:\/\/www.mercadokeys.com.mx\/eng\/product\/red-faction-armageddon-steam-cd-key\/","title":{"rendered":"Red Faction: Armageddon Steam CD Key"},"content":{"rendered":"<p><span style=\"vertical-align: inherit\">Red Faction: Armageddon es un videojuego de disparos en tercera persona desarrollado por Volition y publicado por THQ. Es la cuarta entrega de la serie Red Faction. El juego tiene lugar en el planeta Marte. Est\u00e1 ambientada en el a\u00f1o 2175, cincuenta a\u00f1os despu\u00e9s de los acontecimientos de Red Faction: Guerrilla.<\/span><\/p>","protected":false},"excerpt":{"rendered":"<p>Red Faction: Armageddon es un videojuego de disparos en tercera persona desarrollado por Volition y publicado por THQ. Es la cuarta entrega de la serie Red Faction. El juego tiene lugar en el planeta Marte. Est\u00e1 ambientada en el a\u00f1o 2175, cincuenta a\u00f1os despu\u00e9s de los acontecimientos de Red Faction: Guerrilla.<\/p>","protected":false},"featured_media":64985,"template":"","meta":{"_monsterinsights_skip_tracking":false,"_monsterinsights_sitenote_active":false,"_monsterinsights_sitenote_note":"","_monsterinsights_sitenote_category":0},"product_brand":[],"product_cat":[1501,2981,1271,3164,1420,1283,1280,1273,1392,1428],"product_tag":[1997,1996,1526],"class_list":{"0":"post-64972","1":"product","2":"type-product","3":"status-publish","4":"has-post-thumbnail","6":"product_cat-tienda-de-videojuegos-ultimos-juegos-tijuana-mexico","7":"product_cat-destacados","8":"product_cat-tienda-de-videojuegos-tijuana-mexico","9":"product_cat-tienda-de-videojuegos-baratos-economicos-tijuana-mexico","10":"product_cat-tienda-de-videojuegos-populares-tijuana-mexico","11":"product_cat-tienda-de-videojuegos-plataformas-tijuana-mexico","12":"product_cat-tienda-de-videojuegos-pc-tijuana-mexico","13":"product_cat-tienda-de-videojuegos-steam-key-tijuana-mexico","14":"product_cat-tienda-de-videojuegos-accion-tijuana-mexico","15":"product_cat-tienda-de-videojuegos-cooperativos-tijuana-mexico","16":"product_tag-red-faction-armageddon","17":"product_tag-red-faction-armageddon-steam","18":"product_tag-steam","20":"first","21":"instock","22":"shipping-taxable","23":"purchasable","24":"product-type-simple"},"yoast_head":"<!-- This site is optimized with the Yoast SEO plugin v27.0 - https:\/\/yoast.com\/product\/yoast-seo-wordpress\/ -->\n<title>Red Faction: Armageddon Steam CD Key - MERCADOKEYS<\/title>\n<meta name=\"description\" content=\"Red Faction: Armageddon es un videojuego de disparos en tercera persona desarrollado por Volition y publicado por THQ....\" \/>\n<meta name=\"robots\" content=\"index, follow, max-snippet:-1, max-image-preview:large, max-video-preview:-1\" \/>\n<link rel=\"canonical\" href=\"https:\/\/www.mercadokeys.com\/product\/red-faction-armageddon-steam-cd-key\/\" \/>\n<meta property=\"og:locale\" content=\"en_GB\" \/>\n<meta property=\"og:type\" content=\"article\" \/>\n<meta property=\"og:title\" content=\"Red Faction: Armageddon Steam CD Key - MERCADOKEYS\" \/>\n<meta property=\"og:description\" content=\"Red Faction: Armageddon es un videojuego de disparos en tercera persona desarrollado por Volition y publicado por THQ....\" \/>\n<meta property=\"og:url\" content=\"https:\/\/www.mercadokeys.com\/product\/red-faction-armageddon-steam-cd-key\/\" \/>\n<meta property=\"og:site_name\" content=\"MERCADOKEYS\" \/>\n<meta property=\"article:modified_time\" content=\"2022-06-29T13:22:12+00:00\" \/>\n<meta property=\"og:image\" content=\"https:\/\/www.mercadokeys.com\/wp-content\/uploads\/2020\/12\/red-faction-armageddon_cover_original.jpg\" \/>\n\t<meta property=\"og:image:width\" content=\"591\" \/>\n\t<meta property=\"og:image:height\" content=\"837\" \/>\n\t<meta property=\"og:image:type\" content=\"image\/jpeg\" \/>\n<meta name=\"twitter:card\" content=\"summary_large_image\" \/>\n<meta name=\"twitter:label1\" content=\"Estimated reading time\" \/>\n\t<meta name=\"twitter:data1\" content=\"1 minute\" \/>\n<script type=\"application\/ld+json\" class=\"yoast-schema-graph\">{\"@context\":\"https:\/\/schema.org\",\"@graph\":[{\"@type\":\"WebPage\",\"@id\":\"https:\/\/www.mercadokeys.com\/product\/red-faction-armageddon-steam-cd-key\/\",\"url\":\"https:\/\/www.mercadokeys.com\/product\/red-faction-armageddon-steam-cd-key\/\",\"name\":\"Red Faction: Armageddon Steam CD Key - MERCADOKEYS\",\"isPartOf\":{\"@id\":\"https:\/\/www.mercadokeys.com\/eng\/#website\"},\"primaryImageOfPage\":{\"@id\":\"https:\/\/www.mercadokeys.com\/product\/red-faction-armageddon-steam-cd-key\/#primaryimage\"},\"image\":{\"@id\":\"https:\/\/www.mercadokeys.com\/product\/red-faction-armageddon-steam-cd-key\/#primaryimage\"},\"thumbnailUrl\":\"https:\/\/www.mercadokeys.com.mx\/wp-content\/uploads\/2020\/12\/red-faction-armageddon_cover_original.jpg\",\"datePublished\":\"2020-12-16T21:36:50+00:00\",\"dateModified\":\"2022-06-29T13:22:12+00:00\",\"description\":\"Red Faction: Armageddon es un videojuego de disparos en tercera persona desarrollado por Volition y publicado por THQ....\",\"breadcrumb\":{\"@id\":\"https:\/\/www.mercadokeys.com\/product\/red-faction-armageddon-steam-cd-key\/#breadcrumb\"},\"inLanguage\":\"en-GB\",\"potentialAction\":[{\"@type\":\"ReadAction\",\"target\":[\"https:\/\/www.mercadokeys.com\/product\/red-faction-armageddon-steam-cd-key\/\"]}]},{\"@type\":\"ImageObject\",\"inLanguage\":\"en-GB\",\"@id\":\"https:\/\/www.mercadokeys.com\/product\/red-faction-armageddon-steam-cd-key\/#primaryimage\",\"url\":\"https:\/\/www.mercadokeys.com.mx\/wp-content\/uploads\/2020\/12\/red-faction-armageddon_cover_original.jpg\",\"contentUrl\":\"https:\/\/www.mercadokeys.com.mx\/wp-content\/uploads\/2020\/12\/red-faction-armageddon_cover_original.jpg\",\"width\":591,\"height\":837,\"caption\":\"Red Faction: Armageddon es un videojuego de disparos en tercera persona desarrollado por Volition y publicado por THQ.\"},{\"@type\":\"BreadcrumbList\",\"@id\":\"https:\/\/www.mercadokeys.com\/product\/red-faction-armageddon-steam-cd-key\/#breadcrumb\",\"itemListElement\":[{\"@type\":\"ListItem\",\"position\":1,\"name\":\"Inicio\",\"item\":\"https:\/\/www.mercadokeys.com.mx\/\"},{\"@type\":\"ListItem\",\"position\":2,\"name\":\"Tienda\",\"item\":\"https:\/\/www.mercadokeys.com\/shop\/\"},{\"@type\":\"ListItem\",\"position\":3,\"name\":\"Red Faction: Armageddon Steam CD Key\"}]},{\"@type\":\"WebSite\",\"@id\":\"https:\/\/www.mercadokeys.com\/eng\/#website\",\"url\":\"https:\/\/www.mercadokeys.com\/eng\/\",\"name\":\"MERCADOKEYS\",\"description\":\"Tu Tienda de videojuegos digitales en Mexico!\",\"potentialAction\":[{\"@type\":\"SearchAction\",\"target\":{\"@type\":\"EntryPoint\",\"urlTemplate\":\"https:\/\/www.mercadokeys.com\/eng\/?s={search_term_string}\"},\"query-input\":{\"@type\":\"PropertyValueSpecification\",\"valueRequired\":true,\"valueName\":\"search_term_string\"}}],\"inLanguage\":\"en-GB\"}]}<\/script>\n<!-- \/ Yoast SEO plugin. -->","yoast_head_json":{"title":"Red Faction: Armageddon Steam CD Key - MERCADOKEYS","description":"Red Faction: Armageddon es un videojuego de disparos en tercera persona desarrollado por Volition y publicado por THQ....","robots":{"index":"index","follow":"follow","max-snippet":"max-snippet:-1","max-image-preview":"max-image-preview:large","max-video-preview":"max-video-preview:-1"},"canonical":"https:\/\/www.mercadokeys.com\/product\/red-faction-armageddon-steam-cd-key\/","og_locale":"en_GB","og_type":"article","og_title":"Red Faction: Armageddon Steam CD Key - MERCADOKEYS","og_description":"Red Faction: Armageddon es un videojuego de disparos en tercera persona desarrollado por Volition y publicado por THQ....","og_url":"https:\/\/www.mercadokeys.com\/product\/red-faction-armageddon-steam-cd-key\/","og_site_name":"MERCADOKEYS","article_modified_time":"2022-06-29T13:22:12+00:00","og_image":[{"width":591,"height":837,"url":"https:\/\/www.mercadokeys.com\/wp-content\/uploads\/2020\/12\/red-faction-armageddon_cover_original.jpg","type":"image\/jpeg"}],"twitter_card":"summary_large_image","twitter_misc":{"Estimated reading time":"1 minute"},"schema":{"@context":"https:\/\/schema.org","@graph":[{"@type":"WebPage","@id":"https:\/\/www.mercadokeys.com\/product\/red-faction-armageddon-steam-cd-key\/","url":"https:\/\/www.mercadokeys.com\/product\/red-faction-armageddon-steam-cd-key\/","name":"Red Faction: Armageddon Steam CD Key - MERCADOKEYS","isPartOf":{"@id":"https:\/\/www.mercadokeys.com\/eng\/#website"},"primaryImageOfPage":{"@id":"https:\/\/www.mercadokeys.com\/product\/red-faction-armageddon-steam-cd-key\/#primaryimage"},"image":{"@id":"https:\/\/www.mercadokeys.com\/product\/red-faction-armageddon-steam-cd-key\/#primaryimage"},"thumbnailUrl":"https:\/\/www.mercadokeys.com.mx\/wp-content\/uploads\/2020\/12\/red-faction-armageddon_cover_original.jpg","datePublished":"2020-12-16T21:36:50+00:00","dateModified":"2022-06-29T13:22:12+00:00","description":"Red Faction: Armageddon es un videojuego de disparos en tercera persona desarrollado por Volition y publicado por THQ....","breadcrumb":{"@id":"https:\/\/www.mercadokeys.com\/product\/red-faction-armageddon-steam-cd-key\/#breadcrumb"},"inLanguage":"en-GB","potentialAction":[{"@type":"ReadAction","target":["https:\/\/www.mercadokeys.com\/product\/red-faction-armageddon-steam-cd-key\/"]}]},{"@type":"ImageObject","inLanguage":"en-GB","@id":"https:\/\/www.mercadokeys.com\/product\/red-faction-armageddon-steam-cd-key\/#primaryimage","url":"https:\/\/www.mercadokeys.com.mx\/wp-content\/uploads\/2020\/12\/red-faction-armageddon_cover_original.jpg","contentUrl":"https:\/\/www.mercadokeys.com.mx\/wp-content\/uploads\/2020\/12\/red-faction-armageddon_cover_original.jpg","width":591,"height":837,"caption":"Red Faction: Armageddon es un videojuego de disparos en tercera persona desarrollado por Volition y publicado por THQ."},{"@type":"BreadcrumbList","@id":"https:\/\/www.mercadokeys.com\/product\/red-faction-armageddon-steam-cd-key\/#breadcrumb","itemListElement":[{"@type":"ListItem","position":1,"name":"Inicio","item":"https:\/\/www.mercadokeys.com.mx\/"},{"@type":"ListItem","position":2,"name":"Tienda","item":"https:\/\/www.mercadokeys.com\/shop\/"},{"@type":"ListItem","position":3,"name":"Red Faction: Armageddon Steam CD Key"}]},{"@type":"WebSite","@id":"https:\/\/www.mercadokeys.com\/eng\/#website","url":"https:\/\/www.mercadokeys.com\/eng\/","name":"MERCADOKEYS","description":"Tu Tienda de videojuegos digitales en Mexico!","potentialAction":[{"@type":"SearchAction","target":{"@type":"EntryPoint","urlTemplate":"https:\/\/www.mercadokeys.com\/eng\/?s={search_term_string}"},"query-input":{"@type":"PropertyValueSpecification","valueRequired":true,"valueName":"search_term_string"}}],"inLanguage":"en-GB"}]}},"df_price":14.401176,"df_sale_price":14.401176,"df_regular_price":14.401176,"df_image_link":"https:\/\/www.mercadokeys.com.mx\/wp-content\/uploads\/2020\/12\/red-faction-armageddon_cover_original-212x300.jpg","_links":{"self":[{"href":"https:\/\/www.mercadokeys.com.mx\/eng\/wp-json\/wp\/v2\/product\/64972","targetHints":{"allow":["GET"]}}],"collection":[{"href":"https:\/\/www.mercadokeys.com.mx\/eng\/wp-json\/wp\/v2\/product"}],"about":[{"href":"https:\/\/www.mercadokeys.com.mx\/eng\/wp-json\/wp\/v2\/types\/product"}],"wp:featuredmedia":[{"embeddable":true,"href":"https:\/\/www.mercadokeys.com.mx\/eng\/wp-json\/wp\/v2\/media\/64985"}],"wp:attachment":[{"href":"https:\/\/www.mercadokeys.com.mx\/eng\/wp-json\/wp\/v2\/media?parent=64972"}],"wp:term":[{"taxonomy":"product_brand","embeddable":true,"href":"https:\/\/www.mercadokeys.com.mx\/eng\/wp-json\/wp\/v2\/product_brand?post=64972"},{"taxonomy":"product_cat","embeddable":true,"href":"https:\/\/www.mercadokeys.com.mx\/eng\/wp-json\/wp\/v2\/product_cat?post=64972"},{"taxonomy":"product_tag","embeddable":true,"href":"https:\/\/www.mercadokeys.com.mx\/eng\/wp-json\/wp\/v2\/product_tag?post=64972"}],"curies":[{"name":"wp","href":"https:\/\/api.w.org\/{rel}","templated":true}]}}