{"id":63902,"date":"2020-12-16T12:44:32","date_gmt":"2020-12-16T20:44:32","guid":{"rendered":"https:\/\/www.mercadokeys.com\/product\/sid-meiers-civilization-v-steam-cd-key\/"},"modified":"2022-06-28T07:12:23","modified_gmt":"2022-06-28T14:12:23","slug":"sid-meiers-civilization-v-steam-cd-key","status":"publish","type":"product","link":"https:\/\/www.mercadokeys.com.mx\/eng\/product\/sid-meiers-civilization-v-steam-cd-key\/","title":{"rendered":"Sid Meier&#8217;s Civilization V Steam CD Key"},"content":{"rendered":"<p><span style=\"vertical-align: inherit\">Sid Meier&#8217;s Civilization V es un juego de estrategia por turnos en el que el jugador lidera una civilizaci\u00f3n desde la era de piedra hasta la tecnolog\u00eda del futuro, hay m\u00e1s de una forma de ganar. As\u00ed logrando una de varias condiciones de victoria diferentes a trav\u00e9s de la investigaci\u00f3n, la exploraci\u00f3n, la diplomacia, expansi\u00f3n, desarrollo econ\u00f3mico, gobierno y conquista militar. Te enfrentar\u00e1s a otras civilizaciones, ya sea en l\u00ednea como otras personas o jugado por la computadora. Civilization 5 presenta un sistema de diplomacia avanzado cuando se trata de civilizaciones controladas por computadora o ciudades-estado controladas por computadora. Su primer paquete de expansi\u00f3n, Civilization V: Gods &amp; Kings, fue lanzado el 19 de junio de 2012 en Norteam\u00e9rica y el 22 de junio a nivel internacional.<\/span><\/p>\n<h3>Caracter\u00edsticas<\/h3>\n<p><span style=\"vertical-align: inherit\">Sid Meier&#8217;s Civilization incluye caracter\u00edsticas como religi\u00f3n, espionaje, combate naval mejorado e IA de combate, as\u00ed como nueve civilizaciones nuevas. [11] Un segundo paquete de expansi\u00f3n, Civilization V: Brave New World, se anunci\u00f3 el 15 de marzo de 2013. Incluye caracter\u00edsticas como rutas comerciales internacionales, un congreso mundial, turismo, grandes obras, as\u00ed como nueve civilizaciones nuevas y ocho maravillas adicionales. Por su parte, fue lanzado el 9 de julio de 2013 en Norteam\u00e9rica y el 12 de julio de 2013 en el resto del mundo.<\/span><\/p>\n","protected":false},"excerpt":{"rendered":"<p>Sid Meier&#8217;s Civilization V es un juego de estrategia por turnos en el que el jugador lidera una civilizaci\u00f3n desde la era de piedra hasta la tecnolog\u00eda del futuro, hay m\u00e1s de una forma de ganar. As\u00ed logrando una de varias condiciones de victoria diferentes a trav\u00e9s de la investigaci\u00f3n, la exploraci\u00f3n, la diplomacia, expansi\u00f3n,&#8230;<\/p>","protected":false},"featured_media":63915,"template":"","meta":{"_monsterinsights_skip_tracking":false,"_monsterinsights_sitenote_active":false,"_monsterinsights_sitenote_note":"","_monsterinsights_sitenote_category":0},"product_brand":[],"product_cat":[1501,2981,1271,3164,1283,1280,1273,1395,1424],"product_tag":[2368,2367,2366,1526],"class_list":{"0":"post-63902","1":"product","2":"type-product","3":"status-publish","4":"has-post-thumbnail","6":"product_cat-tienda-de-videojuegos-ultimos-juegos-tijuana-mexico","7":"product_cat-destacados","8":"product_cat-tienda-de-videojuegos-tijuana-mexico","9":"product_cat-tienda-de-videojuegos-baratos-economicos-tijuana-mexico","10":"product_cat-tienda-de-videojuegos-plataformas-tijuana-mexico","11":"product_cat-tienda-de-videojuegos-pc-tijuana-mexico","12":"product_cat-tienda-de-videojuegos-steam-key-tijuana-mexico","13":"product_cat-tienda-de-videojuegos-casual-tijuana-mexico","14":"product_cat-tienda-de-videojuegos-lo-mas-jugados-tijuana-mexico","15":"product_tag-sid-meiers-civilization","16":"product_tag-sid-meiers-civilization-v","17":"product_tag-sid-meiers-civilization-v-steam","18":"product_tag-steam","20":"first","21":"instock","22":"shipping-taxable","23":"purchasable","24":"product-type-simple"},"yoast_head":"<!-- This site is optimized with the Yoast SEO plugin v27.0 - https:\/\/yoast.com\/product\/yoast-seo-wordpress\/ -->\n<title>Sid Meier&#039;s Civilization V Steam CD Key - MERCADOKEYS<\/title>\n<meta name=\"description\" content=\"Sid Meier&#039;s Civilization V es un juego de estrategia por turnos en el que el jugador lidera una civilizaci\u00f3n desde la era de piedra\" \/>\n<meta name=\"robots\" content=\"index, follow, max-snippet:-1, max-image-preview:large, max-video-preview:-1\" \/>\n<link rel=\"canonical\" href=\"https:\/\/www.mercadokeys.com\/product\/sid-meiers-civilization-v-steam-cd-key\/\" \/>\n<meta property=\"og:locale\" content=\"en_GB\" \/>\n<meta property=\"og:type\" content=\"article\" \/>\n<meta property=\"og:title\" content=\"Sid Meier&#039;s Civilization V Steam CD Key - MERCADOKEYS\" \/>\n<meta property=\"og:description\" content=\"Sid Meier&#039;s Civilization V es un juego de estrategia por turnos en el que el jugador lidera una civilizaci\u00f3n desde la era de piedra\" \/>\n<meta property=\"og:url\" content=\"https:\/\/www.mercadokeys.com\/product\/sid-meiers-civilization-v-steam-cd-key\/\" \/>\n<meta property=\"og:site_name\" content=\"MERCADOKEYS\" \/>\n<meta property=\"article:modified_time\" content=\"2022-06-28T14:12:23+00:00\" \/>\n<meta property=\"og:image\" content=\"https:\/\/www.mercadokeys.com\/wp-content\/uploads\/2020\/12\/sid-meier-s-civilization-v_cover_original-2.jpg\" \/>\n\t<meta property=\"og:image:width\" content=\"640\" \/>\n\t<meta property=\"og:image:height\" content=\"799\" \/>\n\t<meta property=\"og:image:type\" content=\"image\/jpeg\" \/>\n<meta name=\"twitter:card\" content=\"summary_large_image\" \/>\n<meta name=\"twitter:label1\" content=\"Estimated reading time\" \/>\n\t<meta name=\"twitter:data1\" content=\"1 minute\" \/>\n<script type=\"application\/ld+json\" class=\"yoast-schema-graph\">{\"@context\":\"https:\/\/schema.org\",\"@graph\":[{\"@type\":\"WebPage\",\"@id\":\"https:\/\/www.mercadokeys.com\/product\/sid-meiers-civilization-v-steam-cd-key\/\",\"url\":\"https:\/\/www.mercadokeys.com\/product\/sid-meiers-civilization-v-steam-cd-key\/\",\"name\":\"Sid Meier's Civilization V Steam CD Key - MERCADOKEYS\",\"isPartOf\":{\"@id\":\"https:\/\/www.mercadokeys.com\/eng\/#website\"},\"primaryImageOfPage\":{\"@id\":\"https:\/\/www.mercadokeys.com\/product\/sid-meiers-civilization-v-steam-cd-key\/#primaryimage\"},\"image\":{\"@id\":\"https:\/\/www.mercadokeys.com\/product\/sid-meiers-civilization-v-steam-cd-key\/#primaryimage\"},\"thumbnailUrl\":\"https:\/\/www.mercadokeys.com.mx\/wp-content\/uploads\/2020\/12\/sid-meier-s-civilization-v_cover_original-2.jpg\",\"datePublished\":\"2020-12-16T20:44:32+00:00\",\"dateModified\":\"2022-06-28T14:12:23+00:00\",\"description\":\"Sid Meier's Civilization V es un juego de estrategia por turnos en el que el jugador lidera una civilizaci\u00f3n desde la era de piedra\",\"breadcrumb\":{\"@id\":\"https:\/\/www.mercadokeys.com\/product\/sid-meiers-civilization-v-steam-cd-key\/#breadcrumb\"},\"inLanguage\":\"en-GB\",\"potentialAction\":[{\"@type\":\"ReadAction\",\"target\":[\"https:\/\/www.mercadokeys.com\/product\/sid-meiers-civilization-v-steam-cd-key\/\"]}]},{\"@type\":\"ImageObject\",\"inLanguage\":\"en-GB\",\"@id\":\"https:\/\/www.mercadokeys.com\/product\/sid-meiers-civilization-v-steam-cd-key\/#primaryimage\",\"url\":\"https:\/\/www.mercadokeys.com.mx\/wp-content\/uploads\/2020\/12\/sid-meier-s-civilization-v_cover_original-2.jpg\",\"contentUrl\":\"https:\/\/www.mercadokeys.com.mx\/wp-content\/uploads\/2020\/12\/sid-meier-s-civilization-v_cover_original-2.jpg\",\"width\":640,\"height\":799,\"caption\":\"Sid Meier's Civilization V es un juego de estrategia por turnos en el que el jugador lidera una civilizaci\u00f3n desde la era de piedra\"},{\"@type\":\"BreadcrumbList\",\"@id\":\"https:\/\/www.mercadokeys.com\/product\/sid-meiers-civilization-v-steam-cd-key\/#breadcrumb\",\"itemListElement\":[{\"@type\":\"ListItem\",\"position\":1,\"name\":\"Inicio\",\"item\":\"https:\/\/www.mercadokeys.com.mx\/\"},{\"@type\":\"ListItem\",\"position\":2,\"name\":\"Tienda\",\"item\":\"https:\/\/www.mercadokeys.com\/shop\/\"},{\"@type\":\"ListItem\",\"position\":3,\"name\":\"Sid Meier&#8217;s Civilization V Steam CD Key\"}]},{\"@type\":\"WebSite\",\"@id\":\"https:\/\/www.mercadokeys.com\/eng\/#website\",\"url\":\"https:\/\/www.mercadokeys.com\/eng\/\",\"name\":\"MERCADOKEYS\",\"description\":\"Tu Tienda de videojuegos digitales en Mexico!\",\"potentialAction\":[{\"@type\":\"SearchAction\",\"target\":{\"@type\":\"EntryPoint\",\"urlTemplate\":\"https:\/\/www.mercadokeys.com\/eng\/?s={search_term_string}\"},\"query-input\":{\"@type\":\"PropertyValueSpecification\",\"valueRequired\":true,\"valueName\":\"search_term_string\"}}],\"inLanguage\":\"en-GB\"}]}<\/script>\n<!-- \/ Yoast SEO plugin. -->","yoast_head_json":{"title":"Sid Meier's Civilization V Steam CD Key - MERCADOKEYS","description":"Sid Meier's Civilization V es un juego de estrategia por turnos en el que el jugador lidera una civilizaci\u00f3n desde la era de piedra","robots":{"index":"index","follow":"follow","max-snippet":"max-snippet:-1","max-image-preview":"max-image-preview:large","max-video-preview":"max-video-preview:-1"},"canonical":"https:\/\/www.mercadokeys.com\/product\/sid-meiers-civilization-v-steam-cd-key\/","og_locale":"en_GB","og_type":"article","og_title":"Sid Meier's Civilization V Steam CD Key - MERCADOKEYS","og_description":"Sid Meier's Civilization V es un juego de estrategia por turnos en el que el jugador lidera una civilizaci\u00f3n desde la era de piedra","og_url":"https:\/\/www.mercadokeys.com\/product\/sid-meiers-civilization-v-steam-cd-key\/","og_site_name":"MERCADOKEYS","article_modified_time":"2022-06-28T14:12:23+00:00","og_image":[{"width":640,"height":799,"url":"https:\/\/www.mercadokeys.com\/wp-content\/uploads\/2020\/12\/sid-meier-s-civilization-v_cover_original-2.jpg","type":"image\/jpeg"}],"twitter_card":"summary_large_image","twitter_misc":{"Estimated reading time":"1 minute"},"schema":{"@context":"https:\/\/schema.org","@graph":[{"@type":"WebPage","@id":"https:\/\/www.mercadokeys.com\/product\/sid-meiers-civilization-v-steam-cd-key\/","url":"https:\/\/www.mercadokeys.com\/product\/sid-meiers-civilization-v-steam-cd-key\/","name":"Sid Meier's Civilization V Steam CD Key - MERCADOKEYS","isPartOf":{"@id":"https:\/\/www.mercadokeys.com\/eng\/#website"},"primaryImageOfPage":{"@id":"https:\/\/www.mercadokeys.com\/product\/sid-meiers-civilization-v-steam-cd-key\/#primaryimage"},"image":{"@id":"https:\/\/www.mercadokeys.com\/product\/sid-meiers-civilization-v-steam-cd-key\/#primaryimage"},"thumbnailUrl":"https:\/\/www.mercadokeys.com.mx\/wp-content\/uploads\/2020\/12\/sid-meier-s-civilization-v_cover_original-2.jpg","datePublished":"2020-12-16T20:44:32+00:00","dateModified":"2022-06-28T14:12:23+00:00","description":"Sid Meier's Civilization V es un juego de estrategia por turnos en el que el jugador lidera una civilizaci\u00f3n desde la era de piedra","breadcrumb":{"@id":"https:\/\/www.mercadokeys.com\/product\/sid-meiers-civilization-v-steam-cd-key\/#breadcrumb"},"inLanguage":"en-GB","potentialAction":[{"@type":"ReadAction","target":["https:\/\/www.mercadokeys.com\/product\/sid-meiers-civilization-v-steam-cd-key\/"]}]},{"@type":"ImageObject","inLanguage":"en-GB","@id":"https:\/\/www.mercadokeys.com\/product\/sid-meiers-civilization-v-steam-cd-key\/#primaryimage","url":"https:\/\/www.mercadokeys.com.mx\/wp-content\/uploads\/2020\/12\/sid-meier-s-civilization-v_cover_original-2.jpg","contentUrl":"https:\/\/www.mercadokeys.com.mx\/wp-content\/uploads\/2020\/12\/sid-meier-s-civilization-v_cover_original-2.jpg","width":640,"height":799,"caption":"Sid Meier's Civilization V es un juego de estrategia por turnos en el que el jugador lidera una civilizaci\u00f3n desde la era de piedra"},{"@type":"BreadcrumbList","@id":"https:\/\/www.mercadokeys.com\/product\/sid-meiers-civilization-v-steam-cd-key\/#breadcrumb","itemListElement":[{"@type":"ListItem","position":1,"name":"Inicio","item":"https:\/\/www.mercadokeys.com.mx\/"},{"@type":"ListItem","position":2,"name":"Tienda","item":"https:\/\/www.mercadokeys.com\/shop\/"},{"@type":"ListItem","position":3,"name":"Sid Meier&#8217;s Civilization V Steam CD Key"}]},{"@type":"WebSite","@id":"https:\/\/www.mercadokeys.com\/eng\/#website","url":"https:\/\/www.mercadokeys.com\/eng\/","name":"MERCADOKEYS","description":"Tu Tienda de videojuegos digitales en Mexico!","potentialAction":[{"@type":"SearchAction","target":{"@type":"EntryPoint","urlTemplate":"https:\/\/www.mercadokeys.com\/eng\/?s={search_term_string}"},"query-input":{"@type":"PropertyValueSpecification","valueRequired":true,"valueName":"search_term_string"}}],"inLanguage":"en-GB"}]}},"df_price":96.617664,"df_sale_price":96.617664,"df_regular_price":96.617664,"df_image_link":"https:\/\/www.mercadokeys.com.mx\/wp-content\/uploads\/2020\/12\/sid-meier-s-civilization-v_cover_original-2-240x300.jpg","_links":{"self":[{"href":"https:\/\/www.mercadokeys.com.mx\/eng\/wp-json\/wp\/v2\/product\/63902","targetHints":{"allow":["GET"]}}],"collection":[{"href":"https:\/\/www.mercadokeys.com.mx\/eng\/wp-json\/wp\/v2\/product"}],"about":[{"href":"https:\/\/www.mercadokeys.com.mx\/eng\/wp-json\/wp\/v2\/types\/product"}],"wp:featuredmedia":[{"embeddable":true,"href":"https:\/\/www.mercadokeys.com.mx\/eng\/wp-json\/wp\/v2\/media\/63915"}],"wp:attachment":[{"href":"https:\/\/www.mercadokeys.com.mx\/eng\/wp-json\/wp\/v2\/media?parent=63902"}],"wp:term":[{"taxonomy":"product_brand","embeddable":true,"href":"https:\/\/www.mercadokeys.com.mx\/eng\/wp-json\/wp\/v2\/product_brand?post=63902"},{"taxonomy":"product_cat","embeddable":true,"href":"https:\/\/www.mercadokeys.com.mx\/eng\/wp-json\/wp\/v2\/product_cat?post=63902"},{"taxonomy":"product_tag","embeddable":true,"href":"https:\/\/www.mercadokeys.com.mx\/eng\/wp-json\/wp\/v2\/product_tag?post=63902"}],"curies":[{"name":"wp","href":"https:\/\/api.w.org\/{rel}","templated":true}]}}