{"id":63059,"date":"2020-12-16T11:57:21","date_gmt":"2020-12-16T19:57:21","guid":{"rendered":"https:\/\/www.mercadokeys.com\/product\/quiplash-steam-cd-key\/"},"modified":"2022-06-28T07:14:24","modified_gmt":"2022-06-28T14:14:24","slug":"quiplash-steam-cd-key","status":"publish","type":"product","link":"https:\/\/www.mercadokeys.com.mx\/eng\/product\/quiplash-steam-cd-key\/","title":{"rendered":"Quiplash Steam CD Key"},"content":{"rendered":"<p><span style=\"vertical-align: inherit\">\u00a1Para 3-8 jugadores y una audiencia de miles! El equipo detr\u00e1s de los exitosos juegos de fiesta YOU DON&#8217;T KNOW JACK, Fibbage y Drawful presenta Quiplash, \u00a1la batalla de ingenio e ingenio de la risa por minuto! Use su tel\u00e9fono o tableta para responder preguntas simples como &#8220;Algo que le sorprender\u00eda ver hacer a un burro&#8221; o &#8220;El peor sabor de sopa: crema de _____&#8221;. \u00a1Sin reglas, sin respuestas correctas! \u00a1Di lo que quieras! Tu respuesta se enfrenta a la respuesta de otro jugador en un enfrentamiento cara a cara de inteligencia y comedia (o simplemente &#8220;\u00bfQu\u00e9 respuesta es la menos est\u00fapida?&#8221;). Otros jugadores, e incluso una audiencia de personas que esperan entrar en el pr\u00f3ximo juego, luego votan por su respuesta favorita. \u00a1Quiplash es un juego de fiesta al que todos pueden jugar y disfrutar!<\/span><\/p>","protected":false},"excerpt":{"rendered":"<p>\u00a1Para 3-8 jugadores y una audiencia de miles! El equipo detr\u00e1s de los exitosos juegos de fiesta YOU DON&#8217;T KNOW JACK, Fibbage y Drawful presenta Quiplash, \u00a1la batalla de ingenio e ingenio de la risa por minuto! Use su tel\u00e9fono o tableta para responder preguntas simples como &#8220;Algo que le sorprender\u00eda ver hacer a un&#8230;<\/p>","protected":false},"featured_media":63070,"template":"","meta":{"_monsterinsights_skip_tracking":false,"_monsterinsights_sitenote_active":false,"_monsterinsights_sitenote_note":"","_monsterinsights_sitenote_category":0},"product_brand":[],"product_cat":[1501,2981,1271,1420,1283,1280,1273,1395,1428],"product_tag":[2015,2014,1526],"class_list":{"0":"post-63059","1":"product","2":"type-product","3":"status-publish","4":"has-post-thumbnail","6":"product_cat-tienda-de-videojuegos-ultimos-juegos-tijuana-mexico","7":"product_cat-destacados","8":"product_cat-tienda-de-videojuegos-tijuana-mexico","9":"product_cat-tienda-de-videojuegos-populares-tijuana-mexico","10":"product_cat-tienda-de-videojuegos-plataformas-tijuana-mexico","11":"product_cat-tienda-de-videojuegos-pc-tijuana-mexico","12":"product_cat-tienda-de-videojuegos-steam-key-tijuana-mexico","13":"product_cat-tienda-de-videojuegos-casual-tijuana-mexico","14":"product_cat-tienda-de-videojuegos-cooperativos-tijuana-mexico","15":"product_tag-quiplash","16":"product_tag-quiplash-steam","17":"product_tag-steam","19":"first","20":"instock","21":"shipping-taxable","22":"purchasable","23":"product-type-simple"},"yoast_head":"<!-- This site is optimized with the Yoast SEO plugin v27.0 - https:\/\/yoast.com\/product\/yoast-seo-wordpress\/ -->\n<title>Quiplash Steam CD Key - MERCADOKEYS<\/title>\n<meta name=\"description\" content=\"\u00a1Para 3-8 jugadores y una audiencia de miles! El equipo detr\u00e1s de los exitosos juegos de fiesta YOU DON&#039;T KNOW JACK, Fibbage y Drawful presenta Quiplash\" \/>\n<meta name=\"robots\" content=\"index, follow, max-snippet:-1, max-image-preview:large, max-video-preview:-1\" \/>\n<link rel=\"canonical\" href=\"https:\/\/www.mercadokeys.com\/product\/quiplash-steam-cd-key\/\" \/>\n<meta property=\"og:locale\" content=\"en_GB\" \/>\n<meta property=\"og:type\" content=\"article\" \/>\n<meta property=\"og:title\" content=\"Quiplash Steam CD Key - MERCADOKEYS\" \/>\n<meta property=\"og:description\" content=\"\u00a1Para 3-8 jugadores y una audiencia de miles! El equipo detr\u00e1s de los exitosos juegos de fiesta YOU DON&#039;T KNOW JACK, Fibbage y Drawful presenta Quiplash\" \/>\n<meta property=\"og:url\" content=\"https:\/\/www.mercadokeys.com\/product\/quiplash-steam-cd-key\/\" \/>\n<meta property=\"og:site_name\" content=\"MERCADOKEYS\" \/>\n<meta property=\"article:modified_time\" content=\"2022-06-28T14:14:24+00:00\" \/>\n<meta property=\"og:image\" content=\"https:\/\/www.mercadokeys.com\/wp-content\/uploads\/2020\/12\/quiplash_cover_original.jpg\" \/>\n\t<meta property=\"og:image:width\" content=\"450\" \/>\n\t<meta property=\"og:image:height\" content=\"600\" \/>\n\t<meta property=\"og:image:type\" content=\"image\/jpeg\" \/>\n<meta name=\"twitter:card\" content=\"summary_large_image\" \/>\n<meta name=\"twitter:label1\" content=\"Estimated reading time\" \/>\n\t<meta name=\"twitter:data1\" content=\"1 minute\" \/>\n<script type=\"application\/ld+json\" class=\"yoast-schema-graph\">{\"@context\":\"https:\/\/schema.org\",\"@graph\":[{\"@type\":\"WebPage\",\"@id\":\"https:\/\/www.mercadokeys.com\/product\/quiplash-steam-cd-key\/\",\"url\":\"https:\/\/www.mercadokeys.com\/product\/quiplash-steam-cd-key\/\",\"name\":\"Quiplash Steam CD Key - MERCADOKEYS\",\"isPartOf\":{\"@id\":\"https:\/\/www.mercadokeys.com\/eng\/#website\"},\"primaryImageOfPage\":{\"@id\":\"https:\/\/www.mercadokeys.com\/product\/quiplash-steam-cd-key\/#primaryimage\"},\"image\":{\"@id\":\"https:\/\/www.mercadokeys.com\/product\/quiplash-steam-cd-key\/#primaryimage\"},\"thumbnailUrl\":\"https:\/\/www.mercadokeys.com.mx\/wp-content\/uploads\/2020\/12\/quiplash_cover_original.jpg\",\"datePublished\":\"2020-12-16T19:57:21+00:00\",\"dateModified\":\"2022-06-28T14:14:24+00:00\",\"description\":\"\u00a1Para 3-8 jugadores y una audiencia de miles! El equipo detr\u00e1s de los exitosos juegos de fiesta YOU DON'T KNOW JACK, Fibbage y Drawful presenta Quiplash\",\"breadcrumb\":{\"@id\":\"https:\/\/www.mercadokeys.com\/product\/quiplash-steam-cd-key\/#breadcrumb\"},\"inLanguage\":\"en-GB\",\"potentialAction\":[{\"@type\":\"ReadAction\",\"target\":[\"https:\/\/www.mercadokeys.com\/product\/quiplash-steam-cd-key\/\"]}]},{\"@type\":\"ImageObject\",\"inLanguage\":\"en-GB\",\"@id\":\"https:\/\/www.mercadokeys.com\/product\/quiplash-steam-cd-key\/#primaryimage\",\"url\":\"https:\/\/www.mercadokeys.com.mx\/wp-content\/uploads\/2020\/12\/quiplash_cover_original.jpg\",\"contentUrl\":\"https:\/\/www.mercadokeys.com.mx\/wp-content\/uploads\/2020\/12\/quiplash_cover_original.jpg\",\"width\":450,\"height\":600,\"caption\":\"\u00a1Para 3-8 jugadores y una audiencia de miles! El equipo detr\u00e1s de los exitosos juegos de fiesta YOU DON'T KNOW JACK, Fibbage y Drawful presenta Quiplash,\"},{\"@type\":\"BreadcrumbList\",\"@id\":\"https:\/\/www.mercadokeys.com\/product\/quiplash-steam-cd-key\/#breadcrumb\",\"itemListElement\":[{\"@type\":\"ListItem\",\"position\":1,\"name\":\"Inicio\",\"item\":\"https:\/\/www.mercadokeys.com.mx\/\"},{\"@type\":\"ListItem\",\"position\":2,\"name\":\"Tienda\",\"item\":\"https:\/\/www.mercadokeys.com\/shop\/\"},{\"@type\":\"ListItem\",\"position\":3,\"name\":\"Quiplash Steam CD Key\"}]},{\"@type\":\"WebSite\",\"@id\":\"https:\/\/www.mercadokeys.com\/eng\/#website\",\"url\":\"https:\/\/www.mercadokeys.com\/eng\/\",\"name\":\"MERCADOKEYS\",\"description\":\"Tu Tienda de videojuegos digitales en Mexico!\",\"potentialAction\":[{\"@type\":\"SearchAction\",\"target\":{\"@type\":\"EntryPoint\",\"urlTemplate\":\"https:\/\/www.mercadokeys.com\/eng\/?s={search_term_string}\"},\"query-input\":{\"@type\":\"PropertyValueSpecification\",\"valueRequired\":true,\"valueName\":\"search_term_string\"}}],\"inLanguage\":\"en-GB\"}]}<\/script>\n<!-- \/ Yoast SEO plugin. -->","yoast_head_json":{"title":"Quiplash Steam CD Key - MERCADOKEYS","description":"\u00a1Para 3-8 jugadores y una audiencia de miles! El equipo detr\u00e1s de los exitosos juegos de fiesta YOU DON'T KNOW JACK, Fibbage y Drawful presenta Quiplash","robots":{"index":"index","follow":"follow","max-snippet":"max-snippet:-1","max-image-preview":"max-image-preview:large","max-video-preview":"max-video-preview:-1"},"canonical":"https:\/\/www.mercadokeys.com\/product\/quiplash-steam-cd-key\/","og_locale":"en_GB","og_type":"article","og_title":"Quiplash Steam CD Key - MERCADOKEYS","og_description":"\u00a1Para 3-8 jugadores y una audiencia de miles! El equipo detr\u00e1s de los exitosos juegos de fiesta YOU DON'T KNOW JACK, Fibbage y Drawful presenta Quiplash","og_url":"https:\/\/www.mercadokeys.com\/product\/quiplash-steam-cd-key\/","og_site_name":"MERCADOKEYS","article_modified_time":"2022-06-28T14:14:24+00:00","og_image":[{"width":450,"height":600,"url":"https:\/\/www.mercadokeys.com\/wp-content\/uploads\/2020\/12\/quiplash_cover_original.jpg","type":"image\/jpeg"}],"twitter_card":"summary_large_image","twitter_misc":{"Estimated reading time":"1 minute"},"schema":{"@context":"https:\/\/schema.org","@graph":[{"@type":"WebPage","@id":"https:\/\/www.mercadokeys.com\/product\/quiplash-steam-cd-key\/","url":"https:\/\/www.mercadokeys.com\/product\/quiplash-steam-cd-key\/","name":"Quiplash Steam CD Key - MERCADOKEYS","isPartOf":{"@id":"https:\/\/www.mercadokeys.com\/eng\/#website"},"primaryImageOfPage":{"@id":"https:\/\/www.mercadokeys.com\/product\/quiplash-steam-cd-key\/#primaryimage"},"image":{"@id":"https:\/\/www.mercadokeys.com\/product\/quiplash-steam-cd-key\/#primaryimage"},"thumbnailUrl":"https:\/\/www.mercadokeys.com.mx\/wp-content\/uploads\/2020\/12\/quiplash_cover_original.jpg","datePublished":"2020-12-16T19:57:21+00:00","dateModified":"2022-06-28T14:14:24+00:00","description":"\u00a1Para 3-8 jugadores y una audiencia de miles! El equipo detr\u00e1s de los exitosos juegos de fiesta YOU DON'T KNOW JACK, Fibbage y Drawful presenta Quiplash","breadcrumb":{"@id":"https:\/\/www.mercadokeys.com\/product\/quiplash-steam-cd-key\/#breadcrumb"},"inLanguage":"en-GB","potentialAction":[{"@type":"ReadAction","target":["https:\/\/www.mercadokeys.com\/product\/quiplash-steam-cd-key\/"]}]},{"@type":"ImageObject","inLanguage":"en-GB","@id":"https:\/\/www.mercadokeys.com\/product\/quiplash-steam-cd-key\/#primaryimage","url":"https:\/\/www.mercadokeys.com.mx\/wp-content\/uploads\/2020\/12\/quiplash_cover_original.jpg","contentUrl":"https:\/\/www.mercadokeys.com.mx\/wp-content\/uploads\/2020\/12\/quiplash_cover_original.jpg","width":450,"height":600,"caption":"\u00a1Para 3-8 jugadores y una audiencia de miles! El equipo detr\u00e1s de los exitosos juegos de fiesta YOU DON'T KNOW JACK, Fibbage y Drawful presenta Quiplash,"},{"@type":"BreadcrumbList","@id":"https:\/\/www.mercadokeys.com\/product\/quiplash-steam-cd-key\/#breadcrumb","itemListElement":[{"@type":"ListItem","position":1,"name":"Inicio","item":"https:\/\/www.mercadokeys.com.mx\/"},{"@type":"ListItem","position":2,"name":"Tienda","item":"https:\/\/www.mercadokeys.com\/shop\/"},{"@type":"ListItem","position":3,"name":"Quiplash Steam CD Key"}]},{"@type":"WebSite","@id":"https:\/\/www.mercadokeys.com\/eng\/#website","url":"https:\/\/www.mercadokeys.com\/eng\/","name":"MERCADOKEYS","description":"Tu Tienda de videojuegos digitales en Mexico!","potentialAction":[{"@type":"SearchAction","target":{"@type":"EntryPoint","urlTemplate":"https:\/\/www.mercadokeys.com\/eng\/?s={search_term_string}"},"query-input":{"@type":"PropertyValueSpecification","valueRequired":true,"valueName":"search_term_string"}}],"inLanguage":"en-GB"}]}},"df_price":35.068634,"df_sale_price":35.068634,"df_regular_price":35.068634,"df_image_link":"https:\/\/www.mercadokeys.com.mx\/wp-content\/uploads\/2020\/12\/quiplash_cover_original-225x300.jpg","_links":{"self":[{"href":"https:\/\/www.mercadokeys.com.mx\/eng\/wp-json\/wp\/v2\/product\/63059","targetHints":{"allow":["GET"]}}],"collection":[{"href":"https:\/\/www.mercadokeys.com.mx\/eng\/wp-json\/wp\/v2\/product"}],"about":[{"href":"https:\/\/www.mercadokeys.com.mx\/eng\/wp-json\/wp\/v2\/types\/product"}],"wp:featuredmedia":[{"embeddable":true,"href":"https:\/\/www.mercadokeys.com.mx\/eng\/wp-json\/wp\/v2\/media\/63070"}],"wp:attachment":[{"href":"https:\/\/www.mercadokeys.com.mx\/eng\/wp-json\/wp\/v2\/media?parent=63059"}],"wp:term":[{"taxonomy":"product_brand","embeddable":true,"href":"https:\/\/www.mercadokeys.com.mx\/eng\/wp-json\/wp\/v2\/product_brand?post=63059"},{"taxonomy":"product_cat","embeddable":true,"href":"https:\/\/www.mercadokeys.com.mx\/eng\/wp-json\/wp\/v2\/product_cat?post=63059"},{"taxonomy":"product_tag","embeddable":true,"href":"https:\/\/www.mercadokeys.com.mx\/eng\/wp-json\/wp\/v2\/product_tag?post=63059"}],"curies":[{"name":"wp","href":"https:\/\/api.w.org\/{rel}","templated":true}]}}