{"id":61485,"date":"2020-12-16T10:47:31","date_gmt":"2020-12-16T18:47:31","guid":{"rendered":"https:\/\/www.mercadokeys.com\/product\/euro-truck-simulator-2-scandinavia-dlc-steam-cd-key\/"},"modified":"2022-06-28T07:17:25","modified_gmt":"2022-06-28T14:17:25","slug":"euro-truck-simulator-2-scandinavia-dlc-steam-cd-key","status":"publish","type":"product","link":"https:\/\/www.mercadokeys.com.mx\/eng\/product\/euro-truck-simulator-2-scandinavia-dlc-steam-cd-key\/","title":{"rendered":"Euro Truck Simulator 2 &#8211; Scandinavia DLC Steam CD Key"},"content":{"rendered":"<p>Get ready for the largest and most exciting DLC for Euro Truck Simulator 2 so far. This map expansion features Sweden, Norway and Denmark, with mile upon mile of scenic roads and numerous landmarks to see across these three beautiful Nordic countries. New ferry terminals also allow you to board ferries directly and access the coastal cities plus use new sea routes to ports in northern Germany, Poland, and the United Kingdom. Discover 27 Scandinavian cities including Stockholm, Malm\u00f6, G\u00f6teborg, Oslo, Stavanger, Bergen, K\u00f8benhavn, Aalborg and Esbjerg&#8230;<\/p>","protected":false},"excerpt":{"rendered":"<p>Get ready for the largest and most exciting DLC for Euro Truck Simulator 2 so far. This map expansion features Sweden, Norway and Denmark, with mile upon mile of scenic roads and numerous landmarks to see across these three beautiful Nordic countries. New ferry terminals also allow you to board ferries directly and access the&#8230;<\/p>","protected":false},"featured_media":61494,"template":"","meta":{"_monsterinsights_skip_tracking":false,"_monsterinsights_sitenote_active":false,"_monsterinsights_sitenote_note":"","_monsterinsights_sitenote_category":0},"product_brand":[],"product_cat":[2981,1271,1283,1280,1273,1393],"product_tag":[],"class_list":{"0":"post-61485","1":"product","2":"type-product","3":"status-publish","4":"has-post-thumbnail","6":"product_cat-destacados","7":"product_cat-tienda-de-videojuegos-tijuana-mexico","8":"product_cat-tienda-de-videojuegos-plataformas-tijuana-mexico","9":"product_cat-tienda-de-videojuegos-pc-tijuana-mexico","10":"product_cat-tienda-de-videojuegos-steam-key-tijuana-mexico","11":"product_cat-tienda-de-videojuegos-indie-tijuana-mexico","13":"first","14":"instock","15":"shipping-taxable","16":"purchasable","17":"product-type-simple"},"yoast_head":"<!-- This site is optimized with the Yoast SEO plugin v27.0 - https:\/\/yoast.com\/product\/yoast-seo-wordpress\/ -->\n<title>Euro Truck Simulator 2 - Scandinavia DLC Steam CD Key - MERCADOKEYS<\/title>\n<meta name=\"robots\" content=\"index, follow, max-snippet:-1, max-image-preview:large, max-video-preview:-1\" \/>\n<link rel=\"canonical\" href=\"https:\/\/www.mercadokeys.com\/product\/euro-truck-simulator-2-scandinavia-dlc-steam-cd-key\/\" \/>\n<meta property=\"og:locale\" content=\"en_GB\" \/>\n<meta property=\"og:type\" content=\"article\" \/>\n<meta property=\"og:title\" content=\"Euro Truck Simulator 2 - Scandinavia DLC Steam CD Key - MERCADOKEYS\" \/>\n<meta property=\"og:description\" content=\"Get ready for the largest and most exciting DLC for Euro Truck Simulator 2 so far. This map expansion features Sweden, Norway and Denmark, with mile upon mile of scenic roads and numerous landmarks to see across these three beautiful Nordic countries. New ferry terminals also allow you to board ferries directly and access the...\" \/>\n<meta property=\"og:url\" content=\"https:\/\/www.mercadokeys.com\/product\/euro-truck-simulator-2-scandinavia-dlc-steam-cd-key\/\" \/>\n<meta property=\"og:site_name\" content=\"MERCADOKEYS\" \/>\n<meta property=\"article:modified_time\" content=\"2022-06-28T14:17:25+00:00\" \/>\n<meta property=\"og:image\" content=\"https:\/\/www.mercadokeys.com\/wp-content\/uploads\/2020\/12\/euro-truck-simulator-2-scandinavia_cover_original.jpg\" \/>\n\t<meta property=\"og:image:width\" content=\"1059\" \/>\n\t<meta property=\"og:image:height\" content=\"1500\" \/>\n\t<meta property=\"og:image:type\" content=\"image\/jpeg\" \/>\n<meta name=\"twitter:card\" content=\"summary_large_image\" \/>\n<script type=\"application\/ld+json\" class=\"yoast-schema-graph\">{\"@context\":\"https:\/\/schema.org\",\"@graph\":[{\"@type\":\"WebPage\",\"@id\":\"https:\/\/www.mercadokeys.com\/product\/euro-truck-simulator-2-scandinavia-dlc-steam-cd-key\/\",\"url\":\"https:\/\/www.mercadokeys.com\/product\/euro-truck-simulator-2-scandinavia-dlc-steam-cd-key\/\",\"name\":\"Euro Truck Simulator 2 - Scandinavia DLC Steam CD Key - MERCADOKEYS\",\"isPartOf\":{\"@id\":\"https:\/\/www.mercadokeys.com\/eng\/#website\"},\"primaryImageOfPage\":{\"@id\":\"https:\/\/www.mercadokeys.com\/product\/euro-truck-simulator-2-scandinavia-dlc-steam-cd-key\/#primaryimage\"},\"image\":{\"@id\":\"https:\/\/www.mercadokeys.com\/product\/euro-truck-simulator-2-scandinavia-dlc-steam-cd-key\/#primaryimage\"},\"thumbnailUrl\":\"https:\/\/www.mercadokeys.com.mx\/wp-content\/uploads\/2020\/12\/euro-truck-simulator-2-scandinavia_cover_original.jpg\",\"datePublished\":\"2020-12-16T18:47:31+00:00\",\"dateModified\":\"2022-06-28T14:17:25+00:00\",\"breadcrumb\":{\"@id\":\"https:\/\/www.mercadokeys.com\/product\/euro-truck-simulator-2-scandinavia-dlc-steam-cd-key\/#breadcrumb\"},\"inLanguage\":\"en-GB\",\"potentialAction\":[{\"@type\":\"ReadAction\",\"target\":[\"https:\/\/www.mercadokeys.com\/product\/euro-truck-simulator-2-scandinavia-dlc-steam-cd-key\/\"]}]},{\"@type\":\"ImageObject\",\"inLanguage\":\"en-GB\",\"@id\":\"https:\/\/www.mercadokeys.com\/product\/euro-truck-simulator-2-scandinavia-dlc-steam-cd-key\/#primaryimage\",\"url\":\"https:\/\/www.mercadokeys.com.mx\/wp-content\/uploads\/2020\/12\/euro-truck-simulator-2-scandinavia_cover_original.jpg\",\"contentUrl\":\"https:\/\/www.mercadokeys.com.mx\/wp-content\/uploads\/2020\/12\/euro-truck-simulator-2-scandinavia_cover_original.jpg\",\"width\":1059,\"height\":1500},{\"@type\":\"BreadcrumbList\",\"@id\":\"https:\/\/www.mercadokeys.com\/product\/euro-truck-simulator-2-scandinavia-dlc-steam-cd-key\/#breadcrumb\",\"itemListElement\":[{\"@type\":\"ListItem\",\"position\":1,\"name\":\"Inicio\",\"item\":\"https:\/\/www.mercadokeys.com.mx\/\"},{\"@type\":\"ListItem\",\"position\":2,\"name\":\"Tienda\",\"item\":\"https:\/\/www.mercadokeys.com\/shop\/\"},{\"@type\":\"ListItem\",\"position\":3,\"name\":\"Euro Truck Simulator 2 &#8211; Scandinavia DLC Steam CD Key\"}]},{\"@type\":\"WebSite\",\"@id\":\"https:\/\/www.mercadokeys.com\/eng\/#website\",\"url\":\"https:\/\/www.mercadokeys.com\/eng\/\",\"name\":\"MERCADOKEYS\",\"description\":\"Tu Tienda de videojuegos digitales en Mexico!\",\"potentialAction\":[{\"@type\":\"SearchAction\",\"target\":{\"@type\":\"EntryPoint\",\"urlTemplate\":\"https:\/\/www.mercadokeys.com\/eng\/?s={search_term_string}\"},\"query-input\":{\"@type\":\"PropertyValueSpecification\",\"valueRequired\":true,\"valueName\":\"search_term_string\"}}],\"inLanguage\":\"en-GB\"}]}<\/script>\n<!-- \/ Yoast SEO plugin. -->","yoast_head_json":{"title":"Euro Truck Simulator 2 - Scandinavia DLC Steam CD Key - MERCADOKEYS","robots":{"index":"index","follow":"follow","max-snippet":"max-snippet:-1","max-image-preview":"max-image-preview:large","max-video-preview":"max-video-preview:-1"},"canonical":"https:\/\/www.mercadokeys.com\/product\/euro-truck-simulator-2-scandinavia-dlc-steam-cd-key\/","og_locale":"en_GB","og_type":"article","og_title":"Euro Truck Simulator 2 - Scandinavia DLC Steam CD Key - MERCADOKEYS","og_description":"Get ready for the largest and most exciting DLC for Euro Truck Simulator 2 so far. This map expansion features Sweden, Norway and Denmark, with mile upon mile of scenic roads and numerous landmarks to see across these three beautiful Nordic countries. New ferry terminals also allow you to board ferries directly and access the...","og_url":"https:\/\/www.mercadokeys.com\/product\/euro-truck-simulator-2-scandinavia-dlc-steam-cd-key\/","og_site_name":"MERCADOKEYS","article_modified_time":"2022-06-28T14:17:25+00:00","og_image":[{"width":1059,"height":1500,"url":"https:\/\/www.mercadokeys.com\/wp-content\/uploads\/2020\/12\/euro-truck-simulator-2-scandinavia_cover_original.jpg","type":"image\/jpeg"}],"twitter_card":"summary_large_image","schema":{"@context":"https:\/\/schema.org","@graph":[{"@type":"WebPage","@id":"https:\/\/www.mercadokeys.com\/product\/euro-truck-simulator-2-scandinavia-dlc-steam-cd-key\/","url":"https:\/\/www.mercadokeys.com\/product\/euro-truck-simulator-2-scandinavia-dlc-steam-cd-key\/","name":"Euro Truck Simulator 2 - Scandinavia DLC Steam CD Key - MERCADOKEYS","isPartOf":{"@id":"https:\/\/www.mercadokeys.com\/eng\/#website"},"primaryImageOfPage":{"@id":"https:\/\/www.mercadokeys.com\/product\/euro-truck-simulator-2-scandinavia-dlc-steam-cd-key\/#primaryimage"},"image":{"@id":"https:\/\/www.mercadokeys.com\/product\/euro-truck-simulator-2-scandinavia-dlc-steam-cd-key\/#primaryimage"},"thumbnailUrl":"https:\/\/www.mercadokeys.com.mx\/wp-content\/uploads\/2020\/12\/euro-truck-simulator-2-scandinavia_cover_original.jpg","datePublished":"2020-12-16T18:47:31+00:00","dateModified":"2022-06-28T14:17:25+00:00","breadcrumb":{"@id":"https:\/\/www.mercadokeys.com\/product\/euro-truck-simulator-2-scandinavia-dlc-steam-cd-key\/#breadcrumb"},"inLanguage":"en-GB","potentialAction":[{"@type":"ReadAction","target":["https:\/\/www.mercadokeys.com\/product\/euro-truck-simulator-2-scandinavia-dlc-steam-cd-key\/"]}]},{"@type":"ImageObject","inLanguage":"en-GB","@id":"https:\/\/www.mercadokeys.com\/product\/euro-truck-simulator-2-scandinavia-dlc-steam-cd-key\/#primaryimage","url":"https:\/\/www.mercadokeys.com.mx\/wp-content\/uploads\/2020\/12\/euro-truck-simulator-2-scandinavia_cover_original.jpg","contentUrl":"https:\/\/www.mercadokeys.com.mx\/wp-content\/uploads\/2020\/12\/euro-truck-simulator-2-scandinavia_cover_original.jpg","width":1059,"height":1500},{"@type":"BreadcrumbList","@id":"https:\/\/www.mercadokeys.com\/product\/euro-truck-simulator-2-scandinavia-dlc-steam-cd-key\/#breadcrumb","itemListElement":[{"@type":"ListItem","position":1,"name":"Inicio","item":"https:\/\/www.mercadokeys.com.mx\/"},{"@type":"ListItem","position":2,"name":"Tienda","item":"https:\/\/www.mercadokeys.com\/shop\/"},{"@type":"ListItem","position":3,"name":"Euro Truck Simulator 2 &#8211; Scandinavia DLC Steam CD Key"}]},{"@type":"WebSite","@id":"https:\/\/www.mercadokeys.com\/eng\/#website","url":"https:\/\/www.mercadokeys.com\/eng\/","name":"MERCADOKEYS","description":"Tu Tienda de videojuegos digitales en Mexico!","potentialAction":[{"@type":"SearchAction","target":{"@type":"EntryPoint","urlTemplate":"https:\/\/www.mercadokeys.com\/eng\/?s={search_term_string}"},"query-input":{"@type":"PropertyValueSpecification","valueRequired":true,"valueName":"search_term_string"}}],"inLanguage":"en-GB"}]}},"df_price":136.401408,"df_sale_price":136.401408,"df_regular_price":136.401408,"df_image_link":"https:\/\/www.mercadokeys.com.mx\/wp-content\/uploads\/2020\/12\/euro-truck-simulator-2-scandinavia_cover_original-212x300.jpg","_links":{"self":[{"href":"https:\/\/www.mercadokeys.com.mx\/eng\/wp-json\/wp\/v2\/product\/61485","targetHints":{"allow":["GET"]}}],"collection":[{"href":"https:\/\/www.mercadokeys.com.mx\/eng\/wp-json\/wp\/v2\/product"}],"about":[{"href":"https:\/\/www.mercadokeys.com.mx\/eng\/wp-json\/wp\/v2\/types\/product"}],"wp:featuredmedia":[{"embeddable":true,"href":"https:\/\/www.mercadokeys.com.mx\/eng\/wp-json\/wp\/v2\/media\/61494"}],"wp:attachment":[{"href":"https:\/\/www.mercadokeys.com.mx\/eng\/wp-json\/wp\/v2\/media?parent=61485"}],"wp:term":[{"taxonomy":"product_brand","embeddable":true,"href":"https:\/\/www.mercadokeys.com.mx\/eng\/wp-json\/wp\/v2\/product_brand?post=61485"},{"taxonomy":"product_cat","embeddable":true,"href":"https:\/\/www.mercadokeys.com.mx\/eng\/wp-json\/wp\/v2\/product_cat?post=61485"},{"taxonomy":"product_tag","embeddable":true,"href":"https:\/\/www.mercadokeys.com.mx\/eng\/wp-json\/wp\/v2\/product_tag?post=61485"}],"curies":[{"name":"wp","href":"https:\/\/api.w.org\/{rel}","templated":true}]}}