{"id":61347,"date":"2020-12-16T10:35:57","date_gmt":"2020-12-16T18:35:57","guid":{"rendered":"https:\/\/www.mercadokeys.com\/product\/guns-gore-cannoli-steam-cd-key\/"},"modified":"2022-06-28T07:18:23","modified_gmt":"2022-06-28T14:18:23","slug":"guns-gore-cannoli-steam-cd-key","status":"publish","type":"product","link":"https:\/\/www.mercadokeys.com.mx\/eng\/product\/guns-gore-cannoli-steam-cd-key\/","title":{"rendered":"Guns Gore &amp; Cannoli Steam CD Key"},"content":{"rendered":"<p><span style=\"vertical-align: inherit\">Bienvenido a Thugtown alrededor de 1920, el apogeo de la Prohibici\u00f3n. En Guns Gore &amp; Cannoli prep\u00e1rate para un juego de plataformas sin parar, lleno de acci\u00f3n, completamente exagerado y vertiginoso. En contraste con el apogeo de los g\u00e1nsteres de los locos a\u00f1os veinte. Pi\u00e9rdete en una apasionante y elaborada historia del subsuelo y el inframundo. Experimente la amistad, la traici\u00f3n, la venganza y sea testigo de primera mano del ascenso y la ca\u00edda de un cerebro criminal. Esto es survival horror, estilo sabio &#8230; \u00bfCapiche?<\/span><\/p>","protected":false},"excerpt":{"rendered":"<p>Bienvenido a Thugtown alrededor de 1920, el apogeo de la Prohibici\u00f3n. En Guns Gore &amp; Cannoli prep\u00e1rate para un juego de plataformas sin parar, lleno de acci\u00f3n, completamente exagerado y vertiginoso. En contraste con el apogeo de los g\u00e1nsteres de los locos a\u00f1os veinte. Pi\u00e9rdete en una apasionante y elaborada historia del subsuelo y el&#8230;<\/p>","protected":false},"featured_media":61360,"template":"","meta":{"_monsterinsights_skip_tracking":false,"_monsterinsights_sitenote_active":false,"_monsterinsights_sitenote_note":"","_monsterinsights_sitenote_category":0},"product_brand":[],"product_cat":[1501,2981,1271,3164,1420,1283,1280,1273,1393,1428],"product_tag":[2065,2066,1526],"class_list":{"0":"post-61347","1":"product","2":"type-product","3":"status-publish","4":"has-post-thumbnail","6":"product_cat-tienda-de-videojuegos-ultimos-juegos-tijuana-mexico","7":"product_cat-destacados","8":"product_cat-tienda-de-videojuegos-tijuana-mexico","9":"product_cat-tienda-de-videojuegos-baratos-economicos-tijuana-mexico","10":"product_cat-tienda-de-videojuegos-populares-tijuana-mexico","11":"product_cat-tienda-de-videojuegos-plataformas-tijuana-mexico","12":"product_cat-tienda-de-videojuegos-pc-tijuana-mexico","13":"product_cat-tienda-de-videojuegos-steam-key-tijuana-mexico","14":"product_cat-tienda-de-videojuegos-indie-tijuana-mexico","15":"product_cat-tienda-de-videojuegos-cooperativos-tijuana-mexico","16":"product_tag-guns-gore-cannoli","17":"product_tag-guns-gore-cannoli-steam","18":"product_tag-steam","20":"first","21":"instock","22":"shipping-taxable","23":"purchasable","24":"product-type-simple"},"yoast_head":"<!-- This site is optimized with the Yoast SEO plugin v27.0 - https:\/\/yoast.com\/product\/yoast-seo-wordpress\/ -->\n<title>Guns Gore &amp; Cannoli Steam CD Key - MERCADOKEYS<\/title>\n<meta name=\"description\" content=\"En Guns Gore &amp; Cannoli prep\u00e1rate para un juego de plataformas sin parar, lleno de acci\u00f3n, completamente exagerado y vertiginoso\" \/>\n<meta name=\"robots\" content=\"index, follow, max-snippet:-1, max-image-preview:large, max-video-preview:-1\" \/>\n<link rel=\"canonical\" href=\"https:\/\/www.mercadokeys.com\/product\/guns-gore-cannoli-steam-cd-key\/\" \/>\n<meta property=\"og:locale\" content=\"en_GB\" \/>\n<meta property=\"og:type\" content=\"article\" \/>\n<meta property=\"og:title\" content=\"Guns Gore &amp; Cannoli Steam CD Key - MERCADOKEYS\" \/>\n<meta property=\"og:description\" content=\"En Guns Gore &amp; Cannoli prep\u00e1rate para un juego de plataformas sin parar, lleno de acci\u00f3n, completamente exagerado y vertiginoso\" \/>\n<meta property=\"og:url\" content=\"https:\/\/www.mercadokeys.com\/product\/guns-gore-cannoli-steam-cd-key\/\" \/>\n<meta property=\"og:site_name\" content=\"MERCADOKEYS\" \/>\n<meta property=\"article:modified_time\" content=\"2022-06-28T14:18:23+00:00\" \/>\n<meta property=\"og:image\" content=\"https:\/\/www.mercadokeys.com\/wp-content\/uploads\/2020\/12\/guns-gore-and-cannoli_cover_original.png\" \/>\n\t<meta property=\"og:image:width\" content=\"616\" \/>\n\t<meta property=\"og:image:height\" content=\"353\" \/>\n\t<meta property=\"og:image:type\" content=\"image\/png\" \/>\n<meta name=\"twitter:card\" content=\"summary_large_image\" \/>\n<meta name=\"twitter:label1\" content=\"Estimated reading time\" \/>\n\t<meta name=\"twitter:data1\" content=\"1 minute\" \/>\n<script type=\"application\/ld+json\" class=\"yoast-schema-graph\">{\"@context\":\"https:\/\/schema.org\",\"@graph\":[{\"@type\":\"WebPage\",\"@id\":\"https:\/\/www.mercadokeys.com\/product\/guns-gore-cannoli-steam-cd-key\/\",\"url\":\"https:\/\/www.mercadokeys.com\/product\/guns-gore-cannoli-steam-cd-key\/\",\"name\":\"Guns Gore &amp; Cannoli Steam CD Key - MERCADOKEYS\",\"isPartOf\":{\"@id\":\"https:\/\/www.mercadokeys.com\/eng\/#website\"},\"primaryImageOfPage\":{\"@id\":\"https:\/\/www.mercadokeys.com\/product\/guns-gore-cannoli-steam-cd-key\/#primaryimage\"},\"image\":{\"@id\":\"https:\/\/www.mercadokeys.com\/product\/guns-gore-cannoli-steam-cd-key\/#primaryimage\"},\"thumbnailUrl\":\"https:\/\/www.mercadokeys.com.mx\/wp-content\/uploads\/2020\/12\/guns-gore-and-cannoli_cover_original.png\",\"datePublished\":\"2020-12-16T18:35:57+00:00\",\"dateModified\":\"2022-06-28T14:18:23+00:00\",\"description\":\"En Guns Gore & Cannoli prep\u00e1rate para un juego de plataformas sin parar, lleno de acci\u00f3n, completamente exagerado y vertiginoso\",\"breadcrumb\":{\"@id\":\"https:\/\/www.mercadokeys.com\/product\/guns-gore-cannoli-steam-cd-key\/#breadcrumb\"},\"inLanguage\":\"en-GB\",\"potentialAction\":[{\"@type\":\"ReadAction\",\"target\":[\"https:\/\/www.mercadokeys.com\/product\/guns-gore-cannoli-steam-cd-key\/\"]}]},{\"@type\":\"ImageObject\",\"inLanguage\":\"en-GB\",\"@id\":\"https:\/\/www.mercadokeys.com\/product\/guns-gore-cannoli-steam-cd-key\/#primaryimage\",\"url\":\"https:\/\/www.mercadokeys.com.mx\/wp-content\/uploads\/2020\/12\/guns-gore-and-cannoli_cover_original.png\",\"contentUrl\":\"https:\/\/www.mercadokeys.com.mx\/wp-content\/uploads\/2020\/12\/guns-gore-and-cannoli_cover_original.png\",\"width\":616,\"height\":353,\"caption\":\"En Guns Gore & Cannoli prep\u00e1rate para un juego de plataformas sin parar, lleno de acci\u00f3n, completamente exagerado y vertiginoso\"},{\"@type\":\"BreadcrumbList\",\"@id\":\"https:\/\/www.mercadokeys.com\/product\/guns-gore-cannoli-steam-cd-key\/#breadcrumb\",\"itemListElement\":[{\"@type\":\"ListItem\",\"position\":1,\"name\":\"Inicio\",\"item\":\"https:\/\/www.mercadokeys.com.mx\/\"},{\"@type\":\"ListItem\",\"position\":2,\"name\":\"Tienda\",\"item\":\"https:\/\/www.mercadokeys.com\/shop\/\"},{\"@type\":\"ListItem\",\"position\":3,\"name\":\"Guns Gore &amp; Cannoli Steam CD Key\"}]},{\"@type\":\"WebSite\",\"@id\":\"https:\/\/www.mercadokeys.com\/eng\/#website\",\"url\":\"https:\/\/www.mercadokeys.com\/eng\/\",\"name\":\"MERCADOKEYS\",\"description\":\"Tu Tienda de videojuegos digitales en Mexico!\",\"potentialAction\":[{\"@type\":\"SearchAction\",\"target\":{\"@type\":\"EntryPoint\",\"urlTemplate\":\"https:\/\/www.mercadokeys.com\/eng\/?s={search_term_string}\"},\"query-input\":{\"@type\":\"PropertyValueSpecification\",\"valueRequired\":true,\"valueName\":\"search_term_string\"}}],\"inLanguage\":\"en-GB\"}]}<\/script>\n<!-- \/ Yoast SEO plugin. -->","yoast_head_json":{"title":"Guns Gore &amp; Cannoli Steam CD Key - MERCADOKEYS","description":"En Guns Gore & Cannoli prep\u00e1rate para un juego de plataformas sin parar, lleno de acci\u00f3n, completamente exagerado y vertiginoso","robots":{"index":"index","follow":"follow","max-snippet":"max-snippet:-1","max-image-preview":"max-image-preview:large","max-video-preview":"max-video-preview:-1"},"canonical":"https:\/\/www.mercadokeys.com\/product\/guns-gore-cannoli-steam-cd-key\/","og_locale":"en_GB","og_type":"article","og_title":"Guns Gore &amp; Cannoli Steam CD Key - MERCADOKEYS","og_description":"En Guns Gore & Cannoli prep\u00e1rate para un juego de plataformas sin parar, lleno de acci\u00f3n, completamente exagerado y vertiginoso","og_url":"https:\/\/www.mercadokeys.com\/product\/guns-gore-cannoli-steam-cd-key\/","og_site_name":"MERCADOKEYS","article_modified_time":"2022-06-28T14:18:23+00:00","og_image":[{"width":616,"height":353,"url":"https:\/\/www.mercadokeys.com\/wp-content\/uploads\/2020\/12\/guns-gore-and-cannoli_cover_original.png","type":"image\/png"}],"twitter_card":"summary_large_image","twitter_misc":{"Estimated reading time":"1 minute"},"schema":{"@context":"https:\/\/schema.org","@graph":[{"@type":"WebPage","@id":"https:\/\/www.mercadokeys.com\/product\/guns-gore-cannoli-steam-cd-key\/","url":"https:\/\/www.mercadokeys.com\/product\/guns-gore-cannoli-steam-cd-key\/","name":"Guns Gore &amp; Cannoli Steam CD Key - MERCADOKEYS","isPartOf":{"@id":"https:\/\/www.mercadokeys.com\/eng\/#website"},"primaryImageOfPage":{"@id":"https:\/\/www.mercadokeys.com\/product\/guns-gore-cannoli-steam-cd-key\/#primaryimage"},"image":{"@id":"https:\/\/www.mercadokeys.com\/product\/guns-gore-cannoli-steam-cd-key\/#primaryimage"},"thumbnailUrl":"https:\/\/www.mercadokeys.com.mx\/wp-content\/uploads\/2020\/12\/guns-gore-and-cannoli_cover_original.png","datePublished":"2020-12-16T18:35:57+00:00","dateModified":"2022-06-28T14:18:23+00:00","description":"En Guns Gore & Cannoli prep\u00e1rate para un juego de plataformas sin parar, lleno de acci\u00f3n, completamente exagerado y vertiginoso","breadcrumb":{"@id":"https:\/\/www.mercadokeys.com\/product\/guns-gore-cannoli-steam-cd-key\/#breadcrumb"},"inLanguage":"en-GB","potentialAction":[{"@type":"ReadAction","target":["https:\/\/www.mercadokeys.com\/product\/guns-gore-cannoli-steam-cd-key\/"]}]},{"@type":"ImageObject","inLanguage":"en-GB","@id":"https:\/\/www.mercadokeys.com\/product\/guns-gore-cannoli-steam-cd-key\/#primaryimage","url":"https:\/\/www.mercadokeys.com.mx\/wp-content\/uploads\/2020\/12\/guns-gore-and-cannoli_cover_original.png","contentUrl":"https:\/\/www.mercadokeys.com.mx\/wp-content\/uploads\/2020\/12\/guns-gore-and-cannoli_cover_original.png","width":616,"height":353,"caption":"En Guns Gore & Cannoli prep\u00e1rate para un juego de plataformas sin parar, lleno de acci\u00f3n, completamente exagerado y vertiginoso"},{"@type":"BreadcrumbList","@id":"https:\/\/www.mercadokeys.com\/product\/guns-gore-cannoli-steam-cd-key\/#breadcrumb","itemListElement":[{"@type":"ListItem","position":1,"name":"Inicio","item":"https:\/\/www.mercadokeys.com.mx\/"},{"@type":"ListItem","position":2,"name":"Tienda","item":"https:\/\/www.mercadokeys.com\/shop\/"},{"@type":"ListItem","position":3,"name":"Guns Gore &amp; Cannoli Steam CD Key"}]},{"@type":"WebSite","@id":"https:\/\/www.mercadokeys.com\/eng\/#website","url":"https:\/\/www.mercadokeys.com\/eng\/","name":"MERCADOKEYS","description":"Tu Tienda de videojuegos digitales en Mexico!","potentialAction":[{"@type":"SearchAction","target":{"@type":"EntryPoint","urlTemplate":"https:\/\/www.mercadokeys.com\/eng\/?s={search_term_string}"},"query-input":{"@type":"PropertyValueSpecification","valueRequired":true,"valueName":"search_term_string"}}],"inLanguage":"en-GB"}]}},"df_price":134.98056,"df_sale_price":134.98056,"df_regular_price":134.98056,"df_image_link":"https:\/\/www.mercadokeys.com.mx\/wp-content\/uploads\/2020\/12\/guns-gore-and-cannoli_cover_original-300x172.png","_links":{"self":[{"href":"https:\/\/www.mercadokeys.com.mx\/eng\/wp-json\/wp\/v2\/product\/61347","targetHints":{"allow":["GET"]}}],"collection":[{"href":"https:\/\/www.mercadokeys.com.mx\/eng\/wp-json\/wp\/v2\/product"}],"about":[{"href":"https:\/\/www.mercadokeys.com.mx\/eng\/wp-json\/wp\/v2\/types\/product"}],"wp:featuredmedia":[{"embeddable":true,"href":"https:\/\/www.mercadokeys.com.mx\/eng\/wp-json\/wp\/v2\/media\/61360"}],"wp:attachment":[{"href":"https:\/\/www.mercadokeys.com.mx\/eng\/wp-json\/wp\/v2\/media?parent=61347"}],"wp:term":[{"taxonomy":"product_brand","embeddable":true,"href":"https:\/\/www.mercadokeys.com.mx\/eng\/wp-json\/wp\/v2\/product_brand?post=61347"},{"taxonomy":"product_cat","embeddable":true,"href":"https:\/\/www.mercadokeys.com.mx\/eng\/wp-json\/wp\/v2\/product_cat?post=61347"},{"taxonomy":"product_tag","embeddable":true,"href":"https:\/\/www.mercadokeys.com.mx\/eng\/wp-json\/wp\/v2\/product_tag?post=61347"}],"curies":[{"name":"wp","href":"https:\/\/api.w.org\/{rel}","templated":true}]}}