{"id":61183,"date":"2020-12-16T10:24:17","date_gmt":"2020-12-16T18:24:17","guid":{"rendered":"https:\/\/www.mercadokeys.com\/product\/trine-3-the-artifacts-of-power-steam-cd-key\/"},"modified":"2022-06-28T07:19:10","modified_gmt":"2022-06-28T14:19:10","slug":"trine-3-the-artifacts-of-power-steam-cd-key","status":"publish","type":"product","link":"https:\/\/www.mercadokeys.com.mx\/eng\/product\/trine-3-the-artifacts-of-power-steam-cd-key\/","title":{"rendered":"Trine 3: The Artifacts of Power Steam CD Key"},"content":{"rendered":"<p><span style=\"vertical-align: inherit\">Trine 3: The Artifacts of Power es un viaje de cuento de hadas que te lleva a una b\u00fasqueda con tres h\u00e9roes: Amadeus el mago, Poncio el caballero y Zoya la ladrona. Jugable en un jugador y en modo cooperativo local o en l\u00ednea; \u00a1prueba tus habilidades en combate y resuelve acertijos de la manera m\u00e1s creativa!. Todo esto en Trine 3<\/span><\/p>","protected":false},"excerpt":{"rendered":"<p>Trine 3: The Artifacts of Power es un viaje de cuento de hadas que te lleva a una b\u00fasqueda con tres h\u00e9roes: Amadeus el mago, Poncio el caballero y Zoya la ladrona. Jugable en un jugador y en modo cooperativo local o en l\u00ednea; \u00a1prueba tus habilidades en combate y resuelve acertijos de la manera&#8230;<\/p>","protected":false},"featured_media":61194,"template":"","meta":{"_monsterinsights_skip_tracking":false,"_monsterinsights_sitenote_active":false,"_monsterinsights_sitenote_note":"","_monsterinsights_sitenote_category":0},"product_brand":[],"product_cat":[1501,2981,1271,3164,1420,1283,1280,1273,1393,1428],"product_tag":[1526,2073,2072],"class_list":{"0":"post-61183","1":"product","2":"type-product","3":"status-publish","4":"has-post-thumbnail","6":"product_cat-tienda-de-videojuegos-ultimos-juegos-tijuana-mexico","7":"product_cat-destacados","8":"product_cat-tienda-de-videojuegos-tijuana-mexico","9":"product_cat-tienda-de-videojuegos-baratos-economicos-tijuana-mexico","10":"product_cat-tienda-de-videojuegos-populares-tijuana-mexico","11":"product_cat-tienda-de-videojuegos-plataformas-tijuana-mexico","12":"product_cat-tienda-de-videojuegos-pc-tijuana-mexico","13":"product_cat-tienda-de-videojuegos-steam-key-tijuana-mexico","14":"product_cat-tienda-de-videojuegos-indie-tijuana-mexico","15":"product_cat-tienda-de-videojuegos-cooperativos-tijuana-mexico","16":"product_tag-steam","17":"product_tag-trine-3-the-artifacts-of-power","18":"product_tag-trine-3-the-artifacts-of-power-steam","20":"first","21":"instock","22":"shipping-taxable","23":"purchasable","24":"product-type-simple"},"yoast_head":"<!-- This site is optimized with the Yoast SEO plugin v27.0 - https:\/\/yoast.com\/product\/yoast-seo-wordpress\/ -->\n<title>Trine 3: The Artifacts of Power Steam CD Key - MERCADOKEYS<\/title>\n<meta name=\"description\" content=\"Trine 3: The Artifacts of Power es un viaje de cuento de hadas que te lleva a una b\u00fasqueda con tres h\u00e9roes: Amadeus el mago, Poncio caballero y Zoya ladrona\" \/>\n<meta name=\"robots\" content=\"index, follow, max-snippet:-1, max-image-preview:large, max-video-preview:-1\" \/>\n<link rel=\"canonical\" href=\"https:\/\/www.mercadokeys.com\/product\/trine-3-the-artifacts-of-power-steam-cd-key\/\" \/>\n<meta property=\"og:locale\" content=\"en_GB\" \/>\n<meta property=\"og:type\" content=\"article\" \/>\n<meta property=\"og:title\" content=\"Trine 3: The Artifacts of Power Steam CD Key - MERCADOKEYS\" \/>\n<meta property=\"og:description\" content=\"Trine 3: The Artifacts of Power es un viaje de cuento de hadas que te lleva a una b\u00fasqueda con tres h\u00e9roes: Amadeus el mago, Poncio caballero y Zoya ladrona\" \/>\n<meta property=\"og:url\" content=\"https:\/\/www.mercadokeys.com\/product\/trine-3-the-artifacts-of-power-steam-cd-key\/\" \/>\n<meta property=\"og:site_name\" content=\"MERCADOKEYS\" \/>\n<meta property=\"article:modified_time\" content=\"2022-06-28T14:19:10+00:00\" \/>\n<meta property=\"og:image\" content=\"https:\/\/www.mercadokeys.com\/wp-content\/uploads\/2020\/12\/trine-3-the-artifacts-of-power_cover_original.jpg\" \/>\n\t<meta property=\"og:image:width\" content=\"2500\" \/>\n\t<meta property=\"og:image:height\" content=\"2500\" \/>\n\t<meta property=\"og:image:type\" content=\"image\/jpeg\" \/>\n<meta name=\"twitter:card\" content=\"summary_large_image\" \/>\n<meta name=\"twitter:label1\" content=\"Estimated reading time\" \/>\n\t<meta name=\"twitter:data1\" content=\"1 minute\" \/>\n<script type=\"application\/ld+json\" class=\"yoast-schema-graph\">{\"@context\":\"https:\/\/schema.org\",\"@graph\":[{\"@type\":\"WebPage\",\"@id\":\"https:\/\/www.mercadokeys.com\/product\/trine-3-the-artifacts-of-power-steam-cd-key\/\",\"url\":\"https:\/\/www.mercadokeys.com\/product\/trine-3-the-artifacts-of-power-steam-cd-key\/\",\"name\":\"Trine 3: The Artifacts of Power Steam CD Key - MERCADOKEYS\",\"isPartOf\":{\"@id\":\"https:\/\/www.mercadokeys.com\/eng\/#website\"},\"primaryImageOfPage\":{\"@id\":\"https:\/\/www.mercadokeys.com\/product\/trine-3-the-artifacts-of-power-steam-cd-key\/#primaryimage\"},\"image\":{\"@id\":\"https:\/\/www.mercadokeys.com\/product\/trine-3-the-artifacts-of-power-steam-cd-key\/#primaryimage\"},\"thumbnailUrl\":\"https:\/\/www.mercadokeys.com.mx\/wp-content\/uploads\/2020\/12\/trine-3-the-artifacts-of-power_cover_original.jpg\",\"datePublished\":\"2020-12-16T18:24:17+00:00\",\"dateModified\":\"2022-06-28T14:19:10+00:00\",\"description\":\"Trine 3: The Artifacts of Power es un viaje de cuento de hadas que te lleva a una b\u00fasqueda con tres h\u00e9roes: Amadeus el mago, Poncio caballero y Zoya ladrona\",\"breadcrumb\":{\"@id\":\"https:\/\/www.mercadokeys.com\/product\/trine-3-the-artifacts-of-power-steam-cd-key\/#breadcrumb\"},\"inLanguage\":\"en-GB\",\"potentialAction\":[{\"@type\":\"ReadAction\",\"target\":[\"https:\/\/www.mercadokeys.com\/product\/trine-3-the-artifacts-of-power-steam-cd-key\/\"]}]},{\"@type\":\"ImageObject\",\"inLanguage\":\"en-GB\",\"@id\":\"https:\/\/www.mercadokeys.com\/product\/trine-3-the-artifacts-of-power-steam-cd-key\/#primaryimage\",\"url\":\"https:\/\/www.mercadokeys.com.mx\/wp-content\/uploads\/2020\/12\/trine-3-the-artifacts-of-power_cover_original.jpg\",\"contentUrl\":\"https:\/\/www.mercadokeys.com.mx\/wp-content\/uploads\/2020\/12\/trine-3-the-artifacts-of-power_cover_original.jpg\",\"width\":2500,\"height\":2500,\"caption\":\"Trine 3: The Artifacts of Power es un viaje de cuento de hadas que te lleva a una b\u00fasqueda con tres h\u00e9roes: Amadeus el mago, Poncio caballero y Zoya ladrona\"},{\"@type\":\"BreadcrumbList\",\"@id\":\"https:\/\/www.mercadokeys.com\/product\/trine-3-the-artifacts-of-power-steam-cd-key\/#breadcrumb\",\"itemListElement\":[{\"@type\":\"ListItem\",\"position\":1,\"name\":\"Inicio\",\"item\":\"https:\/\/www.mercadokeys.com.mx\/\"},{\"@type\":\"ListItem\",\"position\":2,\"name\":\"Tienda\",\"item\":\"https:\/\/www.mercadokeys.com\/shop\/\"},{\"@type\":\"ListItem\",\"position\":3,\"name\":\"Trine 3: The Artifacts of Power Steam CD Key\"}]},{\"@type\":\"WebSite\",\"@id\":\"https:\/\/www.mercadokeys.com\/eng\/#website\",\"url\":\"https:\/\/www.mercadokeys.com\/eng\/\",\"name\":\"MERCADOKEYS\",\"description\":\"Tu Tienda de videojuegos digitales en Mexico!\",\"potentialAction\":[{\"@type\":\"SearchAction\",\"target\":{\"@type\":\"EntryPoint\",\"urlTemplate\":\"https:\/\/www.mercadokeys.com\/eng\/?s={search_term_string}\"},\"query-input\":{\"@type\":\"PropertyValueSpecification\",\"valueRequired\":true,\"valueName\":\"search_term_string\"}}],\"inLanguage\":\"en-GB\"}]}<\/script>\n<!-- \/ Yoast SEO plugin. -->","yoast_head_json":{"title":"Trine 3: The Artifacts of Power Steam CD Key - MERCADOKEYS","description":"Trine 3: The Artifacts of Power es un viaje de cuento de hadas que te lleva a una b\u00fasqueda con tres h\u00e9roes: Amadeus el mago, Poncio caballero y Zoya ladrona","robots":{"index":"index","follow":"follow","max-snippet":"max-snippet:-1","max-image-preview":"max-image-preview:large","max-video-preview":"max-video-preview:-1"},"canonical":"https:\/\/www.mercadokeys.com\/product\/trine-3-the-artifacts-of-power-steam-cd-key\/","og_locale":"en_GB","og_type":"article","og_title":"Trine 3: The Artifacts of Power Steam CD Key - MERCADOKEYS","og_description":"Trine 3: The Artifacts of Power es un viaje de cuento de hadas que te lleva a una b\u00fasqueda con tres h\u00e9roes: Amadeus el mago, Poncio caballero y Zoya ladrona","og_url":"https:\/\/www.mercadokeys.com\/product\/trine-3-the-artifacts-of-power-steam-cd-key\/","og_site_name":"MERCADOKEYS","article_modified_time":"2022-06-28T14:19:10+00:00","og_image":[{"width":2500,"height":2500,"url":"https:\/\/www.mercadokeys.com\/wp-content\/uploads\/2020\/12\/trine-3-the-artifacts-of-power_cover_original.jpg","type":"image\/jpeg"}],"twitter_card":"summary_large_image","twitter_misc":{"Estimated reading time":"1 minute"},"schema":{"@context":"https:\/\/schema.org","@graph":[{"@type":"WebPage","@id":"https:\/\/www.mercadokeys.com\/product\/trine-3-the-artifacts-of-power-steam-cd-key\/","url":"https:\/\/www.mercadokeys.com\/product\/trine-3-the-artifacts-of-power-steam-cd-key\/","name":"Trine 3: The Artifacts of Power Steam CD Key - MERCADOKEYS","isPartOf":{"@id":"https:\/\/www.mercadokeys.com\/eng\/#website"},"primaryImageOfPage":{"@id":"https:\/\/www.mercadokeys.com\/product\/trine-3-the-artifacts-of-power-steam-cd-key\/#primaryimage"},"image":{"@id":"https:\/\/www.mercadokeys.com\/product\/trine-3-the-artifacts-of-power-steam-cd-key\/#primaryimage"},"thumbnailUrl":"https:\/\/www.mercadokeys.com.mx\/wp-content\/uploads\/2020\/12\/trine-3-the-artifacts-of-power_cover_original.jpg","datePublished":"2020-12-16T18:24:17+00:00","dateModified":"2022-06-28T14:19:10+00:00","description":"Trine 3: The Artifacts of Power es un viaje de cuento de hadas que te lleva a una b\u00fasqueda con tres h\u00e9roes: Amadeus el mago, Poncio caballero y Zoya ladrona","breadcrumb":{"@id":"https:\/\/www.mercadokeys.com\/product\/trine-3-the-artifacts-of-power-steam-cd-key\/#breadcrumb"},"inLanguage":"en-GB","potentialAction":[{"@type":"ReadAction","target":["https:\/\/www.mercadokeys.com\/product\/trine-3-the-artifacts-of-power-steam-cd-key\/"]}]},{"@type":"ImageObject","inLanguage":"en-GB","@id":"https:\/\/www.mercadokeys.com\/product\/trine-3-the-artifacts-of-power-steam-cd-key\/#primaryimage","url":"https:\/\/www.mercadokeys.com.mx\/wp-content\/uploads\/2020\/12\/trine-3-the-artifacts-of-power_cover_original.jpg","contentUrl":"https:\/\/www.mercadokeys.com.mx\/wp-content\/uploads\/2020\/12\/trine-3-the-artifacts-of-power_cover_original.jpg","width":2500,"height":2500,"caption":"Trine 3: The Artifacts of Power es un viaje de cuento de hadas que te lleva a una b\u00fasqueda con tres h\u00e9roes: Amadeus el mago, Poncio caballero y Zoya ladrona"},{"@type":"BreadcrumbList","@id":"https:\/\/www.mercadokeys.com\/product\/trine-3-the-artifacts-of-power-steam-cd-key\/#breadcrumb","itemListElement":[{"@type":"ListItem","position":1,"name":"Inicio","item":"https:\/\/www.mercadokeys.com.mx\/"},{"@type":"ListItem","position":2,"name":"Tienda","item":"https:\/\/www.mercadokeys.com\/shop\/"},{"@type":"ListItem","position":3,"name":"Trine 3: The Artifacts of Power Steam CD Key"}]},{"@type":"WebSite","@id":"https:\/\/www.mercadokeys.com\/eng\/#website","url":"https:\/\/www.mercadokeys.com\/eng\/","name":"MERCADOKEYS","description":"Tu Tienda de videojuegos digitales en Mexico!","potentialAction":[{"@type":"SearchAction","target":{"@type":"EntryPoint","urlTemplate":"https:\/\/www.mercadokeys.com\/eng\/?s={search_term_string}"},"query-input":{"@type":"PropertyValueSpecification","valueRequired":true,"valueName":"search_term_string"}}],"inLanguage":"en-GB"}]}},"df_price":156.00911,"df_sale_price":156.00911,"df_regular_price":156.00911,"df_image_link":"https:\/\/www.mercadokeys.com.mx\/wp-content\/uploads\/2020\/12\/trine-3-the-artifacts-of-power_cover_original-300x300.jpg","_links":{"self":[{"href":"https:\/\/www.mercadokeys.com.mx\/eng\/wp-json\/wp\/v2\/product\/61183","targetHints":{"allow":["GET"]}}],"collection":[{"href":"https:\/\/www.mercadokeys.com.mx\/eng\/wp-json\/wp\/v2\/product"}],"about":[{"href":"https:\/\/www.mercadokeys.com.mx\/eng\/wp-json\/wp\/v2\/types\/product"}],"wp:featuredmedia":[{"embeddable":true,"href":"https:\/\/www.mercadokeys.com.mx\/eng\/wp-json\/wp\/v2\/media\/61194"}],"wp:attachment":[{"href":"https:\/\/www.mercadokeys.com.mx\/eng\/wp-json\/wp\/v2\/media?parent=61183"}],"wp:term":[{"taxonomy":"product_brand","embeddable":true,"href":"https:\/\/www.mercadokeys.com.mx\/eng\/wp-json\/wp\/v2\/product_brand?post=61183"},{"taxonomy":"product_cat","embeddable":true,"href":"https:\/\/www.mercadokeys.com.mx\/eng\/wp-json\/wp\/v2\/product_cat?post=61183"},{"taxonomy":"product_tag","embeddable":true,"href":"https:\/\/www.mercadokeys.com.mx\/eng\/wp-json\/wp\/v2\/product_tag?post=61183"}],"curies":[{"name":"wp","href":"https:\/\/api.w.org\/{rel}","templated":true}]}}