{"id":60779,"date":"2020-12-16T09:52:30","date_gmt":"2020-12-16T17:52:30","guid":{"rendered":"https:\/\/www.mercadokeys.com\/product\/company-of-heroes-2-steam-cd-key\/"},"modified":"2022-06-29T06:26:06","modified_gmt":"2022-06-29T13:26:06","slug":"company-of-heroes-2-steam-cd-key","status":"publish","type":"product","link":"https:\/\/www.mercadokeys.com.mx\/eng\/product\/company-of-heroes-2-steam-cd-key\/","title":{"rendered":"Company of Heroes 2 Steam CD Key"},"content":{"rendered":"<p><span style=\"vertical-align: inherit;\">En Company of Heroes 2\u00a0 experimente la plataforma RTS definitiva de la Segunda Guerra Mundial con COH2 y sus expansiones independientes. Este paquete incluye el juego base, que luego puedes actualizar comprando The Western Front Armies, Ardennes Assault y \/ o The British Forces. M\u00e1s informaci\u00f3n en la secci\u00f3n &#8220;Acerca de este juego&#8221; a continuaci\u00f3n.<\/span><\/p>","protected":false},"excerpt":{"rendered":"<p>En Company of Heroes 2\u00a0 experimente la plataforma RTS definitiva de la Segunda Guerra Mundial con COH2 y sus expansiones independientes. Este paquete incluye el juego base, que luego puedes actualizar comprando The Western Front Armies, Ardennes Assault y \/ o The British Forces. M\u00e1s informaci\u00f3n en la secci\u00f3n &#8220;Acerca de este juego&#8221; a continuaci\u00f3n.<\/p>","protected":false},"featured_media":60790,"template":"","meta":{"_monsterinsights_skip_tracking":false,"_monsterinsights_sitenote_active":false,"_monsterinsights_sitenote_note":"","_monsterinsights_sitenote_category":0},"product_brand":[],"product_cat":[1501,2981,1271,3164,1420,1283,1280,1273,1401,1428],"product_tag":[2111,2110,1526],"class_list":{"0":"post-60779","1":"product","2":"type-product","3":"status-publish","4":"has-post-thumbnail","6":"product_cat-tienda-de-videojuegos-ultimos-juegos-tijuana-mexico","7":"product_cat-destacados","8":"product_cat-tienda-de-videojuegos-tijuana-mexico","9":"product_cat-tienda-de-videojuegos-baratos-economicos-tijuana-mexico","10":"product_cat-tienda-de-videojuegos-populares-tijuana-mexico","11":"product_cat-tienda-de-videojuegos-plataformas-tijuana-mexico","12":"product_cat-tienda-de-videojuegos-pc-tijuana-mexico","13":"product_cat-tienda-de-videojuegos-steam-key-tijuana-mexico","14":"product_cat-tienda-de-videojuegos-estrategia-tijuana-mexico","15":"product_cat-tienda-de-videojuegos-cooperativos-tijuana-mexico","16":"product_tag-company-of-heroes-2","17":"product_tag-company-of-heroes-2-steam","18":"product_tag-steam","20":"first","21":"instock","22":"shipping-taxable","23":"purchasable","24":"product-type-simple"},"yoast_head":"<!-- This site is optimized with the Yoast SEO plugin v27.0 - https:\/\/yoast.com\/product\/yoast-seo-wordpress\/ -->\n<title>Company of Heroes 2 Steam CD Key - MERCADOKEYS<\/title>\n<meta name=\"description\" content=\"En Company of Heroes 2\u00a0 experimente la plataforma RTS definitiva de la Segunda Guerra Mundial con COH2 y sus expansiones independientes.\" \/>\n<meta name=\"robots\" content=\"index, follow, max-snippet:-1, max-image-preview:large, max-video-preview:-1\" \/>\n<link rel=\"canonical\" href=\"https:\/\/www.mercadokeys.com\/product\/company-of-heroes-2-steam-cd-key\/\" \/>\n<meta property=\"og:locale\" content=\"en_GB\" \/>\n<meta property=\"og:type\" content=\"article\" \/>\n<meta property=\"og:title\" content=\"Company of Heroes 2 Steam CD Key - MERCADOKEYS\" \/>\n<meta property=\"og:description\" content=\"En Company of Heroes 2\u00a0 experimente la plataforma RTS definitiva de la Segunda Guerra Mundial con COH2 y sus expansiones independientes.\" \/>\n<meta property=\"og:url\" content=\"https:\/\/www.mercadokeys.com\/product\/company-of-heroes-2-steam-cd-key\/\" \/>\n<meta property=\"og:site_name\" content=\"MERCADOKEYS\" \/>\n<meta property=\"article:modified_time\" content=\"2022-06-29T13:26:06+00:00\" \/>\n<meta property=\"og:image\" content=\"https:\/\/www.mercadokeys.com\/wp-content\/uploads\/2020\/12\/company-of-heroes-2_cover_original.jpg\" \/>\n\t<meta property=\"og:image:width\" content=\"1607\" \/>\n\t<meta property=\"og:image:height\" content=\"2098\" \/>\n\t<meta property=\"og:image:type\" content=\"image\/jpeg\" \/>\n<meta name=\"twitter:card\" content=\"summary_large_image\" \/>\n<meta name=\"twitter:label1\" content=\"Estimated reading time\" \/>\n\t<meta name=\"twitter:data1\" content=\"1 minute\" \/>\n<script type=\"application\/ld+json\" class=\"yoast-schema-graph\">{\"@context\":\"https:\/\/schema.org\",\"@graph\":[{\"@type\":\"WebPage\",\"@id\":\"https:\/\/www.mercadokeys.com\/product\/company-of-heroes-2-steam-cd-key\/\",\"url\":\"https:\/\/www.mercadokeys.com\/product\/company-of-heroes-2-steam-cd-key\/\",\"name\":\"Company of Heroes 2 Steam CD Key - MERCADOKEYS\",\"isPartOf\":{\"@id\":\"https:\/\/www.mercadokeys.com\/eng\/#website\"},\"primaryImageOfPage\":{\"@id\":\"https:\/\/www.mercadokeys.com\/product\/company-of-heroes-2-steam-cd-key\/#primaryimage\"},\"image\":{\"@id\":\"https:\/\/www.mercadokeys.com\/product\/company-of-heroes-2-steam-cd-key\/#primaryimage\"},\"thumbnailUrl\":\"https:\/\/www.mercadokeys.com.mx\/wp-content\/uploads\/2020\/12\/company-of-heroes-2_cover_original.jpg\",\"datePublished\":\"2020-12-16T17:52:30+00:00\",\"dateModified\":\"2022-06-29T13:26:06+00:00\",\"description\":\"En Company of Heroes 2\u00a0 experimente la plataforma RTS definitiva de la Segunda Guerra Mundial con COH2 y sus expansiones independientes.\",\"breadcrumb\":{\"@id\":\"https:\/\/www.mercadokeys.com\/product\/company-of-heroes-2-steam-cd-key\/#breadcrumb\"},\"inLanguage\":\"en-GB\",\"potentialAction\":[{\"@type\":\"ReadAction\",\"target\":[\"https:\/\/www.mercadokeys.com\/product\/company-of-heroes-2-steam-cd-key\/\"]}]},{\"@type\":\"ImageObject\",\"inLanguage\":\"en-GB\",\"@id\":\"https:\/\/www.mercadokeys.com\/product\/company-of-heroes-2-steam-cd-key\/#primaryimage\",\"url\":\"https:\/\/www.mercadokeys.com.mx\/wp-content\/uploads\/2020\/12\/company-of-heroes-2_cover_original.jpg\",\"contentUrl\":\"https:\/\/www.mercadokeys.com.mx\/wp-content\/uploads\/2020\/12\/company-of-heroes-2_cover_original.jpg\",\"width\":1607,\"height\":2098,\"caption\":\"En Company of Heroes 2\u00a0 experimente la plataforma RTS definitiva de la Segunda Guerra Mundial con COH2 y sus expansiones independientes.\"},{\"@type\":\"BreadcrumbList\",\"@id\":\"https:\/\/www.mercadokeys.com\/product\/company-of-heroes-2-steam-cd-key\/#breadcrumb\",\"itemListElement\":[{\"@type\":\"ListItem\",\"position\":1,\"name\":\"Inicio\",\"item\":\"https:\/\/www.mercadokeys.com.mx\/\"},{\"@type\":\"ListItem\",\"position\":2,\"name\":\"Tienda\",\"item\":\"https:\/\/www.mercadokeys.com\/shop\/\"},{\"@type\":\"ListItem\",\"position\":3,\"name\":\"Company of Heroes 2 Steam CD Key\"}]},{\"@type\":\"WebSite\",\"@id\":\"https:\/\/www.mercadokeys.com\/eng\/#website\",\"url\":\"https:\/\/www.mercadokeys.com\/eng\/\",\"name\":\"MERCADOKEYS\",\"description\":\"Tu Tienda de videojuegos digitales en Mexico!\",\"potentialAction\":[{\"@type\":\"SearchAction\",\"target\":{\"@type\":\"EntryPoint\",\"urlTemplate\":\"https:\/\/www.mercadokeys.com\/eng\/?s={search_term_string}\"},\"query-input\":{\"@type\":\"PropertyValueSpecification\",\"valueRequired\":true,\"valueName\":\"search_term_string\"}}],\"inLanguage\":\"en-GB\"}]}<\/script>\n<!-- \/ Yoast SEO plugin. -->","yoast_head_json":{"title":"Company of Heroes 2 Steam CD Key - MERCADOKEYS","description":"En Company of Heroes 2\u00a0 experimente la plataforma RTS definitiva de la Segunda Guerra Mundial con COH2 y sus expansiones independientes.","robots":{"index":"index","follow":"follow","max-snippet":"max-snippet:-1","max-image-preview":"max-image-preview:large","max-video-preview":"max-video-preview:-1"},"canonical":"https:\/\/www.mercadokeys.com\/product\/company-of-heroes-2-steam-cd-key\/","og_locale":"en_GB","og_type":"article","og_title":"Company of Heroes 2 Steam CD Key - MERCADOKEYS","og_description":"En Company of Heroes 2\u00a0 experimente la plataforma RTS definitiva de la Segunda Guerra Mundial con COH2 y sus expansiones independientes.","og_url":"https:\/\/www.mercadokeys.com\/product\/company-of-heroes-2-steam-cd-key\/","og_site_name":"MERCADOKEYS","article_modified_time":"2022-06-29T13:26:06+00:00","og_image":[{"width":1607,"height":2098,"url":"https:\/\/www.mercadokeys.com\/wp-content\/uploads\/2020\/12\/company-of-heroes-2_cover_original.jpg","type":"image\/jpeg"}],"twitter_card":"summary_large_image","twitter_misc":{"Estimated reading time":"1 minute"},"schema":{"@context":"https:\/\/schema.org","@graph":[{"@type":"WebPage","@id":"https:\/\/www.mercadokeys.com\/product\/company-of-heroes-2-steam-cd-key\/","url":"https:\/\/www.mercadokeys.com\/product\/company-of-heroes-2-steam-cd-key\/","name":"Company of Heroes 2 Steam CD Key - MERCADOKEYS","isPartOf":{"@id":"https:\/\/www.mercadokeys.com\/eng\/#website"},"primaryImageOfPage":{"@id":"https:\/\/www.mercadokeys.com\/product\/company-of-heroes-2-steam-cd-key\/#primaryimage"},"image":{"@id":"https:\/\/www.mercadokeys.com\/product\/company-of-heroes-2-steam-cd-key\/#primaryimage"},"thumbnailUrl":"https:\/\/www.mercadokeys.com.mx\/wp-content\/uploads\/2020\/12\/company-of-heroes-2_cover_original.jpg","datePublished":"2020-12-16T17:52:30+00:00","dateModified":"2022-06-29T13:26:06+00:00","description":"En Company of Heroes 2\u00a0 experimente la plataforma RTS definitiva de la Segunda Guerra Mundial con COH2 y sus expansiones independientes.","breadcrumb":{"@id":"https:\/\/www.mercadokeys.com\/product\/company-of-heroes-2-steam-cd-key\/#breadcrumb"},"inLanguage":"en-GB","potentialAction":[{"@type":"ReadAction","target":["https:\/\/www.mercadokeys.com\/product\/company-of-heroes-2-steam-cd-key\/"]}]},{"@type":"ImageObject","inLanguage":"en-GB","@id":"https:\/\/www.mercadokeys.com\/product\/company-of-heroes-2-steam-cd-key\/#primaryimage","url":"https:\/\/www.mercadokeys.com.mx\/wp-content\/uploads\/2020\/12\/company-of-heroes-2_cover_original.jpg","contentUrl":"https:\/\/www.mercadokeys.com.mx\/wp-content\/uploads\/2020\/12\/company-of-heroes-2_cover_original.jpg","width":1607,"height":2098,"caption":"En Company of Heroes 2\u00a0 experimente la plataforma RTS definitiva de la Segunda Guerra Mundial con COH2 y sus expansiones independientes."},{"@type":"BreadcrumbList","@id":"https:\/\/www.mercadokeys.com\/product\/company-of-heroes-2-steam-cd-key\/#breadcrumb","itemListElement":[{"@type":"ListItem","position":1,"name":"Inicio","item":"https:\/\/www.mercadokeys.com.mx\/"},{"@type":"ListItem","position":2,"name":"Tienda","item":"https:\/\/www.mercadokeys.com\/shop\/"},{"@type":"ListItem","position":3,"name":"Company of Heroes 2 Steam CD Key"}]},{"@type":"WebSite","@id":"https:\/\/www.mercadokeys.com\/eng\/#website","url":"https:\/\/www.mercadokeys.com\/eng\/","name":"MERCADOKEYS","description":"Tu Tienda de videojuegos digitales en Mexico!","potentialAction":[{"@type":"SearchAction","target":{"@type":"EntryPoint","urlTemplate":"https:\/\/www.mercadokeys.com\/eng\/?s={search_term_string}"},"query-input":{"@type":"PropertyValueSpecification","valueRequired":true,"valueName":"search_term_string"}}],"inLanguage":"en-GB"}]}},"df_price":94.634787,"df_sale_price":94.634787,"df_regular_price":94.634787,"df_image_link":"https:\/\/www.mercadokeys.com.mx\/wp-content\/uploads\/2020\/12\/company-of-heroes-2_cover_original-230x300.jpg","_links":{"self":[{"href":"https:\/\/www.mercadokeys.com.mx\/eng\/wp-json\/wp\/v2\/product\/60779","targetHints":{"allow":["GET"]}}],"collection":[{"href":"https:\/\/www.mercadokeys.com.mx\/eng\/wp-json\/wp\/v2\/product"}],"about":[{"href":"https:\/\/www.mercadokeys.com.mx\/eng\/wp-json\/wp\/v2\/types\/product"}],"wp:featuredmedia":[{"embeddable":true,"href":"https:\/\/www.mercadokeys.com.mx\/eng\/wp-json\/wp\/v2\/media\/60790"}],"wp:attachment":[{"href":"https:\/\/www.mercadokeys.com.mx\/eng\/wp-json\/wp\/v2\/media?parent=60779"}],"wp:term":[{"taxonomy":"product_brand","embeddable":true,"href":"https:\/\/www.mercadokeys.com.mx\/eng\/wp-json\/wp\/v2\/product_brand?post=60779"},{"taxonomy":"product_cat","embeddable":true,"href":"https:\/\/www.mercadokeys.com.mx\/eng\/wp-json\/wp\/v2\/product_cat?post=60779"},{"taxonomy":"product_tag","embeddable":true,"href":"https:\/\/www.mercadokeys.com.mx\/eng\/wp-json\/wp\/v2\/product_tag?post=60779"}],"curies":[{"name":"wp","href":"https:\/\/api.w.org\/{rel}","templated":true}]}}