{"id":60045,"date":"2020-12-16T09:14:04","date_gmt":"2020-12-16T17:14:04","guid":{"rendered":"https:\/\/www.mercadokeys.com\/product\/the-witcher-3-wild-hunt-gog-cd-key\/"},"modified":"2022-06-28T07:20:23","modified_gmt":"2022-06-28T14:20:23","slug":"the-witcher-3-wild-hunt-gog-cd-key","status":"publish","type":"product","link":"https:\/\/www.mercadokeys.com.mx\/eng\/product\/the-witcher-3-wild-hunt-gog-cd-key\/","title":{"rendered":"The Witcher 3: Wild Hunt GOG CD Key"},"content":{"rendered":"<p><span style=\"vertical-align: inherit;\">The Witcher 3: Wild Hunt es un juego de rol de mundo abierto de pr\u00f3xima generaci\u00f3n impulsado por una historia que se desarrolla en un universo de fantas\u00eda visualmente deslumbrante lleno de elecciones significativas y consecuencias impactantes. En The Witcher, juegas como el cazador de monstruos profesional, Geralt de Rivia. Dentro del juego tienes la tarea de encontrar un hijo de la profec\u00eda en un vasto mundo abierto rico. Del mismo modo, te encontrar\u00e1s en ciudades mercantiles, islas piratas vikingas, peligrosos pasos de monta\u00f1a y cavernas olvidadas para explorar.<\/span><\/p>","protected":false},"excerpt":{"rendered":"<p>The Witcher 3: Wild Hunt es un juego de rol de mundo abierto de pr\u00f3xima generaci\u00f3n impulsado por una historia que se desarrolla en un universo de fantas\u00eda visualmente deslumbrante lleno de elecciones significativas y consecuencias impactantes. En The Witcher, juegas como el cazador de monstruos profesional, Geralt de Rivia. Dentro del juego tienes la&#8230;<\/p>","protected":false},"featured_media":60059,"template":"","meta":{"_monsterinsights_skip_tracking":false,"_monsterinsights_sitenote_active":false,"_monsterinsights_sitenote_note":"","_monsterinsights_sitenote_category":0},"product_brand":[],"product_cat":[1501,2981,1271,1283,1280,1276,1405,1427,1424],"product_tag":[1696,1695,2363,2362,2361],"class_list":{"0":"post-60045","1":"product","2":"type-product","3":"status-publish","4":"has-post-thumbnail","6":"product_cat-tienda-de-videojuegos-ultimos-juegos-tijuana-mexico","7":"product_cat-destacados","8":"product_cat-tienda-de-videojuegos-tijuana-mexico","9":"product_cat-tienda-de-videojuegos-plataformas-tijuana-mexico","10":"product_cat-tienda-de-videojuegos-pc-tijuana-mexico","11":"product_cat-tienda-de-videojuegos-gog-tijuana-mexico","12":"product_cat-tienda-de-videojuegos-rpg-tijuana-mexico","13":"product_cat-tienda-de-videojuegos-juegos-para-mando-tijuana-mexico","14":"product_cat-tienda-de-videojuegos-lo-mas-jugados-tijuana-mexico","15":"product_tag-divinity-original-sin-2-definitive-edition-gog","16":"product_tag-gog","17":"product_tag-the-witcher-3","18":"product_tag-the-witcher-3-wild-hunt","19":"product_tag-the-witcher-3-wild-hunt-gog","21":"first","22":"instock","23":"shipping-taxable","24":"purchasable","25":"product-type-simple"},"yoast_head":"<!-- This site is optimized with the Yoast SEO plugin v27.0 - https:\/\/yoast.com\/product\/yoast-seo-wordpress\/ -->\n<title>The Witcher 3: Wild Hunt GOG CD Key - MERCADOKEYS<\/title>\n<meta name=\"description\" content=\"The Witcher 3: Wild Hunt es un juego de rol de mundo abierto de pr\u00f3xima generaci\u00f3n impulsado por una historia que se desarrolla en un universo de fantas\u00eda\" \/>\n<meta name=\"robots\" content=\"index, follow, max-snippet:-1, max-image-preview:large, max-video-preview:-1\" \/>\n<link rel=\"canonical\" href=\"https:\/\/www.mercadokeys.com\/eng\/product\/the-witcher-3-wild-hunt-gog-cd-key\/\" \/>\n<meta property=\"og:locale\" content=\"en_GB\" \/>\n<meta property=\"og:type\" content=\"article\" \/>\n<meta property=\"og:title\" content=\"The Witcher 3: Wild Hunt GOG CD Key - MERCADOKEYS\" \/>\n<meta property=\"og:description\" content=\"The Witcher 3: Wild Hunt es un juego de rol de mundo abierto de pr\u00f3xima generaci\u00f3n impulsado por una historia que se desarrolla en un universo de fantas\u00eda\" \/>\n<meta property=\"og:url\" content=\"https:\/\/www.mercadokeys.com\/eng\/product\/the-witcher-3-wild-hunt-gog-cd-key\/\" \/>\n<meta property=\"og:site_name\" content=\"MERCADOKEYS\" \/>\n<meta property=\"article:modified_time\" content=\"2022-06-28T14:20:23+00:00\" \/>\n<meta property=\"og:image\" content=\"https:\/\/www.mercadokeys.com\/wp-content\/uploads\/2020\/12\/the-witcher-3-wild-hunt_cover_original.jpg\" \/>\n\t<meta property=\"og:image:width\" content=\"292\" \/>\n\t<meta property=\"og:image:height\" content=\"414\" \/>\n\t<meta property=\"og:image:type\" content=\"image\/jpeg\" \/>\n<meta name=\"twitter:card\" content=\"summary_large_image\" \/>\n<meta name=\"twitter:label1\" content=\"Estimated reading time\" \/>\n\t<meta name=\"twitter:data1\" content=\"1 minute\" \/>\n<script type=\"application\/ld+json\" class=\"yoast-schema-graph\">{\"@context\":\"https:\/\/schema.org\",\"@graph\":[{\"@type\":\"WebPage\",\"@id\":\"https:\/\/www.mercadokeys.com\/eng\/product\/the-witcher-3-wild-hunt-gog-cd-key\/\",\"url\":\"https:\/\/www.mercadokeys.com\/eng\/product\/the-witcher-3-wild-hunt-gog-cd-key\/\",\"name\":\"The Witcher 3: Wild Hunt GOG CD Key - MERCADOKEYS\",\"isPartOf\":{\"@id\":\"https:\/\/www.mercadokeys.com\/eng\/#website\"},\"primaryImageOfPage\":{\"@id\":\"https:\/\/www.mercadokeys.com\/eng\/product\/the-witcher-3-wild-hunt-gog-cd-key\/#primaryimage\"},\"image\":{\"@id\":\"https:\/\/www.mercadokeys.com\/eng\/product\/the-witcher-3-wild-hunt-gog-cd-key\/#primaryimage\"},\"thumbnailUrl\":\"https:\/\/www.mercadokeys.com.mx\/wp-content\/uploads\/2020\/12\/the-witcher-3-wild-hunt_cover_original.jpg\",\"datePublished\":\"2020-12-16T17:14:04+00:00\",\"dateModified\":\"2022-06-28T14:20:23+00:00\",\"description\":\"The Witcher 3: Wild Hunt es un juego de rol de mundo abierto de pr\u00f3xima generaci\u00f3n impulsado por una historia que se desarrolla en un universo de fantas\u00eda\",\"breadcrumb\":{\"@id\":\"https:\/\/www.mercadokeys.com\/eng\/product\/the-witcher-3-wild-hunt-gog-cd-key\/#breadcrumb\"},\"inLanguage\":\"en-GB\",\"potentialAction\":[{\"@type\":\"ReadAction\",\"target\":[\"https:\/\/www.mercadokeys.com\/eng\/product\/the-witcher-3-wild-hunt-gog-cd-key\/\"]}]},{\"@type\":\"ImageObject\",\"inLanguage\":\"en-GB\",\"@id\":\"https:\/\/www.mercadokeys.com\/eng\/product\/the-witcher-3-wild-hunt-gog-cd-key\/#primaryimage\",\"url\":\"https:\/\/www.mercadokeys.com.mx\/wp-content\/uploads\/2020\/12\/the-witcher-3-wild-hunt_cover_original.jpg\",\"contentUrl\":\"https:\/\/www.mercadokeys.com.mx\/wp-content\/uploads\/2020\/12\/the-witcher-3-wild-hunt_cover_original.jpg\",\"width\":292,\"height\":414,\"caption\":\"The Witcher 3: Wild Hunt es un juego de rol de mundo abierto de pr\u00f3xima generaci\u00f3n impulsado por una historia que se desarrolla en un universo de fantas\u00eda\"},{\"@type\":\"BreadcrumbList\",\"@id\":\"https:\/\/www.mercadokeys.com\/eng\/product\/the-witcher-3-wild-hunt-gog-cd-key\/#breadcrumb\",\"itemListElement\":[{\"@type\":\"ListItem\",\"position\":1,\"name\":\"Inicio\",\"item\":\"https:\/\/www.mercadokeys.com.mx\/\"},{\"@type\":\"ListItem\",\"position\":2,\"name\":\"Tienda\",\"item\":\"https:\/\/www.mercadokeys.com\/shop\/\"},{\"@type\":\"ListItem\",\"position\":3,\"name\":\"The Witcher 3: Wild Hunt GOG CD Key\"}]},{\"@type\":\"WebSite\",\"@id\":\"https:\/\/www.mercadokeys.com\/eng\/#website\",\"url\":\"https:\/\/www.mercadokeys.com\/eng\/\",\"name\":\"MERCADOKEYS\",\"description\":\"Tu Tienda de videojuegos digitales en Mexico!\",\"potentialAction\":[{\"@type\":\"SearchAction\",\"target\":{\"@type\":\"EntryPoint\",\"urlTemplate\":\"https:\/\/www.mercadokeys.com\/eng\/?s={search_term_string}\"},\"query-input\":{\"@type\":\"PropertyValueSpecification\",\"valueRequired\":true,\"valueName\":\"search_term_string\"}}],\"inLanguage\":\"en-GB\"}]}<\/script>\n<!-- \/ Yoast SEO plugin. -->","yoast_head_json":{"title":"The Witcher 3: Wild Hunt GOG CD Key - MERCADOKEYS","description":"The Witcher 3: Wild Hunt es un juego de rol de mundo abierto de pr\u00f3xima generaci\u00f3n impulsado por una historia que se desarrolla en un universo de fantas\u00eda","robots":{"index":"index","follow":"follow","max-snippet":"max-snippet:-1","max-image-preview":"max-image-preview:large","max-video-preview":"max-video-preview:-1"},"canonical":"https:\/\/www.mercadokeys.com\/eng\/product\/the-witcher-3-wild-hunt-gog-cd-key\/","og_locale":"en_GB","og_type":"article","og_title":"The Witcher 3: Wild Hunt GOG CD Key - MERCADOKEYS","og_description":"The Witcher 3: Wild Hunt es un juego de rol de mundo abierto de pr\u00f3xima generaci\u00f3n impulsado por una historia que se desarrolla en un universo de fantas\u00eda","og_url":"https:\/\/www.mercadokeys.com\/eng\/product\/the-witcher-3-wild-hunt-gog-cd-key\/","og_site_name":"MERCADOKEYS","article_modified_time":"2022-06-28T14:20:23+00:00","og_image":[{"width":292,"height":414,"url":"https:\/\/www.mercadokeys.com\/wp-content\/uploads\/2020\/12\/the-witcher-3-wild-hunt_cover_original.jpg","type":"image\/jpeg"}],"twitter_card":"summary_large_image","twitter_misc":{"Estimated reading time":"1 minute"},"schema":{"@context":"https:\/\/schema.org","@graph":[{"@type":"WebPage","@id":"https:\/\/www.mercadokeys.com\/eng\/product\/the-witcher-3-wild-hunt-gog-cd-key\/","url":"https:\/\/www.mercadokeys.com\/eng\/product\/the-witcher-3-wild-hunt-gog-cd-key\/","name":"The Witcher 3: Wild Hunt GOG CD Key - MERCADOKEYS","isPartOf":{"@id":"https:\/\/www.mercadokeys.com\/eng\/#website"},"primaryImageOfPage":{"@id":"https:\/\/www.mercadokeys.com\/eng\/product\/the-witcher-3-wild-hunt-gog-cd-key\/#primaryimage"},"image":{"@id":"https:\/\/www.mercadokeys.com\/eng\/product\/the-witcher-3-wild-hunt-gog-cd-key\/#primaryimage"},"thumbnailUrl":"https:\/\/www.mercadokeys.com.mx\/wp-content\/uploads\/2020\/12\/the-witcher-3-wild-hunt_cover_original.jpg","datePublished":"2020-12-16T17:14:04+00:00","dateModified":"2022-06-28T14:20:23+00:00","description":"The Witcher 3: Wild Hunt es un juego de rol de mundo abierto de pr\u00f3xima generaci\u00f3n impulsado por una historia que se desarrolla en un universo de fantas\u00eda","breadcrumb":{"@id":"https:\/\/www.mercadokeys.com\/eng\/product\/the-witcher-3-wild-hunt-gog-cd-key\/#breadcrumb"},"inLanguage":"en-GB","potentialAction":[{"@type":"ReadAction","target":["https:\/\/www.mercadokeys.com\/eng\/product\/the-witcher-3-wild-hunt-gog-cd-key\/"]}]},{"@type":"ImageObject","inLanguage":"en-GB","@id":"https:\/\/www.mercadokeys.com\/eng\/product\/the-witcher-3-wild-hunt-gog-cd-key\/#primaryimage","url":"https:\/\/www.mercadokeys.com.mx\/wp-content\/uploads\/2020\/12\/the-witcher-3-wild-hunt_cover_original.jpg","contentUrl":"https:\/\/www.mercadokeys.com.mx\/wp-content\/uploads\/2020\/12\/the-witcher-3-wild-hunt_cover_original.jpg","width":292,"height":414,"caption":"The Witcher 3: Wild Hunt es un juego de rol de mundo abierto de pr\u00f3xima generaci\u00f3n impulsado por una historia que se desarrolla en un universo de fantas\u00eda"},{"@type":"BreadcrumbList","@id":"https:\/\/www.mercadokeys.com\/eng\/product\/the-witcher-3-wild-hunt-gog-cd-key\/#breadcrumb","itemListElement":[{"@type":"ListItem","position":1,"name":"Inicio","item":"https:\/\/www.mercadokeys.com.mx\/"},{"@type":"ListItem","position":2,"name":"Tienda","item":"https:\/\/www.mercadokeys.com\/shop\/"},{"@type":"ListItem","position":3,"name":"The Witcher 3: Wild Hunt GOG CD Key"}]},{"@type":"WebSite","@id":"https:\/\/www.mercadokeys.com\/eng\/#website","url":"https:\/\/www.mercadokeys.com\/eng\/","name":"MERCADOKEYS","description":"Tu Tienda de videojuegos digitales en Mexico!","potentialAction":[{"@type":"SearchAction","target":{"@type":"EntryPoint","urlTemplate":"https:\/\/www.mercadokeys.com\/eng\/?s={search_term_string}"},"query-input":{"@type":"PropertyValueSpecification","valueRequired":true,"valueName":"search_term_string"}}],"inLanguage":"en-GB"}]}},"df_price":323.385005,"df_sale_price":323.385005,"df_regular_price":323.385005,"df_image_link":"https:\/\/www.mercadokeys.com.mx\/wp-content\/uploads\/2020\/12\/the-witcher-3-wild-hunt_cover_original-212x300.jpg","_links":{"self":[{"href":"https:\/\/www.mercadokeys.com.mx\/eng\/wp-json\/wp\/v2\/product\/60045","targetHints":{"allow":["GET"]}}],"collection":[{"href":"https:\/\/www.mercadokeys.com.mx\/eng\/wp-json\/wp\/v2\/product"}],"about":[{"href":"https:\/\/www.mercadokeys.com.mx\/eng\/wp-json\/wp\/v2\/types\/product"}],"wp:featuredmedia":[{"embeddable":true,"href":"https:\/\/www.mercadokeys.com.mx\/eng\/wp-json\/wp\/v2\/media\/60059"}],"wp:attachment":[{"href":"https:\/\/www.mercadokeys.com.mx\/eng\/wp-json\/wp\/v2\/media?parent=60045"}],"wp:term":[{"taxonomy":"product_brand","embeddable":true,"href":"https:\/\/www.mercadokeys.com.mx\/eng\/wp-json\/wp\/v2\/product_brand?post=60045"},{"taxonomy":"product_cat","embeddable":true,"href":"https:\/\/www.mercadokeys.com.mx\/eng\/wp-json\/wp\/v2\/product_cat?post=60045"},{"taxonomy":"product_tag","embeddable":true,"href":"https:\/\/www.mercadokeys.com.mx\/eng\/wp-json\/wp\/v2\/product_tag?post=60045"}],"curies":[{"name":"wp","href":"https:\/\/api.w.org\/{rel}","templated":true}]}}