{"id":59414,"date":"2020-12-16T08:48:50","date_gmt":"2020-12-16T16:48:50","guid":{"rendered":"https:\/\/www.mercadokeys.com\/product\/saints-row-gat-out-of-hell-steam-cd-key\/"},"modified":"2022-06-29T06:29:54","modified_gmt":"2022-06-29T13:29:54","slug":"saints-row-gat-out-of-hell-steam-cd-key","status":"publish","type":"product","link":"https:\/\/www.mercadokeys.com.mx\/eng\/product\/saints-row-gat-out-of-hell-steam-cd-key\/","title":{"rendered":"Saints Row: Gat out of Hell Steam CD Key"},"content":{"rendered":"<p><span style=\"vertical-align: inherit\">Despu\u00e9s de las travesuras espaciales de Saints Row IV, muchos fan\u00e1ticos preguntaron qu\u00e9 pod\u00edamos hacer a continuaci\u00f3n &#8230; \u00bfla respuesta? Dispara al diablo en la cara. Juega como Johnny Gat o Kinzie Kensington mientras destrozas el Infierno en una b\u00fasqueda para salvar al l\u00edder del alma de los Saints. \u00cdconos hist\u00f3ricos, viejos amigos, enemigos m\u00e1s antiguos, una pistola parlante, un n\u00famero musical de larga duraci\u00f3n y muchas otras travesuras te esperan en el campo de juego de expansi\u00f3n independiente de mundo abierto que es Saints Row: Gat Out Of Hell.<\/span><\/p>","protected":false},"excerpt":{"rendered":"<p>Despu\u00e9s de las travesuras espaciales de Saints Row IV, muchos fan\u00e1ticos preguntaron qu\u00e9 pod\u00edamos hacer a continuaci\u00f3n &#8230; \u00bfla respuesta? Dispara al diablo en la cara. Juega como Johnny Gat o Kinzie Kensington mientras destrozas el Infierno en una b\u00fasqueda para salvar al l\u00edder del alma de los Saints. \u00cdconos hist\u00f3ricos, viejos amigos, enemigos m\u00e1s&#8230;<\/p>","protected":false},"featured_media":59426,"template":"","meta":{"_monsterinsights_skip_tracking":false,"_monsterinsights_sitenote_active":false,"_monsterinsights_sitenote_note":"","_monsterinsights_sitenote_category":0},"product_brand":[],"product_cat":[1501,2981,1271,3164,1420,1283,1280,1273,1392,1428],"product_tag":[2105,2104,2103,1526],"class_list":{"0":"post-59414","1":"product","2":"type-product","3":"status-publish","4":"has-post-thumbnail","6":"product_cat-tienda-de-videojuegos-ultimos-juegos-tijuana-mexico","7":"product_cat-destacados","8":"product_cat-tienda-de-videojuegos-tijuana-mexico","9":"product_cat-tienda-de-videojuegos-baratos-economicos-tijuana-mexico","10":"product_cat-tienda-de-videojuegos-populares-tijuana-mexico","11":"product_cat-tienda-de-videojuegos-plataformas-tijuana-mexico","12":"product_cat-tienda-de-videojuegos-pc-tijuana-mexico","13":"product_cat-tienda-de-videojuegos-steam-key-tijuana-mexico","14":"product_cat-tienda-de-videojuegos-accion-tijuana-mexico","15":"product_cat-tienda-de-videojuegos-cooperativos-tijuana-mexico","16":"product_tag-saints-row","17":"product_tag-saints-row-gat-out-of-hell","18":"product_tag-saints-row-gat-out-of-hell-steam","19":"product_tag-steam","21":"first","22":"instock","23":"shipping-taxable","24":"purchasable","25":"product-type-simple"},"yoast_head":"<!-- This site is optimized with the Yoast SEO plugin v27.0 - https:\/\/yoast.com\/product\/yoast-seo-wordpress\/ -->\n<title>Saints Row: Gat out of Hell Steam CD Key - MERCADOKEYS<\/title>\n<meta name=\"description\" content=\"Despu\u00e9s de las travesuras espaciales de Saints Row IV, muchos fan\u00e1ticos preguntaron qu\u00e9 pod\u00edamos hacer a continuaci\u00f3n. Dispara al diablo en la cara.\" \/>\n<meta name=\"robots\" content=\"index, follow, max-snippet:-1, max-image-preview:large, max-video-preview:-1\" \/>\n<link rel=\"canonical\" href=\"https:\/\/www.mercadokeys.com\/product\/saints-row-gat-out-of-hell-steam-cd-key\/\" \/>\n<meta property=\"og:locale\" content=\"en_GB\" \/>\n<meta property=\"og:type\" content=\"article\" \/>\n<meta property=\"og:title\" content=\"Saints Row: Gat out of Hell Steam CD Key - MERCADOKEYS\" \/>\n<meta property=\"og:description\" content=\"Despu\u00e9s de las travesuras espaciales de Saints Row IV, muchos fan\u00e1ticos preguntaron qu\u00e9 pod\u00edamos hacer a continuaci\u00f3n. Dispara al diablo en la cara.\" \/>\n<meta property=\"og:url\" content=\"https:\/\/www.mercadokeys.com\/product\/saints-row-gat-out-of-hell-steam-cd-key\/\" \/>\n<meta property=\"og:site_name\" content=\"MERCADOKEYS\" \/>\n<meta property=\"article:modified_time\" content=\"2022-06-29T13:29:54+00:00\" \/>\n<meta property=\"og:image\" content=\"https:\/\/www.mercadokeys.com\/wp-content\/uploads\/2020\/12\/saints-row-gat-out-of-hell_cover_original-1.jpg\" \/>\n\t<meta property=\"og:image:width\" content=\"584\" \/>\n\t<meta property=\"og:image:height\" content=\"668\" \/>\n\t<meta property=\"og:image:type\" content=\"image\/jpeg\" \/>\n<meta name=\"twitter:card\" content=\"summary_large_image\" \/>\n<meta name=\"twitter:label1\" content=\"Estimated reading time\" \/>\n\t<meta name=\"twitter:data1\" content=\"1 minute\" \/>\n<script type=\"application\/ld+json\" class=\"yoast-schema-graph\">{\"@context\":\"https:\/\/schema.org\",\"@graph\":[{\"@type\":\"WebPage\",\"@id\":\"https:\/\/www.mercadokeys.com\/product\/saints-row-gat-out-of-hell-steam-cd-key\/\",\"url\":\"https:\/\/www.mercadokeys.com\/product\/saints-row-gat-out-of-hell-steam-cd-key\/\",\"name\":\"Saints Row: Gat out of Hell Steam CD Key - MERCADOKEYS\",\"isPartOf\":{\"@id\":\"https:\/\/www.mercadokeys.com\/eng\/#website\"},\"primaryImageOfPage\":{\"@id\":\"https:\/\/www.mercadokeys.com\/product\/saints-row-gat-out-of-hell-steam-cd-key\/#primaryimage\"},\"image\":{\"@id\":\"https:\/\/www.mercadokeys.com\/product\/saints-row-gat-out-of-hell-steam-cd-key\/#primaryimage\"},\"thumbnailUrl\":\"https:\/\/www.mercadokeys.com.mx\/wp-content\/uploads\/2020\/12\/saints-row-gat-out-of-hell_cover_original-1.jpg\",\"datePublished\":\"2020-12-16T16:48:50+00:00\",\"dateModified\":\"2022-06-29T13:29:54+00:00\",\"description\":\"Despu\u00e9s de las travesuras espaciales de Saints Row IV, muchos fan\u00e1ticos preguntaron qu\u00e9 pod\u00edamos hacer a continuaci\u00f3n. Dispara al diablo en la cara.\",\"breadcrumb\":{\"@id\":\"https:\/\/www.mercadokeys.com\/product\/saints-row-gat-out-of-hell-steam-cd-key\/#breadcrumb\"},\"inLanguage\":\"en-GB\",\"potentialAction\":[{\"@type\":\"ReadAction\",\"target\":[\"https:\/\/www.mercadokeys.com\/product\/saints-row-gat-out-of-hell-steam-cd-key\/\"]}]},{\"@type\":\"ImageObject\",\"inLanguage\":\"en-GB\",\"@id\":\"https:\/\/www.mercadokeys.com\/product\/saints-row-gat-out-of-hell-steam-cd-key\/#primaryimage\",\"url\":\"https:\/\/www.mercadokeys.com.mx\/wp-content\/uploads\/2020\/12\/saints-row-gat-out-of-hell_cover_original-1.jpg\",\"contentUrl\":\"https:\/\/www.mercadokeys.com.mx\/wp-content\/uploads\/2020\/12\/saints-row-gat-out-of-hell_cover_original-1.jpg\",\"width\":584,\"height\":668,\"caption\":\"Despu\u00e9s de las travesuras espaciales de Saints Row IV, muchos fan\u00e1ticos preguntaron qu\u00e9 pod\u00edamos hacer a continuaci\u00f3n. Dispara al diablo en la cara.\"},{\"@type\":\"BreadcrumbList\",\"@id\":\"https:\/\/www.mercadokeys.com\/product\/saints-row-gat-out-of-hell-steam-cd-key\/#breadcrumb\",\"itemListElement\":[{\"@type\":\"ListItem\",\"position\":1,\"name\":\"Inicio\",\"item\":\"https:\/\/www.mercadokeys.com.mx\/\"},{\"@type\":\"ListItem\",\"position\":2,\"name\":\"Tienda\",\"item\":\"https:\/\/www.mercadokeys.com\/shop\/\"},{\"@type\":\"ListItem\",\"position\":3,\"name\":\"Saints Row: Gat out of Hell Steam CD Key\"}]},{\"@type\":\"WebSite\",\"@id\":\"https:\/\/www.mercadokeys.com\/eng\/#website\",\"url\":\"https:\/\/www.mercadokeys.com\/eng\/\",\"name\":\"MERCADOKEYS\",\"description\":\"Tu Tienda de videojuegos digitales en Mexico!\",\"potentialAction\":[{\"@type\":\"SearchAction\",\"target\":{\"@type\":\"EntryPoint\",\"urlTemplate\":\"https:\/\/www.mercadokeys.com\/eng\/?s={search_term_string}\"},\"query-input\":{\"@type\":\"PropertyValueSpecification\",\"valueRequired\":true,\"valueName\":\"search_term_string\"}}],\"inLanguage\":\"en-GB\"}]}<\/script>\n<!-- \/ Yoast SEO plugin. -->","yoast_head_json":{"title":"Saints Row: Gat out of Hell Steam CD Key - MERCADOKEYS","description":"Despu\u00e9s de las travesuras espaciales de Saints Row IV, muchos fan\u00e1ticos preguntaron qu\u00e9 pod\u00edamos hacer a continuaci\u00f3n. Dispara al diablo en la cara.","robots":{"index":"index","follow":"follow","max-snippet":"max-snippet:-1","max-image-preview":"max-image-preview:large","max-video-preview":"max-video-preview:-1"},"canonical":"https:\/\/www.mercadokeys.com\/product\/saints-row-gat-out-of-hell-steam-cd-key\/","og_locale":"en_GB","og_type":"article","og_title":"Saints Row: Gat out of Hell Steam CD Key - MERCADOKEYS","og_description":"Despu\u00e9s de las travesuras espaciales de Saints Row IV, muchos fan\u00e1ticos preguntaron qu\u00e9 pod\u00edamos hacer a continuaci\u00f3n. Dispara al diablo en la cara.","og_url":"https:\/\/www.mercadokeys.com\/product\/saints-row-gat-out-of-hell-steam-cd-key\/","og_site_name":"MERCADOKEYS","article_modified_time":"2022-06-29T13:29:54+00:00","og_image":[{"width":584,"height":668,"url":"https:\/\/www.mercadokeys.com\/wp-content\/uploads\/2020\/12\/saints-row-gat-out-of-hell_cover_original-1.jpg","type":"image\/jpeg"}],"twitter_card":"summary_large_image","twitter_misc":{"Estimated reading time":"1 minute"},"schema":{"@context":"https:\/\/schema.org","@graph":[{"@type":"WebPage","@id":"https:\/\/www.mercadokeys.com\/product\/saints-row-gat-out-of-hell-steam-cd-key\/","url":"https:\/\/www.mercadokeys.com\/product\/saints-row-gat-out-of-hell-steam-cd-key\/","name":"Saints Row: Gat out of Hell Steam CD Key - MERCADOKEYS","isPartOf":{"@id":"https:\/\/www.mercadokeys.com\/eng\/#website"},"primaryImageOfPage":{"@id":"https:\/\/www.mercadokeys.com\/product\/saints-row-gat-out-of-hell-steam-cd-key\/#primaryimage"},"image":{"@id":"https:\/\/www.mercadokeys.com\/product\/saints-row-gat-out-of-hell-steam-cd-key\/#primaryimage"},"thumbnailUrl":"https:\/\/www.mercadokeys.com.mx\/wp-content\/uploads\/2020\/12\/saints-row-gat-out-of-hell_cover_original-1.jpg","datePublished":"2020-12-16T16:48:50+00:00","dateModified":"2022-06-29T13:29:54+00:00","description":"Despu\u00e9s de las travesuras espaciales de Saints Row IV, muchos fan\u00e1ticos preguntaron qu\u00e9 pod\u00edamos hacer a continuaci\u00f3n. Dispara al diablo en la cara.","breadcrumb":{"@id":"https:\/\/www.mercadokeys.com\/product\/saints-row-gat-out-of-hell-steam-cd-key\/#breadcrumb"},"inLanguage":"en-GB","potentialAction":[{"@type":"ReadAction","target":["https:\/\/www.mercadokeys.com\/product\/saints-row-gat-out-of-hell-steam-cd-key\/"]}]},{"@type":"ImageObject","inLanguage":"en-GB","@id":"https:\/\/www.mercadokeys.com\/product\/saints-row-gat-out-of-hell-steam-cd-key\/#primaryimage","url":"https:\/\/www.mercadokeys.com.mx\/wp-content\/uploads\/2020\/12\/saints-row-gat-out-of-hell_cover_original-1.jpg","contentUrl":"https:\/\/www.mercadokeys.com.mx\/wp-content\/uploads\/2020\/12\/saints-row-gat-out-of-hell_cover_original-1.jpg","width":584,"height":668,"caption":"Despu\u00e9s de las travesuras espaciales de Saints Row IV, muchos fan\u00e1ticos preguntaron qu\u00e9 pod\u00edamos hacer a continuaci\u00f3n. Dispara al diablo en la cara."},{"@type":"BreadcrumbList","@id":"https:\/\/www.mercadokeys.com\/product\/saints-row-gat-out-of-hell-steam-cd-key\/#breadcrumb","itemListElement":[{"@type":"ListItem","position":1,"name":"Inicio","item":"https:\/\/www.mercadokeys.com.mx\/"},{"@type":"ListItem","position":2,"name":"Tienda","item":"https:\/\/www.mercadokeys.com\/shop\/"},{"@type":"ListItem","position":3,"name":"Saints Row: Gat out of Hell Steam CD Key"}]},{"@type":"WebSite","@id":"https:\/\/www.mercadokeys.com\/eng\/#website","url":"https:\/\/www.mercadokeys.com\/eng\/","name":"MERCADOKEYS","description":"Tu Tienda de videojuegos digitales en Mexico!","potentialAction":[{"@type":"SearchAction","target":{"@type":"EntryPoint","urlTemplate":"https:\/\/www.mercadokeys.com\/eng\/?s={search_term_string}"},"query-input":{"@type":"PropertyValueSpecification","valueRequired":true,"valueName":"search_term_string"}}],"inLanguage":"en-GB"}]}},"df_price":101.782429,"df_sale_price":101.782429,"df_regular_price":101.782429,"df_image_link":"https:\/\/www.mercadokeys.com.mx\/wp-content\/uploads\/2020\/12\/saints-row-gat-out-of-hell_cover_original-1-262x300.jpg","_links":{"self":[{"href":"https:\/\/www.mercadokeys.com.mx\/eng\/wp-json\/wp\/v2\/product\/59414","targetHints":{"allow":["GET"]}}],"collection":[{"href":"https:\/\/www.mercadokeys.com.mx\/eng\/wp-json\/wp\/v2\/product"}],"about":[{"href":"https:\/\/www.mercadokeys.com.mx\/eng\/wp-json\/wp\/v2\/types\/product"}],"wp:featuredmedia":[{"embeddable":true,"href":"https:\/\/www.mercadokeys.com.mx\/eng\/wp-json\/wp\/v2\/media\/59426"}],"wp:attachment":[{"href":"https:\/\/www.mercadokeys.com.mx\/eng\/wp-json\/wp\/v2\/media?parent=59414"}],"wp:term":[{"taxonomy":"product_brand","embeddable":true,"href":"https:\/\/www.mercadokeys.com.mx\/eng\/wp-json\/wp\/v2\/product_brand?post=59414"},{"taxonomy":"product_cat","embeddable":true,"href":"https:\/\/www.mercadokeys.com.mx\/eng\/wp-json\/wp\/v2\/product_cat?post=59414"},{"taxonomy":"product_tag","embeddable":true,"href":"https:\/\/www.mercadokeys.com.mx\/eng\/wp-json\/wp\/v2\/product_tag?post=59414"}],"curies":[{"name":"wp","href":"https:\/\/api.w.org\/{rel}","templated":true}]}}