{"id":59236,"date":"2020-12-16T08:41:52","date_gmt":"2020-12-16T16:41:52","guid":{"rendered":"https:\/\/www.mercadokeys.com\/product\/torchlight-ii-steam-cd-key\/"},"modified":"2022-06-28T07:23:02","modified_gmt":"2022-06-28T14:23:02","slug":"torchlight-ii-steam-cd-key","status":"publish","type":"product","link":"https:\/\/www.mercadokeys.com.mx\/eng\/product\/torchlight-ii-steam-cd-key\/","title":{"rendered":"Torchlight II Steam CD Key"},"content":{"rendered":"<p><span style=\"vertical-align: inherit;\">Torchlight II presenta mazmorras generadas aleatoriamente y numerosos tipos de monstruos para luchar por el bot\u00edn. Torchlight II es un juego de rol de acci\u00f3n como su predecesor, pero presenta \u00e1reas terrestres con m\u00faltiples ciudades centrales y una campa\u00f1a m\u00e1s larga. Los jugadores pueden personalizar la apariencia del personaje con la elecci\u00f3n del sexo, la cara, el estilo y el color del cabello. Adem\u00e1s, regresan varios elementos del primer juego, como las mascotas y la pesca. El juego presenta cuatro clases de personajes jugables. Cada clase tiene 3 \u00e1rboles de habilidades para elegir que permiten la personalizaci\u00f3n dentro de cada clase.<\/span><\/p>","protected":false},"excerpt":{"rendered":"<p>Torchlight II presenta mazmorras generadas aleatoriamente y numerosos tipos de monstruos para luchar por el bot\u00edn. Torchlight II es un juego de rol de acci\u00f3n como su predecesor, pero presenta \u00e1reas terrestres con m\u00faltiples ciudades centrales y una campa\u00f1a m\u00e1s larga. Los jugadores pueden personalizar la apariencia del personaje con la elecci\u00f3n del sexo, la&#8230;<\/p>","protected":false},"featured_media":59252,"template":"","meta":{"_monsterinsights_skip_tracking":false,"_monsterinsights_sitenote_active":false,"_monsterinsights_sitenote_note":"","_monsterinsights_sitenote_category":0},"product_brand":[],"product_cat":[1501,2981,1271,3164,1420,1283,1280,1273,1405,1428],"product_tag":[1526,2100,2099],"class_list":{"0":"post-59236","1":"product","2":"type-product","3":"status-publish","4":"has-post-thumbnail","6":"product_cat-tienda-de-videojuegos-ultimos-juegos-tijuana-mexico","7":"product_cat-destacados","8":"product_cat-tienda-de-videojuegos-tijuana-mexico","9":"product_cat-tienda-de-videojuegos-baratos-economicos-tijuana-mexico","10":"product_cat-tienda-de-videojuegos-populares-tijuana-mexico","11":"product_cat-tienda-de-videojuegos-plataformas-tijuana-mexico","12":"product_cat-tienda-de-videojuegos-pc-tijuana-mexico","13":"product_cat-tienda-de-videojuegos-steam-key-tijuana-mexico","14":"product_cat-tienda-de-videojuegos-rpg-tijuana-mexico","15":"product_cat-tienda-de-videojuegos-cooperativos-tijuana-mexico","16":"product_tag-steam","17":"product_tag-torchlight-ii","18":"product_tag-torchlight-ii-steam","20":"first","21":"instock","22":"shipping-taxable","23":"purchasable","24":"product-type-simple"},"yoast_head":"<!-- This site is optimized with the Yoast SEO plugin v27.0 - https:\/\/yoast.com\/product\/yoast-seo-wordpress\/ -->\n<title>Torchlight II Steam CD Key - MERCADOKEYS<\/title>\n<meta name=\"description\" content=\"Torchlight II presenta mazmorras generadas aleatoriamente y numerosos tipos de monstruos para luchar por el bot\u00edn. Es un juego de rol de acci\u00f3n\" \/>\n<meta name=\"robots\" content=\"index, follow, max-snippet:-1, max-image-preview:large, max-video-preview:-1\" \/>\n<link rel=\"canonical\" href=\"https:\/\/www.mercadokeys.com\/product\/torchlight-ii-steam-cd-key\/\" \/>\n<meta property=\"og:locale\" content=\"en_GB\" \/>\n<meta property=\"og:type\" content=\"article\" \/>\n<meta property=\"og:title\" content=\"Torchlight II Steam CD Key - MERCADOKEYS\" \/>\n<meta property=\"og:description\" content=\"Torchlight II presenta mazmorras generadas aleatoriamente y numerosos tipos de monstruos para luchar por el bot\u00edn. Es un juego de rol de acci\u00f3n\" \/>\n<meta property=\"og:url\" content=\"https:\/\/www.mercadokeys.com\/product\/torchlight-ii-steam-cd-key\/\" \/>\n<meta property=\"og:site_name\" content=\"MERCADOKEYS\" \/>\n<meta property=\"article:modified_time\" content=\"2022-06-28T14:23:02+00:00\" \/>\n<meta property=\"og:image\" content=\"https:\/\/www.mercadokeys.com\/wp-content\/uploads\/2020\/12\/torchlight-ii_cover_original.jpg\" \/>\n\t<meta property=\"og:image:width\" content=\"640\" \/>\n\t<meta property=\"og:image:height\" content=\"915\" \/>\n\t<meta property=\"og:image:type\" content=\"image\/jpeg\" \/>\n<meta name=\"twitter:card\" content=\"summary_large_image\" \/>\n<meta name=\"twitter:label1\" content=\"Estimated reading time\" \/>\n\t<meta name=\"twitter:data1\" content=\"1 minute\" \/>\n<script type=\"application\/ld+json\" class=\"yoast-schema-graph\">{\"@context\":\"https:\/\/schema.org\",\"@graph\":[{\"@type\":\"WebPage\",\"@id\":\"https:\/\/www.mercadokeys.com\/product\/torchlight-ii-steam-cd-key\/\",\"url\":\"https:\/\/www.mercadokeys.com\/product\/torchlight-ii-steam-cd-key\/\",\"name\":\"Torchlight II Steam CD Key - MERCADOKEYS\",\"isPartOf\":{\"@id\":\"https:\/\/www.mercadokeys.com\/eng\/#website\"},\"primaryImageOfPage\":{\"@id\":\"https:\/\/www.mercadokeys.com\/product\/torchlight-ii-steam-cd-key\/#primaryimage\"},\"image\":{\"@id\":\"https:\/\/www.mercadokeys.com\/product\/torchlight-ii-steam-cd-key\/#primaryimage\"},\"thumbnailUrl\":\"https:\/\/www.mercadokeys.com.mx\/wp-content\/uploads\/2020\/12\/torchlight-ii_cover_original.jpg\",\"datePublished\":\"2020-12-16T16:41:52+00:00\",\"dateModified\":\"2022-06-28T14:23:02+00:00\",\"description\":\"Torchlight II presenta mazmorras generadas aleatoriamente y numerosos tipos de monstruos para luchar por el bot\u00edn. Es un juego de rol de acci\u00f3n\",\"breadcrumb\":{\"@id\":\"https:\/\/www.mercadokeys.com\/product\/torchlight-ii-steam-cd-key\/#breadcrumb\"},\"inLanguage\":\"en-GB\",\"potentialAction\":[{\"@type\":\"ReadAction\",\"target\":[\"https:\/\/www.mercadokeys.com\/product\/torchlight-ii-steam-cd-key\/\"]}]},{\"@type\":\"ImageObject\",\"inLanguage\":\"en-GB\",\"@id\":\"https:\/\/www.mercadokeys.com\/product\/torchlight-ii-steam-cd-key\/#primaryimage\",\"url\":\"https:\/\/www.mercadokeys.com.mx\/wp-content\/uploads\/2020\/12\/torchlight-ii_cover_original.jpg\",\"contentUrl\":\"https:\/\/www.mercadokeys.com.mx\/wp-content\/uploads\/2020\/12\/torchlight-ii_cover_original.jpg\",\"width\":640,\"height\":915,\"caption\":\"Torchlight II presenta mazmorras generadas aleatoriamente y numerosos tipos de monstruos para luchar por el bot\u00edn. Es un juego de rol de acci\u00f3n\"},{\"@type\":\"BreadcrumbList\",\"@id\":\"https:\/\/www.mercadokeys.com\/product\/torchlight-ii-steam-cd-key\/#breadcrumb\",\"itemListElement\":[{\"@type\":\"ListItem\",\"position\":1,\"name\":\"Inicio\",\"item\":\"https:\/\/www.mercadokeys.com.mx\/\"},{\"@type\":\"ListItem\",\"position\":2,\"name\":\"Tienda\",\"item\":\"https:\/\/www.mercadokeys.com\/shop\/\"},{\"@type\":\"ListItem\",\"position\":3,\"name\":\"Torchlight II Steam CD Key\"}]},{\"@type\":\"WebSite\",\"@id\":\"https:\/\/www.mercadokeys.com\/eng\/#website\",\"url\":\"https:\/\/www.mercadokeys.com\/eng\/\",\"name\":\"MERCADOKEYS\",\"description\":\"Tu Tienda de videojuegos digitales en Mexico!\",\"potentialAction\":[{\"@type\":\"SearchAction\",\"target\":{\"@type\":\"EntryPoint\",\"urlTemplate\":\"https:\/\/www.mercadokeys.com\/eng\/?s={search_term_string}\"},\"query-input\":{\"@type\":\"PropertyValueSpecification\",\"valueRequired\":true,\"valueName\":\"search_term_string\"}}],\"inLanguage\":\"en-GB\"}]}<\/script>\n<!-- \/ Yoast SEO plugin. -->","yoast_head_json":{"title":"Torchlight II Steam CD Key - MERCADOKEYS","description":"Torchlight II presenta mazmorras generadas aleatoriamente y numerosos tipos de monstruos para luchar por el bot\u00edn. Es un juego de rol de acci\u00f3n","robots":{"index":"index","follow":"follow","max-snippet":"max-snippet:-1","max-image-preview":"max-image-preview:large","max-video-preview":"max-video-preview:-1"},"canonical":"https:\/\/www.mercadokeys.com\/product\/torchlight-ii-steam-cd-key\/","og_locale":"en_GB","og_type":"article","og_title":"Torchlight II Steam CD Key - MERCADOKEYS","og_description":"Torchlight II presenta mazmorras generadas aleatoriamente y numerosos tipos de monstruos para luchar por el bot\u00edn. Es un juego de rol de acci\u00f3n","og_url":"https:\/\/www.mercadokeys.com\/product\/torchlight-ii-steam-cd-key\/","og_site_name":"MERCADOKEYS","article_modified_time":"2022-06-28T14:23:02+00:00","og_image":[{"width":640,"height":915,"url":"https:\/\/www.mercadokeys.com\/wp-content\/uploads\/2020\/12\/torchlight-ii_cover_original.jpg","type":"image\/jpeg"}],"twitter_card":"summary_large_image","twitter_misc":{"Estimated reading time":"1 minute"},"schema":{"@context":"https:\/\/schema.org","@graph":[{"@type":"WebPage","@id":"https:\/\/www.mercadokeys.com\/product\/torchlight-ii-steam-cd-key\/","url":"https:\/\/www.mercadokeys.com\/product\/torchlight-ii-steam-cd-key\/","name":"Torchlight II Steam CD Key - MERCADOKEYS","isPartOf":{"@id":"https:\/\/www.mercadokeys.com\/eng\/#website"},"primaryImageOfPage":{"@id":"https:\/\/www.mercadokeys.com\/product\/torchlight-ii-steam-cd-key\/#primaryimage"},"image":{"@id":"https:\/\/www.mercadokeys.com\/product\/torchlight-ii-steam-cd-key\/#primaryimage"},"thumbnailUrl":"https:\/\/www.mercadokeys.com.mx\/wp-content\/uploads\/2020\/12\/torchlight-ii_cover_original.jpg","datePublished":"2020-12-16T16:41:52+00:00","dateModified":"2022-06-28T14:23:02+00:00","description":"Torchlight II presenta mazmorras generadas aleatoriamente y numerosos tipos de monstruos para luchar por el bot\u00edn. Es un juego de rol de acci\u00f3n","breadcrumb":{"@id":"https:\/\/www.mercadokeys.com\/product\/torchlight-ii-steam-cd-key\/#breadcrumb"},"inLanguage":"en-GB","potentialAction":[{"@type":"ReadAction","target":["https:\/\/www.mercadokeys.com\/product\/torchlight-ii-steam-cd-key\/"]}]},{"@type":"ImageObject","inLanguage":"en-GB","@id":"https:\/\/www.mercadokeys.com\/product\/torchlight-ii-steam-cd-key\/#primaryimage","url":"https:\/\/www.mercadokeys.com.mx\/wp-content\/uploads\/2020\/12\/torchlight-ii_cover_original.jpg","contentUrl":"https:\/\/www.mercadokeys.com.mx\/wp-content\/uploads\/2020\/12\/torchlight-ii_cover_original.jpg","width":640,"height":915,"caption":"Torchlight II presenta mazmorras generadas aleatoriamente y numerosos tipos de monstruos para luchar por el bot\u00edn. Es un juego de rol de acci\u00f3n"},{"@type":"BreadcrumbList","@id":"https:\/\/www.mercadokeys.com\/product\/torchlight-ii-steam-cd-key\/#breadcrumb","itemListElement":[{"@type":"ListItem","position":1,"name":"Inicio","item":"https:\/\/www.mercadokeys.com.mx\/"},{"@type":"ListItem","position":2,"name":"Tienda","item":"https:\/\/www.mercadokeys.com\/shop\/"},{"@type":"ListItem","position":3,"name":"Torchlight II Steam CD Key"}]},{"@type":"WebSite","@id":"https:\/\/www.mercadokeys.com\/eng\/#website","url":"https:\/\/www.mercadokeys.com\/eng\/","name":"MERCADOKEYS","description":"Tu Tienda de videojuegos digitales en Mexico!","potentialAction":[{"@type":"SearchAction","target":{"@type":"EntryPoint","urlTemplate":"https:\/\/www.mercadokeys.com\/eng\/?s={search_term_string}"},"query-input":{"@type":"PropertyValueSpecification","valueRequired":true,"valueName":"search_term_string"}}],"inLanguage":"en-GB"}]}},"df_price":80.988336,"df_sale_price":80.988336,"df_regular_price":80.988336,"df_image_link":"https:\/\/www.mercadokeys.com.mx\/wp-content\/uploads\/2020\/12\/torchlight-ii_cover_original-210x300.jpg","_links":{"self":[{"href":"https:\/\/www.mercadokeys.com.mx\/eng\/wp-json\/wp\/v2\/product\/59236","targetHints":{"allow":["GET"]}}],"collection":[{"href":"https:\/\/www.mercadokeys.com.mx\/eng\/wp-json\/wp\/v2\/product"}],"about":[{"href":"https:\/\/www.mercadokeys.com.mx\/eng\/wp-json\/wp\/v2\/types\/product"}],"wp:featuredmedia":[{"embeddable":true,"href":"https:\/\/www.mercadokeys.com.mx\/eng\/wp-json\/wp\/v2\/media\/59252"}],"wp:attachment":[{"href":"https:\/\/www.mercadokeys.com.mx\/eng\/wp-json\/wp\/v2\/media?parent=59236"}],"wp:term":[{"taxonomy":"product_brand","embeddable":true,"href":"https:\/\/www.mercadokeys.com.mx\/eng\/wp-json\/wp\/v2\/product_brand?post=59236"},{"taxonomy":"product_cat","embeddable":true,"href":"https:\/\/www.mercadokeys.com.mx\/eng\/wp-json\/wp\/v2\/product_cat?post=59236"},{"taxonomy":"product_tag","embeddable":true,"href":"https:\/\/www.mercadokeys.com.mx\/eng\/wp-json\/wp\/v2\/product_tag?post=59236"}],"curies":[{"name":"wp","href":"https:\/\/api.w.org\/{rel}","templated":true}]}}