{"id":59181,"date":"2020-12-16T08:39:10","date_gmt":"2020-12-16T16:39:10","guid":{"rendered":"https:\/\/www.mercadokeys.com\/product\/satellite-reign-steam-cd-key\/"},"modified":"2022-06-28T07:22:42","modified_gmt":"2022-06-28T14:22:42","slug":"satellite-reign-steam-cd-key","status":"publish","type":"product","link":"https:\/\/www.mercadokeys.com.mx\/eng\/product\/satellite-reign-steam-cd-key\/","title":{"rendered":"Satellite Reign Steam CD Key"},"content":{"rendered":"<p><span style=\"vertical-align: inherit\">Satellite Reign es un juego de estrategia basado en clases en tiempo real. Controlas un equipo de cuatro agentes; cada uno con habilidades distintas y \u00fanicas, que luchan colectivamente por el control de una ciudad cyberpunk viviente y simulada. Personaliza tu equipo con la fuerza para destruir a tus enemigos de frente, o piratea sus instalaciones para manipular su infraestructura sin que ellos sepan que estabas all\u00ed. \u00bfDerribar\u00e1s a tus enemigos con fuerza bruta? \u00bfEspionaje e infiltraci\u00f3n encubiertos? \u00bfO utilizar\u00e1 la propaganda para influir en los ciudadanos de la ciudad y derrocar a los poderes controladores? Los gobiernos del mundo est\u00e1n controlados por megacorporaciones, la democracia al mejor postor. <\/span><\/p>\n<p><span style=\"vertical-align: inherit\">En Satellite Reign la sociedad est\u00e1 estructurada en beneficio de los que est\u00e1n en el poder. Los pobres existen en el oscuro y s\u00f3rdido vientre de la ciudad, mientras que los ricos nadan en la opulencia y el lujo en los niveles superiores, y la vasta clase media se siente demasiado c\u00f3moda con sus vidas de conveniencia para ver el mundo como realmente es. <\/span><\/p>\n<p><span style=\"vertical-align: inherit\">La polic\u00eda corporativa patrulla las calles, manteniendo brutalmente el status quo, todo con el pretexto de mantener a la gente a salvo. El momento del cambio es ahora, cuando una misteriosa organizaci\u00f3n surge de los suburbios de la ciudad. Tendr\u00e1n que sobornar, robar, piratear, matar y aumentar su camino a trav\u00e9s de las barreras entre ellos y su objetivo final &#8230; pero \u00bfqu\u00e9 est\u00e1n tratando de lograr? \u00bfLiberar a las masas del dominio corporativo o tomar el control por s\u00ed mismas? Eso depende de ti. <\/span><\/p>\n<p><span style=\"vertical-align: inherit\">Por su parte, el momento del cambio es ahora, cuando una misteriosa organizaci\u00f3n surge de los suburbios de la ciudad. Tendr\u00e1n que sobornar, robar, piratear, matar y aumentar su camino a trav\u00e9s de las barreras entre ellos y su objetivo final &#8230; pero \u00bfqu\u00e9 est\u00e1n tratando de lograr? \u00bfLiberar a las masas del dominio corporativo o tomar el control por s\u00ed mismas? Eso depende de ti. El momento del cambio es ahora, cuando una misteriosa organizaci\u00f3n surge de los suburbios de la ciudad. Tendr\u00e1n que sobornar, robar, piratear, matar y aumentar su camino a trav\u00e9s de las barreras entre ellos y su objetivo final &#8230; pero \u00bfqu\u00e9 est\u00e1n tratando de lograr? \u00bfLiberar a las masas del dominio corporativo o tomar el control por s\u00ed mismas? Eso depende de ti.<\/span><\/p>","protected":false},"excerpt":{"rendered":"<p>Satellite Reign es un juego de estrategia basado en clases en tiempo real. Controlas un equipo de cuatro agentes; cada uno con habilidades distintas y \u00fanicas, que luchan colectivamente por el control de una ciudad cyberpunk viviente y simulada. Personaliza tu equipo con la fuerza para destruir a tus enemigos de frente, o piratea sus&#8230;<\/p>","protected":false},"featured_media":59195,"template":"","meta":{"_monsterinsights_skip_tracking":false,"_monsterinsights_sitenote_active":false,"_monsterinsights_sitenote_note":"","_monsterinsights_sitenote_category":0},"product_brand":[],"product_cat":[1501,2981,1271,3164,1420,1283,1280,1273,1393,1428],"product_tag":[2115,2114,1526],"class_list":{"0":"post-59181","1":"product","2":"type-product","3":"status-publish","4":"has-post-thumbnail","6":"product_cat-tienda-de-videojuegos-ultimos-juegos-tijuana-mexico","7":"product_cat-destacados","8":"product_cat-tienda-de-videojuegos-tijuana-mexico","9":"product_cat-tienda-de-videojuegos-baratos-economicos-tijuana-mexico","10":"product_cat-tienda-de-videojuegos-populares-tijuana-mexico","11":"product_cat-tienda-de-videojuegos-plataformas-tijuana-mexico","12":"product_cat-tienda-de-videojuegos-pc-tijuana-mexico","13":"product_cat-tienda-de-videojuegos-steam-key-tijuana-mexico","14":"product_cat-tienda-de-videojuegos-indie-tijuana-mexico","15":"product_cat-tienda-de-videojuegos-cooperativos-tijuana-mexico","16":"product_tag-satellite-reign","17":"product_tag-satellite-reign-steam","18":"product_tag-steam","20":"first","21":"instock","22":"shipping-taxable","23":"purchasable","24":"product-type-simple"},"yoast_head":"<!-- This site is optimized with the Yoast SEO plugin v27.0 - https:\/\/yoast.com\/product\/yoast-seo-wordpress\/ -->\n<title>Satellite Reign Steam CD Key - MERCADOKEYS<\/title>\n<meta name=\"description\" content=\"Satellite Reign es un juego de estrategia basado en clases en tiempo real. Controlas un equipo de cuatro agentes cada uno con habilidades distintas y \u00fanicas\" \/>\n<meta name=\"robots\" content=\"index, follow, max-snippet:-1, max-image-preview:large, max-video-preview:-1\" \/>\n<link rel=\"canonical\" href=\"https:\/\/www.mercadokeys.com\/product\/satellite-reign-steam-cd-key\/\" \/>\n<meta property=\"og:locale\" content=\"en_GB\" \/>\n<meta property=\"og:type\" content=\"article\" \/>\n<meta property=\"og:title\" content=\"Satellite Reign Steam CD Key - MERCADOKEYS\" \/>\n<meta property=\"og:description\" content=\"Satellite Reign es un juego de estrategia basado en clases en tiempo real. Controlas un equipo de cuatro agentes cada uno con habilidades distintas y \u00fanicas\" \/>\n<meta property=\"og:url\" content=\"https:\/\/www.mercadokeys.com\/product\/satellite-reign-steam-cd-key\/\" \/>\n<meta property=\"og:site_name\" content=\"MERCADOKEYS\" \/>\n<meta property=\"article:modified_time\" content=\"2022-06-28T14:22:42+00:00\" \/>\n<meta property=\"og:image\" content=\"https:\/\/www.mercadokeys.com\/wp-content\/uploads\/2020\/12\/satellite-reign_cover_original-1.jpg\" \/>\n\t<meta property=\"og:image:width\" content=\"260\" \/>\n\t<meta property=\"og:image:height\" content=\"288\" \/>\n\t<meta property=\"og:image:type\" content=\"image\/jpeg\" \/>\n<meta name=\"twitter:card\" content=\"summary_large_image\" \/>\n<meta name=\"twitter:label1\" content=\"Estimated reading time\" \/>\n\t<meta name=\"twitter:data1\" content=\"2 minutes\" \/>\n<script type=\"application\/ld+json\" class=\"yoast-schema-graph\">{\"@context\":\"https:\/\/schema.org\",\"@graph\":[{\"@type\":\"WebPage\",\"@id\":\"https:\/\/www.mercadokeys.com\/product\/satellite-reign-steam-cd-key\/\",\"url\":\"https:\/\/www.mercadokeys.com\/product\/satellite-reign-steam-cd-key\/\",\"name\":\"Satellite Reign Steam CD Key - MERCADOKEYS\",\"isPartOf\":{\"@id\":\"https:\/\/www.mercadokeys.com\/eng\/#website\"},\"primaryImageOfPage\":{\"@id\":\"https:\/\/www.mercadokeys.com\/product\/satellite-reign-steam-cd-key\/#primaryimage\"},\"image\":{\"@id\":\"https:\/\/www.mercadokeys.com\/product\/satellite-reign-steam-cd-key\/#primaryimage\"},\"thumbnailUrl\":\"https:\/\/www.mercadokeys.com.mx\/wp-content\/uploads\/2020\/12\/satellite-reign_cover_original-1.jpg\",\"datePublished\":\"2020-12-16T16:39:10+00:00\",\"dateModified\":\"2022-06-28T14:22:42+00:00\",\"description\":\"Satellite Reign es un juego de estrategia basado en clases en tiempo real. Controlas un equipo de cuatro agentes cada uno con habilidades distintas y \u00fanicas\",\"breadcrumb\":{\"@id\":\"https:\/\/www.mercadokeys.com\/product\/satellite-reign-steam-cd-key\/#breadcrumb\"},\"inLanguage\":\"en-GB\",\"potentialAction\":[{\"@type\":\"ReadAction\",\"target\":[\"https:\/\/www.mercadokeys.com\/product\/satellite-reign-steam-cd-key\/\"]}]},{\"@type\":\"ImageObject\",\"inLanguage\":\"en-GB\",\"@id\":\"https:\/\/www.mercadokeys.com\/product\/satellite-reign-steam-cd-key\/#primaryimage\",\"url\":\"https:\/\/www.mercadokeys.com.mx\/wp-content\/uploads\/2020\/12\/satellite-reign_cover_original-1.jpg\",\"contentUrl\":\"https:\/\/www.mercadokeys.com.mx\/wp-content\/uploads\/2020\/12\/satellite-reign_cover_original-1.jpg\",\"width\":260,\"height\":288,\"caption\":\"Satellite Reign es un juego de estrategia basado en clases en tiempo real. Controlas un equipo de cuatro agentes cada uno con habilidades distintas y \u00fanicas,\"},{\"@type\":\"BreadcrumbList\",\"@id\":\"https:\/\/www.mercadokeys.com\/product\/satellite-reign-steam-cd-key\/#breadcrumb\",\"itemListElement\":[{\"@type\":\"ListItem\",\"position\":1,\"name\":\"Inicio\",\"item\":\"https:\/\/www.mercadokeys.com.mx\/\"},{\"@type\":\"ListItem\",\"position\":2,\"name\":\"Tienda\",\"item\":\"https:\/\/www.mercadokeys.com\/shop\/\"},{\"@type\":\"ListItem\",\"position\":3,\"name\":\"Satellite Reign Steam CD Key\"}]},{\"@type\":\"WebSite\",\"@id\":\"https:\/\/www.mercadokeys.com\/eng\/#website\",\"url\":\"https:\/\/www.mercadokeys.com\/eng\/\",\"name\":\"MERCADOKEYS\",\"description\":\"Tu Tienda de videojuegos digitales en Mexico!\",\"potentialAction\":[{\"@type\":\"SearchAction\",\"target\":{\"@type\":\"EntryPoint\",\"urlTemplate\":\"https:\/\/www.mercadokeys.com\/eng\/?s={search_term_string}\"},\"query-input\":{\"@type\":\"PropertyValueSpecification\",\"valueRequired\":true,\"valueName\":\"search_term_string\"}}],\"inLanguage\":\"en-GB\"}]}<\/script>\n<!-- \/ Yoast SEO plugin. -->","yoast_head_json":{"title":"Satellite Reign Steam CD Key - MERCADOKEYS","description":"Satellite Reign es un juego de estrategia basado en clases en tiempo real. Controlas un equipo de cuatro agentes cada uno con habilidades distintas y \u00fanicas","robots":{"index":"index","follow":"follow","max-snippet":"max-snippet:-1","max-image-preview":"max-image-preview:large","max-video-preview":"max-video-preview:-1"},"canonical":"https:\/\/www.mercadokeys.com\/product\/satellite-reign-steam-cd-key\/","og_locale":"en_GB","og_type":"article","og_title":"Satellite Reign Steam CD Key - MERCADOKEYS","og_description":"Satellite Reign es un juego de estrategia basado en clases en tiempo real. Controlas un equipo de cuatro agentes cada uno con habilidades distintas y \u00fanicas","og_url":"https:\/\/www.mercadokeys.com\/product\/satellite-reign-steam-cd-key\/","og_site_name":"MERCADOKEYS","article_modified_time":"2022-06-28T14:22:42+00:00","og_image":[{"width":260,"height":288,"url":"https:\/\/www.mercadokeys.com\/wp-content\/uploads\/2020\/12\/satellite-reign_cover_original-1.jpg","type":"image\/jpeg"}],"twitter_card":"summary_large_image","twitter_misc":{"Estimated reading time":"2 minutes"},"schema":{"@context":"https:\/\/schema.org","@graph":[{"@type":"WebPage","@id":"https:\/\/www.mercadokeys.com\/product\/satellite-reign-steam-cd-key\/","url":"https:\/\/www.mercadokeys.com\/product\/satellite-reign-steam-cd-key\/","name":"Satellite Reign Steam CD Key - MERCADOKEYS","isPartOf":{"@id":"https:\/\/www.mercadokeys.com\/eng\/#website"},"primaryImageOfPage":{"@id":"https:\/\/www.mercadokeys.com\/product\/satellite-reign-steam-cd-key\/#primaryimage"},"image":{"@id":"https:\/\/www.mercadokeys.com\/product\/satellite-reign-steam-cd-key\/#primaryimage"},"thumbnailUrl":"https:\/\/www.mercadokeys.com.mx\/wp-content\/uploads\/2020\/12\/satellite-reign_cover_original-1.jpg","datePublished":"2020-12-16T16:39:10+00:00","dateModified":"2022-06-28T14:22:42+00:00","description":"Satellite Reign es un juego de estrategia basado en clases en tiempo real. Controlas un equipo de cuatro agentes cada uno con habilidades distintas y \u00fanicas","breadcrumb":{"@id":"https:\/\/www.mercadokeys.com\/product\/satellite-reign-steam-cd-key\/#breadcrumb"},"inLanguage":"en-GB","potentialAction":[{"@type":"ReadAction","target":["https:\/\/www.mercadokeys.com\/product\/satellite-reign-steam-cd-key\/"]}]},{"@type":"ImageObject","inLanguage":"en-GB","@id":"https:\/\/www.mercadokeys.com\/product\/satellite-reign-steam-cd-key\/#primaryimage","url":"https:\/\/www.mercadokeys.com.mx\/wp-content\/uploads\/2020\/12\/satellite-reign_cover_original-1.jpg","contentUrl":"https:\/\/www.mercadokeys.com.mx\/wp-content\/uploads\/2020\/12\/satellite-reign_cover_original-1.jpg","width":260,"height":288,"caption":"Satellite Reign es un juego de estrategia basado en clases en tiempo real. Controlas un equipo de cuatro agentes cada uno con habilidades distintas y \u00fanicas,"},{"@type":"BreadcrumbList","@id":"https:\/\/www.mercadokeys.com\/product\/satellite-reign-steam-cd-key\/#breadcrumb","itemListElement":[{"@type":"ListItem","position":1,"name":"Inicio","item":"https:\/\/www.mercadokeys.com.mx\/"},{"@type":"ListItem","position":2,"name":"Tienda","item":"https:\/\/www.mercadokeys.com\/shop\/"},{"@type":"ListItem","position":3,"name":"Satellite Reign Steam CD Key"}]},{"@type":"WebSite","@id":"https:\/\/www.mercadokeys.com\/eng\/#website","url":"https:\/\/www.mercadokeys.com\/eng\/","name":"MERCADOKEYS","description":"Tu Tienda de videojuegos digitales en Mexico!","potentialAction":[{"@type":"SearchAction","target":{"@type":"EntryPoint","urlTemplate":"https:\/\/www.mercadokeys.com\/eng\/?s={search_term_string}"},"query-input":{"@type":"PropertyValueSpecification","valueRequired":true,"valueName":"search_term_string"}}],"inLanguage":"en-GB"}]}},"df_price":28.269613,"df_sale_price":28.269613,"df_regular_price":28.269613,"df_image_link":"https:\/\/www.mercadokeys.com.mx\/wp-content\/uploads\/2020\/12\/satellite-reign_cover_original-1.jpg","_links":{"self":[{"href":"https:\/\/www.mercadokeys.com.mx\/eng\/wp-json\/wp\/v2\/product\/59181","targetHints":{"allow":["GET"]}}],"collection":[{"href":"https:\/\/www.mercadokeys.com.mx\/eng\/wp-json\/wp\/v2\/product"}],"about":[{"href":"https:\/\/www.mercadokeys.com.mx\/eng\/wp-json\/wp\/v2\/types\/product"}],"wp:featuredmedia":[{"embeddable":true,"href":"https:\/\/www.mercadokeys.com.mx\/eng\/wp-json\/wp\/v2\/media\/59195"}],"wp:attachment":[{"href":"https:\/\/www.mercadokeys.com.mx\/eng\/wp-json\/wp\/v2\/media?parent=59181"}],"wp:term":[{"taxonomy":"product_brand","embeddable":true,"href":"https:\/\/www.mercadokeys.com.mx\/eng\/wp-json\/wp\/v2\/product_brand?post=59181"},{"taxonomy":"product_cat","embeddable":true,"href":"https:\/\/www.mercadokeys.com.mx\/eng\/wp-json\/wp\/v2\/product_cat?post=59181"},{"taxonomy":"product_tag","embeddable":true,"href":"https:\/\/www.mercadokeys.com.mx\/eng\/wp-json\/wp\/v2\/product_tag?post=59181"}],"curies":[{"name":"wp","href":"https:\/\/api.w.org\/{rel}","templated":true}]}}