{"id":58863,"date":"2020-12-16T08:20:15","date_gmt":"2020-12-16T16:20:15","guid":{"rendered":"https:\/\/www.mercadokeys.com\/product\/sentinels-of-the-multiverse-steam-cd-key\/"},"modified":"2022-06-28T07:22:49","modified_gmt":"2022-06-28T14:22:49","slug":"sentinels-of-the-multiverse-steam-cd-key","status":"publish","type":"product","link":"https:\/\/www.mercadokeys.com.mx\/eng\/product\/sentinels-of-the-multiverse-steam-cd-key\/","title":{"rendered":"Sentinels of the Multiverse Steam CD Key"},"content":{"rendered":"<p><span style=\"vertical-align: inherit\">\u00a1Llamando a todos los centinelas! \u00bfTienes lo que se necesita para defender el Multiverso? Forma un equipo de h\u00e9roes de c\u00f3mics, cada uno con sus propios estilos de juego, historias de fondo y rencores. Enfr\u00e9ntalos a una variedad de villanos man\u00edacos y formidables. \u00a1Derrota a tus enemigos y salva el Multiverso! Sentinels of the Multiverse es el galardonado juego en el que los jugadores unen fuerzas como h\u00e9roes para combatir a un villano cobarde en un entorno din\u00e1mico. \u00a1La versi\u00f3n digital de Sentinels of the Multiverse juega como un c\u00f3mic que cobra vida! Controla todo un equipo de h\u00e9roes en un solo jugador, o con\u00e9ctate en l\u00ednea y \u00fanete a h\u00e9roes de todo el mundo en el modo multijugador. \u00a1Esta es una batalla de cartas cooperativa como nunca antes lo hab\u00edas jugado! Las reglas del juego son enga\u00f1osamente simples: jugar una carta, usar un poder y robar una carta.<\/span><\/p>","protected":false},"excerpt":{"rendered":"<p>\u00a1Llamando a todos los centinelas! \u00bfTienes lo que se necesita para defender el Multiverso? Forma un equipo de h\u00e9roes de c\u00f3mics, cada uno con sus propios estilos de juego, historias de fondo y rencores. Enfr\u00e9ntalos a una variedad de villanos man\u00edacos y formidables. \u00a1Derrota a tus enemigos y salva el Multiverso! Sentinels of the Multiverse&#8230;<\/p>","protected":false},"featured_media":58874,"template":"","meta":{"_monsterinsights_skip_tracking":false,"_monsterinsights_sitenote_active":false,"_monsterinsights_sitenote_note":"","_monsterinsights_sitenote_category":0},"product_brand":[],"product_cat":[1501,2981,1271,3164,1420,1283,1280,1273,1393,1428],"product_tag":[2091,2092,1526],"class_list":{"0":"post-58863","1":"product","2":"type-product","3":"status-publish","4":"has-post-thumbnail","6":"product_cat-tienda-de-videojuegos-ultimos-juegos-tijuana-mexico","7":"product_cat-destacados","8":"product_cat-tienda-de-videojuegos-tijuana-mexico","9":"product_cat-tienda-de-videojuegos-baratos-economicos-tijuana-mexico","10":"product_cat-tienda-de-videojuegos-populares-tijuana-mexico","11":"product_cat-tienda-de-videojuegos-plataformas-tijuana-mexico","12":"product_cat-tienda-de-videojuegos-pc-tijuana-mexico","13":"product_cat-tienda-de-videojuegos-steam-key-tijuana-mexico","14":"product_cat-tienda-de-videojuegos-indie-tijuana-mexico","15":"product_cat-tienda-de-videojuegos-cooperativos-tijuana-mexico","16":"product_tag-sentinels-of-the-multiverse","17":"product_tag-sentinels-of-the-multiverse-steam","18":"product_tag-steam","20":"first","21":"instock","22":"shipping-taxable","23":"purchasable","24":"product-type-simple"},"yoast_head":"<!-- This site is optimized with the Yoast SEO plugin v27.0 - https:\/\/yoast.com\/product\/yoast-seo-wordpress\/ -->\n<title>Sentinels of the Multiverse Steam CD Key - MERCADOKEYS<\/title>\n<meta name=\"description\" content=\"Sentinels of the Multiverse es el galardonado juego en el que los jugadores unen fuerzas como h\u00e9roes para combatir a un villano cobarde\" \/>\n<meta name=\"robots\" content=\"index, follow, max-snippet:-1, max-image-preview:large, max-video-preview:-1\" \/>\n<link rel=\"canonical\" href=\"https:\/\/www.mercadokeys.com\/product\/sentinels-of-the-multiverse-steam-cd-key\/\" \/>\n<meta property=\"og:locale\" content=\"en_GB\" \/>\n<meta property=\"og:type\" content=\"article\" \/>\n<meta property=\"og:title\" content=\"Sentinels of the Multiverse Steam CD Key - MERCADOKEYS\" \/>\n<meta property=\"og:description\" content=\"Sentinels of the Multiverse es el galardonado juego en el que los jugadores unen fuerzas como h\u00e9roes para combatir a un villano cobarde\" \/>\n<meta property=\"og:url\" content=\"https:\/\/www.mercadokeys.com\/product\/sentinels-of-the-multiverse-steam-cd-key\/\" \/>\n<meta property=\"og:site_name\" content=\"MERCADOKEYS\" \/>\n<meta property=\"article:modified_time\" content=\"2022-06-28T14:22:49+00:00\" \/>\n<meta property=\"og:image\" content=\"https:\/\/www.mercadokeys.com\/wp-content\/uploads\/2020\/12\/sentinels-of-the-multiverse-the-video-game_cover_original.png\" \/>\n\t<meta property=\"og:image:width\" content=\"300\" \/>\n\t<meta property=\"og:image:height\" content=\"232\" \/>\n\t<meta property=\"og:image:type\" content=\"image\/png\" \/>\n<meta name=\"twitter:card\" content=\"summary_large_image\" \/>\n<meta name=\"twitter:label1\" content=\"Estimated reading time\" \/>\n\t<meta name=\"twitter:data1\" content=\"1 minute\" \/>\n<script type=\"application\/ld+json\" class=\"yoast-schema-graph\">{\"@context\":\"https:\/\/schema.org\",\"@graph\":[{\"@type\":\"WebPage\",\"@id\":\"https:\/\/www.mercadokeys.com\/product\/sentinels-of-the-multiverse-steam-cd-key\/\",\"url\":\"https:\/\/www.mercadokeys.com\/product\/sentinels-of-the-multiverse-steam-cd-key\/\",\"name\":\"Sentinels of the Multiverse Steam CD Key - MERCADOKEYS\",\"isPartOf\":{\"@id\":\"https:\/\/www.mercadokeys.com\/eng\/#website\"},\"primaryImageOfPage\":{\"@id\":\"https:\/\/www.mercadokeys.com\/product\/sentinels-of-the-multiverse-steam-cd-key\/#primaryimage\"},\"image\":{\"@id\":\"https:\/\/www.mercadokeys.com\/product\/sentinels-of-the-multiverse-steam-cd-key\/#primaryimage\"},\"thumbnailUrl\":\"https:\/\/www.mercadokeys.com.mx\/wp-content\/uploads\/2020\/12\/sentinels-of-the-multiverse-the-video-game_cover_original.png\",\"datePublished\":\"2020-12-16T16:20:15+00:00\",\"dateModified\":\"2022-06-28T14:22:49+00:00\",\"description\":\"Sentinels of the Multiverse es el galardonado juego en el que los jugadores unen fuerzas como h\u00e9roes para combatir a un villano cobarde\",\"breadcrumb\":{\"@id\":\"https:\/\/www.mercadokeys.com\/product\/sentinels-of-the-multiverse-steam-cd-key\/#breadcrumb\"},\"inLanguage\":\"en-GB\",\"potentialAction\":[{\"@type\":\"ReadAction\",\"target\":[\"https:\/\/www.mercadokeys.com\/product\/sentinels-of-the-multiverse-steam-cd-key\/\"]}]},{\"@type\":\"ImageObject\",\"inLanguage\":\"en-GB\",\"@id\":\"https:\/\/www.mercadokeys.com\/product\/sentinels-of-the-multiverse-steam-cd-key\/#primaryimage\",\"url\":\"https:\/\/www.mercadokeys.com.mx\/wp-content\/uploads\/2020\/12\/sentinels-of-the-multiverse-the-video-game_cover_original.png\",\"contentUrl\":\"https:\/\/www.mercadokeys.com.mx\/wp-content\/uploads\/2020\/12\/sentinels-of-the-multiverse-the-video-game_cover_original.png\",\"width\":300,\"height\":232,\"caption\":\"Sentinels of the Multiverse es el galardonado juego en el que los jugadores unen fuerzas como h\u00e9roes para combatir a un villano cobarde en un entorno din\u00e1mico\"},{\"@type\":\"BreadcrumbList\",\"@id\":\"https:\/\/www.mercadokeys.com\/product\/sentinels-of-the-multiverse-steam-cd-key\/#breadcrumb\",\"itemListElement\":[{\"@type\":\"ListItem\",\"position\":1,\"name\":\"Inicio\",\"item\":\"https:\/\/www.mercadokeys.com.mx\/\"},{\"@type\":\"ListItem\",\"position\":2,\"name\":\"Tienda\",\"item\":\"https:\/\/www.mercadokeys.com\/shop\/\"},{\"@type\":\"ListItem\",\"position\":3,\"name\":\"Sentinels of the Multiverse Steam CD Key\"}]},{\"@type\":\"WebSite\",\"@id\":\"https:\/\/www.mercadokeys.com\/eng\/#website\",\"url\":\"https:\/\/www.mercadokeys.com\/eng\/\",\"name\":\"MERCADOKEYS\",\"description\":\"Tu Tienda de videojuegos digitales en Mexico!\",\"potentialAction\":[{\"@type\":\"SearchAction\",\"target\":{\"@type\":\"EntryPoint\",\"urlTemplate\":\"https:\/\/www.mercadokeys.com\/eng\/?s={search_term_string}\"},\"query-input\":{\"@type\":\"PropertyValueSpecification\",\"valueRequired\":true,\"valueName\":\"search_term_string\"}}],\"inLanguage\":\"en-GB\"}]}<\/script>\n<!-- \/ Yoast SEO plugin. -->","yoast_head_json":{"title":"Sentinels of the Multiverse Steam CD Key - MERCADOKEYS","description":"Sentinels of the Multiverse es el galardonado juego en el que los jugadores unen fuerzas como h\u00e9roes para combatir a un villano cobarde","robots":{"index":"index","follow":"follow","max-snippet":"max-snippet:-1","max-image-preview":"max-image-preview:large","max-video-preview":"max-video-preview:-1"},"canonical":"https:\/\/www.mercadokeys.com\/product\/sentinels-of-the-multiverse-steam-cd-key\/","og_locale":"en_GB","og_type":"article","og_title":"Sentinels of the Multiverse Steam CD Key - MERCADOKEYS","og_description":"Sentinels of the Multiverse es el galardonado juego en el que los jugadores unen fuerzas como h\u00e9roes para combatir a un villano cobarde","og_url":"https:\/\/www.mercadokeys.com\/product\/sentinels-of-the-multiverse-steam-cd-key\/","og_site_name":"MERCADOKEYS","article_modified_time":"2022-06-28T14:22:49+00:00","og_image":[{"width":300,"height":232,"url":"https:\/\/www.mercadokeys.com\/wp-content\/uploads\/2020\/12\/sentinels-of-the-multiverse-the-video-game_cover_original.png","type":"image\/png"}],"twitter_card":"summary_large_image","twitter_misc":{"Estimated reading time":"1 minute"},"schema":{"@context":"https:\/\/schema.org","@graph":[{"@type":"WebPage","@id":"https:\/\/www.mercadokeys.com\/product\/sentinels-of-the-multiverse-steam-cd-key\/","url":"https:\/\/www.mercadokeys.com\/product\/sentinels-of-the-multiverse-steam-cd-key\/","name":"Sentinels of the Multiverse Steam CD Key - MERCADOKEYS","isPartOf":{"@id":"https:\/\/www.mercadokeys.com\/eng\/#website"},"primaryImageOfPage":{"@id":"https:\/\/www.mercadokeys.com\/product\/sentinels-of-the-multiverse-steam-cd-key\/#primaryimage"},"image":{"@id":"https:\/\/www.mercadokeys.com\/product\/sentinels-of-the-multiverse-steam-cd-key\/#primaryimage"},"thumbnailUrl":"https:\/\/www.mercadokeys.com.mx\/wp-content\/uploads\/2020\/12\/sentinels-of-the-multiverse-the-video-game_cover_original.png","datePublished":"2020-12-16T16:20:15+00:00","dateModified":"2022-06-28T14:22:49+00:00","description":"Sentinels of the Multiverse es el galardonado juego en el que los jugadores unen fuerzas como h\u00e9roes para combatir a un villano cobarde","breadcrumb":{"@id":"https:\/\/www.mercadokeys.com\/product\/sentinels-of-the-multiverse-steam-cd-key\/#breadcrumb"},"inLanguage":"en-GB","potentialAction":[{"@type":"ReadAction","target":["https:\/\/www.mercadokeys.com\/product\/sentinels-of-the-multiverse-steam-cd-key\/"]}]},{"@type":"ImageObject","inLanguage":"en-GB","@id":"https:\/\/www.mercadokeys.com\/product\/sentinels-of-the-multiverse-steam-cd-key\/#primaryimage","url":"https:\/\/www.mercadokeys.com.mx\/wp-content\/uploads\/2020\/12\/sentinels-of-the-multiverse-the-video-game_cover_original.png","contentUrl":"https:\/\/www.mercadokeys.com.mx\/wp-content\/uploads\/2020\/12\/sentinels-of-the-multiverse-the-video-game_cover_original.png","width":300,"height":232,"caption":"Sentinels of the Multiverse es el galardonado juego en el que los jugadores unen fuerzas como h\u00e9roes para combatir a un villano cobarde en un entorno din\u00e1mico"},{"@type":"BreadcrumbList","@id":"https:\/\/www.mercadokeys.com\/product\/sentinels-of-the-multiverse-steam-cd-key\/#breadcrumb","itemListElement":[{"@type":"ListItem","position":1,"name":"Inicio","item":"https:\/\/www.mercadokeys.com.mx\/"},{"@type":"ListItem","position":2,"name":"Tienda","item":"https:\/\/www.mercadokeys.com\/shop\/"},{"@type":"ListItem","position":3,"name":"Sentinels of the Multiverse Steam CD Key"}]},{"@type":"WebSite","@id":"https:\/\/www.mercadokeys.com\/eng\/#website","url":"https:\/\/www.mercadokeys.com\/eng\/","name":"MERCADOKEYS","description":"Tu Tienda de videojuegos digitales en Mexico!","potentialAction":[{"@type":"SearchAction","target":{"@type":"EntryPoint","urlTemplate":"https:\/\/www.mercadokeys.com\/eng\/?s={search_term_string}"},"query-input":{"@type":"PropertyValueSpecification","valueRequired":true,"valueName":"search_term_string"}}],"inLanguage":"en-GB"}]}},"df_price":34.71079,"df_sale_price":34.71079,"df_regular_price":34.71079,"df_image_link":"https:\/\/www.mercadokeys.com.mx\/wp-content\/uploads\/2020\/12\/sentinels-of-the-multiverse-the-video-game_cover_original.png","_links":{"self":[{"href":"https:\/\/www.mercadokeys.com.mx\/eng\/wp-json\/wp\/v2\/product\/58863","targetHints":{"allow":["GET"]}}],"collection":[{"href":"https:\/\/www.mercadokeys.com.mx\/eng\/wp-json\/wp\/v2\/product"}],"about":[{"href":"https:\/\/www.mercadokeys.com.mx\/eng\/wp-json\/wp\/v2\/types\/product"}],"wp:featuredmedia":[{"embeddable":true,"href":"https:\/\/www.mercadokeys.com.mx\/eng\/wp-json\/wp\/v2\/media\/58874"}],"wp:attachment":[{"href":"https:\/\/www.mercadokeys.com.mx\/eng\/wp-json\/wp\/v2\/media?parent=58863"}],"wp:term":[{"taxonomy":"product_brand","embeddable":true,"href":"https:\/\/www.mercadokeys.com.mx\/eng\/wp-json\/wp\/v2\/product_brand?post=58863"},{"taxonomy":"product_cat","embeddable":true,"href":"https:\/\/www.mercadokeys.com.mx\/eng\/wp-json\/wp\/v2\/product_cat?post=58863"},{"taxonomy":"product_tag","embeddable":true,"href":"https:\/\/www.mercadokeys.com.mx\/eng\/wp-json\/wp\/v2\/product_tag?post=58863"}],"curies":[{"name":"wp","href":"https:\/\/api.w.org\/{rel}","templated":true}]}}