{"id":58178,"date":"2020-12-16T07:50:58","date_gmt":"2020-12-16T15:50:58","guid":{"rendered":"https:\/\/www.mercadokeys.com\/product\/construction-simulator-2015-steam-cd-key\/"},"modified":"2022-06-28T07:24:27","modified_gmt":"2022-06-28T14:24:27","slug":"construction-simulator-2015-steam-cd-key","status":"publish","type":"product","link":"https:\/\/www.mercadokeys.com.mx\/eng\/product\/construction-simulator-2015-steam-cd-key\/","title":{"rendered":"Construction Simulator 2015 Steam CD Key"},"content":{"rendered":"<p><span style=\"vertical-align: inherit\">En Construction Simulator 2015, tomas los controles de 15 m\u00e1quinas de construcci\u00f3n realistas fabricadas por Liebherr, Still y MAN con gr\u00e1ficos 3D de alta calidad. Excave los cimientos de una casa con m\u00e1quinas realistas; vierta hormig\u00f3n en los paneles de las paredes de una f\u00e1brica con una enorme bomba de hormig\u00f3n o pruebe la firmeza de sus manos colocando vigas de techo gigantes con una gr\u00faa m\u00f3vil. Gracias a los controles realistas, puede conducir una excavadora con dos joysticks utilizando los controles SAE y sentirse como si estuviera trabajando en una obra de construcci\u00f3n real. Explore un mundo expansivo y libremente navegable con varias ciudades, campos e incluso una carretera: encontrar\u00e1 una variedad de nuevos desaf\u00edos para su grupo de motores en constante crecimiento.<\/span><\/p>\n<h3>Veh\u00edculos<\/h3>\n<p><span style=\"vertical-align: inherit\"> Pruebe veh\u00edculos nuevos antes de comprarlos en el distribuidor de maquinaria de construcci\u00f3n, haga que se realicen las reparaciones en el taller de reparaci\u00f3n, y visite el ayuntamiento local para las licitaciones p\u00fablicas. Si tiene \u00e9xito, le atraer\u00e1n trabajos a\u00fan m\u00e1s grandes y lucrativos y varias ubicaciones de oficinas con a\u00fan m\u00e1s posibilidades. Trabajar es m\u00e1s divertido con amigos y la construcci\u00f3n no es una excepci\u00f3n. Opere veh\u00edculos con amigos en el modo multijugador y complete misiones de construcci\u00f3n juntos o simplemente jueguen en el mundo del juego abierto. Hasta cuatro trabajadores pueden participar en juegos multijugador.<\/span><\/p>\n<h3>Papel principal<\/h3>\n<p><span style=\"vertical-align: inherit\">El jugador que abre el juego act\u00faa como anfitri\u00f3n y asume el papel principal en la gesti\u00f3n de una empresa de construcci\u00f3n compartida por los otros jugadores en un juego cooperativo. En un solo juego, pueden trabajar juntos para realizar tareas de construcci\u00f3n. Caven hoyos juntos usando varias excavadoras, mientras otro jugador transporta el material excavado a una planta de grava. En un juego avanzado, puede trabajar en hasta tres sitios de construcci\u00f3n a la vez y realmente comenzar a ganar dinero con su empresa de construcci\u00f3n. \u00bf200 etapas de trabajo en m\u00e1s de 150 misiones diferentes no son suficientes para ti?<\/span><\/p>\n<p><span style=\"vertical-align: inherit\"> Construction Simulator 2015 ofrece muchas oportunidades para integrar sus propios veh\u00edculos y sitios de construcci\u00f3n en el juego. Puedes usar el kit de construcci\u00f3n del desarrollador para dar forma a tus propios mundos y crear tu propio contenido de juego. Por supuesto, tambi\u00e9n puede compartir sus modificaciones con la comunidad m\u00e1s amplia de fan\u00e1ticos a trav\u00e9s de Steamworks o en sitios de fan\u00e1ticos. De esta manera, una gran comunidad de jugadores puede acceder a una oferta infinita y variada de contenido creado por el usuario. La barrera para ingresar al mundo de la modificaci\u00f3n no es particularmente alta; todo lo que realmente necesita es un programa de gr\u00e1ficos 3D como 3ds max o Maya, as\u00ed como la versi\u00f3n gratuita de Unity3D.<\/span><\/p>","protected":false},"excerpt":{"rendered":"<p>En Construction Simulator 2015, tomas los controles de 15 m\u00e1quinas de construcci\u00f3n realistas fabricadas por Liebherr, Still y MAN con gr\u00e1ficos 3D de alta calidad. Excave los cimientos de una casa con m\u00e1quinas realistas; vierta hormig\u00f3n en los paneles de las paredes de una f\u00e1brica con una enorme bomba de hormig\u00f3n o pruebe la firmeza&#8230;<\/p>","protected":false},"featured_media":58188,"template":"","meta":{"_monsterinsights_skip_tracking":false,"_monsterinsights_sitenote_active":false,"_monsterinsights_sitenote_note":"","_monsterinsights_sitenote_category":0},"product_brand":[],"product_cat":[1501,2981,1271,3164,1420,1283,1280,1273,1395,1428],"product_tag":[2085,2084,1526],"class_list":{"0":"post-58178","1":"product","2":"type-product","3":"status-publish","4":"has-post-thumbnail","6":"product_cat-tienda-de-videojuegos-ultimos-juegos-tijuana-mexico","7":"product_cat-destacados","8":"product_cat-tienda-de-videojuegos-tijuana-mexico","9":"product_cat-tienda-de-videojuegos-baratos-economicos-tijuana-mexico","10":"product_cat-tienda-de-videojuegos-populares-tijuana-mexico","11":"product_cat-tienda-de-videojuegos-plataformas-tijuana-mexico","12":"product_cat-tienda-de-videojuegos-pc-tijuana-mexico","13":"product_cat-tienda-de-videojuegos-steam-key-tijuana-mexico","14":"product_cat-tienda-de-videojuegos-casual-tijuana-mexico","15":"product_cat-tienda-de-videojuegos-cooperativos-tijuana-mexico","16":"product_tag-construction-simulator-2015","17":"product_tag-construction-simulator-2015-steam","18":"product_tag-steam","20":"first","21":"instock","22":"shipping-taxable","23":"purchasable","24":"product-type-simple"},"yoast_head":"<!-- This site is optimized with the Yoast SEO plugin v27.0 - https:\/\/yoast.com\/product\/yoast-seo-wordpress\/ -->\n<title>Construction Simulator 2015 Steam CD Key - MERCADOKEYS<\/title>\n<meta name=\"description\" content=\"En Construction Simulator 2015, tomas los controles de 15 m\u00e1quinas de construcci\u00f3n realistas fabricadas por Liebherr, Still y MAN con gr\u00e1ficos 3D\" \/>\n<meta name=\"robots\" content=\"index, follow, max-snippet:-1, max-image-preview:large, max-video-preview:-1\" \/>\n<link rel=\"canonical\" href=\"https:\/\/www.mercadokeys.com\/product\/construction-simulator-2015-steam-cd-key\/\" \/>\n<meta property=\"og:locale\" content=\"en_GB\" \/>\n<meta property=\"og:type\" content=\"article\" \/>\n<meta property=\"og:title\" content=\"Construction Simulator 2015 Steam CD Key - MERCADOKEYS\" \/>\n<meta property=\"og:description\" content=\"En Construction Simulator 2015, tomas los controles de 15 m\u00e1quinas de construcci\u00f3n realistas fabricadas por Liebherr, Still y MAN con gr\u00e1ficos 3D\" \/>\n<meta property=\"og:url\" content=\"https:\/\/www.mercadokeys.com\/product\/construction-simulator-2015-steam-cd-key\/\" \/>\n<meta property=\"og:site_name\" content=\"MERCADOKEYS\" \/>\n<meta property=\"article:modified_time\" content=\"2022-06-28T14:24:27+00:00\" \/>\n<meta property=\"og:image\" content=\"https:\/\/www.mercadokeys.com\/wp-content\/uploads\/2020\/12\/construction-simulator-2015_cover_original.jpg\" \/>\n\t<meta property=\"og:image:width\" content=\"550\" \/>\n\t<meta property=\"og:image:height\" content=\"791\" \/>\n\t<meta property=\"og:image:type\" content=\"image\/jpeg\" \/>\n<meta name=\"twitter:card\" content=\"summary_large_image\" \/>\n<meta name=\"twitter:label1\" content=\"Estimated reading time\" \/>\n\t<meta name=\"twitter:data1\" content=\"2 minutes\" \/>\n<script type=\"application\/ld+json\" class=\"yoast-schema-graph\">{\"@context\":\"https:\/\/schema.org\",\"@graph\":[{\"@type\":\"WebPage\",\"@id\":\"https:\/\/www.mercadokeys.com\/product\/construction-simulator-2015-steam-cd-key\/\",\"url\":\"https:\/\/www.mercadokeys.com\/product\/construction-simulator-2015-steam-cd-key\/\",\"name\":\"Construction Simulator 2015 Steam CD Key - MERCADOKEYS\",\"isPartOf\":{\"@id\":\"https:\/\/www.mercadokeys.com\/eng\/#website\"},\"primaryImageOfPage\":{\"@id\":\"https:\/\/www.mercadokeys.com\/product\/construction-simulator-2015-steam-cd-key\/#primaryimage\"},\"image\":{\"@id\":\"https:\/\/www.mercadokeys.com\/product\/construction-simulator-2015-steam-cd-key\/#primaryimage\"},\"thumbnailUrl\":\"https:\/\/www.mercadokeys.com.mx\/wp-content\/uploads\/2020\/12\/construction-simulator-2015_cover_original.jpg\",\"datePublished\":\"2020-12-16T15:50:58+00:00\",\"dateModified\":\"2022-06-28T14:24:27+00:00\",\"description\":\"En Construction Simulator 2015, tomas los controles de 15 m\u00e1quinas de construcci\u00f3n realistas fabricadas por Liebherr, Still y MAN con gr\u00e1ficos 3D\",\"breadcrumb\":{\"@id\":\"https:\/\/www.mercadokeys.com\/product\/construction-simulator-2015-steam-cd-key\/#breadcrumb\"},\"inLanguage\":\"en-GB\",\"potentialAction\":[{\"@type\":\"ReadAction\",\"target\":[\"https:\/\/www.mercadokeys.com\/product\/construction-simulator-2015-steam-cd-key\/\"]}]},{\"@type\":\"ImageObject\",\"inLanguage\":\"en-GB\",\"@id\":\"https:\/\/www.mercadokeys.com\/product\/construction-simulator-2015-steam-cd-key\/#primaryimage\",\"url\":\"https:\/\/www.mercadokeys.com.mx\/wp-content\/uploads\/2020\/12\/construction-simulator-2015_cover_original.jpg\",\"contentUrl\":\"https:\/\/www.mercadokeys.com.mx\/wp-content\/uploads\/2020\/12\/construction-simulator-2015_cover_original.jpg\",\"width\":550,\"height\":791,\"caption\":\"En Construction Simulator 2015, tomas los controles de 15 m\u00e1quinas de construcci\u00f3n realistas fabricadas por Liebherr, Still y MAN con gr\u00e1ficos 3D\"},{\"@type\":\"BreadcrumbList\",\"@id\":\"https:\/\/www.mercadokeys.com\/product\/construction-simulator-2015-steam-cd-key\/#breadcrumb\",\"itemListElement\":[{\"@type\":\"ListItem\",\"position\":1,\"name\":\"Inicio\",\"item\":\"https:\/\/www.mercadokeys.com.mx\/\"},{\"@type\":\"ListItem\",\"position\":2,\"name\":\"Tienda\",\"item\":\"https:\/\/www.mercadokeys.com\/shop\/\"},{\"@type\":\"ListItem\",\"position\":3,\"name\":\"Construction Simulator 2015 Steam CD Key\"}]},{\"@type\":\"WebSite\",\"@id\":\"https:\/\/www.mercadokeys.com\/eng\/#website\",\"url\":\"https:\/\/www.mercadokeys.com\/eng\/\",\"name\":\"MERCADOKEYS\",\"description\":\"Tu Tienda de videojuegos digitales en Mexico!\",\"potentialAction\":[{\"@type\":\"SearchAction\",\"target\":{\"@type\":\"EntryPoint\",\"urlTemplate\":\"https:\/\/www.mercadokeys.com\/eng\/?s={search_term_string}\"},\"query-input\":{\"@type\":\"PropertyValueSpecification\",\"valueRequired\":true,\"valueName\":\"search_term_string\"}}],\"inLanguage\":\"en-GB\"}]}<\/script>\n<!-- \/ Yoast SEO plugin. -->","yoast_head_json":{"title":"Construction Simulator 2015 Steam CD Key - MERCADOKEYS","description":"En Construction Simulator 2015, tomas los controles de 15 m\u00e1quinas de construcci\u00f3n realistas fabricadas por Liebherr, Still y MAN con gr\u00e1ficos 3D","robots":{"index":"index","follow":"follow","max-snippet":"max-snippet:-1","max-image-preview":"max-image-preview:large","max-video-preview":"max-video-preview:-1"},"canonical":"https:\/\/www.mercadokeys.com\/product\/construction-simulator-2015-steam-cd-key\/","og_locale":"en_GB","og_type":"article","og_title":"Construction Simulator 2015 Steam CD Key - MERCADOKEYS","og_description":"En Construction Simulator 2015, tomas los controles de 15 m\u00e1quinas de construcci\u00f3n realistas fabricadas por Liebherr, Still y MAN con gr\u00e1ficos 3D","og_url":"https:\/\/www.mercadokeys.com\/product\/construction-simulator-2015-steam-cd-key\/","og_site_name":"MERCADOKEYS","article_modified_time":"2022-06-28T14:24:27+00:00","og_image":[{"width":550,"height":791,"url":"https:\/\/www.mercadokeys.com\/wp-content\/uploads\/2020\/12\/construction-simulator-2015_cover_original.jpg","type":"image\/jpeg"}],"twitter_card":"summary_large_image","twitter_misc":{"Estimated reading time":"2 minutes"},"schema":{"@context":"https:\/\/schema.org","@graph":[{"@type":"WebPage","@id":"https:\/\/www.mercadokeys.com\/product\/construction-simulator-2015-steam-cd-key\/","url":"https:\/\/www.mercadokeys.com\/product\/construction-simulator-2015-steam-cd-key\/","name":"Construction Simulator 2015 Steam CD Key - MERCADOKEYS","isPartOf":{"@id":"https:\/\/www.mercadokeys.com\/eng\/#website"},"primaryImageOfPage":{"@id":"https:\/\/www.mercadokeys.com\/product\/construction-simulator-2015-steam-cd-key\/#primaryimage"},"image":{"@id":"https:\/\/www.mercadokeys.com\/product\/construction-simulator-2015-steam-cd-key\/#primaryimage"},"thumbnailUrl":"https:\/\/www.mercadokeys.com.mx\/wp-content\/uploads\/2020\/12\/construction-simulator-2015_cover_original.jpg","datePublished":"2020-12-16T15:50:58+00:00","dateModified":"2022-06-28T14:24:27+00:00","description":"En Construction Simulator 2015, tomas los controles de 15 m\u00e1quinas de construcci\u00f3n realistas fabricadas por Liebherr, Still y MAN con gr\u00e1ficos 3D","breadcrumb":{"@id":"https:\/\/www.mercadokeys.com\/product\/construction-simulator-2015-steam-cd-key\/#breadcrumb"},"inLanguage":"en-GB","potentialAction":[{"@type":"ReadAction","target":["https:\/\/www.mercadokeys.com\/product\/construction-simulator-2015-steam-cd-key\/"]}]},{"@type":"ImageObject","inLanguage":"en-GB","@id":"https:\/\/www.mercadokeys.com\/product\/construction-simulator-2015-steam-cd-key\/#primaryimage","url":"https:\/\/www.mercadokeys.com.mx\/wp-content\/uploads\/2020\/12\/construction-simulator-2015_cover_original.jpg","contentUrl":"https:\/\/www.mercadokeys.com.mx\/wp-content\/uploads\/2020\/12\/construction-simulator-2015_cover_original.jpg","width":550,"height":791,"caption":"En Construction Simulator 2015, tomas los controles de 15 m\u00e1quinas de construcci\u00f3n realistas fabricadas por Liebherr, Still y MAN con gr\u00e1ficos 3D"},{"@type":"BreadcrumbList","@id":"https:\/\/www.mercadokeys.com\/product\/construction-simulator-2015-steam-cd-key\/#breadcrumb","itemListElement":[{"@type":"ListItem","position":1,"name":"Inicio","item":"https:\/\/www.mercadokeys.com.mx\/"},{"@type":"ListItem","position":2,"name":"Tienda","item":"https:\/\/www.mercadokeys.com\/shop\/"},{"@type":"ListItem","position":3,"name":"Construction Simulator 2015 Steam CD Key"}]},{"@type":"WebSite","@id":"https:\/\/www.mercadokeys.com\/eng\/#website","url":"https:\/\/www.mercadokeys.com\/eng\/","name":"MERCADOKEYS","description":"Tu Tienda de videojuegos digitales en Mexico!","potentialAction":[{"@type":"SearchAction","target":{"@type":"EntryPoint","urlTemplate":"https:\/\/www.mercadokeys.com\/eng\/?s={search_term_string}"},"query-input":{"@type":"PropertyValueSpecification","valueRequired":true,"valueName":"search_term_string"}}],"inLanguage":"en-GB"}]}},"df_price":92.923459,"df_sale_price":92.923459,"df_regular_price":92.923459,"df_image_link":"https:\/\/www.mercadokeys.com.mx\/wp-content\/uploads\/2020\/12\/construction-simulator-2015_cover_original-209x300.jpg","_links":{"self":[{"href":"https:\/\/www.mercadokeys.com.mx\/eng\/wp-json\/wp\/v2\/product\/58178","targetHints":{"allow":["GET"]}}],"collection":[{"href":"https:\/\/www.mercadokeys.com.mx\/eng\/wp-json\/wp\/v2\/product"}],"about":[{"href":"https:\/\/www.mercadokeys.com.mx\/eng\/wp-json\/wp\/v2\/types\/product"}],"wp:featuredmedia":[{"embeddable":true,"href":"https:\/\/www.mercadokeys.com.mx\/eng\/wp-json\/wp\/v2\/media\/58188"}],"wp:attachment":[{"href":"https:\/\/www.mercadokeys.com.mx\/eng\/wp-json\/wp\/v2\/media?parent=58178"}],"wp:term":[{"taxonomy":"product_brand","embeddable":true,"href":"https:\/\/www.mercadokeys.com.mx\/eng\/wp-json\/wp\/v2\/product_brand?post=58178"},{"taxonomy":"product_cat","embeddable":true,"href":"https:\/\/www.mercadokeys.com.mx\/eng\/wp-json\/wp\/v2\/product_cat?post=58178"},{"taxonomy":"product_tag","embeddable":true,"href":"https:\/\/www.mercadokeys.com.mx\/eng\/wp-json\/wp\/v2\/product_tag?post=58178"}],"curies":[{"name":"wp","href":"https:\/\/api.w.org\/{rel}","templated":true}]}}