{"id":58042,"date":"2020-12-16T07:45:37","date_gmt":"2020-12-16T15:45:37","guid":{"rendered":"https:\/\/www.mercadokeys.com\/product\/deathtrap-steam-cd-key\/"},"modified":"2022-06-29T06:31:31","modified_gmt":"2022-06-29T13:31:31","slug":"deathtrap-steam-cd-key","status":"publish","type":"product","link":"https:\/\/www.mercadokeys.com.mx\/eng\/product\/deathtrap-steam-cd-key\/","title":{"rendered":"Deathtrap Steam CD Key"},"content":{"rendered":"<p><span style=\"vertical-align: inherit\">Deathtrap; un juego de defensa de torres con fuertes elementos de acci\u00f3n y rol, est\u00e1 disponible en Steam como un juego de acceso anticipado con muchas caracter\u00edsticas emocionantes que has estado deseando ver en este g\u00e9nero. Del mismo modo, elige entre tres modos de juego (PvP, Un jugador y Campa\u00f1a cooperativa); crea tus propios mapas y monstruos, comp\u00e1rtelos con tus amigos y prep\u00e1rate para un juego de trucos viciosos, m\u00e1quinas de matar, cuchillas giratorias y salpicaduras de sangre.\u00a0<\/span><\/p>","protected":false},"excerpt":{"rendered":"<p>Deathtrap; un juego de defensa de torres con fuertes elementos de acci\u00f3n y rol, est\u00e1 disponible en Steam como un juego de acceso anticipado con muchas caracter\u00edsticas emocionantes que has estado deseando ver en este g\u00e9nero. Del mismo modo, elige entre tres modos de juego (PvP, Un jugador y Campa\u00f1a cooperativa); crea tus propios mapas&#8230;<\/p>","protected":false},"featured_media":58052,"template":"","meta":{"_monsterinsights_skip_tracking":false,"_monsterinsights_sitenote_active":false,"_monsterinsights_sitenote_note":"","_monsterinsights_sitenote_category":0},"product_brand":[],"product_cat":[1501,2981,1271,3164,1420,1283,1280,1273,1393,1428],"product_tag":[2081,2080,1526],"class_list":{"0":"post-58042","1":"product","2":"type-product","3":"status-publish","4":"has-post-thumbnail","6":"product_cat-tienda-de-videojuegos-ultimos-juegos-tijuana-mexico","7":"product_cat-destacados","8":"product_cat-tienda-de-videojuegos-tijuana-mexico","9":"product_cat-tienda-de-videojuegos-baratos-economicos-tijuana-mexico","10":"product_cat-tienda-de-videojuegos-populares-tijuana-mexico","11":"product_cat-tienda-de-videojuegos-plataformas-tijuana-mexico","12":"product_cat-tienda-de-videojuegos-pc-tijuana-mexico","13":"product_cat-tienda-de-videojuegos-steam-key-tijuana-mexico","14":"product_cat-tienda-de-videojuegos-indie-tijuana-mexico","15":"product_cat-tienda-de-videojuegos-cooperativos-tijuana-mexico","16":"product_tag-deathtrap","17":"product_tag-deathtrap-steam","18":"product_tag-steam","20":"first","21":"instock","22":"shipping-taxable","23":"purchasable","24":"product-type-simple"},"yoast_head":"<!-- This site is optimized with the Yoast SEO plugin v27.0 - https:\/\/yoast.com\/product\/yoast-seo-wordpress\/ -->\n<title>Deathtrap Steam CD Key - MERCADOKEYS<\/title>\n<meta name=\"description\" content=\"Deathtrap, un juego de defensa de torres con fuertes elementos de acci\u00f3n y rol, est\u00e1 disponible en Steam como un juego de acceso anticipado\" \/>\n<meta name=\"robots\" content=\"index, follow, max-snippet:-1, max-image-preview:large, max-video-preview:-1\" \/>\n<link rel=\"canonical\" href=\"https:\/\/www.mercadokeys.com\/product\/deathtrap-steam-cd-key\/\" \/>\n<meta property=\"og:locale\" content=\"en_GB\" \/>\n<meta property=\"og:type\" content=\"article\" \/>\n<meta property=\"og:title\" content=\"Deathtrap Steam CD Key - MERCADOKEYS\" \/>\n<meta property=\"og:description\" content=\"Deathtrap, un juego de defensa de torres con fuertes elementos de acci\u00f3n y rol, est\u00e1 disponible en Steam como un juego de acceso anticipado\" \/>\n<meta property=\"og:url\" content=\"https:\/\/www.mercadokeys.com\/product\/deathtrap-steam-cd-key\/\" \/>\n<meta property=\"og:site_name\" content=\"MERCADOKEYS\" \/>\n<meta property=\"article:modified_time\" content=\"2022-06-29T13:31:31+00:00\" \/>\n<meta property=\"og:image\" content=\"https:\/\/www.mercadokeys.com\/wp-content\/uploads\/2020\/12\/deathtrap_cover_original.jpg\" \/>\n\t<meta property=\"og:image:width\" content=\"1000\" \/>\n\t<meta property=\"og:image:height\" content=\"1389\" \/>\n\t<meta property=\"og:image:type\" content=\"image\/jpeg\" \/>\n<meta name=\"twitter:card\" content=\"summary_large_image\" \/>\n<meta name=\"twitter:label1\" content=\"Estimated reading time\" \/>\n\t<meta name=\"twitter:data1\" content=\"1 minute\" \/>\n<script type=\"application\/ld+json\" class=\"yoast-schema-graph\">{\"@context\":\"https:\/\/schema.org\",\"@graph\":[{\"@type\":\"WebPage\",\"@id\":\"https:\/\/www.mercadokeys.com\/product\/deathtrap-steam-cd-key\/\",\"url\":\"https:\/\/www.mercadokeys.com\/product\/deathtrap-steam-cd-key\/\",\"name\":\"Deathtrap Steam CD Key - MERCADOKEYS\",\"isPartOf\":{\"@id\":\"https:\/\/www.mercadokeys.com\/eng\/#website\"},\"primaryImageOfPage\":{\"@id\":\"https:\/\/www.mercadokeys.com\/product\/deathtrap-steam-cd-key\/#primaryimage\"},\"image\":{\"@id\":\"https:\/\/www.mercadokeys.com\/product\/deathtrap-steam-cd-key\/#primaryimage\"},\"thumbnailUrl\":\"https:\/\/www.mercadokeys.com.mx\/wp-content\/uploads\/2020\/12\/deathtrap_cover_original.jpg\",\"datePublished\":\"2020-12-16T15:45:37+00:00\",\"dateModified\":\"2022-06-29T13:31:31+00:00\",\"description\":\"Deathtrap, un juego de defensa de torres con fuertes elementos de acci\u00f3n y rol, est\u00e1 disponible en Steam como un juego de acceso anticipado\",\"breadcrumb\":{\"@id\":\"https:\/\/www.mercadokeys.com\/product\/deathtrap-steam-cd-key\/#breadcrumb\"},\"inLanguage\":\"en-GB\",\"potentialAction\":[{\"@type\":\"ReadAction\",\"target\":[\"https:\/\/www.mercadokeys.com\/product\/deathtrap-steam-cd-key\/\"]}]},{\"@type\":\"ImageObject\",\"inLanguage\":\"en-GB\",\"@id\":\"https:\/\/www.mercadokeys.com\/product\/deathtrap-steam-cd-key\/#primaryimage\",\"url\":\"https:\/\/www.mercadokeys.com.mx\/wp-content\/uploads\/2020\/12\/deathtrap_cover_original.jpg\",\"contentUrl\":\"https:\/\/www.mercadokeys.com.mx\/wp-content\/uploads\/2020\/12\/deathtrap_cover_original.jpg\",\"width\":1000,\"height\":1389,\"caption\":\"Deathtrap, un juego de defensa de torres con fuertes elementos de acci\u00f3n y rol, est\u00e1 disponible en Steam como un juego de acceso anticipado\"},{\"@type\":\"BreadcrumbList\",\"@id\":\"https:\/\/www.mercadokeys.com\/product\/deathtrap-steam-cd-key\/#breadcrumb\",\"itemListElement\":[{\"@type\":\"ListItem\",\"position\":1,\"name\":\"Inicio\",\"item\":\"https:\/\/www.mercadokeys.com.mx\/\"},{\"@type\":\"ListItem\",\"position\":2,\"name\":\"Tienda\",\"item\":\"https:\/\/www.mercadokeys.com\/shop\/\"},{\"@type\":\"ListItem\",\"position\":3,\"name\":\"Deathtrap Steam CD Key\"}]},{\"@type\":\"WebSite\",\"@id\":\"https:\/\/www.mercadokeys.com\/eng\/#website\",\"url\":\"https:\/\/www.mercadokeys.com\/eng\/\",\"name\":\"MERCADOKEYS\",\"description\":\"Tu Tienda de videojuegos digitales en Mexico!\",\"potentialAction\":[{\"@type\":\"SearchAction\",\"target\":{\"@type\":\"EntryPoint\",\"urlTemplate\":\"https:\/\/www.mercadokeys.com\/eng\/?s={search_term_string}\"},\"query-input\":{\"@type\":\"PropertyValueSpecification\",\"valueRequired\":true,\"valueName\":\"search_term_string\"}}],\"inLanguage\":\"en-GB\"}]}<\/script>\n<!-- \/ Yoast SEO plugin. -->","yoast_head_json":{"title":"Deathtrap Steam CD Key - MERCADOKEYS","description":"Deathtrap, un juego de defensa de torres con fuertes elementos de acci\u00f3n y rol, est\u00e1 disponible en Steam como un juego de acceso anticipado","robots":{"index":"index","follow":"follow","max-snippet":"max-snippet:-1","max-image-preview":"max-image-preview:large","max-video-preview":"max-video-preview:-1"},"canonical":"https:\/\/www.mercadokeys.com\/product\/deathtrap-steam-cd-key\/","og_locale":"en_GB","og_type":"article","og_title":"Deathtrap Steam CD Key - MERCADOKEYS","og_description":"Deathtrap, un juego de defensa de torres con fuertes elementos de acci\u00f3n y rol, est\u00e1 disponible en Steam como un juego de acceso anticipado","og_url":"https:\/\/www.mercadokeys.com\/product\/deathtrap-steam-cd-key\/","og_site_name":"MERCADOKEYS","article_modified_time":"2022-06-29T13:31:31+00:00","og_image":[{"width":1000,"height":1389,"url":"https:\/\/www.mercadokeys.com\/wp-content\/uploads\/2020\/12\/deathtrap_cover_original.jpg","type":"image\/jpeg"}],"twitter_card":"summary_large_image","twitter_misc":{"Estimated reading time":"1 minute"},"schema":{"@context":"https:\/\/schema.org","@graph":[{"@type":"WebPage","@id":"https:\/\/www.mercadokeys.com\/product\/deathtrap-steam-cd-key\/","url":"https:\/\/www.mercadokeys.com\/product\/deathtrap-steam-cd-key\/","name":"Deathtrap Steam CD Key - MERCADOKEYS","isPartOf":{"@id":"https:\/\/www.mercadokeys.com\/eng\/#website"},"primaryImageOfPage":{"@id":"https:\/\/www.mercadokeys.com\/product\/deathtrap-steam-cd-key\/#primaryimage"},"image":{"@id":"https:\/\/www.mercadokeys.com\/product\/deathtrap-steam-cd-key\/#primaryimage"},"thumbnailUrl":"https:\/\/www.mercadokeys.com.mx\/wp-content\/uploads\/2020\/12\/deathtrap_cover_original.jpg","datePublished":"2020-12-16T15:45:37+00:00","dateModified":"2022-06-29T13:31:31+00:00","description":"Deathtrap, un juego de defensa de torres con fuertes elementos de acci\u00f3n y rol, est\u00e1 disponible en Steam como un juego de acceso anticipado","breadcrumb":{"@id":"https:\/\/www.mercadokeys.com\/product\/deathtrap-steam-cd-key\/#breadcrumb"},"inLanguage":"en-GB","potentialAction":[{"@type":"ReadAction","target":["https:\/\/www.mercadokeys.com\/product\/deathtrap-steam-cd-key\/"]}]},{"@type":"ImageObject","inLanguage":"en-GB","@id":"https:\/\/www.mercadokeys.com\/product\/deathtrap-steam-cd-key\/#primaryimage","url":"https:\/\/www.mercadokeys.com.mx\/wp-content\/uploads\/2020\/12\/deathtrap_cover_original.jpg","contentUrl":"https:\/\/www.mercadokeys.com.mx\/wp-content\/uploads\/2020\/12\/deathtrap_cover_original.jpg","width":1000,"height":1389,"caption":"Deathtrap, un juego de defensa de torres con fuertes elementos de acci\u00f3n y rol, est\u00e1 disponible en Steam como un juego de acceso anticipado"},{"@type":"BreadcrumbList","@id":"https:\/\/www.mercadokeys.com\/product\/deathtrap-steam-cd-key\/#breadcrumb","itemListElement":[{"@type":"ListItem","position":1,"name":"Inicio","item":"https:\/\/www.mercadokeys.com.mx\/"},{"@type":"ListItem","position":2,"name":"Tienda","item":"https:\/\/www.mercadokeys.com\/shop\/"},{"@type":"ListItem","position":3,"name":"Deathtrap Steam CD Key"}]},{"@type":"WebSite","@id":"https:\/\/www.mercadokeys.com\/eng\/#website","url":"https:\/\/www.mercadokeys.com\/eng\/","name":"MERCADOKEYS","description":"Tu Tienda de videojuegos digitales en Mexico!","potentialAction":[{"@type":"SearchAction","target":{"@type":"EntryPoint","urlTemplate":"https:\/\/www.mercadokeys.com\/eng\/?s={search_term_string}"},"query-input":{"@type":"PropertyValueSpecification","valueRequired":true,"valueName":"search_term_string"}}],"inLanguage":"en-GB"}]}},"df_price":339.370066,"df_sale_price":339.370066,"df_regular_price":339.370066,"df_image_link":"https:\/\/www.mercadokeys.com.mx\/wp-content\/uploads\/2020\/12\/deathtrap_cover_original-216x300.jpg","_links":{"self":[{"href":"https:\/\/www.mercadokeys.com.mx\/eng\/wp-json\/wp\/v2\/product\/58042","targetHints":{"allow":["GET"]}}],"collection":[{"href":"https:\/\/www.mercadokeys.com.mx\/eng\/wp-json\/wp\/v2\/product"}],"about":[{"href":"https:\/\/www.mercadokeys.com.mx\/eng\/wp-json\/wp\/v2\/types\/product"}],"wp:featuredmedia":[{"embeddable":true,"href":"https:\/\/www.mercadokeys.com.mx\/eng\/wp-json\/wp\/v2\/media\/58052"}],"wp:attachment":[{"href":"https:\/\/www.mercadokeys.com.mx\/eng\/wp-json\/wp\/v2\/media?parent=58042"}],"wp:term":[{"taxonomy":"product_brand","embeddable":true,"href":"https:\/\/www.mercadokeys.com.mx\/eng\/wp-json\/wp\/v2\/product_brand?post=58042"},{"taxonomy":"product_cat","embeddable":true,"href":"https:\/\/www.mercadokeys.com.mx\/eng\/wp-json\/wp\/v2\/product_cat?post=58042"},{"taxonomy":"product_tag","embeddable":true,"href":"https:\/\/www.mercadokeys.com.mx\/eng\/wp-json\/wp\/v2\/product_tag?post=58042"}],"curies":[{"name":"wp","href":"https:\/\/api.w.org\/{rel}","templated":true}]}}