{"id":58023,"date":"2020-12-16T07:44:45","date_gmt":"2020-12-16T15:44:45","guid":{"rendered":"https:\/\/www.mercadokeys.com\/product\/dragon-age-inquisition-origin-cd-key\/"},"modified":"2022-06-29T06:29:44","modified_gmt":"2022-06-29T13:29:44","slug":"dragon-age-inquisition-origin-cd-key","status":"publish","type":"product","link":"https:\/\/www.mercadokeys.com.mx\/eng\/product\/dragon-age-inquisition-origin-cd-key\/","title":{"rendered":"Dragon Age: Inquisition Origin CD Key"},"content":{"rendered":"<p><span style=\"vertical-align: inherit\"><span style=\"vertical-align: inherit\">Cuando el cielo se abre y llueve el caos, el mundo necesita h\u00e9roes. <\/span><span style=\"vertical-align: inherit\">Convi\u00e9rtete en el salvador de Thedas en Dragon Age: Inquisition. <\/span><span class=\"\" style=\"vertical-align: inherit\">Eres el Inquisidor, con la tarea de salvar al mundo de s\u00ed mismo. <\/span><span style=\"vertical-align: inherit\">Pero el camino por delante est\u00e1 lleno de decisiones dif\u00edciles. <\/span><span style=\"vertical-align: inherit\">Thedas es una tierra de contiendas. <\/span><span style=\"vertical-align: inherit\">Las facciones luchan constantemente entre s\u00ed incluso cuando ha comenzado una invasi\u00f3n demon\u00edaca m\u00e1s grande. <\/span><span style=\"vertical-align: inherit\">\u00bfY usted? <\/span><span style=\"vertical-align: inherit\">T\u00fa y tu banda de campeones son los \u00fanicos que pueden mantenerse unidos. <\/span><span style=\"vertical-align: inherit\">Es tu trabajo guiarlos &#8230; o caer. <\/span><span style=\"vertical-align: inherit\">Narrativa fascinante y basada en elecciones: no solo est\u00e1s decidiendo a qui\u00e9n enviar a qu\u00e9 batalla en Inquisition, sino que est\u00e1s tomando decisiones importantes que dan forma al futuro de Thedas. <\/span><span style=\"vertical-align: inherit\">Cada elecci\u00f3n tiene peso y sus acciones pueden conducir a una variedad de resultados. <\/span><\/span><\/p>\n<p><span style=\"vertical-align: inherit\"><span style=\"vertical-align: inherit\">La Inquisici\u00f3n es un viaje muy personalizado, <\/span><span style=\"vertical-align: inherit\">donde un movimiento en falso podr\u00eda poner en marcha una serie de eventos que alteran los aspectos f\u00edsicos del mundo mismo, haciendo que tus Thedas, y tus h\u00e9roes, se sientan verdaderamente \u00fanicos. <\/span><span class=\"\" style=\"vertical-align: inherit\">Un mundo enorme por descubrir: el mundo de Thedas nunca ha sido m\u00e1s grande ni m\u00e1s detallado; <\/span><span style=\"vertical-align: inherit\">est\u00e1 bien abierto y listo para ser explorado. <\/span><span style=\"vertical-align: inherit\">Descubre que el enemigo est\u00e1 listo para tomar. <\/span><span style=\"vertical-align: inherit\">Descubre cuevas ocultas llenas de criaturas al acecho. <\/span><span style=\"vertical-align: inherit\">Thedas es vasto y peligroso, pero descubrir sus secretos puede marcar la diferencia entre la victoria y la derrota. <\/span><span style=\"vertical-align: inherit\">Combate intenso y estrat\u00e9gico: no hay una forma incorrecta de jugar Dragon Age: Inquisition &#8230; excepto por la forma en que te matan. <\/span><span style=\"vertical-align: inherit\">Afortunadamente, la vista estrat\u00e9gica opcional te da una perspectiva privilegiada de la batalla. <\/span><span style=\"vertical-align: inherit\">El tiempo se detiene mientras planifica en esta vista, pero si ese no es su estilo, puede simplemente avanzar, con las ballestas encendidas.<\/span><\/span><\/p>","protected":false},"excerpt":{"rendered":"<p>Cuando el cielo se abre y llueve el caos, el mundo necesita h\u00e9roes. Convi\u00e9rtete en el salvador de Thedas en Dragon Age: Inquisition. Eres el Inquisidor, con la tarea de salvar al mundo de s\u00ed mismo. Pero el camino por delante est\u00e1 lleno de decisiones dif\u00edciles. Thedas es una tierra de contiendas. Las facciones luchan&#8230;<\/p>","protected":false},"featured_media":58031,"template":"","meta":{"_monsterinsights_skip_tracking":false,"_monsterinsights_sitenote_active":false,"_monsterinsights_sitenote_note":"","_monsterinsights_sitenote_category":0},"product_brand":[],"product_cat":[1271,1283,1280,1277,1405,1423],"product_tag":[2247,2246,1632],"class_list":{"0":"post-58023","1":"product","2":"type-product","3":"status-publish","4":"has-post-thumbnail","6":"product_cat-tienda-de-videojuegos-tijuana-mexico","7":"product_cat-tienda-de-videojuegos-plataformas-tijuana-mexico","8":"product_cat-tienda-de-videojuegos-pc-tijuana-mexico","9":"product_cat-tienda-de-videojuegos-origin-tijuana-mexico","10":"product_cat-tienda-de-videojuegos-rpg-tijuana-mexico","11":"product_cat-tienda-de-videojuegos-nuevos-lanzamientos-tijuana-mexico","12":"product_tag-dragon-age-inquisition","13":"product_tag-dragon-age-inquisition-origin","14":"product_tag-origin","16":"first","17":"instock","18":"shipping-taxable","19":"purchasable","20":"product-type-simple"},"yoast_head":"<!-- This site is optimized with the Yoast SEO plugin v27.0 - https:\/\/yoast.com\/product\/yoast-seo-wordpress\/ -->\n<title>Dragon Age: Inquisition Origin CD Key - MERCADOKEYS<\/title>\n<meta name=\"description\" content=\"Cuando el cielo se abre y llueve el caos, el mundo necesita h\u00e9roes. Convi\u00e9rtete en el salvador de Thedas en Dragon Age: Inquisition.\" \/>\n<meta name=\"robots\" content=\"index, follow, max-snippet:-1, max-image-preview:large, max-video-preview:-1\" \/>\n<link rel=\"canonical\" href=\"https:\/\/www.mercadokeys.com\/eng\/product\/dragon-age-inquisition-origin-cd-key\/\" \/>\n<meta property=\"og:locale\" content=\"en_GB\" \/>\n<meta property=\"og:type\" content=\"article\" \/>\n<meta property=\"og:title\" content=\"Dragon Age: Inquisition Origin CD Key - MERCADOKEYS\" \/>\n<meta property=\"og:description\" content=\"Cuando el cielo se abre y llueve el caos, el mundo necesita h\u00e9roes. Convi\u00e9rtete en el salvador de Thedas en Dragon Age: Inquisition.\" \/>\n<meta property=\"og:url\" content=\"https:\/\/www.mercadokeys.com\/eng\/product\/dragon-age-inquisition-origin-cd-key\/\" \/>\n<meta property=\"og:site_name\" content=\"MERCADOKEYS\" \/>\n<meta property=\"article:modified_time\" content=\"2022-06-29T13:29:44+00:00\" \/>\n<meta property=\"og:image\" content=\"https:\/\/www.mercadokeys.com\/wp-content\/uploads\/2020\/12\/dragon-age-inquisition_cover_original.png\" \/>\n\t<meta property=\"og:image:width\" content=\"757\" \/>\n\t<meta property=\"og:image:height\" content=\"1080\" \/>\n\t<meta property=\"og:image:type\" content=\"image\/png\" \/>\n<meta name=\"twitter:card\" content=\"summary_large_image\" \/>\n<meta name=\"twitter:label1\" content=\"Estimated reading time\" \/>\n\t<meta name=\"twitter:data1\" content=\"2 minutes\" \/>\n<script type=\"application\/ld+json\" class=\"yoast-schema-graph\">{\"@context\":\"https:\/\/schema.org\",\"@graph\":[{\"@type\":\"WebPage\",\"@id\":\"https:\/\/www.mercadokeys.com\/eng\/product\/dragon-age-inquisition-origin-cd-key\/\",\"url\":\"https:\/\/www.mercadokeys.com\/eng\/product\/dragon-age-inquisition-origin-cd-key\/\",\"name\":\"Dragon Age: Inquisition Origin CD Key - MERCADOKEYS\",\"isPartOf\":{\"@id\":\"https:\/\/www.mercadokeys.com\/eng\/#website\"},\"primaryImageOfPage\":{\"@id\":\"https:\/\/www.mercadokeys.com\/eng\/product\/dragon-age-inquisition-origin-cd-key\/#primaryimage\"},\"image\":{\"@id\":\"https:\/\/www.mercadokeys.com\/eng\/product\/dragon-age-inquisition-origin-cd-key\/#primaryimage\"},\"thumbnailUrl\":\"https:\/\/www.mercadokeys.com.mx\/wp-content\/uploads\/2020\/12\/dragon-age-inquisition_cover_original.png\",\"datePublished\":\"2020-12-16T15:44:45+00:00\",\"dateModified\":\"2022-06-29T13:29:44+00:00\",\"description\":\"Cuando el cielo se abre y llueve el caos, el mundo necesita h\u00e9roes. Convi\u00e9rtete en el salvador de Thedas en Dragon Age: Inquisition.\",\"breadcrumb\":{\"@id\":\"https:\/\/www.mercadokeys.com\/eng\/product\/dragon-age-inquisition-origin-cd-key\/#breadcrumb\"},\"inLanguage\":\"en-GB\",\"potentialAction\":[{\"@type\":\"ReadAction\",\"target\":[\"https:\/\/www.mercadokeys.com\/eng\/product\/dragon-age-inquisition-origin-cd-key\/\"]}]},{\"@type\":\"ImageObject\",\"inLanguage\":\"en-GB\",\"@id\":\"https:\/\/www.mercadokeys.com\/eng\/product\/dragon-age-inquisition-origin-cd-key\/#primaryimage\",\"url\":\"https:\/\/www.mercadokeys.com.mx\/wp-content\/uploads\/2020\/12\/dragon-age-inquisition_cover_original.png\",\"contentUrl\":\"https:\/\/www.mercadokeys.com.mx\/wp-content\/uploads\/2020\/12\/dragon-age-inquisition_cover_original.png\",\"width\":757,\"height\":1080,\"caption\":\"Cuando el cielo se abre y llueve el caos, el mundo necesita h\u00e9roes. Convi\u00e9rtete en el salvador de Thedas en Dragon Age: Inquisition.\"},{\"@type\":\"BreadcrumbList\",\"@id\":\"https:\/\/www.mercadokeys.com\/eng\/product\/dragon-age-inquisition-origin-cd-key\/#breadcrumb\",\"itemListElement\":[{\"@type\":\"ListItem\",\"position\":1,\"name\":\"Inicio\",\"item\":\"https:\/\/www.mercadokeys.com.mx\/\"},{\"@type\":\"ListItem\",\"position\":2,\"name\":\"Tienda\",\"item\":\"https:\/\/www.mercadokeys.com\/shop\/\"},{\"@type\":\"ListItem\",\"position\":3,\"name\":\"Dragon Age: Inquisition Origin CD Key\"}]},{\"@type\":\"WebSite\",\"@id\":\"https:\/\/www.mercadokeys.com\/eng\/#website\",\"url\":\"https:\/\/www.mercadokeys.com\/eng\/\",\"name\":\"MERCADOKEYS\",\"description\":\"Tu Tienda de videojuegos digitales en Mexico!\",\"potentialAction\":[{\"@type\":\"SearchAction\",\"target\":{\"@type\":\"EntryPoint\",\"urlTemplate\":\"https:\/\/www.mercadokeys.com\/eng\/?s={search_term_string}\"},\"query-input\":{\"@type\":\"PropertyValueSpecification\",\"valueRequired\":true,\"valueName\":\"search_term_string\"}}],\"inLanguage\":\"en-GB\"}]}<\/script>\n<!-- \/ Yoast SEO plugin. -->","yoast_head_json":{"title":"Dragon Age: Inquisition Origin CD Key - MERCADOKEYS","description":"Cuando el cielo se abre y llueve el caos, el mundo necesita h\u00e9roes. Convi\u00e9rtete en el salvador de Thedas en Dragon Age: Inquisition.","robots":{"index":"index","follow":"follow","max-snippet":"max-snippet:-1","max-image-preview":"max-image-preview:large","max-video-preview":"max-video-preview:-1"},"canonical":"https:\/\/www.mercadokeys.com\/eng\/product\/dragon-age-inquisition-origin-cd-key\/","og_locale":"en_GB","og_type":"article","og_title":"Dragon Age: Inquisition Origin CD Key - MERCADOKEYS","og_description":"Cuando el cielo se abre y llueve el caos, el mundo necesita h\u00e9roes. Convi\u00e9rtete en el salvador de Thedas en Dragon Age: Inquisition.","og_url":"https:\/\/www.mercadokeys.com\/eng\/product\/dragon-age-inquisition-origin-cd-key\/","og_site_name":"MERCADOKEYS","article_modified_time":"2022-06-29T13:29:44+00:00","og_image":[{"width":757,"height":1080,"url":"https:\/\/www.mercadokeys.com\/wp-content\/uploads\/2020\/12\/dragon-age-inquisition_cover_original.png","type":"image\/png"}],"twitter_card":"summary_large_image","twitter_misc":{"Estimated reading time":"2 minutes"},"schema":{"@context":"https:\/\/schema.org","@graph":[{"@type":"WebPage","@id":"https:\/\/www.mercadokeys.com\/eng\/product\/dragon-age-inquisition-origin-cd-key\/","url":"https:\/\/www.mercadokeys.com\/eng\/product\/dragon-age-inquisition-origin-cd-key\/","name":"Dragon Age: Inquisition Origin CD Key - MERCADOKEYS","isPartOf":{"@id":"https:\/\/www.mercadokeys.com\/eng\/#website"},"primaryImageOfPage":{"@id":"https:\/\/www.mercadokeys.com\/eng\/product\/dragon-age-inquisition-origin-cd-key\/#primaryimage"},"image":{"@id":"https:\/\/www.mercadokeys.com\/eng\/product\/dragon-age-inquisition-origin-cd-key\/#primaryimage"},"thumbnailUrl":"https:\/\/www.mercadokeys.com.mx\/wp-content\/uploads\/2020\/12\/dragon-age-inquisition_cover_original.png","datePublished":"2020-12-16T15:44:45+00:00","dateModified":"2022-06-29T13:29:44+00:00","description":"Cuando el cielo se abre y llueve el caos, el mundo necesita h\u00e9roes. Convi\u00e9rtete en el salvador de Thedas en Dragon Age: Inquisition.","breadcrumb":{"@id":"https:\/\/www.mercadokeys.com\/eng\/product\/dragon-age-inquisition-origin-cd-key\/#breadcrumb"},"inLanguage":"en-GB","potentialAction":[{"@type":"ReadAction","target":["https:\/\/www.mercadokeys.com\/eng\/product\/dragon-age-inquisition-origin-cd-key\/"]}]},{"@type":"ImageObject","inLanguage":"en-GB","@id":"https:\/\/www.mercadokeys.com\/eng\/product\/dragon-age-inquisition-origin-cd-key\/#primaryimage","url":"https:\/\/www.mercadokeys.com.mx\/wp-content\/uploads\/2020\/12\/dragon-age-inquisition_cover_original.png","contentUrl":"https:\/\/www.mercadokeys.com.mx\/wp-content\/uploads\/2020\/12\/dragon-age-inquisition_cover_original.png","width":757,"height":1080,"caption":"Cuando el cielo se abre y llueve el caos, el mundo necesita h\u00e9roes. Convi\u00e9rtete en el salvador de Thedas en Dragon Age: Inquisition."},{"@type":"BreadcrumbList","@id":"https:\/\/www.mercadokeys.com\/eng\/product\/dragon-age-inquisition-origin-cd-key\/#breadcrumb","itemListElement":[{"@type":"ListItem","position":1,"name":"Inicio","item":"https:\/\/www.mercadokeys.com.mx\/"},{"@type":"ListItem","position":2,"name":"Tienda","item":"https:\/\/www.mercadokeys.com\/shop\/"},{"@type":"ListItem","position":3,"name":"Dragon Age: Inquisition Origin CD Key"}]},{"@type":"WebSite","@id":"https:\/\/www.mercadokeys.com\/eng\/#website","url":"https:\/\/www.mercadokeys.com\/eng\/","name":"MERCADOKEYS","description":"Tu Tienda de videojuegos digitales en Mexico!","potentialAction":[{"@type":"SearchAction","target":{"@type":"EntryPoint","urlTemplate":"https:\/\/www.mercadokeys.com\/eng\/?s={search_term_string}"},"query-input":{"@type":"PropertyValueSpecification","valueRequired":true,"valueName":"search_term_string"}}],"inLanguage":"en-GB"}]}},"df_price":73.763671,"df_sale_price":73.763671,"df_regular_price":73.763671,"df_image_link":"https:\/\/www.mercadokeys.com.mx\/wp-content\/uploads\/2020\/12\/dragon-age-inquisition_cover_original-210x300.png","_links":{"self":[{"href":"https:\/\/www.mercadokeys.com.mx\/eng\/wp-json\/wp\/v2\/product\/58023","targetHints":{"allow":["GET"]}}],"collection":[{"href":"https:\/\/www.mercadokeys.com.mx\/eng\/wp-json\/wp\/v2\/product"}],"about":[{"href":"https:\/\/www.mercadokeys.com.mx\/eng\/wp-json\/wp\/v2\/types\/product"}],"wp:featuredmedia":[{"embeddable":true,"href":"https:\/\/www.mercadokeys.com.mx\/eng\/wp-json\/wp\/v2\/media\/58031"}],"wp:attachment":[{"href":"https:\/\/www.mercadokeys.com.mx\/eng\/wp-json\/wp\/v2\/media?parent=58023"}],"wp:term":[{"taxonomy":"product_brand","embeddable":true,"href":"https:\/\/www.mercadokeys.com.mx\/eng\/wp-json\/wp\/v2\/product_brand?post=58023"},{"taxonomy":"product_cat","embeddable":true,"href":"https:\/\/www.mercadokeys.com.mx\/eng\/wp-json\/wp\/v2\/product_cat?post=58023"},{"taxonomy":"product_tag","embeddable":true,"href":"https:\/\/www.mercadokeys.com.mx\/eng\/wp-json\/wp\/v2\/product_tag?post=58023"}],"curies":[{"name":"wp","href":"https:\/\/api.w.org\/{rel}","templated":true}]}}