{"id":57801,"date":"2020-12-16T07:24:55","date_gmt":"2020-12-16T15:24:55","guid":{"rendered":"https:\/\/www.mercadokeys.com\/product\/assassins-creed-unity-uplay-cd-key\/"},"modified":"2026-04-25T06:24:49","modified_gmt":"2026-04-25T13:24:49","slug":"assassins-creed-unity-uplay-cd-key","status":"publish","type":"product","link":"https:\/\/www.mercadokeys.com.mx\/eng\/product\/assassins-creed-unity-uplay-cd-key\/","title":{"rendered":"Assassin&#8217;s Creed Unity Uplay CD Key"},"content":{"rendered":"<p><span style=\"vertical-align: inherit;\">Assassin&#8217;s Creed Unity\u00a0 tiene lugar en Par\u00eds, 1789. La Revoluci\u00f3n Francesa convierte una ciudad que alguna vez fue magn\u00edfica en un lugar de terror y caos. Sus calles adoquinadas se ti\u00f1en de rojo con la sangre de los plebeyos que se atreven a levantarse contra una aristocracia opresiva. Sin embargo, a medida que la naci\u00f3n se desgarra, un joven llamado Arno se embarcar\u00e1 en un viaje extraordinario para exponer los verdaderos poderes detr\u00e1s de la Revoluci\u00f3n. Su persecuci\u00f3n lo lanzar\u00e1 en medio de una lucha despiadada por el destino de una naci\u00f3n y lo transformar\u00e1 en un verdadero Maestro Asesino. Todo esto en Assassin&#8217;s Creed Unity\u00a0<\/span><\/p>","protected":false},"excerpt":{"rendered":"<p>Assassin&#8217;s Creed Unity\u00a0 tiene lugar en Par\u00eds, 1789. La Revoluci\u00f3n Francesa convierte una ciudad que alguna vez fue magn\u00edfica en un lugar de terror y caos. Sus calles adoquinadas se ti\u00f1en de rojo con la sangre de los plebeyos que se atreven a levantarse contra una aristocracia opresiva. Sin embargo, a medida que la naci\u00f3n&#8230;<\/p>","protected":false},"featured_media":57817,"template":"","meta":{"_monsterinsights_skip_tracking":false,"_monsterinsights_sitenote_active":false,"_monsterinsights_sitenote_note":"","_monsterinsights_sitenote_category":0},"product_brand":[],"product_cat":[1501,2981,1271,3164,1420,1283,1280,1278,1394,1428],"product_tag":[2117,2116,1746],"class_list":{"0":"post-57801","1":"product","2":"type-product","3":"status-publish","4":"has-post-thumbnail","6":"product_cat-tienda-de-videojuegos-ultimos-juegos-tijuana-mexico","7":"product_cat-destacados","8":"product_cat-tienda-de-videojuegos-tijuana-mexico","9":"product_cat-tienda-de-videojuegos-baratos-economicos-tijuana-mexico","10":"product_cat-tienda-de-videojuegos-populares-tijuana-mexico","11":"product_cat-tienda-de-videojuegos-plataformas-tijuana-mexico","12":"product_cat-tienda-de-videojuegos-pc-tijuana-mexico","13":"product_cat-tienda-de-videojuegos-uplay-tijuana-mexico","14":"product_cat-tienda-de-videojuegos-aventura-tijuana-mexico","15":"product_cat-tienda-de-videojuegos-cooperativos-tijuana-mexico","16":"product_tag-assassins-creed-unity","17":"product_tag-assassins-creed-unity-uplay","18":"product_tag-uplay","20":"first","21":"instock","22":"shipping-taxable","23":"purchasable","24":"product-type-simple"},"yoast_head":"<!-- This site is optimized with the Yoast SEO plugin v27.0 - https:\/\/yoast.com\/product\/yoast-seo-wordpress\/ -->\n<title>Assassin&#039;s Creed Unity Uplay CD Key - MERCADOKEYS<\/title>\n<meta name=\"description\" content=\"Assassin&#039;s Creed Unity\u00a0 tiene lugar en Par\u00eds, 1789. La Revoluci\u00f3n Francesa convierte una ciudad que alguna vez fue magn\u00edfica en un lugar de terror y caos\" \/>\n<meta name=\"robots\" content=\"index, follow, max-snippet:-1, max-image-preview:large, max-video-preview:-1\" \/>\n<link rel=\"canonical\" href=\"https:\/\/www.mercadokeys.com\/product\/assassins-creed-unity-uplay-cd-key\/\" \/>\n<meta property=\"og:locale\" content=\"en_GB\" \/>\n<meta property=\"og:type\" content=\"article\" \/>\n<meta property=\"og:title\" content=\"Assassin&#039;s Creed Unity Uplay CD Key - MERCADOKEYS\" \/>\n<meta property=\"og:description\" content=\"Assassin&#039;s Creed Unity\u00a0 tiene lugar en Par\u00eds, 1789. La Revoluci\u00f3n Francesa convierte una ciudad que alguna vez fue magn\u00edfica en un lugar de terror y caos\" \/>\n<meta property=\"og:url\" content=\"https:\/\/www.mercadokeys.com\/product\/assassins-creed-unity-uplay-cd-key\/\" \/>\n<meta property=\"og:site_name\" content=\"MERCADOKEYS\" \/>\n<meta property=\"article:modified_time\" content=\"2026-04-25T13:24:49+00:00\" \/>\n<meta property=\"og:image\" content=\"https:\/\/www.mercadokeys.com\/wp-content\/uploads\/2020\/12\/assassin-s-creed-unity_cover_original-1.png\" \/>\n\t<meta property=\"og:image:width\" content=\"720\" \/>\n\t<meta property=\"og:image:height\" content=\"1080\" \/>\n\t<meta property=\"og:image:type\" content=\"image\/png\" \/>\n<meta name=\"twitter:card\" content=\"summary_large_image\" \/>\n<meta name=\"twitter:label1\" content=\"Estimated reading time\" \/>\n\t<meta name=\"twitter:data1\" content=\"1 minute\" \/>\n<script type=\"application\/ld+json\" class=\"yoast-schema-graph\">{\"@context\":\"https:\/\/schema.org\",\"@graph\":[{\"@type\":\"WebPage\",\"@id\":\"https:\/\/www.mercadokeys.com\/product\/assassins-creed-unity-uplay-cd-key\/\",\"url\":\"https:\/\/www.mercadokeys.com\/product\/assassins-creed-unity-uplay-cd-key\/\",\"name\":\"Assassin's Creed Unity Uplay CD Key - MERCADOKEYS\",\"isPartOf\":{\"@id\":\"https:\/\/www.mercadokeys.com\/eng\/#website\"},\"primaryImageOfPage\":{\"@id\":\"https:\/\/www.mercadokeys.com\/product\/assassins-creed-unity-uplay-cd-key\/#primaryimage\"},\"image\":{\"@id\":\"https:\/\/www.mercadokeys.com\/product\/assassins-creed-unity-uplay-cd-key\/#primaryimage\"},\"thumbnailUrl\":\"https:\/\/www.mercadokeys.com.mx\/wp-content\/uploads\/2020\/12\/assassin-s-creed-unity_cover_original-1.png\",\"datePublished\":\"2020-12-16T15:24:55+00:00\",\"dateModified\":\"2026-04-25T13:24:49+00:00\",\"description\":\"Assassin's Creed Unity\u00a0 tiene lugar en Par\u00eds, 1789. La Revoluci\u00f3n Francesa convierte una ciudad que alguna vez fue magn\u00edfica en un lugar de terror y caos\",\"breadcrumb\":{\"@id\":\"https:\/\/www.mercadokeys.com\/product\/assassins-creed-unity-uplay-cd-key\/#breadcrumb\"},\"inLanguage\":\"en-GB\",\"potentialAction\":[{\"@type\":\"ReadAction\",\"target\":[\"https:\/\/www.mercadokeys.com\/product\/assassins-creed-unity-uplay-cd-key\/\"]}]},{\"@type\":\"ImageObject\",\"inLanguage\":\"en-GB\",\"@id\":\"https:\/\/www.mercadokeys.com\/product\/assassins-creed-unity-uplay-cd-key\/#primaryimage\",\"url\":\"https:\/\/www.mercadokeys.com.mx\/wp-content\/uploads\/2020\/12\/assassin-s-creed-unity_cover_original-1.png\",\"contentUrl\":\"https:\/\/www.mercadokeys.com.mx\/wp-content\/uploads\/2020\/12\/assassin-s-creed-unity_cover_original-1.png\",\"width\":720,\"height\":1080,\"caption\":\"Assassin's Creed Unity\u00a0 tiene lugar en Par\u00eds, 1789. La Revoluci\u00f3n Francesa convierte una ciudad que alguna vez fue magn\u00edfica en un lugar de terror y caos.\"},{\"@type\":\"BreadcrumbList\",\"@id\":\"https:\/\/www.mercadokeys.com\/product\/assassins-creed-unity-uplay-cd-key\/#breadcrumb\",\"itemListElement\":[{\"@type\":\"ListItem\",\"position\":1,\"name\":\"Inicio\",\"item\":\"https:\/\/www.mercadokeys.com.mx\/\"},{\"@type\":\"ListItem\",\"position\":2,\"name\":\"Tienda\",\"item\":\"https:\/\/www.mercadokeys.com\/shop\/\"},{\"@type\":\"ListItem\",\"position\":3,\"name\":\"Assassin&#8217;s Creed Unity Uplay CD Key\"}]},{\"@type\":\"WebSite\",\"@id\":\"https:\/\/www.mercadokeys.com\/eng\/#website\",\"url\":\"https:\/\/www.mercadokeys.com\/eng\/\",\"name\":\"MERCADOKEYS\",\"description\":\"Tu Tienda de videojuegos digitales en Mexico!\",\"potentialAction\":[{\"@type\":\"SearchAction\",\"target\":{\"@type\":\"EntryPoint\",\"urlTemplate\":\"https:\/\/www.mercadokeys.com\/eng\/?s={search_term_string}\"},\"query-input\":{\"@type\":\"PropertyValueSpecification\",\"valueRequired\":true,\"valueName\":\"search_term_string\"}}],\"inLanguage\":\"en-GB\"}]}<\/script>\n<!-- \/ Yoast SEO plugin. -->","yoast_head_json":{"title":"Assassin's Creed Unity Uplay CD Key - MERCADOKEYS","description":"Assassin's Creed Unity\u00a0 tiene lugar en Par\u00eds, 1789. La Revoluci\u00f3n Francesa convierte una ciudad que alguna vez fue magn\u00edfica en un lugar de terror y caos","robots":{"index":"index","follow":"follow","max-snippet":"max-snippet:-1","max-image-preview":"max-image-preview:large","max-video-preview":"max-video-preview:-1"},"canonical":"https:\/\/www.mercadokeys.com\/product\/assassins-creed-unity-uplay-cd-key\/","og_locale":"en_GB","og_type":"article","og_title":"Assassin's Creed Unity Uplay CD Key - MERCADOKEYS","og_description":"Assassin's Creed Unity\u00a0 tiene lugar en Par\u00eds, 1789. La Revoluci\u00f3n Francesa convierte una ciudad que alguna vez fue magn\u00edfica en un lugar de terror y caos","og_url":"https:\/\/www.mercadokeys.com\/product\/assassins-creed-unity-uplay-cd-key\/","og_site_name":"MERCADOKEYS","article_modified_time":"2026-04-25T13:24:49+00:00","og_image":[{"width":720,"height":1080,"url":"https:\/\/www.mercadokeys.com\/wp-content\/uploads\/2020\/12\/assassin-s-creed-unity_cover_original-1.png","type":"image\/png"}],"twitter_card":"summary_large_image","twitter_misc":{"Estimated reading time":"1 minute"},"schema":{"@context":"https:\/\/schema.org","@graph":[{"@type":"WebPage","@id":"https:\/\/www.mercadokeys.com\/product\/assassins-creed-unity-uplay-cd-key\/","url":"https:\/\/www.mercadokeys.com\/product\/assassins-creed-unity-uplay-cd-key\/","name":"Assassin's Creed Unity Uplay CD Key - MERCADOKEYS","isPartOf":{"@id":"https:\/\/www.mercadokeys.com\/eng\/#website"},"primaryImageOfPage":{"@id":"https:\/\/www.mercadokeys.com\/product\/assassins-creed-unity-uplay-cd-key\/#primaryimage"},"image":{"@id":"https:\/\/www.mercadokeys.com\/product\/assassins-creed-unity-uplay-cd-key\/#primaryimage"},"thumbnailUrl":"https:\/\/www.mercadokeys.com.mx\/wp-content\/uploads\/2020\/12\/assassin-s-creed-unity_cover_original-1.png","datePublished":"2020-12-16T15:24:55+00:00","dateModified":"2026-04-25T13:24:49+00:00","description":"Assassin's Creed Unity\u00a0 tiene lugar en Par\u00eds, 1789. La Revoluci\u00f3n Francesa convierte una ciudad que alguna vez fue magn\u00edfica en un lugar de terror y caos","breadcrumb":{"@id":"https:\/\/www.mercadokeys.com\/product\/assassins-creed-unity-uplay-cd-key\/#breadcrumb"},"inLanguage":"en-GB","potentialAction":[{"@type":"ReadAction","target":["https:\/\/www.mercadokeys.com\/product\/assassins-creed-unity-uplay-cd-key\/"]}]},{"@type":"ImageObject","inLanguage":"en-GB","@id":"https:\/\/www.mercadokeys.com\/product\/assassins-creed-unity-uplay-cd-key\/#primaryimage","url":"https:\/\/www.mercadokeys.com.mx\/wp-content\/uploads\/2020\/12\/assassin-s-creed-unity_cover_original-1.png","contentUrl":"https:\/\/www.mercadokeys.com.mx\/wp-content\/uploads\/2020\/12\/assassin-s-creed-unity_cover_original-1.png","width":720,"height":1080,"caption":"Assassin's Creed Unity\u00a0 tiene lugar en Par\u00eds, 1789. La Revoluci\u00f3n Francesa convierte una ciudad que alguna vez fue magn\u00edfica en un lugar de terror y caos."},{"@type":"BreadcrumbList","@id":"https:\/\/www.mercadokeys.com\/product\/assassins-creed-unity-uplay-cd-key\/#breadcrumb","itemListElement":[{"@type":"ListItem","position":1,"name":"Inicio","item":"https:\/\/www.mercadokeys.com.mx\/"},{"@type":"ListItem","position":2,"name":"Tienda","item":"https:\/\/www.mercadokeys.com\/shop\/"},{"@type":"ListItem","position":3,"name":"Assassin&#8217;s Creed Unity Uplay CD Key"}]},{"@type":"WebSite","@id":"https:\/\/www.mercadokeys.com\/eng\/#website","url":"https:\/\/www.mercadokeys.com\/eng\/","name":"MERCADOKEYS","description":"Tu Tienda de videojuegos digitales en Mexico!","potentialAction":[{"@type":"SearchAction","target":{"@type":"EntryPoint","urlTemplate":"https:\/\/www.mercadokeys.com\/eng\/?s={search_term_string}"},"query-input":{"@type":"PropertyValueSpecification","valueRequired":true,"valueName":"search_term_string"}}],"inLanguage":"en-GB"}]}},"df_price":150.041549,"df_sale_price":150.041549,"df_regular_price":150.041549,"df_image_link":"https:\/\/www.mercadokeys.com.mx\/wp-content\/uploads\/2020\/12\/assassin-s-creed-unity_cover_original-1-200x300.png","_links":{"self":[{"href":"https:\/\/www.mercadokeys.com.mx\/eng\/wp-json\/wp\/v2\/product\/57801","targetHints":{"allow":["GET"]}}],"collection":[{"href":"https:\/\/www.mercadokeys.com.mx\/eng\/wp-json\/wp\/v2\/product"}],"about":[{"href":"https:\/\/www.mercadokeys.com.mx\/eng\/wp-json\/wp\/v2\/types\/product"}],"wp:featuredmedia":[{"embeddable":true,"href":"https:\/\/www.mercadokeys.com.mx\/eng\/wp-json\/wp\/v2\/media\/57817"}],"wp:attachment":[{"href":"https:\/\/www.mercadokeys.com.mx\/eng\/wp-json\/wp\/v2\/media?parent=57801"}],"wp:term":[{"taxonomy":"product_brand","embeddable":true,"href":"https:\/\/www.mercadokeys.com.mx\/eng\/wp-json\/wp\/v2\/product_brand?post=57801"},{"taxonomy":"product_cat","embeddable":true,"href":"https:\/\/www.mercadokeys.com.mx\/eng\/wp-json\/wp\/v2\/product_cat?post=57801"},{"taxonomy":"product_tag","embeddable":true,"href":"https:\/\/www.mercadokeys.com.mx\/eng\/wp-json\/wp\/v2\/product_tag?post=57801"}],"curies":[{"name":"wp","href":"https:\/\/api.w.org\/{rel}","templated":true}]}}