{"id":57746,"date":"2020-12-16T07:22:55","date_gmt":"2020-12-16T15:22:55","guid":{"rendered":"https:\/\/www.mercadokeys.com\/product\/resident-evil-revelations-steam-cd-key\/"},"modified":"2022-06-28T07:25:30","modified_gmt":"2022-06-28T14:25:30","slug":"resident-evil-revelations-steam-cd-key","status":"publish","type":"product","link":"https:\/\/www.mercadokeys.com.mx\/eng\/product\/resident-evil-revelations-steam-cd-key\/","title":{"rendered":"Resident Evil Revelations Steam CD Key"},"content":{"rendered":"<p><span style=\"vertical-align: inherit\">La versi\u00f3n original de Resident Evil Revelations. Aunque normalmente usan el mismo nombre, se lanz\u00f3 una versi\u00f3n \/ edici\u00f3n HD para consolas y PC en 2013, despu\u00e9s de su \u00e9xito en la plataforma 3DS. La versi\u00f3n actualizada tambi\u00e9n se lanz\u00f3 para PlayStation 4 y Xbox One en 2017 con un lanzamiento en Nintendo Switch un par de meses despu\u00e9s. El t\u00edtulo de survival horror aclamado por la cr\u00edtica lleva a los jugadores a los eventos que tuvieron lugar entre Resident Evil 4 y Resident Evil 5, revelando la verdad sobre el virus T-Abyss. <\/span><\/p>\n<p><span style=\"vertical-align: inherit\">Resident Evil Revelations presenta a los favoritos de la serie Jill Valentine y Chris Redfield, adem\u00e1s de sus respectivos socios de BSAA: Parker Luciani y Jessica Sherawat. La acci\u00f3n comienza a bordo de un crucero supuestamente abandonado, el &#8216;Queen Zenobia&#8217;, donde los horrores acechan en cada esquina. antes de que los jugadores se dirijan al continente y la devastada ciudad de Terragrigia. Con munici\u00f3n y armas limitadas disponibles, la carrera para sobrevivir al horror de Resident Evil Revelations ha comenzado.<\/span><\/p>","protected":false},"excerpt":{"rendered":"<p>La versi\u00f3n original de Resident Evil Revelations. Aunque normalmente usan el mismo nombre, se lanz\u00f3 una versi\u00f3n \/ edici\u00f3n HD para consolas y PC en 2013, despu\u00e9s de su \u00e9xito en la plataforma 3DS. La versi\u00f3n actualizada tambi\u00e9n se lanz\u00f3 para PlayStation 4 y Xbox One en 2017 con un lanzamiento en Nintendo Switch un&#8230;<\/p>","protected":false},"featured_media":57759,"template":"","meta":{"_monsterinsights_skip_tracking":false,"_monsterinsights_sitenote_active":false,"_monsterinsights_sitenote_note":"","_monsterinsights_sitenote_category":0},"product_brand":[],"product_cat":[1501,2981,3596,1271,3164,1420,1283,1280,1273,1392,1428],"product_tag":[2119,2118,1526],"class_list":{"0":"post-57746","1":"product","2":"type-product","3":"status-publish","4":"has-post-thumbnail","6":"product_cat-tienda-de-videojuegos-ultimos-juegos-tijuana-mexico","7":"product_cat-destacados","8":"product_cat-tienda-de-videojuegos-steam-recomendados-en-tijuana-mexico","9":"product_cat-tienda-de-videojuegos-tijuana-mexico","10":"product_cat-tienda-de-videojuegos-baratos-economicos-tijuana-mexico","11":"product_cat-tienda-de-videojuegos-populares-tijuana-mexico","12":"product_cat-tienda-de-videojuegos-plataformas-tijuana-mexico","13":"product_cat-tienda-de-videojuegos-pc-tijuana-mexico","14":"product_cat-tienda-de-videojuegos-steam-key-tijuana-mexico","15":"product_cat-tienda-de-videojuegos-accion-tijuana-mexico","16":"product_cat-tienda-de-videojuegos-cooperativos-tijuana-mexico","17":"product_tag-resident-evil-revelations","18":"product_tag-resident-evil-revelations-steam","19":"product_tag-steam","21":"first","22":"instock","23":"shipping-taxable","24":"purchasable","25":"product-type-simple"},"yoast_head":"<!-- This site is optimized with the Yoast SEO plugin v27.0 - https:\/\/yoast.com\/product\/yoast-seo-wordpress\/ -->\n<title>Resident Evil Revelations Steam CD Key - MERCADOKEYS<\/title>\n<meta name=\"description\" content=\"Resident Evil Revelations presenta a los favoritos de la serie Jill Valentine y Chris Redfield, adem\u00e1s de sus respectivos socios de BSAA\" \/>\n<meta name=\"robots\" content=\"index, follow, max-snippet:-1, max-image-preview:large, max-video-preview:-1\" \/>\n<link rel=\"canonical\" href=\"https:\/\/www.mercadokeys.com\/product\/resident-evil-revelations-steam-cd-key\/\" \/>\n<meta property=\"og:locale\" content=\"en_GB\" \/>\n<meta property=\"og:type\" content=\"article\" \/>\n<meta property=\"og:title\" content=\"Resident Evil Revelations Steam CD Key - MERCADOKEYS\" \/>\n<meta property=\"og:description\" content=\"Resident Evil Revelations presenta a los favoritos de la serie Jill Valentine y Chris Redfield, adem\u00e1s de sus respectivos socios de BSAA\" \/>\n<meta property=\"og:url\" content=\"https:\/\/www.mercadokeys.com\/product\/resident-evil-revelations-steam-cd-key\/\" \/>\n<meta property=\"og:site_name\" content=\"MERCADOKEYS\" \/>\n<meta property=\"article:modified_time\" content=\"2022-06-28T14:25:30+00:00\" \/>\n<meta property=\"og:image\" content=\"https:\/\/www.mercadokeys.com\/wp-content\/uploads\/2020\/12\/resident-evil-revelations_cover_original.jpg\" \/>\n\t<meta property=\"og:image:width\" content=\"1308\" \/>\n\t<meta property=\"og:image:height\" content=\"1370\" \/>\n\t<meta property=\"og:image:type\" content=\"image\/jpeg\" \/>\n<meta name=\"twitter:card\" content=\"summary_large_image\" \/>\n<meta name=\"twitter:label1\" content=\"Estimated reading time\" \/>\n\t<meta name=\"twitter:data1\" content=\"1 minute\" \/>\n<script type=\"application\/ld+json\" class=\"yoast-schema-graph\">{\"@context\":\"https:\/\/schema.org\",\"@graph\":[{\"@type\":\"WebPage\",\"@id\":\"https:\/\/www.mercadokeys.com\/product\/resident-evil-revelations-steam-cd-key\/\",\"url\":\"https:\/\/www.mercadokeys.com\/product\/resident-evil-revelations-steam-cd-key\/\",\"name\":\"Resident Evil Revelations Steam CD Key - MERCADOKEYS\",\"isPartOf\":{\"@id\":\"https:\/\/www.mercadokeys.com\/eng\/#website\"},\"primaryImageOfPage\":{\"@id\":\"https:\/\/www.mercadokeys.com\/product\/resident-evil-revelations-steam-cd-key\/#primaryimage\"},\"image\":{\"@id\":\"https:\/\/www.mercadokeys.com\/product\/resident-evil-revelations-steam-cd-key\/#primaryimage\"},\"thumbnailUrl\":\"https:\/\/www.mercadokeys.com.mx\/wp-content\/uploads\/2020\/12\/resident-evil-revelations_cover_original.jpg\",\"datePublished\":\"2020-12-16T15:22:55+00:00\",\"dateModified\":\"2022-06-28T14:25:30+00:00\",\"description\":\"Resident Evil Revelations presenta a los favoritos de la serie Jill Valentine y Chris Redfield, adem\u00e1s de sus respectivos socios de BSAA\",\"breadcrumb\":{\"@id\":\"https:\/\/www.mercadokeys.com\/product\/resident-evil-revelations-steam-cd-key\/#breadcrumb\"},\"inLanguage\":\"en-GB\",\"potentialAction\":[{\"@type\":\"ReadAction\",\"target\":[\"https:\/\/www.mercadokeys.com\/product\/resident-evil-revelations-steam-cd-key\/\"]}]},{\"@type\":\"ImageObject\",\"inLanguage\":\"en-GB\",\"@id\":\"https:\/\/www.mercadokeys.com\/product\/resident-evil-revelations-steam-cd-key\/#primaryimage\",\"url\":\"https:\/\/www.mercadokeys.com.mx\/wp-content\/uploads\/2020\/12\/resident-evil-revelations_cover_original.jpg\",\"contentUrl\":\"https:\/\/www.mercadokeys.com.mx\/wp-content\/uploads\/2020\/12\/resident-evil-revelations_cover_original.jpg\",\"width\":1308,\"height\":1370,\"caption\":\"Resident Evil Revelations presenta a los favoritos de la serie Jill Valentine y Chris Redfield, adem\u00e1s de sus respectivos socios de BSAA\"},{\"@type\":\"BreadcrumbList\",\"@id\":\"https:\/\/www.mercadokeys.com\/product\/resident-evil-revelations-steam-cd-key\/#breadcrumb\",\"itemListElement\":[{\"@type\":\"ListItem\",\"position\":1,\"name\":\"Inicio\",\"item\":\"https:\/\/www.mercadokeys.com.mx\/\"},{\"@type\":\"ListItem\",\"position\":2,\"name\":\"Tienda\",\"item\":\"https:\/\/www.mercadokeys.com\/shop\/\"},{\"@type\":\"ListItem\",\"position\":3,\"name\":\"Resident Evil Revelations Steam CD Key\"}]},{\"@type\":\"WebSite\",\"@id\":\"https:\/\/www.mercadokeys.com\/eng\/#website\",\"url\":\"https:\/\/www.mercadokeys.com\/eng\/\",\"name\":\"MERCADOKEYS\",\"description\":\"Tu Tienda de videojuegos digitales en Mexico!\",\"potentialAction\":[{\"@type\":\"SearchAction\",\"target\":{\"@type\":\"EntryPoint\",\"urlTemplate\":\"https:\/\/www.mercadokeys.com\/eng\/?s={search_term_string}\"},\"query-input\":{\"@type\":\"PropertyValueSpecification\",\"valueRequired\":true,\"valueName\":\"search_term_string\"}}],\"inLanguage\":\"en-GB\"}]}<\/script>\n<!-- \/ Yoast SEO plugin. -->","yoast_head_json":{"title":"Resident Evil Revelations Steam CD Key - MERCADOKEYS","description":"Resident Evil Revelations presenta a los favoritos de la serie Jill Valentine y Chris Redfield, adem\u00e1s de sus respectivos socios de BSAA","robots":{"index":"index","follow":"follow","max-snippet":"max-snippet:-1","max-image-preview":"max-image-preview:large","max-video-preview":"max-video-preview:-1"},"canonical":"https:\/\/www.mercadokeys.com\/product\/resident-evil-revelations-steam-cd-key\/","og_locale":"en_GB","og_type":"article","og_title":"Resident Evil Revelations Steam CD Key - MERCADOKEYS","og_description":"Resident Evil Revelations presenta a los favoritos de la serie Jill Valentine y Chris Redfield, adem\u00e1s de sus respectivos socios de BSAA","og_url":"https:\/\/www.mercadokeys.com\/product\/resident-evil-revelations-steam-cd-key\/","og_site_name":"MERCADOKEYS","article_modified_time":"2022-06-28T14:25:30+00:00","og_image":[{"width":1308,"height":1370,"url":"https:\/\/www.mercadokeys.com\/wp-content\/uploads\/2020\/12\/resident-evil-revelations_cover_original.jpg","type":"image\/jpeg"}],"twitter_card":"summary_large_image","twitter_misc":{"Estimated reading time":"1 minute"},"schema":{"@context":"https:\/\/schema.org","@graph":[{"@type":"WebPage","@id":"https:\/\/www.mercadokeys.com\/product\/resident-evil-revelations-steam-cd-key\/","url":"https:\/\/www.mercadokeys.com\/product\/resident-evil-revelations-steam-cd-key\/","name":"Resident Evil Revelations Steam CD Key - MERCADOKEYS","isPartOf":{"@id":"https:\/\/www.mercadokeys.com\/eng\/#website"},"primaryImageOfPage":{"@id":"https:\/\/www.mercadokeys.com\/product\/resident-evil-revelations-steam-cd-key\/#primaryimage"},"image":{"@id":"https:\/\/www.mercadokeys.com\/product\/resident-evil-revelations-steam-cd-key\/#primaryimage"},"thumbnailUrl":"https:\/\/www.mercadokeys.com.mx\/wp-content\/uploads\/2020\/12\/resident-evil-revelations_cover_original.jpg","datePublished":"2020-12-16T15:22:55+00:00","dateModified":"2022-06-28T14:25:30+00:00","description":"Resident Evil Revelations presenta a los favoritos de la serie Jill Valentine y Chris Redfield, adem\u00e1s de sus respectivos socios de BSAA","breadcrumb":{"@id":"https:\/\/www.mercadokeys.com\/product\/resident-evil-revelations-steam-cd-key\/#breadcrumb"},"inLanguage":"en-GB","potentialAction":[{"@type":"ReadAction","target":["https:\/\/www.mercadokeys.com\/product\/resident-evil-revelations-steam-cd-key\/"]}]},{"@type":"ImageObject","inLanguage":"en-GB","@id":"https:\/\/www.mercadokeys.com\/product\/resident-evil-revelations-steam-cd-key\/#primaryimage","url":"https:\/\/www.mercadokeys.com.mx\/wp-content\/uploads\/2020\/12\/resident-evil-revelations_cover_original.jpg","contentUrl":"https:\/\/www.mercadokeys.com.mx\/wp-content\/uploads\/2020\/12\/resident-evil-revelations_cover_original.jpg","width":1308,"height":1370,"caption":"Resident Evil Revelations presenta a los favoritos de la serie Jill Valentine y Chris Redfield, adem\u00e1s de sus respectivos socios de BSAA"},{"@type":"BreadcrumbList","@id":"https:\/\/www.mercadokeys.com\/product\/resident-evil-revelations-steam-cd-key\/#breadcrumb","itemListElement":[{"@type":"ListItem","position":1,"name":"Inicio","item":"https:\/\/www.mercadokeys.com.mx\/"},{"@type":"ListItem","position":2,"name":"Tienda","item":"https:\/\/www.mercadokeys.com\/shop\/"},{"@type":"ListItem","position":3,"name":"Resident Evil Revelations Steam CD Key"}]},{"@type":"WebSite","@id":"https:\/\/www.mercadokeys.com\/eng\/#website","url":"https:\/\/www.mercadokeys.com\/eng\/","name":"MERCADOKEYS","description":"Tu Tienda de videojuegos digitales en Mexico!","potentialAction":[{"@type":"SearchAction","target":{"@type":"EntryPoint","urlTemplate":"https:\/\/www.mercadokeys.com\/eng\/?s={search_term_string}"},"query-input":{"@type":"PropertyValueSpecification","valueRequired":true,"valueName":"search_term_string"}}],"inLanguage":"en-GB"}]}},"df_price":134.69639,"df_sale_price":134.69639,"df_regular_price":134.69639,"df_image_link":"https:\/\/www.mercadokeys.com.mx\/wp-content\/uploads\/2020\/12\/resident-evil-revelations_cover_original-286x300.jpg","_links":{"self":[{"href":"https:\/\/www.mercadokeys.com.mx\/eng\/wp-json\/wp\/v2\/product\/57746","targetHints":{"allow":["GET"]}}],"collection":[{"href":"https:\/\/www.mercadokeys.com.mx\/eng\/wp-json\/wp\/v2\/product"}],"about":[{"href":"https:\/\/www.mercadokeys.com.mx\/eng\/wp-json\/wp\/v2\/types\/product"}],"wp:featuredmedia":[{"embeddable":true,"href":"https:\/\/www.mercadokeys.com.mx\/eng\/wp-json\/wp\/v2\/media\/57759"}],"wp:attachment":[{"href":"https:\/\/www.mercadokeys.com.mx\/eng\/wp-json\/wp\/v2\/media?parent=57746"}],"wp:term":[{"taxonomy":"product_brand","embeddable":true,"href":"https:\/\/www.mercadokeys.com.mx\/eng\/wp-json\/wp\/v2\/product_brand?post=57746"},{"taxonomy":"product_cat","embeddable":true,"href":"https:\/\/www.mercadokeys.com.mx\/eng\/wp-json\/wp\/v2\/product_cat?post=57746"},{"taxonomy":"product_tag","embeddable":true,"href":"https:\/\/www.mercadokeys.com.mx\/eng\/wp-json\/wp\/v2\/product_tag?post=57746"}],"curies":[{"name":"wp","href":"https:\/\/api.w.org\/{rel}","templated":true}]}}