{"id":121019,"date":"2022-02-12T14:55:00","date_gmt":"2022-02-12T22:55:00","guid":{"rendered":"https:\/\/www.mercadokeys.com\/product\/unsouled-steam-cd-key\/"},"modified":"2022-06-28T07:27:14","modified_gmt":"2022-06-28T14:27:14","slug":"unsouled-steam-cd-key","status":"publish","type":"product","link":"https:\/\/www.mercadokeys.com.mx\/eng\/product\/unsouled-steam-cd-key\/","title":{"rendered":"Unsouled Steam CD Key Global"},"content":{"rendered":"<p>Ambientado en un mundo hermoso pero inquietante, Unsouled es un juego de rol de acci\u00f3n atmosf\u00e9rico sobre un poder misterioso que se usa con un prop\u00f3sito mortal, que presenta un combate altamente estilizado que es r\u00e1pido y gratificante.<\/p>","protected":false},"excerpt":{"rendered":"<p>Ambientado en un mundo hermoso pero inquietante, Unsouled es un juego de rol de acci\u00f3n atmosf\u00e9rico sobre un poder misterioso que se usa con un prop\u00f3sito mortal, que presenta un combate altamente estilizado que es r\u00e1pido y gratificante.<\/p>","protected":false},"featured_media":121153,"template":"","meta":{"_monsterinsights_skip_tracking":false,"_monsterinsights_sitenote_active":false,"_monsterinsights_sitenote_note":"","_monsterinsights_sitenote_category":0},"product_brand":[],"product_cat":[2981,1271,1280,1273,1392,1394,1393,1298,1425,1423],"product_tag":[4133,4123,4125],"class_list":{"0":"post-121019","1":"product","2":"type-product","3":"status-publish","4":"has-post-thumbnail","6":"product_cat-destacados","7":"product_cat-tienda-de-videojuegos-tijuana-mexico","8":"product_cat-tienda-de-videojuegos-pc-tijuana-mexico","9":"product_cat-tienda-de-videojuegos-steam-key-tijuana-mexico","10":"product_cat-tienda-de-videojuegos-accion-tijuana-mexico","11":"product_cat-tienda-de-videojuegos-aventura-tijuana-mexico","12":"product_cat-tienda-de-videojuegos-indie-tijuana-mexico","13":"product_cat-tienda-de-videojuegos-rol-tijuana-mexico","14":"product_cat-tienda-de-videojuegos-acceso-anticipado-tijuana-mexico","15":"product_cat-tienda-de-videojuegos-nuevos-lanzamientos-tijuana-mexico","16":"product_tag-juegos-acceso-anricipado","17":"product_tag-juegos-de-rol","18":"product_tag-juegos-nuevos-steam","20":"first","21":"instock","22":"shipping-taxable","23":"purchasable","24":"product-type-simple"},"yoast_head":"<!-- This site is optimized with the Yoast SEO plugin v27.0 - https:\/\/yoast.com\/product\/yoast-seo-wordpress\/ -->\n<title>Unsouled Steam CD Key Global - MERCADOKEYS<\/title>\n<meta name=\"description\" content=\"Unsouled es un juego de rol de acci\u00f3n atmosf\u00e9rico sobre un poder misterioso que se usa con un prop\u00f3sito mortal\" \/>\n<meta name=\"robots\" content=\"index, follow, max-snippet:-1, max-image-preview:large, max-video-preview:-1\" \/>\n<link rel=\"canonical\" href=\"https:\/\/www.mercadokeys.com\/product\/unsouled-steam-cd-key\/\" \/>\n<meta property=\"og:locale\" content=\"en_GB\" \/>\n<meta property=\"og:type\" content=\"article\" \/>\n<meta property=\"og:title\" content=\"Unsouled Steam CD Key Global - MERCADOKEYS\" \/>\n<meta property=\"og:description\" content=\"Unsouled es un juego de rol de acci\u00f3n atmosf\u00e9rico sobre un poder misterioso que se usa con un prop\u00f3sito mortal\" \/>\n<meta property=\"og:url\" content=\"https:\/\/www.mercadokeys.com\/product\/unsouled-steam-cd-key\/\" \/>\n<meta property=\"og:site_name\" content=\"MERCADOKEYS\" \/>\n<meta property=\"article:modified_time\" content=\"2022-06-28T14:27:14+00:00\" \/>\n<meta property=\"og:image\" content=\"https:\/\/www.mercadokeys.com\/wp-content\/uploads\/2022\/02\/Unsouled-Steam-CD-Key-Global.jpg\" \/>\n\t<meta property=\"og:image:width\" content=\"230\" \/>\n\t<meta property=\"og:image:height\" content=\"336\" \/>\n\t<meta property=\"og:image:type\" content=\"image\/jpeg\" \/>\n<meta name=\"twitter:card\" content=\"summary_large_image\" \/>\n<meta name=\"twitter:label1\" content=\"Estimated reading time\" \/>\n\t<meta name=\"twitter:data1\" content=\"1 minute\" \/>\n<script type=\"application\/ld+json\" class=\"yoast-schema-graph\">{\"@context\":\"https:\/\/schema.org\",\"@graph\":[{\"@type\":\"WebPage\",\"@id\":\"https:\/\/www.mercadokeys.com\/product\/unsouled-steam-cd-key\/\",\"url\":\"https:\/\/www.mercadokeys.com\/product\/unsouled-steam-cd-key\/\",\"name\":\"Unsouled Steam CD Key Global - MERCADOKEYS\",\"isPartOf\":{\"@id\":\"https:\/\/www.mercadokeys.com\/eng\/#website\"},\"primaryImageOfPage\":{\"@id\":\"https:\/\/www.mercadokeys.com\/product\/unsouled-steam-cd-key\/#primaryimage\"},\"image\":{\"@id\":\"https:\/\/www.mercadokeys.com\/product\/unsouled-steam-cd-key\/#primaryimage\"},\"thumbnailUrl\":\"https:\/\/www.mercadokeys.com.mx\/wp-content\/uploads\/2022\/02\/Unsouled-Steam-CD-Key-Global.jpg\",\"datePublished\":\"2022-02-12T22:55:00+00:00\",\"dateModified\":\"2022-06-28T14:27:14+00:00\",\"description\":\"Unsouled es un juego de rol de acci\u00f3n atmosf\u00e9rico sobre un poder misterioso que se usa con un prop\u00f3sito mortal\",\"breadcrumb\":{\"@id\":\"https:\/\/www.mercadokeys.com\/product\/unsouled-steam-cd-key\/#breadcrumb\"},\"inLanguage\":\"en-GB\",\"potentialAction\":[{\"@type\":\"ReadAction\",\"target\":[\"https:\/\/www.mercadokeys.com\/product\/unsouled-steam-cd-key\/\"]}]},{\"@type\":\"ImageObject\",\"inLanguage\":\"en-GB\",\"@id\":\"https:\/\/www.mercadokeys.com\/product\/unsouled-steam-cd-key\/#primaryimage\",\"url\":\"https:\/\/www.mercadokeys.com.mx\/wp-content\/uploads\/2022\/02\/Unsouled-Steam-CD-Key-Global.jpg\",\"contentUrl\":\"https:\/\/www.mercadokeys.com.mx\/wp-content\/uploads\/2022\/02\/Unsouled-Steam-CD-Key-Global.jpg\",\"width\":230,\"height\":336,\"caption\":\"Unsouled Steam CD Key Global\"},{\"@type\":\"BreadcrumbList\",\"@id\":\"https:\/\/www.mercadokeys.com\/product\/unsouled-steam-cd-key\/#breadcrumb\",\"itemListElement\":[{\"@type\":\"ListItem\",\"position\":1,\"name\":\"Inicio\",\"item\":\"https:\/\/www.mercadokeys.com.mx\/\"},{\"@type\":\"ListItem\",\"position\":2,\"name\":\"Tienda\",\"item\":\"https:\/\/www.mercadokeys.com\/shop\/\"},{\"@type\":\"ListItem\",\"position\":3,\"name\":\"Unsouled Steam CD Key Global\"}]},{\"@type\":\"WebSite\",\"@id\":\"https:\/\/www.mercadokeys.com\/eng\/#website\",\"url\":\"https:\/\/www.mercadokeys.com\/eng\/\",\"name\":\"MERCADOKEYS\",\"description\":\"Tu Tienda de videojuegos digitales en Mexico!\",\"potentialAction\":[{\"@type\":\"SearchAction\",\"target\":{\"@type\":\"EntryPoint\",\"urlTemplate\":\"https:\/\/www.mercadokeys.com\/eng\/?s={search_term_string}\"},\"query-input\":{\"@type\":\"PropertyValueSpecification\",\"valueRequired\":true,\"valueName\":\"search_term_string\"}}],\"inLanguage\":\"en-GB\"}]}<\/script>\n<!-- \/ Yoast SEO plugin. -->","yoast_head_json":{"title":"Unsouled Steam CD Key Global - MERCADOKEYS","description":"Unsouled es un juego de rol de acci\u00f3n atmosf\u00e9rico sobre un poder misterioso que se usa con un prop\u00f3sito mortal","robots":{"index":"index","follow":"follow","max-snippet":"max-snippet:-1","max-image-preview":"max-image-preview:large","max-video-preview":"max-video-preview:-1"},"canonical":"https:\/\/www.mercadokeys.com\/product\/unsouled-steam-cd-key\/","og_locale":"en_GB","og_type":"article","og_title":"Unsouled Steam CD Key Global - MERCADOKEYS","og_description":"Unsouled es un juego de rol de acci\u00f3n atmosf\u00e9rico sobre un poder misterioso que se usa con un prop\u00f3sito mortal","og_url":"https:\/\/www.mercadokeys.com\/product\/unsouled-steam-cd-key\/","og_site_name":"MERCADOKEYS","article_modified_time":"2022-06-28T14:27:14+00:00","og_image":[{"width":230,"height":336,"url":"https:\/\/www.mercadokeys.com\/wp-content\/uploads\/2022\/02\/Unsouled-Steam-CD-Key-Global.jpg","type":"image\/jpeg"}],"twitter_card":"summary_large_image","twitter_misc":{"Estimated reading time":"1 minute"},"schema":{"@context":"https:\/\/schema.org","@graph":[{"@type":"WebPage","@id":"https:\/\/www.mercadokeys.com\/product\/unsouled-steam-cd-key\/","url":"https:\/\/www.mercadokeys.com\/product\/unsouled-steam-cd-key\/","name":"Unsouled Steam CD Key Global - MERCADOKEYS","isPartOf":{"@id":"https:\/\/www.mercadokeys.com\/eng\/#website"},"primaryImageOfPage":{"@id":"https:\/\/www.mercadokeys.com\/product\/unsouled-steam-cd-key\/#primaryimage"},"image":{"@id":"https:\/\/www.mercadokeys.com\/product\/unsouled-steam-cd-key\/#primaryimage"},"thumbnailUrl":"https:\/\/www.mercadokeys.com.mx\/wp-content\/uploads\/2022\/02\/Unsouled-Steam-CD-Key-Global.jpg","datePublished":"2022-02-12T22:55:00+00:00","dateModified":"2022-06-28T14:27:14+00:00","description":"Unsouled es un juego de rol de acci\u00f3n atmosf\u00e9rico sobre un poder misterioso que se usa con un prop\u00f3sito mortal","breadcrumb":{"@id":"https:\/\/www.mercadokeys.com\/product\/unsouled-steam-cd-key\/#breadcrumb"},"inLanguage":"en-GB","potentialAction":[{"@type":"ReadAction","target":["https:\/\/www.mercadokeys.com\/product\/unsouled-steam-cd-key\/"]}]},{"@type":"ImageObject","inLanguage":"en-GB","@id":"https:\/\/www.mercadokeys.com\/product\/unsouled-steam-cd-key\/#primaryimage","url":"https:\/\/www.mercadokeys.com.mx\/wp-content\/uploads\/2022\/02\/Unsouled-Steam-CD-Key-Global.jpg","contentUrl":"https:\/\/www.mercadokeys.com.mx\/wp-content\/uploads\/2022\/02\/Unsouled-Steam-CD-Key-Global.jpg","width":230,"height":336,"caption":"Unsouled Steam CD Key Global"},{"@type":"BreadcrumbList","@id":"https:\/\/www.mercadokeys.com\/product\/unsouled-steam-cd-key\/#breadcrumb","itemListElement":[{"@type":"ListItem","position":1,"name":"Inicio","item":"https:\/\/www.mercadokeys.com.mx\/"},{"@type":"ListItem","position":2,"name":"Tienda","item":"https:\/\/www.mercadokeys.com\/shop\/"},{"@type":"ListItem","position":3,"name":"Unsouled Steam CD Key Global"}]},{"@type":"WebSite","@id":"https:\/\/www.mercadokeys.com\/eng\/#website","url":"https:\/\/www.mercadokeys.com\/eng\/","name":"MERCADOKEYS","description":"Tu Tienda de videojuegos digitales en Mexico!","potentialAction":[{"@type":"SearchAction","target":{"@type":"EntryPoint","urlTemplate":"https:\/\/www.mercadokeys.com\/eng\/?s={search_term_string}"},"query-input":{"@type":"PropertyValueSpecification","valueRequired":true,"valueName":"search_term_string"}}],"inLanguage":"en-GB"}]}},"df_price":60.243955,"df_sale_price":60.243955,"df_regular_price":60.243955,"df_image_link":"https:\/\/www.mercadokeys.com.mx\/wp-content\/uploads\/2022\/02\/Unsouled-Steam-CD-Key-Global-205x300.jpg","_links":{"self":[{"href":"https:\/\/www.mercadokeys.com.mx\/eng\/wp-json\/wp\/v2\/product\/121019","targetHints":{"allow":["GET"]}}],"collection":[{"href":"https:\/\/www.mercadokeys.com.mx\/eng\/wp-json\/wp\/v2\/product"}],"about":[{"href":"https:\/\/www.mercadokeys.com.mx\/eng\/wp-json\/wp\/v2\/types\/product"}],"wp:featuredmedia":[{"embeddable":true,"href":"https:\/\/www.mercadokeys.com.mx\/eng\/wp-json\/wp\/v2\/media\/121153"}],"wp:attachment":[{"href":"https:\/\/www.mercadokeys.com.mx\/eng\/wp-json\/wp\/v2\/media?parent=121019"}],"wp:term":[{"taxonomy":"product_brand","embeddable":true,"href":"https:\/\/www.mercadokeys.com.mx\/eng\/wp-json\/wp\/v2\/product_brand?post=121019"},{"taxonomy":"product_cat","embeddable":true,"href":"https:\/\/www.mercadokeys.com.mx\/eng\/wp-json\/wp\/v2\/product_cat?post=121019"},{"taxonomy":"product_tag","embeddable":true,"href":"https:\/\/www.mercadokeys.com.mx\/eng\/wp-json\/wp\/v2\/product_tag?post=121019"}],"curies":[{"name":"wp","href":"https:\/\/api.w.org\/{rel}","templated":true}]}}