{"id":120946,"date":"2022-02-12T12:49:17","date_gmt":"2022-02-12T20:49:17","guid":{"rendered":"https:\/\/www.mercadokeys.com\/product\/street-outlaws-2-winner-takes-all-steam-cd-key\/"},"modified":"2022-06-28T06:15:40","modified_gmt":"2022-06-28T13:15:40","slug":"street-outlaws-2-winner-takes-all-steam-cd-key","status":"publish","type":"product","link":"https:\/\/www.mercadokeys.com.mx\/eng\/product\/street-outlaws-2-winner-takes-all-steam-cd-key\/","title":{"rendered":"Street Outlaws 2: Winner Takes All Steam CD Key"},"content":{"rendered":"<div id=\"translation\">\n<div class=\"gtx-body\">\u00a1En Street Outlaws 2: Winner Takes All las apuestas acaban de subir! En este lanzamiento de alto octanaje, tendr\u00e1s que demostrar tu val\u00eda en algunas de las carreras callejeras y de pista m\u00e1s duras e implacables de los Estados Unidos. Su \u00e9xito y reputaci\u00f3n depender\u00e1n de c\u00f3mo se desempe\u00f1e, su estrategia para modificar su autom\u00f3vil y, en \u00faltima instancia, cu\u00e1nta credibilidad de forajido gane en el camino. \u00bfTienes lo que se necesita para ser coronado como el Campe\u00f3n Nacional Winner Takes All? Elige a tu tripulaci\u00f3n, elige tu coche, s\u00fabete y conduce.<\/div>\n<\/div>","protected":false},"excerpt":{"rendered":"<p>\u00a1En Street Outlaws 2: Winner Takes All las apuestas acaban de subir! En este lanzamiento de alto octanaje, tendr\u00e1s que demostrar tu val\u00eda en algunas de las carreras callejeras y de pista m\u00e1s duras e implacables de los Estados Unidos. Su \u00e9xito y reputaci\u00f3n depender\u00e1n de c\u00f3mo se desempe\u00f1e, su estrategia para modificar su autom\u00f3vil&#8230;<\/p>","protected":false},"featured_media":121166,"template":"","meta":{"_monsterinsights_skip_tracking":false,"_monsterinsights_sitenote_active":false,"_monsterinsights_sitenote_note":"","_monsterinsights_sitenote_category":0},"product_brand":[],"product_cat":[2981,1271,1283,1273,1406,1396,1292,1427,1423],"product_tag":[4136,4142,4125],"class_list":{"0":"post-120946","1":"product","2":"type-product","3":"status-publish","4":"has-post-thumbnail","6":"product_cat-destacados","7":"product_cat-tienda-de-videojuegos-tijuana-mexico","8":"product_cat-tienda-de-videojuegos-plataformas-tijuana-mexico","9":"product_cat-tienda-de-videojuegos-steam-key-tijuana-mexico","10":"product_cat-tienda-de-videojuegos-racing-tijuana-mexico","11":"product_cat-tienda-de-videojuegos-simulacion-tijuana-mexico","12":"product_cat-tienda-de-videojuegos-carreras-tijuana-mexico","13":"product_cat-tienda-de-videojuegos-juegos-para-mando-tijuana-mexico","14":"product_cat-tienda-de-videojuegos-nuevos-lanzamientos-tijuana-mexico","15":"product_tag-juegos-de-carreras","16":"product_tag-juegos-de-carreras-steam","17":"product_tag-juegos-nuevos-steam","19":"first","20":"instock","21":"shipping-taxable","22":"purchasable","23":"product-type-simple"},"yoast_head":"<!-- This site is optimized with the Yoast SEO plugin v27.0 - https:\/\/yoast.com\/product\/yoast-seo-wordpress\/ -->\n<title>Street Outlaws 2: Winner Takes All Steam CD Key - MERCADOKEYS<\/title>\n<meta name=\"description\" content=\"\u00a1En Street Outlaws 2: Winner Takes All las apuestas acaban de subir! En este lanzamiento de alto octanaje, tendr\u00e1s que demostrar tu val\u00eda en algunas de las carreras callejeras\" \/>\n<meta name=\"robots\" content=\"index, follow, max-snippet:-1, max-image-preview:large, max-video-preview:-1\" \/>\n<link rel=\"canonical\" href=\"https:\/\/www.mercadokeys.com\/product\/street-outlaws-2-winner-takes-all-steam-cd-key\/\" \/>\n<meta property=\"og:locale\" content=\"en_GB\" \/>\n<meta property=\"og:type\" content=\"article\" \/>\n<meta property=\"og:title\" content=\"Street Outlaws 2: Winner Takes All Steam CD Key - MERCADOKEYS\" \/>\n<meta property=\"og:description\" content=\"\u00a1En Street Outlaws 2: Winner Takes All las apuestas acaban de subir! En este lanzamiento de alto octanaje, tendr\u00e1s que demostrar tu val\u00eda en algunas de las carreras callejeras\" \/>\n<meta property=\"og:url\" content=\"https:\/\/www.mercadokeys.com\/product\/street-outlaws-2-winner-takes-all-steam-cd-key\/\" \/>\n<meta property=\"og:site_name\" content=\"MERCADOKEYS\" \/>\n<meta property=\"article:modified_time\" content=\"2022-06-28T13:15:40+00:00\" \/>\n<meta property=\"og:image\" content=\"https:\/\/www.mercadokeys.com\/wp-content\/uploads\/2022\/02\/Street-Outlaws-2-Winner-Takes-All-Steam-CD-Key.jpg\" \/>\n\t<meta property=\"og:image:width\" content=\"230\" \/>\n\t<meta property=\"og:image:height\" content=\"336\" \/>\n\t<meta property=\"og:image:type\" content=\"image\/jpeg\" \/>\n<meta name=\"twitter:card\" content=\"summary_large_image\" \/>\n<meta name=\"twitter:label1\" content=\"Estimated reading time\" \/>\n\t<meta name=\"twitter:data1\" content=\"1 minute\" \/>\n<script type=\"application\/ld+json\" class=\"yoast-schema-graph\">{\"@context\":\"https:\/\/schema.org\",\"@graph\":[{\"@type\":\"WebPage\",\"@id\":\"https:\/\/www.mercadokeys.com\/product\/street-outlaws-2-winner-takes-all-steam-cd-key\/\",\"url\":\"https:\/\/www.mercadokeys.com\/product\/street-outlaws-2-winner-takes-all-steam-cd-key\/\",\"name\":\"Street Outlaws 2: Winner Takes All Steam CD Key - MERCADOKEYS\",\"isPartOf\":{\"@id\":\"https:\/\/www.mercadokeys.com\/eng\/#website\"},\"primaryImageOfPage\":{\"@id\":\"https:\/\/www.mercadokeys.com\/product\/street-outlaws-2-winner-takes-all-steam-cd-key\/#primaryimage\"},\"image\":{\"@id\":\"https:\/\/www.mercadokeys.com\/product\/street-outlaws-2-winner-takes-all-steam-cd-key\/#primaryimage\"},\"thumbnailUrl\":\"https:\/\/www.mercadokeys.com.mx\/wp-content\/uploads\/2022\/02\/Street-Outlaws-2-Winner-Takes-All-Steam-CD-Key.jpg\",\"datePublished\":\"2022-02-12T20:49:17+00:00\",\"dateModified\":\"2022-06-28T13:15:40+00:00\",\"description\":\"\u00a1En Street Outlaws 2: Winner Takes All las apuestas acaban de subir! En este lanzamiento de alto octanaje, tendr\u00e1s que demostrar tu val\u00eda en algunas de las carreras callejeras\",\"breadcrumb\":{\"@id\":\"https:\/\/www.mercadokeys.com\/product\/street-outlaws-2-winner-takes-all-steam-cd-key\/#breadcrumb\"},\"inLanguage\":\"en-GB\",\"potentialAction\":[{\"@type\":\"ReadAction\",\"target\":[\"https:\/\/www.mercadokeys.com\/product\/street-outlaws-2-winner-takes-all-steam-cd-key\/\"]}]},{\"@type\":\"ImageObject\",\"inLanguage\":\"en-GB\",\"@id\":\"https:\/\/www.mercadokeys.com\/product\/street-outlaws-2-winner-takes-all-steam-cd-key\/#primaryimage\",\"url\":\"https:\/\/www.mercadokeys.com.mx\/wp-content\/uploads\/2022\/02\/Street-Outlaws-2-Winner-Takes-All-Steam-CD-Key.jpg\",\"contentUrl\":\"https:\/\/www.mercadokeys.com.mx\/wp-content\/uploads\/2022\/02\/Street-Outlaws-2-Winner-Takes-All-Steam-CD-Key.jpg\",\"width\":230,\"height\":336,\"caption\":\"Street Outlaws 2: Winner Takes All Steam CD Key\"},{\"@type\":\"BreadcrumbList\",\"@id\":\"https:\/\/www.mercadokeys.com\/product\/street-outlaws-2-winner-takes-all-steam-cd-key\/#breadcrumb\",\"itemListElement\":[{\"@type\":\"ListItem\",\"position\":1,\"name\":\"Inicio\",\"item\":\"https:\/\/www.mercadokeys.com.mx\/\"},{\"@type\":\"ListItem\",\"position\":2,\"name\":\"Tienda\",\"item\":\"https:\/\/www.mercadokeys.com\/shop\/\"},{\"@type\":\"ListItem\",\"position\":3,\"name\":\"Street Outlaws 2: Winner Takes All Steam CD Key\"}]},{\"@type\":\"WebSite\",\"@id\":\"https:\/\/www.mercadokeys.com\/eng\/#website\",\"url\":\"https:\/\/www.mercadokeys.com\/eng\/\",\"name\":\"MERCADOKEYS\",\"description\":\"Tu Tienda de videojuegos digitales en Mexico!\",\"potentialAction\":[{\"@type\":\"SearchAction\",\"target\":{\"@type\":\"EntryPoint\",\"urlTemplate\":\"https:\/\/www.mercadokeys.com\/eng\/?s={search_term_string}\"},\"query-input\":{\"@type\":\"PropertyValueSpecification\",\"valueRequired\":true,\"valueName\":\"search_term_string\"}}],\"inLanguage\":\"en-GB\"}]}<\/script>\n<!-- \/ Yoast SEO plugin. -->","yoast_head_json":{"title":"Street Outlaws 2: Winner Takes All Steam CD Key - MERCADOKEYS","description":"\u00a1En Street Outlaws 2: Winner Takes All las apuestas acaban de subir! En este lanzamiento de alto octanaje, tendr\u00e1s que demostrar tu val\u00eda en algunas de las carreras callejeras","robots":{"index":"index","follow":"follow","max-snippet":"max-snippet:-1","max-image-preview":"max-image-preview:large","max-video-preview":"max-video-preview:-1"},"canonical":"https:\/\/www.mercadokeys.com\/product\/street-outlaws-2-winner-takes-all-steam-cd-key\/","og_locale":"en_GB","og_type":"article","og_title":"Street Outlaws 2: Winner Takes All Steam CD Key - MERCADOKEYS","og_description":"\u00a1En Street Outlaws 2: Winner Takes All las apuestas acaban de subir! En este lanzamiento de alto octanaje, tendr\u00e1s que demostrar tu val\u00eda en algunas de las carreras callejeras","og_url":"https:\/\/www.mercadokeys.com\/product\/street-outlaws-2-winner-takes-all-steam-cd-key\/","og_site_name":"MERCADOKEYS","article_modified_time":"2022-06-28T13:15:40+00:00","og_image":[{"width":230,"height":336,"url":"https:\/\/www.mercadokeys.com\/wp-content\/uploads\/2022\/02\/Street-Outlaws-2-Winner-Takes-All-Steam-CD-Key.jpg","type":"image\/jpeg"}],"twitter_card":"summary_large_image","twitter_misc":{"Estimated reading time":"1 minute"},"schema":{"@context":"https:\/\/schema.org","@graph":[{"@type":"WebPage","@id":"https:\/\/www.mercadokeys.com\/product\/street-outlaws-2-winner-takes-all-steam-cd-key\/","url":"https:\/\/www.mercadokeys.com\/product\/street-outlaws-2-winner-takes-all-steam-cd-key\/","name":"Street Outlaws 2: Winner Takes All Steam CD Key - MERCADOKEYS","isPartOf":{"@id":"https:\/\/www.mercadokeys.com\/eng\/#website"},"primaryImageOfPage":{"@id":"https:\/\/www.mercadokeys.com\/product\/street-outlaws-2-winner-takes-all-steam-cd-key\/#primaryimage"},"image":{"@id":"https:\/\/www.mercadokeys.com\/product\/street-outlaws-2-winner-takes-all-steam-cd-key\/#primaryimage"},"thumbnailUrl":"https:\/\/www.mercadokeys.com.mx\/wp-content\/uploads\/2022\/02\/Street-Outlaws-2-Winner-Takes-All-Steam-CD-Key.jpg","datePublished":"2022-02-12T20:49:17+00:00","dateModified":"2022-06-28T13:15:40+00:00","description":"\u00a1En Street Outlaws 2: Winner Takes All las apuestas acaban de subir! En este lanzamiento de alto octanaje, tendr\u00e1s que demostrar tu val\u00eda en algunas de las carreras callejeras","breadcrumb":{"@id":"https:\/\/www.mercadokeys.com\/product\/street-outlaws-2-winner-takes-all-steam-cd-key\/#breadcrumb"},"inLanguage":"en-GB","potentialAction":[{"@type":"ReadAction","target":["https:\/\/www.mercadokeys.com\/product\/street-outlaws-2-winner-takes-all-steam-cd-key\/"]}]},{"@type":"ImageObject","inLanguage":"en-GB","@id":"https:\/\/www.mercadokeys.com\/product\/street-outlaws-2-winner-takes-all-steam-cd-key\/#primaryimage","url":"https:\/\/www.mercadokeys.com.mx\/wp-content\/uploads\/2022\/02\/Street-Outlaws-2-Winner-Takes-All-Steam-CD-Key.jpg","contentUrl":"https:\/\/www.mercadokeys.com.mx\/wp-content\/uploads\/2022\/02\/Street-Outlaws-2-Winner-Takes-All-Steam-CD-Key.jpg","width":230,"height":336,"caption":"Street Outlaws 2: Winner Takes All Steam CD Key"},{"@type":"BreadcrumbList","@id":"https:\/\/www.mercadokeys.com\/product\/street-outlaws-2-winner-takes-all-steam-cd-key\/#breadcrumb","itemListElement":[{"@type":"ListItem","position":1,"name":"Inicio","item":"https:\/\/www.mercadokeys.com.mx\/"},{"@type":"ListItem","position":2,"name":"Tienda","item":"https:\/\/www.mercadokeys.com\/shop\/"},{"@type":"ListItem","position":3,"name":"Street Outlaws 2: Winner Takes All Steam CD Key"}]},{"@type":"WebSite","@id":"https:\/\/www.mercadokeys.com\/eng\/#website","url":"https:\/\/www.mercadokeys.com\/eng\/","name":"MERCADOKEYS","description":"Tu Tienda de videojuegos digitales en Mexico!","potentialAction":[{"@type":"SearchAction","target":{"@type":"EntryPoint","urlTemplate":"https:\/\/www.mercadokeys.com\/eng\/?s={search_term_string}"},"query-input":{"@type":"PropertyValueSpecification","valueRequired":true,"valueName":"search_term_string"}}],"inLanguage":"en-GB"}]}},"df_price":406.412101,"df_sale_price":406.412101,"df_regular_price":406.412101,"df_image_link":"https:\/\/www.mercadokeys.com.mx\/wp-content\/uploads\/2022\/02\/Street-Outlaws-2-Winner-Takes-All-Steam-CD-Key-205x300.jpg","_links":{"self":[{"href":"https:\/\/www.mercadokeys.com.mx\/eng\/wp-json\/wp\/v2\/product\/120946","targetHints":{"allow":["GET"]}}],"collection":[{"href":"https:\/\/www.mercadokeys.com.mx\/eng\/wp-json\/wp\/v2\/product"}],"about":[{"href":"https:\/\/www.mercadokeys.com.mx\/eng\/wp-json\/wp\/v2\/types\/product"}],"wp:featuredmedia":[{"embeddable":true,"href":"https:\/\/www.mercadokeys.com.mx\/eng\/wp-json\/wp\/v2\/media\/121166"}],"wp:attachment":[{"href":"https:\/\/www.mercadokeys.com.mx\/eng\/wp-json\/wp\/v2\/media?parent=120946"}],"wp:term":[{"taxonomy":"product_brand","embeddable":true,"href":"https:\/\/www.mercadokeys.com.mx\/eng\/wp-json\/wp\/v2\/product_brand?post=120946"},{"taxonomy":"product_cat","embeddable":true,"href":"https:\/\/www.mercadokeys.com.mx\/eng\/wp-json\/wp\/v2\/product_cat?post=120946"},{"taxonomy":"product_tag","embeddable":true,"href":"https:\/\/www.mercadokeys.com.mx\/eng\/wp-json\/wp\/v2\/product_tag?post=120946"}],"curies":[{"name":"wp","href":"https:\/\/api.w.org\/{rel}","templated":true}]}}