{"id":120919,"date":"2022-02-11T09:53:09","date_gmt":"2022-02-11T17:53:09","guid":{"rendered":"https:\/\/www.mercadokeys.com\/?post_type=product&#038;p=120919"},"modified":"2022-02-11T09:53:49","modified_gmt":"2022-02-11T17:53:49","slug":"doraemon-story-of-seasons-steam-cd-key-copia","status":"publish","type":"product","link":"https:\/\/www.mercadokeys.com.mx\/eng\/product\/doraemon-story-of-seasons-steam-cd-key-copia\/","title":{"rendered":"DORAEMON STORY OF SEASONS Steam CD Key (copia)"},"content":{"rendered":"<p><span style=\"vertical-align: inherit;\"><span class=\"goog-text-highlight\" style=\"vertical-align: inherit;\">Doraemon, el simp\u00e1tico robot tipo gato que captur\u00f3 los corazones de millones de personas en todo el mundo, ahora llega a &#8216;Doraemon Story of Seasons&#8217;. <\/span>Sum\u00e9rgete en un mundo nuevo que combina un juego relajante con una historia de agricultura, amistad y ayuda a los dem\u00e1s. Coge una pala y \u00fanete a la diversi\u00f3n, \u00a1pr\u00f3ximamente en Nintendo Switch y Steam!<\/span><\/p>\n<p>&nbsp;<\/p>\n<p><span style=\"vertical-align: inherit;\">\u00a1Un juego de rebanadas de vida con los queridos personajes de Doraemon! <\/span><br \/>\n<span style=\"vertical-align: inherit;\">\u00a1Toma el control de Nobita, un ni\u00f1o promedio con un coraz\u00f3n de oro, para ayudar a revivir una granja destruida! \u00a1Crea v\u00ednculos con los dem\u00e1s habitantes del pueblo para presenciar interacciones sinceras mientras exploras y fomentas la tierra con Doraemon, Shizuka, Gian y Suneo! <\/span><\/p>\n<p><span style=\"vertical-align: inherit;\">\u00e2 \u20ac \u0153Historia de las estaciones\u00e2 \u20ac ?? \u00a1con un giro! <\/span><br \/>\n<span style=\"vertical-align: inherit;\">Personaliza tu granja cultivando cultivos, criando animales de granja, construyendo muebles y explorando todo lo que la ciudad tiene para ofrecer. \u00a1Aprovecha los artilugios secretos de Doraemon para hacer de la construcci\u00f3n de tu granja una experiencia m\u00e1gica!<\/span><\/p>","protected":false},"excerpt":{"rendered":"<p>Doraemon, el simp\u00e1tico robot tipo gato que captur\u00f3 los corazones de millones de personas en todo el mundo, ahora llega a &#8216;Doraemon Story of Seasons&#8217;. Sum\u00e9rgete en un mundo nuevo que combina un juego relajante con una historia de agricultura, amistad y ayuda a los dem\u00e1s. Coge una pala y \u00fanete a la diversi\u00f3n, \u00a1pr\u00f3ximamente&#8230;<\/p>","protected":false},"featured_media":117601,"template":"","meta":{"_monsterinsights_skip_tracking":false,"_monsterinsights_sitenote_active":false,"_monsterinsights_sitenote_note":"","_monsterinsights_sitenote_category":0},"product_brand":[],"product_cat":[2981,1271,1283,1280,1273,1395,1396,1427],"product_tag":[2810,3696,2809],"class_list":{"0":"post-120919","1":"product","2":"type-product","3":"status-publish","4":"has-post-thumbnail","6":"product_cat-destacados","7":"product_cat-tienda-de-videojuegos-tijuana-mexico","8":"product_cat-tienda-de-videojuegos-plataformas-tijuana-mexico","9":"product_cat-tienda-de-videojuegos-pc-tijuana-mexico","10":"product_cat-tienda-de-videojuegos-steam-key-tijuana-mexico","11":"product_cat-tienda-de-videojuegos-casual-tijuana-mexico","12":"product_cat-tienda-de-videojuegos-simulacion-tijuana-mexico","13":"product_cat-tienda-de-videojuegos-juegos-para-mando-tijuana-mexico","14":"product_tag-doraemon-story-of-seasons","15":"product_tag-doraemon-story-of-seasons-cd-key","16":"product_tag-doraemon-story-of-seasons-steam","18":"first","19":"instock","20":"shipping-taxable","21":"purchasable","22":"product-type-simple"},"yoast_head":"<!-- This site is optimized with the Yoast SEO plugin v27.0 - https:\/\/yoast.com\/product\/yoast-seo-wordpress\/ -->\n<title>DORAEMON STORY OF SEASONS Steam CD Key (copia) - MERCADOKEYS<\/title>\n<meta name=\"robots\" content=\"index, follow, max-snippet:-1, max-image-preview:large, max-video-preview:-1\" \/>\n<link rel=\"canonical\" href=\"https:\/\/www.mercadokeys.com\/product\/doraemon-story-of-seasons-steam-cd-key-copia\/\" \/>\n<meta property=\"og:locale\" content=\"en_GB\" \/>\n<meta property=\"og:type\" content=\"article\" \/>\n<meta property=\"og:title\" content=\"DORAEMON STORY OF SEASONS Steam CD Key (copia) - MERCADOKEYS\" \/>\n<meta property=\"og:description\" content=\"Doraemon, el simp\u00e1tico robot tipo gato que captur\u00f3 los corazones de millones de personas en todo el mundo, ahora llega a &#8216;Doraemon Story of Seasons&#8217;. Sum\u00e9rgete en un mundo nuevo que combina un juego relajante con una historia de agricultura, amistad y ayuda a los dem\u00e1s. Coge una pala y \u00fanete a la diversi\u00f3n, \u00a1pr\u00f3ximamente...\" \/>\n<meta property=\"og:url\" content=\"https:\/\/www.mercadokeys.com\/product\/doraemon-story-of-seasons-steam-cd-key-copia\/\" \/>\n<meta property=\"og:site_name\" content=\"MERCADOKEYS\" \/>\n<meta property=\"article:modified_time\" content=\"2022-02-11T17:53:49+00:00\" \/>\n<meta property=\"og:image\" content=\"https:\/\/www.mercadokeys.com\/wp-content\/uploads\/2021\/11\/140454.jpg\" \/>\n\t<meta property=\"og:image:width\" content=\"230\" \/>\n\t<meta property=\"og:image:height\" content=\"336\" \/>\n\t<meta property=\"og:image:type\" content=\"image\/jpeg\" \/>\n<meta name=\"twitter:card\" content=\"summary_large_image\" \/>\n<meta name=\"twitter:label1\" content=\"Estimated reading time\" \/>\n\t<meta name=\"twitter:data1\" content=\"1 minute\" \/>\n<script type=\"application\/ld+json\" class=\"yoast-schema-graph\">{\"@context\":\"https:\/\/schema.org\",\"@graph\":[{\"@type\":\"WebPage\",\"@id\":\"https:\/\/www.mercadokeys.com\/product\/doraemon-story-of-seasons-steam-cd-key-copia\/\",\"url\":\"https:\/\/www.mercadokeys.com\/product\/doraemon-story-of-seasons-steam-cd-key-copia\/\",\"name\":\"DORAEMON STORY OF SEASONS Steam CD Key (copia) - MERCADOKEYS\",\"isPartOf\":{\"@id\":\"https:\/\/www.mercadokeys.com\/eng\/#website\"},\"primaryImageOfPage\":{\"@id\":\"https:\/\/www.mercadokeys.com\/product\/doraemon-story-of-seasons-steam-cd-key-copia\/#primaryimage\"},\"image\":{\"@id\":\"https:\/\/www.mercadokeys.com\/product\/doraemon-story-of-seasons-steam-cd-key-copia\/#primaryimage\"},\"thumbnailUrl\":\"https:\/\/www.mercadokeys.com.mx\/wp-content\/uploads\/2021\/11\/140454.jpg\",\"datePublished\":\"2022-02-11T17:53:09+00:00\",\"dateModified\":\"2022-02-11T17:53:49+00:00\",\"breadcrumb\":{\"@id\":\"https:\/\/www.mercadokeys.com\/product\/doraemon-story-of-seasons-steam-cd-key-copia\/#breadcrumb\"},\"inLanguage\":\"en-GB\",\"potentialAction\":[{\"@type\":\"ReadAction\",\"target\":[\"https:\/\/www.mercadokeys.com\/product\/doraemon-story-of-seasons-steam-cd-key-copia\/\"]}]},{\"@type\":\"ImageObject\",\"inLanguage\":\"en-GB\",\"@id\":\"https:\/\/www.mercadokeys.com\/product\/doraemon-story-of-seasons-steam-cd-key-copia\/#primaryimage\",\"url\":\"https:\/\/www.mercadokeys.com.mx\/wp-content\/uploads\/2021\/11\/140454.jpg\",\"contentUrl\":\"https:\/\/www.mercadokeys.com.mx\/wp-content\/uploads\/2021\/11\/140454.jpg\",\"width\":230,\"height\":336},{\"@type\":\"BreadcrumbList\",\"@id\":\"https:\/\/www.mercadokeys.com\/product\/doraemon-story-of-seasons-steam-cd-key-copia\/#breadcrumb\",\"itemListElement\":[{\"@type\":\"ListItem\",\"position\":1,\"name\":\"Inicio\",\"item\":\"https:\/\/www.mercadokeys.com.mx\/\"},{\"@type\":\"ListItem\",\"position\":2,\"name\":\"Tienda\",\"item\":\"https:\/\/www.mercadokeys.com\/shop\/\"},{\"@type\":\"ListItem\",\"position\":3,\"name\":\"DORAEMON STORY OF SEASONS Steam CD Key (copia)\"}]},{\"@type\":\"WebSite\",\"@id\":\"https:\/\/www.mercadokeys.com\/eng\/#website\",\"url\":\"https:\/\/www.mercadokeys.com\/eng\/\",\"name\":\"MERCADOKEYS\",\"description\":\"Tu Tienda de videojuegos digitales en Mexico!\",\"potentialAction\":[{\"@type\":\"SearchAction\",\"target\":{\"@type\":\"EntryPoint\",\"urlTemplate\":\"https:\/\/www.mercadokeys.com\/eng\/?s={search_term_string}\"},\"query-input\":{\"@type\":\"PropertyValueSpecification\",\"valueRequired\":true,\"valueName\":\"search_term_string\"}}],\"inLanguage\":\"en-GB\"}]}<\/script>\n<!-- \/ Yoast SEO plugin. -->","yoast_head_json":{"title":"DORAEMON STORY OF SEASONS Steam CD Key (copia) - MERCADOKEYS","robots":{"index":"index","follow":"follow","max-snippet":"max-snippet:-1","max-image-preview":"max-image-preview:large","max-video-preview":"max-video-preview:-1"},"canonical":"https:\/\/www.mercadokeys.com\/product\/doraemon-story-of-seasons-steam-cd-key-copia\/","og_locale":"en_GB","og_type":"article","og_title":"DORAEMON STORY OF SEASONS Steam CD Key (copia) - MERCADOKEYS","og_description":"Doraemon, el simp\u00e1tico robot tipo gato que captur\u00f3 los corazones de millones de personas en todo el mundo, ahora llega a &#8216;Doraemon Story of Seasons&#8217;. Sum\u00e9rgete en un mundo nuevo que combina un juego relajante con una historia de agricultura, amistad y ayuda a los dem\u00e1s. Coge una pala y \u00fanete a la diversi\u00f3n, \u00a1pr\u00f3ximamente...","og_url":"https:\/\/www.mercadokeys.com\/product\/doraemon-story-of-seasons-steam-cd-key-copia\/","og_site_name":"MERCADOKEYS","article_modified_time":"2022-02-11T17:53:49+00:00","og_image":[{"width":230,"height":336,"url":"https:\/\/www.mercadokeys.com\/wp-content\/uploads\/2021\/11\/140454.jpg","type":"image\/jpeg"}],"twitter_card":"summary_large_image","twitter_misc":{"Estimated reading time":"1 minute"},"schema":{"@context":"https:\/\/schema.org","@graph":[{"@type":"WebPage","@id":"https:\/\/www.mercadokeys.com\/product\/doraemon-story-of-seasons-steam-cd-key-copia\/","url":"https:\/\/www.mercadokeys.com\/product\/doraemon-story-of-seasons-steam-cd-key-copia\/","name":"DORAEMON STORY OF SEASONS Steam CD Key (copia) - MERCADOKEYS","isPartOf":{"@id":"https:\/\/www.mercadokeys.com\/eng\/#website"},"primaryImageOfPage":{"@id":"https:\/\/www.mercadokeys.com\/product\/doraemon-story-of-seasons-steam-cd-key-copia\/#primaryimage"},"image":{"@id":"https:\/\/www.mercadokeys.com\/product\/doraemon-story-of-seasons-steam-cd-key-copia\/#primaryimage"},"thumbnailUrl":"https:\/\/www.mercadokeys.com.mx\/wp-content\/uploads\/2021\/11\/140454.jpg","datePublished":"2022-02-11T17:53:09+00:00","dateModified":"2022-02-11T17:53:49+00:00","breadcrumb":{"@id":"https:\/\/www.mercadokeys.com\/product\/doraemon-story-of-seasons-steam-cd-key-copia\/#breadcrumb"},"inLanguage":"en-GB","potentialAction":[{"@type":"ReadAction","target":["https:\/\/www.mercadokeys.com\/product\/doraemon-story-of-seasons-steam-cd-key-copia\/"]}]},{"@type":"ImageObject","inLanguage":"en-GB","@id":"https:\/\/www.mercadokeys.com\/product\/doraemon-story-of-seasons-steam-cd-key-copia\/#primaryimage","url":"https:\/\/www.mercadokeys.com.mx\/wp-content\/uploads\/2021\/11\/140454.jpg","contentUrl":"https:\/\/www.mercadokeys.com.mx\/wp-content\/uploads\/2021\/11\/140454.jpg","width":230,"height":336},{"@type":"BreadcrumbList","@id":"https:\/\/www.mercadokeys.com\/product\/doraemon-story-of-seasons-steam-cd-key-copia\/#breadcrumb","itemListElement":[{"@type":"ListItem","position":1,"name":"Inicio","item":"https:\/\/www.mercadokeys.com.mx\/"},{"@type":"ListItem","position":2,"name":"Tienda","item":"https:\/\/www.mercadokeys.com\/shop\/"},{"@type":"ListItem","position":3,"name":"DORAEMON STORY OF SEASONS Steam CD Key (copia)"}]},{"@type":"WebSite","@id":"https:\/\/www.mercadokeys.com\/eng\/#website","url":"https:\/\/www.mercadokeys.com\/eng\/","name":"MERCADOKEYS","description":"Tu Tienda de videojuegos digitales en Mexico!","potentialAction":[{"@type":"SearchAction","target":{"@type":"EntryPoint","urlTemplate":"https:\/\/www.mercadokeys.com\/eng\/?s={search_term_string}"},"query-input":{"@type":"PropertyValueSpecification","valueRequired":true,"valueName":"search_term_string"}}],"inLanguage":"en-GB"}]}},"df_price":418.185596,"df_sale_price":418.185596,"df_regular_price":418.185596,"df_image_link":"https:\/\/www.mercadokeys.com.mx\/wp-content\/uploads\/2021\/11\/140454-205x300.jpg","_links":{"self":[{"href":"https:\/\/www.mercadokeys.com.mx\/eng\/wp-json\/wp\/v2\/product\/120919","targetHints":{"allow":["GET"]}}],"collection":[{"href":"https:\/\/www.mercadokeys.com.mx\/eng\/wp-json\/wp\/v2\/product"}],"about":[{"href":"https:\/\/www.mercadokeys.com.mx\/eng\/wp-json\/wp\/v2\/types\/product"}],"wp:featuredmedia":[{"embeddable":true,"href":"https:\/\/www.mercadokeys.com.mx\/eng\/wp-json\/wp\/v2\/media\/117601"}],"wp:attachment":[{"href":"https:\/\/www.mercadokeys.com.mx\/eng\/wp-json\/wp\/v2\/media?parent=120919"}],"wp:term":[{"taxonomy":"product_brand","embeddable":true,"href":"https:\/\/www.mercadokeys.com.mx\/eng\/wp-json\/wp\/v2\/product_brand?post=120919"},{"taxonomy":"product_cat","embeddable":true,"href":"https:\/\/www.mercadokeys.com.mx\/eng\/wp-json\/wp\/v2\/product_cat?post=120919"},{"taxonomy":"product_tag","embeddable":true,"href":"https:\/\/www.mercadokeys.com.mx\/eng\/wp-json\/wp\/v2\/product_tag?post=120919"}],"curies":[{"name":"wp","href":"https:\/\/api.w.org\/{rel}","templated":true}]}}