{"id":120723,"date":"2022-01-15T10:18:43","date_gmt":"2022-01-15T18:18:43","guid":{"rendered":"https:\/\/www.mercadokeys.com\/?post_type=product&#038;p=120723"},"modified":"2022-01-15T14:00:04","modified_gmt":"2022-01-15T22:00:04","slug":"xbox-game-pass-ultimate-1-meses-xbox-live-cd-key-mx","status":"publish","type":"product","link":"https:\/\/www.mercadokeys.com.mx\/eng\/product\/xbox-game-pass-ultimate-1-meses-xbox-live-cd-key-mx\/","title":{"rendered":"Xbox Game Pass Ultimate 1 Meses Xbox Live CD Key MX"},"content":{"rendered":"<p>Con Xbox Ultimate Game Pass, su experiencia con la consola de Microsoft alcanzar\u00e1 nuevos niveles. Gracias a Xbox Game Pass, los mejores juegos est\u00e1n a tu alcance. Nuevos t\u00edtulos desde el primer d\u00eda, m\u00e1s de cien juegos disponibles en cuesti\u00f3n de segundos, ventajas de ser miembro de Xbox Live Gold: Game Pass lo tiene todo. \u00c2 \u00c2<\/p>\n<p><strong>Beneficios de la cuenta Xbox Live Gold<\/strong><\/p>\n<p>Game Pass es m\u00e1s que un simple pase de juego. Con \u00e9l, adquiere todos los derechos del miembro del servicio Xbox Live Gold. Lo que eso significa es que durante tres meses, todas las funciones disponibles para los miembros de pago de la comunidad de Xbox Live pueden ser suyas de forma gratuita, incluidos los descuentos de la Tienda Xbox y de 2 a 4 juegos al mes gratis.<\/p>\n<p><strong>Accede a m\u00e1s de 100 t\u00edtulos de Xbox One de calidad<\/strong><\/p>\n<p>El punto fuerte de la consola Xbox One radica en la cantidad de t\u00edtulos exclusivos. Con Ultimate Game Pass, tendr\u00e1s acceso a todos ellos. Entre batallas llenas de acci\u00f3n en Halo 5, carreras de alta velocidad en Forza Motorsport 7 y una gran selecci\u00f3n de intrigantes t\u00edtulos independientes, puede estar seguro de que no se aburrir\u00e1 r\u00e1pidamente.<\/p>","protected":false},"excerpt":{"rendered":"<p>Con Xbox Ultimate Game Pass, su experiencia con la consola de Microsoft alcanzar\u00e1 nuevos niveles. Gracias a Xbox Game Pass, los mejores juegos est\u00e1n a tu alcance. Nuevos t\u00edtulos desde el primer d\u00eda, m\u00e1s de cien juegos disponibles en cuesti\u00f3n de segundos, ventajas de ser miembro de Xbox Live Gold: Game Pass lo tiene todo&#8230;.<\/p>","protected":false},"featured_media":120725,"template":"","meta":{"_monsterinsights_skip_tracking":false,"_monsterinsights_sitenote_active":false,"_monsterinsights_sitenote_note":"","_monsterinsights_sitenote_category":0},"product_brand":[],"product_cat":[4056,1281,1274],"product_tag":[],"class_list":{"0":"post-120723","1":"product","2":"type-product","3":"status-publish","4":"has-post-thumbnail","6":"product_cat-game-pass","7":"product_cat-tienda-de-videojuegos-consolas-tijuana-mexico","8":"product_cat-tienda-de-videojuegos-xbox-tijuana-mexico","10":"first","11":"instock","12":"shipping-taxable","13":"purchasable","14":"product-type-simple"},"yoast_head":"<!-- This site is optimized with the Yoast SEO plugin v27.0 - https:\/\/yoast.com\/product\/yoast-seo-wordpress\/ -->\n<title>Xbox Game Pass Ultimate 1 Meses Xbox Live CD Key MX - MERCADOKEYS<\/title>\n<meta name=\"robots\" content=\"index, follow, max-snippet:-1, max-image-preview:large, max-video-preview:-1\" \/>\n<link rel=\"canonical\" href=\"https:\/\/www.mercadokeys.com\/product\/xbox-game-pass-ultimate-1-meses-xbox-live-cd-key-mx\/\" \/>\n<meta property=\"og:locale\" content=\"en_GB\" \/>\n<meta property=\"og:type\" content=\"article\" \/>\n<meta property=\"og:title\" content=\"Xbox Game Pass Ultimate 1 Meses Xbox Live CD Key MX - MERCADOKEYS\" \/>\n<meta property=\"og:description\" content=\"Con Xbox Ultimate Game Pass, su experiencia con la consola de Microsoft alcanzar\u00e1 nuevos niveles. Gracias a Xbox Game Pass, los mejores juegos est\u00e1n a tu alcance. Nuevos t\u00edtulos desde el primer d\u00eda, m\u00e1s de cien juegos disponibles en cuesti\u00f3n de segundos, ventajas de ser miembro de Xbox Live Gold: Game Pass lo tiene todo....\" \/>\n<meta property=\"og:url\" content=\"https:\/\/www.mercadokeys.com\/product\/xbox-game-pass-ultimate-1-meses-xbox-live-cd-key-mx\/\" \/>\n<meta property=\"og:site_name\" content=\"MERCADOKEYS\" \/>\n<meta property=\"article:modified_time\" content=\"2022-01-15T22:00:04+00:00\" \/>\n<meta property=\"og:image\" content=\"https:\/\/www.mercadokeys.com\/wp-content\/uploads\/2022\/01\/Xbox-Game-Pass-Ultimate-1-Meses-Xbox-Live-Key-GLOBAL.jpg\" \/>\n\t<meta property=\"og:image:width\" content=\"460\" \/>\n\t<meta property=\"og:image:height\" content=\"672\" \/>\n\t<meta property=\"og:image:type\" content=\"image\/jpeg\" \/>\n<meta name=\"twitter:card\" content=\"summary_large_image\" \/>\n<meta name=\"twitter:label1\" content=\"Estimated reading time\" \/>\n\t<meta name=\"twitter:data1\" content=\"1 minute\" \/>\n<script type=\"application\/ld+json\" class=\"yoast-schema-graph\">{\"@context\":\"https:\/\/schema.org\",\"@graph\":[{\"@type\":\"WebPage\",\"@id\":\"https:\/\/www.mercadokeys.com\/product\/xbox-game-pass-ultimate-1-meses-xbox-live-cd-key-mx\/\",\"url\":\"https:\/\/www.mercadokeys.com\/product\/xbox-game-pass-ultimate-1-meses-xbox-live-cd-key-mx\/\",\"name\":\"Xbox Game Pass Ultimate 1 Meses Xbox Live CD Key MX - MERCADOKEYS\",\"isPartOf\":{\"@id\":\"https:\/\/www.mercadokeys.com\/eng\/#website\"},\"primaryImageOfPage\":{\"@id\":\"https:\/\/www.mercadokeys.com\/product\/xbox-game-pass-ultimate-1-meses-xbox-live-cd-key-mx\/#primaryimage\"},\"image\":{\"@id\":\"https:\/\/www.mercadokeys.com\/product\/xbox-game-pass-ultimate-1-meses-xbox-live-cd-key-mx\/#primaryimage\"},\"thumbnailUrl\":\"https:\/\/www.mercadokeys.com.mx\/wp-content\/uploads\/2022\/01\/Xbox-Game-Pass-Ultimate-1-Meses-Xbox-Live-Key-GLOBAL.jpg\",\"datePublished\":\"2022-01-15T18:18:43+00:00\",\"dateModified\":\"2022-01-15T22:00:04+00:00\",\"breadcrumb\":{\"@id\":\"https:\/\/www.mercadokeys.com\/product\/xbox-game-pass-ultimate-1-meses-xbox-live-cd-key-mx\/#breadcrumb\"},\"inLanguage\":\"en-GB\",\"potentialAction\":[{\"@type\":\"ReadAction\",\"target\":[\"https:\/\/www.mercadokeys.com\/product\/xbox-game-pass-ultimate-1-meses-xbox-live-cd-key-mx\/\"]}]},{\"@type\":\"ImageObject\",\"inLanguage\":\"en-GB\",\"@id\":\"https:\/\/www.mercadokeys.com\/product\/xbox-game-pass-ultimate-1-meses-xbox-live-cd-key-mx\/#primaryimage\",\"url\":\"https:\/\/www.mercadokeys.com.mx\/wp-content\/uploads\/2022\/01\/Xbox-Game-Pass-Ultimate-1-Meses-Xbox-Live-Key-GLOBAL.jpg\",\"contentUrl\":\"https:\/\/www.mercadokeys.com.mx\/wp-content\/uploads\/2022\/01\/Xbox-Game-Pass-Ultimate-1-Meses-Xbox-Live-Key-GLOBAL.jpg\",\"width\":460,\"height\":672},{\"@type\":\"BreadcrumbList\",\"@id\":\"https:\/\/www.mercadokeys.com\/product\/xbox-game-pass-ultimate-1-meses-xbox-live-cd-key-mx\/#breadcrumb\",\"itemListElement\":[{\"@type\":\"ListItem\",\"position\":1,\"name\":\"Inicio\",\"item\":\"https:\/\/www.mercadokeys.com.mx\/\"},{\"@type\":\"ListItem\",\"position\":2,\"name\":\"Tienda\",\"item\":\"https:\/\/www.mercadokeys.com\/shop\/\"},{\"@type\":\"ListItem\",\"position\":3,\"name\":\"Xbox Game Pass Ultimate 1 Meses Xbox Live CD Key MX\"}]},{\"@type\":\"WebSite\",\"@id\":\"https:\/\/www.mercadokeys.com\/eng\/#website\",\"url\":\"https:\/\/www.mercadokeys.com\/eng\/\",\"name\":\"MERCADOKEYS\",\"description\":\"Tu Tienda de videojuegos digitales en Mexico!\",\"potentialAction\":[{\"@type\":\"SearchAction\",\"target\":{\"@type\":\"EntryPoint\",\"urlTemplate\":\"https:\/\/www.mercadokeys.com\/eng\/?s={search_term_string}\"},\"query-input\":{\"@type\":\"PropertyValueSpecification\",\"valueRequired\":true,\"valueName\":\"search_term_string\"}}],\"inLanguage\":\"en-GB\"}]}<\/script>\n<!-- \/ Yoast SEO plugin. -->","yoast_head_json":{"title":"Xbox Game Pass Ultimate 1 Meses Xbox Live CD Key MX - MERCADOKEYS","robots":{"index":"index","follow":"follow","max-snippet":"max-snippet:-1","max-image-preview":"max-image-preview:large","max-video-preview":"max-video-preview:-1"},"canonical":"https:\/\/www.mercadokeys.com\/product\/xbox-game-pass-ultimate-1-meses-xbox-live-cd-key-mx\/","og_locale":"en_GB","og_type":"article","og_title":"Xbox Game Pass Ultimate 1 Meses Xbox Live CD Key MX - MERCADOKEYS","og_description":"Con Xbox Ultimate Game Pass, su experiencia con la consola de Microsoft alcanzar\u00e1 nuevos niveles. Gracias a Xbox Game Pass, los mejores juegos est\u00e1n a tu alcance. Nuevos t\u00edtulos desde el primer d\u00eda, m\u00e1s de cien juegos disponibles en cuesti\u00f3n de segundos, ventajas de ser miembro de Xbox Live Gold: Game Pass lo tiene todo....","og_url":"https:\/\/www.mercadokeys.com\/product\/xbox-game-pass-ultimate-1-meses-xbox-live-cd-key-mx\/","og_site_name":"MERCADOKEYS","article_modified_time":"2022-01-15T22:00:04+00:00","og_image":[{"width":460,"height":672,"url":"https:\/\/www.mercadokeys.com\/wp-content\/uploads\/2022\/01\/Xbox-Game-Pass-Ultimate-1-Meses-Xbox-Live-Key-GLOBAL.jpg","type":"image\/jpeg"}],"twitter_card":"summary_large_image","twitter_misc":{"Estimated reading time":"1 minute"},"schema":{"@context":"https:\/\/schema.org","@graph":[{"@type":"WebPage","@id":"https:\/\/www.mercadokeys.com\/product\/xbox-game-pass-ultimate-1-meses-xbox-live-cd-key-mx\/","url":"https:\/\/www.mercadokeys.com\/product\/xbox-game-pass-ultimate-1-meses-xbox-live-cd-key-mx\/","name":"Xbox Game Pass Ultimate 1 Meses Xbox Live CD Key MX - MERCADOKEYS","isPartOf":{"@id":"https:\/\/www.mercadokeys.com\/eng\/#website"},"primaryImageOfPage":{"@id":"https:\/\/www.mercadokeys.com\/product\/xbox-game-pass-ultimate-1-meses-xbox-live-cd-key-mx\/#primaryimage"},"image":{"@id":"https:\/\/www.mercadokeys.com\/product\/xbox-game-pass-ultimate-1-meses-xbox-live-cd-key-mx\/#primaryimage"},"thumbnailUrl":"https:\/\/www.mercadokeys.com.mx\/wp-content\/uploads\/2022\/01\/Xbox-Game-Pass-Ultimate-1-Meses-Xbox-Live-Key-GLOBAL.jpg","datePublished":"2022-01-15T18:18:43+00:00","dateModified":"2022-01-15T22:00:04+00:00","breadcrumb":{"@id":"https:\/\/www.mercadokeys.com\/product\/xbox-game-pass-ultimate-1-meses-xbox-live-cd-key-mx\/#breadcrumb"},"inLanguage":"en-GB","potentialAction":[{"@type":"ReadAction","target":["https:\/\/www.mercadokeys.com\/product\/xbox-game-pass-ultimate-1-meses-xbox-live-cd-key-mx\/"]}]},{"@type":"ImageObject","inLanguage":"en-GB","@id":"https:\/\/www.mercadokeys.com\/product\/xbox-game-pass-ultimate-1-meses-xbox-live-cd-key-mx\/#primaryimage","url":"https:\/\/www.mercadokeys.com.mx\/wp-content\/uploads\/2022\/01\/Xbox-Game-Pass-Ultimate-1-Meses-Xbox-Live-Key-GLOBAL.jpg","contentUrl":"https:\/\/www.mercadokeys.com.mx\/wp-content\/uploads\/2022\/01\/Xbox-Game-Pass-Ultimate-1-Meses-Xbox-Live-Key-GLOBAL.jpg","width":460,"height":672},{"@type":"BreadcrumbList","@id":"https:\/\/www.mercadokeys.com\/product\/xbox-game-pass-ultimate-1-meses-xbox-live-cd-key-mx\/#breadcrumb","itemListElement":[{"@type":"ListItem","position":1,"name":"Inicio","item":"https:\/\/www.mercadokeys.com.mx\/"},{"@type":"ListItem","position":2,"name":"Tienda","item":"https:\/\/www.mercadokeys.com\/shop\/"},{"@type":"ListItem","position":3,"name":"Xbox Game Pass Ultimate 1 Meses Xbox Live CD Key MX"}]},{"@type":"WebSite","@id":"https:\/\/www.mercadokeys.com\/eng\/#website","url":"https:\/\/www.mercadokeys.com\/eng\/","name":"MERCADOKEYS","description":"Tu Tienda de videojuegos digitales en Mexico!","potentialAction":[{"@type":"SearchAction","target":{"@type":"EntryPoint","urlTemplate":"https:\/\/www.mercadokeys.com\/eng\/?s={search_term_string}"},"query-input":{"@type":"PropertyValueSpecification","valueRequired":true,"valueName":"search_term_string"}}],"inLanguage":"en-GB"}]}},"df_price":229,"df_sale_price":229,"df_regular_price":229,"df_image_link":"https:\/\/www.mercadokeys.com.mx\/wp-content\/uploads\/2022\/01\/Xbox-Game-Pass-Ultimate-1-Meses-Xbox-Live-Key-GLOBAL-205x300.jpg","_links":{"self":[{"href":"https:\/\/www.mercadokeys.com.mx\/eng\/wp-json\/wp\/v2\/product\/120723","targetHints":{"allow":["GET"]}}],"collection":[{"href":"https:\/\/www.mercadokeys.com.mx\/eng\/wp-json\/wp\/v2\/product"}],"about":[{"href":"https:\/\/www.mercadokeys.com.mx\/eng\/wp-json\/wp\/v2\/types\/product"}],"wp:featuredmedia":[{"embeddable":true,"href":"https:\/\/www.mercadokeys.com.mx\/eng\/wp-json\/wp\/v2\/media\/120725"}],"wp:attachment":[{"href":"https:\/\/www.mercadokeys.com.mx\/eng\/wp-json\/wp\/v2\/media?parent=120723"}],"wp:term":[{"taxonomy":"product_brand","embeddable":true,"href":"https:\/\/www.mercadokeys.com.mx\/eng\/wp-json\/wp\/v2\/product_brand?post=120723"},{"taxonomy":"product_cat","embeddable":true,"href":"https:\/\/www.mercadokeys.com.mx\/eng\/wp-json\/wp\/v2\/product_cat?post=120723"},{"taxonomy":"product_tag","embeddable":true,"href":"https:\/\/www.mercadokeys.com.mx\/eng\/wp-json\/wp\/v2\/product_tag?post=120723"}],"curies":[{"name":"wp","href":"https:\/\/api.w.org\/{rel}","templated":true}]}}