{"id":120577,"date":"2022-01-13T23:29:33","date_gmt":"2022-01-14T07:29:33","guid":{"rendered":"https:\/\/www.mercadokeys.com\/product\/resident-evil-village-xbox-one-cd-key\/"},"modified":"2022-06-28T06:01:24","modified_gmt":"2022-06-28T13:01:24","slug":"resident-evil-village-xbox-one-cd-key","status":"publish","type":"product","link":"https:\/\/www.mercadokeys.com.mx\/eng\/product\/resident-evil-village-xbox-one-cd-key\/","title":{"rendered":"Resident Evil Village XBOX One CD Key GLOBAL"},"content":{"rendered":"<p><span style=\"vertical-align: inherit;\">Experimenta el terror de supervivencia como nunca antes en la octava entrega principal de la franquicia Resident Evil: Resident Evil Village. Con gr\u00e1ficos detallados, intensa acci\u00f3n en primera persona y una narraci\u00f3n magistral, el terror nunca se hab\u00eda sentido m\u00e1s realista.<\/span><\/p>","protected":false},"excerpt":{"rendered":"<p>Experimenta el terror de supervivencia como nunca antes en la octava entrega principal de la franquicia Resident Evil: Resident Evil Village. Con gr\u00e1ficos detallados, intensa acci\u00f3n en primera persona y una narraci\u00f3n magistral, el terror nunca se hab\u00eda sentido m\u00e1s realista.<\/p>","protected":false},"featured_media":120583,"template":"","meta":{"_monsterinsights_skip_tracking":false,"_monsterinsights_sitenote_active":false,"_monsterinsights_sitenote_note":"","_monsterinsights_sitenote_category":0},"product_brand":[],"product_cat":[1271,1281,1274,1392,1394,1427],"product_tag":[4073,4072],"class_list":{"0":"post-120577","1":"product","2":"type-product","3":"status-publish","4":"has-post-thumbnail","6":"product_cat-tienda-de-videojuegos-tijuana-mexico","7":"product_cat-tienda-de-videojuegos-consolas-tijuana-mexico","8":"product_cat-tienda-de-videojuegos-xbox-tijuana-mexico","9":"product_cat-tienda-de-videojuegos-accion-tijuana-mexico","10":"product_cat-tienda-de-videojuegos-aventura-tijuana-mexico","11":"product_cat-tienda-de-videojuegos-juegos-para-mando-tijuana-mexico","12":"product_tag-resident-evil-village-cd-key","13":"product_tag-resident-evil-village-xbox-cd-key","15":"first","16":"instock","17":"shipping-taxable","18":"purchasable","19":"product-type-simple"},"yoast_head":"<!-- This site is optimized with the Yoast SEO plugin v27.0 - https:\/\/yoast.com\/product\/yoast-seo-wordpress\/ -->\n<title>Resident Evil Village XBOX One CD Key GLOBAL - MERCADOKEYS<\/title>\n<meta name=\"description\" content=\"Experimenta el terror de supervivencia como nunca antes en la octava entrega principal de la franquicia Resident Evil: Resident Evil Village.\" \/>\n<meta name=\"robots\" content=\"index, follow, max-snippet:-1, max-image-preview:large, max-video-preview:-1\" \/>\n<link rel=\"canonical\" href=\"https:\/\/www.mercadokeys.com\/product\/resident-evil-village-xbox-one-cd-key\/\" \/>\n<meta property=\"og:locale\" content=\"en_GB\" \/>\n<meta property=\"og:type\" content=\"article\" \/>\n<meta property=\"og:title\" content=\"Resident Evil Village XBOX One CD Key GLOBAL - MERCADOKEYS\" \/>\n<meta property=\"og:description\" content=\"Experimenta el terror de supervivencia como nunca antes en la octava entrega principal de la franquicia Resident Evil: Resident Evil Village.\" \/>\n<meta property=\"og:url\" content=\"https:\/\/www.mercadokeys.com\/product\/resident-evil-village-xbox-one-cd-key\/\" \/>\n<meta property=\"og:site_name\" content=\"MERCADOKEYS\" \/>\n<meta property=\"article:modified_time\" content=\"2022-06-28T13:01:24+00:00\" \/>\n<meta property=\"og:image\" content=\"https:\/\/www.mercadokeys.com\/wp-content\/uploads\/2022\/01\/Resident-Evil-Village-XBOX-One-CD-Key.jpg\" \/>\n\t<meta property=\"og:image:width\" content=\"460\" \/>\n\t<meta property=\"og:image:height\" content=\"672\" \/>\n\t<meta property=\"og:image:type\" content=\"image\/jpeg\" \/>\n<meta name=\"twitter:card\" content=\"summary_large_image\" \/>\n<meta name=\"twitter:label1\" content=\"Estimated reading time\" \/>\n\t<meta name=\"twitter:data1\" content=\"1 minute\" \/>\n<script type=\"application\/ld+json\" class=\"yoast-schema-graph\">{\"@context\":\"https:\/\/schema.org\",\"@graph\":[{\"@type\":\"WebPage\",\"@id\":\"https:\/\/www.mercadokeys.com\/product\/resident-evil-village-xbox-one-cd-key\/\",\"url\":\"https:\/\/www.mercadokeys.com\/product\/resident-evil-village-xbox-one-cd-key\/\",\"name\":\"Resident Evil Village XBOX One CD Key GLOBAL - MERCADOKEYS\",\"isPartOf\":{\"@id\":\"https:\/\/www.mercadokeys.com\/eng\/#website\"},\"primaryImageOfPage\":{\"@id\":\"https:\/\/www.mercadokeys.com\/product\/resident-evil-village-xbox-one-cd-key\/#primaryimage\"},\"image\":{\"@id\":\"https:\/\/www.mercadokeys.com\/product\/resident-evil-village-xbox-one-cd-key\/#primaryimage\"},\"thumbnailUrl\":\"https:\/\/www.mercadokeys.com.mx\/wp-content\/uploads\/2022\/01\/Resident-Evil-Village-XBOX-One-CD-Key.jpg\",\"datePublished\":\"2022-01-14T07:29:33+00:00\",\"dateModified\":\"2022-06-28T13:01:24+00:00\",\"description\":\"Experimenta el terror de supervivencia como nunca antes en la octava entrega principal de la franquicia Resident Evil: Resident Evil Village.\",\"breadcrumb\":{\"@id\":\"https:\/\/www.mercadokeys.com\/product\/resident-evil-village-xbox-one-cd-key\/#breadcrumb\"},\"inLanguage\":\"en-GB\",\"potentialAction\":[{\"@type\":\"ReadAction\",\"target\":[\"https:\/\/www.mercadokeys.com\/product\/resident-evil-village-xbox-one-cd-key\/\"]}]},{\"@type\":\"ImageObject\",\"inLanguage\":\"en-GB\",\"@id\":\"https:\/\/www.mercadokeys.com\/product\/resident-evil-village-xbox-one-cd-key\/#primaryimage\",\"url\":\"https:\/\/www.mercadokeys.com.mx\/wp-content\/uploads\/2022\/01\/Resident-Evil-Village-XBOX-One-CD-Key.jpg\",\"contentUrl\":\"https:\/\/www.mercadokeys.com.mx\/wp-content\/uploads\/2022\/01\/Resident-Evil-Village-XBOX-One-CD-Key.jpg\",\"width\":460,\"height\":672},{\"@type\":\"BreadcrumbList\",\"@id\":\"https:\/\/www.mercadokeys.com\/product\/resident-evil-village-xbox-one-cd-key\/#breadcrumb\",\"itemListElement\":[{\"@type\":\"ListItem\",\"position\":1,\"name\":\"Inicio\",\"item\":\"https:\/\/www.mercadokeys.com.mx\/\"},{\"@type\":\"ListItem\",\"position\":2,\"name\":\"Tienda\",\"item\":\"https:\/\/www.mercadokeys.com\/shop\/\"},{\"@type\":\"ListItem\",\"position\":3,\"name\":\"Resident Evil Village XBOX One CD Key GLOBAL\"}]},{\"@type\":\"WebSite\",\"@id\":\"https:\/\/www.mercadokeys.com\/eng\/#website\",\"url\":\"https:\/\/www.mercadokeys.com\/eng\/\",\"name\":\"MERCADOKEYS\",\"description\":\"Tu Tienda de videojuegos digitales en Mexico!\",\"potentialAction\":[{\"@type\":\"SearchAction\",\"target\":{\"@type\":\"EntryPoint\",\"urlTemplate\":\"https:\/\/www.mercadokeys.com\/eng\/?s={search_term_string}\"},\"query-input\":{\"@type\":\"PropertyValueSpecification\",\"valueRequired\":true,\"valueName\":\"search_term_string\"}}],\"inLanguage\":\"en-GB\"}]}<\/script>\n<!-- \/ Yoast SEO plugin. -->","yoast_head_json":{"title":"Resident Evil Village XBOX One CD Key GLOBAL - MERCADOKEYS","description":"Experimenta el terror de supervivencia como nunca antes en la octava entrega principal de la franquicia Resident Evil: Resident Evil Village.","robots":{"index":"index","follow":"follow","max-snippet":"max-snippet:-1","max-image-preview":"max-image-preview:large","max-video-preview":"max-video-preview:-1"},"canonical":"https:\/\/www.mercadokeys.com\/product\/resident-evil-village-xbox-one-cd-key\/","og_locale":"en_GB","og_type":"article","og_title":"Resident Evil Village XBOX One CD Key GLOBAL - MERCADOKEYS","og_description":"Experimenta el terror de supervivencia como nunca antes en la octava entrega principal de la franquicia Resident Evil: Resident Evil Village.","og_url":"https:\/\/www.mercadokeys.com\/product\/resident-evil-village-xbox-one-cd-key\/","og_site_name":"MERCADOKEYS","article_modified_time":"2022-06-28T13:01:24+00:00","og_image":[{"width":460,"height":672,"url":"https:\/\/www.mercadokeys.com\/wp-content\/uploads\/2022\/01\/Resident-Evil-Village-XBOX-One-CD-Key.jpg","type":"image\/jpeg"}],"twitter_card":"summary_large_image","twitter_misc":{"Estimated reading time":"1 minute"},"schema":{"@context":"https:\/\/schema.org","@graph":[{"@type":"WebPage","@id":"https:\/\/www.mercadokeys.com\/product\/resident-evil-village-xbox-one-cd-key\/","url":"https:\/\/www.mercadokeys.com\/product\/resident-evil-village-xbox-one-cd-key\/","name":"Resident Evil Village XBOX One CD Key GLOBAL - MERCADOKEYS","isPartOf":{"@id":"https:\/\/www.mercadokeys.com\/eng\/#website"},"primaryImageOfPage":{"@id":"https:\/\/www.mercadokeys.com\/product\/resident-evil-village-xbox-one-cd-key\/#primaryimage"},"image":{"@id":"https:\/\/www.mercadokeys.com\/product\/resident-evil-village-xbox-one-cd-key\/#primaryimage"},"thumbnailUrl":"https:\/\/www.mercadokeys.com.mx\/wp-content\/uploads\/2022\/01\/Resident-Evil-Village-XBOX-One-CD-Key.jpg","datePublished":"2022-01-14T07:29:33+00:00","dateModified":"2022-06-28T13:01:24+00:00","description":"Experimenta el terror de supervivencia como nunca antes en la octava entrega principal de la franquicia Resident Evil: Resident Evil Village.","breadcrumb":{"@id":"https:\/\/www.mercadokeys.com\/product\/resident-evil-village-xbox-one-cd-key\/#breadcrumb"},"inLanguage":"en-GB","potentialAction":[{"@type":"ReadAction","target":["https:\/\/www.mercadokeys.com\/product\/resident-evil-village-xbox-one-cd-key\/"]}]},{"@type":"ImageObject","inLanguage":"en-GB","@id":"https:\/\/www.mercadokeys.com\/product\/resident-evil-village-xbox-one-cd-key\/#primaryimage","url":"https:\/\/www.mercadokeys.com.mx\/wp-content\/uploads\/2022\/01\/Resident-Evil-Village-XBOX-One-CD-Key.jpg","contentUrl":"https:\/\/www.mercadokeys.com.mx\/wp-content\/uploads\/2022\/01\/Resident-Evil-Village-XBOX-One-CD-Key.jpg","width":460,"height":672},{"@type":"BreadcrumbList","@id":"https:\/\/www.mercadokeys.com\/product\/resident-evil-village-xbox-one-cd-key\/#breadcrumb","itemListElement":[{"@type":"ListItem","position":1,"name":"Inicio","item":"https:\/\/www.mercadokeys.com.mx\/"},{"@type":"ListItem","position":2,"name":"Tienda","item":"https:\/\/www.mercadokeys.com\/shop\/"},{"@type":"ListItem","position":3,"name":"Resident Evil Village XBOX One CD Key GLOBAL"}]},{"@type":"WebSite","@id":"https:\/\/www.mercadokeys.com\/eng\/#website","url":"https:\/\/www.mercadokeys.com\/eng\/","name":"MERCADOKEYS","description":"Tu Tienda de videojuegos digitales en Mexico!","potentialAction":[{"@type":"SearchAction","target":{"@type":"EntryPoint","urlTemplate":"https:\/\/www.mercadokeys.com\/eng\/?s={search_term_string}"},"query-input":{"@type":"PropertyValueSpecification","valueRequired":true,"valueName":"search_term_string"}}],"inLanguage":"en-GB"}]}},"df_price":1237.153703,"df_sale_price":1237.153703,"df_regular_price":1237.153703,"df_image_link":"https:\/\/www.mercadokeys.com.mx\/wp-content\/uploads\/2022\/01\/Resident-Evil-Village-XBOX-One-CD-Key-205x300.jpg","_links":{"self":[{"href":"https:\/\/www.mercadokeys.com.mx\/eng\/wp-json\/wp\/v2\/product\/120577","targetHints":{"allow":["GET"]}}],"collection":[{"href":"https:\/\/www.mercadokeys.com.mx\/eng\/wp-json\/wp\/v2\/product"}],"about":[{"href":"https:\/\/www.mercadokeys.com.mx\/eng\/wp-json\/wp\/v2\/types\/product"}],"wp:featuredmedia":[{"embeddable":true,"href":"https:\/\/www.mercadokeys.com.mx\/eng\/wp-json\/wp\/v2\/media\/120583"}],"wp:attachment":[{"href":"https:\/\/www.mercadokeys.com.mx\/eng\/wp-json\/wp\/v2\/media?parent=120577"}],"wp:term":[{"taxonomy":"product_brand","embeddable":true,"href":"https:\/\/www.mercadokeys.com.mx\/eng\/wp-json\/wp\/v2\/product_brand?post=120577"},{"taxonomy":"product_cat","embeddable":true,"href":"https:\/\/www.mercadokeys.com.mx\/eng\/wp-json\/wp\/v2\/product_cat?post=120577"},{"taxonomy":"product_tag","embeddable":true,"href":"https:\/\/www.mercadokeys.com.mx\/eng\/wp-json\/wp\/v2\/product_tag?post=120577"}],"curies":[{"name":"wp","href":"https:\/\/api.w.org\/{rel}","templated":true}]}}