{"id":120569,"date":"2022-01-13T23:25:29","date_gmt":"2022-01-14T07:25:29","guid":{"rendered":"https:\/\/www.mercadokeys.com\/product\/mass-effect-legendary-edition-xbox-series-xs-cd-key\/"},"modified":"2022-06-28T06:01:16","modified_gmt":"2022-06-28T13:01:16","slug":"mass-effect-legendary-edition-xbox-cd-key-global","status":"publish","type":"product","link":"https:\/\/www.mercadokeys.com.mx\/eng\/product\/mass-effect-legendary-edition-xbox-cd-key-global\/","title":{"rendered":"Mass Effect Legendary Edition XBOX CD Key GLOBAL"},"content":{"rendered":"<p>Una persona es el \u00faltimo basti\u00f3n entre la humanidad y la mayor amenaza que jam\u00e1s haya enfrentado. Revive la leyenda del comandante Shepard en la aclamada trilog\u00eda Mass Effect con Mass Effect\u2122 Legendary Edition. Incluye el contenido b\u00e1sico del modo para un jugador y m\u00e1s de 40 art\u00edculos descargables de Mass Effect, Mass Effect 2 y Mass Effect 3, adem\u00e1s de armas, armaduras y paquetes promocionales remasterizados y optimizados en 4K Ultra HD.<\/p>\n<p>Explora un universo incre\u00edblemente rico y detallado, en el que tus decisiones tienen consecuencias profundas sobre la acci\u00f3n y el resultado.<\/p>","protected":false},"excerpt":{"rendered":"<p>Una persona es el \u00faltimo basti\u00f3n entre la humanidad y la mayor amenaza que jam\u00e1s haya enfrentado. Revive la leyenda del comandante Shepard en la aclamada trilog\u00eda Mass Effect con Mass Effect\u2122 Legendary Edition. Incluye el contenido b\u00e1sico del modo para un jugador y m\u00e1s de 40 art\u00edculos descargables de Mass Effect, Mass Effect 2&#8230;<\/p>","protected":false},"featured_media":120576,"template":"","meta":{"_monsterinsights_skip_tracking":false,"_monsterinsights_sitenote_active":false,"_monsterinsights_sitenote_note":"","_monsterinsights_sitenote_category":0},"product_brand":[],"product_cat":[1271,1281,1274,1392,1394,1401,1307,1427],"product_tag":[4075,4074],"class_list":{"0":"post-120569","1":"product","2":"type-product","3":"status-publish","4":"has-post-thumbnail","6":"product_cat-tienda-de-videojuegos-tijuana-mexico","7":"product_cat-tienda-de-videojuegos-consolas-tijuana-mexico","8":"product_cat-tienda-de-videojuegos-xbox-tijuana-mexico","9":"product_cat-tienda-de-videojuegos-accion-tijuana-mexico","10":"product_cat-tienda-de-videojuegos-aventura-tijuana-mexico","11":"product_cat-tienda-de-videojuegos-estrategia-tijuana-mexico","12":"product_cat-tienda-de-videojuegos-disparos-tijuana-mexico","13":"product_cat-tienda-de-videojuegos-juegos-para-mando-tijuana-mexico","14":"product_tag-mass-effect-legendary-edition-cd-key","15":"product_tag-mass-effect-legendary-edition-xbox","17":"first","18":"instock","19":"shipping-taxable","20":"purchasable","21":"product-type-simple"},"yoast_head":"<!-- This site is optimized with the Yoast SEO plugin v27.0 - https:\/\/yoast.com\/product\/yoast-seo-wordpress\/ -->\n<title>Mass Effect Legendary Edition XBOX CD Key GLOBAL - MERCADOKEYS<\/title>\n<meta name=\"description\" content=\"Mass Effect con Mass Effect\u2122 Legendary Edition. Incluye el contenido b\u00e1sico del modo para un jugador y m\u00e1s de 40 art\u00edculos descargables\" \/>\n<meta name=\"robots\" content=\"index, follow, max-snippet:-1, max-image-preview:large, max-video-preview:-1\" \/>\n<link rel=\"canonical\" href=\"https:\/\/www.mercadokeys.com\/product\/mass-effect-legendary-edition-xbox-cd-key-global\/\" \/>\n<meta property=\"og:locale\" content=\"en_GB\" \/>\n<meta property=\"og:type\" content=\"article\" \/>\n<meta property=\"og:title\" content=\"Mass Effect Legendary Edition XBOX CD Key GLOBAL - MERCADOKEYS\" \/>\n<meta property=\"og:description\" content=\"Mass Effect con Mass Effect\u2122 Legendary Edition. Incluye el contenido b\u00e1sico del modo para un jugador y m\u00e1s de 40 art\u00edculos descargables\" \/>\n<meta property=\"og:url\" content=\"https:\/\/www.mercadokeys.com\/product\/mass-effect-legendary-edition-xbox-cd-key-global\/\" \/>\n<meta property=\"og:site_name\" content=\"MERCADOKEYS\" \/>\n<meta property=\"article:modified_time\" content=\"2022-06-28T13:01:16+00:00\" \/>\n<meta property=\"og:image\" content=\"https:\/\/www.mercadokeys.com\/wp-content\/uploads\/2022\/01\/Mass-Effect-Legendary-Edition-XBOX-Series-XS-CD-Key.jpg\" \/>\n\t<meta property=\"og:image:width\" content=\"460\" \/>\n\t<meta property=\"og:image:height\" content=\"672\" \/>\n\t<meta property=\"og:image:type\" content=\"image\/jpeg\" \/>\n<meta name=\"twitter:card\" content=\"summary_large_image\" \/>\n<meta name=\"twitter:label1\" content=\"Estimated reading time\" \/>\n\t<meta name=\"twitter:data1\" content=\"1 minute\" \/>\n<script type=\"application\/ld+json\" class=\"yoast-schema-graph\">{\"@context\":\"https:\/\/schema.org\",\"@graph\":[{\"@type\":\"WebPage\",\"@id\":\"https:\/\/www.mercadokeys.com\/product\/mass-effect-legendary-edition-xbox-cd-key-global\/\",\"url\":\"https:\/\/www.mercadokeys.com\/product\/mass-effect-legendary-edition-xbox-cd-key-global\/\",\"name\":\"Mass Effect Legendary Edition XBOX CD Key GLOBAL - MERCADOKEYS\",\"isPartOf\":{\"@id\":\"https:\/\/www.mercadokeys.com\/eng\/#website\"},\"primaryImageOfPage\":{\"@id\":\"https:\/\/www.mercadokeys.com\/product\/mass-effect-legendary-edition-xbox-cd-key-global\/#primaryimage\"},\"image\":{\"@id\":\"https:\/\/www.mercadokeys.com\/product\/mass-effect-legendary-edition-xbox-cd-key-global\/#primaryimage\"},\"thumbnailUrl\":\"https:\/\/www.mercadokeys.com.mx\/wp-content\/uploads\/2022\/01\/Mass-Effect-Legendary-Edition-XBOX-Series-XS-CD-Key.jpg\",\"datePublished\":\"2022-01-14T07:25:29+00:00\",\"dateModified\":\"2022-06-28T13:01:16+00:00\",\"description\":\"Mass Effect con Mass Effect\u2122 Legendary Edition. Incluye el contenido b\u00e1sico del modo para un jugador y m\u00e1s de 40 art\u00edculos descargables\",\"breadcrumb\":{\"@id\":\"https:\/\/www.mercadokeys.com\/product\/mass-effect-legendary-edition-xbox-cd-key-global\/#breadcrumb\"},\"inLanguage\":\"en-GB\",\"potentialAction\":[{\"@type\":\"ReadAction\",\"target\":[\"https:\/\/www.mercadokeys.com\/product\/mass-effect-legendary-edition-xbox-cd-key-global\/\"]}]},{\"@type\":\"ImageObject\",\"inLanguage\":\"en-GB\",\"@id\":\"https:\/\/www.mercadokeys.com\/product\/mass-effect-legendary-edition-xbox-cd-key-global\/#primaryimage\",\"url\":\"https:\/\/www.mercadokeys.com.mx\/wp-content\/uploads\/2022\/01\/Mass-Effect-Legendary-Edition-XBOX-Series-XS-CD-Key.jpg\",\"contentUrl\":\"https:\/\/www.mercadokeys.com.mx\/wp-content\/uploads\/2022\/01\/Mass-Effect-Legendary-Edition-XBOX-Series-XS-CD-Key.jpg\",\"width\":460,\"height\":672},{\"@type\":\"BreadcrumbList\",\"@id\":\"https:\/\/www.mercadokeys.com\/product\/mass-effect-legendary-edition-xbox-cd-key-global\/#breadcrumb\",\"itemListElement\":[{\"@type\":\"ListItem\",\"position\":1,\"name\":\"Inicio\",\"item\":\"https:\/\/www.mercadokeys.com.mx\/\"},{\"@type\":\"ListItem\",\"position\":2,\"name\":\"Tienda\",\"item\":\"https:\/\/www.mercadokeys.com\/shop\/\"},{\"@type\":\"ListItem\",\"position\":3,\"name\":\"Mass Effect Legendary Edition XBOX CD Key GLOBAL\"}]},{\"@type\":\"WebSite\",\"@id\":\"https:\/\/www.mercadokeys.com\/eng\/#website\",\"url\":\"https:\/\/www.mercadokeys.com\/eng\/\",\"name\":\"MERCADOKEYS\",\"description\":\"Tu Tienda de videojuegos digitales en Mexico!\",\"potentialAction\":[{\"@type\":\"SearchAction\",\"target\":{\"@type\":\"EntryPoint\",\"urlTemplate\":\"https:\/\/www.mercadokeys.com\/eng\/?s={search_term_string}\"},\"query-input\":{\"@type\":\"PropertyValueSpecification\",\"valueRequired\":true,\"valueName\":\"search_term_string\"}}],\"inLanguage\":\"en-GB\"}]}<\/script>\n<!-- \/ Yoast SEO plugin. -->","yoast_head_json":{"title":"Mass Effect Legendary Edition XBOX CD Key GLOBAL - MERCADOKEYS","description":"Mass Effect con Mass Effect\u2122 Legendary Edition. Incluye el contenido b\u00e1sico del modo para un jugador y m\u00e1s de 40 art\u00edculos descargables","robots":{"index":"index","follow":"follow","max-snippet":"max-snippet:-1","max-image-preview":"max-image-preview:large","max-video-preview":"max-video-preview:-1"},"canonical":"https:\/\/www.mercadokeys.com\/product\/mass-effect-legendary-edition-xbox-cd-key-global\/","og_locale":"en_GB","og_type":"article","og_title":"Mass Effect Legendary Edition XBOX CD Key GLOBAL - MERCADOKEYS","og_description":"Mass Effect con Mass Effect\u2122 Legendary Edition. Incluye el contenido b\u00e1sico del modo para un jugador y m\u00e1s de 40 art\u00edculos descargables","og_url":"https:\/\/www.mercadokeys.com\/product\/mass-effect-legendary-edition-xbox-cd-key-global\/","og_site_name":"MERCADOKEYS","article_modified_time":"2022-06-28T13:01:16+00:00","og_image":[{"width":460,"height":672,"url":"https:\/\/www.mercadokeys.com\/wp-content\/uploads\/2022\/01\/Mass-Effect-Legendary-Edition-XBOX-Series-XS-CD-Key.jpg","type":"image\/jpeg"}],"twitter_card":"summary_large_image","twitter_misc":{"Estimated reading time":"1 minute"},"schema":{"@context":"https:\/\/schema.org","@graph":[{"@type":"WebPage","@id":"https:\/\/www.mercadokeys.com\/product\/mass-effect-legendary-edition-xbox-cd-key-global\/","url":"https:\/\/www.mercadokeys.com\/product\/mass-effect-legendary-edition-xbox-cd-key-global\/","name":"Mass Effect Legendary Edition XBOX CD Key GLOBAL - MERCADOKEYS","isPartOf":{"@id":"https:\/\/www.mercadokeys.com\/eng\/#website"},"primaryImageOfPage":{"@id":"https:\/\/www.mercadokeys.com\/product\/mass-effect-legendary-edition-xbox-cd-key-global\/#primaryimage"},"image":{"@id":"https:\/\/www.mercadokeys.com\/product\/mass-effect-legendary-edition-xbox-cd-key-global\/#primaryimage"},"thumbnailUrl":"https:\/\/www.mercadokeys.com.mx\/wp-content\/uploads\/2022\/01\/Mass-Effect-Legendary-Edition-XBOX-Series-XS-CD-Key.jpg","datePublished":"2022-01-14T07:25:29+00:00","dateModified":"2022-06-28T13:01:16+00:00","description":"Mass Effect con Mass Effect\u2122 Legendary Edition. Incluye el contenido b\u00e1sico del modo para un jugador y m\u00e1s de 40 art\u00edculos descargables","breadcrumb":{"@id":"https:\/\/www.mercadokeys.com\/product\/mass-effect-legendary-edition-xbox-cd-key-global\/#breadcrumb"},"inLanguage":"en-GB","potentialAction":[{"@type":"ReadAction","target":["https:\/\/www.mercadokeys.com\/product\/mass-effect-legendary-edition-xbox-cd-key-global\/"]}]},{"@type":"ImageObject","inLanguage":"en-GB","@id":"https:\/\/www.mercadokeys.com\/product\/mass-effect-legendary-edition-xbox-cd-key-global\/#primaryimage","url":"https:\/\/www.mercadokeys.com.mx\/wp-content\/uploads\/2022\/01\/Mass-Effect-Legendary-Edition-XBOX-Series-XS-CD-Key.jpg","contentUrl":"https:\/\/www.mercadokeys.com.mx\/wp-content\/uploads\/2022\/01\/Mass-Effect-Legendary-Edition-XBOX-Series-XS-CD-Key.jpg","width":460,"height":672},{"@type":"BreadcrumbList","@id":"https:\/\/www.mercadokeys.com\/product\/mass-effect-legendary-edition-xbox-cd-key-global\/#breadcrumb","itemListElement":[{"@type":"ListItem","position":1,"name":"Inicio","item":"https:\/\/www.mercadokeys.com.mx\/"},{"@type":"ListItem","position":2,"name":"Tienda","item":"https:\/\/www.mercadokeys.com\/shop\/"},{"@type":"ListItem","position":3,"name":"Mass Effect Legendary Edition XBOX CD Key GLOBAL"}]},{"@type":"WebSite","@id":"https:\/\/www.mercadokeys.com\/eng\/#website","url":"https:\/\/www.mercadokeys.com\/eng\/","name":"MERCADOKEYS","description":"Tu Tienda de videojuegos digitales en Mexico!","potentialAction":[{"@type":"SearchAction","target":{"@type":"EntryPoint","urlTemplate":"https:\/\/www.mercadokeys.com\/eng\/?s={search_term_string}"},"query-input":{"@type":"PropertyValueSpecification","valueRequired":true,"valueName":"search_term_string"}}],"inLanguage":"en-GB"}]}},"df_price":796.044417,"df_sale_price":796.044417,"df_regular_price":796.044417,"df_image_link":"https:\/\/www.mercadokeys.com.mx\/wp-content\/uploads\/2022\/01\/Mass-Effect-Legendary-Edition-XBOX-Series-XS-CD-Key-205x300.jpg","_links":{"self":[{"href":"https:\/\/www.mercadokeys.com.mx\/eng\/wp-json\/wp\/v2\/product\/120569","targetHints":{"allow":["GET"]}}],"collection":[{"href":"https:\/\/www.mercadokeys.com.mx\/eng\/wp-json\/wp\/v2\/product"}],"about":[{"href":"https:\/\/www.mercadokeys.com.mx\/eng\/wp-json\/wp\/v2\/types\/product"}],"wp:featuredmedia":[{"embeddable":true,"href":"https:\/\/www.mercadokeys.com.mx\/eng\/wp-json\/wp\/v2\/media\/120576"}],"wp:attachment":[{"href":"https:\/\/www.mercadokeys.com.mx\/eng\/wp-json\/wp\/v2\/media?parent=120569"}],"wp:term":[{"taxonomy":"product_brand","embeddable":true,"href":"https:\/\/www.mercadokeys.com.mx\/eng\/wp-json\/wp\/v2\/product_brand?post=120569"},{"taxonomy":"product_cat","embeddable":true,"href":"https:\/\/www.mercadokeys.com.mx\/eng\/wp-json\/wp\/v2\/product_cat?post=120569"},{"taxonomy":"product_tag","embeddable":true,"href":"https:\/\/www.mercadokeys.com.mx\/eng\/wp-json\/wp\/v2\/product_tag?post=120569"}],"curies":[{"name":"wp","href":"https:\/\/api.w.org\/{rel}","templated":true}]}}